{"id":34597,"date":"2020-09-13T00:02:12","date_gmt":"2020-09-12T16:02:12","guid":{"rendered":"https:\/\/mairsturnstile.com\/product\/nowa-konstrukcja-bariery-klapowej-bramka-mt257"},"modified":"2023-11-01T21:46:41","modified_gmt":"2023-11-01T13:46:41","slug":"kolowrot-dostepu","status":"publish","type":"product","link":"https:\/\/mairsturnstile.com\/pl\/produkt\/kolowrot-dostepu","title":{"rendered":"NOWA KONSTRUKCJA BARIERY KLAPOWEJ BRAMKA MT257"},"content":{"rendered":"        <!-- 3D Model html -->\r\n        <div class=\"bp_grand wrapper_22553\">   \r\n        <div class=\"bp_model_parent\">\r\n            <model-viewer class=\"model\" id=\"bp_model_id_22553\" src=\"http:\/\/mairsturnstile.com\/wp-content\/uploads\/2023\/06\/MT257.glb\" alt=\"MT257\" camera-controls  loading=\"auto\" auto-rotate                        >\r\n            <\/model-viewer>\r\n        \r\n            <!-- Button -->\r\n            <svg id=\"openBtn\" width=\"30px\" height=\"30px\" viewBox=\"0 0 16 16\" xmlns=\"http:\/\/www.w3.org\/2000\/svg\" fill=\"#f2f2f2\" class=\"bi bi-arrows-fullscreen model-icon\">\r\n                <path fill-rule=\"evenodd\" d=\"M5.828 10.172a.5.5 0 0 0-.707 0l-4.096 4.096V11.5a.5.5 0 0 0-1 0v3.975a.5.5 0 0 0 .5.5H4.5a.5.5 0 0 0 0-1H1.732l4.096-4.096a.5.5 0 0 0 0-.707zm4.344 0a.5.5 0 0 1 .707 0l4.096 4.096V11.5a.5.5 0 1 1 1 0v3.975a.5.5 0 0 1-.5.5H11.5a.5.5 0 0 1 0-1h2.768l-4.096-4.096a.5.5 0 0 1 0-.707zm0-4.344a.5.5 0 0 0 .707 0l4.096-4.096V4.5a.5.5 0 1 0 1 0V.525a.5.5 0 0 0-.5-.5H11.5a.5.5 0 0 0 0 1h2.768l-4.096 4.096a.5.5 0 0 0 0 .707zm-4.344 0a.5.5 0 0 1-.707 0L1.025 1.732V4.5a.5.5 0 0 1-1 0V.525a.5.5 0 0 1 .5-.5H4.5a.5.5 0 0 1 0 1H1.732l4.096 4.096a.5.5 0 0 1 0 .707z\"\/>\r\n            <\/svg>\r\n        \r\n            <svg id=\"closeBtn\" class=\"model-icon\" width=\"34px\" height=\"34px\" viewBox=\"0 0 24 24\" xmlns=\"http:\/\/www.w3.org\/2000\/svg\">\r\n                <path fill=\"none\" stroke=\"#f2f2f2\" stroke-width=\"2\" d=\"M7,7 L17,17 M7,17 L17,7\"\/>\r\n            <\/svg>\r\n        \r\n        <\/div>\r\n        <\/div> \r\n\r\n        <!-- Model Viewer Style -->\r\n        <style>\r\n            \r\n            .wrapper_22553 .bp_model_parent, #bp_model_id_22553 {\r\n                width: 1150px;\r\n                max-width: 100%;\r\n                                            }\r\n            #bp_model_id_22553 {\r\n                height:700px;\r\n                background-color: #f2f2f2;\r\n            }\r\n            .fullscreen #bp_model_id_22553{\r\n            height: 100%;\r\n            width: 100%;\r\n            }\r\n            .wrapper_22553 .bp_model_parent{\r\n                justify-content: start            }\r\n            model-viewer.model {\r\n                --poster-color: transparent;\r\n            }\r\n        <\/style>\r\n        \r\n        \n<h4>x NOWA KONSTRUKCJA BARIERY KLAPOWEJ BRAMKA MT257<\/h4>\n<p>Mo\u017cemy \u015bwiadczy\u0107 us\u0142ugi OEM i ODM. Mamy do\u015bwiadczonych projektant\u00f3w, kt\u00f3rzy s\u0105 w stanie dokona\u0107 g\u0142\u0119bokiej personalizacji wed\u0142ug Twoich potrzeb. W najszybszym mo\u017cliwym terminie udost\u0119pnimy szereg materia\u0142\u00f3w takich jak wizualizacje 3D, rysunki wymiarowe itp. Dostarczamy r\u00f3wnie\u017c urz\u0105dzenia biometryczne, takie jak czytniki kart IC\/ID, skanery linii papilarnych, skanery kod\u00f3w QR, kamery rozpoznaj\u0105ce twarz i tak dalej. <span style=\"font-style: inherit; font-weight: inherit;\">Automatyczne bramki obrotowe ze stali nierdzewnej 304 do systemu kontroli dost\u0119pu.<\/span><\/p>\n<p><strong>Bramka dost\u0119pu jest rodzajem sprz\u0119tu do zarz\u0105dzania kontrol\u0105 dost\u0119pu bezpiecze\u0144stwa stosowanego przy r\u00f3\u017cnych wej\u015bciach i wyj\u015bciach. W po\u0142\u0105czeniu z r\u00f3\u017cnymi urz\u0105dzeniami biometrycznymi mo\u017ce skutecznie realizowa\u0107 kontrol\u0119 i zarz\u0105dzanie wszelkiego rodzaju dost\u0119pem.<\/strong> Bramka dost\u0119pu mo\u017ce wybiera\u0107 r\u00f3\u017cne typy ko\u0142owrot\u00f3w w zale\u017cno\u015bci od aktualnej sytuacji dost\u0119pu. Na przyk\u0142ad, aby uzyska\u0107 dost\u0119p do biura, mog\u0105 Pa\u0144stwo wybra\u0107 <a href=\"https:\/\/mairsturnstile.com\/what-is-flap-barrier.html\">ko\u0142owr\u00f3t z barier\u0105 klapow\u0105<\/a> lub <a href=\"https:\/\/mairsturnstile.com\/speed-gate-turnstile.html\">bramki pr\u0119dko\u015bci<\/a>. Aby uzyska\u0107 dost\u0119p na zewn\u0105trz, mog\u0105 Pa\u0144stwo wybra\u0107 <a href=\"https:\/\/mairsturnstile.com\/product\/outdoor-turnstile\">ko\u0142owr\u00f3t zewn\u0119trzny<\/a>. W przypadku dost\u0119pu wymagaj\u0105cego wysokiego poziomu bezpiecze\u0144stwa, mog\u0105 Pa\u0144stwo wybra\u0107 <a href=\"https:\/\/mairsturnstile.com\/full-height-turnstiles.html\">bramki obrotowe o pe\u0142nej wysoko\u015bci<\/a>.<\/p>\n<p>Je\u015bli ten ko\u0142owr\u00f3t kontroli dost\u0119pu nie jest tym, czego Pa\u0144stwo potrzebuj\u0105, mog\u0105 Pa\u0144stwo klikn\u0105\u0107 nasz\u0105 stron\u0119 <a href=\"https:\/\/mairsturnstile.com\/category\/security-turnstiles\">ko\u0142owrot\u00f3w bezpiecze\u0144stwa<\/a>, aby wybra\u0107 wi\u0119cej styl\u00f3w ko\u0142owrot\u00f3w dost\u0119pu. Oczywi\u015bcie mamy wi\u0119cej i lepiej wygl\u0105daj\u0105cych ko\u0142owrot\u00f3w kontroli dost\u0119pu, kt\u00f3re z pewno\u015bci\u0105 spe\u0142ni\u0105 Twoje potrzeby. Mo\u017cemy r\u00f3wnie\u017c dostosowa\u0107 bramki obrotowe dla pieszych o specjalnych rozmiarach i wygl\u0105dzie, zgodnie z rzeczywistymi potrzebami.<\/p>\n<p>Bramk\u0119 dost\u0119pu mo\u017cna r\u00f3wnie\u017c dostosowa\u0107 do aktualnej sytuacji i szeroko\u015bci kana\u0142u witryny. Je\u015bli Tw\u00f3j kana\u0142 witryny potrzebuje takiego specjalnego, dostosowanego ko\u0142owrotu kontroli dost\u0119pu lub nie wiesz, jak wybra\u0107 ko\u0142owrotek kontroli dost\u0119pu, nie wahaj <a href=\"https:\/\/mairsturnstile.com\/contact\">si\u0119 z nami skontaktowa\u0107<\/a>, a my dostarczymy Ci wysokiej jako\u015bci ko\u0142owrotek kontroli dost\u0119pu i najbardziej odpowiednie rozwi\u0105zanie ko\u0142owrotu zabezpieczaj\u0105cego, aby zaoszcz\u0119dzi\u0107 na kosztach.<\/p>\n<p>BRAMKA KLAPOWA BARIEROWA DOST\u0118POWA przeznaczona jest do stosowania w zastosowaniach o du\u017cym nat\u0119\u017ceniu ruchu pieszego, kt\u00f3re wymagaj\u0105 szybkiego dost\u0119pu. Bezpiecze\u0144stwo jest zawsze priorytetem, niezale\u017cnie od sytuacji. <a href=\"https:\/\/mairsturnstile.com\/what-is-flap-barrier.html\">Bramka obrotowa ze szlabanem<\/a> jest w pe\u0142ni automatyczn\u0105 bramk\u0105. Ruch personelu jest monitorowany przez wiele czujnik\u00f3w bezpiecze\u0144stwa wbudowanych w obudow\u0119. Si\u0142a zamykania klapy kontrolowana jest przez czujnik zapobiegaj\u0105cy przytrza\u015bni\u0119ciu, zapobiegaj\u0105c obra\u017ceniom pieszych. Mairs zapewnia najlepszy dost\u0119p do bramek z barierk\u0105 klapow\u0105.<\/p>\n<p>Mo\u017cemy r\u00f3wnie\u017c w ci\u0105gu kilku minut stworzy\u0107 dla Ciebie rendering na podstawie Twojego rzeczywistego scenariusza. Zapewniamy r\u00f3wnie\u017c szczeg\u00f3\u0142owy uk\u0142ad i rysunki, a tak\u017ce rysunki instalacyjne.<\/p>\n\n        \t\n\t<style type=\"text\/css\">\n\t\t.slider-info-22567.bafg-slider-info .bafg-slider-title {\n\t\t\t\t\t\tfont-size: 22px;\n\t\t\t\t\t\t\n\t\t\t\n\t\t\t\t\t}\n\n\t\t.slider-info-22567.bafg-slider-info .bafg-slider-description {\n\t\t\t\n\t\t\t\n\t\t\t\t\t}\n\n\t\t.slider-info-22567.bafg-slider-info .bafg_slider_readmore_button {\n\t\t\t\n\t\t\t\n\t\t\t\n\t\t\t\n\t\t\t\n\t\t\ttext-align: center;\n\n\t\t\t\n\t\t\t\n\t\t\t\n\t\t\t\n\t\t\t\n\t\t\t\n\t\t\t\t\t}\n\n\t\t.slider-info-22567.bafg-slider-info .bafg_slider_readmore_button:hover {\n\n\t\t\t\n\t\t\t\n\t\t\t\t\t}\n\n\t<\/style>\n\t\n        <div class=\"bafg-twentytwenty-container slider-22567 \" bafg-orientation=\"horizontal\" bafg-default-offset=\"0.5\" bafg-before-label=\"Before\" bafg-after-label=\"After\" bafg-overlay=\"yes\" bafg-move-slider-on-hover=\"yes\" bafg-click-to-move=\"no\">\n              \n            <img decoding=\"async\" class=\"skip-lazy\" src=\"http:\/\/mairsturnstile.com\/wp-content\/uploads\/2023\/06\/access-turnstile_4.jpg\" alt=\"\" data-skip-lazy title=\"\">\n            <img decoding=\"async\" class=\"skip-lazy\" src=\"http:\/\/mairsturnstile.com\/wp-content\/uploads\/2023\/06\/access-turnstile_5.jpg\" alt=\"\" data-skip-lazy title=\"\">\n           \n        <\/div>\n\n        \t<div class=\"bafg-slider-info-wraper\">\n\t\t<div style=\"\" class=\"slider-info-22567 bafg-slider-info\">\n\t\t\t\t\t<\/div>\n\t<\/div>\n\t\n        <style type=\"text\/css\">\n            \n        <\/style>\n        \n<ul>\n<li>Bramka dost\u0119pu z barier\u0105 klapow\u0105 jest skonstruowana w celu kontrolowania os\u00f3b wchodz\u0105cych i wychodz\u0105cych z obszaru o ograniczonym dost\u0119pie. Stosowane jest zazwyczaj w miejscach o du\u017cym nat\u0119\u017ceniu ruchu pieszego w obu kierunkach.<\/li>\n<li>Obudowa bariery klapowej wykonana jest ze szczotkowanej stali nierdzewnej 304, kt\u00f3ra tworzy jednolity i \u0142adny system wej\u015bciowy, kt\u00f3ry wtapia si\u0119 w wi\u0119kszo\u015b\u0107 \u015brodowisk wewn\u0119trznych.<\/li>\n<li>Mo\u017cna go zintegrowa\u0107 ze wszystkimi systemami kontroli dost\u0119pu innych firm (np.: systemem dost\u0119pu RFID, Push the Button, <a href=\"https:\/\/en.wikipedia.org\/wiki\/Fingerprint\" target=\"_blank\" rel=\"noopener\">rozpoznawaniem linii<\/a> papilarnych i twarzy ze sprawdzeniem temperatury).<\/li>\n<li>W sytuacji awaryjnej rami\u0119 FlapTurntile otworzy si\u0119 automatycznie, \u0142\u0105cz\u0105c si\u0119 z akumulatorem lub kondensatorem, aby umo\u017cliwi\u0107 swobodny przep\u0142yw.<\/li>\n<li>Ko\u0142owr\u00f3t z barier\u0105 klapow\u0105 nadaje si\u0119 do luksusowych i eleganckich rozwi\u0105za\u0144 wej\u015bciowych.<\/li>\n<li>Bramka dost\u0119pu z barier\u0105 klapow\u0105 charakteryzuje si\u0119 du\u017c\u0105 szybko\u015bci\u0105, d\u0142ug\u0105 \u017cywotno\u015bci\u0105, wysok\u0105 wydajno\u015bci\u0105 i wysok\u0105 niezawodno\u015bci\u0105 dzia\u0142ania<\/li>\n<li>Funkcja alarmu w przypadku nielegalnego w\u0142amania i w\u0142amania odwrotnego.<\/li>\n<li>Czujnik podczerwieni uruchomi alarm, a dioda LED zacznie miga\u0107, aby zapobiec uszczypni\u0119ciu pieszych.<\/li>\n<li>Funkcja automatycznego resetowania: ramiona klap zamkn\u0105 si\u0119 automatycznie w ci\u0105gu 5 sekund (domy\u015blnie mo\u017cna ustawi\u0107), je\u015bli pasa\u017cer si\u0119 sp\u00f3\u017ani<\/li>\n<li>Ko\u0142owr\u00f3t klapowy pozostanie w zamku, je\u015bli kto\u015b b\u0119dzie chcia\u0142 si\u0119 w\u0142ama\u0107 bez przesuwania karty RFID.<\/li>\n<li>Kierunkowskaz LED na s\u0142upku g\u00f3rnym i przednim.<\/li>\n<li>Dostawca bramek obrotowych w Zjednoczonych Emiratach Arabskich.<\/li>\n<li>Funkcja zapobiegaj\u0105ca cofaniu, ko\u0142owrotek alarmuje, je\u015bli kto\u015b chce wej\u015b\u0107 w odwrotnym kierunku.<\/li>\n<li>Do wyboru jest bieg dwukierunkowy lub jednokierunkowy<\/li>\n<\/ul>\n<p>Mo\u017cemy zapewni\u0107 ca\u0142e rozwi\u0105zanie kontroli dost\u0119pu bezpiecze\u0144stwa. Je\u015bli posiadasz w\u0142asny system kontroli dost\u0119pu, mo\u017cesz bezpo\u015brednio skorzysta\u0107 z naszej bramki obrotowej. Je\u015bli go nie posiadasz, zapewniamy r\u00f3wnie\u017c kompletne rozwi\u0105zanie w zakresie kontroli dost\u0119pu. Aby uzyska\u0107 szczeg\u00f3\u0142owe informacje, zapoznaj si\u0119 z poni\u017cszym filmem.<\/p>\n<p><iframe title=\"Ko\u0142owr\u00f3t z barier\u0105 klapow\u0105, brama z barier\u0105 klapow\u0105, ko\u0142owr\u00f3t z klap\u0105 optyczn\u0105 - MairsTurnstile\" src=\"https:\/\/www.youtube.com\/embed\/nK1a72Ax-jQ\" width=\"1150\" height=\"650\" frameborder=\"0\" allowfullscreen=\"allowfullscreen\"><\/iframe><\/p>\n","protected":false},"excerpt":{"rendered":"<p>1. Rozmiar: 1400 * 300 * 980 mm (mo\u017cna dostosowa\u0107)<\/p>\n<p>2. Szeroko\u015b\u0107 pasa: 550 mm (mo\u017cna dostosowa\u0107)<\/p>\n<p>3. Pr\u0119dko\u015b\u0107 przejazdu: 40 os.\/min<\/p>\n<p>4. Zasilanie: 110 V\/220 V 50\/60 Hz<\/p>\n<p>5. Silnik nap\u0119dowy: 20 W<\/p>\n<p>6. Sygna\u0142 otwarcia bramy: styk bezpr\u0105dowy\/przeka\u017anik<\/p>\n<p>7. Silnik nap\u0119dowy: DC24V<\/p>\n<p>8. Waga: 70 kg\/szt<\/p>\n<p>9. Materia\u0142 ramienia klapy: akryl<\/p>\n<p>10. Materia\u0142 obudowy: stal nierdzewna 304<\/p>\n","protected":false},"featured_media":21877,"comment_status":"closed","ping_status":"closed","template":"","meta":{"neve_meta_sidebar":"","neve_meta_container":"","neve_meta_enable_content_width":"off","neve_meta_content_width":0,"neve_meta_title_alignment":"","neve_meta_author_avatar":"","neve_post_elements_order":"","neve_meta_disable_header":"","neve_meta_disable_footer":"","neve_meta_disable_title":"","_ti_tpc_template_sync":false,"_ti_tpc_template_id":""},"product_cat":[2030,2034],"product_tag":[2069,2183,2703,2058,2702],"class_list":["post-34597","product","type-product","status-publish","has-post-thumbnail","hentry","product_cat-bariera-klapowa","product_cat-kolowroty-bezpieczenstwa","product_tag-bramka-barierowa-kolowrotu","product_tag-bramka-obrotowa-z-bariera-klapowa","product_tag-kolowrot-dostepu","product_tag-kolowrot-kontroli-dostepu","product_tag-rozwiazania-zabezpieczajace-kolowrotek"],"_links":{"self":[{"href":"https:\/\/mairsturnstile.com\/pl\/wp-json\/wp\/v2\/product\/34597","targetHints":{"allow":["GET"]}}],"collection":[{"href":"https:\/\/mairsturnstile.com\/pl\/wp-json\/wp\/v2\/product"}],"about":[{"href":"https:\/\/mairsturnstile.com\/pl\/wp-json\/wp\/v2\/types\/product"}],"replies":[{"embeddable":true,"href":"https:\/\/mairsturnstile.com\/pl\/wp-json\/wp\/v2\/comments?post=34597"}],"version-history":[{"count":0,"href":"https:\/\/mairsturnstile.com\/pl\/wp-json\/wp\/v2\/product\/34597\/revisions"}],"wp:featuredmedia":[{"embeddable":true,"href":"https:\/\/mairsturnstile.com\/pl\/wp-json\/wp\/v2\/media\/21877"}],"wp:attachment":[{"href":"https:\/\/mairsturnstile.com\/pl\/wp-json\/wp\/v2\/media?parent=34597"}],"wp:term":[{"taxonomy":"product_cat","embeddable":true,"href":"https:\/\/mairsturnstile.com\/pl\/wp-json\/wp\/v2\/product_cat?post=34597"},{"taxonomy":"product_tag","embeddable":true,"href":"https:\/\/mairsturnstile.com\/pl\/wp-json\/wp\/v2\/product_tag?post=34597"}],"curies":[{"name":"wp","href":"https:\/\/api.w.org\/{rel}","templated":true}]}}