{"id":34602,"date":"2020-09-12T22:27:09","date_gmt":"2020-09-12T14:27:09","guid":{"rendered":"https:\/\/mairsturnstile.com\/product\/bramka-kolowrotowa-klapowa-mt240"},"modified":"2023-11-01T21:50:47","modified_gmt":"2023-11-01T13:50:47","slug":"cena-bramki-obrotowej-w-pakistanie","status":"publish","type":"product","link":"https:\/\/mairsturnstile.com\/pl\/produkt\/cena-bramki-obrotowej-w-pakistanie","title":{"rendered":"BRAMKA KO\u0141OWROTOWA KLAPOWA MT240"},"content":{"rendered":"        <!-- 3D Model html -->\r\n        <div class=\"bp_grand wrapper_22545\">   \r\n        <div class=\"bp_model_parent\">\r\n            <model-viewer class=\"model\" id=\"bp_model_id_22545\" src=\"http:\/\/mairsturnstile.com\/wp-content\/uploads\/2023\/06\/MT240.glb\" alt=\"MT240\" camera-controls  loading=\"auto\" auto-rotate                        >\r\n            <\/model-viewer>\r\n        \r\n            <!-- Button -->\r\n            <svg id=\"openBtn\" width=\"30px\" height=\"30px\" viewBox=\"0 0 16 16\" xmlns=\"http:\/\/www.w3.org\/2000\/svg\" fill=\"#f2f2f2\" class=\"bi bi-arrows-fullscreen model-icon\">\r\n                <path fill-rule=\"evenodd\" d=\"M5.828 10.172a.5.5 0 0 0-.707 0l-4.096 4.096V11.5a.5.5 0 0 0-1 0v3.975a.5.5 0 0 0 .5.5H4.5a.5.5 0 0 0 0-1H1.732l4.096-4.096a.5.5 0 0 0 0-.707zm4.344 0a.5.5 0 0 1 .707 0l4.096 4.096V11.5a.5.5 0 1 1 1 0v3.975a.5.5 0 0 1-.5.5H11.5a.5.5 0 0 1 0-1h2.768l-4.096-4.096a.5.5 0 0 1 0-.707zm0-4.344a.5.5 0 0 0 .707 0l4.096-4.096V4.5a.5.5 0 1 0 1 0V.525a.5.5 0 0 0-.5-.5H11.5a.5.5 0 0 0 0 1h2.768l-4.096 4.096a.5.5 0 0 0 0 .707zm-4.344 0a.5.5 0 0 1-.707 0L1.025 1.732V4.5a.5.5 0 0 1-1 0V.525a.5.5 0 0 1 .5-.5H4.5a.5.5 0 0 1 0 1H1.732l4.096 4.096a.5.5 0 0 1 0 .707z\"\/>\r\n            <\/svg>\r\n        \r\n            <svg id=\"closeBtn\" class=\"model-icon\" width=\"34px\" height=\"34px\" viewBox=\"0 0 24 24\" xmlns=\"http:\/\/www.w3.org\/2000\/svg\">\r\n                <path fill=\"none\" stroke=\"#f2f2f2\" stroke-width=\"2\" d=\"M7,7 L17,17 M7,17 L17,7\"\/>\r\n            <\/svg>\r\n        \r\n        <\/div>\r\n        <\/div> \r\n\r\n        <!-- Model Viewer Style -->\r\n        <style>\r\n            \r\n            .wrapper_22545 .bp_model_parent, #bp_model_id_22545 {\r\n                width: 1150px;\r\n                max-width: 100%;\r\n                                            }\r\n            #bp_model_id_22545 {\r\n                height:700px;\r\n                background-color: #f2f2f2;\r\n            }\r\n            .fullscreen #bp_model_id_22545{\r\n            height: 100%;\r\n            width: 100%;\r\n            }\r\n            .wrapper_22545 .bp_model_parent{\r\n                justify-content: start            }\r\n            model-viewer.model {\r\n                --poster-color: transparent;\r\n            }\r\n        <\/style>\r\n        \r\n        \n<p>NAJLEPSZA CENA BRAMKI KO\u0141OWROTOWEJ W PAKISTANIE, BARIERY KLAPIOWEJ W PAKISTANIE, BRAMKI KO\u0141OWROTOWEJ KLAPOWEJ BRAMKI MT 240 obj\u0119te s\u0105 2-letni\u0105 gwarancj\u0105 oraz trwa\u0142ym wsparciem w zakresie konserwacji i napraw.<\/p>\n<p>Mo\u017cemy \u015bwiadczy\u0107 us\u0142ugi OEM i ODM. Mamy do\u015bwiadczonych projektant\u00f3w, kt\u00f3rzy s\u0105 w stanie dokona\u0107 g\u0142\u0119bokiej personalizacji wed\u0142ug Twoich potrzeb. W najszybszym mo\u017cliwym terminie udost\u0119pnimy szereg materia\u0142\u00f3w takich jak wizualizacje 3D, rysunki wymiarowe itp. Dostarczamy r\u00f3wnie\u017c urz\u0105dzenia biometryczne, takie jak czytniki kart RFID, skanery linii papilarnych, skanery kod\u00f3w QR, kamery rozpoznaj\u0105ce twarz i tak dalej.<\/p>\n<h4 style=\"font-weight: 400;\"><span style=\"font-style: inherit; font-weight: inherit;\">Automatyczna kontrola dost\u0119pu Elektroniczna bramka obrotowa Szybka bramka z klap\u0105 na stadionie szkolnym.<\/span><\/h4>\n<p>Kontrola dost\u0119pu za pomoc\u0105 odcisk\u00f3w palc\u00f3w, <a href=\"https:\/\/en.wikipedia.org\/wiki\/Facial_recognition\" target=\"_blank\" rel=\"noopener\">rozpoznawanie twarzy<\/a> z systemem kontroli temperatury, system RFID, kod kreskowy lub czytnik czasu pracy mo\u017cna \u0142atwo pod\u0142\u0105czy\u0107 do ko\u0142owrotu klapowego. Tylko upowa\u017cnieni u\u017cytkownicy maj\u0105 dost\u0119p do okre\u015blonych obszar\u00f3w przez bram\u0119 wej\u015bciow\u0105 z barierkami klapowymi. <a href=\"https:\/\/mairsturnstile.com\/what-is-flap-barrier.html\">Bariera klapowa<\/a> jest idealnym rozwi\u0105zaniem dla stacji metra, fabryk i o\u015brodk\u00f3w turystycznych oraz budynk\u00f3w komercyjnych. Ko\u0142owroty bezpiecze\u0144stwa s\u0105 dobrze rozmieszczone przy wej\u015bciach i wyj\u015bciach z budynk\u00f3w lub plac\u00f3w budowy, aby pom\u00f3c w \u015bledzeniu personelu i go\u015bci. Mairs oferuje najlepsz\u0105 cen\u0119 za bramk\u0119 obrotow\u0105 w Pakistanie.<\/p>\n<p>Mo\u017cemy r\u00f3wnie\u017c w ci\u0105gu kilku minut stworzy\u0107 dla Ciebie rendering na podstawie Twojego rzeczywistego scenariusza. Zapewniamy r\u00f3wnie\u017c szczeg\u00f3\u0142owy uk\u0142ad i rysunki, a tak\u017ce rysunki instalacyjne.<\/p>\n\n        \t\n\t<style type=\"text\/css\">\n\t\t.slider-info-22561.bafg-slider-info .bafg-slider-title {\n\t\t\t\t\t\tfont-size: 22px;\n\t\t\t\t\t\t\n\t\t\t\n\t\t\t\t\t}\n\n\t\t.slider-info-22561.bafg-slider-info .bafg-slider-description {\n\t\t\t\n\t\t\t\n\t\t\t\t\t}\n\n\t\t.slider-info-22561.bafg-slider-info .bafg_slider_readmore_button {\n\t\t\t\n\t\t\t\n\t\t\t\n\t\t\t\n\t\t\t\n\t\t\ttext-align: center;\n\n\t\t\t\n\t\t\t\n\t\t\t\n\t\t\t\n\t\t\t\n\t\t\t\n\t\t\t\t\t}\n\n\t\t.slider-info-22561.bafg-slider-info .bafg_slider_readmore_button:hover {\n\n\t\t\t\n\t\t\t\n\t\t\t\t\t}\n\n\t<\/style>\n\t\n        <div class=\"bafg-twentytwenty-container slider-22561 \" bafg-orientation=\"horizontal\" bafg-default-offset=\"0.5\" bafg-before-label=\"Before\" bafg-after-label=\"After\" bafg-overlay=\"yes\" bafg-move-slider-on-hover=\"yes\" bafg-click-to-move=\"no\">\n              \n            <img decoding=\"async\" class=\"skip-lazy\" src=\"http:\/\/mairsturnstile.com\/wp-content\/uploads\/2023\/06\/turnstile-gate-price-in-pakistan_4.jpg\" alt=\"\" data-skip-lazy title=\"\">\n            <img decoding=\"async\" class=\"skip-lazy\" src=\"http:\/\/mairsturnstile.com\/wp-content\/uploads\/2023\/06\/turnstile-gate-price-in-pakistan_5.jpg\" alt=\"\" data-skip-lazy title=\"\">\n           \n        <\/div>\n\n        \t<div class=\"bafg-slider-info-wraper\">\n\t\t<div style=\"\" class=\"slider-info-22561 bafg-slider-info\">\n\t\t\t\t\t<\/div>\n\t<\/div>\n\t\n        <style type=\"text\/css\">\n            \n        <\/style>\n        \n<ul>\n<li>Najlepsza cena bramki obrotowej w Pakistanie ma na celu kontrol\u0119 os\u00f3b wchodz\u0105cych i wychodz\u0105cych z obszar\u00f3w o ograniczonym dost\u0119pie. Stosowane jest zazwyczaj w miejscach o du\u017cym nat\u0119\u017ceniu ruchu pieszego w obu kierunkach.<\/li>\n<li>Obudowa bariery klapowej wykonana jest ze szczotkowanej stali nierdzewnej 304, kt\u00f3ra tworzy jednolity i \u0142adny system wej\u015bciowy, kt\u00f3ry wtapia si\u0119 w wi\u0119kszo\u015b\u0107 \u015brodowisk wewn\u0119trznych.<\/li>\n<li>Mo\u017cna go zintegrowa\u0107 ze wszystkimi systemami kontroli dost\u0119pu innych firm (np.: systemem dost\u0119pu RFID, Push the Button, rozpoznawaniem linii papilarnych i twarzy ze sprawdzeniem temperatury).<\/li>\n<li>W sytuacji awaryjnej rami\u0119 FlapTurntile otworzy si\u0119 automatycznie, \u0142\u0105cz\u0105c si\u0119 z akumulatorem lub kondensatorem, aby umo\u017cliwi\u0107 swobodny przep\u0142yw.<\/li>\n<li>Ko\u0142owroty z barierk\u0105 klapow\u0105 nadaj\u0105 si\u0119 do luksusowych i eleganckich rozwi\u0105za\u0144 wej\u015bciowych.<\/li>\n<li>Najlepsza cena bramki obrotowej w Pakistanie charakteryzuje si\u0119 du\u017c\u0105 szybko\u015bci\u0105, d\u0142ug\u0105 \u017cywotno\u015bci\u0105, wysok\u0105 wydajno\u015bci\u0105 i wysok\u0105 niezawodno\u015bci\u0105 dzia\u0142ania<\/li>\n<li> Funkcja alarmu w przypadku nielegalnego w\u0142amania i w\u0142amania odwrotnego.<\/li>\n<li>Przyst\u0119pna cena bramki obrotowej w Pakistanie do kontroli dost\u0119pu.<\/li>\n<li>Czujnik podczerwieni uruchomi alarm, a dioda LED zacznie miga\u0107, aby zapobiec uszczypni\u0119ciu pieszych.<\/li>\n<li>Funkcja automatycznego resetowania: ramiona klap zamkn\u0105 si\u0119 automatycznie w ci\u0105gu 5 sekund (domy\u015blnie mo\u017cna ustawi\u0107), je\u015bli pasa\u017cer si\u0119 sp\u00f3\u017ani<\/li>\n<li>Bramka z barierk\u0105 klapow\u0105 pozostanie w zamku, je\u015bli kto\u015b b\u0119dzie chcia\u0142 si\u0119 w\u0142ama\u0107 bez przesuwania karty RFID.<\/li>\n<li>Kierunkowskaz LED na s\u0142upku g\u00f3rnym i przednim.<\/li>\n<li>Funkcja zapobiegaj\u0105ca cofaniu, ko\u0142owrotek alarmuje, je\u015bli kto\u015b chce wej\u015b\u0107 w odwrotnym kierunku.<\/li>\n<li>Do wyboru jest bieg dwukierunkowy lub jednokierunkowy<\/li>\n<\/ul>\n<p>Mo\u017cemy zapewni\u0107 ca\u0142e rozwi\u0105zanie kontroli dost\u0119pu bezpiecze\u0144stwa. Je\u015bli posiadasz w\u0142asny system kontroli dost\u0119pu, mo\u017cesz bezpo\u015brednio skorzysta\u0107 z naszej bramki obrotowej. Je\u015bli go nie posiadasz, zapewniamy r\u00f3wnie\u017c kompletne rozwi\u0105zanie w zakresie kontroli dost\u0119pu. Aby uzyska\u0107 szczeg\u00f3\u0142owe informacje, zapoznaj si\u0119 z poni\u017cszym filmem.<\/p>\n<p><iframe title=\"Ko\u0142owr\u00f3t z barier\u0105 klapow\u0105, brama z barier\u0105 klapow\u0105, ko\u0142owr\u00f3t z klap\u0105 optyczn\u0105 - MairsTurnstile\" src=\"https:\/\/www.youtube.com\/embed\/nK1a72Ax-jQ\" width=\"1150\" height=\"650\" frameborder=\"0\" allowfullscreen=\"allowfullscreen\"><\/iframe><\/p>\n","protected":false},"excerpt":{"rendered":"<p>1. Rozmiar: 1400 * 300 * 980 mm (mo\u017cna dostosowa\u0107)<\/p>\n<p>2. Szeroko\u015b\u0107 pasa: 550 mm (mo\u017cna dostosowa\u0107)<\/p>\n<p>3. Pr\u0119dko\u015b\u0107 przejazdu: 40 os.\/min<\/p>\n<p>4. Zasilanie: 110 V\/220 V 50\/60 Hz<\/p>\n<p>5. Silnik nap\u0119dowy: 20 W<\/p>\n<p>6. Sygna\u0142 otwarcia bramy: styk bezpr\u0105dowy\/przeka\u017anik<\/p>\n<p>7. Silnik nap\u0119dowy: DC24V<\/p>\n<p>8. Brama barierowa klapowa Waga: 60 kg\/szt<\/p>\n<p>9. W ca\u0142o\u015bci ze stali nierdzewnej 304 o grubo\u015bci 1,2 mm i czarnego szk\u0142a hartowanego<\/p>\n<p><span style=\"color: #0000ff;\"><strong><a style=\"color: #0000ff;\" title=\"Ko\u0142owr\u00f3t z barier\u0105 klapow\u0105 Mairs z certyfikatem CE\" href=\"http:\/\/mairsturnstile.com\/wp-content\/uploads\/2022\/09\/Mairs-CE-Certificate-Flap-Barrier-Turnstile.pdf\" target=\"_blank\" rel=\"noopener noreferrer\">Certyfikat CE,<\/a> <a style=\"color: #0000ff;\" title=\"Certyfikat Mairs ISO9001\" href=\"http:\/\/mairsturnstile.com\/wp-content\/uploads\/2022\/09\/Mairs-Registration-Certificate-ISO9001.pdf\" target=\"_blank\" rel=\"noopener noreferrer\">Certyfikat ISO9001.<\/a><\/strong><\/span><\/p>\n","protected":false},"featured_media":22165,"comment_status":"closed","ping_status":"closed","template":"","meta":{"neve_meta_sidebar":"","neve_meta_container":"","neve_meta_enable_content_width":"off","neve_meta_content_width":0,"neve_meta_title_alignment":"","neve_meta_author_avatar":"","neve_post_elements_order":"","neve_meta_disable_header":"","neve_meta_disable_footer":"","neve_meta_disable_title":"","_ti_tpc_template_sync":false,"_ti_tpc_template_id":""},"product_cat":[2030,2034],"product_tag":[2262,2183,2712,2706,2181],"class_list":["post-34602","product","type-product","status-publish","has-post-thumbnail","hentry","product_cat-bariera-klapowa","product_cat-kolowroty-bezpieczenstwa","product_tag-bramka-obrotowa-w-pakistanie","product_tag-bramka-obrotowa-z-bariera-klapowa","product_tag-cena-bramki-obrotowej-w-pakistanie","product_tag-producent-barier-klapowych","product_tag-system-barier-klapowych"],"_links":{"self":[{"href":"https:\/\/mairsturnstile.com\/pl\/wp-json\/wp\/v2\/product\/34602","targetHints":{"allow":["GET"]}}],"collection":[{"href":"https:\/\/mairsturnstile.com\/pl\/wp-json\/wp\/v2\/product"}],"about":[{"href":"https:\/\/mairsturnstile.com\/pl\/wp-json\/wp\/v2\/types\/product"}],"replies":[{"embeddable":true,"href":"https:\/\/mairsturnstile.com\/pl\/wp-json\/wp\/v2\/comments?post=34602"}],"version-history":[{"count":0,"href":"https:\/\/mairsturnstile.com\/pl\/wp-json\/wp\/v2\/product\/34602\/revisions"}],"wp:featuredmedia":[{"embeddable":true,"href":"https:\/\/mairsturnstile.com\/pl\/wp-json\/wp\/v2\/media\/22165"}],"wp:attachment":[{"href":"https:\/\/mairsturnstile.com\/pl\/wp-json\/wp\/v2\/media?parent=34602"}],"wp:term":[{"taxonomy":"product_cat","embeddable":true,"href":"https:\/\/mairsturnstile.com\/pl\/wp-json\/wp\/v2\/product_cat?post=34602"},{"taxonomy":"product_tag","embeddable":true,"href":"https:\/\/mairsturnstile.com\/pl\/wp-json\/wp\/v2\/product_tag?post=34602"}],"curies":[{"name":"wp","href":"https:\/\/api.w.org\/{rel}","templated":true}]}}