{"id":34604,"date":"2020-09-12T18:52:50","date_gmt":"2020-09-12T10:52:50","guid":{"rendered":"https:\/\/mairsturnstile.com\/product\/kolowrot-polwysokosci-mt501"},"modified":"2024-10-30T19:10:27","modified_gmt":"2024-10-30T11:10:27","slug":"kolowrot-o-polowie-wysokosci","status":"publish","type":"product","link":"https:\/\/mairsturnstile.com\/pl\/produkt\/kolowrot-o-polowie-wysokosci","title":{"rendered":"KO\u0141Owr\u00f3t P\u00d3\u0141WYSOKO\u015aCI MT501"},"content":{"rendered":"<h3>        <!-- 3D Model html -->\r\n        <div class=\"bp_grand wrapper_21822\">   \r\n        <div class=\"bp_model_parent\">\r\n            <model-viewer class=\"model\" id=\"bp_model_id_21822\" src=\"http:\/\/mairsturnstile.com\/wp-content\/uploads\/2023\/06\/MT501.glb\" alt=\"MT501\" camera-controls  loading=\"auto\" auto-rotate                        >\r\n            <\/model-viewer>\r\n        \r\n            <!-- Button -->\r\n            <svg id=\"openBtn\" width=\"30px\" height=\"30px\" viewBox=\"0 0 16 16\" xmlns=\"http:\/\/www.w3.org\/2000\/svg\" fill=\"#f2f2f2\" class=\"bi bi-arrows-fullscreen model-icon\">\r\n                <path fill-rule=\"evenodd\" d=\"M5.828 10.172a.5.5 0 0 0-.707 0l-4.096 4.096V11.5a.5.5 0 0 0-1 0v3.975a.5.5 0 0 0 .5.5H4.5a.5.5 0 0 0 0-1H1.732l4.096-4.096a.5.5 0 0 0 0-.707zm4.344 0a.5.5 0 0 1 .707 0l4.096 4.096V11.5a.5.5 0 1 1 1 0v3.975a.5.5 0 0 1-.5.5H11.5a.5.5 0 0 1 0-1h2.768l-4.096-4.096a.5.5 0 0 1 0-.707zm0-4.344a.5.5 0 0 0 .707 0l4.096-4.096V4.5a.5.5 0 1 0 1 0V.525a.5.5 0 0 0-.5-.5H11.5a.5.5 0 0 0 0 1h2.768l-4.096 4.096a.5.5 0 0 0 0 .707zm-4.344 0a.5.5 0 0 1-.707 0L1.025 1.732V4.5a.5.5 0 0 1-1 0V.525a.5.5 0 0 1 .5-.5H4.5a.5.5 0 0 1 0 1H1.732l4.096 4.096a.5.5 0 0 1 0 .707z\"\/>\r\n            <\/svg>\r\n        \r\n            <svg id=\"closeBtn\" class=\"model-icon\" width=\"34px\" height=\"34px\" viewBox=\"0 0 24 24\" xmlns=\"http:\/\/www.w3.org\/2000\/svg\">\r\n                <path fill=\"none\" stroke=\"#f2f2f2\" stroke-width=\"2\" d=\"M7,7 L17,17 M7,17 L17,7\"\/>\r\n            <\/svg>\r\n        \r\n        <\/div>\r\n        <\/div> \r\n\r\n        <!-- Model Viewer Style -->\r\n        <style>\r\n            \r\n            .wrapper_21822 .bp_model_parent, #bp_model_id_21822 {\r\n                width: 1150px;\r\n                max-width: 100%;\r\n                                            }\r\n            #bp_model_id_21822 {\r\n                height:700px;\r\n                background-color: #f9f9f9;\r\n            }\r\n            .fullscreen #bp_model_id_21822{\r\n            height: 100%;\r\n            width: 100%;\r\n            }\r\n            .wrapper_21822 .bp_model_parent{\r\n                justify-content: start            }\r\n            model-viewer.model {\r\n                --poster-color: transparent;\r\n            }\r\n        <\/style>\r\n        \r\n        <\/h3>\n<h3><strong>Bramka obrotowa o po\u0142owie wysoko\u015bci<\/strong> jest obj\u0119ta 2-letni\u0105 gwarancj\u0105 oraz trwa\u0142ym wsparciem w zakresie konserwacji i napraw.<\/h3>\n<p>Mo\u017cemy \u015bwiadczy\u0107 us\u0142ugi OEM i ODM. Mamy do\u015bwiadczonych projektant\u00f3w, kt\u00f3rzy s\u0105 w stanie dokona\u0107 g\u0142\u0119bokiej personalizacji wed\u0142ug Twoich potrzeb. W najszybszym mo\u017cliwym terminie udost\u0119pnimy szereg materia\u0142\u00f3w takich jak wizualizacje 3D, rysunki wymiarowe itp. Mairs oferuje najwy\u017cszej jako\u015bci ko\u0142owr\u00f3t o po\u0142owie wysoko\u015bci w przyst\u0119pnej cenie. Dostarczamy r\u00f3wnie\u017c urz\u0105dzenia biometryczne, takie jak czytniki kart IC\/ID, skanery linii papilarnych, skanery kod\u00f3w QR, kamery rozpoznaj\u0105ce twarz i tak dalej. Je\u015bli chcesz zintegrowa\u0107 te urz\u0105dzenia z bramk\u0105 obrotow\u0105 pe\u0142nej wysoko\u015bci lub masz jakie\u015b pytania, <a href=\"https:\/\/mairsturnstile.com\/contact\">skontaktuj si\u0119 z nami<\/a><\/p>\n<p><strong>Ko\u0142owr\u00f3t o po\u0142owie wysoko\u015bci jest rodzajem bramki obrotowej dla pieszych o tylko po\u0142owie wysoko\u015bci korpusu blokuj\u0105cego. Korpus blokuj\u0105cy bramki obrotowej sk\u0142ada si\u0119 zazwyczaj z 3 lub 4 metalowych pr\u0119t\u00f3w.<\/strong> W zale\u017cno\u015bci od wysoko\u015bci pr\u0119ta blokuj\u0105cego, bramka obrotowa jest podzielona na bramk\u0119 obrotow\u0105 o <a href=\"https:\/\/mairsturnstile.com\/product\/full-height-pedestrian-turnstiles\">pe\u0142nej wysoko\u015bci<\/a> i bramk\u0119 obrotow\u0105 o po\u0142owie wysoko\u015bci, a bramka obrotowa o pe\u0142nej wysoko\u015bci jest szerzej stosowana. Ko\u0142owr\u00f3t o po\u0142owie wysoko\u015bci wykorzystuje mechaniczn\u0105 konstrukcj\u0119 zapobiegaj\u0105c\u0105 osadzaniu si\u0119 ogona, kt\u00f3ra mo\u017ce skutecznie realizowa\u0107 ruch jednoosobowy, co oznacza, \u017ce w danym momencie mo\u017ce przej\u015b\u0107 tylko jedna osoba. W por\u00f3wnaniu z <a href=\"https:\/\/mairsturnstile.com\/product\/tripod-security-gate\">bramk\u0105 obrotow\u0105 na tr\u00f3jnogu<\/a>, bramka obrotowa o po\u0142owie wysoko\u015bci zapewnia wi\u0119ksze bezpiecze\u0144stwo i niezawodno\u015b\u0107.<\/p>\n<p>Projekt konstrukcyjny ko\u0142owrotu o po\u0142owie wysoko\u015bci: pr\u0119t blokuj\u0105cy nad ko\u0142owrotem o po\u0142owie wysoko\u015bci przyjmuje wyjmowan\u0105 konstrukcj\u0119, kt\u00f3ra jest \u0142atwa w instalacji i transporcie.<\/p>\n<p>Charakterystyka ko\u0142owrotu o po\u0142owie wysoko\u015bci: silna wodoodporno\u015b\u0107 i py\u0142oszczelno\u015b\u0107 oraz du\u017ca zdolno\u015b\u0107 adaptacji do \u015brodowiska.<\/p>\n<p>Zastosowanie ko\u0142owrotu o po\u0142owie wysoko\u015bci: ko\u0142owr\u00f3t o po\u0142owie wysoko\u015bci nadaje si\u0119 do okazji wymagaj\u0105cych du\u017cego ruchu, takich jak gimnazjum, wi\u0119zienie itp. Nadaje si\u0119 r\u00f3wnie\u017c do obszar\u00f3w mieszkalnych, malowniczych miejsc, fabryk, hal wystawowych i innych okazji wewn\u0105trz i na zewn\u0105trz.<\/p>\n<p>Bramka obrotowa o po\u0142owie wysoko\u015bci z por\u0119cz\u0105 wykonana jest ze <a href=\"https:\/\/en.wikipedia.org\/wiki\/Stainless_steel\" target=\"_blank\" rel=\"noopener\">stali nierdzewnej<\/a> 304 o pi\u0119knym wygl\u0105dzie, odporno\u015bci na rdz\u0119 i trwa\u0142o\u015bci. Przyjmuje r\u00f3wnie\u017c standardowy interfejs elektryczny, kt\u00f3ry mo\u017ce z \u0142atwo\u015bci\u0105 zintegrowa\u0107 kody QR, karty identyfikacyjne, karty IC i inne czytniki kart, aby zapewni\u0107 cywilizowany i uporz\u0105dkowany dost\u0119p dla os\u00f3b wchodz\u0105cych i wychodz\u0105cych oraz zapobiega\u0107 wchodzeniu i wychodzeniu nielegalnych os\u00f3b . Ko\u0142owr\u00f3t o po\u0142owie wysoko\u015bci mo\u017ce by\u0107 u\u017cywany przez d\u0142ugi czas, co nie jest \u0142atwe do rdzewienia i ma zalety inteligentnego zapobiegania wierceniu, uporz\u0105dkowanego ruchu, wyboru jedno- i dwukierunkowego itp.<\/p>\n<h3>Zalety ko\u0142owrotu o po\u0142owie wysoko\u015bci:<\/h3>\n<p><strong>Zaawansowany i inteligentny projekt<\/strong><\/p>\n<p>Ko\u0142owr\u00f3t o po\u0142owie wysoko\u015bci wykorzystuje mechaniczn\u0105 konstrukcj\u0119 zapobiegaj\u0105c\u0105 osadzaniu si\u0119 ogona, aby skutecznie kontrolowa\u0107 tylko jedn\u0105 osob\u0119 na raz. Przyj\u0119to zaawansowan\u0105 struktur\u0119 mechaniczn\u0105. W trybie gotowo\u015bci dr\u0105\u017cek blokuj\u0105cy jest zablokowany, aby zapobiec nielegalnemu przej\u015bciu pieszych. W przypadku otrzymania prawid\u0142owego sygna\u0142u otwarcia drzwi w jednym kierunku, w dopuszczalnym czasie przej\u015bcia, pieszy wchodz\u0105cy do przej\u015bcia z przeciwnego kierunku i pchaj\u0105cy dr\u0105\u017cek bramy b\u0119dzie traktowany jako przej\u015bcie odwrotne, a dr\u0105\u017cek blokuj\u0105cy w tym kierunku zostanie zablokowany, aby uniemo\u017cliwi\u0107 pieszych z przej\u015bcia odwrotnego.<\/p>\n<p>System kontroli ze sprz\u0119\u017ceniem zwrotnym w zamkni\u0119tej p\u0119tli s\u0142u\u017cy do monitorowania stanu ruchu dr\u0105\u017cka hamulcowego, kt\u00f3ry mo\u017ce z czu\u0142o\u015bci\u0105 wykrywa\u0107 zachowania zagra\u017caj\u0105ce bezpiecze\u0144stwu kana\u0142u, takie jak przej\u015bcie wsteczne, a nast\u0119pnie wysy\u0142a\u0107 ostrze\u017cenia w postaci d\u017awi\u0119ku i \u015bwiat\u0142a, oraz mo\u017cna tak\u017ce po\u0142\u0105czy\u0107 z innymi systemami bezpiecze\u0144stwa.<\/p>\n<p><strong>Stabilny i mocny rdze\u0144 steruj\u0105cy<\/strong><\/p>\n<p>D\u0142uga \u017cywotno\u015b\u0107: konstrukcja mechanizmu jest zaawansowana, wyposa\u017cona w wysokiej jako\u015bci importowany bezszczotkowy silnik pr\u0105du sta\u0142ego i elektromagnes, dzi\u0119ki czemu ko\u0142owr\u00f3t o po\u0142owie wysoko\u015bci ma d\u0142ug\u0105 \u017cywotno\u015b\u0107 i stabiln\u0105 prac\u0119. Zaawansowana technologia sterowania silnikiem: zastosowano zaawansowany system sterowania serwomechanizmem i technologi\u0119 sterowania silnikiem ramienia DSP +, a algorytm sterowania silnikiem \u0142\u0105czy si\u0119 w celu zapewnienia dok\u0142adnej kontroli i pozycjonowania bariery.<\/p>\n<p><strong>Kompleksowa ochrona bezpiecze\u0144stwa osobistego<\/strong><\/p>\n<p>Wy\u0142\u0105czanie zasilania i otwieranie drzwi: zaawansowana konstrukcja mechaniczna. Po wy\u0142\u0105czeniu zasilania pr\u0119t blokuj\u0105cy zostanie automatycznie odblokowany i mo\u017cna go swobodnie popchn\u0105\u0107, aby u\u0142atwi\u0107 ewakuacj\u0119 ludzi. Awaryjne otwieranie drzwi: wyposa\u017cone w urz\u0105dzenie steruj\u0105ce ewakuacj\u0105, kt\u00f3re automatycznie odblokowuje dr\u0105\u017cek bramy, a piesi mog\u0105 go swobodnie popycha\u0107 w obu kierunkach, aby u\u0142atwi\u0107 ewakuacj\u0119 ludzi. Zapobiegaj pora\u017ceniu pr\u0105dem elektrycznym: sprz\u0119t wykorzystuje bezpieczne zabezpieczenie przed napi\u0119ciem i pr\u0105dem, dzi\u0119ki czemu piesi nie doznaj\u0105 obra\u017ce\u0144 w wyniku pora\u017cenia pr\u0105dem.<\/p>\n<p>Mo\u017cemy r\u00f3wnie\u017c w ci\u0105gu kilku minut stworzy\u0107 dla Ciebie rendering na podstawie Twojego rzeczywistego scenariusza. Zapewniamy r\u00f3wnie\u017c szczeg\u00f3\u0142owy uk\u0142ad i rysunki, a tak\u017ce rysunki instalacyjne.<\/p>\n\n        \t\n\t<style type=\"text\/css\">\n\t\t.slider-info-21844.bafg-slider-info .bafg-slider-title {\n\t\t\t\t\t\tfont-size: 22px;\n\t\t\t\t\t\t\n\t\t\t\n\t\t\t\t\t}\n\n\t\t.slider-info-21844.bafg-slider-info .bafg-slider-description {\n\t\t\t\n\t\t\t\n\t\t\t\t\t}\n\n\t\t.slider-info-21844.bafg-slider-info .bafg_slider_readmore_button {\n\t\t\t\n\t\t\t\n\t\t\t\n\t\t\t\n\t\t\t\n\t\t\ttext-align: center;\n\n\t\t\t\n\t\t\t\n\t\t\t\n\t\t\t\n\t\t\t\n\t\t\t\n\t\t\t\t\t}\n\n\t\t.slider-info-21844.bafg-slider-info .bafg_slider_readmore_button:hover {\n\n\t\t\t\n\t\t\t\n\t\t\t\t\t}\n\n\t<\/style>\n\t\n        <div class=\"bafg-twentytwenty-container slider-21844 \" bafg-orientation=\"horizontal\" bafg-default-offset=\"0.5\" bafg-before-label=\"Before\" bafg-after-label=\"After\" bafg-overlay=\"yes\" bafg-move-slider-on-hover=\"yes\" bafg-click-to-move=\"no\">\n              \n            <img decoding=\"async\" class=\"skip-lazy\" src=\"http:\/\/mairsturnstile.com\/wp-content\/uploads\/2023\/06\/half-height-turnstile_8.jpg\" alt=\"\" data-skip-lazy title=\"\">\n            <img decoding=\"async\" class=\"skip-lazy\" src=\"http:\/\/mairsturnstile.com\/wp-content\/uploads\/2023\/06\/half-height-turnstile_9.jpg\" alt=\"\" data-skip-lazy title=\"\">\n           \n        <\/div>\n\n        \t<div class=\"bafg-slider-info-wraper\">\n\t\t<div style=\"\" class=\"slider-info-21844 bafg-slider-info\">\n\t\t\t\t\t<\/div>\n\t<\/div>\n\t\n        <style type=\"text\/css\">\n            \n        <\/style>\n        \n<ul>\n<li><strong>Ko\u0142owr\u00f3t o po\u0142owie wysoko\u015bci <\/strong>jest cz\u0119sto stosowany w rozwi\u0105zaniach kontroli dost\u0119pu o wysokim poziomie bezpiecze\u0144stwa.<\/li>\n<li>Dzi\u0119ki funkcji zapobiegaj\u0105cej cofaniu zatrzymaj si\u0119 w odwr\u00f3conym kierunku.<\/li>\n<li><strong>Bramka obrotowa o po\u0142owie wysoko\u015bci<\/strong> mo\u017ce by\u0107 u\u017cywana zar\u00f3wno wewn\u0105trz, jak i na zewn\u0105trz budynk\u00f3w.<\/li>\n<li>Ten ko\u0142owrotek mo\u017cna zintegrowa\u0107 z dowolnym systemem kontroli dost\u0119pu innej firmy (np. urz\u0105dzeniem RFID, czytnikiem linii papilarnych i urz\u0105dzeniem biometrycznym).<\/li>\n<li>Aby spe\u0142ni\u0107 wymagania dotycz\u0105ce sterowania awaryjnego, bramka obrotowa otworzy si\u0119 automatycznie po wy\u0142\u0105czeniu zasilania.<\/li>\n<li>Ca\u0142y system dzia\u0142a bardzo p\u0142ynnie, charakteryzuje si\u0119 d\u0142ug\u0105 \u017cywotno\u015bci\u0105 i wysok\u0105 wydajno\u015bci\u0105, du\u017c\u0105 niezawodno\u015bci\u0105 dzia\u0142ania i szybk\u0105 reakcj\u0105.<\/li>\n<li>Mechanizm wyposa\u017cony w wysokiej jako\u015bci amortyzator hydrauliczny z tym urz\u0105dzeniem, podczas pracy panuje bardzo niski poziom ha\u0142asu i jest bardziej p\u0142ynny<\/li>\n<li>Funkcja autotestu, brama przywr\u00f3ci si\u0119 automatycznie po w\u0142\u0105czeniu zasilania.<\/li>\n<li>Mo\u017ce to by\u0107 bieg jednokierunkowy lub dwukierunkowy<\/li>\n<li>Z kontrolk\u0105 LED.<\/li>\n<li>Kierunek obrotu: Dwukierunkowy<\/li>\n<li>Mo\u017cna nim sterowa\u0107 za pomoc\u0105 pilota i zarz\u0105dza\u0107 nim bezpo\u015brednio z komputera.<\/li>\n<li>W przypadku awarii zasilania dost\u0119p do pasa ko\u0142owrotu b\u0119dzie wolny, zgodnie z wymogami bezpiecze\u0144stwa przeciwpo\u017carowego.<\/li>\n<li>Rozmiar\/konstrukcj\u0119 bramy mo\u017cna dostosowa\u0107 na podstawie rysunku klienta<\/li>\n<li>Rozmiar mo\u017cna dostosowa\u0107, aby spe\u0142ni\u0107 wymagania w r\u00f3\u017cnych miejscach.<\/li>\n<\/ul>\n<p>Mo\u017cemy zapewni\u0107 ca\u0142e rozwi\u0105zanie kontroli dost\u0119pu bezpiecze\u0144stwa. Je\u015bli posiadasz w\u0142asny system kontroli dost\u0119pu, mo\u017cesz bezpo\u015brednio skorzysta\u0107 z naszej bramki obrotowej. Je\u015bli go nie posiadasz, zapewniamy r\u00f3wnie\u017c kompletne rozwi\u0105zanie w zakresie kontroli dost\u0119pu. Aby uzyska\u0107 szczeg\u00f3\u0142owe informacje, zapoznaj si\u0119 z poni\u017cszym filmem.<\/p>\n<p><iframe title=\"Odtwarzacz wideo YouTube\" src=\"https:\/\/www.youtube.com\/embed\/XyxFKnS3Br0\" width=\"1150\" height=\"650\" frameborder=\"0\" allowfullscreen=\"allowfullscreen\"><span data-mce-type=\"bookmark\" style=\"display: inline-block; width: 0px; overflow: hidden; line-height: 0;\" class=\"mce_SELRES_start\"><\/span><\/iframe><\/p>\n","protected":false},"excerpt":{"rendered":"<p>1. Rozmiar: 1400 * 1100 * 1150 mm (mo\u017cna dostosowa\u0107)<\/p>\n<p>2. Szeroko\u015b\u0107 pasa: 650 mm (mo\u017cna dostosowa\u0107)<\/p>\n<p>3. Pr\u0119dko\u015b\u0107 przejazdu: 30 os.\/min<\/p>\n<p>4. Zasilanie: 110 V\/220 V 50\/60 Hz<\/p>\n<p>5. Elektromagnes ko\u0142owrotu o po\u0142owie wysoko\u015bci: DC24V<\/p>\n<p>6. Sygna\u0142 otwarcia bramy: styk bezpr\u0105dowy\/przeka\u017anik<\/p>\n<p>7. Napi\u0119cie logiczne: DC24V<\/p>\n<p>8. Materia\u0142: stal nierdzewna 304 lub stal nierdzewna 316<\/p>\n<p>9. Szeroko\u015b\u0107 pasa: 600-660 mm<\/p>\n<p><strong><a title=\"Ko\u0142owr\u00f3t o pe\u0142nej wysoko\u015bci z certyfikatem CE Mairs\" href=\"http:\/\/mairsturnstile.com\/wp-content\/uploads\/2022\/09\/Mairs-CE-Certificate-Full-Height-Turnstile.pdf\" target=\"_blank\" rel=\"noopener noreferrer\">Certyfikat CE,<\/a> <a title=\"Certyfikat Mairs ISO9001\" href=\"http:\/\/mairsturnstile.com\/wp-content\/uploads\/2022\/09\/Mairs-Registration-Certificate-ISO9001.pdf\" target=\"_blank\" rel=\"noopener noreferrer\">Certyfikat ISO9001.<\/a><\/strong><\/p>\n","protected":false},"featured_media":21519,"comment_status":"closed","ping_status":"closed","template":"","meta":{"neve_meta_sidebar":"","neve_meta_container":"","neve_meta_enable_content_width":"off","neve_meta_content_width":0,"neve_meta_title_alignment":"","neve_meta_author_avatar":"","neve_post_elements_order":"","neve_meta_disable_header":"","neve_meta_disable_footer":"","neve_meta_disable_title":"","_ti_tpc_template_sync":false,"_ti_tpc_template_id":""},"product_cat":[2034,2031],"product_tag":[2716,2717,2715],"class_list":["post-34604","product","type-product","status-publish","has-post-thumbnail","hentry","product_cat-kolowroty-bezpieczenstwa","product_cat-kolowroty-o-pelnej-wysokosci","product_tag-bramka-obrotowa-o-polowie-wysokosci","product_tag-ceny-kolowrotow-o-polowie-wysokosci","product_tag-kolowrot-o-polowie-wysokosci"],"_links":{"self":[{"href":"https:\/\/mairsturnstile.com\/pl\/wp-json\/wp\/v2\/product\/34604","targetHints":{"allow":["GET"]}}],"collection":[{"href":"https:\/\/mairsturnstile.com\/pl\/wp-json\/wp\/v2\/product"}],"about":[{"href":"https:\/\/mairsturnstile.com\/pl\/wp-json\/wp\/v2\/types\/product"}],"replies":[{"embeddable":true,"href":"https:\/\/mairsturnstile.com\/pl\/wp-json\/wp\/v2\/comments?post=34604"}],"version-history":[{"count":0,"href":"https:\/\/mairsturnstile.com\/pl\/wp-json\/wp\/v2\/product\/34604\/revisions"}],"wp:featuredmedia":[{"embeddable":true,"href":"https:\/\/mairsturnstile.com\/pl\/wp-json\/wp\/v2\/media\/21519"}],"wp:attachment":[{"href":"https:\/\/mairsturnstile.com\/pl\/wp-json\/wp\/v2\/media?parent=34604"}],"wp:term":[{"taxonomy":"product_cat","embeddable":true,"href":"https:\/\/mairsturnstile.com\/pl\/wp-json\/wp\/v2\/product_cat?post=34604"},{"taxonomy":"product_tag","embeddable":true,"href":"https:\/\/mairsturnstile.com\/pl\/wp-json\/wp\/v2\/product_tag?post=34604"}],"curies":[{"name":"wp","href":"https:\/\/api.w.org\/{rel}","templated":true}]}}