{"id":34605,"date":"2020-09-12T18:51:17","date_gmt":"2020-09-12T10:51:17","guid":{"rendered":"https:\/\/mairsturnstile.com\/product\/budowlane-kolowroty-o-pelnej-wysokosci-mt404-2"},"modified":"2026-05-06T16:37:46","modified_gmt":"2026-05-06T08:37:46","slug":"budowlane-kolowroty","status":"publish","type":"product","link":"https:\/\/mairsturnstile.com\/pl\/produkt\/budowlane-kolowroty","title":{"rendered":"BRAMKI OBROTOWE O PE\u0141NEJ WYSOKO\u015aCI"},"content":{"rendered":"        <!-- 3D Model html -->\r\n        <div class=\"bp_grand wrapper_19987\">   \r\n        <div class=\"bp_model_parent\">\r\n            <model-viewer class=\"model\" id=\"bp_model_id_19987\" src=\"http:\/\/mairsturnstile.com\/wp-content\/uploads\/2023\/07\/MT404-2.glb\" alt=\"MT404-2\" camera-controls  loading=\"auto\" auto-rotate                        >\r\n            <\/model-viewer>\r\n        \r\n            <!-- Button -->\r\n            <svg id=\"openBtn\" width=\"30px\" height=\"30px\" viewBox=\"0 0 16 16\" xmlns=\"http:\/\/www.w3.org\/2000\/svg\" fill=\"#f2f2f2\" class=\"bi bi-arrows-fullscreen model-icon\">\r\n                <path fill-rule=\"evenodd\" d=\"M5.828 10.172a.5.5 0 0 0-.707 0l-4.096 4.096V11.5a.5.5 0 0 0-1 0v3.975a.5.5 0 0 0 .5.5H4.5a.5.5 0 0 0 0-1H1.732l4.096-4.096a.5.5 0 0 0 0-.707zm4.344 0a.5.5 0 0 1 .707 0l4.096 4.096V11.5a.5.5 0 1 1 1 0v3.975a.5.5 0 0 1-.5.5H11.5a.5.5 0 0 1 0-1h2.768l-4.096-4.096a.5.5 0 0 1 0-.707zm0-4.344a.5.5 0 0 0 .707 0l4.096-4.096V4.5a.5.5 0 1 0 1 0V.525a.5.5 0 0 0-.5-.5H11.5a.5.5 0 0 0 0 1h2.768l-4.096 4.096a.5.5 0 0 0 0 .707zm-4.344 0a.5.5 0 0 1-.707 0L1.025 1.732V4.5a.5.5 0 0 1-1 0V.525a.5.5 0 0 1 .5-.5H4.5a.5.5 0 0 1 0 1H1.732l4.096 4.096a.5.5 0 0 1 0 .707z\"\/>\r\n            <\/svg>\r\n        \r\n            <svg id=\"closeBtn\" class=\"model-icon\" width=\"34px\" height=\"34px\" viewBox=\"0 0 24 24\" xmlns=\"http:\/\/www.w3.org\/2000\/svg\">\r\n                <path fill=\"none\" stroke=\"#f2f2f2\" stroke-width=\"2\" d=\"M7,7 L17,17 M7,17 L17,7\"\/>\r\n            <\/svg>\r\n        \r\n        <\/div>\r\n        <\/div> \r\n\r\n        <!-- Model Viewer Style -->\r\n        <style>\r\n            \r\n            .wrapper_19987 .bp_model_parent, #bp_model_id_19987 {\r\n                width: 1150px;\r\n                max-width: 100%;\r\n                                            }\r\n            #bp_model_id_19987 {\r\n                height:700px;\r\n                background-color: #f2f2f2;\r\n            }\r\n            .fullscreen #bp_model_id_19987{\r\n            height: 100%;\r\n            width: 100%;\r\n            }\r\n            .wrapper_19987 .bp_model_parent{\r\n                justify-content: start            }\r\n            model-viewer.model {\r\n                --poster-color: transparent;\r\n            }\r\n        <\/style>\r\n        \r\n        \n<p>Mo\u017cemy \u015bwiadczy\u0107 us\u0142ugi OEM i ODM. Mamy do\u015bwiadczonych projektant\u00f3w, kt\u00f3rzy s\u0105 w stanie dokona\u0107 g\u0142\u0119bokiej personalizacji wed\u0142ug Twoich potrzeb. W najszybszym mo\u017cliwym terminie udost\u0119pnimy szereg materia\u0142\u00f3w takich jak wizualizacje 3D, rysunki wymiarowe itp. Dostarczamy r\u00f3wnie\u017c urz\u0105dzenia biometryczne, takie jak czytnik kart IC\/ID, skaner linii papilarnych, skaner kod\u00f3w QR, aparat do rozpoznawania twarzy i tak dalej. Wprowadzili\u015bmy r\u00f3wnie\u017c now\u0105 seri\u0119 bramek obrotowych o pe\u0142nej wysoko\u015bci, o stylowym wygl\u0105dzie i solidnej konstrukcji. Sprawd\u017a: <a href=\"https:\/\/mairsturnstile.com\/full-height-series-turnstile\" target=\"_blank\" rel=\"noopener\">seria ko\u0142owrot\u00f3w o pe\u0142nej wysoko\u015bci<\/a> <\/p>\n<p>Przeno\u015bne bramki obrotowe budowlane, modu\u0142owa konstrukcja pe\u0142nej wysoko\u015bci \u2013 \u0142atwa relokacja placu budowy. Potrzebujesz mobilnego zabezpieczenia placu budowy? Nasze bramki obrotowe budowlane dostarczane s\u0105 w postaci wst\u0119pnie zmontowanych modu\u0142\u00f3w, z unikalnym systemem szybkiego blokowania. Elegancki wygl\u0105d, solidna konstrukcja dla tymczasowych plac\u00f3w budowy. Bramki obrotowe budowlane z zabezpieczeniem przed wjazdem na zderzak, 100% bariera fizyczna dla stref wysokiego ryzyka kradzie\u017cy, zapobiegaj\u0105 nieautoryzowanemu wej\u015bciu. Nasze bramki obrotowe budowlane pe\u0142nej wysoko\u015bci posiadaj\u0105 unikaln\u0105 logik\u0119 zapobiegaj\u0105c\u0105 cofaniu si\u0119 i s\u0105 wykonane ze stali 304 odpornej na wandalizm. Eleganckie, a jednocze\u015bnie wytrzyma\u0142e. Odporne na warunki atmosferyczne bramki obrotowe budowlane, praca w temperaturach od -30\u00b0C do +60\u00b0C z opcj\u0105 podgrzewania, stworzone do ekstremalnych warunk\u00f3w. Nasze bramki obrotowe budowlane posiadaj\u0105 unikalny kana\u0142 odp\u0142ywowy i uszczelnion\u0105 elektronik\u0119. Wyko\u0144czenie premium, brak rdzy \u2013 pobierz katalog.        <\/p>\n<h2><b data-spm-anchor-id=\"a2700.details.pronpeci14.i2.770ea594C5VqRv\">BUDOWLANE KO\u0141OwrotY O PE\u0141NEJ WYSOKO\u015aCI, Dwupasmowe ko\u0142owroty budowlane Bramka obrotowa o pe\u0142nej wysoko\u015bci dla pieszych.<\/b><\/h2>\n<p>Bramki obrotowe budowlane Bramki <a href=\"https:\/\/mairsturnstile.com\/full-height-turnstiles.html\" target=\"_blank\" rel=\"noopener\">obrotowe o pe\u0142nej wysoko\u015bci<\/a> obj\u0119te s\u0105 2-letni\u0105 gwarancj\u0105 oraz trwa\u0142ym wsparciem w zakresie konserwacji i napraw. Upewnij si\u0119, \u017ce ka\u017cde przesuni\u0119cie nale\u017cy do jednej osoby. Nasze pe\u0142nowymiarowe bramki obrotowe dla budownictwa eliminuj\u0105 konieczno\u015b\u0107 wchodzenia na nie \u2013 idealne dla projekt\u00f3w budowlanych o du\u017cej warto\u015bci i plac\u00f3w budowy. Zabezpiecz sw\u00f3j plac budowy. Nasze bramki obrotowe dla budownictwa charakteryzuj\u0105 si\u0119 konstrukcj\u0105 antywspinaczkow\u0105, ponad 10 milionami cykli i klas\u0105 odporno\u015bci na warunki atmosferyczne IP66. Idealne dla wykonawc\u00f3w i kadry zarz\u0105dzaj\u0105cej.    <\/p>\n<p><strong>Bramka budowlana to rodzaj bramki obrotowej dla pieszych, kt\u00f3ra s\u0142u\u017cy do zarz\u0105dzania kontrol\u0105 dost\u0119pu personelu na placu budowy, kt\u00f3ra jest g\u0142\u00f3wnym urz\u0105dzeniem kontrolnym kontroli dost\u0119pu ruchu pieszego na placu budowy. <\/strong>Jednocze\u015bnie, zgodnie z wymogami \u015brodowiskowymi placu budowy, ko\u0142owroty budowlane musz\u0105 charakteryzowa\u0107 si\u0119 dobr\u0105 wodoodporno\u015bci\u0105 i wydajno\u015bci\u0105 o\u015bwietleniow\u0105 oraz realizowa\u0107 funkcje kontroli dost\u0119pu i obecno\u015bci, patrolowania na miejscu, logowania si\u0119 na spotkania, zarz\u0105dzania naruszeniami, raportu statystycznego oraz zarz\u0105dzanie systemem poprzez rozpoznawanie twarzy, kart\u0119 RFID itp.<\/p>\n<p>Ko\u0142owr\u00f3t na placu budowy to zazwyczaj bramka obrotowa na statywie i brama ko\u0142owrotu o pe\u0142nej wysoko\u015bci, poniewa\u017c jego konstrukcja jest bardzo odpowiednia dla placu budowy. Brama obrotowa o pe\u0142nej wysoko\u015bci ma wy\u017csze parametry bezpiecze\u0144stwa, bramka obrotowa na placu budowy mo\u017ce nie tylko zapobiega\u0107 wej\u015bciu i wyj\u015bciu personelu zagranicznego, ale tak\u017ce by\u0107 wyposa\u017cona w system obecno\u015bci rejestruj\u0105cy status obecno\u015bci pracownik\u00f3w. Zastosowanie ko\u0142owrot\u00f3w budowlanych mo\u017ce sprawi\u0107, \u017ce przep\u0142yw os\u00f3b na budowie b\u0119dzie przebiega\u0142 kana\u0142em w spos\u00f3b uporz\u0105dkowany.<\/p>\n<p>Ko\u0142owroty budowlane pe\u0142ni\u0105 funkcj\u0119 zapobiegania uszkodzeniom przez ludzi; Ko\u0142owroty budowlane s\u0142u\u017c\u0105 do ochrony bezpiecze\u0144stwa personelu i mienia; Zadbaj o to, aby mienie znajduj\u0105ce si\u0119 na placu budowy nie by\u0142o \u0142atwo zgubi\u0107. Bramki obrotowe budowlane w najlepszej cenie, bramy pe\u0142nowymiarowe z dostaw\u0105 bezpo\u015brednio z fabryki dla wykonawc\u00f3w, zaoszcz\u0119d\u017a 20% na zam\u00f3wieniach hurtowych. Nasze bramki obrotowe dla budownictwa \u0142\u0105cz\u0105 unikaln\u0105, estetyczn\u0105 obudow\u0119 z wytrzyma\u0142ymi mechanizmami. Posiadaj\u0105 certyfikat CE i s\u0105 gotowe do transportu kontenerowego. Dlaczego nasze bramki obrotowe dla budownictwa s\u0105 trwalsze od konkurencji? Unikalny samoczyszcz\u0105cy wirnik. Typowe modele zatrzymuj\u0105 b\u0142oto i zanieczyszczenia. Nasze bramki obrotowe dla budownictwa o pe\u0142nej wysoko\u015bci posiadaj\u0105 opatentowan\u0105 konstrukcj\u0119 wirnika, kt\u00f3ra automatycznie usuwa zanieczyszczenia.    <\/p>\n<p>Przez bramk\u0119 obrotow\u0105 na placu budowy mo\u017ce jednocze\u015bnie przechodzi\u0107 tylko jedna osoba, co mo\u017ce r\u00f3wnie\u017c zapobiec wypadkom spowodowanym zatorami. W przypadku wyst\u0105pienia na budowie wa\u017cnego wydarzenia administrator odetnie pr\u0105d do bramki obrotowej, a brama zostanie otwarta, aby piesi mogli samodzielnie przej\u015b\u0107, co przyspieszy ewakuacj\u0119 t\u0142umu. Anti-Corrosion Construction Turnstiles, Marine Grade 316 Stainless for Coastal Sites, Salt air destroys ordinary gates. Our construction turnstiles use 316 stainless + unique seamless welding. Full height, high-end look, zero maintenance.  <\/p>\n<p>Ta bramka obrotowa o pe\u0142nej wysoko\u015bci jest dwupasmowa, przeznaczona do kontroli wchodzenia i wychodzenia pieszych, przyjmuje stal nierdzewn\u0105 # 304, podw\u00f3jnie szczotkowan\u0105 obr\u00f3bk\u0119 powierzchni, <a href=\"https:\/\/en.wiktionary.org\/wiki\/dustproof\" target=\"_blank\" rel=\"noopener\">py\u0142oszczeln\u0105<\/a>, odporn\u0105 na rdz\u0119, odporn\u0105 na deszcz konstrukcj\u0119, nadaje si\u0119 do u\u017cytku wewn\u0105trz i na zewn\u0105trz, \u0142atwa do integracji z innymi urz\u0105dzeniami do odczytu \/ zapisu i szeroko stosowana do zastosowa\u0144 takich jak stadion, mieszkanie, si\u0142ownia, muzeum, stacja, biblioteka i fabryka itp.<\/p>\n\n        \t\n\t<style type=\"text\/css\">\n\t\t.slider-info-19991.bafg-slider-info .bafg-slider-title {\n\t\t\t\t\t\tfont-size: 22px;\n\t\t\t\t\t\t\n\t\t\t\n\t\t\t\t\t}\n\n\t\t.slider-info-19991.bafg-slider-info .bafg-slider-description {\n\t\t\t\n\t\t\t\n\t\t\t\t\t}\n\n\t\t.slider-info-19991.bafg-slider-info .bafg_slider_readmore_button {\n\t\t\t\n\t\t\t\n\t\t\t\n\t\t\t\n\t\t\t\n\t\t\ttext-align: center;\n\n\t\t\t\n\t\t\t\n\t\t\t\n\t\t\t\n\t\t\t\n\t\t\t\n\t\t\t\t\t}\n\n\t\t.slider-info-19991.bafg-slider-info .bafg_slider_readmore_button:hover {\n\n\t\t\t\n\t\t\t\n\t\t\t\t\t}\n\n\t<\/style>\n\t\n        <div class=\"bafg-twentytwenty-container slider-19991 \" bafg-orientation=\"horizontal\" bafg-default-offset=\"0.5\" bafg-before-label=\"Before\" bafg-after-label=\"After\" bafg-overlay=\"yes\" bafg-move-slider-on-hover=\"yes\" bafg-click-to-move=\"no\">\n              \n            <img decoding=\"async\" class=\"skip-lazy\" src=\"http:\/\/mairsturnstile.com\/wp-content\/uploads\/2024\/10\/construction-turnstiles-5.jpg\" alt=\"construction turnstiles\" data-skip-lazy title=\"\">\n            <img decoding=\"async\" class=\"skip-lazy\" src=\"http:\/\/mairsturnstile.com\/wp-content\/uploads\/2020\/09\/construction-turnstiles-6.jpg\" alt=\"construction turnstiles \" data-skip-lazy title=\"\">\n           \n        <\/div>\n\n        \t<div class=\"bafg-slider-info-wraper\">\n\t\t<div style=\"\" class=\"slider-info-19991 bafg-slider-info\">\n\t\t\t\t\t<\/div>\n\t<\/div>\n\t\n        <style type=\"text\/css\">\n            \n        <\/style>\n        \n<p>Mo\u017cemy r\u00f3wnie\u017c w ci\u0105gu kilku minut stworzy\u0107 dla Ciebie rendering na podstawie Twojego rzeczywistego scenariusza. Dostarczamy r\u00f3wnie\u017c szczeg\u00f3\u0142owe plany i rysunki, a tak\u017ce rysunki instalacyjne. Nie martw si\u0119 o instalacj\u0119. Aby zapozna\u0107 si\u0119 z konkretnymi wymiarami i wymiarami monta\u017cowymi, nale\u017cy pobra\u0107 nasz odpowiedni plik PDF.<\/p>\n<p>Nasze bramki obrotowe o wysokim poziomie bezpiecze\u0144stwa zosta\u0142y zaprojektowane tak, aby spe\u0142nia\u0107 najbardziej rygorystyczne wymagania dotycz\u0105ce bezpiecze\u0144stwa i kontroli i idealnie nadaj\u0105 si\u0119 do sytuacji na ograniczonej przestrzeni, gdzie konieczne jest uwierzytelnienie du\u017cej liczby os\u00f3b przed wej\u015bciem. Podw\u00f3jne tory to zasadniczo dwa pojedyncze ko\u0142owroty w jednej ramie, co poprawia wydajno\u015b\u0107 i oszcz\u0119dza znaczn\u0105 przestrze\u0144.<\/p>\n<ul>\n<li>Ko\u0142owroty budowlane Brama ko\u0142owrot\u00f3w o pe\u0142nej wysoko\u015bci jest cz\u0119sto u\u017cywana w rozwi\u0105zaniach kontroli dost\u0119pu o wysokim poziomie bezpiecze\u0144stwa.<\/li>\n<li>Materia\u0142 korpusu to stal nierdzewna 304, kt\u00f3ra jest antykorozyjna, trwa\u0142a i ma wysok\u0105 odporno\u015b\u0107. Rami\u0119 jest typu U.<\/li>\n<li>Brama obrotowa budowlana nadaje si\u0119 zar\u00f3wno do zastosowa\u0144 wewn\u0119trznych, jak i zewn\u0119trznych.<\/li>\n<li>Dzi\u0119ki funkcji zapobiegaj\u0105cej cofaniu zatrzymaj si\u0119 w odwr\u00f3conym kierunku.<\/li>\n<li>Aby spe\u0142ni\u0107 wymagania dotycz\u0105ce sterowania awaryjnego, bramka obrotowa otworzy si\u0119 automatycznie po wy\u0142\u0105czeniu zasilania.<\/li>\n<li>Ca\u0142y system dzia\u0142a bardzo p\u0142ynnie, charakteryzuje si\u0119 d\u0142ug\u0105 \u017cywotno\u015bci\u0105 i wysok\u0105 wydajno\u015bci\u0105, du\u017c\u0105 niezawodno\u015bci\u0105 dzia\u0142ania i szybk\u0105 reakcj\u0105.<\/li>\n<li>Mechanizm wyposa\u017cony jest w wysokiej jako\u015bci amortyzator hydrauliczny. Dzi\u0119ki temu urz\u0105dzeniu praca jest bardzo cicha i przebiega p\u0142ynniej.<\/li>\n<li>Funkcja autotestu, brama przywr\u00f3ci si\u0119 automatycznie po w\u0142\u0105czeniu zasilania.<\/li>\n<li>Urz\u0105dzenia dwu\u0142o\u017cyskowe utrzymuj\u0105 bram\u0119 w r\u00f3wnowadze, gdy dzia\u0142a si\u0142a zewn\u0119trzna.<\/li>\n<li>Opcja jednokierunkowa lub dwukierunkowa jest opcjonalna.<\/li>\n<li>Z kontrolk\u0105 LED.<\/li>\n<li>Nap\u0119d: P\u00f3\u0142automatyczny<\/li>\n<li>Mo\u017cna nim sterowa\u0107 za pomoc\u0105 pilota i zarz\u0105dza\u0107 nim bezpo\u015brednio z komputera.<\/li>\n<li>W przypadku awarii zasilania dost\u0119p do pasa ko\u0142owrotu b\u0119dzie wolny, zgodnie z wymogami bezpiecze\u0144stwa przeciwpo\u017carowego.<\/li>\n<li>Rozmiar\/konstrukcj\u0119 bramy mo\u017cna dostosowa\u0107 na podstawie rysunku klienta.<\/li>\n<li>Rozmiar mo\u017cna dostosowa\u0107, aby spe\u0142ni\u0107 wymagania w r\u00f3\u017cnych miejscach.<\/li>\n<\/ul>\n<p>Mo\u017cemy zapewni\u0107 ca\u0142e rozwi\u0105zanie kontroli dost\u0119pu bezpiecze\u0144stwa. Je\u015bli posiadasz w\u0142asny system kontroli dost\u0119pu, mo\u017cesz bezpo\u015brednio skorzysta\u0107 z naszej bramki obrotowej. If you don&#8217;t have one, we also provide a complete security access control solution. Aby uzyska\u0107 szczeg\u00f3\u0142owe informacje, zapoznaj si\u0119 z poni\u017cszym filmem.<\/p>\n<p><iframe title=\"Nowa konstrukcja bramki obrotowej Meteor Series o pe\u0142nej wysoko\u015bci \u2013 bardziej wytrzyma\u0142a, wy\u017csza i bezpieczniejsza\" src=\"https:\/\/www.youtube.com\/embed\/AyBSFStUdhA\" width=\"1110\" height=\"650\" frameborder=\"0\" allowfullscreen=\"allowfullscreen\"><\/iframe><\/p>\n","protected":false},"excerpt":{"rendered":"<p>1. Rozmiar: 2300 * 1450 * 2300 mm (mo\u017cna dostosowa\u0107)<\/p>\n<p>2. Szeroko\u015b\u0107 pasa: 650 mm (mo\u017cna dostosowa\u0107)<\/p>\n<p>3. Pr\u0119dko\u015b\u0107 przejazdu: 30 os.\/min<\/p>\n<p>4. Zasilanie: 110 V\/220 V 50\/60 Hz<\/p>\n<p>5. Sprzedam ko\u0142owrotek o pe\u0142nej wysoko\u015bci. Elektrozaw\u00f3r: DC24V<\/p>\n<p>6. Sygna\u0142 otwarcia bramy: styk bezpr\u0105dowy\/przeka\u017anik<\/p>\n<p>7. Napi\u0119cie logiczne: DC24V<\/p>\n<p>8. Materia\u0142: stal nierdzewna 304 lub stal nierdzewna 316<\/p>\n<p>9. Interfejs komunikacyjny: RS485<\/p>\n<p><span style=\"color: #000000;\"><strong><a style=\"color: #000000;\" title=\"Ko\u0142owr\u00f3t o pe\u0142nej wysoko\u015bci z certyfikatem CE Mairs\" href=\"http:\/\/mairsturnstile.com\/wp-content\/uploads\/2022\/09\/Mairs-CE-Certificate-Full-Height-Turnstile.pdf\" target=\"_blank\" rel=\"noopener noreferrer\">Certyfikat CE,<\/a> <a style=\"color: #000000;\" title=\"Certyfikat Mairs ISO9001\" href=\"http:\/\/mairsturnstile.com\/wp-content\/uploads\/2022\/09\/Mairs-Registration-Certificate-ISO9001.pdf\" target=\"_blank\" rel=\"noopener noreferrer\">Certyfikat ISO9001.<\/a><\/strong><\/span><\/p>\n<p><a title=\"Broszura dotycz\u0105ca ko\u0142owrot\u00f3w o podw\u00f3jnej pe\u0142nej wysoko\u015bci\" href=\"https:\/\/mairsturnstile-online.com\/flipbook\/mt404-2-full-height-turnstile-brochure\" target=\"_blank\" rel=\"noopener noreferrer\"><span style=\"color: #fcaf3b;\"><strong>Download MT404-2 Doule Full Height Turnstile Brochure<\/strong><\/span><\/a><\/p>\n<p><a title=\"Instrukcja monta\u017cu ko\u0142owrotu o pe\u0142nej wysoko\u015bci\" href=\"http:\/\/mairsturnstile.com\/wp-content\/uploads\/2023\/09\/Full-height-turnstile-installation-manual.pdf\" target=\"_blank\" rel=\"noopener noreferrer\"><strong><span style=\"color: #fcaf3b;\">Download Full Height Turnstile User &#038; Installation Manual<\/span><\/strong><\/a><\/p>\n","protected":false},"featured_media":58156,"comment_status":"closed","ping_status":"closed","template":"","meta":{"neve_meta_sidebar":"","neve_meta_container":"","neve_meta_enable_content_width":"off","neve_meta_content_width":0,"neve_meta_title_alignment":"","neve_meta_author_avatar":"","neve_post_elements_order":"","neve_meta_disable_header":"","neve_meta_disable_footer":"","neve_meta_disable_title":"","_ti_tpc_template_sync":false,"_ti_tpc_template_id":""},"product_cat":[2034,2031],"product_tag":[2720,2718,2722,2084,2721,2719],"class_list":["post-34605","product","type-product","status-publish","has-post-thumbnail","hentry","product_cat-kolowroty-bezpieczenstwa","product_cat-kolowroty-o-pelnej-wysokosci","product_tag-kolowrot-na-placu-budowy","product_tag-kolowroty-budowlane","product_tag-kolowroty-na-placu-budowy","product_tag-kolowroty-o-pelnej-wysokosci","product_tag-kolowroty-zabezpieczajace-plac-budowy","product_tag-podwojny-kolowrot-o-pelnej-wysokosci"],"_links":{"self":[{"href":"https:\/\/mairsturnstile.com\/pl\/wp-json\/wp\/v2\/product\/34605","targetHints":{"allow":["GET"]}}],"collection":[{"href":"https:\/\/mairsturnstile.com\/pl\/wp-json\/wp\/v2\/product"}],"about":[{"href":"https:\/\/mairsturnstile.com\/pl\/wp-json\/wp\/v2\/types\/product"}],"replies":[{"embeddable":true,"href":"https:\/\/mairsturnstile.com\/pl\/wp-json\/wp\/v2\/comments?post=34605"}],"version-history":[{"count":1,"href":"https:\/\/mairsturnstile.com\/pl\/wp-json\/wp\/v2\/product\/34605\/revisions"}],"predecessor-version":[{"id":72643,"href":"https:\/\/mairsturnstile.com\/pl\/wp-json\/wp\/v2\/product\/34605\/revisions\/72643"}],"wp:featuredmedia":[{"embeddable":true,"href":"https:\/\/mairsturnstile.com\/pl\/wp-json\/wp\/v2\/media\/58156"}],"wp:attachment":[{"href":"https:\/\/mairsturnstile.com\/pl\/wp-json\/wp\/v2\/media?parent=34605"}],"wp:term":[{"taxonomy":"product_cat","embeddable":true,"href":"https:\/\/mairsturnstile.com\/pl\/wp-json\/wp\/v2\/product_cat?post=34605"},{"taxonomy":"product_tag","embeddable":true,"href":"https:\/\/mairsturnstile.com\/pl\/wp-json\/wp\/v2\/product_tag?post=34605"}],"curies":[{"name":"wp","href":"https:\/\/api.w.org\/{rel}","templated":true}]}}