{"id":34606,"date":"2020-09-12T18:49:25","date_gmt":"2020-09-12T10:49:25","guid":{"rendered":"https:\/\/mairsturnstile.com\/product\/bramka-wejsciowa-dla-pracownikow-mt408"},"modified":"2026-05-06T16:40:14","modified_gmt":"2026-05-06T08:40:14","slug":"kolowrot-dla-pracownikow","status":"publish","type":"product","link":"https:\/\/mairsturnstile.com\/pl\/produkt\/kolowrot-dla-pracownikow","title":{"rendered":"BRAMKA OBROTOWA WEJ\u015aCIA DLA PRACOWNIK\u00d3W"},"content":{"rendered":"        <!-- 3D Model html -->\r\n        <div class=\"bp_grand wrapper_21819\">   \r\n        <div class=\"bp_model_parent\">\r\n            <model-viewer class=\"model\" id=\"bp_model_id_21819\" src=\"http:\/\/mairsturnstile.com\/wp-content\/uploads\/2023\/06\/MT408.glb\" alt=\"MT408\" camera-controls  loading=\"auto\" auto-rotate                        >\r\n            <\/model-viewer>\r\n        \r\n            <!-- Button -->\r\n            <svg id=\"openBtn\" width=\"30px\" height=\"30px\" viewBox=\"0 0 16 16\" xmlns=\"http:\/\/www.w3.org\/2000\/svg\" fill=\"#f2f2f2\" class=\"bi bi-arrows-fullscreen model-icon\">\r\n                <path fill-rule=\"evenodd\" d=\"M5.828 10.172a.5.5 0 0 0-.707 0l-4.096 4.096V11.5a.5.5 0 0 0-1 0v3.975a.5.5 0 0 0 .5.5H4.5a.5.5 0 0 0 0-1H1.732l4.096-4.096a.5.5 0 0 0 0-.707zm4.344 0a.5.5 0 0 1 .707 0l4.096 4.096V11.5a.5.5 0 1 1 1 0v3.975a.5.5 0 0 1-.5.5H11.5a.5.5 0 0 1 0-1h2.768l-4.096-4.096a.5.5 0 0 1 0-.707zm0-4.344a.5.5 0 0 0 .707 0l4.096-4.096V4.5a.5.5 0 1 0 1 0V.525a.5.5 0 0 0-.5-.5H11.5a.5.5 0 0 0 0 1h2.768l-4.096 4.096a.5.5 0 0 0 0 .707zm-4.344 0a.5.5 0 0 1-.707 0L1.025 1.732V4.5a.5.5 0 0 1-1 0V.525a.5.5 0 0 1 .5-.5H4.5a.5.5 0 0 1 0 1H1.732l4.096 4.096a.5.5 0 0 1 0 .707z\"\/>\r\n            <\/svg>\r\n        \r\n            <svg id=\"closeBtn\" class=\"model-icon\" width=\"34px\" height=\"34px\" viewBox=\"0 0 24 24\" xmlns=\"http:\/\/www.w3.org\/2000\/svg\">\r\n                <path fill=\"none\" stroke=\"#f2f2f2\" stroke-width=\"2\" d=\"M7,7 L17,17 M7,17 L17,7\"\/>\r\n            <\/svg>\r\n        \r\n        <\/div>\r\n        <\/div> \r\n\r\n        <!-- Model Viewer Style -->\r\n        <style>\r\n            \r\n            .wrapper_21819 .bp_model_parent, #bp_model_id_21819 {\r\n                width: 1150px;\r\n                max-width: 100%;\r\n                                            }\r\n            #bp_model_id_21819 {\r\n                height:700px;\r\n                background-color: #f2f2f2;\r\n            }\r\n            .fullscreen #bp_model_id_21819{\r\n            height: 100%;\r\n            width: 100%;\r\n            }\r\n            .wrapper_21819 .bp_model_parent{\r\n                justify-content: start            }\r\n            model-viewer.model {\r\n                --poster-color: transparent;\r\n            }\r\n        <\/style>\r\n        \r\n        \n<h2>Bramka przy wej\u015bciu dla pracownik\u00f3w obj\u0119ta jest 2-letni\u0105 gwarancj\u0105 oraz trwa\u0142ym wsparciem w zakresie konserwacji i napraw.<\/h2>\n<p> Employee Entrance Turnstile, Full Height Unique Design for Workforce Access Control, Our employee entrance turnstile features a patented curved body and anti-tailgating logic. Full height security with premium stainless steel finish. Ideal for factories &#038; offices. Employee Entrance Turnstile with Biometric Integration, Track Attendance Accurately, Stop buddy punching. This employee entrance turnstile supports face\/fingerprint readers, unique dust-proof grille, and silent operation. Heavy Duty Employee Entrance Turnstile, 15 Million Cycles for High Traffic Sites, Designed for 24\/7 employee flow. Our employee entrance turnstile combines a unique aerodynamic housing with zero-maintenance drive. IP54 rated. Get factory price.        <\/p>\n<p>Mo\u017cemy \u015bwiadczy\u0107 us\u0142ugi OEM i ODM. Mamy do\u015bwiadczonych projektant\u00f3w, kt\u00f3rzy s\u0105 w stanie dokona\u0107 g\u0142\u0119bokiej personalizacji wed\u0142ug Twoich potrzeb. W najszybszym mo\u017cliwym terminie udost\u0119pnimy szereg materia\u0142\u00f3w takich jak wizualizacje 3D, rysunki wymiarowe itp. Dostarczamy r\u00f3wnie\u017c urz\u0105dzenia biometryczne, takie jak czytniki kart IC\/ID, skanery linii papilarnych, skanery kod\u00f3w QR, kamery rozpoznaj\u0105ce twarz i tak dalej. Wprowadzili\u015bmy r\u00f3wnie\u017c now\u0105 seri\u0119 bramek obrotowych o pe\u0142nej wysoko\u015bci, o stylowym wygl\u0105dzie i solidnej konstrukcji. Sprawd\u017a: <a href=\"https:\/\/mairsturnstile.com\/full-height-series-turnstile\" target=\"_blank\" rel=\"noopener\">seria ko\u0142owrot\u00f3w o pe\u0142nej wysoko\u015bci<\/a> <\/p>\n<p>Bramka obrotowa dla pracownik\u00f3w z zabezpieczeniem przed wje\u017cd\u017caniem na zderzak, 100% bariera fizyczna dla bezpiecznego miejsca pracy, gwarantuje bezpiecze\u0144stwo jednej osoby na jedno przesuni\u0119cie. Nasza pe\u0142nowymiarowa bramka obrotowa dla pracownik\u00f3w charakteryzuje si\u0119 unikaln\u0105, falist\u0105 kratk\u0105 i konstrukcj\u0105 zabezpieczaj\u0105c\u0105 przed manipulacj\u0105. Posiada certyfikat CE. Zewn\u0119trzna bramka obrotowa dla pracownik\u00f3w, IP66, odporna na warunki atmosferyczne, do magazyn\u00f3w i na place budowy. Zaprojektowana z my\u015bl\u0105 o deszczu, pyle i ekstremalnych temperaturach (od -30\u00b0C do +60\u00b0C). Nasza bramka obrotowa dla pracownik\u00f3w wykonana jest ze stali nierdzewnej 316 klasy morskiej i posiada unikaln\u0105 pow\u0142ok\u0119 antykorozyjn\u0105. Najlepsza w swojej klasie bramka obrotowa dla pracownik\u00f3w, pe\u0142nowymiarowe bramki dla firm, dostarczane bezpo\u015brednio z fabryki, 20% oszcz\u0119dno\u015bci przy zam\u00f3wieniach hurtowych. Nasza bramka obrotowa dla pracownik\u00f3w dostarczana jest w stanie wst\u0119pnie zmontowanym, wyposa\u017cona w unikalne zamki antywandalowe i szybki monta\u017c. Bezp\u0142atna ocena lokalizacji.       <\/p>\n<p>Cena fabryczna <strong>ko\u0142owrotu wej\u015bciowego dla pracownik\u00f3w<\/strong>, kt\u00f3ry jest wykonany ze stali nierdzewnej 304 lub stali nierdzewnej 316. Why Our Employee Entrance Turnstile Boosts Productivity, Unique Self-Cleaning Rotor, No jams from dirt or debris. Our employee entrance turnstile features a patented rotor that sheds mud automatically \u2013 perfect for construction or mining employee entrances. <\/p>\n<p data-spm-anchor-id=\"a2700.details.pronpeci14.i0.29abf16fjDZQVI\">Bramki obrotowe o pe\u0142nej wysoko\u015bci oferuj\u0105 zastosowanie zar\u00f3wno w zastosowaniach kontroli dost\u0119pu wewn\u0105trz, jak i na zewn\u0105trz. Nasza gama ko\u0142owrot\u00f3w wej\u015bciowych dla pracownik\u00f3w o pe\u0142nej wysoko\u015bci jest wyposa\u017cona w wysokiej jako\u015bci powierzchni\u0119 antykorozyjn\u0105 i gwarantuje niezawodne dzia\u0142anie w ekstremalnych warunkach zewn\u0119trznych. Mo\u017cemy r\u00f3wnie\u017c dostosowa\u0107 <a href=\"https:\/\/mairsturnstile.com\/full-height-turnstiles.html\" target=\"_blank\" rel=\"noopener\">bramki obrotowe o pe\u0142nej wysoko\u015bci<\/a> zgodnie z Pa\u0144stwa wymaganiami. Nasz ko\u0142owr\u00f3t wej\u015bciowy dla pracownik\u00f3w mo\u017cna zintegrowa\u0107 ze wszystkimi rodzajami urz\u0105dze\u0144 biometrycznych. takie jak skanery czytnik\u00f3w kart, rozpoznawanie twarzy i skaner <a href=\"https:\/\/en.wikipedia.org\/wiki\/QR_code\" target=\"_blank\" rel=\"noopener\">kod\u00f3w QR<\/a>. Je\u015bli chc\u0105 Pa\u0144stwo pozna\u0107 wi\u0119cej szczeg\u00f3\u0142\u00f3w, prosimy <a href=\"https:\/\/mairsturnstile.com\/contact\" target=\"_blank\" rel=\"noopener\">o kontakt<\/a>.<\/p>\n<p data-spm-anchor-id=\"a2700.details.pronpeci14.i0.29abf16fjDZQVI\">Ten ko\u0142owrotek wej\u015bciowy dla pracownik\u00f3w jest u\u017cywany w zastosowaniach obejmuj\u0105cych stadiony i areny, bezpiecze\u0144stwo obwodowe i wewn\u0119trzne, parki rekreacyjne i rozrywki, kontrol\u0119 t\u0142umu w handlu detalicznym, pobieranie op\u0142at za przejazd i lobby, wi\u0119zienie lub niekt\u00f3re miejsca o wysokim poziomie bezpiecze\u0144stwa.<\/p>\n<p data-spm-anchor-id=\"a2700.details.pronpeci14.i0.29abf16fjDZQVI\">Mo\u017cemy r\u00f3wnie\u017c w ci\u0105gu kilku minut stworzy\u0107 dla Ciebie rendering na podstawie Twojego rzeczywistego scenariusza. Zapewniamy r\u00f3wnie\u017c szczeg\u00f3\u0142owy uk\u0142ad i rysunki, a tak\u017ce rysunki instalacyjne.<\/p>\n<p data-spm-anchor-id=\"a2700.details.pronpeci14.i0.29abf16fjDZQVI\">\n        \t\n\t<style type=\"text\/css\">\n\t\t.slider-info-21846.bafg-slider-info .bafg-slider-title {\n\t\t\t\t\t\tfont-size: 22px;\n\t\t\t\t\t\t\n\t\t\t\n\t\t\t\t\t}\n\n\t\t.slider-info-21846.bafg-slider-info .bafg-slider-description {\n\t\t\t\n\t\t\t\n\t\t\t\t\t}\n\n\t\t.slider-info-21846.bafg-slider-info .bafg_slider_readmore_button {\n\t\t\t\n\t\t\t\n\t\t\t\n\t\t\t\n\t\t\t\n\t\t\ttext-align: center;\n\n\t\t\t\n\t\t\t\n\t\t\t\n\t\t\t\n\t\t\t\n\t\t\t\n\t\t\t\t\t}\n\n\t\t.slider-info-21846.bafg-slider-info .bafg_slider_readmore_button:hover {\n\n\t\t\t\n\t\t\t\n\t\t\t\t\t}\n\n\t<\/style>\n\t\n        <div class=\"bafg-twentytwenty-container slider-21846 \" bafg-orientation=\"horizontal\" bafg-default-offset=\"0.5\" bafg-before-label=\"Before\" bafg-after-label=\"After\" bafg-overlay=\"yes\" bafg-move-slider-on-hover=\"yes\" bafg-click-to-move=\"no\">\n              \n            <img decoding=\"async\" class=\"skip-lazy\" src=\"http:\/\/mairsturnstile.com\/wp-content\/uploads\/2023\/06\/employee-entrance-turnstile_5.jpg\" alt=\"\" data-skip-lazy title=\"\">\n            <img decoding=\"async\" class=\"skip-lazy\" src=\"http:\/\/mairsturnstile.com\/wp-content\/uploads\/2023\/06\/employee-entrance-turnstile_4.jpg\" alt=\"\" data-skip-lazy title=\"\">\n           \n        <\/div>\n\n        \t<div class=\"bafg-slider-info-wraper\">\n\t\t<div style=\"\" class=\"slider-info-21846 bafg-slider-info\">\n\t\t\t\t\t<\/div>\n\t<\/div>\n\t\n        <style type=\"text\/css\">\n            \n        <\/style>\n        <\/p>\n<ul>\n<li>Bramka przy wej\u015bciu dla pracownik\u00f3w jest cz\u0119sto u\u017cywana w rozwi\u0105zaniach kontroli dost\u0119pu o wysokim poziomie bezpiecze\u0144stwa.<\/li>\n<li>Materia\u0142 korpusu to stal nierdzewna 304, kt\u00f3ra jest antykorozyjna, trwa\u0142a i ma wysok\u0105 odporno\u015b\u0107. Rami\u0119 jest typu U.<\/li>\n<li>Dzi\u0119ki funkcji zapobiegaj\u0105cej cofaniu zatrzymaj si\u0119 w odwr\u00f3conym kierunku.<\/li>\n<li>Bramka wej\u015bciowa dla pracownik\u00f3w nadaje si\u0119 zar\u00f3wno do zastosowa\u0144 wewn\u0119trznych, jak i zewn\u0119trznych.<\/li>\n<li>Aby spe\u0142ni\u0107 wymagania dotycz\u0105ce sterowania awaryjnego, bramka obrotowa otworzy si\u0119 automatycznie po wy\u0142\u0105czeniu zasilania.<\/li>\n<li>Ca\u0142y system dzia\u0142a p\u0142ynnie, zapewniaj\u0105c d\u0142ug\u0105 \u017cywotno\u015b\u0107, wysok\u0105 niezawodno\u015b\u0107 dzia\u0142ania i szybk\u0105 reakcj\u0119.<\/li>\n<li>Mechanizm wyposa\u017cony jest w wysokiej jako\u015bci amortyzator hydrauliczny. Dzi\u0119ki temu urz\u0105dzeniu praca jest bardzo cicha i przebiega p\u0142ynniej.<\/li>\n<li>Funkcja autotestu, brama przywr\u00f3ci si\u0119 automatycznie po w\u0142\u0105czeniu zasilania.<\/li>\n<li>Urz\u0105dzenia dwu\u0142o\u017cyskowe, utrzymuj\u0105ce bram\u0119 w r\u00f3wnowadze w przypadku dzia\u0142ania si\u0142y zewn\u0119trznej.<\/li>\n<li>Opcja jednokierunkowa lub dwukierunkowa jest opcjonalna.<\/li>\n<li>Odleg\u0142o\u015b\u0107 komunikacyjna: \u22641200 m<\/li>\n<li>Wska\u017anik ledowy.<\/li>\n<li>Mo\u017ce by\u0107 sterowany za pomoc\u0105 pilota i zarz\u0105dzany bezpo\u015brednio przez komputer.<\/li>\n<li>W przypadku awarii zasilania dost\u0119p do pasa ko\u0142owrotu b\u0119dzie wolny, zgodnie z wymogami bezpiecze\u0144stwa przeciwpo\u017carowego.<\/li>\n<li>Rozmiar\/konstrukcj\u0119 bramy mo\u017cna dostosowa\u0107 na podstawie rysunku klienta<\/li>\n<li>Rozmiar mo\u017cna dostosowa\u0107, aby spe\u0142ni\u0107 wymagania w r\u00f3\u017cnych miejscach.<\/li>\n<\/ul>\n<p>Mo\u017cemy zapewni\u0107 ca\u0142e rozwi\u0105zanie kontroli dost\u0119pu bezpiecze\u0144stwa. Je\u015bli posiadasz w\u0142asny system kontroli dost\u0119pu, mo\u017cesz bezpo\u015brednio skorzysta\u0107 z naszej bramki obrotowej. Je\u015bli go nie posiadasz, zapewniamy r\u00f3wnie\u017c kompletne rozwi\u0105zanie w zakresie kontroli dost\u0119pu. Aby uzyska\u0107 szczeg\u00f3\u0142owe informacje, zapoznaj si\u0119 z poni\u017cszym filmem.<\/p>\n<p><iframe title=\"Nowa konstrukcja bramki obrotowej Meteor Series o pe\u0142nej wysoko\u015bci \u2013 bardziej wytrzyma\u0142a, wy\u017csza i bezpieczniejsza\" src=\"https:\/\/www.youtube.com\/embed\/AyBSFStUdhA\" width=\"1110\" height=\"650\" frameborder=\"0\" allowfullscreen=\"allowfullscreen\"><\/iframe><\/p>\n","protected":false},"excerpt":{"rendered":"<p>1. Rozmiar: 4450 * 1450 * 2300 mm (mo\u017cna dostosowa\u0107)<\/p>\n<p>2. Szeroko\u015b\u0107 pasa: 650 mm (mo\u017cna dostosowa\u0107)<\/p>\n<p>3. Pr\u0119dko\u015b\u0107 przejazdu: 30 os.\/min<\/p>\n<p>4. Zasilanie: 110 V\/220 V 50\/60 Hz<\/p>\n<p>5. Elektrozaw\u00f3r bramki obrotowej o pe\u0142nej wysoko\u015bci: DC24V<\/p>\n<p>6. Sygna\u0142 otwarcia bramy: styk bezpr\u0105dowy\/przeka\u017anik<\/p>\n<p>7. Napi\u0119cie logiczne: DC24V<\/p>\n<p>8. Materia\u0142: stal nierdzewna 304 lub stal nierdzewna 316<\/p>\n<p>9. Temperatura pracy: -25 \u2103 ~ 60 \u2103<\/p>\n<p><span style=\"color: #000000;\"><strong><a style=\"color: #000000;\" title=\"Ko\u0142owr\u00f3t o pe\u0142nej wysoko\u015bci z certyfikatem CE Mairs\" href=\"http:\/\/mairsturnstile.com\/wp-content\/uploads\/2022\/09\/Mairs-CE-Certificate-Full-Height-Turnstile.pdf\" target=\"_blank\" rel=\"noopener noreferrer\">Certyfikat CE,<\/a> <a style=\"color: #000000;\" title=\"Certyfikat Mairs ISO9001\" href=\"http:\/\/mairsturnstile.com\/wp-content\/uploads\/2022\/09\/Mairs-Registration-Certificate-ISO9001.pdf\" target=\"_blank\" rel=\"noopener noreferrer\">Certyfikat ISO9001.<\/a><\/strong><\/span><\/p>\n<p><a title=\"Broszura dotycz\u0105ca ko\u0142owrotu trzypasmowego o pe\u0142nej wysoko\u015bci\" href=\"https:\/\/mairsturnstile-online.com\/flipbook\/mt408-full-height-turnstile-brochure\" target=\"_blank\" rel=\"noopener noreferrer\"><span style=\"color: #fcaf3b;\"><strong>Download MT408 Three Lane Full Height Turnstile Brochure<\/strong><\/span><\/a><\/p>\n<p><a title=\"Instrukcja monta\u017cu ko\u0142owrotu o pe\u0142nej wysoko\u015bci\" href=\"http:\/\/mairsturnstile.com\/wp-content\/uploads\/2023\/09\/Full-height-turnstile-installation-manual.pdf\" target=\"_blank\" rel=\"noopener noreferrer\"><strong><span style=\"color: #fcaf3b;\">Download Full Height Turnstile User &#038; Installation Manual<\/span><\/strong><\/a><\/p>\n","protected":false},"featured_media":20991,"comment_status":"closed","ping_status":"closed","template":"","meta":{"neve_meta_sidebar":"","neve_meta_container":"","neve_meta_enable_content_width":"off","neve_meta_content_width":0,"neve_meta_title_alignment":"","neve_meta_author_avatar":"","neve_post_elements_order":"","neve_meta_disable_header":"","neve_meta_disable_footer":"","neve_meta_disable_title":"","_ti_tpc_template_sync":false,"_ti_tpc_template_id":""},"product_cat":[2034,2031],"product_tag":[2085,2724,2084,2725,2723],"class_list":["post-34606","product","type-product","status-publish","has-post-thumbnail","hentry","product_cat-kolowroty-bezpieczenstwa","product_cat-kolowroty-o-pelnej-wysokosci","product_tag-brama-w-stylu-kolei","product_tag-kolowrotek-wejsciowy-dla-pracownikow","product_tag-kolowroty-o-pelnej-wysokosci","product_tag-kolowroty-pracownicze","product_tag-kolowroty-przemyslowe-o-pelnej-wysokosci"],"_links":{"self":[{"href":"https:\/\/mairsturnstile.com\/pl\/wp-json\/wp\/v2\/product\/34606","targetHints":{"allow":["GET"]}}],"collection":[{"href":"https:\/\/mairsturnstile.com\/pl\/wp-json\/wp\/v2\/product"}],"about":[{"href":"https:\/\/mairsturnstile.com\/pl\/wp-json\/wp\/v2\/types\/product"}],"replies":[{"embeddable":true,"href":"https:\/\/mairsturnstile.com\/pl\/wp-json\/wp\/v2\/comments?post=34606"}],"version-history":[{"count":1,"href":"https:\/\/mairsturnstile.com\/pl\/wp-json\/wp\/v2\/product\/34606\/revisions"}],"predecessor-version":[{"id":72644,"href":"https:\/\/mairsturnstile.com\/pl\/wp-json\/wp\/v2\/product\/34606\/revisions\/72644"}],"wp:featuredmedia":[{"embeddable":true,"href":"https:\/\/mairsturnstile.com\/pl\/wp-json\/wp\/v2\/media\/20991"}],"wp:attachment":[{"href":"https:\/\/mairsturnstile.com\/pl\/wp-json\/wp\/v2\/media?parent=34606"}],"wp:term":[{"taxonomy":"product_cat","embeddable":true,"href":"https:\/\/mairsturnstile.com\/pl\/wp-json\/wp\/v2\/product_cat?post=34606"},{"taxonomy":"product_tag","embeddable":true,"href":"https:\/\/mairsturnstile.com\/pl\/wp-json\/wp\/v2\/product_tag?post=34606"}],"curies":[{"name":"wp","href":"https:\/\/api.w.org\/{rel}","templated":true}]}}