{"id":34607,"date":"2020-09-12T18:47:33","date_gmt":"2020-09-12T10:47:33","guid":{"rendered":"https:\/\/mairsturnstile.com\/product\/kolowrotek-dwustronny-o-pelnej-wysokosci-mt403-1"},"modified":"2026-05-06T16:43:34","modified_gmt":"2026-05-06T08:43:34","slug":"kolowrot-o-pelnej-wysokosci-dwupasmowy","status":"publish","type":"product","link":"https:\/\/mairsturnstile.com\/pl\/produkt\/kolowrot-o-pelnej-wysokosci-dwupasmowy","title":{"rendered":"DWUPASMOWA BRAMKA OBROTOWA O PE\u0141NEJ WYSOKO\u015aCI"},"content":{"rendered":"        <!-- 3D Model html -->\r\n        <div class=\"bp_grand wrapper_19985\">   \r\n        <div class=\"bp_model_parent\">\r\n            <model-viewer class=\"model\" id=\"bp_model_id_19985\" src=\"http:\/\/mairsturnstile.com\/wp-content\/uploads\/2024\/07\/\u53cc\u95e8\u95e8\u5168\u9ad8\u8f6c\u95f8\u5e95\u5ea7\u8f6e\u5b50.glb\" alt=\"\u53cc\u95e8\u95e8\u5168\u9ad8\u8f6c\u95f8+\u5e95\u5ea7+\u8f6e\u5b50\" camera-controls  loading=\"auto\" auto-rotate                        >\r\n            <\/model-viewer>\r\n        \r\n            <!-- Button -->\r\n            <svg id=\"openBtn\" width=\"30px\" height=\"30px\" viewBox=\"0 0 16 16\" xmlns=\"http:\/\/www.w3.org\/2000\/svg\" fill=\"#f2f2f2\" class=\"bi bi-arrows-fullscreen model-icon\">\r\n                <path fill-rule=\"evenodd\" d=\"M5.828 10.172a.5.5 0 0 0-.707 0l-4.096 4.096V11.5a.5.5 0 0 0-1 0v3.975a.5.5 0 0 0 .5.5H4.5a.5.5 0 0 0 0-1H1.732l4.096-4.096a.5.5 0 0 0 0-.707zm4.344 0a.5.5 0 0 1 .707 0l4.096 4.096V11.5a.5.5 0 1 1 1 0v3.975a.5.5 0 0 1-.5.5H11.5a.5.5 0 0 1 0-1h2.768l-4.096-4.096a.5.5 0 0 1 0-.707zm0-4.344a.5.5 0 0 0 .707 0l4.096-4.096V4.5a.5.5 0 1 0 1 0V.525a.5.5 0 0 0-.5-.5H11.5a.5.5 0 0 0 0 1h2.768l-4.096 4.096a.5.5 0 0 0 0 .707zm-4.344 0a.5.5 0 0 1-.707 0L1.025 1.732V4.5a.5.5 0 0 1-1 0V.525a.5.5 0 0 1 .5-.5H4.5a.5.5 0 0 1 0 1H1.732l4.096 4.096a.5.5 0 0 1 0 .707z\"\/>\r\n            <\/svg>\r\n        \r\n            <svg id=\"closeBtn\" class=\"model-icon\" width=\"34px\" height=\"34px\" viewBox=\"0 0 24 24\" xmlns=\"http:\/\/www.w3.org\/2000\/svg\">\r\n                <path fill=\"none\" stroke=\"#f2f2f2\" stroke-width=\"2\" d=\"M7,7 L17,17 M7,17 L17,7\"\/>\r\n            <\/svg>\r\n        \r\n        <\/div>\r\n        <\/div> \r\n\r\n        <!-- Model Viewer Style -->\r\n        <style>\r\n            \r\n            .wrapper_19985 .bp_model_parent, #bp_model_id_19985 {\r\n                width: 1150px;\r\n                max-width: 100%;\r\n                                            }\r\n            #bp_model_id_19985 {\r\n                height:700px;\r\n                background-color: #f2f2f2;\r\n            }\r\n            .fullscreen #bp_model_id_19985{\r\n            height: 100%;\r\n            width: 100%;\r\n            }\r\n            .wrapper_19985 .bp_model_parent{\r\n                justify-content: start            }\r\n            model-viewer.model {\r\n                --poster-color: transparent;\r\n            }\r\n        <\/style>\r\n        \r\n        \n<p>Mo\u017cemy \u015bwiadczy\u0107 us\u0142ugi OEM i ODM. Mo\u017cemy \u015bwiadczy\u0107 us\u0142ugi OEM i ODM. Mamy do\u015bwiadczonych projektant\u00f3w, kt\u00f3rzy s\u0105 w stanie dokona\u0107 g\u0142\u0119bokiej personalizacji wed\u0142ug Twoich potrzeb. Oszcz\u0119dzaj\u0105ca miejsce dwutorowa bramka obrotowa o pe\u0142nej wysoko\u015bci, kompaktowa, modu\u0142owa konstrukcja. W przeciwie\u0144stwie do niepor\u0119cznych, oddzielnych modu\u0142\u00f3w, nasza podw\u00f3jna, pe\u0142nowymiarowa bramka obrotowa dzieli centraln\u0105 szafk\u0119, co minimalizuje zajmowan\u0105 przestrze\u0144. Unikalna, op\u0142ywowa estetyka \u2013 zapytaj o wycen\u0119. <\/p>\n<p>Wprowadzili\u015bmy r\u00f3wnie\u017c now\u0105 seri\u0119 bramek obrotowych o pe\u0142nej wysoko\u015bci, o stylowym wygl\u0105dzie i solidnej konstrukcji. Sprawd\u017a: <a href=\"https:\/\/mairsturnstile.com\/full-height-series-turnstile\" target=\"_blank\" rel=\"noopener\">seria ko\u0142owrot\u00f3w o pe\u0142nej wysoko\u015bci<\/a> <\/p>\n<h4>Dwutorowy ko\u0142owr\u00f3t o pe\u0142nej wysoko\u015bci obj\u0119ty jest 2-letni\u0105 gwarancj\u0105 i trwa\u0142ym wsparciem w zakresie konserwacji i napraw.<\/h4>\n<p>Dostarczamy r\u00f3wnie\u017c urz\u0105dzenia biometryczne, takie jak czytniki kart IC\/ID, skanery linii papilarnych, skanery kod\u00f3w QR, kamery rozpoznaj\u0105ce twarz i tak dalej. Je\u015bli chcesz zintegrowa\u0107 te urz\u0105dzenia z bramk\u0105 obrotow\u0105 pe\u0142nej wysoko\u015bci lub masz jakie\u015b pytania, <a href=\"https:\/\/mairsturnstile.com\/contact\" target=\"_blank\" rel=\"noopener\">skontaktuj si\u0119 z nami<\/a><\/p>\n<p style=\"font-weight: 400;\" data-spm-anchor-id=\"a2700.details.pronpeci14.i1.21073656hQew9t\"><span style=\"font-style: inherit; font-weight: inherit;\">Podw\u00f3jna bramka obrotowa o pe\u0142nej wysoko\u015bci Podw\u00f3jna bramka obrotowa o pe\u0142nej wysoko\u015bci Obrotowabramka dla pieszych<\/span> <a href=\"https:\/\/en.wikipedia.org\/wiki\/Access_control\" target=\"_blank\" rel=\"noopener\">Kontrola dost\u0119pu<\/a>.<\/p>\n<p data-spm-anchor-id=\"a2700.details.pronpeci14.i1.21073656hQew9t\"><strong>Dwupasmowy ko\u0142owr\u00f3t o pe\u0142nej wysoko\u015bci jest rodzajem bramki obrotowej o pe\u0142nej wysoko\u015bci z 2 kana\u0142ami lub 2 pasami. Dwutorowy ko\u0142owr\u00f3t o pe\u0142nej wysoko\u015bci sk\u0142ada si\u0119 z podw\u00f3jnego mechanizmu steruj\u0105cego i dw\u00f3ch grup pr\u0119t\u00f3w blokuj\u0105cych ze stali nierdzewnej; \u015arodkowe podwozie to konstrukcja z podw\u00f3jnym mechanizmem, kt\u00f3ra kontroluje przep\u0142yw personelu w lewym i prawym kanale.<\/strong> W por\u00f3wnaniu z pojedynczym ko\u0142owrotem o pe\u0142nej wysoko\u015bci, cena podw\u00f3jnego ko\u0142owrotu o pe\u0142nej wysoko\u015bci jest wy\u017csza, prawie dwukrotnie wy\u017csza od ceny pojedynczego ko\u0142owrotu o pe\u0142nej wysoko\u015bci, poniewa\u017c u\u017cyte materia\u0142y i podstawowe elementy wewn\u0105trz s\u0105 w zasadzie podw\u00f3jne.<\/p>\n<p data-spm-anchor-id=\"a2700.details.pronpeci14.i1.21073656hQew9t\">Oczywi\u015bcie zapewniamy r\u00f3wnie\u017c pojedynczy ko\u0142owrotek o pe\u0142nej wysoko\u015bci. Czym jest pojedynczy ko\u0142owr\u00f3t o pe\u0142nej wysoko\u015bci? Jest to \u0142atwe do zrozumienia, w odr\u00f3\u017cnieniu od podw\u00f3jnego ko\u0142owrotu o pe\u0142nej wysoko\u015bci, pojedynczy ko\u0142owr\u00f3t o pe\u0142nej wysoko\u015bci sk\u0142ada si\u0119 z jednego mechanizmu steruj\u0105cego i jednego pr\u0119ta blokuj\u0105cego ze stali nierdzewnej, kt\u00f3ry ma tylko jedno przej\u015bcie lub kana\u0142. Pojedynczy ko\u0142owr\u00f3t o pe\u0142nej wysoko\u015bci nadaje si\u0119 tylko do miejsc, w kt\u00f3rych wymagane jest pojedyncze przej\u015bcie lub kana\u0142. <span style=\"font-weight: 400;\">Dwutorowy ko\u0142owr\u00f3t o pe\u0142nej wysoko\u015bci nadaje si\u0119 do niezawodnej kontroli dost\u0119pu i dobrze nadaje si\u0119 do u\u017cytku zewn\u0119trznego i wewn\u0119trznego na stadionach pi\u0142karskich, obiektach sportowych i miejscach wysokiego ryzyka. <a href=\"https:\/\/mairsturnstile.com\/full-height-turnstiles.html\" target=\"_blank\" rel=\"noopener\">Bramki obrotowe o pe\u0142nej wysoko\u015bci<\/a> <\/span>produkt mo\u017ce by\u0107 stosowany zar\u00f3wno do kontroli dost\u0119pu wewn\u0105trz, jak i na zewn\u0105trz.<\/p>\n<p><span style=\"font-weight: 400;\">Nasza gama ko\u0142owrot\u00f3w o podw\u00f3jnej pe\u0142nej wysoko\u015bci jest wyposa\u017cona w wysokiej jako\u015bci powierzchni\u0119 antykorozyjn\u0105 i gwarantuje niezawodne dzia\u0142anie w ekstremalnych warunkach zewn\u0119trznych.<\/span><\/p>\n<p><span style=\"font-style: inherit; font-weight: inherit;\">Opr\u00f3cz bezpiecze\u0144stwa wej\u015bcia i holu, kolejnym wa\u017cnym aspektem do rozwa\u017cenia jest bezpiecze\u0144stwo na obwodzie budynku.<\/span> Podw\u00f3jna bramka obrotowa o pe\u0142nej wysoko\u015bci, prosto z fabryki. Zaoszcz\u0119d\u017a 25% na bramkach dwutorowych o pe\u0142nej wysoko\u015bci. Zyskaj najwy\u017cszej jako\u015bci bezpiecze\u0144stwo w dw\u00f3ch torach w ni\u017cszej cenie. Nasza dwutorowa bramka obrotowa o pe\u0142nej wysoko\u015bci jest dostarczana w stanie wst\u0119pnie zmontowanym, ma unikaln\u0105 konstrukcj\u0119 antywandalow\u0105 i jest szybka w monta\u017cu. Bezp\u0142atny monta\u017c. Podw\u00f3jna bramka obrotowa o pe\u0142nej wysoko\u015bci z zabezpieczeniem antywspinaczkowym, wysoko\u015b\u0107 2,1 m, z charakterystycznym wzorem kratki, skutecznie zapobiega wchodzeniu. Nasza dwutorowa bramka obrotowa o pe\u0142nej wysoko\u015bci posiada \u015bruby zabezpieczaj\u0105ce przed manipulacj\u0105 i unikalny wz\u00f3r falisty na obu torach. Dost\u0119pne kolory z palety RAL.     <\/p>\n\n        \t\n\t<style type=\"text\/css\">\n\t\t.slider-info-19989.bafg-slider-info .bafg-slider-title {\n\t\t\t\t\t\tfont-size: 22px;\n\t\t\t\t\t\t\n\t\t\t\n\t\t\t\t\t}\n\n\t\t.slider-info-19989.bafg-slider-info .bafg-slider-description {\n\t\t\t\n\t\t\t\n\t\t\t\t\t}\n\n\t\t.slider-info-19989.bafg-slider-info .bafg_slider_readmore_button {\n\t\t\t\n\t\t\t\n\t\t\t\n\t\t\t\n\t\t\t\n\t\t\ttext-align: center;\n\n\t\t\t\n\t\t\t\n\t\t\t\n\t\t\t\n\t\t\t\n\t\t\t\n\t\t\t\t\t}\n\n\t\t.slider-info-19989.bafg-slider-info .bafg_slider_readmore_button:hover {\n\n\t\t\t\n\t\t\t\n\t\t\t\t\t}\n\n\t<\/style>\n\t\n        <div class=\"bafg-twentytwenty-container slider-19989 \" bafg-orientation=\"horizontal\" bafg-default-offset=\"0.5\" bafg-before-label=\"Before\" bafg-after-label=\"After\" bafg-overlay=\"yes\" bafg-move-slider-on-hover=\"yes\" bafg-click-to-move=\"no\">\n              \n            <img decoding=\"async\" class=\"skip-lazy\" src=\"http:\/\/mairsturnstile.com\/wp-content\/uploads\/2024\/10\/dual-lane-full-height-turnstile.jpg\" alt=\"dual lane full height turnstile\" data-skip-lazy title=\"\">\n            <img decoding=\"async\" class=\"skip-lazy\" src=\"http:\/\/mairsturnstile.com\/wp-content\/uploads\/2024\/10\/dual-lane-full-height-turnstile-1.jpg\" alt=\"dual lane full height turnstile\" data-skip-lazy title=\"\">\n           \n        <\/div>\n\n        \t<div class=\"bafg-slider-info-wraper\">\n\t\t<div style=\"\" class=\"slider-info-19989 bafg-slider-info\">\n\t\t\t\t\t<\/div>\n\t<\/div>\n\t\n        <style type=\"text\/css\">\n            \n        <\/style>\n        \n<p>Mo\u017cemy r\u00f3wnie\u017c w ci\u0105gu kilku minut stworzy\u0107 dla Ciebie rendering na podstawie Twojego rzeczywistego scenariusza. Zapewniamy r\u00f3wnie\u017c szczeg\u00f3\u0142owy uk\u0142ad i rysunki, a tak\u017ce rysunki instalacyjne.<\/p>\n<p><span style=\"font-weight: 400;\"><span style=\"font-style: inherit; font-weight: inherit;\">Podw\u00f3jne ko\u0142owroty o pe\u0142nej wysoko\u015bci zapewniaj\u0105ce solidn\u0105 kontrol\u0119 dost\u0119pu, dobrze przystosowane do u\u017cytku zewn\u0119trznego i wewn\u0119trznego na stadionach pi\u0142karskich, obiektach sportowych i miejscach wysokiego ryzyka. <\/span><\/span> Why Our Double Full Height Turnstile Outlasts Competitors, Seamless Welding &#038; 316 Steel, No rust or weak joints. Our double full height turnstile uses proprietary laser welding and unique anti-corrosion coating. See the difference in a live demo.  <\/p>\n<p><span style=\"font-style: inherit; font-weight: inherit;\">Dost\u0119pne w konfiguracjach pojedynczych, podw\u00f3jnych i podw\u00f3jnych, z opcjonalnym daszkiem dachowym.<\/span><\/p>\n<ul>\n<li>Dwutorowy ko\u0142owr\u00f3t o pe\u0142nej wysoko\u015bci jest cz\u0119sto u\u017cywany w rozwi\u0105zaniach kontroli dost\u0119pu o wysokim poziomie bezpiecze\u0144stwa.<\/li>\n<li>Materia\u0142 korpusu to stal nierdzewna 304, kt\u00f3ra jest antykorozyjna, trwa\u0142a i ma wysok\u0105 odporno\u015b\u0107. Rami\u0119 jest typu U.<\/li>\n<li>Dwutorowy ko\u0142owr\u00f3t o pe\u0142nej wysoko\u015bci nadaje si\u0119 zar\u00f3wno do zastosowa\u0144 wewn\u0119trznych, jak i zewn\u0119trznych.<\/li>\n<li>Mo\u017cna go zintegrowa\u0107 z dowolnym systemem kontroli dost\u0119pu (np. urz\u0105dzeniem RFID, czytnikiem linii papilarnych, urz\u0105dzeniem biometrycznym).<\/li>\n<li>Aby spe\u0142ni\u0107 wymagania dotycz\u0105ce sterowania awaryjnego, bramka obrotowa otworzy si\u0119 automatycznie po wy\u0142\u0105czeniu zasilania.<\/li>\n<li>Mo\u017ce to by\u0107 kierunek pojedynczy lub podw\u00f3jny. Ile kosztuje bramka obrotowa?<\/li>\n<li>Mechanizm wyposa\u017cony jest w wysokiej jako\u015bci amortyzator hydrauliczny. Dzi\u0119ki temu urz\u0105dzeniu praca jest bardzo cicha i przebiega p\u0142ynniej.<\/li>\n<li>Funkcja autotestu, brama przywr\u00f3ci si\u0119 automatycznie po w\u0142\u0105czeniu zasilania.<\/li>\n<li>Mo\u017ce by\u0107 zdalnie sterowany i zarz\u0105dzany bezpo\u015brednio przez komputer.<\/li>\n<li>Opcja jednokierunkowa lub dwukierunkowa jest opcjonalna.<\/li>\n<li>Interfejs komunikacyjny: RS485<\/li>\n<li>Dwutorowy ko\u0142owr\u00f3t o pe\u0142nej wysoko\u015bci Z lampk\u0105 kontroln\u0105 LED.<\/li>\n<li>Mo\u017ce by\u0107 sterowany za pomoc\u0105 pilota i zarz\u0105dzany bezpo\u015brednio przez komputer.<\/li>\n<li>W przypadku awarii zasilania dost\u0119p do pasa ko\u0142owrotu b\u0119dzie wolny, zgodnie z wymogami bezpiecze\u0144stwa przeciwpo\u017carowego.<\/li>\n<li>Rozmiar\/konstrukcj\u0119 bramy mo\u017cna dostosowa\u0107 na podstawie rysunku klienta<\/li>\n<li>Rozmiar mo\u017cna dostosowa\u0107, aby spe\u0142ni\u0107 wymagania w r\u00f3\u017cnych miejscach.<\/li>\n<\/ul>\n<p>Mo\u017cemy zapewni\u0107 ca\u0142e rozwi\u0105zanie kontroli dost\u0119pu bezpiecze\u0144stwa. Je\u015bli posiadasz w\u0142asny system kontroli dost\u0119pu, mo\u017cesz bezpo\u015brednio skorzysta\u0107 z naszej bramki obrotowej. If you don&#8217;t have one, we also provide a complete security access control solution. Aby uzyska\u0107 szczeg\u00f3\u0142owe informacje, zapoznaj si\u0119 z poni\u017cszym filmem.<\/p>\n<p><iframe title=\"Nowa konstrukcja bramki obrotowej Meteor Series o pe\u0142nej wysoko\u015bci \u2013 bardziej wytrzyma\u0142a, wy\u017csza i bezpieczniejsza\" src=\"https:\/\/www.youtube.com\/embed\/AyBSFStUdhA\" width=\"1110\" height=\"650\" frameborder=\"0\" allowfullscreen=\"allowfullscreen\"><\/iframe><\/p>\n","protected":false},"excerpt":{"rendered":"<p>1. Rozmiar: 2400 * 1500 * 2310 mm (mo\u017cna dostosowa\u0107)<\/p>\n<p>2. Szeroko\u015b\u0107 pasa: 650 mm (mo\u017cna dostosowa\u0107)<\/p>\n<p>3. Pr\u0119dko\u015b\u0107 przejazdu: 30 os.\/min<\/p>\n<p>4. Zasilanie: 110 V\/220 V 50\/60 Hz<\/p>\n<p>5. Ko\u0142owroty o pe\u0142nej wysoko\u015bci. Elektromagnes: DC24V<\/p>\n<p>6. Sygna\u0142 otwarcia bramy: styk bezpr\u0105dowy\/przeka\u017anik<\/p>\n<p>7. Napi\u0119cie logiczne: DC24V<\/p>\n<p>8. Materia\u0142 obudowy: stal nierdzewna 304 lub stal nierdzewna 316<\/p>\n<p>9. Kierunek obrotu: dwukierunkowy<\/p>\n<p><span style=\"color: #000000;\"><strong><a style=\"color: #000000;\" title=\"Ko\u0142owr\u00f3t o pe\u0142nej wysoko\u015bci z certyfikatem CE Mairs\" href=\"http:\/\/mairsturnstile.com\/wp-content\/uploads\/2022\/09\/Mairs-CE-Certificate-Full-Height-Turnstile.pdf\" target=\"_blank\" rel=\"noopener noreferrer\">Certyfikat CE,<\/a> <a style=\"color: #000000;\" title=\"Certyfikat Mairs ISO9001\" href=\"http:\/\/mairsturnstile.com\/wp-content\/uploads\/2022\/09\/Mairs-Registration-Certificate-ISO9001.pdf\" target=\"_blank\" rel=\"noopener noreferrer\">Certyfikat ISO9001.<\/a><\/strong><\/span><\/p>\n<p><a title=\"Broszura dotycz\u0105ca ko\u0142owrot\u00f3w dwutorowych o pe\u0142nej wysoko\u015bci\" href=\"https:\/\/mairsturnstile-online.com\/flipbook\/mt403-1-full-height-turnstile-brochure\" target=\"_blank\" rel=\"noopener noreferrer\"><span style=\"color: #fcaf3b;\"><strong>Download MT403-1 Dual Lane Full Height Turnstile Brochure<\/strong><\/span><\/a><\/p>\n<p><a title=\"Instrukcja monta\u017cu ko\u0142owrotu o pe\u0142nej wysoko\u015bci\" href=\"http:\/\/mairsturnstile.com\/wp-content\/uploads\/2023\/09\/Full-height-turnstile-installation-manual.pdf\" target=\"_blank\" rel=\"noopener noreferrer\"><strong><span style=\"color: #fcaf3b;\">Download Full Height Turnstile User &#038; Installation Manual<\/span><\/strong><\/a><\/p>\n","protected":false},"featured_media":20951,"comment_status":"closed","ping_status":"closed","template":"","meta":{"neve_meta_sidebar":"","neve_meta_container":"","neve_meta_enable_content_width":"off","neve_meta_content_width":0,"neve_meta_title_alignment":"","neve_meta_author_avatar":"","neve_post_elements_order":"","neve_meta_disable_header":"","neve_meta_disable_footer":"","neve_meta_disable_title":"","_ti_tpc_template_sync":false,"_ti_tpc_template_id":""},"product_cat":[2034,2031],"product_tag":[2727,2723,2719,2726],"class_list":["post-34607","product","type-product","status-publish","has-post-thumbnail","hentry","product_cat-kolowroty-bezpieczenstwa","product_cat-kolowroty-o-pelnej-wysokosci","product_tag-dwutorowy-kolowrot-o-pelnej-wysokosci","product_tag-kolowroty-przemyslowe-o-pelnej-wysokosci","product_tag-podwojny-kolowrot-o-pelnej-wysokosci","product_tag-podwojny-kolowrotek-o-pelnej-wysokosci"],"_links":{"self":[{"href":"https:\/\/mairsturnstile.com\/pl\/wp-json\/wp\/v2\/product\/34607","targetHints":{"allow":["GET"]}}],"collection":[{"href":"https:\/\/mairsturnstile.com\/pl\/wp-json\/wp\/v2\/product"}],"about":[{"href":"https:\/\/mairsturnstile.com\/pl\/wp-json\/wp\/v2\/types\/product"}],"replies":[{"embeddable":true,"href":"https:\/\/mairsturnstile.com\/pl\/wp-json\/wp\/v2\/comments?post=34607"}],"version-history":[{"count":1,"href":"https:\/\/mairsturnstile.com\/pl\/wp-json\/wp\/v2\/product\/34607\/revisions"}],"predecessor-version":[{"id":72645,"href":"https:\/\/mairsturnstile.com\/pl\/wp-json\/wp\/v2\/product\/34607\/revisions\/72645"}],"wp:featuredmedia":[{"embeddable":true,"href":"https:\/\/mairsturnstile.com\/pl\/wp-json\/wp\/v2\/media\/20951"}],"wp:attachment":[{"href":"https:\/\/mairsturnstile.com\/pl\/wp-json\/wp\/v2\/media?parent=34607"}],"wp:term":[{"taxonomy":"product_cat","embeddable":true,"href":"https:\/\/mairsturnstile.com\/pl\/wp-json\/wp\/v2\/product_cat?post=34607"},{"taxonomy":"product_tag","embeddable":true,"href":"https:\/\/mairsturnstile.com\/pl\/wp-json\/wp\/v2\/product_tag?post=34607"}],"curies":[{"name":"wp","href":"https:\/\/api.w.org\/{rel}","templated":true}]}}