{"id":34608,"date":"2020-09-12T18:44:26","date_gmt":"2020-09-12T10:44:26","guid":{"rendered":"https:\/\/mairsturnstile.com\/product\/najlepsze-bramki-obrotowe-na-stadiony-pilkarskie-na-sprzedaz-mt402-3"},"modified":"2026-05-06T16:47:03","modified_gmt":"2026-05-06T08:47:03","slug":"kolowrotki-stadion-pilkarski","status":"publish","type":"product","link":"https:\/\/mairsturnstile.com\/pl\/produkt\/kolowrotki-stadion-pilkarski","title":{"rendered":"Bramki obrotowe Quality Football Stadium"},"content":{"rendered":"        <!-- 3D Model html -->\r\n        <div class=\"bp_grand wrapper_19981\">   \r\n        <div class=\"bp_model_parent\">\r\n            <model-viewer class=\"model\" id=\"bp_model_id_19981\" src=\"http:\/\/mairsturnstile.com\/wp-content\/uploads\/2023\/06\/MT402-3.glb\" alt=\"MT402-3\" camera-controls  loading=\"auto\" auto-rotate                        >\r\n            <\/model-viewer>\r\n        \r\n            <!-- Button -->\r\n            <svg id=\"openBtn\" width=\"30px\" height=\"30px\" viewBox=\"0 0 16 16\" xmlns=\"http:\/\/www.w3.org\/2000\/svg\" fill=\"#f2f2f2\" class=\"bi bi-arrows-fullscreen model-icon\">\r\n                <path fill-rule=\"evenodd\" d=\"M5.828 10.172a.5.5 0 0 0-.707 0l-4.096 4.096V11.5a.5.5 0 0 0-1 0v3.975a.5.5 0 0 0 .5.5H4.5a.5.5 0 0 0 0-1H1.732l4.096-4.096a.5.5 0 0 0 0-.707zm4.344 0a.5.5 0 0 1 .707 0l4.096 4.096V11.5a.5.5 0 1 1 1 0v3.975a.5.5 0 0 1-.5.5H11.5a.5.5 0 0 1 0-1h2.768l-4.096-4.096a.5.5 0 0 1 0-.707zm0-4.344a.5.5 0 0 0 .707 0l4.096-4.096V4.5a.5.5 0 1 0 1 0V.525a.5.5 0 0 0-.5-.5H11.5a.5.5 0 0 0 0 1h2.768l-4.096 4.096a.5.5 0 0 0 0 .707zm-4.344 0a.5.5 0 0 1-.707 0L1.025 1.732V4.5a.5.5 0 0 1-1 0V.525a.5.5 0 0 1 .5-.5H4.5a.5.5 0 0 1 0 1H1.732l4.096 4.096a.5.5 0 0 1 0 .707z\"\/>\r\n            <\/svg>\r\n        \r\n            <svg id=\"closeBtn\" class=\"model-icon\" width=\"34px\" height=\"34px\" viewBox=\"0 0 24 24\" xmlns=\"http:\/\/www.w3.org\/2000\/svg\">\r\n                <path fill=\"none\" stroke=\"#f2f2f2\" stroke-width=\"2\" d=\"M7,7 L17,17 M7,17 L17,7\"\/>\r\n            <\/svg>\r\n        \r\n        <\/div>\r\n        <\/div> \r\n\r\n        <!-- Model Viewer Style -->\r\n        <style>\r\n            \r\n            .wrapper_19981 .bp_model_parent, #bp_model_id_19981 {\r\n                width: 1150px;\r\n                max-width: 100%;\r\n                                            }\r\n            #bp_model_id_19981 {\r\n                height:700px;\r\n                background-color: #f2f2f2;\r\n            }\r\n            .fullscreen #bp_model_id_19981{\r\n            height: 100%;\r\n            width: 100%;\r\n            }\r\n            .wrapper_19981 .bp_model_parent{\r\n                justify-content: start            }\r\n            model-viewer.model {\r\n                --poster-color: transparent;\r\n            }\r\n        <\/style>\r\n        \r\n        \n<p>Bramki obrotowe na stadionach pi\u0142karskich s\u0105 rodzajem elektrycznego urz\u0105dzenia kontroli dost\u0119pu u\u017cywanego na boiskach pi\u0142karskich, obiektach sportowych lub innych wydarzeniach na du\u017c\u0105 skal\u0119. Mog\u0105 one skutecznie uniemo\u017cliwi\u0107 nieautoryzowanemu personelowi wej\u015bcie lub opuszczenie stadionu.  Bramki obrotowe na stadiony pi\u0142karskie s\u0105 dost\u0119pne w r\u00f3\u017cnych stylach, zazwyczaj sk\u0142adaj\u0105 si\u0119 z dw\u00f3ch lub trzech obrotowych bramek obrotowych o wysoko\u015bci od 2,5 do 3 metr\u00f3w, tworz\u0105cych wiele kana\u0142\u00f3w. Bramki obrotowe na stadionach pi\u0142karskich mog\u0105 by\u0107 r\u00f3wnie\u017c u\u017cywane w po\u0142\u0105czeniu z wieloma innymi urz\u0105dzeniami zabezpieczaj\u0105cymi, takimi jak rozpoznawanie twarzy, czytniki kart, skanery linii papilarnych itp. w celu zapewnienia wy\u017cszego poziomu bezpiecze\u0144stwa. <\/p>\n<p>Bramki obrotowe na stadiony pi\u0142karskie, pe\u0142na wysoko\u015b\u0107, unikalna konstrukcja, do wej\u015b\u0107 o du\u017cym nat\u0119\u017ceniu ruchu. Nasze bramki obrotowe o pe\u0142nej wysoko\u015bci posiadaj\u0105 opatentowane, zakrzywione korpusy i logik\u0119 zapobiegaj\u0105c\u0105 wchodzeniu na trybuny. Obs\u0142uguj\u0105 ponad 30 kibic\u00f3w na tor na minut\u0119. Wysokiej jako\u015bci stal nierdzewna 304, stopie\u0144 ochrony IP66. Bramki obrotowe na stadiony pi\u0142karskie z biometrycznym systemem bilet\u00f3w, kontrol\u0105 dost\u0119pu na pe\u0142nej wysoko\u015bci, bezproblemow\u0105 integracj\u0105 bilet\u00f3w za pomoc\u0105 kodu QR lub NFC. Nasze bramki obrotowe o pe\u0142nej wysoko\u015bci posiadaj\u0105 ukryte kana\u0142y kablowe, unikaln\u0105 kratk\u0119 antywspinaczkow\u0105 i cich\u0105 prac\u0119.    <\/p>\n<p>Mo\u017cemy \u015bwiadczy\u0107 us\u0142ugi OEM i ODM. Dostarczamy r\u00f3wnie\u017c urz\u0105dzenia biometryczne, takie jak czytniki kart IC\/ID, skanery linii papilarnych, skanery kod\u00f3w QR, kamery rozpoznaj\u0105ce twarz i tak dalej. Wprowadzili\u015bmy r\u00f3wnie\u017c na rynek now\u0105 seri\u0119 pe\u0142nowymiarowych bramek obrotowych o stylowym wygl\u0105dzie i solidnej konstrukcji. Sprawd\u017a: <a href=\"https:\/\/mairsturnstile.com\/full-height-series-turnstile\" target=\"_blank\" rel=\"noopener\">seria pe\u0142nowymiarowych bramek obrotowych<\/a>, wytrzyma\u0142e bramki obrotowe na stadiony pi\u0142karskie, 15 milion\u00f3w cykli na meczowe szczyty, zbudowane dla ponad 50 000 kibic\u00f3w w dniu meczu. Nasze pe\u0142nowymiarowe bramki obrotowe \u0142\u0105cz\u0105 unikaln\u0105 aerodynamiczn\u0105 obudow\u0119 z nap\u0119dem niewymagaj\u0105cym konserwacji. Posiadaj\u0105 certyfikat CE. Odporne na warunki atmosferyczne bramki obrotowe na stadiony pi\u0142karskie, klasa szczelno\u015bci IP66, odporne na deszcz i \u015bnieg, niezawodne w ka\u017cdych warunkach klimatycznych (od -40\u00b0C do +70\u00b0C). Nasze bramki obrotowe na stadiony pi\u0142karskie s\u0105 wykonane ze stali nierdzewnej 316 klasy morskiej i wyposa\u017cone w unikalny samoczyszcz\u0105cy rotor. Pobierz specyfikacj\u0119 techniczn\u0105.      <\/p>\n<p>Dzia\u0142anie bramki obrotowej do pi\u0142ki no\u017cnej jest bardzo proste. Gdy widzowie lub pracownicy musz\u0105 wej\u015b\u0107 na stadion, musz\u0105 zweryfikowa\u0107 swoj\u0105 to\u017csamo\u015b\u0107, podaj\u0105c kod QR, dokumenty to\u017csamo\u015bci lub inne \u015brodki identyfikacji. Nast\u0119pnie, po autoryzacji, bramka obrotowa do pi\u0142ki no\u017cnej otworzy si\u0119 i osoby te b\u0119d\u0105 mog\u0142y wej\u015b\u0107 na obiekt. Ten sam proces dotyczy ich wyj\u015bcia z obiektu.   <\/p>\n<p>Te <a href=\"https:\/\/mairsturnstile.com\/full-height-turnstiles.html\" target=\"_blank\" rel=\"noopener\">ko\u0142owroty o pe\u0142nej wysoko\u015bci<\/a> ze stali nierdzewnej 304 zapewniaj\u0105 stabilny i skuteczny spos\u00f3b zapewnienia, \u017ce tylko upowa\u017cnione osoby b\u0119d\u0105 mia\u0142y dost\u0119p do ka\u017cdego obszaru budynku.<\/p>\n<p>Te bramki obrotowe na stadionach pi\u0142karskich to podw\u00f3jne pasy, kt\u00f3re zosta\u0142y zaprojektowane do kontrolowania pieszych wchodz\u0105cych i wychodz\u0105cych, wykorzystuj\u0105c \u017celazo z czarn\u0105 pow\u0142ok\u0105 proszkow\u0105. Jest to konstrukcja odporna na kurz, rdz\u0119 i deszcz, odpowiednia do u\u017cytku wewn\u0105trz i na zewn\u0105trz. Jest \u0142atwy do zintegrowania z innymi urz\u0105dzeniami do odczytu\/zapisu, takimi jak kamera do <a href=\"https:\/\/en.wikipedia.org\/wiki\/Category:Face_recognition\" target=\"_blank\" rel=\"noopener\">rozpoznawania twarzy<\/a>, i jest szeroko stosowany w aplikacjach takich jak stadiony, mieszkania, si\u0142ownie, muzea, stacje, spo\u0142eczno\u015bci i fabryki itp. Mairs oferuje najlepsze bramki obrotowe na stadiony pi\u0142karskie.<\/p>\n\n        \t\n\t<style type=\"text\/css\">\n\t\t.slider-info-19992.bafg-slider-info .bafg-slider-title {\n\t\t\t\t\t\tfont-size: 22px;\n\t\t\t\t\t\t\n\t\t\t\n\t\t\t\t\t}\n\n\t\t.slider-info-19992.bafg-slider-info .bafg-slider-description {\n\t\t\t\n\t\t\t\n\t\t\t\t\t}\n\n\t\t.slider-info-19992.bafg-slider-info .bafg_slider_readmore_button {\n\t\t\t\n\t\t\t\n\t\t\t\n\t\t\t\n\t\t\t\n\t\t\ttext-align: center;\n\n\t\t\t\n\t\t\t\n\t\t\t\n\t\t\t\n\t\t\t\n\t\t\t\n\t\t\t\t\t}\n\n\t\t.slider-info-19992.bafg-slider-info .bafg_slider_readmore_button:hover {\n\n\t\t\t\n\t\t\t\n\t\t\t\t\t}\n\n\t<\/style>\n\t\n        <div class=\"bafg-twentytwenty-container slider-19992 \" bafg-orientation=\"horizontal\" bafg-default-offset=\"0.5\" bafg-before-label=\"Before\" bafg-after-label=\"After\" bafg-overlay=\"yes\" bafg-move-slider-on-hover=\"yes\" bafg-click-to-move=\"no\">\n              \n            <img decoding=\"async\" class=\"skip-lazy\" src=\"http:\/\/mairsturnstile.com\/wp-content\/uploads\/2024\/10\/construction-turnstiles-5.jpg\" alt=\"construction turnstiles\" data-skip-lazy title=\"\">\n            <img decoding=\"async\" class=\"skip-lazy\" src=\"http:\/\/mairsturnstile.com\/wp-content\/uploads\/2024\/10\/football-stadium-turnstiles-3.jpg\" alt=\"football stadium turnstiles\" data-skip-lazy title=\"\">\n           \n        <\/div>\n\n        \t<div class=\"bafg-slider-info-wraper\">\n\t\t<div style=\"\" class=\"slider-info-19992 bafg-slider-info\">\n\t\t\t\t\t<\/div>\n\t<\/div>\n\t\n        <style type=\"text\/css\">\n            \n        <\/style>\n        \n<p>Mo\u017cemy r\u00f3wnie\u017c w ci\u0105gu kilku minut stworzy\u0107 dla Ciebie rendering na podstawie Twojego rzeczywistego scenariusza. Zapewniamy r\u00f3wnie\u017c szczeg\u00f3\u0142owy uk\u0142ad i rysunki, a tak\u017ce rysunki instalacyjne.<\/p>\n<ul>\n<li>Bramki obrotowe na stadionach pi\u0142karskich s\u0105 cz\u0119sto stosowane w rozwi\u0105zaniach kontroli dost\u0119pu o wysokim poziomie bezpiecze\u0144stwa.<\/li>\n<li>Materia\u0142 korpusu to stal nierdzewna 304, kt\u00f3ra jest antykorozyjna, trwa\u0142a i ma wysok\u0105 odporno\u015b\u0107. Rami\u0119 jest typu U.<\/li>\n<li>Bramki obrotowe na stadionach pi\u0142karskich nadaj\u0105 si\u0119 zar\u00f3wno do zastosowa\u0144 wewn\u0119trznych, jak i zewn\u0119trznych.<\/li>\n<li>Mo\u017ce to by\u0107 kierunek pojedynczy lub podw\u00f3jny.<\/li>\n<li>Aby spe\u0142ni\u0107 wymagania dotycz\u0105ce sterowania awaryjnego, bramka obrotowa otworzy si\u0119 automatycznie po wy\u0142\u0105czeniu zasilania.<\/li>\n<li>Ca\u0142y system dzia\u0142a p\u0142ynnie, zapewniaj\u0105c d\u0142ug\u0105 \u017cywotno\u015b\u0107, wysok\u0105 niezawodno\u015b\u0107 dzia\u0142ania i szybk\u0105 reakcj\u0119.<\/li>\n<li>Mechanizm wyposa\u017cony jest w wysokiej jako\u015bci amortyzator hydrauliczny. Dzi\u0119ki temu urz\u0105dzeniu praca jest bardzo cicha i przebiega p\u0142ynniej.<\/li>\n<li>Funkcja autotestu, brama przywr\u00f3ci si\u0119 automatycznie po w\u0142\u0105czeniu zasilania.<\/li>\n<li>Kierunek obrotu: dwukierunkowy\/jednokierunkowy<\/li>\n<li>Mo\u017ce by\u0107 zdalnie sterowany i zarz\u0105dzany bezpo\u015brednio przez komputer.<\/li>\n<li>Sprzedam najlepsze bramki obrotowe na stadiony pi\u0142karskie.<\/li>\n<li>Opcja jednokierunkowa lub dwukierunkowa jest opcjonalna.<\/li>\n<li>Z kontrolk\u0105 LED.<\/li>\n<li>Mo\u017ce by\u0107 sterowany za pomoc\u0105 pilota i zarz\u0105dzany bezpo\u015brednio przez komputer.<\/li>\n<li>W przypadku awarii zasilania dost\u0119p do pasa ko\u0142owrotu b\u0119dzie wolny, zgodnie z wymogami bezpiecze\u0144stwa przeciwpo\u017carowego.<\/li>\n<li>Rozmiar\/konstrukcj\u0119 bramy mo\u017cna dostosowa\u0107 na podstawie rysunku klienta.<\/li>\n<li>Rozmiar mo\u017cna dostosowa\u0107, aby spe\u0142ni\u0107 wymagania w r\u00f3\u017cnych miejscach.<\/li>\n<\/ul>\n<p>Mo\u017cemy zapewni\u0107 ca\u0142e rozwi\u0105zanie kontroli dost\u0119pu bezpiecze\u0144stwa. Je\u015bli posiadasz w\u0142asny system kontroli dost\u0119pu, mo\u017cesz bezpo\u015brednio skorzysta\u0107 z naszej bramki obrotowej. If you don&#8217;t have one, we also provide a complete security access control solution. Aby uzyska\u0107 szczeg\u00f3\u0142owe informacje, zapoznaj si\u0119 z poni\u017cszym filmem.<\/p>\n<p><iframe title=\"Nowa konstrukcja bramki obrotowej Meteor Series o pe\u0142nej wysoko\u015bci \u2013 bardziej wytrzyma\u0142a, wy\u017csza i bezpieczniejsza\" src=\"https:\/\/www.youtube.com\/embed\/AyBSFStUdhA\" width=\"1110\" height=\"650\" frameborder=\"0\" allowfullscreen=\"allowfullscreen\"><\/iframe><\/p>\n","protected":false},"excerpt":{"rendered":"<p>1. Rozmiar: 2400 * 1500 * 2310 mm (mo\u017cna dostosowa\u0107)<\/p>\n<p>2. Szeroko\u015b\u0107 pasa: 650 mm (mo\u017cna dostosowa\u0107)<\/p>\n<p>3. Pr\u0119dko\u015b\u0107 przejazdu: 30 os.\/min<\/p>\n<p>4. Zasilanie: 110 V\/220 V 50\/60 Hz<\/p>\n<p>5. Elektromagnes ko\u0142owrotu o pe\u0142nej wysoko\u015bci: DC24V<\/p>\n<p>6. Sygna\u0142 otwarcia bramy: styk bezpr\u0105dowy\/przeka\u017anik<\/p>\n<p>7. Napi\u0119cie logiczne: DC24V<\/p>\n<p>8. Materia\u0142 obudowy: stal nierdzewna 304 lub stal nierdzewna 316<\/p>\n<p>9. Niezawodno\u015b\u0107 mechanizmu: 5 milion\u00f3w, bez usterek<\/p>\n<p><span style=\"color: #000000;\"><strong><a style=\"color: #000000;\" title=\"Ko\u0142owr\u00f3t o pe\u0142nej wysoko\u015bci z certyfikatem CE Mairs\" href=\"http:\/\/mairsturnstile.com\/wp-content\/uploads\/2022\/09\/Mairs-CE-Certificate-Full-Height-Turnstile.pdf\" target=\"_blank\" rel=\"noopener noreferrer\">Certyfikat CE,<\/a> <a style=\"color: #000000;\" title=\"Certyfikat Mairs ISO9001\" href=\"http:\/\/mairsturnstile.com\/wp-content\/uploads\/2022\/09\/Mairs-Registration-Certificate-ISO9001.pdf\" target=\"_blank\" rel=\"noopener noreferrer\">Certyfikat ISO9001.<\/a><\/strong><\/span><\/p>\n<p><a title=\"Broszura z malowan\u0105 proszkowo bramk\u0105 obrotow\u0105 o pe\u0142nej wysoko\u015bci\" href=\"https:\/\/mairsturnstile-online.com\/flipbook\/mt402-3-full-height-turnstile-brochure\" target=\"_blank\" rel=\"noopener noreferrer\"><strong><span style=\"color: #fcaf3b;\">Download MT402-3 Double Full Height Turnstile Brochure<\/span><\/strong><\/a><\/p>\n<p><a title=\"Instrukcja monta\u017cu ko\u0142owrotu o pe\u0142nej wysoko\u015bci\" href=\"http:\/\/mairsturnstile.com\/wp-content\/uploads\/2023\/09\/Full-height-turnstile-installation-manual.pdf\" target=\"_blank\" rel=\"noopener noreferrer\"><strong><span style=\"color: #fcaf3b;\">Download Full Height Turnstile User &#038; Installation Manual<\/span><\/strong><\/a><\/p>\n","protected":false},"featured_media":21071,"comment_status":"closed","ping_status":"closed","template":"","meta":{"neve_meta_sidebar":"","neve_meta_container":"","neve_meta_enable_content_width":"off","neve_meta_content_width":0,"neve_meta_title_alignment":"","neve_meta_author_avatar":"","neve_post_elements_order":"","neve_meta_disable_header":"","neve_meta_disable_footer":"","neve_meta_disable_title":"","_ti_tpc_template_sync":false,"_ti_tpc_template_id":""},"product_cat":[2034,2031],"product_tag":[2729,2728,2084,2730],"class_list":["post-34608","product","type-product","status-publish","has-post-thumbnail","hentry","product_cat-kolowroty-bezpieczenstwa","product_cat-kolowroty-o-pelnej-wysokosci","product_tag-bramki-obrotowe-do-pilki-noznej","product_tag-bramki-obrotowe-stadionow-pilkarskich","product_tag-kolowroty-o-pelnej-wysokosci","product_tag-sprzedam-bramki-do-pilki-noznej"],"_links":{"self":[{"href":"https:\/\/mairsturnstile.com\/pl\/wp-json\/wp\/v2\/product\/34608","targetHints":{"allow":["GET"]}}],"collection":[{"href":"https:\/\/mairsturnstile.com\/pl\/wp-json\/wp\/v2\/product"}],"about":[{"href":"https:\/\/mairsturnstile.com\/pl\/wp-json\/wp\/v2\/types\/product"}],"replies":[{"embeddable":true,"href":"https:\/\/mairsturnstile.com\/pl\/wp-json\/wp\/v2\/comments?post=34608"}],"version-history":[{"count":1,"href":"https:\/\/mairsturnstile.com\/pl\/wp-json\/wp\/v2\/product\/34608\/revisions"}],"predecessor-version":[{"id":72646,"href":"https:\/\/mairsturnstile.com\/pl\/wp-json\/wp\/v2\/product\/34608\/revisions\/72646"}],"wp:featuredmedia":[{"embeddable":true,"href":"https:\/\/mairsturnstile.com\/pl\/wp-json\/wp\/v2\/media\/21071"}],"wp:attachment":[{"href":"https:\/\/mairsturnstile.com\/pl\/wp-json\/wp\/v2\/media?parent=34608"}],"wp:term":[{"taxonomy":"product_cat","embeddable":true,"href":"https:\/\/mairsturnstile.com\/pl\/wp-json\/wp\/v2\/product_cat?post=34608"},{"taxonomy":"product_tag","embeddable":true,"href":"https:\/\/mairsturnstile.com\/pl\/wp-json\/wp\/v2\/product_tag?post=34608"}],"curies":[{"name":"wp","href":"https:\/\/api.w.org\/{rel}","templated":true}]}}