{"id":34610,"date":"2020-09-12T18:39:07","date_gmt":"2020-09-12T10:39:07","guid":{"rendered":"https:\/\/mairsturnstile.com\/product\/podwojny-kolowrot-o-pelnej-wysokosci-mt402-2"},"modified":"2024-10-30T19:17:50","modified_gmt":"2024-10-30T11:17:50","slug":"kolowrot-o-pelnej-wysokosci-singapur","status":"publish","type":"product","link":"https:\/\/mairsturnstile.com\/pl\/produkt\/kolowrot-o-pelnej-wysokosci-singapur","title":{"rendered":"PODW\u00d3JNY KO\u0141OWR\u00d3T O PE\u0141NEJ WYSOKO\u015aCI"},"content":{"rendered":"        <!-- 3D Model html -->\r\n        <div class=\"bp_grand wrapper_19979\">   \r\n        <div class=\"bp_model_parent\">\r\n            <model-viewer class=\"model\" id=\"bp_model_id_19979\" src=\"http:\/\/mairsturnstile.com\/wp-content\/uploads\/2023\/07\/MT402-2.glb\" alt=\"MT402-2\" camera-controls  loading=\"auto\" auto-rotate                        >\r\n            <\/model-viewer>\r\n        \r\n            <!-- Button -->\r\n            <svg id=\"openBtn\" width=\"30px\" height=\"30px\" viewBox=\"0 0 16 16\" xmlns=\"http:\/\/www.w3.org\/2000\/svg\" fill=\"#f2f2f2\" class=\"bi bi-arrows-fullscreen model-icon\">\r\n                <path fill-rule=\"evenodd\" d=\"M5.828 10.172a.5.5 0 0 0-.707 0l-4.096 4.096V11.5a.5.5 0 0 0-1 0v3.975a.5.5 0 0 0 .5.5H4.5a.5.5 0 0 0 0-1H1.732l4.096-4.096a.5.5 0 0 0 0-.707zm4.344 0a.5.5 0 0 1 .707 0l4.096 4.096V11.5a.5.5 0 1 1 1 0v3.975a.5.5 0 0 1-.5.5H11.5a.5.5 0 0 1 0-1h2.768l-4.096-4.096a.5.5 0 0 1 0-.707zm0-4.344a.5.5 0 0 0 .707 0l4.096-4.096V4.5a.5.5 0 1 0 1 0V.525a.5.5 0 0 0-.5-.5H11.5a.5.5 0 0 0 0 1h2.768l-4.096 4.096a.5.5 0 0 0 0 .707zm-4.344 0a.5.5 0 0 1-.707 0L1.025 1.732V4.5a.5.5 0 0 1-1 0V.525a.5.5 0 0 1 .5-.5H4.5a.5.5 0 0 1 0 1H1.732l4.096 4.096a.5.5 0 0 1 0 .707z\"\/>\r\n            <\/svg>\r\n        \r\n            <svg id=\"closeBtn\" class=\"model-icon\" width=\"34px\" height=\"34px\" viewBox=\"0 0 24 24\" xmlns=\"http:\/\/www.w3.org\/2000\/svg\">\r\n                <path fill=\"none\" stroke=\"#f2f2f2\" stroke-width=\"2\" d=\"M7,7 L17,17 M7,17 L17,7\"\/>\r\n            <\/svg>\r\n        \r\n        <\/div>\r\n        <\/div> \r\n\r\n        <!-- Model Viewer Style -->\r\n        <style>\r\n            \r\n            .wrapper_19979 .bp_model_parent, #bp_model_id_19979 {\r\n                width: 1150px;\r\n                max-width: 100%;\r\n                                            }\r\n            #bp_model_id_19979 {\r\n                height:700px;\r\n                background-color: #f2f2f2;\r\n            }\r\n            .fullscreen #bp_model_id_19979{\r\n            height: 100%;\r\n            width: 100%;\r\n            }\r\n            .wrapper_19979 .bp_model_parent{\r\n                justify-content: start            }\r\n            model-viewer.model {\r\n                --poster-color: transparent;\r\n            }\r\n        <\/style>\r\n        \r\n        \n<h2>KO\u0141Owr\u00f3t O PE\u0141NEJ WYSOKO\u015aCI SINGAPUR obj\u0119ty jest 2-letni\u0105 gwarancj\u0105 oraz trwa\u0142ym wsparciem w zakresie konserwacji i napraw.<\/h2>\n<p>Mo\u017cemy \u015bwiadczy\u0107 us\u0142ugi OEM i ODM. Mamy do\u015bwiadczonych projektant\u00f3w, kt\u00f3rzy s\u0105 w stanie dokona\u0107 g\u0142\u0119bokiej personalizacji wed\u0142ug Twoich potrzeb. W najszybszym mo\u017cliwym terminie udost\u0119pnimy szereg materia\u0142\u00f3w takich jak wizualizacje 3D, rysunki wymiarowe itp. Wprowadzili\u015bmy r\u00f3wnie\u017c now\u0105 seri\u0119 bramek obrotowych o pe\u0142nej wysoko\u015bci, o stylowym wygl\u0105dzie i solidnej konstrukcji. Sprawd\u017a: <a href=\"https:\/\/mairsturnstile.com\/full-height-series-turnstile\" target=\"_blank\" rel=\"noopener\">seria ko\u0142owrot\u00f3w o pe\u0142nej wysoko\u015bci<\/a> <\/p>\n<p>Dostarczamy r\u00f3wnie\u017c urz\u0105dzenia biometryczne, takie jak czytniki kart IC\/ID, skanery linii papilarnych, skanery kod\u00f3w QR, kamery rozpoznaj\u0105ce twarz i tak dalej. Eksportujemy bramki obrotowe o pe\u0142nej wysoko\u015bci do Singapuru po przyst\u0119pnej cenie. Je\u015bli potrzebujesz zintegrowa\u0107 te urz\u0105dzenia z bramk\u0105 obrotow\u0105 lub masz jakiekolwiek pytania, skontaktuj si\u0119 z nami.<\/p>\n<p>Ko\u0142owr\u00f3t o pe\u0142nej wysoko\u015bci Singapur jest odpowiedni do solidnej <a href=\"https:\/\/en.wikipedia.org\/wiki\/Access_control\" target=\"_blank\" rel=\"noopener\">kontroli dost\u0119pu<\/a> i dobrze nadaje si\u0119 do u\u017cytku zewn\u0119trznego i wewn\u0119trznego na stadionach pi\u0142karskich, obiektach sportowych i miejscach wysokiego ryzyka. Ta linia produkt\u00f3w z bramkami obrotowymi o pe\u0142nej wysoko\u015bci oferuje zastosowania kontroli dost\u0119pu zar\u00f3wno wewn\u0105trz, jak i na zewn\u0105trz. Mairs eksportuje <a href=\"https:\/\/mairsturnstile.com\/full-height-turnstiles.html\" target=\"_blank\" rel=\"noopener\">bramki obrotowe o pe\u0142nej wysoko\u015bci<\/a> do Singapuru w przyst\u0119pnej cenie.<\/p>\n<p>Nasza gama bramek obrotowych ma wysokiej jako\u015bci powierzchni\u0119 antykorozyjn\u0105 i gwarantuje niezawodne dzia\u0142anie w ekstremalnych warunkach zewn\u0119trznych.<\/p>\n\n        \t\n\t<style type=\"text\/css\">\n\t\t.slider-info-20004.bafg-slider-info .bafg-slider-title {\n\t\t\t\t\t\tfont-size: 22px;\n\t\t\t\t\t\t\n\t\t\t\n\t\t\t\t\t}\n\n\t\t.slider-info-20004.bafg-slider-info .bafg-slider-description {\n\t\t\t\n\t\t\t\n\t\t\t\t\t}\n\n\t\t.slider-info-20004.bafg-slider-info .bafg_slider_readmore_button {\n\t\t\t\n\t\t\t\n\t\t\t\n\t\t\t\n\t\t\t\n\t\t\ttext-align: center;\n\n\t\t\t\n\t\t\t\n\t\t\t\n\t\t\t\n\t\t\t\n\t\t\t\n\t\t\t\t\t}\n\n\t\t.slider-info-20004.bafg-slider-info .bafg_slider_readmore_button:hover {\n\n\t\t\t\n\t\t\t\n\t\t\t\t\t}\n\n\t<\/style>\n\t\n        <div class=\"bafg-twentytwenty-container slider-20004 \" bafg-orientation=\"horizontal\" bafg-default-offset=\"0.5\" bafg-before-label=\"Before\" bafg-after-label=\"After\" bafg-overlay=\"yes\" bafg-move-slider-on-hover=\"yes\" bafg-click-to-move=\"no\">\n              \n            <img decoding=\"async\" class=\"skip-lazy\" src=\"http:\/\/mairsturnstile.com\/wp-content\/uploads\/2024\/10\/full-height-turnstile-singapore-1.jpg\" alt=\"full height turnstile singapore\" data-skip-lazy title=\"\">\n            <img decoding=\"async\" class=\"skip-lazy\" src=\"http:\/\/mairsturnstile.com\/wp-content\/uploads\/2024\/10\/full-height-turnstile-singapore.jpg\" alt=\"full height turnstile singapore\" data-skip-lazy title=\"\">\n           \n        <\/div>\n\n        \t<div class=\"bafg-slider-info-wraper\">\n\t\t<div style=\"\" class=\"slider-info-20004 bafg-slider-info\">\n\t\t\t\t\t<\/div>\n\t<\/div>\n\t\n        <style type=\"text\/css\">\n            \n        <\/style>\n        \n<p>Mo\u017cemy r\u00f3wnie\u017c w ci\u0105gu kilku minut stworzy\u0107 dla Ciebie rendering na podstawie Twojego rzeczywistego scenariusza. Zapewniamy r\u00f3wnie\u017c szczeg\u00f3\u0142owy uk\u0142ad i rysunki, a tak\u017ce rysunki instalacyjne.<\/p>\n<ul>\n<li>Bramka obrotowa o pe\u0142nej wysoko\u015bci Singapur jest cz\u0119sto u\u017cywana w rozwi\u0105zaniach kontroli dost\u0119pu o wysokim poziomie bezpiecze\u0144stwa.<\/li>\n<li>Obudowa wykonana jest z wysokiej jako\u015bci stali nierdzewnej 304, kt\u00f3ra jest solidna, sztywna, antykorozyjna i trwa\u0142a.<\/li>\n<li>Ko\u0142owr\u00f3t Singapore o pe\u0142nej wysoko\u015bci mo\u017ce by\u0107 u\u017cywany na zewn\u0105trz i wewn\u0105trz.<\/li>\n<li>Bramka obrotowa o pe\u0142nej wysoko\u015bci jest rozwi\u0105zaniem zapewniaj\u0105cym najwy\u017csze bezpiecze\u0144stwo w por\u00f3wnaniu z innymi bramkami obrotowymi<\/li>\n<li>Aby spe\u0142ni\u0107 wymagania dotycz\u0105ce sterowania awaryjnego, bramka obrotowa otworzy si\u0119 automatycznie po wy\u0142\u0105czeniu zasilania.<\/li>\n<li>Ca\u0142y system dzia\u0142a p\u0142ynnie, zapewniaj\u0105c d\u0142ug\u0105 \u017cywotno\u015b\u0107, wysok\u0105 niezawodno\u015b\u0107 dzia\u0142ania i szybk\u0105 reakcj\u0119.<\/li>\n<li>Mechanizm wyposa\u017cony jest w wysokiej jako\u015bci amortyzator hydrauliczny. Dzi\u0119ki temu urz\u0105dzeniu praca jest bardzo cicha i przebiega p\u0142ynniej.<\/li>\n<li>Funkcja autotestu, brama przywr\u00f3ci si\u0119 automatycznie po w\u0142\u0105czeniu zasilania.<\/li>\n<li>Posiada standardowe wyj\u015bcie przeka\u017anikowe, kt\u00f3re mo\u017cna \u0142atwo zintegrowa\u0107 z wszelkiego rodzaju systemami kontroli dost\u0119pu innych firm (tj. RFID, odcisk palca, rozpoznawanie twarzy, kod kreskowy, termometr na podczerwie\u0144).<\/li>\n<li>Sprzedam najlepszy ko\u0142owrotek pe\u0142nej wysoko\u015bci w Singapurze.<\/li>\n<li>Rozs\u0105dna konstrukcja i wysoka konfiguracja maj\u0105 zapewni\u0107 szybkie i dok\u0142adne, stabilne i ciche poruszanie si\u0119 bram; z niskim zu\u017cyciem energii, oszcz\u0119dzaniem energii i ochron\u0105 \u015brodowiska.<\/li>\n<li>Urz\u0105dzenia dwu\u0142o\u017cyskowe, utrzymuj\u0105ce bram\u0119 w r\u00f3wnowadze w przypadku dzia\u0142ania si\u0142y zewn\u0119trznej.<\/li>\n<li>Konstrukcja ko\u0142owrotu o pe\u0142nej wysoko\u015bci umo\u017cliwia przej\u015bcie tylko jednej osobie w tym samym czasie.<\/li>\n<li>Niezawodno\u015b\u0107 mechanizmu: 5 milion\u00f3w, bez usterek<\/li>\n<li>Ko\u0142owr\u00f3t o pe\u0142nej wysoko\u015bci nadaje si\u0119 do obszar\u00f3w o wysokim poziomie bezpiecze\u0144stwa (tj. Ambasada, stadion, bank, wi\u0119zienie, pole naftowe, plac budowy, stacja)<\/li>\n<li>Mo\u017cna nim sterowa\u0107 za pomoc\u0105 pilota i zarz\u0105dza\u0107 nim bezpo\u015brednio z komputera.<\/li>\n<li>Ko\u0142owr\u00f3t o pe\u0142nej wysoko\u015bci mo\u017ce pracowa\u0107 jednokierunkowo i dwukierunkowo, w zale\u017cno\u015bci od potrzeb klienta.<\/li>\n<li>Rozmiar\/konstrukcj\u0119 bramy mo\u017cna dostosowa\u0107 na podstawie rysunku klienta.<\/li>\n<li>Rozmiar mo\u017cna dostosowa\u0107, aby spe\u0142ni\u0107 wymagania w r\u00f3\u017cnych miejscach.<\/li>\n<\/ul>\n<p><iframe title=\"Odtwarzacz wideo YouTube\" src=\"https:\/\/www.youtube.com\/embed\/XyxFKnS3Br0\" width=\"1150\" height=\"650\" frameborder=\"0\" allowfullscreen=\"allowfullscreen\"><span data-mce-type=\"bookmark\" style=\"display: inline-block; width: 0px; overflow: hidden; line-height: 0;\" class=\"mce_SELRES_start\"><\/span><\/iframe><\/p>\n","protected":false},"excerpt":{"rendered":"<p>1. Rozmiar: 2400 * 1500 * 2310 mm (mo\u017cna dostosowa\u0107)<\/p>\n<p>2. Szeroko\u015b\u0107 pasa: 650 mm (mo\u017cna dostosowa\u0107)<\/p>\n<p>3. Materia\u0142 obudowy: stal nierdzewna 304 lub stal nierdzewna 316<\/p>\n<p>4. Pr\u0119dko\u015b\u0107 przejazdu: 30 os.\/min<\/p>\n<p>5. Zasilanie: 110 V\/220 V 50\/60 Hz<\/p>\n<p>6. Podw\u00f3jny ko\u0142owrotek o pe\u0142nej wysoko\u015bci. Cewka elektromagnetyczna: DC24V<\/p>\n<p>7. Sygna\u0142 otwarcia bramy: styk bezpr\u0105dowy\/przeka\u017anik<\/p>\n<p>8. Napi\u0119cie logiczne: DC24V<\/p>\n<p>9. Kierunek obrotu: dwukierunkowy\/jednokierunkowy<\/p>\n<p><strong><a title=\"Ko\u0142owr\u00f3t o pe\u0142nej wysoko\u015bci z certyfikatem CE Mairs\" href=\"http:\/\/mairsturnstile.com\/wp-content\/uploads\/2022\/09\/Mairs-CE-Certificate-Full-Height-Turnstile.pdf\" target=\"_blank\" rel=\"noopener noreferrer\">Certyfikat CE,<\/a> <a title=\"Certyfikat Mairs ISO9001\" href=\"http:\/\/mairsturnstile.com\/wp-content\/uploads\/2022\/09\/Mairs-Registration-Certificate-ISO9001.pdf\" target=\"_blank\" rel=\"noopener noreferrer\">Certyfikat ISO9001.<\/a><\/strong><\/p>\n<p><a title=\"Broszura dotycz\u0105ca ko\u0142owrot\u00f3w o podw\u00f3jnej pe\u0142nej wysoko\u015bci\" href=\"http:\/\/mairsturnstile.com\/wp-content\/uploads\/2023\/12\/MT402-2-brochure.pdf\" target=\"_blank\" rel=\"noopener noreferrer\"><img decoding=\"async\" class=\"alignnone size-full wp-image-11034\" src=\"http:\/\/mairsturnstile.com\/wp-content\/uploads\/2022\/09\/pdf-MairsTurnstile.png\" alt=\"\" width=\"32\" height=\"32\"><span style=\"color: #0000ff;\"><strong>Broszura dotycz\u0105ca ko\u0142owrot\u00f3w podw\u00f3jnych o pe\u0142nej wysoko\u015bci MT402-2<\/strong><\/span><\/a><\/p>\n<p><a title=\"Instrukcja monta\u017cu ko\u0142owrotu o pe\u0142nej wysoko\u015bci\" href=\"http:\/\/mairsturnstile.com\/wp-content\/uploads\/2023\/09\/Full-height-turnstile-installation-manual.pdf\" target=\"_blank\" rel=\"noopener noreferrer\"><img decoding=\"async\" class=\"alignnone size-full wp-image-11034\" src=\"http:\/\/mairsturnstile.com\/wp-content\/uploads\/2022\/09\/pdf-MairsTurnstile.png\" alt=\"\" width=\"32\" height=\"32\"><strong><span style=\"color: #0000ff;\"> Instrukcja obs\u0142ugi i instalacji ko\u0142owrotu o pe\u0142nej wysoko\u015bci<\/span><\/strong><\/a><\/p>\n","protected":false},"featured_media":26560,"comment_status":"closed","ping_status":"closed","template":"","meta":{"neve_meta_sidebar":"","neve_meta_container":"","neve_meta_enable_content_width":"off","neve_meta_content_width":0,"neve_meta_title_alignment":"","neve_meta_author_avatar":"","neve_post_elements_order":"","neve_meta_disable_header":"","neve_meta_disable_footer":"","neve_meta_disable_title":"","_ti_tpc_template_sync":false,"_ti_tpc_template_id":""},"product_cat":[2034,2031],"product_tag":[2708,2163,2735,2731,2723,2719],"class_list":["post-34610","product","type-product","status-publish","has-post-thumbnail","hentry","product_cat-kolowroty-bezpieczenstwa","product_cat-kolowroty-o-pelnej-wysokosci","product_tag-brama-obrotowa-w-singapurze","product_tag-bramka-obrotowa-o-pelnej-wysokosci-pl","product_tag-kolowrot-pelnej-wysokosci-w-singapurze","product_tag-kolowroty-przemyslowe","product_tag-kolowroty-przemyslowe-o-pelnej-wysokosci","product_tag-podwojny-kolowrot-o-pelnej-wysokosci"],"_links":{"self":[{"href":"https:\/\/mairsturnstile.com\/pl\/wp-json\/wp\/v2\/product\/34610","targetHints":{"allow":["GET"]}}],"collection":[{"href":"https:\/\/mairsturnstile.com\/pl\/wp-json\/wp\/v2\/product"}],"about":[{"href":"https:\/\/mairsturnstile.com\/pl\/wp-json\/wp\/v2\/types\/product"}],"replies":[{"embeddable":true,"href":"https:\/\/mairsturnstile.com\/pl\/wp-json\/wp\/v2\/comments?post=34610"}],"version-history":[{"count":0,"href":"https:\/\/mairsturnstile.com\/pl\/wp-json\/wp\/v2\/product\/34610\/revisions"}],"wp:featuredmedia":[{"embeddable":true,"href":"https:\/\/mairsturnstile.com\/pl\/wp-json\/wp\/v2\/media\/26560"}],"wp:attachment":[{"href":"https:\/\/mairsturnstile.com\/pl\/wp-json\/wp\/v2\/media?parent=34610"}],"wp:term":[{"taxonomy":"product_cat","embeddable":true,"href":"https:\/\/mairsturnstile.com\/pl\/wp-json\/wp\/v2\/product_cat?post=34610"},{"taxonomy":"product_tag","embeddable":true,"href":"https:\/\/mairsturnstile.com\/pl\/wp-json\/wp\/v2\/product_tag?post=34610"}],"curies":[{"name":"wp","href":"https:\/\/api.w.org\/{rel}","templated":true}]}}