{"id":34611,"date":"2020-09-12T18:37:24","date_gmt":"2020-09-12T10:37:24","guid":{"rendered":"https:\/\/mairsturnstile.com\/product\/bramka-obrotowa-o-pelnej-wysokosci-mt404"},"modified":"2023-11-02T11:56:42","modified_gmt":"2023-11-02T03:56:42","slug":"kolowroty-australia","status":"publish","type":"product","link":"https:\/\/mairsturnstile.com\/pl\/produkt\/kolowroty-australia","title":{"rendered":"BRAMKA OBROTOWA O PE\u0141NEJ WYSOKO\u015aCI MT404"},"content":{"rendered":"        <!-- 3D Model html -->\r\n        <div class=\"bp_grand wrapper_19986\">   \r\n        <div class=\"bp_model_parent\">\r\n            <model-viewer class=\"model\" id=\"bp_model_id_19986\" src=\"http:\/\/mairsturnstile.com\/wp-content\/uploads\/2023\/06\/MT404.glb\" alt=\"MT404\" camera-controls  loading=\"auto\" auto-rotate                        >\r\n            <\/model-viewer>\r\n        \r\n            <!-- Button -->\r\n            <svg id=\"openBtn\" width=\"30px\" height=\"30px\" viewBox=\"0 0 16 16\" xmlns=\"http:\/\/www.w3.org\/2000\/svg\" fill=\"#f2f2f2\" class=\"bi bi-arrows-fullscreen model-icon\">\r\n                <path fill-rule=\"evenodd\" d=\"M5.828 10.172a.5.5 0 0 0-.707 0l-4.096 4.096V11.5a.5.5 0 0 0-1 0v3.975a.5.5 0 0 0 .5.5H4.5a.5.5 0 0 0 0-1H1.732l4.096-4.096a.5.5 0 0 0 0-.707zm4.344 0a.5.5 0 0 1 .707 0l4.096 4.096V11.5a.5.5 0 1 1 1 0v3.975a.5.5 0 0 1-.5.5H11.5a.5.5 0 0 1 0-1h2.768l-4.096-4.096a.5.5 0 0 1 0-.707zm0-4.344a.5.5 0 0 0 .707 0l4.096-4.096V4.5a.5.5 0 1 0 1 0V.525a.5.5 0 0 0-.5-.5H11.5a.5.5 0 0 0 0 1h2.768l-4.096 4.096a.5.5 0 0 0 0 .707zm-4.344 0a.5.5 0 0 1-.707 0L1.025 1.732V4.5a.5.5 0 0 1-1 0V.525a.5.5 0 0 1 .5-.5H4.5a.5.5 0 0 1 0 1H1.732l4.096 4.096a.5.5 0 0 1 0 .707z\"\/>\r\n            <\/svg>\r\n        \r\n            <svg id=\"closeBtn\" class=\"model-icon\" width=\"34px\" height=\"34px\" viewBox=\"0 0 24 24\" xmlns=\"http:\/\/www.w3.org\/2000\/svg\">\r\n                <path fill=\"none\" stroke=\"#f2f2f2\" stroke-width=\"2\" d=\"M7,7 L17,17 M7,17 L17,7\"\/>\r\n            <\/svg>\r\n        \r\n        <\/div>\r\n        <\/div> \r\n\r\n        <!-- Model Viewer Style -->\r\n        <style>\r\n            \r\n            .wrapper_19986 .bp_model_parent, #bp_model_id_19986 {\r\n                width: 1150px;\r\n                max-width: 100%;\r\n                                            }\r\n            #bp_model_id_19986 {\r\n                height:700px;\r\n                background-color: #f2f2f2;\r\n            }\r\n            .fullscreen #bp_model_id_19986{\r\n            height: 100%;\r\n            width: 100%;\r\n            }\r\n            .wrapper_19986 .bp_model_parent{\r\n                justify-content: start            }\r\n            model-viewer.model {\r\n                --poster-color: transparent;\r\n            }\r\n        <\/style>\r\n        \r\n        \n<p>Mamy do\u015bwiadczonych projektant\u00f3w, kt\u00f3rzy s\u0105 w stanie dokona\u0107 g\u0142\u0119bokiej personalizacji wed\u0142ug Twoich potrzeb. W najszybszym mo\u017cliwym terminie udost\u0119pnimy szereg materia\u0142\u00f3w takich jak wizualizacje 3D, rysunki wymiarowe itp.<\/p>\n<h4>KURTYLE O PE\u0141NEJ WYSOKO\u015aCI AUSTRALIA MT404 obj\u0119te s\u0105 dwuletni\u0105 gwarancj\u0105 oraz trwa\u0142ym wsparciem w zakresie konserwacji i napraw.<\/h4>\n<p>Mo\u017cemy \u015bwiadczy\u0107 us\u0142ugi OEM i ODM. Dostarczamy r\u00f3wnie\u017c urz\u0105dzenia biometryczne, takie jak czytniki kart IC\/ID, skanery linii papilarnych, skanery kod\u00f3w QR, kamery rozpoznaj\u0105ce twarz i tak dalej. Je\u015bli chcesz zintegrowa\u0107 te urz\u0105dzenia z bramk\u0105 obrotow\u0105 pe\u0142nej wysoko\u015bci lub masz jakie\u015b pytania, <a href=\"https:\/\/mairsturnstile.com\/contact\">skontaktuj si\u0119 z nami<\/a><\/p>\n<p><strong>Bramki obrotowe o pe\u0142nej wysoko\u015bci<\/strong> s\u0105 wersj\u0105 bramek obrotowych o wysokim poziomie bezpiecze\u0144stwa. Jest to dwukierunkowy ko\u0142owr\u00f3t bezpiecze\u0144stwa ze sterownikiem elektronicznym. Otwory 90\u00b0 zapewniaj\u0105 p\u0142ynn\u0105, \u0142atw\u0105 i bezpieczn\u0105 <a href=\"https:\/\/en.wikipedia.org\/wiki\/Access_control\" target=\"_blank\" rel=\"noopener\">kontrol\u0119 dost\u0119pu<\/a> dla pieszych. Bramki obrotowe o <a href=\"https:\/\/mairsturnstile.com\/full-height-turnstiles.html\">pe\u0142nej wysoko\u015bci<\/a> s\u0105 szeroko stosowane w aplikacjach rz\u0105dowych, parkach, wi\u0119zieniach, stadionach, mieszkaniach, si\u0142owniach, muzeach, dworcach, bibliotekach, fabrykach itp. Ko\u0142owroty pe\u0142nej wysoko\u015bci australijskie zapewniaj\u0105 niezawodny i skuteczny spos\u00f3b zapewnienia, \u017ce tylko upowa\u017cnione osoby maj\u0105 dost\u0119p do ka\u017cdego obszaru budynku.<\/p>\n<p><span data-spm-anchor-id=\"a2700.details.pronpeci14.i2.7635dcd1UidUpx\">Te australijskie ko\u0142owroty o pe\u0142nej wysoko\u015bci z \u0142atwo\u015bci\u0105 radz\u0105 sobie z du\u017c\u0105 g\u0142o\u015bno\u015bci\u0105 i nieodpowiednimi warunkami. <\/span>Jednostka u\u0142atwia zbudowanie konfiguracji wielopasmowej, a proste kolory pozwalaj\u0105 idealnie dopasowa\u0107 ten ko\u0142owrotek do Twojej lokalizacji. Eksportujemy ko\u0142owroty pe\u0142nej wysoko\u015bci do Australii po przyst\u0119pnej cenie.<\/p>\n<p data-spm-anchor-id=\"a2700.details.pronpeci14.i0.54a03579UBfc8K\"><span data-spm-anchor-id=\"a2700.details.pronpeci14.i2.7635dcd1UidUpx\">Dobrze wsp\u00f3\u0142pracuj\u0105ce z kartami IC, kartami identyfikacyjnymi, kodami kreskowymi, odciskami palc\u00f3w itp. te urz\u0105dzenia identyfikacyjne do odczytu kart zapewniaj\u0105 ludziom cywilizowane i sekwencyjne przej\u015bcie, a tak\u017ce pomagaj\u0105 firmom skutecznie zarz\u0105dza\u0107 swoimi pracownikami.<\/span><\/p>\n<p data-spm-anchor-id=\"a2700.details.pronpeci14.i0.54a03579UBfc8K\">\n        \t\n\t<style type=\"text\/css\">\n\t\t.slider-info-19993.bafg-slider-info .bafg-slider-title {\n\t\t\t\t\t\tfont-size: 22px;\n\t\t\t\t\t\t\n\t\t\t\n\t\t\t\t\t}\n\n\t\t.slider-info-19993.bafg-slider-info .bafg-slider-description {\n\t\t\t\n\t\t\t\n\t\t\t\t\t}\n\n\t\t.slider-info-19993.bafg-slider-info .bafg_slider_readmore_button {\n\t\t\t\n\t\t\t\n\t\t\t\n\t\t\t\n\t\t\t\n\t\t\ttext-align: center;\n\n\t\t\t\n\t\t\t\n\t\t\t\n\t\t\t\n\t\t\t\n\t\t\t\n\t\t\t\t\t}\n\n\t\t.slider-info-19993.bafg-slider-info .bafg_slider_readmore_button:hover {\n\n\t\t\t\n\t\t\t\n\t\t\t\t\t}\n\n\t<\/style>\n\t\n        <div class=\"bafg-twentytwenty-container slider-19993 \" bafg-orientation=\"horizontal\" bafg-default-offset=\"0.5\" bafg-before-label=\"Before\" bafg-after-label=\"After\" bafg-overlay=\"yes\" bafg-move-slider-on-hover=\"yes\" bafg-click-to-move=\"no\">\n              \n            <img decoding=\"async\" class=\"skip-lazy\" src=\"http:\/\/mairsturnstile.com\/wp-content\/uploads\/2020\/09\/turnstile-gate-australia-6.jpg\" alt=\"turnstile gate australia\" data-skip-lazy title=\"\">\n            <img decoding=\"async\" class=\"skip-lazy\" src=\"http:\/\/mairsturnstile.com\/wp-content\/uploads\/2020\/09\/turnstile-gate-australia-5.jpg\" alt=\"turnstile gate australia\" data-skip-lazy title=\"\">\n           \n        <\/div>\n\n        \t<div class=\"bafg-slider-info-wraper\">\n\t\t<div style=\"\" class=\"slider-info-19993 bafg-slider-info\">\n\t\t\t\t\t<\/div>\n\t<\/div>\n\t\n        <style type=\"text\/css\">\n            \n        <\/style>\n        <\/p>\n<p>Mo\u017cemy r\u00f3wnie\u017c w ci\u0105gu kilku minut stworzy\u0107 dla Ciebie rendering na podstawie Twojego rzeczywistego scenariusza. Zapewniamy r\u00f3wnie\u017c szczeg\u00f3\u0142owy uk\u0142ad i rysunki, a tak\u017ce rysunki instalacyjne.<\/p>\n<ul>\n<li>Ko\u0142owroty pe\u0142nej wysoko\u015bci w Australii s\u0105 cz\u0119sto u\u017cywane w rozwi\u0105zaniach kontroli dost\u0119pu o wysokim poziomie bezpiecze\u0144stwa.<\/li>\n<li>Korpus wykonany jest ze szczotkowanej stali nierdzewnej 304, kt\u00f3ra jest sztywna, odporna na rdz\u0119 i trwa\u0142a.<\/li>\n<li>Ko\u0142owroty australijskie o pe\u0142nej wysoko\u015bci nadaj\u0105 si\u0119 zar\u00f3wno do zastosowa\u0144 wewn\u0119trznych, jak i zewn\u0119trznych.<\/li>\n<li>Dzi\u0119ki funkcji zapobiegaj\u0105cej cofaniu zatrzymaj si\u0119 w odwr\u00f3conym kierunku.<\/li>\n<li>Aby spe\u0142ni\u0107 wymagania dotycz\u0105ce sterowania awaryjnego, bramka obrotowa otworzy si\u0119 automatycznie po wy\u0142\u0105czeniu zasilania.<\/li>\n<li>Ca\u0142y system dzia\u0142a p\u0142ynnie, zapewniaj\u0105c d\u0142ug\u0105 \u017cywotno\u015b\u0107, wysok\u0105 niezawodno\u015b\u0107 dzia\u0142ania i szybk\u0105 reakcj\u0119.<\/li>\n<li>Mo\u017ce to by\u0107 kierunek pojedynczy lub podw\u00f3jny.<\/li>\n<li>Niezawodno\u015b\u0107 mechanizmu: 5 milion\u00f3w, bez usterek<\/li>\n<li>Funkcja autotestu, gdy zasilanie jest w\u0142\u0105czone, system przywr\u00f3ci si\u0119 automatycznie.<\/li>\n<li>Urz\u0105dzenia dwu\u0142o\u017cyskowe utrzymuj\u0105 bram\u0119 w r\u00f3wnowadze, gdy dzia\u0142a si\u0142a zewn\u0119trzna.<\/li>\n<li>Mo\u017cna wybra\u0107 tryb jednokierunkowy lub dwukierunkowy.<\/li>\n<li>Z kontrolk\u0105 LED.<\/li>\n<li>Mo\u017cna nim sterowa\u0107 za pomoc\u0105 pilota i zarz\u0105dza\u0107 nim bezpo\u015brednio z komputera.<\/li>\n<li>Po wy\u0142\u0105czeniu zasilania pas ko\u0142owrotu b\u0119dzie wolny, zgodnie z wymogami bezpiecze\u0144stwa przeciwpo\u017carowego.<\/li>\n<li>Rozmiar\/konstrukcj\u0119 komputera mainframe mo\u017cna dostosowa\u0107.<\/li>\n<li>Rozmiar ko\u0142owrot\u00f3w australijskich mo\u017cna dostosowa\u0107 do wymaga\u0144 w r\u00f3\u017cnych miejscach.<\/li>\n<\/ul>\n<p><iframe title=\"Biometryczny ko\u0142owr\u00f3t pe\u0142nej wysoko\u015bci, ko\u0142owr\u00f3t pe\u0142nej wysoko\u015bci z rozpoznawaniem twarzy - MairsTurnstile\" src=\"https:\/\/www.youtube.com\/embed\/cy4ZzmrIfx0\" width=\"1150\" height=\"650\" frameborder=\"0\" allowfullscreen=\"allowfullscreen\"><\/iframe><\/p>\n","protected":false},"excerpt":{"rendered":"<p>1. Rozmiar: 1450 * 1450 * 2300 mm (mo\u017cna dostosowa\u0107)<\/p>\n<p>2. Szeroko\u015b\u0107 pasa: 650 mm (mo\u017cna dostosowa\u0107)<\/p>\n<p>3. Materia\u0142 obudowy: stal nierdzewna 304 lub stal nierdzewna 316<\/p>\n<p>4. Pr\u0119dko\u015b\u0107 przejazdu: 30 os.\/min<\/p>\n<p>5. Zasilanie: 110 V\/220 V 50\/60 Hz<\/p>\n<p>6. Elektrozaw\u00f3r bramki obrotowej o pe\u0142nej wysoko\u015bci: DC24V<\/p>\n<p>7. Sygna\u0142 otwarcia bramy: styk bezpr\u0105dowy\/przeka\u017anik<\/p>\n<p>8. Napi\u0119cie logiczne: DC24V<\/p>\n<p>9. Nap\u0119d: obs\u0142ugiwany p\u00f3\u0142automatycznie<\/p>\n<p><strong><a title=\"Ko\u0142owr\u00f3t o pe\u0142nej wysoko\u015bci z certyfikatem CE Mairs\" href=\"http:\/\/mairsturnstile.com\/wp-content\/uploads\/2022\/09\/Mairs-CE-Certificate-Full-Height-Turnstile.pdf\" target=\"_blank\" rel=\"noopener noreferrer\">Certyfikat CE,<\/a> <a title=\"Certyfikat Mairs ISO9001\" href=\"http:\/\/mairsturnstile.com\/wp-content\/uploads\/2022\/09\/Mairs-Registration-Certificate-ISO9001.pdf\" target=\"_blank\" rel=\"noopener noreferrer\">Certyfikat ISO9001.<\/a><\/strong><\/p>\n<p><a title=\"Broszura dotycz\u0105ca ko\u0142owrot\u00f3w pe\u0142nej wysoko\u015bci\" href=\"http:\/\/mairsturnstile.com\/wp-content\/uploads\/2022\/09\/MT404-Full-Height-Turnstiles-Brochure.pdf\" target=\"_blank\" rel=\"noopener noreferrer\"><img decoding=\"async\" class=\"alignnone size-full wp-image-11034\" src=\"http:\/\/mairsturnstile.com\/wp-content\/uploads\/2022\/09\/pdf-MairsTurnstile.png\" alt=\"\" width=\"32\" height=\"32\"><span style=\"color: #0000ff;\"><strong>Broszura dotycz\u0105ca ko\u0142owrot\u00f3w pe\u0142nej wysoko\u015bci MT404<\/strong><\/span><\/a><\/p>\n<p><a title=\"Instrukcja monta\u017cu ko\u0142owrotu o pe\u0142nej wysoko\u015bci\" href=\"http:\/\/mairsturnstile.com\/wp-content\/uploads\/2023\/09\/Full-height-turnstile-installation-manual.pdf\" target=\"_blank\" rel=\"noopener noreferrer\"><img decoding=\"async\" class=\"alignnone size-full wp-image-11034\" src=\"http:\/\/mairsturnstile.com\/wp-content\/uploads\/2022\/09\/pdf-MairsTurnstile.png\" alt=\"\" width=\"32\" height=\"32\"><strong><span style=\"color: #0000ff;\"> Instrukcja obs\u0142ugi i instalacji ko\u0142owrotu o pe\u0142nej wysoko\u015bci<\/span><\/strong><\/a><\/p>\n","protected":false},"featured_media":58229,"comment_status":"closed","ping_status":"closed","template":"","meta":{"neve_meta_sidebar":"","neve_meta_container":"","neve_meta_enable_content_width":"off","neve_meta_content_width":0,"neve_meta_title_alignment":"","neve_meta_author_avatar":"","neve_post_elements_order":"","neve_meta_disable_header":"","neve_meta_disable_footer":"","neve_meta_disable_title":"","_ti_tpc_template_sync":false,"_ti_tpc_template_id":""},"product_cat":[2034,2031],"product_tag":[2083,2155,2084,2737,2263,2736],"class_list":["post-34611","product","type-product","status-publish","has-post-thumbnail","hentry","product_cat-kolowroty-bezpieczenstwa","product_cat-kolowroty-o-pelnej-wysokosci","product_tag-bramka-obrotowa-o-pelnej-wysokosci","product_tag-kolowrot-pelnej-wysokosci-z-czytnikiem-kart","product_tag-kolowroty-o-pelnej-wysokosci","product_tag-kolowroty-pelnej-wysokosci-w-australii","product_tag-pojedynczy-kolowrot-o-pelnej-wysokosci","product_tag-producenci-kolowrotow-w-australii"],"_links":{"self":[{"href":"https:\/\/mairsturnstile.com\/pl\/wp-json\/wp\/v2\/product\/34611","targetHints":{"allow":["GET"]}}],"collection":[{"href":"https:\/\/mairsturnstile.com\/pl\/wp-json\/wp\/v2\/product"}],"about":[{"href":"https:\/\/mairsturnstile.com\/pl\/wp-json\/wp\/v2\/types\/product"}],"replies":[{"embeddable":true,"href":"https:\/\/mairsturnstile.com\/pl\/wp-json\/wp\/v2\/comments?post=34611"}],"version-history":[{"count":0,"href":"https:\/\/mairsturnstile.com\/pl\/wp-json\/wp\/v2\/product\/34611\/revisions"}],"wp:featuredmedia":[{"embeddable":true,"href":"https:\/\/mairsturnstile.com\/pl\/wp-json\/wp\/v2\/media\/58229"}],"wp:attachment":[{"href":"https:\/\/mairsturnstile.com\/pl\/wp-json\/wp\/v2\/media?parent=34611"}],"wp:term":[{"taxonomy":"product_cat","embeddable":true,"href":"https:\/\/mairsturnstile.com\/pl\/wp-json\/wp\/v2\/product_cat?post=34611"},{"taxonomy":"product_tag","embeddable":true,"href":"https:\/\/mairsturnstile.com\/pl\/wp-json\/wp\/v2\/product_tag?post=34611"}],"curies":[{"name":"wp","href":"https:\/\/api.w.org\/{rel}","templated":true}]}}