{"id":34613,"date":"2020-09-12T18:17:59","date_gmt":"2020-09-12T10:17:59","guid":{"rendered":"https:\/\/mairsturnstile.com\/product\/bramki-dla-pieszych-o-pelnej-wysokosci-mt402"},"modified":"2023-11-02T11:57:40","modified_gmt":"2023-11-02T03:57:40","slug":"kolowrotki-dla-pieszych-o-pelnej-wysokosci","status":"publish","type":"product","link":"https:\/\/mairsturnstile.com\/pl\/produkt\/kolowrotki-dla-pieszych-o-pelnej-wysokosci","title":{"rendered":"BRAMKI DLA PIESZYCH O PE\u0141NEJ WYSOKO\u015aCI MT402"},"content":{"rendered":"        <!-- 3D Model html -->\r\n        <div class=\"bp_grand wrapper_19978\">   \r\n        <div class=\"bp_model_parent\">\r\n            <model-viewer class=\"model\" id=\"bp_model_id_19978\" src=\"http:\/\/mairsturnstile.com\/wp-content\/uploads\/2023\/07\/MT402.glb\" alt=\"MT402\" camera-controls  loading=\"auto\" auto-rotate                        >\r\n            <\/model-viewer>\r\n        \r\n            <!-- Button -->\r\n            <svg id=\"openBtn\" width=\"30px\" height=\"30px\" viewBox=\"0 0 16 16\" xmlns=\"http:\/\/www.w3.org\/2000\/svg\" fill=\"#f2f2f2\" class=\"bi bi-arrows-fullscreen model-icon\">\r\n                <path fill-rule=\"evenodd\" d=\"M5.828 10.172a.5.5 0 0 0-.707 0l-4.096 4.096V11.5a.5.5 0 0 0-1 0v3.975a.5.5 0 0 0 .5.5H4.5a.5.5 0 0 0 0-1H1.732l4.096-4.096a.5.5 0 0 0 0-.707zm4.344 0a.5.5 0 0 1 .707 0l4.096 4.096V11.5a.5.5 0 1 1 1 0v3.975a.5.5 0 0 1-.5.5H11.5a.5.5 0 0 1 0-1h2.768l-4.096-4.096a.5.5 0 0 1 0-.707zm0-4.344a.5.5 0 0 0 .707 0l4.096-4.096V4.5a.5.5 0 1 0 1 0V.525a.5.5 0 0 0-.5-.5H11.5a.5.5 0 0 0 0 1h2.768l-4.096 4.096a.5.5 0 0 0 0 .707zm-4.344 0a.5.5 0 0 1-.707 0L1.025 1.732V4.5a.5.5 0 0 1-1 0V.525a.5.5 0 0 1 .5-.5H4.5a.5.5 0 0 1 0 1H1.732l4.096 4.096a.5.5 0 0 1 0 .707z\"\/>\r\n            <\/svg>\r\n        \r\n            <svg id=\"closeBtn\" class=\"model-icon\" width=\"34px\" height=\"34px\" viewBox=\"0 0 24 24\" xmlns=\"http:\/\/www.w3.org\/2000\/svg\">\r\n                <path fill=\"none\" stroke=\"#f2f2f2\" stroke-width=\"2\" d=\"M7,7 L17,17 M7,17 L17,7\"\/>\r\n            <\/svg>\r\n        \r\n        <\/div>\r\n        <\/div> \r\n\r\n        <!-- Model Viewer Style -->\r\n        <style>\r\n            \r\n            .wrapper_19978 .bp_model_parent, #bp_model_id_19978 {\r\n                width: 1150px;\r\n                max-width: 100%;\r\n                                            }\r\n            #bp_model_id_19978 {\r\n                height:700px;\r\n                background-color: #f2f2f2;\r\n            }\r\n            .fullscreen #bp_model_id_19978{\r\n            height: 100%;\r\n            width: 100%;\r\n            }\r\n            .wrapper_19978 .bp_model_parent{\r\n                justify-content: start            }\r\n            model-viewer.model {\r\n                --poster-color: transparent;\r\n            }\r\n        <\/style>\r\n        \r\n        \n<h2>Ko\u0142owroty dla pieszych o pe\u0142nej wysoko\u015bci obj\u0119te s\u0105 2-letni\u0105 gwarancj\u0105 i trwa\u0142ym wsparciem w zakresie konserwacji i napraw.<\/h2>\n<p>Mo\u017cemy \u015bwiadczy\u0107 us\u0142ugi OEM i ODM. Dostarczamy r\u00f3wnie\u017c urz\u0105dzenia biometryczne, takie jak czytniki kart IC\/ID, skanery linii papilarnych, skanery kod\u00f3w QR, kamery rozpoznaj\u0105ce twarz i tak dalej.<\/p>\n<p><strong>Ko\u0142owr\u00f3t o pe\u0142nej wysoko\u015bci to ulepszony produkt tradycyjnych bramek obrotowych dla pieszych o najlepszych parametrach bezpiecze\u0144stwa, kt\u00f3ry jest znacznie wy\u017cszy i szerszy ni\u017c zwyk\u0142a bramka obrotowa i ma oczywiste zalety bezpiecze\u0144stwa. <\/strong>Ko\u0142owr\u00f3t o pe\u0142nej wysoko\u015bci mo\u017ce tworzy\u0107 zamkni\u0119t\u0105 przestrze\u0144 przej\u015bcia, a personel przechodzi w spos\u00f3b uporz\u0105dkowany, przesuwaj\u0105c karty i innymi metodami. Ko\u0142owroty o pe\u0142nej wysoko\u015bci mog\u0105 pracowa\u0107 bez nadzoru i mie\u0107 wysok\u0105 warto\u015b\u0107 u\u017cytkow\u0105 w niekt\u00f3rych miejscach, gdzie obowi\u0105zuj\u0105 rygorystyczne \u015brodki bezpiecze\u0144stwa. Sk\u0142ada si\u0119 z podwozia i 3 lub 4 rz\u0119d\u00f3w pr\u0119t\u00f3w obrotowych. Bramki obrotowe o pe\u0142nej wysoko\u015bci zosta\u0142y opracowane w oparciu o <a href=\"https:\/\/mairsturnstile.com\/product\/tripod-security-gate\">bramk\u0119 obrotow\u0105 na tr\u00f3jnogu<\/a>. Mo\u017cna go odwie\u015b\u0107 lub zwolni\u0107, obracaj\u0105c ka\u017cdorazowo o 120\u00b0 lub 90\u00b0.<\/p>\n<p><strong>Ko\u0142owroty dla pieszych o pe\u0142nej wysoko\u015bci s\u0105 przeznaczone do kontrolowania pieszych wchodz\u0105cych i wychodz\u0105cych, odpowiednie do u\u017cytku wewn\u0105trz i na zewn\u0105trz.<\/strong><\/p>\n<p>Og\u00f3lnie rzecz bior\u0105c, ko\u0142owroty o pe\u0142nej wysoko\u015bci s\u0105 jedno- lub dwutorowe. Trzy pasy i cztery pasy mo\u017cna dostosowa\u0107 do potrzeb klienta. Ko\u0142owroty dla pieszych o pe\u0142nej wysoko\u015bci mog\u0105 by\u0107 stosowane we wszystkich rodzajach budynk\u00f3w i mog\u0105 rozwi\u0105za\u0107 wszystkie problemy zwi\u0105zane ze sterowaniem przej\u015bciami wej\u015bciowymi i wyj\u015bciowymi dla pieszych, kontrolowa\u0107, czy brama jest zamkni\u0119ta lub odblokowana w dowolnym momencie, a tak\u017ce do 20 interfejs\u00f3w sygna\u0142owych u\u0142atwiaj\u0105cych u\u017cytkownikom rozbudow\u0119 specjalnych Funkcje.<\/p>\n<p>Bramki obrotowe o pe\u0142nej wysoko\u015bci s\u0105 wykonane ze <a class=\"rank-math-link\" href=\"https:\/\/simple.wikipedia.org\/wiki\/Stainless_steel\" target=\"_blank\" rel=\"noopener noreferrer\">stali nierdzewnej<\/a> SUS304 lub stali nierdzewnej 316. Przyjmuje najbardziej zaawansowan\u0105 technologi\u0119 sterowania nap\u0119dem, kt\u00f3ra mo\u017ce zmienia\u0107 projekt w szerokim zakresie, aby spe\u0142ni\u0107 r\u00f3\u017cne wymagania r\u00f3\u017cnych styl\u00f3w nowoczesnych budynk\u00f3w dla inteligentnych system\u00f3w kontroli dost\u0119pu dla pieszych.<\/p>\n<p>Bramka obrotowa o pe\u0142nej wysoko\u015bci nadaje si\u0119 do zastosowa\u0144 bez nadzoru i wymagaj\u0105cych wysokiego bezpiecze\u0144stwa, a tak\u017ce w niekt\u00f3rych sytuacjach na \u015bwie\u017cym powietrzu w trudnych warunkach. Ko\u0142owr\u00f3t o pe\u0142nej wysoko\u015bci jest zwykle u\u017cywany w bardziej rygorystycznych obszarach kontroli, takich jak obszary zarz\u0105dzania wojskowego, zak\u0142ady chemiczne, place budowy, wi\u0119zienia, banki, wojsko i inne miejsca o wysokim stopniu poufno\u015bci, poprzez rozpoznawanie i por\u00f3wnywanie twarzy, r\u00f3wnie\u017c elektroniczny system przechwytywania, naprawd\u0119 i skutecznie rejestruje przej\u015bcie pieszych, poprawia wsp\u00f3\u0142czynnik bezpiecze\u0144stwa.<\/p>\n<p>W niekt\u00f3rych okre\u015blonych miejscach, takich jak niekt\u00f3re specjalne przej\u015bcia na stacji lub miejsca o surowych wymaganiach bezpiecze\u0144stwa, takie jak wi\u0119zienia lub sale gimnastyczne, og\u00f3lne bramki obrotowe mog\u0105 nie spe\u0142nia\u0107 wymaga\u0144 bezpiecze\u0144stwa. W tym czasie ko\u0142owroty dla pieszych o pe\u0142nej wysoko\u015bci b\u0119d\u0105 wykorzystywane do zarz\u0105dzania kontrol\u0105 dost\u0119pu, poniewa\u017c ko\u0142owroty dla pieszych o pe\u0142nej wysoko\u015bci s\u0105 najbardziej trwa\u0142ym, solidnym i zapewniaj\u0105cym wysoki poziom bezpiecze\u0144stwa sprz\u0119tem do kontroli dost\u0119pu, nadaje si\u0119 do miejsc bez nadzoru o wysokich wymaganiach bezpiecze\u0144stwa, jak a tak\u017ce niekt\u00f3re miejsca na zewn\u0105trz o trudnych warunkach.<\/p>\n<p>Mo\u017cemy r\u00f3wnie\u017c w ci\u0105gu kilku minut stworzy\u0107 dla Ciebie rendering na podstawie Twojego rzeczywistego scenariusza. Zapewniamy r\u00f3wnie\u017c szczeg\u00f3\u0142owy uk\u0142ad i rysunki, a tak\u017ce rysunki instalacyjne.<\/p>\n\n        \t\n\t<style type=\"text\/css\">\n\t\t.slider-info-19704.bafg-slider-info .bafg-slider-title {\n\t\t\t\t\t\tfont-size: 22px;\n\t\t\t\t\t\t\n\t\t\t\n\t\t\t\t\t}\n\n\t\t.slider-info-19704.bafg-slider-info .bafg-slider-description {\n\t\t\t\n\t\t\t\n\t\t\t\t\t}\n\n\t\t.slider-info-19704.bafg-slider-info .bafg_slider_readmore_button {\n\t\t\t\n\t\t\t\n\t\t\t\n\t\t\t\n\t\t\t\n\t\t\ttext-align: center;\n\n\t\t\t\n\t\t\t\n\t\t\t\n\t\t\t\n\t\t\t\n\t\t\t\n\t\t\t\t\t}\n\n\t\t.slider-info-19704.bafg-slider-info .bafg_slider_readmore_button:hover {\n\n\t\t\t\n\t\t\t\n\t\t\t\t\t}\n\n\t<\/style>\n\t\n        <div class=\"bafg-twentytwenty-container slider-19704 \" bafg-orientation=\"horizontal\" bafg-default-offset=\"0.5\" bafg-before-label=\"Before\" bafg-after-label=\"After\" bafg-overlay=\"yes\" bafg-move-slider-on-hover=\"yes\" bafg-click-to-move=\"yes\">\n              \n            <img decoding=\"async\" class=\"skip-lazy\" src=\"http:\/\/mairsturnstile.com\/wp-content\/uploads\/2023\/07\/full-height-pedestrian-turnstiles_4.jpg\" alt=\"\" data-skip-lazy title=\"\">\n            <img decoding=\"async\" class=\"skip-lazy\" src=\"http:\/\/mairsturnstile.com\/wp-content\/uploads\/2023\/07\/full-height-pedestrian-turnstiles_5.jpg\" alt=\"\" data-skip-lazy title=\"\">\n           \n        <\/div>\n\n        \t<div class=\"bafg-slider-info-wraper\">\n\t\t<div style=\"\" class=\"slider-info-19704 bafg-slider-info\">\n\t\t\t\t\t<\/div>\n\t<\/div>\n\t\n        <style type=\"text\/css\">\n            \n        <\/style>\n        \n<p><span style=\"font-weight: 400;\">Wykorzystuj\u0105c standardowy interfejs elektryczny, kompatybilny z kart\u0105 ID\/IC, odciskiem palca, <a href=\"https:\/\/en.wikipedia.org\/wiki\/Facial_recognition\" target=\"_blank\" rel=\"noopener\">rozpoznawaniem twarzy<\/a>, czujnikiem podczerwieni, kontrolerem temperatury, kodem kreskowym\/kodem QR, aplikacj\u0105 telefoniczn\u0105, systemem ESD, systemem dla odwiedzaj\u0105cych itp. <\/span><\/p>\n<p><span style=\"font-weight: 400;\">Bramka obrotowa o pe\u0142nej wysoko\u015bci jest zintegrowana z mechanizmem, elektrycznym i mikrokontrolerem oraz r\u00f3\u017cnego rodzaju technologiami identyfikacyjnymi, kompatybilnymi z uk\u0142adem scalonym, identyfikatorem, kodem kreskowym, czytnikiem linii papilarnych itp., aby zapewni\u0107 inteligentn\u0105 kontrol\u0119 i zarz\u0105dzanie kontrol\u0105 przep\u0142ywu. <\/span><\/p>\n<ul>\n<li style=\"list-style-type: none;\">\n<ul>\n<li>Ko\u0142owroty dla pieszych o pe\u0142nej wysoko\u015bci s\u0105 cz\u0119sto u\u017cywane w rozwi\u0105zaniach kontroli dost\u0119pu o wysokim poziomie bezpiecze\u0144stwa.<\/li>\n<li>Ko\u0142owroty dla pieszych o pe\u0142nej wysoko\u015bci wykonane s\u0105 ze stali nierdzewnej 304, kt\u00f3ra jest antykorozyjna, solidna i sztywna.<\/li>\n<li>Ko\u0142owroty dla pieszych o pe\u0142nej wysoko\u015bci s\u0105 idealne zar\u00f3wno do zastosowa\u0144 wewn\u0119trznych, jak i zewn\u0119trznych.<\/li>\n<li>Ko\u0142owroty zabezpieczaj\u0105ce o pe\u0142nej wysoko\u015bci mo\u017cna zintegrowa\u0107 z dowolnym systemem kontroli dost\u0119pu (np.: urz\u0105dzeniem RFID, czytnikiem linii papilarnych i urz\u0105dzeniem biometrycznym).<\/li>\n<li data-spm-anchor-id=\"a2700.details.pronpeci14.i0.58226f8fLZmm5D\">Brama ko\u0142owrotu otworzy si\u0119 automatycznie po wy\u0142\u0105czeniu zasilania. Jest bardzo bezpieczna, aby spe\u0142ni\u0107 wymagania dotycz\u0105ce przej\u015bcia przeciwpo\u017carowego.<\/li>\n<li>Dzi\u0119ki funkcji zapobiegaj\u0105cej cofaniu zatrzymaj si\u0119 w odwr\u00f3conym kierunku.<\/li>\n<li>Mechanizm wyposa\u017cony jest w automatycznie regulowane hydrauliczne urz\u0105dzenie buforowe. Brak ha\u0142asu i uderze\u0144 podczas pracy.<\/li>\n<li>Funkcja samodzielnego przywracania, po w\u0142\u0105czeniu zasilania system automatycznie uruchomi si\u0119 ponownie.<\/li>\n<li>Niezawodno\u015b\u0107 mechanizmu: 5 milion\u00f3w, bez usterek<\/li>\n<li>Urz\u0105dzenia dwu\u0142o\u017cyskowe utrzymuj\u0105 bram\u0119 w r\u00f3wnowadze, gdy dzia\u0142a si\u0142a zewn\u0119trzna.<\/li>\n<li>Opcja jednokierunkowa lub dwukierunkowa jest opcjonalna.<\/li>\n<li>Z kontrolk\u0105 LED.<\/li>\n<li>Ko\u0142owroty zabezpieczaj\u0105ce o pe\u0142nej wysoko\u015bci mo\u017cna dostosowa\u0107 do r\u00f3\u017cnych wymaga\u0144 w r\u00f3\u017cnych miejscach.<\/li>\n<li>Poprzez wbudowan\u0105 w p\u0142yt\u0119 steruj\u0105c\u0105 ma\u0142\u0105 klawiatur\u0119 z programowalnymi urz\u0105dzeniami do zarz\u0105dzania stanem pracy.<\/li>\n<\/ul>\n<\/li>\n<\/ul>\n<p><a href=\"https:\/\/mairsturnstile.com\/full-height-turnstiles.html\">Bramki obrotowe o pe\u0142nej wysoko\u015bci<\/a> mog\u0105 by\u0107 stosowane wewn\u0105trz i na zewn\u0105trz budynk\u00f3w. Ma dobr\u0105 wodoodporno\u015b\u0107. Jako najlepszy <strong>ko\u0142owr\u00f3t o pe\u0142nej wysoko\u015bci w Malezji<\/strong>, jest szeroko stosowany na stacjach kolejowych, bibliotekach szkolnych, obiektach rz\u0105dowych, parkach rozrywki, wi\u0119zieniach, stadionach pi\u0142karskich, mieszkaniach, muzeach i fabrykach itp.<\/p>\n<p>Ten ko\u0142owrotek o pe\u0142nej wysoko\u015bci jest pojedynczym ko\u0142owrotem o pe\u0142nej wysoko\u015bci, <strong>co to jest pojedynczy ko\u0142owrotek o pe\u0142nej wysoko\u015bci? W odr\u00f3\u017cnieniu od <a href=\"https:\/\/mairsturnstile.com\/product\/full-height-double-turnstile\">podw\u00f3jnej bramki obrotowej<\/a> o pe\u0142nej wysoko\u015bci, pojedyncza bramka obrotowa o pe\u0142nej wysoko\u015bci sk\u0142ada si\u0119 z jednego mechanizmu steruj\u0105cego i jednego pr\u0119ta blokuj\u0105cego ze stali nierdzewnej, kt\u00f3ry ma tylko jeden kana\u0142. <\/strong>Mo\u017cemy zapewni\u0107 ca\u0142e rozwi\u0105zanie kontroli dost\u0119pu bezpiecze\u0144stwa, sprawd\u017a wideo:<\/p>\n<p><iframe title=\"Odtwarzacz wideo YouTube\" src=\"https:\/\/www.youtube.com\/embed\/cy4ZzmrIfx0\" width=\"1150\" height=\"650\" frameborder=\"0\" allowfullscreen=\"allowfullscreen\"><span data-mce-type=\"bookmark\" style=\"display: inline-block; width: 0px; overflow: hidden; line-height: 0;\" class=\"mce_SELRES_start\"><\/span><\/iframe><\/p>\n","protected":false},"excerpt":{"rendered":"<p>1. Rozmiar: 1630 * 1500 * 2310 mm (mo\u017cna dostosowa\u0107)<\/p>\n<p>2. Szeroko\u015b\u0107 pasa: 650 mm (mo\u017cna dostosowa\u0107)<\/p>\n<p>3. Materia\u0142 obudowy: stal nierdzewna 304 lub stal nierdzewna 316<\/p>\n<p>4. Pr\u0119dko\u015b\u0107 przejazdu: 30 os.\/min<\/p>\n<p>5. Zasilanie: 110 V\/220 V 50\/60 Hz<\/p>\n<p>6. Elektromagnes ko\u0142owrot\u00f3w dla pieszych o pe\u0142nej wysoko\u015bci: DC24V<\/p>\n<p>7. Wej\u015bcie otwartej bramy: styk bezpr\u0105dowy\/przeka\u017anik<\/p>\n<p>8. Napi\u0119cie logiczne: DC24V<\/p>\n<p>9. Nap\u0119d: obs\u0142ugiwany p\u00f3\u0142automatycznie<\/p>\n<p><strong><a title=\"Ko\u0142owr\u00f3t o pe\u0142nej wysoko\u015bci z certyfikatem CE Mairs\" href=\"http:\/\/mairsturnstile.com\/wp-content\/uploads\/2022\/09\/Mairs-CE-Certificate-Full-Height-Turnstile.pdf\" target=\"_blank\" rel=\"noopener noreferrer\">Certyfikat CE,<\/a> <a title=\"Certyfikat Mairs ISO9001\" href=\"http:\/\/mairsturnstile.com\/wp-content\/uploads\/2022\/09\/Mairs-Registration-Certificate-ISO9001.pdf\" target=\"_blank\" rel=\"noopener noreferrer\">Certyfikat ISO9001.<\/a><\/strong><\/p>\n<p><a title=\"Broszura dotycz\u0105ca ko\u0142owrot\u00f3w dla pieszych o pe\u0142nej wysoko\u015bci\" href=\"http:\/\/mairsturnstile.com\/wp-content\/uploads\/2022\/09\/MT402-Full-Height-Pedestrian-Turnstiles-Brochure.pdf\" target=\"_blank\" rel=\"noopener noreferrer\"><img decoding=\"async\" class=\"alignnone size-full wp-image-11034\" src=\"http:\/\/mairsturnstile.com\/wp-content\/uploads\/2022\/09\/pdf-MairsTurnstile.png\" alt=\"\" width=\"32\" height=\"32\"><strong><span style=\"color: #0000ff;\">Broszura dotycz\u0105ca ko\u0142owrot\u00f3w dla pieszych MT402 pe\u0142nej wysoko\u015bci<\/span><\/strong><br \/>\n<\/a><\/p>\n<p><a title=\"Instrukcja monta\u017cu ko\u0142owrotu o pe\u0142nej wysoko\u015bci\" href=\"http:\/\/mairsturnstile.com\/wp-content\/uploads\/2023\/09\/Full-height-turnstile-installation-manual.pdf\" target=\"_blank\" rel=\"noopener noreferrer\"><img decoding=\"async\" class=\"alignnone size-full wp-image-11034\" src=\"http:\/\/mairsturnstile.com\/wp-content\/uploads\/2022\/09\/pdf-MairsTurnstile.png\" alt=\"\" width=\"32\" height=\"32\"><strong><span style=\"color: #0000ff;\"> Instrukcja obs\u0142ugi i instalacji ko\u0142owrotu o pe\u0142nej wysoko\u015bci<\/span><\/strong><\/a><\/p>\n","protected":false},"featured_media":57307,"comment_status":"closed","ping_status":"closed","template":"","meta":{"neve_meta_sidebar":"","neve_meta_container":"","neve_meta_enable_content_width":"off","neve_meta_content_width":0,"neve_meta_title_alignment":"","neve_meta_author_avatar":"","neve_post_elements_order":"","neve_meta_disable_header":"","neve_meta_disable_footer":"","neve_meta_disable_title":"","_ti_tpc_template_sync":false,"_ti_tpc_template_id":""},"product_cat":[2034,2031],"product_tag":[2163,2740,2260,2739,2741,2282],"class_list":["post-34613","product","type-product","status-publish","has-post-thumbnail","hentry","product_cat-kolowroty-bezpieczenstwa","product_cat-kolowroty-o-pelnej-wysokosci","product_tag-bramka-obrotowa-o-pelnej-wysokosci-pl","product_tag-kolowrot-pelnej-wysokosci-malezja","product_tag-kolowrot-z-kodem-qr","product_tag-kolowroty-dla-pieszych-o-pelnej-wysokosci","product_tag-kolowroty-zabezpieczajace-o-pelnej-wysokosci","product_tag-malezja-bramka-obrotowa"],"_links":{"self":[{"href":"https:\/\/mairsturnstile.com\/pl\/wp-json\/wp\/v2\/product\/34613","targetHints":{"allow":["GET"]}}],"collection":[{"href":"https:\/\/mairsturnstile.com\/pl\/wp-json\/wp\/v2\/product"}],"about":[{"href":"https:\/\/mairsturnstile.com\/pl\/wp-json\/wp\/v2\/types\/product"}],"replies":[{"embeddable":true,"href":"https:\/\/mairsturnstile.com\/pl\/wp-json\/wp\/v2\/comments?post=34613"}],"version-history":[{"count":0,"href":"https:\/\/mairsturnstile.com\/pl\/wp-json\/wp\/v2\/product\/34613\/revisions"}],"wp:featuredmedia":[{"embeddable":true,"href":"https:\/\/mairsturnstile.com\/pl\/wp-json\/wp\/v2\/media\/57307"}],"wp:attachment":[{"href":"https:\/\/mairsturnstile.com\/pl\/wp-json\/wp\/v2\/media?parent=34613"}],"wp:term":[{"taxonomy":"product_cat","embeddable":true,"href":"https:\/\/mairsturnstile.com\/pl\/wp-json\/wp\/v2\/product_cat?post=34613"},{"taxonomy":"product_tag","embeddable":true,"href":"https:\/\/mairsturnstile.com\/pl\/wp-json\/wp\/v2\/product_tag?post=34613"}],"curies":[{"name":"wp","href":"https:\/\/api.w.org\/{rel}","templated":true}]}}