{"id":34614,"date":"2020-09-11T11:45:00","date_gmt":"2020-09-11T03:45:00","guid":{"rendered":"https:\/\/mairsturnstile.com\/product\/bezpieczenstwo-malowane-proszko-na-pelnej-wysokosci-mt402-b"},"modified":"2023-11-02T11:58:08","modified_gmt":"2023-11-02T03:58:08","slug":"kolowroty-o-pelnej-wysokosci-uk","status":"publish","type":"product","link":"https:\/\/mairsturnstile.com\/pl\/produkt\/kolowroty-o-pelnej-wysokosci-uk","title":{"rendered":"BEZPIECZE\u0143STWO MALOWANE PROSZKO NA PE\u0141NEJ WYSOKO\u015aCI MT402-B"},"content":{"rendered":"        <!-- 3D Model html -->\r\n        <div class=\"bp_grand wrapper_19982\">   \r\n        <div class=\"bp_model_parent\">\r\n            <model-viewer class=\"model\" id=\"bp_model_id_19982\" src=\"http:\/\/mairsturnstile.com\/wp-content\/uploads\/2023\/07\/MT402-B.glb\" alt=\"MT402-B\" camera-controls  loading=\"auto\" auto-rotate                        >\r\n            <\/model-viewer>\r\n        \r\n            <!-- Button -->\r\n            <svg id=\"openBtn\" width=\"30px\" height=\"30px\" viewBox=\"0 0 16 16\" xmlns=\"http:\/\/www.w3.org\/2000\/svg\" fill=\"#f2f2f2\" class=\"bi bi-arrows-fullscreen model-icon\">\r\n                <path fill-rule=\"evenodd\" d=\"M5.828 10.172a.5.5 0 0 0-.707 0l-4.096 4.096V11.5a.5.5 0 0 0-1 0v3.975a.5.5 0 0 0 .5.5H4.5a.5.5 0 0 0 0-1H1.732l4.096-4.096a.5.5 0 0 0 0-.707zm4.344 0a.5.5 0 0 1 .707 0l4.096 4.096V11.5a.5.5 0 1 1 1 0v3.975a.5.5 0 0 1-.5.5H11.5a.5.5 0 0 1 0-1h2.768l-4.096-4.096a.5.5 0 0 1 0-.707zm0-4.344a.5.5 0 0 0 .707 0l4.096-4.096V4.5a.5.5 0 1 0 1 0V.525a.5.5 0 0 0-.5-.5H11.5a.5.5 0 0 0 0 1h2.768l-4.096 4.096a.5.5 0 0 0 0 .707zm-4.344 0a.5.5 0 0 1-.707 0L1.025 1.732V4.5a.5.5 0 0 1-1 0V.525a.5.5 0 0 1 .5-.5H4.5a.5.5 0 0 1 0 1H1.732l4.096 4.096a.5.5 0 0 1 0 .707z\"\/>\r\n            <\/svg>\r\n        \r\n            <svg id=\"closeBtn\" class=\"model-icon\" width=\"34px\" height=\"34px\" viewBox=\"0 0 24 24\" xmlns=\"http:\/\/www.w3.org\/2000\/svg\">\r\n                <path fill=\"none\" stroke=\"#f2f2f2\" stroke-width=\"2\" d=\"M7,7 L17,17 M7,17 L17,7\"\/>\r\n            <\/svg>\r\n        \r\n        <\/div>\r\n        <\/div> \r\n\r\n        <!-- Model Viewer Style -->\r\n        <style>\r\n            \r\n            .wrapper_19982 .bp_model_parent, #bp_model_id_19982 {\r\n                width: 1150px;\r\n                max-width: 100%;\r\n                                            }\r\n            #bp_model_id_19982 {\r\n                height:700px;\r\n                background-color: #f2f2f2;\r\n            }\r\n            .fullscreen #bp_model_id_19982{\r\n            height: 100%;\r\n            width: 100%;\r\n            }\r\n            .wrapper_19982 .bp_model_parent{\r\n                justify-content: start            }\r\n            model-viewer.model {\r\n                --poster-color: transparent;\r\n            }\r\n        <\/style>\r\n        \r\n        \n<h2>KO\u0141OWROTY O PE\u0141NEJ WYSOKO\u015aCI UK obj\u0119te s\u0105 2-letni\u0105 gwarancj\u0105 oraz trwa\u0142ym wsparciem w zakresie konserwacji i napraw.<\/h2>\n<p>Mo\u017cemy \u015bwiadczy\u0107 us\u0142ugi OEM i ODM. Mamy do\u015bwiadczonych projektant\u00f3w, kt\u00f3rzy s\u0105 w stanie dokona\u0107 g\u0142\u0119bokiej personalizacji wed\u0142ug Twoich potrzeb. W najszybszym mo\u017cliwym terminie udost\u0119pnimy szereg materia\u0142\u00f3w takich jak wizualizacje 3D, rysunki wymiarowe itp. Dostarczamy r\u00f3wnie\u017c urz\u0105dzenia biometryczne, takie jak czytniki kart IC\/ID, skanery linii papilarnych, skanery kod\u00f3w QR, kamery rozpoznaj\u0105ce twarz i tak dalej.<\/p>\n<p style=\"font-weight: 400;\"><span style=\"font-style: inherit; font-weight: inherit;\"><strong><a href=\"https:\/\/mairsturnstile.com\/full-height-turnstiles.html\">Bramki obrotowe o pe\u0142nej wysoko\u015bci<\/a> w Wielkiej Brytanii<\/strong> Bramka kontroli dost\u0119pu Bramka obrotowa z systemem RFID.<\/span><\/p>\n<p style=\"font-weight: 400;\"><strong>Ko\u0142owr\u00f3t bezpiecze\u0144stwa o pe\u0142nej wysoko\u015bci<\/strong> jest wykonany ze szczotkowanej <a href=\"https:\/\/en.wikipedia.org\/wiki\/Stainless_steel\" target=\"_blank\" rel=\"noopener\">stali nierdzewnej<\/a> 304, kt\u00f3ra jest odporna na wysok\u0105 temperatur\u0119 i korozj\u0119, trwa\u0142a, py\u0142oszczelna i odporna na deszcz. Jest cz\u0119sto u\u017cywany w rozwi\u0105zaniach kontroli dost\u0119pu o wysokim poziomie bezpiecze\u0144stwa. Ko\u0142owroty o pe\u0142nej wysoko\u015bci mo\u017cna stosowa\u0107 zar\u00f3wno w pomieszczeniach, jak i na zewn\u0105trz. Mo\u017ce by\u0107 szeroko stosowany na stacjach kolejowych, rz\u0105dach, parkach rozrywki, wi\u0119zieniach, stadionach pi\u0142karskich, obszarach system\u00f3w parkingowych, mieszkaniach, si\u0142owniach, muzeach, stacjach, bibliotekach, fabrykach itp. Korzystanie ze standardowego interfejsu elektrycznego, kompatybilnego z kart\u0105 identyfikacyjn\u0105\/IC, odciskiem palca, rozpoznawaniem twarzy, detektorem podczerwieni, regulatorem temperatury, kodem kreskowym\/kodem QR, aplikacj\u0105 na telefon, systemem ESD, systemem dla go\u015bci itp.<\/p>\n<p>Mo\u017cemy r\u00f3wnie\u017c w ci\u0105gu kilku minut stworzy\u0107 dla Ciebie rendering na podstawie Twojego rzeczywistego scenariusza. Zapewniamy r\u00f3wnie\u017c szczeg\u00f3\u0142owy uk\u0142ad i rysunki, a tak\u017ce rysunki instalacyjne.<br \/>\n\n        \t\n\t<style type=\"text\/css\">\n\t\t.slider-info-19995.bafg-slider-info .bafg-slider-title {\n\t\t\t\t\t\tfont-size: 22px;\n\t\t\t\t\t\t\n\t\t\t\n\t\t\t\t\t}\n\n\t\t.slider-info-19995.bafg-slider-info .bafg-slider-description {\n\t\t\t\n\t\t\t\n\t\t\t\t\t}\n\n\t\t.slider-info-19995.bafg-slider-info .bafg_slider_readmore_button {\n\t\t\t\n\t\t\t\n\t\t\t\n\t\t\t\n\t\t\t\n\t\t\ttext-align: center;\n\n\t\t\t\n\t\t\t\n\t\t\t\n\t\t\t\n\t\t\t\n\t\t\t\n\t\t\t\t\t}\n\n\t\t.slider-info-19995.bafg-slider-info .bafg_slider_readmore_button:hover {\n\n\t\t\t\n\t\t\t\n\t\t\t\t\t}\n\n\t<\/style>\n\t\n        <div class=\"bafg-twentytwenty-container slider-19995 \" bafg-orientation=\"horizontal\" bafg-default-offset=\"0.5\" bafg-before-label=\"Before\" bafg-after-label=\"After\" bafg-overlay=\"yes\" bafg-move-slider-on-hover=\"yes\" bafg-click-to-move=\"no\">\n              \n            <img decoding=\"async\" class=\"skip-lazy\" src=\"http:\/\/mairsturnstile.com\/wp-content\/uploads\/2024\/10\/full-height-turnstiles-uk-1.jpg\" alt=\"full height turnstiles uk\" data-skip-lazy title=\"\">\n            <img decoding=\"async\" class=\"skip-lazy\" src=\"http:\/\/mairsturnstile.com\/wp-content\/uploads\/2024\/10\/full-height-turnstiles-uk.jpg\" alt=\"full height turnstiles uk\" data-skip-lazy title=\"\">\n           \n        <\/div>\n\n        \t<div class=\"bafg-slider-info-wraper\">\n\t\t<div style=\"\" class=\"slider-info-19995 bafg-slider-info\">\n\t\t\t\t\t<\/div>\n\t<\/div>\n\t\n        <style type=\"text\/css\">\n            \n        <\/style>\n        <\/p>\n<ul>\n<li>Bramy obrotowe o pe\u0142nej wysoko\u015bci w Wielkiej Brytanii s\u0105 cz\u0119sto wykorzystywane w rozwi\u0105zaniach kontroli dost\u0119pu o wysokim poziomie bezpiecze\u0144stwa.<\/li>\n<li>Materia\u0142 korpusu to stal nierdzewna 304, kt\u00f3ra jest antykorozyjna, trwa\u0142a i ma wysok\u0105 odporno\u015b\u0107.<\/li>\n<li>Ko\u0142owroty dla pieszych o pe\u0142nej wysoko\u015bci s\u0105 idealne zar\u00f3wno do zastosowa\u0144 wewn\u0119trznych, jak i zewn\u0119trznych.<\/li>\n<li data-spm-anchor-id=\"a2700.details.pronpeci14.i0.58226f8fLZmm5D\">Brama ko\u0142owrotu otworzy si\u0119 automatycznie po wy\u0142\u0105czeniu zasilania. Jest bardzo bezpieczna, aby spe\u0142ni\u0107 wymagania dotycz\u0105ce przej\u015bcia przeciwpo\u017carowego.<\/li>\n<li>Dzi\u0119ki funkcji zapobiegaj\u0105cej cofaniu zatrzymaj si\u0119 w odwr\u00f3conym kierunku.<\/li>\n<li>Mechanizm wyposa\u017cony jest w wysokiej jako\u015bci amortyzator hydrauliczny. Dzi\u0119ki temu urz\u0105dzeniu praca jest bardzo cicha i przebiega p\u0142ynniej.<\/li>\n<li>Funkcja autotestu, po w\u0142\u0105czeniu zasilania system bramy przywr\u00f3ci si\u0119 automatycznie.<\/li>\n<li>Urz\u0105dzenie o wysokim poziomie bezpiecze\u0144stwa. Ko\u0142owrotki pe\u0142nej wysoko\u015bci UK to bramka o wysokim poziomie bezpiecze\u0144stwa w por\u00f3wnaniu z innymi typami ko\u0142owrot\u00f3w.<\/li>\n<li>Opcja jednokierunkowa lub dwukierunkowa jest opcjonalna.<\/li>\n<li>Z kierunkowskazem LED na wej\u015bciu i wyj\u015bciu.<\/li>\n<li>Kompatybilny ze wszystkimi systemami kontroli dost\u0119pu innych firm.<\/li>\n<li>Rozmiar\/konstrukcj\u0119 bramy mo\u017cna dostosowa\u0107 na podstawie rysunku klienta.<\/li>\n<li>Funkcja opcjonalna Mo\u017ce by\u0107 sterowana za pomoc\u0105 pilota i zarz\u0105dzana bezpo\u015brednio przez komputer, je\u015bli jest wyposa\u017cony w system kontroli dost\u0119pu.<\/li>\n<li>Pas ko\u0142owrotu b\u0119dzie dost\u0119pny po wy\u0142\u0105czeniu zasilania, zgodnie z wymogami bezpiecze\u0144stwa przeciwpo\u017carowego.<\/li>\n<li>Mo\u017cna dostosowa\u0107, aby spe\u0142ni\u0107 wymagania w r\u00f3\u017cnych miejscach.<\/li>\n<\/ul>\n<p>Mo\u017cemy zapewni\u0107 ca\u0142e rozwi\u0105zanie kontroli dost\u0119pu bezpiecze\u0144stwa. Je\u015bli posiadasz w\u0142asny system kontroli dost\u0119pu, mo\u017cesz bezpo\u015brednio skorzysta\u0107 z naszej bramki obrotowej. If you don&#8217;t have one, we also provide a complete security access control solution. Aby uzyska\u0107 szczeg\u00f3\u0142owe informacje, zapoznaj si\u0119 z poni\u017cszym filmem.<\/p>\n<p><iframe title=\"Biometryczny ko\u0142owr\u00f3t pe\u0142nej wysoko\u015bci, ko\u0142owr\u00f3t pe\u0142nej wysoko\u015bci z rozpoznawaniem twarzy - MairsTurnstile\" src=\"https:\/\/www.youtube.com\/embed\/cy4ZzmrIfx0\" width=\"1150\" height=\"650\" frameborder=\"0\" allowfullscreen=\"allowfullscreen\"><\/iframe><\/p>\n","protected":false},"excerpt":{"rendered":"<p>1. Rozmiar: 1630 * 1500 * 2310 mm (mo\u017cna dostosowa\u0107)<\/p>\n<p>2. Szeroko\u015b\u0107 pasa: 650 mm (mo\u017cna dostosowa\u0107)<\/p>\n<p>3. Materia\u0142 obudowy: stal nierdzewna 304 lub stal nierdzewna 316<\/p>\n<p>4. Pr\u0119dko\u015b\u0107 przejazdu: 30 os.\/min<\/p>\n<p>5. Zasilanie: 110 V\/220 V 50\/60 Hz<\/p>\n<p>6. Elektromagnes ko\u0142owrotu zabezpieczaj\u0105cego o pe\u0142nej wysoko\u015bci: DC24V<\/p>\n<p>7. Sygna\u0142 otwarcia bramy: styk bezpr\u0105dowy\/przeka\u017anik<\/p>\n<p>8. Napi\u0119cie logiczne: DC24V<\/p>\n<p>9. Niezawodno\u015b\u0107 mechanizmu: 5 milion\u00f3w, bez usterek<\/p>\n<p><span style=\"color: #0000ff;\"><strong><a style=\"color: #0000ff;\" title=\"Ko\u0142owr\u00f3t o pe\u0142nej wysoko\u015bci z certyfikatem CE Mairs\" href=\"http:\/\/mairsturnstile.com\/wp-content\/uploads\/2022\/09\/Mairs-CE-Certificate-Full-Height-Turnstile.pdf\" target=\"_blank\" rel=\"noopener noreferrer\">Certyfikat CE,<\/a> <a style=\"color: #0000ff;\" title=\"Certyfikat Mairs ISO9001\" href=\"http:\/\/mairsturnstile.com\/wp-content\/uploads\/2022\/09\/Mairs-Registration-Certificate-ISO9001.pdf\" target=\"_blank\" rel=\"noopener noreferrer\">Certyfikat ISO9001.<\/a><\/strong><\/span><\/p>\n<p><a title=\"Broszura dotycz\u0105ca ko\u0142owrot\u00f3w o pe\u0142nej wysoko\u015bci\" href=\"http:\/\/mairsturnstile.com\/wp-content\/uploads\/2022\/09\/MT402-B-Full-Height-Turnstile-Brochure.pdf\" target=\"_blank\" rel=\"noopener noreferrer\"><img decoding=\"async\" class=\"alignnone size-full wp-image-11034\" src=\"http:\/\/mairsturnstile.com\/wp-content\/uploads\/2022\/09\/pdf-MairsTurnstile.png\" alt=\"\" width=\"32\" height=\"32\"><strong><span style=\"color: #0000ff;\">Broszura dotycz\u0105ca ko\u0142owrotu MT402-B o pe\u0142nej wysoko\u015bci<\/span><\/strong><\/a><\/p>\n<p><a title=\"Instrukcja monta\u017cu ko\u0142owrotu o pe\u0142nej wysoko\u015bci\" href=\"http:\/\/mairsturnstile.com\/wp-content\/uploads\/2023\/09\/Full-height-turnstile-installation-manual.pdf\" target=\"_blank\" rel=\"noopener noreferrer\"><img decoding=\"async\" class=\"alignnone size-full wp-image-11034\" src=\"http:\/\/mairsturnstile.com\/wp-content\/uploads\/2022\/09\/pdf-MairsTurnstile.png\" alt=\"\" width=\"32\" height=\"32\"><strong><span style=\"color: #0000ff;\"> Instrukcja obs\u0142ugi i instalacji ko\u0142owrotu o pe\u0142nej wysoko\u015bci<\/span><\/strong><\/a><\/p>\n","protected":false},"featured_media":21407,"comment_status":"closed","ping_status":"closed","template":"","meta":{"neve_meta_sidebar":"","neve_meta_container":"","neve_meta_enable_content_width":"off","neve_meta_content_width":0,"neve_meta_title_alignment":"","neve_meta_author_avatar":"","neve_post_elements_order":"","neve_meta_disable_header":"","neve_meta_disable_footer":"","neve_meta_disable_title":"","_ti_tpc_template_sync":false,"_ti_tpc_template_id":""},"product_cat":[2034,2031],"product_tag":[2163,2743,2084,2742,2263,2732],"class_list":["post-34614","product","type-product","status-publish","has-post-thumbnail","hentry","product_cat-kolowroty-bezpieczenstwa","product_cat-kolowroty-o-pelnej-wysokosci","product_tag-bramka-obrotowa-o-pelnej-wysokosci-pl","product_tag-bramka-obrotowa-w-wielkiej-brytanii","product_tag-kolowroty-o-pelnej-wysokosci","product_tag-kolowroty-pelnej-wysokosci-w-wielkiej-brytanii","product_tag-pojedynczy-kolowrot-o-pelnej-wysokosci","product_tag-sprzedam-bramke-obrotowa-o-pelnej-wysokosci"],"_links":{"self":[{"href":"https:\/\/mairsturnstile.com\/pl\/wp-json\/wp\/v2\/product\/34614","targetHints":{"allow":["GET"]}}],"collection":[{"href":"https:\/\/mairsturnstile.com\/pl\/wp-json\/wp\/v2\/product"}],"about":[{"href":"https:\/\/mairsturnstile.com\/pl\/wp-json\/wp\/v2\/types\/product"}],"replies":[{"embeddable":true,"href":"https:\/\/mairsturnstile.com\/pl\/wp-json\/wp\/v2\/comments?post=34614"}],"version-history":[{"count":0,"href":"https:\/\/mairsturnstile.com\/pl\/wp-json\/wp\/v2\/product\/34614\/revisions"}],"wp:featuredmedia":[{"embeddable":true,"href":"https:\/\/mairsturnstile.com\/pl\/wp-json\/wp\/v2\/media\/21407"}],"wp:attachment":[{"href":"https:\/\/mairsturnstile.com\/pl\/wp-json\/wp\/v2\/media?parent=34614"}],"wp:term":[{"taxonomy":"product_cat","embeddable":true,"href":"https:\/\/mairsturnstile.com\/pl\/wp-json\/wp\/v2\/product_cat?post=34614"},{"taxonomy":"product_tag","embeddable":true,"href":"https:\/\/mairsturnstile.com\/pl\/wp-json\/wp\/v2\/product_tag?post=34614"}],"curies":[{"name":"wp","href":"https:\/\/api.w.org\/{rel}","templated":true}]}}