{"id":34615,"date":"2020-09-13T17:20:49","date_gmt":"2020-09-13T09:20:49","guid":{"rendered":"https:\/\/mairsturnstile.com\/product\/sprzedam-brame-obrotowa-z-bariera-obrotowa-mt323"},"modified":"2024-11-01T16:11:54","modified_gmt":"2024-11-01T08:11:54","slug":"bramki-obrotowe-na-sprzedam-durban","status":"publish","type":"product","link":"https:\/\/mairsturnstile.com\/pl\/produkt\/bramki-obrotowe-na-sprzedam-durban","title":{"rendered":"SPRZEDAM BRAM\u0118 OBROTOW\u0104 Z BARIER\u0104 OBR\u00d3TOW\u0104 MT323"},"content":{"rendered":"        <!-- 3D Model html -->\r\n        <div class=\"bp_grand wrapper_23467\">   \r\n        <div class=\"bp_model_parent\">\r\n            <model-viewer class=\"model\" id=\"bp_model_id_23467\" src=\"http:\/\/mairsturnstile.com\/wp-content\/uploads\/2023\/06\/MT323.glb\" alt=\"MT323\" camera-controls  loading=\"auto\" auto-rotate                        >\r\n            <\/model-viewer>\r\n        \r\n            <!-- Button -->\r\n            <svg id=\"openBtn\" width=\"30px\" height=\"30px\" viewBox=\"0 0 16 16\" xmlns=\"http:\/\/www.w3.org\/2000\/svg\" fill=\"#f2f2f2\" class=\"bi bi-arrows-fullscreen model-icon\">\r\n                <path fill-rule=\"evenodd\" d=\"M5.828 10.172a.5.5 0 0 0-.707 0l-4.096 4.096V11.5a.5.5 0 0 0-1 0v3.975a.5.5 0 0 0 .5.5H4.5a.5.5 0 0 0 0-1H1.732l4.096-4.096a.5.5 0 0 0 0-.707zm4.344 0a.5.5 0 0 1 .707 0l4.096 4.096V11.5a.5.5 0 1 1 1 0v3.975a.5.5 0 0 1-.5.5H11.5a.5.5 0 0 1 0-1h2.768l-4.096-4.096a.5.5 0 0 1 0-.707zm0-4.344a.5.5 0 0 0 .707 0l4.096-4.096V4.5a.5.5 0 1 0 1 0V.525a.5.5 0 0 0-.5-.5H11.5a.5.5 0 0 0 0 1h2.768l-4.096 4.096a.5.5 0 0 0 0 .707zm-4.344 0a.5.5 0 0 1-.707 0L1.025 1.732V4.5a.5.5 0 0 1-1 0V.525a.5.5 0 0 1 .5-.5H4.5a.5.5 0 0 1 0 1H1.732l4.096 4.096a.5.5 0 0 1 0 .707z\"\/>\r\n            <\/svg>\r\n        \r\n            <svg id=\"closeBtn\" class=\"model-icon\" width=\"34px\" height=\"34px\" viewBox=\"0 0 24 24\" xmlns=\"http:\/\/www.w3.org\/2000\/svg\">\r\n                <path fill=\"none\" stroke=\"#f2f2f2\" stroke-width=\"2\" d=\"M7,7 L17,17 M7,17 L17,7\"\/>\r\n            <\/svg>\r\n        \r\n        <\/div>\r\n        <\/div> \r\n\r\n        <!-- Model Viewer Style -->\r\n        <style>\r\n            \r\n            .wrapper_23467 .bp_model_parent, #bp_model_id_23467 {\r\n                width: 1150px;\r\n                max-width: 100%;\r\n                                            }\r\n            #bp_model_id_23467 {\r\n                height:700px;\r\n                background-color: #f2f2f2;\r\n            }\r\n            .fullscreen #bp_model_id_23467{\r\n            height: 100%;\r\n            width: 100%;\r\n            }\r\n            .wrapper_23467 .bp_model_parent{\r\n                justify-content: start            }\r\n            model-viewer.model {\r\n                --poster-color: transparent;\r\n            }\r\n        <\/style>\r\n        \r\n        \n<h4>SPRZEDAM BRAMY KO\u0141OWROTOWE DURBAN obj\u0119te s\u0105 2-letni\u0105 gwarancj\u0105 oraz trwa\u0142ym wsparciem w zakresie konserwacji i napraw.<\/h4>\n<p>Mo\u017cemy \u015bwiadczy\u0107 us\u0142ugi OEM i ODM. Mamy do\u015bwiadczonych projektant\u00f3w, kt\u00f3rzy s\u0105 w stanie dokona\u0107 g\u0142\u0119bokiej personalizacji wed\u0142ug Twoich potrzeb. W najszybszym mo\u017cliwym terminie udost\u0119pnimy szereg materia\u0142\u00f3w takich jak wizualizacje 3D, rysunki wymiarowe itp. Dostarczamy r\u00f3wnie\u017c urz\u0105dzenia biometryczne, takie jak czytniki kart IC\/ID, skanery linii papilarnych, skanery kod\u00f3w QR, kamery rozpoznaj\u0105ce twarz i tak dalej.<\/p>\n<p>Sprzedam bramki obrotowe Durban mog\u0105 by\u0107 kompatybilne ze wszystkimi systemami kontroli dost\u0119pu, takimi jak karty RFID, systemy kod\u00f3w kreskowych <a href=\"https:\/\/en.wikipedia.org\/wiki\/QR_code\" target=\"_blank\" rel=\"noopener\">lub QR<\/a>, systemy odczytu linii papilarnych i u\u017cywane urz\u0105dzenia do rozpoznawania twarzy.<\/p>\n<p>Zapewnia cywilizowane, uporz\u0105dkowane metody dost\u0119pu. Skutecznie zarz\u0105dza dost\u0119pem personelu. Os\u0142ona s\u0142upka przedniego ma konstrukcj\u0119 otwart\u0105.<\/p>\n<p>Jest bardziej precyzyjny i trwa\u0142y. Poniewa\u017c rami\u0119 jest d\u0142ugie, <a href=\"https:\/\/mairsturnstile.com\/category\/swing-turnstile-gate\">bramka barierowa Swing<\/a> jest zwykle u\u017cywana dla os\u00f3b niepe\u0142nosprawnych w r\u00f3\u017cnych lokalizacjach.<\/p>\n<p>Koszt tych bramek obrotowych na sprzeda\u017c w Durban jest przyst\u0119pny, co jest idealne dla miejsc o ma\u0142ym nat\u0119\u017ceniu ruchu i lekkich zada\u0144, kt\u00f3re wymagaj\u0105 bardziej op\u0142acalnego rozwi\u0105zania.<\/p>\n<p>Mo\u017ce by\u0107 szeroko stosowany na stacjach, fabrykach, wsp\u00f3lnotach mieszkaniowych, budynkach biurowych, placach budowy i instytucjach wymagaj\u0105cych inteligentnego zarz\u0105dzania dost\u0119pem.<\/p>\n<p>Mo\u017cemy r\u00f3wnie\u017c w ci\u0105gu kilku minut stworzy\u0107 dla Ciebie rendering na podstawie Twojego rzeczywistego scenariusza. Zapewniamy r\u00f3wnie\u017c szczeg\u00f3\u0142owy uk\u0142ad i rysunki, a tak\u017ce rysunki instalacyjne.<\/p>\n\n        \t\n\t<style type=\"text\/css\">\n\t\t.slider-info-23479.bafg-slider-info .bafg-slider-title {\n\t\t\t\t\t\tfont-size: 22px;\n\t\t\t\t\t\t\n\t\t\t\n\t\t\t\t\t}\n\n\t\t.slider-info-23479.bafg-slider-info .bafg-slider-description {\n\t\t\t\n\t\t\t\n\t\t\t\t\t}\n\n\t\t.slider-info-23479.bafg-slider-info .bafg_slider_readmore_button {\n\t\t\t\n\t\t\t\n\t\t\t\n\t\t\t\n\t\t\t\n\t\t\ttext-align: center;\n\n\t\t\t\n\t\t\t\n\t\t\t\n\t\t\t\n\t\t\t\n\t\t\t\n\t\t\t\t\t}\n\n\t\t.slider-info-23479.bafg-slider-info .bafg_slider_readmore_button:hover {\n\n\t\t\t\n\t\t\t\n\t\t\t\t\t}\n\n\t<\/style>\n\t\n        <div class=\"bafg-twentytwenty-container slider-23479 \" bafg-orientation=\"horizontal\" bafg-default-offset=\"0.5\" bafg-before-label=\"Before\" bafg-after-label=\"After\" bafg-overlay=\"yes\" bafg-move-slider-on-hover=\"yes\" bafg-click-to-move=\"no\">\n              \n            <img decoding=\"async\" class=\"skip-lazy\" src=\"http:\/\/mairsturnstile.com\/wp-content\/uploads\/2023\/06\/turnstile-gates-for-sale-durban_4.jpg\" alt=\"\" data-skip-lazy title=\"\">\n            <img decoding=\"async\" class=\"skip-lazy\" src=\"http:\/\/mairsturnstile.com\/wp-content\/uploads\/2023\/06\/turnstile-gates-for-sale-durban_5.jpg\" alt=\"\" data-skip-lazy title=\"\">\n           \n        <\/div>\n\n        \t<div class=\"bafg-slider-info-wraper\">\n\t\t<div style=\"\" class=\"slider-info-23479 bafg-slider-info\">\n\t\t\t\t\t<\/div>\n\t<\/div>\n\t\n        <style type=\"text\/css\">\n            \n        <\/style>\n        \n<ul>\n<li>W sytuacji awaryjnej nale\u017cy od\u0142\u0105czy\u0107 zasilanie, bramka obrotowa z szlabanem otworzy si\u0119 automatycznie, aby umo\u017cliwi\u0107 swobodne przej\u015bcie, spe\u0142niaj\u0105ce wymogi bezpiecze\u0144stwa przeciwpo\u017carowego.<\/li>\n<li>Ko\u0142owrotki obrotowe nadaj\u0105 si\u0119 do r\u00f3\u017cnych rozwi\u0105za\u0144 wej\u015bciowych.<\/li>\n<li>Ca\u0142y system dzia\u0142a p\u0142ynnie, przy niskim poziomie ha\u0142asu.<\/li>\n<li>Najlepsze bramki obrotowe na sprzeda\u017c Durban.<\/li>\n<li>Funkcja alarmu, w przypadku nielegalnego w\u0142amania i w\u0142amania odwrotnego, brama uruchomi alarm, a drzwi zostan\u0105 zablokowane.<\/li>\n<li>W sumie s\u0105 4 pary czujnik\u00f3w podczerwieni. \u015arodkowe czujniki maj\u0105 zapobiega\u0107 przytrza\u015bni\u0119ciu pieszych.<\/li>\n<li>Funkcja zapobiegania ogonowaniu, jedna osoba mo\u017ce przej\u015b\u0107 w tym samym czasie. Je\u015bli kto\u015b b\u0119dzie pod\u0105\u017ca\u0142 za lud\u017ami z przodu, brama uruchomi alarm.<\/li>\n<li>Wska\u017anik ledowy. Czerwony krzy\u017c i zielona strza\u0142ka.<\/li>\n<li>Dost\u0119p dwukierunkowy zmniejsza potrzeb\u0119 stosowania wi\u0119kszej liczby bramek. Jest przystosowany do w\u00f3zk\u00f3w inwalidzkich, w\u00f3zek sklepowy zwi\u0119ksza efektywno\u015b\u0107 przejazdu.<\/li>\n<li>Funkcja automatycznego resetowania. Je\u017celi w zadanym czasie (domy\u015blny czas to 5 sekund) nie przejd\u0105 \u017cadne osoby, system anuluje uprawnienia u\u017cytkownika i zamknie si\u0119 automatycznie.<\/li>\n<li>Jest to rami\u0119 ze stali nierdzewnej. Szeroko\u015b\u0107 pasa mo\u017ce si\u0119ga\u0107 1600 mm, po kt\u00f3rym mo\u017cna dojecha\u0107 rowerem lub motocyklem.<\/li>\n<\/ul>\n<p>Mo\u017cemy zapewni\u0107 ca\u0142e rozwi\u0105zanie kontroli dost\u0119pu bezpiecze\u0144stwa. Je\u015bli posiadasz w\u0142asny system kontroli dost\u0119pu, mo\u017cesz bezpo\u015brednio skorzysta\u0107 z naszej bramki obrotowej. Je\u015bli go nie posiadasz, zapewniamy r\u00f3wnie\u017c kompletne rozwi\u0105zanie w zakresie kontroli dost\u0119pu. Aby uzyska\u0107 szczeg\u00f3\u0142owe informacje, zapoznaj si\u0119 z poni\u017cszym filmem.<\/p>\n<p><iframe title=\"Optyczny ko\u0142owrotek obrotowy, ko\u0142owrotek obrotowy, ko\u0142owr\u00f3t obrotowy - MairsTurnstile\" src=\"https:\/\/www.youtube.com\/embed\/hdoBSoM85u4\" width=\"1150\" height=\"650\" frameborder=\"0\" allowfullscreen=\"allowfullscreen\"><\/iframe><\/p>\n","protected":false},"excerpt":{"rendered":"<p>1. Rozmiar: 1200 * 180 * 980 mm (mo\u017cna dostosowa\u0107)<\/p>\n<p>2. Maksymalna d\u0142ugo\u015b\u0107 ramienia: 800 mm (mo\u017cna dostosowa\u0107)<\/p>\n<p>3. Materia\u0142 ramienia: stal nierdzewna 304<\/p>\n<p>4. Pr\u0119dko\u015b\u0107 przejazdu: 40 os.\/min<\/p>\n<p>5. Zasilanie: 110 V\/220 V 50\/60 Hz<\/p>\n<p>6. Pob\u00f3r mocy podczas jazdy: 20 W<\/p>\n<p>7. Sygna\u0142 otwarcia bramy: styk bezpr\u0105dowy\/przeka\u017anik<\/p>\n<p>8. Bramka obrotowa z szlabanem Silnik nap\u0119dowy: 24 V<\/p>\n<p>9. Dost\u0119pne jest rami\u0119 akrylowe<\/p>\n<p><strong><a title=\"Brama obrotowa obrotowa z certyfikatem CE Mairs\" href=\"http:\/\/mairsturnstile.com\/wp-content\/uploads\/2022\/09\/Mairs-CE-Certificate-Swing-Turnstile-Gate.pdf\" target=\"_blank\" rel=\"noopener noreferrer\">Certyfikat CE,<\/a> <a title=\"Certyfikat Mairs ISO9001\" href=\"http:\/\/mairsturnstile.com\/wp-content\/uploads\/2022\/09\/Mairs-Registration-Certificate-ISO9001.pdf\" target=\"_blank\" rel=\"noopener noreferrer\">Certyfikat ISO9001.<\/a><\/strong><\/p>\n<p><a title=\"Broszura dotycz\u0105ca ko\u0142owrotu obrotowego\" href=\"http:\/\/mairsturnstile.com\/wp-content\/uploads\/2023\/12\/MT323-brochure.pdf\" target=\"_blank\" rel=\"noopener noreferrer\" data-wp-editing=\"1\"><img decoding=\"async\" class=\"alignnone size-full wp-image-11034\" src=\"http:\/\/mairsturnstile.com\/wp-content\/uploads\/2022\/09\/pdf-MairsTurnstile.png\" alt=\"\" width=\"32\" height=\"32\"><strong><span style=\"color: #0000ff;\">Broszura bramki obrotowej MT323<\/span><\/strong><\/a><\/p>\n","protected":false},"featured_media":23202,"comment_status":"closed","ping_status":"closed","template":"","meta":{"neve_meta_sidebar":"","neve_meta_container":"","neve_meta_enable_content_width":"off","neve_meta_content_width":0,"neve_meta_title_alignment":"","neve_meta_author_avatar":"","neve_post_elements_order":"","neve_meta_disable_header":"","neve_meta_disable_footer":"","neve_meta_disable_title":"","_ti_tpc_template_sync":false,"_ti_tpc_template_id":""},"product_cat":[2037,2034],"product_tag":[2068,2744],"class_list":["post-34615","product","type-product","status-publish","has-post-thumbnail","hentry","product_cat-brama-obrotowa-obrotowa","product_cat-kolowroty-bezpieczenstwa","product_tag-kolowrotek-z-barierka-wahadlowa","product_tag-sprzedam-bramki-obrotowe-durban"],"_links":{"self":[{"href":"https:\/\/mairsturnstile.com\/pl\/wp-json\/wp\/v2\/product\/34615","targetHints":{"allow":["GET"]}}],"collection":[{"href":"https:\/\/mairsturnstile.com\/pl\/wp-json\/wp\/v2\/product"}],"about":[{"href":"https:\/\/mairsturnstile.com\/pl\/wp-json\/wp\/v2\/types\/product"}],"replies":[{"embeddable":true,"href":"https:\/\/mairsturnstile.com\/pl\/wp-json\/wp\/v2\/comments?post=34615"}],"version-history":[{"count":0,"href":"https:\/\/mairsturnstile.com\/pl\/wp-json\/wp\/v2\/product\/34615\/revisions"}],"wp:featuredmedia":[{"embeddable":true,"href":"https:\/\/mairsturnstile.com\/pl\/wp-json\/wp\/v2\/media\/23202"}],"wp:attachment":[{"href":"https:\/\/mairsturnstile.com\/pl\/wp-json\/wp\/v2\/media?parent=34615"}],"wp:term":[{"taxonomy":"product_cat","embeddable":true,"href":"https:\/\/mairsturnstile.com\/pl\/wp-json\/wp\/v2\/product_cat?post=34615"},{"taxonomy":"product_tag","embeddable":true,"href":"https:\/\/mairsturnstile.com\/pl\/wp-json\/wp\/v2\/product_tag?post=34615"}],"curies":[{"name":"wp","href":"https:\/\/api.w.org\/{rel}","templated":true}]}}