{"id":34617,"date":"2020-09-13T17:16:32","date_gmt":"2020-09-13T09:16:32","guid":{"rendered":"https:\/\/mairsturnstile.com\/product\/bramka-obrotowa-supermarket-mt311"},"modified":"2025-04-08T15:21:51","modified_gmt":"2025-04-08T07:21:51","slug":"brama-skrzydlowa-supermarketu","status":"publish","type":"product","link":"https:\/\/mairsturnstile.com\/pl\/produkt\/brama-skrzydlowa-supermarketu","title":{"rendered":"BRAMKA OBR\u00d3TOWA SUPERMARKET MT311"},"content":{"rendered":"        <!-- 3D Model html -->\r\n        <div class=\"bp_grand wrapper_25604\">   \r\n        <div class=\"bp_model_parent\">\r\n            <model-viewer class=\"model\" id=\"bp_model_id_25604\" src=\"http:\/\/mairsturnstile.com\/wp-content\/uploads\/2023\/07\/MT311.glb\" alt=\"MT311\" camera-controls  loading=\"auto\" auto-rotate                        >\r\n            <\/model-viewer>\r\n        \r\n            <!-- Button -->\r\n            <svg id=\"openBtn\" width=\"30px\" height=\"30px\" viewBox=\"0 0 16 16\" xmlns=\"http:\/\/www.w3.org\/2000\/svg\" fill=\"#f2f2f2\" class=\"bi bi-arrows-fullscreen model-icon\">\r\n                <path fill-rule=\"evenodd\" d=\"M5.828 10.172a.5.5 0 0 0-.707 0l-4.096 4.096V11.5a.5.5 0 0 0-1 0v3.975a.5.5 0 0 0 .5.5H4.5a.5.5 0 0 0 0-1H1.732l4.096-4.096a.5.5 0 0 0 0-.707zm4.344 0a.5.5 0 0 1 .707 0l4.096 4.096V11.5a.5.5 0 1 1 1 0v3.975a.5.5 0 0 1-.5.5H11.5a.5.5 0 0 1 0-1h2.768l-4.096-4.096a.5.5 0 0 1 0-.707zm0-4.344a.5.5 0 0 0 .707 0l4.096-4.096V4.5a.5.5 0 1 0 1 0V.525a.5.5 0 0 0-.5-.5H11.5a.5.5 0 0 0 0 1h2.768l-4.096 4.096a.5.5 0 0 0 0 .707zm-4.344 0a.5.5 0 0 1-.707 0L1.025 1.732V4.5a.5.5 0 0 1-1 0V.525a.5.5 0 0 1 .5-.5H4.5a.5.5 0 0 1 0 1H1.732l4.096 4.096a.5.5 0 0 1 0 .707z\"\/>\r\n            <\/svg>\r\n        \r\n            <svg id=\"closeBtn\" class=\"model-icon\" width=\"34px\" height=\"34px\" viewBox=\"0 0 24 24\" xmlns=\"http:\/\/www.w3.org\/2000\/svg\">\r\n                <path fill=\"none\" stroke=\"#f2f2f2\" stroke-width=\"2\" d=\"M7,7 L17,17 M7,17 L17,7\"\/>\r\n            <\/svg>\r\n        \r\n        <\/div>\r\n        <\/div> \r\n\r\n        <!-- Model Viewer Style -->\r\n        <style>\r\n            \r\n            .wrapper_25604 .bp_model_parent, #bp_model_id_25604 {\r\n                width: 1150px;\r\n                max-width: 100%;\r\n                                            }\r\n            #bp_model_id_25604 {\r\n                height:700px;\r\n                background-color: transparent;\r\n            }\r\n            .fullscreen #bp_model_id_25604{\r\n            height: 100%;\r\n            width: 100%;\r\n            }\r\n            .wrapper_25604 .bp_model_parent{\r\n                justify-content: start            }\r\n            model-viewer.model {\r\n                --poster-color: transparent;\r\n            }\r\n        <\/style>\r\n        \r\n        \n<h4>Brama skrzyd\u0142owa SUPERMARKET posiada 2-letni\u0105 gwarancj\u0119 oraz trwa\u0142e wsparcie w zakresie konserwacji i napraw.<\/h4>\n<p>Mo\u017cemy \u015bwiadczy\u0107 us\u0142ugi OEM i ODM. Dostarczamy r\u00f3wnie\u017c urz\u0105dzenia biometryczne, takie jak czytniki kart IC\/ID, skanery linii papilarnych, skanery kod\u00f3w QR, kamery rozpoznaj\u0105ce twarz i tak dalej.<\/p>\n<p>Brama obrotowa supermarket\u00f3w to rodzaj automatycznej indukcyjnej cylindrycznej bramy obrotowej na podczerwie\u0144 lub radar, kt\u00f3ra jest specjalnie u\u017cywana do wej\u015bcia i wyj\u015bcia z du\u017cych supermarket\u00f3w i supermarket\u00f3w bezza\u0142ogowych. D\u0142ugo\u015b\u0107 pr\u0119ta skrzyd\u0142owego ko\u0142owrotu obrotowego w supermarkecie mo\u017cna dostosowa\u0107 do szeroko\u015bci wej\u015bcia do supermarketu. Oczywi\u015bcie ta brama skrzyd\u0142owa do supermarket\u00f3w mo\u017ce by\u0107 r\u00f3wnie\u017c stosowana w magazynach, sklepach odzie\u017cowych, supermarketach, sklepach jubilerskich, centrach handlowych, sklepach kosmetycznych, ksi\u0119garniach itp. Brama skrzyd\u0142owa supermarketu ma t\u0119 zalet\u0119, \u017ce nie ma r\u0119cznego wykrywania, jest wysoka wydajno\u015b\u0107, jest szybka, bezpieczna i dobra obs\u0142uga.<\/p>\n<p>Bram\u0119 skrzyd\u0142ow\u0105 supermarketu mo\u017cna dostosowa\u0107 za pomoc\u0105 szeroko\u015bci kana\u0142u zgodnie z rzeczywistymi potrzebami. Na przyk\u0142ad w powy\u017cszym filmie nasi klienci dostosowali bram\u0119 uchyln\u0105 do supermarket\u00f3w z bardzo szerokimi kana\u0142ami. Oczywi\u015bcie mamy r\u00f3wnie\u017c inn\u0105 bramk\u0119 obrotow\u0105 przy wej\u015bciu do supermarketu, kt\u00f3ra jest odpowiednia dla supermarket\u00f3w. Je\u015bli uwa\u017casz, \u017ce ta bramka obrotowa w supermarkecie nie jest dla Ciebie odpowiednia, prosz\u0119 sprawdzi\u0107 nasze inne produkty: <a href=\"https:\/\/mairsturnstile.com\/product\/supermarket-entrance-turnstile\">Bramki obrotowe do supermarket\u00f3w<\/a><\/p>\n<p>Mo\u017cemy r\u00f3wnie\u017c w ci\u0105gu kilku minut stworzy\u0107 dla Ciebie rendering na podstawie Twojego rzeczywistego scenariusza. Dostarczamy r\u00f3wnie\u017c szczeg\u00f3\u0142owe plany i rysunki, a tak\u017ce rysunki instalacyjne.<\/p>\n\n        \t\n\t<style type=\"text\/css\">\n\t\t.slider-info-25611.bafg-slider-info .bafg-slider-title {\n\t\t\t\t\t\tfont-size: 22px;\n\t\t\t\t\t\t\n\t\t\t\n\t\t\t\t\t}\n\n\t\t.slider-info-25611.bafg-slider-info .bafg-slider-description {\n\t\t\t\n\t\t\t\n\t\t\t\t\t}\n\n\t\t.slider-info-25611.bafg-slider-info .bafg_slider_readmore_button {\n\t\t\t\n\t\t\t\n\t\t\t\n\t\t\t\n\t\t\t\n\t\t\ttext-align: center;\n\n\t\t\t\n\t\t\t\n\t\t\t\n\t\t\t\n\t\t\t\n\t\t\t\n\t\t\t\t\t}\n\n\t\t.slider-info-25611.bafg-slider-info .bafg_slider_readmore_button:hover {\n\n\t\t\t\n\t\t\t\n\t\t\t\t\t}\n\n\t<\/style>\n\t\n        <div class=\"bafg-twentytwenty-container slider-25611 \" bafg-orientation=\"horizontal\" bafg-default-offset=\"0.5\" bafg-before-label=\"Before\" bafg-after-label=\"After\" bafg-overlay=\"yes\" bafg-move-slider-on-hover=\"yes\" bafg-click-to-move=\"no\">\n              \n            <img decoding=\"async\" class=\"skip-lazy\" src=\"http:\/\/mairsturnstile.com\/wp-content\/uploads\/2023\/07\/supermarket-swing-gate_8.jpg\" alt=\"\" data-skip-lazy title=\"\">\n            <img decoding=\"async\" class=\"skip-lazy\" src=\"http:\/\/mairsturnstile.com\/wp-content\/uploads\/2023\/07\/supermarket-swing-gate_9.jpg\" alt=\"\" data-skip-lazy title=\"\">\n           \n        <\/div>\n\n        \t<div class=\"bafg-slider-info-wraper\">\n\t\t<div style=\"\" class=\"slider-info-25611 bafg-slider-info\">\n\t\t\t\t\t<\/div>\n\t<\/div>\n\t\n        <style type=\"text\/css\">\n            \n        <\/style>\n        \n<p>Gdy kto\u015b wejdzie do supermarketu, brama skrzyd\u0142owa supermarketu otworzy si\u0119 automatycznie. Ludzie b\u0119d\u0105 wchodzi\u0107 do supermarketu w spos\u00f3b uporz\u0105dkowany. Nie mog\u0105 wyj\u015b\u0107. Mog\u0105 przej\u015b\u0107 w jedn\u0105 stron\u0119. Mo\u017cna je tak\u017ce zastosowa\u0107 przy drzwiach wej\u015bciowych niekt\u00f3rych szpitali czy magazyn\u00f3w. Bramka wej\u015bciowa do supermarketu z barierk\u0105 nadaje si\u0119 do kontrolowania przep\u0142ywu os\u00f3b wchodz\u0105cych do supermarketu i utrzymywania jednolitego i uporz\u0105dkowanego dost\u0119pu do supermarketu. Gdy do supermarketu nie wejdzie \u017caden personel, bramka obrotowa supermarketu zostanie automatycznie zablokowana.<\/p>\n<p>Og\u00f3lnie rzecz bior\u0105c, gdy ludzie wchodz\u0105 do drzwi obrotowych ko\u0142owrotu, wbudowany radar lub czujnik podczerwieni wykryje t\u0119 osob\u0119, a ko\u0142owrotek obrotowy automatycznie otworzy drzwi. Po przej\u015bciu osoby, podczerwie\u0144 lub radar r\u00f3wnie\u017c automatycznie wykryje, a nast\u0119pnie bramka ko\u0142owrotu w supermarkecie zamknie si\u0119 automatycznie. Czasami, aby zaoszcz\u0119dzi\u0107 koszty, s\u0105 tylko dwie kolumny. Ten rodzaj bariery obrotowej w supermarkecie nale\u017cy zamkn\u0105\u0107 zgodnie z ustawionym czasem.<\/p>\n<p>Brama skrzyd\u0142owa supermarketu jest szeroko stosowana do kontroli dost\u0119pu pieszych do magazynu supermarketu. Ogrodzenie mo\u017cna doda\u0107 po obu stronach, aby zapewni\u0107 swobodny dost\u0119p. Ma rozmiar, kt\u00f3ry mo\u017ce zaoszcz\u0119dzi\u0107 miejsce. Mo\u017ce s\u0142u\u017cy\u0107 r\u00f3wnie\u017c jako wyj\u015bcie awaryjne. Mairsturnstile oferuje najlepszej jako\u015bci <a href=\"https:\/\/mairsturnstile.com\/swing-turnstile-gate.html\">bramki obrotowe Swing<\/a> w najta\u0144szej cenie online. Profesjonalny producent ko\u0142owrot\u00f3w Mairs oferuje najta\u0144sz\u0105 bram\u0119 obrotow\u0105 do supermarket\u00f3w.<\/p>\n<ul>\n<li>W sytuacji awaryjnej nale\u017cy od\u0142\u0105czy\u0107 zasilanie, ko\u0142owrotek Access otworzy si\u0119 automatycznie, umo\u017cliwiaj\u0105c swobodne przej\u015bcie, spe\u0142niaj\u0105ce wymogi bezpiecze\u0144stwa przeciwpo\u017carowego.<\/li>\n<li>Bramka obrotowa jest odpowiednia do <a href=\"https:\/\/en.wikipedia.org\/wiki\/Access_control\" target=\"_blank\" rel=\"noopener\">kontroli dost\u0119pu<\/a> w supermarketach.<\/li>\n<li>Ca\u0142y system dzia\u0142a p\u0142ynnie, przy niskim poziomie ha\u0142asu.<\/li>\n<li>Maksymalna d\u0142ugo\u015b\u0107 ramienia: 800 mm<\/li>\n<li>Szeroko stosowany w supermarketach<\/li>\n<li>Funkcja alarmu, w przypadku nielegalnego w\u0142amania lub w\u0142amania odwrotnego, brama uruchomi alarm i drzwi zostan\u0105 zablokowane.<\/li>\n<li>Je\u015bli jest wyposa\u017cony w ogrodzenie, mo\u017cna doda\u0107 czujnik, aby zapewni\u0107 swobodny dost\u0119p. \u015arodkowy czujnik ma zapobiega\u0107 przyszczypni\u0119ciu pieszych.<\/li>\n<li>Funkcja zapobiegania ogonowaniu, jedna osoba mo\u017ce przej\u015b\u0107 w tym samym czasie. Je\u015bli kto\u015b b\u0119dzie pod\u0105\u017ca\u0142 za lud\u017ami z przodu, brama uruchomi alarm<\/li>\n<li>Dost\u0119p dwukierunkowy zmniejsza potrzeb\u0119 stosowania wi\u0119kszej liczby bramek. Jest przystosowany do w\u00f3zk\u00f3w inwalidzkich i w\u00f3zk\u00f3w sklepowych, co zwi\u0119ksza wydajno\u015b\u0107 przejazdu. Mo\u017ce r\u00f3wnie\u017c dzia\u0142a\u0107 jako pojedynczy kierunek, co jest powszechnie spotykane w Supermarkecie tylko dla wej\u015bcia.<\/li>\n<li>Funkcja automatycznego resetowania. Je\u017celi w zadanym czasie (domy\u015blny czas to 5 sekund) nie przejd\u0105 \u017cadne osoby, system anuluje uprawnienia u\u017cytkownika i zamknie si\u0119 automatycznie.<\/li>\n<li>Jest to rami\u0119 ze stali nierdzewnej. Szeroko\u015b\u0107 pasa mo\u017ce si\u0119ga\u0107 1600 mm, po kt\u00f3rym mo\u017cna dojecha\u0107 rowerem lub motocyklem.<\/li>\n<\/ul>\n<p>Mo\u017cemy zapewni\u0107 ca\u0142e rozwi\u0105zanie kontroli dost\u0119pu bezpiecze\u0144stwa. Je\u015bli posiadasz w\u0142asny system kontroli dost\u0119pu, mo\u017cesz bezpo\u015brednio skorzysta\u0107 z naszej bramki obrotowej. Je\u015bli go nie posiadasz, zapewniamy r\u00f3wnie\u017c kompletne rozwi\u0105zanie w zakresie kontroli dost\u0119pu. Aby uzyska\u0107 szczeg\u00f3\u0142owe informacje, zapoznaj si\u0119 z poni\u017cszym filmem.<\/p>\n<p><iframe title=\"Brama skrzyd\u0142owa dla pieszych, brama skrzyd\u0142owa z nap\u0119dem, ko\u0142owrotek cylindryczny - MairsTurnstile.com\" src=\"https:\/\/www.youtube.com\/embed\/Z69v4_4BlEA\" width=\"1150\" height=\"650\" frameborder=\"0\" allowfullscreen=\"allowfullscreen\"><\/iframe><\/p>\n","protected":false},"excerpt":{"rendered":"<p>1. Rozmiar: 168*1000 mm (mo\u017cna dostosowa\u0107)<\/p>\n<p>2. Materia\u0142 ramienia: stal nierdzewna 304<\/p>\n<p>3. Pr\u0119dko\u015b\u0107 przejazdu: 40 os.\/min<\/p>\n<p>4. Zasilanie: 110 V\/220 V 50\/60 Hz<\/p>\n<p>5. Pob\u00f3r mocy podczas jazdy: 20 W<\/p>\n<p>6. Sygna\u0142 otwarcia bramy: styk bezpr\u0105dowy\/przeka\u017anik<\/p>\n<p>7. Silnik nap\u0119dowy: 24 V<\/p>\n<p>8. Bramka dost\u0119pu Waga: 30 kg\/szt<\/p>\n<p>9. Dost\u0119pny jest r\u0119czny<\/p>\n<p><span style=\"color: #0000ff;\"><strong><a style=\"color: #0000ff;\" title=\"Brama obrotowa obrotowa z certyfikatem CE Mairs\" href=\"http:\/\/mairsturnstile.com\/wp-content\/uploads\/2022\/09\/Mairs-CE-Certificate-Swing-Turnstile-Gate.pdf\" target=\"_blank\" rel=\"noopener noreferrer\">Certyfikat CE,<\/a> <a style=\"color: #0000ff;\" title=\"Certyfikat Mairs ISO9001\" href=\"http:\/\/mairsturnstile.com\/wp-content\/uploads\/2022\/09\/Mairs-Registration-Certificate-ISO9001.pdf\" target=\"_blank\" rel=\"noopener noreferrer\">Certyfikat ISO9001.<\/a><\/strong><\/span><\/p>\n<p><a title=\"Broszura dotycz\u0105ca bram skrzyd\u0142owych do supermarket\u00f3w\" href=\"http:\/\/mairsturnstile.com\/wp-content\/uploads\/2023\/12\/MT311-brochure.pdf\" target=\"_blank\" rel=\"noopener noreferrer\" data-wp-editing=\"1\"><img decoding=\"async\" class=\"alignnone size-full wp-image-11034\" src=\"http:\/\/mairsturnstile.com\/wp-content\/uploads\/2022\/09\/pdf-MairsTurnstile.png\" alt=\"\" width=\"32\" height=\"32\"><strong><span style=\"color: #0000ff;\">Broszura dotycz\u0105ca bram skrzyd\u0142owych do supermarket\u00f3w MT311<\/span><\/strong><\/a><\/p>\n","protected":false},"featured_media":57959,"comment_status":"closed","ping_status":"closed","template":"","meta":{"neve_meta_sidebar":"","neve_meta_container":"","neve_meta_enable_content_width":"off","neve_meta_content_width":0,"neve_meta_title_alignment":"","neve_meta_author_avatar":"","neve_post_elements_order":"","neve_meta_disable_header":"","neve_meta_disable_footer":"","neve_meta_disable_title":"","_ti_tpc_template_sync":false,"_ti_tpc_template_id":""},"product_cat":[2037,2034],"product_tag":[2050,2045,2049,2068],"class_list":["post-34617","product","type-product","status-publish","has-post-thumbnail","hentry","product_cat-brama-obrotowa-obrotowa","product_cat-kolowroty-bezpieczenstwa","product_tag-brama-wahadlowa-supermarketu","product_tag-kolowrot-obrotowy","product_tag-kolowrotek-wyjsciowy","product_tag-kolowrotek-z-barierka-wahadlowa"],"_links":{"self":[{"href":"https:\/\/mairsturnstile.com\/pl\/wp-json\/wp\/v2\/product\/34617","targetHints":{"allow":["GET"]}}],"collection":[{"href":"https:\/\/mairsturnstile.com\/pl\/wp-json\/wp\/v2\/product"}],"about":[{"href":"https:\/\/mairsturnstile.com\/pl\/wp-json\/wp\/v2\/types\/product"}],"replies":[{"embeddable":true,"href":"https:\/\/mairsturnstile.com\/pl\/wp-json\/wp\/v2\/comments?post=34617"}],"version-history":[{"count":0,"href":"https:\/\/mairsturnstile.com\/pl\/wp-json\/wp\/v2\/product\/34617\/revisions"}],"wp:featuredmedia":[{"embeddable":true,"href":"https:\/\/mairsturnstile.com\/pl\/wp-json\/wp\/v2\/media\/57959"}],"wp:attachment":[{"href":"https:\/\/mairsturnstile.com\/pl\/wp-json\/wp\/v2\/media?parent=34617"}],"wp:term":[{"taxonomy":"product_cat","embeddable":true,"href":"https:\/\/mairsturnstile.com\/pl\/wp-json\/wp\/v2\/product_cat?post=34617"},{"taxonomy":"product_tag","embeddable":true,"href":"https:\/\/mairsturnstile.com\/pl\/wp-json\/wp\/v2\/product_tag?post=34617"}],"curies":[{"name":"wp","href":"https:\/\/api.w.org\/{rel}","templated":true}]}}