{"id":34623,"date":"2020-09-13T17:06:48","date_gmt":"2020-09-13T09:06:48","guid":{"rendered":"https:\/\/mairsturnstile.com\/product\/bramka-dla-niepelnosprawnych-o-pelnej-wysokosci-mt451-c"},"modified":"2024-10-30T19:09:47","modified_gmt":"2024-10-30T11:09:47","slug":"kolowrotek-dla-osob-niepelnosprawnych","status":"publish","type":"product","link":"https:\/\/mairsturnstile.com\/pl\/produkt\/kolowrotek-dla-osob-niepelnosprawnych","title":{"rendered":"BRAMKA OBROTOWA DLA NIEPE\u0141NOSPRAWNYCH O PE\u0141NEJ WYSOKO\u015aCI"},"content":{"rendered":"        <!-- 3D Model html -->\r\n        <div class=\"bp_grand wrapper_51818\">   \r\n        <div class=\"bp_model_parent\">\r\n            <model-viewer class=\"model\" id=\"bp_model_id_51818\" src=\"http:\/\/mairsturnstile.com\/wp-content\/uploads\/2024\/09\/MT-XW400C.glb\" alt=\"MT-XW400C\" camera-controls  loading=\"auto\" auto-rotate                        >\r\n            <\/model-viewer>\r\n        \r\n            <!-- Button -->\r\n            <svg id=\"openBtn\" width=\"30px\" height=\"30px\" viewBox=\"0 0 16 16\" xmlns=\"http:\/\/www.w3.org\/2000\/svg\" fill=\"#f2f2f2\" class=\"bi bi-arrows-fullscreen model-icon\">\r\n                <path fill-rule=\"evenodd\" d=\"M5.828 10.172a.5.5 0 0 0-.707 0l-4.096 4.096V11.5a.5.5 0 0 0-1 0v3.975a.5.5 0 0 0 .5.5H4.5a.5.5 0 0 0 0-1H1.732l4.096-4.096a.5.5 0 0 0 0-.707zm4.344 0a.5.5 0 0 1 .707 0l4.096 4.096V11.5a.5.5 0 1 1 1 0v3.975a.5.5 0 0 1-.5.5H11.5a.5.5 0 0 1 0-1h2.768l-4.096-4.096a.5.5 0 0 1 0-.707zm0-4.344a.5.5 0 0 0 .707 0l4.096-4.096V4.5a.5.5 0 1 0 1 0V.525a.5.5 0 0 0-.5-.5H11.5a.5.5 0 0 0 0 1h2.768l-4.096 4.096a.5.5 0 0 0 0 .707zm-4.344 0a.5.5 0 0 1-.707 0L1.025 1.732V4.5a.5.5 0 0 1-1 0V.525a.5.5 0 0 1 .5-.5H4.5a.5.5 0 0 1 0 1H1.732l4.096 4.096a.5.5 0 0 1 0 .707z\"\/>\r\n            <\/svg>\r\n        \r\n            <svg id=\"closeBtn\" class=\"model-icon\" width=\"34px\" height=\"34px\" viewBox=\"0 0 24 24\" xmlns=\"http:\/\/www.w3.org\/2000\/svg\">\r\n                <path fill=\"none\" stroke=\"#f2f2f2\" stroke-width=\"2\" d=\"M7,7 L17,17 M7,17 L17,7\"\/>\r\n            <\/svg>\r\n        \r\n        <\/div>\r\n        <\/div> \r\n\r\n        <!-- Model Viewer Style -->\r\n        <style>\r\n            \r\n            .wrapper_51818 .bp_model_parent, #bp_model_id_51818 {\r\n                width: 1150px;\r\n                max-width: 100%;\r\n                                            }\r\n            #bp_model_id_51818 {\r\n                height:700px;\r\n                background-color: #f9f9f9;\r\n            }\r\n            .fullscreen #bp_model_id_51818{\r\n            height: 100%;\r\n            width: 100%;\r\n            }\r\n            .wrapper_51818 .bp_model_parent{\r\n                justify-content: start            }\r\n            model-viewer.model {\r\n                --poster-color: transparent;\r\n            }\r\n        <\/style>\r\n        \r\n        \n<h4>BRAMKA KO\u0141Owrot\u00d3W DLA NIEPE\u0141NOSPRAWNYCH obj\u0119ty jest 2-letni\u0105 gwarancj\u0105 oraz trwa\u0142ym wsparciem w zakresie konserwacji i napraw.<\/h4>\n<p>Mo\u017cemy \u015bwiadczy\u0107 us\u0142ugi OEM i ODM. Mamy do\u015bwiadczonych projektant\u00f3w, kt\u00f3rzy s\u0105 w stanie dokona\u0107 g\u0142\u0119bokiej personalizacji wed\u0142ug Twoich potrzeb. W najszybszym mo\u017cliwym terminie udost\u0119pnimy szereg materia\u0142\u00f3w takich jak wizualizacje 3D, rysunki wymiarowe itp. Je\u015bli masz jakie\u015b specjalne potrzeby i chcesz dostosowa\u0107 produkt, wystarczy, \u017ce prze\u015blesz odpowiednie zdj\u0119cia i parametry. Dostarczamy r\u00f3wnie\u017c urz\u0105dzenia biometryczne, takie jak czytniki kart IC\/ID, skanery linii papilarnych, skanery kod\u00f3w QR, kamery rozpoznaj\u0105ce twarz i tak dalej.<\/p>\n<p>Wprowadzili\u015bmy r\u00f3wnie\u017c now\u0105 seri\u0119 bramek obrotowych o pe\u0142nej wysoko\u015bci, o stylowym wygl\u0105dzie i solidnej konstrukcji. Sprawd\u017a: <span style=\"\"><a style=\"\" href=\"\" target=\"\" rel=\"noopener\">seria ko\u0142owrot\u00f3w o pe\u0142nej wysoko\u015bci<\/a><\/span> <\/p>\n<p><strong>Ko\u0142owr\u00f3t dla os\u00f3b niepe\u0142nosprawnych to rodzaj bramki obrotowej dla pieszych, kt\u00f3ra s\u0142u\u017cy do kontroli dost\u0119pu dla os\u00f3b niepe\u0142nosprawnych na w\u00f3zkach inwalidzkich, kt\u00f3rych szeroko\u015b\u0107 pasa powinna wynosi\u0107 co najmniej 900 mm. Ko\u0142owr\u00f3t dla os\u00f3b niepe\u0142nosprawnych jest zwykle przeznaczony dla os\u00f3b niepe\u0142nosprawnych, os\u00f3b niepe\u0142nosprawnych, co u\u0142atwia podr\u00f3\u017cowanie osobom niepe\u0142nosprawnym.<\/strong> Bez problemu przejd\u0105 przez nie osoby niepe\u0142nosprawne i poruszaj\u0105ce si\u0119 na w\u00f3zkach inwalidzkich. Ko\u0142owr\u00f3t dla os\u00f3b niepe\u0142nosprawnych r\u00f3\u017cni si\u0119 od tradycyjnego ko\u0142owrotu z barier\u0105 klapow\u0105 i ko\u0142owrotu na statywie. Dost\u0119p nie jest ograniczony \u015brodkami fizycznymi, takimi jak p\u0142yta skrzyd\u0142owa i pr\u0119t blokuj\u0105cy. Ko\u0142owr\u00f3t dla os\u00f3b niepe\u0142nosprawnych nie ma zasady ruchu, a jedynie funkcj\u0119 rozpoznawania indukcyjnego.<\/p>\n<p>Istnieje wiele styl\u00f3w ko\u0142owrot\u00f3w dla os\u00f3b niepe\u0142nosprawnych, kt\u00f3re mo\u017cna r\u00f3wnie\u017c dostosowa\u0107 do rzeczywistych potrzeb. Wszystkie nasze bramki obrotowe i bramki szybkiego ruchu mog\u0105 by\u0107 specjalnie zaprojektowane dla os\u00f3b niepe\u0142nosprawnych i niepe\u0142nosprawnych. Wszystkie modele ko\u0142owrot\u00f3w obrotowych i bramek szybkiego dost\u0119pu mog\u0105 by\u0107 stosowane w przypadku dost\u0119pu dla os\u00f3b niepe\u0142nosprawnych. Niekt\u00f3re modele podw\u00f3jnej wysuwanej bariery klapowej i ko\u0142owrotu przesuwnego mog\u0105 mie\u0107 r\u00f3wnie\u017c szeroko\u015b\u0107 przej\u015bcia 900 mm. Jest zgodny z ADA (Ustawa o osobach niepe\u0142nosprawnych). Je\u015bli potrzebuj\u0105 Pa\u0144stwo jakiegokolwiek rodzaju ko\u0142owrotu dla niepe\u0142nosprawnych, prosimy <a href=\"https:\/\/mairsturnstile.com\/contact\">o zapytanie<\/a><\/p>\n<p>Je\u015bli chodzi o ko\u0142owrotek ADA lub ko\u0142owrotek dla os\u00f3b niepe\u0142nosprawnych, ze wzgl\u0119du na czynniki zwi\u0105zane ze \u015brodowiskiem instalacji na miejscu lub wymaganiami dotycz\u0105cymi dost\u0119pu do miejsca i miejsca, wielu klient\u00f3w mo\u017ce potrzebowa\u0107 jedynie prostej wersji ko\u0142owrotu ADA. Je\u015bli masz jakiekolwiek potrzeby w tym zakresie, mo\u017cesz r\u00f3wnie\u017c skontaktowa\u0107 si\u0119 z nami, aby je dostosowa\u0107. Na przyk\u0142ad nast\u0119puj\u0105ce dwie proste wersje bramki obrotowej o pe\u0142nej wysoko\u015bci s\u0105 dostosowywane przez naszych klient\u00f3w. Ten ko\u0142owrotek obrotowy o pe\u0142nej wysoko\u015bci rozwi\u0105zuje problem polegaj\u0105cy na tym, \u017ce ko\u0142owroty o pe\u0142nej wysoko\u015bci nie mog\u0105 przej\u015b\u0107 przez rowery i w\u00f3zki inwalidzkie. Prosta wersja obrotowej bramki obrotowej jest w ca\u0142o\u015bci przeznaczona do przejazdu rower\u00f3w lub os\u00f3b niepe\u0142nosprawnych.<\/p>\n<p>Mo\u017cemy r\u00f3wnie\u017c w ci\u0105gu kilku minut stworzy\u0107 dla Ciebie rendering na podstawie Twojego rzeczywistego scenariusza. Zapewniamy r\u00f3wnie\u017c szczeg\u00f3\u0142owy uk\u0142ad i rysunki, a tak\u017ce rysunki instalacyjne.<\/p>\n\n        \t\n\t<style type=\"text\/css\">\n\t\t.slider-info-53264.bafg-slider-info .bafg-slider-title {\n\t\t\t\t\t\tfont-size: 22px;\n\t\t\t\t\t\t\n\t\t\t\n\t\t\t\t\t}\n\n\t\t.slider-info-53264.bafg-slider-info .bafg-slider-description {\n\t\t\t\n\t\t\t\n\t\t\t\t\t}\n\n\t\t.slider-info-53264.bafg-slider-info .bafg_slider_readmore_button {\n\t\t\t\n\t\t\t\n\t\t\t\n\t\t\t\n\t\t\t\n\t\t\ttext-align: center;\n\n\t\t\t\n\t\t\t\n\t\t\t\n\t\t\t\n\t\t\t\n\t\t\t\n\t\t\t\t\t}\n\n\t\t.slider-info-53264.bafg-slider-info .bafg_slider_readmore_button:hover {\n\n\t\t\t\n\t\t\t\n\t\t\t\t\t}\n\n\t<\/style>\n\t\n        <div class=\"bafg-twentytwenty-container slider-53264 \" bafg-orientation=\"horizontal\" bafg-default-offset=\"0.5\" bafg-before-label=\"Before\" bafg-after-label=\"After\" bafg-overlay=\"yes\" bafg-move-slider-on-hover=\"yes\" bafg-click-to-move=\"no\">\n              \n            <img decoding=\"async\" class=\"skip-lazy\" src=\"http:\/\/mairsturnstile.com\/wp-content\/uploads\/2024\/09\/xw-series-full-height-handicap-turnstile-XW400-C.jpg\" alt=\"\" data-skip-lazy title=\"\">\n            <img decoding=\"async\" class=\"skip-lazy\" src=\"http:\/\/mairsturnstile.com\/wp-content\/uploads\/2024\/09\/xw-series-full-height-handicap-turnstile-XW400-C-1.jpg\" alt=\"\" data-skip-lazy title=\"\">\n           \n        <\/div>\n\n        \t<div class=\"bafg-slider-info-wraper\">\n\t\t<div style=\"\" class=\"slider-info-53264 bafg-slider-info\">\n\t\t\t\t\t<\/div>\n\t<\/div>\n\t\n        <style type=\"text\/css\">\n            \n        <\/style>\n        \n<p>Na g\u00f3rnej pokrywie produktu znajduje si\u0119 sygnalizacja \u015bwietlna, a sygnalizacja \u015bwietlna LED wykonywana jest zgodnie z potrzebami klienta. Mo\u017cemy zaspokoi\u0107 potrzeby ka\u017cdego OEM lub ODM.<\/p>\n<p>Bramka dla os\u00f3b niepe\u0142nosprawnych mo\u017ce szybko i dok\u0142adnie oceni\u0107 nielegaln\u0105 to\u017csamo\u015b\u0107 personelu podczas przechodzenia przez sprz\u0119t, wysy\u0142a\u0107 sygna\u0142y alarmowe i robi\u0107 zdj\u0119cia. Co wi\u0119cej, system kontroli dost\u0119pu mo\u017ce wykorzystywa\u0107 technologi\u0119 por\u00f3wnywania obraz\u00f3w do sprawdzania podejrzanych zapis\u00f3w dost\u0119pu lub podejrzanych informacji personalnych we wra\u017cliwych okresach.<\/p>\n<p>Bramka dla os\u00f3b niepe\u0142nosprawnych ocenia, czy w kanale i na wyj\u015bciu znajduj\u0105 si\u0119 ludzie i towary, za pomoc\u0105 technologii RFID i technologii podczerwieni, ocenia legalno\u015b\u0107 os\u00f3b i towar\u00f3w wchodz\u0105cych i wychodz\u0105cych z kana\u0142u w po\u0142\u0105czeniu z technologi\u0105 bezprzewodowego gromadzenia danych na du\u017ce odleg\u0142o\u015bci i przypomina im za pomoc\u0105 sygnalizacji d\u017awi\u0119kowej i wizualnej.<\/p>\n<p>Bramka dla os\u00f3b niepe\u0142nosprawnych charakteryzuje si\u0119 technologi\u0105 bezprzewodowego gromadzenia danych na du\u017ce odleg\u0142o\u015bci. Personel wchodz\u0105cy i wychodz\u0105cy z kana\u0142u nie musi aktywnie okazywa\u0107 swoich dokument\u00f3w to\u017csamo\u015bci, a jedynie musi zna\u0107 swoje dane identyfikacyjne i legalno\u015b\u0107 za po\u015brednictwem kana\u0142u.<\/p>\n<p>Bramka obrotowa dla os\u00f3b niepe\u0142nosprawnych sk\u0142ada si\u0119 z podwozia i elektrycznego modu\u0142u steruj\u0105cego. P\u0142yta g\u0142\u00f3wna steruj\u0105ca bramk\u0105 obrotow\u0105 wykrywa osoby niepe\u0142nosprawne przechodz\u0105ce przez detektor podczerwieni, a osoby niepe\u0142nosprawne\/niepe\u0142nosprawne mog\u0105 przej\u015b\u0107 przez nie za zgod\u0105 prawn\u0105; Je\u017celi pieszy wejdzie na przej\u015bcie bez zezwolenia, zostanie uruchomiony alarm d\u017awi\u0119kowy i wizualny informuj\u0105cy, \u017ce pieszy nie mo\u017ce przej\u015b\u0107 bez zezwolenia.<\/p>\n<p style=\"font-weight: 400;\">Ko\u0142owrotek dla os\u00f3b niepe\u0142nosprawnych Kontrola dost\u0119pu Rozpoznawanie twarzy Ko\u0142owrotek RFID do budynku biurowego. Zwykle konfigurowane s\u0105 standardowe interfejsy wej\u015bciowe sygna\u0142u, takie jak interfejs RS485\/RS232 lub TCP\/IP, kt\u00f3re mo\u017cna zintegrowa\u0107 z r\u00f3\u017cnymi oprogramowaniem innych firm, sprz\u0119tem biometrycznym i kontrolerami kontroli dost\u0119pu. Nadaje si\u0119 do r\u00f3\u017cnych okazji w pomieszczeniach, takich jak budynki biznesowe, budynki biurowe, sale wystawowe i tak dalej.<\/p>\n<p>Ko\u0142owrotek z bramk\u0105 obrotow\u0105 o pe\u0142nej wysoko\u015bci kontroluje osoby, kt\u00f3re wchodz\u0105 lub wychodz\u0105 z obszaru o ograniczonym dost\u0119pie. Obudowa wykonana jest z wysokiej jako\u015bci szczotkowanej stali nierdzewnej 304. Mechanizm wykorzystuje najnowocze\u015bniejsz\u0105 technologi\u0119, aby zminimalizowa\u0107 rozmiar, ale zapewnia wysok\u0105 wydajno\u015b\u0107. S\u0105 r\u00f3wnie\u017c wyposa\u017cone w bezszczotkowy silnik pr\u0105du sta\u0142ego znanej marki i wyrafinowany czujnik. <a href=\"https:\/\/mairsturnstile.com\/swing-turnstile-gate.html\" target=\"_blank\" rel=\"noopener\">Bramka obrot<\/a> owa posiada standardowe wyj\u015bcie przeka\u017anikowe, kt\u00f3re mo\u017cna \u0142atwo zintegrowa\u0107 z wszelkiego rodzaju systemami kontroli dost\u0119pu innych firm (np. RFID, odcisk palca, twarz, kod kreskowy, <a href=\"https:\/\/en.wikipedia.org\/wiki\/Thermometer\" target=\"_blank\" rel=\"noopener\">termometr<\/a> na podczerwie\u0144). Konfiguracja wielu pas\u00f3w jest \u0142atwa. Mairs oferuje najlepsz\u0105 bramk\u0119 obrotow\u0105 dla os\u00f3b niepe\u0142nosprawnych w najni\u017cszej cenie online. Bramka dla os\u00f3b niepe\u0142nosprawnych, os\u00f3b niepe\u0142nosprawnych i niepe\u0142nosprawnych.<\/p>\n<ul>\n<li style=\"list-style-type: none;\">\n<ul>\n<li>W sytuacji awaryjnej nale\u017cy odci\u0105\u0107 zasilanie, bramka obrotowa dla os\u00f3b niepe\u0142nosprawnych otworzy si\u0119 automatycznie, aby umo\u017cliwi\u0107 swobodne przej\u015bcie zgodne z wymogami bezpiecze\u0144stwa przeciwpo\u017carowego. Ale musi by\u0107 z bateri\u0105. Je\u015bli chodzi o eksport, bateria jest wra\u017cliwa, mo\u017cemy u\u017cy\u0107 kondensatora, aby j\u0105 wymieni\u0107.<\/li>\n<li>Bramka obrotowa o pe\u0142nej wysoko\u015bci dla os\u00f3b niepe\u0142nosprawnych nadaje si\u0119 do luksusowych i wysokiej klasy rozwi\u0105za\u0144 wej\u015bciowych.<\/li>\n<li>Ca\u0142y system dzia\u0142a p\u0142ynnie, przy niskim poziomie ha\u0142asu i du\u017cej pr\u0119dko\u015bci.<\/li>\n<li>Funkcja alarmu, w przypadku nielegalnego w\u0142amania i w\u0142amania odwrotnego, brama uruchomi alarm, a drzwi zostan\u0105 zablokowane.<\/li>\n<li>\u0141\u0105cznie jest 6 par czujnik\u00f3w podczerwieni. \u015arodkowy czujnik ma zapobiega\u0107 przytrza\u015bni\u0119ciu pieszych.<\/li>\n<li>Funkcja zapobiegania ogonowaniu, jedna osoba mo\u017ce przej\u015b\u0107 w tym samym czasie. Je\u015bli kto\u015b b\u0119dzie pod\u0105\u017ca\u0142 za lud\u017ami z przodu, brama uruchomi alarm<\/li>\n<li>Wska\u017anik ledowy. Czerwony krzy\u017c i zielona strza\u0142ka. Na przednim s\u0142upku znajduj\u0105 si\u0119 r\u00f3wnie\u017c kierunkowskazy LED. Do ramion mo\u017cna doda\u0107 o\u015bwietlenie LED.<\/li>\n<li>Dost\u0119p dwukierunkowy zmniejsza potrzeb\u0119 stosowania wi\u0119kszej liczby bramek. Jest przystosowany do w\u00f3zk\u00f3w inwalidzkich, w\u00f3zek sklepowy zwi\u0119ksza efektywno\u015b\u0107 przejazdu.<\/li>\n<li>Funkcja automatycznego resetowania. Je\u017celi w zadanym czasie (domy\u015blny czas to 5 sekund) nie przejd\u0105 \u017cadne osoby, system anuluje uprawnienia u\u017cytkownika i zamknie si\u0119 automatycznie<\/li>\n<li>Anti-uderzenie, Anti zacisk, Bramy s\u0105 wyposa\u017cone w silnik bezszczotkowy. Je\u017celi podczas pracy kto\u015b uderzy w rami\u0119, brama automatycznie si\u0119 zresetuje. Funkcja ta skutecznie zapobiega wpadaniu pieszych, zw\u0142aszcza dzieci, przycinaniu, uderzaniu itp.<\/li>\n<li>Mechanizm: bramka dla niepe\u0142nosprawnych jest automatyczna z silnikiem bezszczotkowym<\/li>\n<li> P\u00f3\u0142automatyczna pe\u0142na wysoko\u015b\u0107 zapewniaj\u0105ca regularny dost\u0119p (automatyczna opcja)<\/li>\n<li>Kierunek obrotu: dwukierunkowy\/jednokierunkowy<\/li>\n<li>Sytuacja awaryjna: W przypadku sytuacji awaryjnej lub od\u0142\u0105czenia zasilania, drzwi obrotowe mo\u017cna skonfigurowa\u0107 w trybie Fail-Safe, tj. obracaj\u0105 si\u0119 swobodnie lub w trybie Fail-Lock<\/li>\n<li>Wilgotno\u015b\u0107: \u226495%<\/li>\n<li>Nap\u0119d: P\u00f3\u0142automatyczny<\/li>\n<li>Temperatura pracy: -25 \u2103 ~ 60 \u2103<\/li>\n<li>Funkcja opcjonalna: czytnik IC\/ID, czytnik kod\u00f3w kreskowych, rozpoznawanie twarzy, odcisk palca, inny sprz\u0119t kontroli dost\u0119pu, UPS itp.<\/li>\n<li>Odleg\u0142o\u015b\u0107 komunikacyjna: \u22641200 m<\/li>\n<li>Interfejs komunikacyjny: RS485<\/li>\n<li>Czas potrzebny na otwarcie: 0,2 s<\/li>\n<li>\u015arodowisko pracy: Wewn\u0105trz lub na zewn\u0105trz<\/li>\n<li>Zakres zastosowania: spo\u0142eczno\u015b\u0107, fabryka, plac budowy, szko\u0142a, miejscowo\u015b\u0107 uzdrowiskowa, obiekt rz\u0105dowy itp<\/li>\n<\/ul>\n<\/li>\n<\/ul>\n<p>Mo\u017cemy zapewni\u0107 ca\u0142e rozwi\u0105zanie kontroli dost\u0119pu bezpiecze\u0144stwa. Je\u015bli posiadasz w\u0142asny system kontroli dost\u0119pu, mo\u017cesz bezpo\u015brednio skorzysta\u0107 z naszej bramki obrotowej. Je\u015bli go nie posiadasz, zapewniamy r\u00f3wnie\u017c kompletne rozwi\u0105zanie w zakresie kontroli dost\u0119pu. Aby uzyska\u0107 szczeg\u00f3\u0142owe informacje, zapoznaj si\u0119 z poni\u017cszym filmem.<\/p>\n<p><iframe title=\"Odtwarzacz wideo YouTube\" src=\"https:\/\/www.youtube.com\/embed\/XyxFKnS3Br0\" width=\"1150\" height=\"650\" frameborder=\"0\" allowfullscreen=\"allowfullscreen\"><span data-mce-type=\"bookmark\" style=\"display: inline-block; width: 0px; overflow: hidden; line-height: 0;\" class=\"mce_SELRES_start\"><\/span><\/iframe><\/p>\n","protected":false},"excerpt":{"rendered":"<p>1. Rozmiar: 2650 * 1500 * 2200 mm (mo\u017cna dostosowa\u0107)<\/p>\n<p>2. Szeroko\u015b\u0107 pasa: 650 mm (wirnik) 900 mm (niepe\u0142nosprawni)<\/p>\n<p>3. Materia\u0142: stal nierdzewna 304 lub stal nierdzewna 316<\/p>\n<p>4. Pr\u0119dko\u015b\u0107 przejazdu: 25 os.\/min<\/p>\n<p>5. Zasilanie: 110 V\/220 V 50\/60 Hz<\/p>\n<p>6. Zaw\u00f3r elektromagnetyczny: DC24V<\/p>\n<p>7. Sygna\u0142 otwarcia bramy: styk bezpr\u0105dowy\/przeka\u017anik<\/p>\n<p>8. Niezawodno\u015b\u0107 mechanizmu: 5 milion\u00f3w, bez usterek<\/p>\n<p>9. Mechanizm z amortyzatorem hydraulicznym do amortyzacji<\/p>\n<p><strong><a title=\"Ko\u0142owr\u00f3t o pe\u0142nej wysoko\u015bci z certyfikatem CE Mairs\" href=\"http:\/\/mairsturnstile.com\/wp-content\/uploads\/2022\/09\/Mairs-CE-Certificate-Full-Height-Turnstile.pdf\" target=\"_blank\" rel=\"noopener noreferrer\">Certyfikat CE,<\/a> <a title=\"Certyfikat Mairs ISO9001\" href=\"http:\/\/mairsturnstile.com\/wp-content\/uploads\/2022\/09\/Mairs-Registration-Certificate-ISO9001.pdf\" target=\"_blank\" rel=\"noopener noreferrer\">Certyfikat ISO9001.<\/a><\/strong><\/p>\n<p><a title=\"Instrukcja monta\u017cu ko\u0142owrotu o pe\u0142nej wysoko\u015bci\" href=\"http:\/\/mairsturnstile.com\/wp-content\/uploads\/2023\/09\/Full-height-turnstile-installation-manual.pdf\" target=\"_blank\" rel=\"noopener noreferrer\"><img decoding=\"async\" class=\"alignnone size-full wp-image-11034\" src=\"http:\/\/mairsturnstile.com\/wp-content\/uploads\/2022\/09\/pdf-MairsTurnstile.png\" alt=\"\" width=\"32\" height=\"32\"><strong><span style=\"color: #0000ff;\"> Instrukcja obs\u0142ugi i instalacji ko\u0142owrotu o pe\u0142nej wysoko\u015bci<\/span><\/strong><\/a><\/p>\n","protected":false},"featured_media":56876,"comment_status":"closed","ping_status":"closed","template":"","meta":{"neve_meta_sidebar":"","neve_meta_container":"","neve_meta_enable_content_width":"off","neve_meta_content_width":0,"neve_meta_title_alignment":"","neve_meta_author_avatar":"","neve_post_elements_order":"","neve_meta_disable_header":"","neve_meta_disable_footer":"","neve_meta_disable_title":"","_ti_tpc_template_sync":false,"_ti_tpc_template_id":""},"product_cat":[2034,2031],"product_tag":[2761,2760,2762,2763],"class_list":["post-34623","product","type-product","status-publish","has-post-thumbnail","hentry","product_cat-kolowroty-bezpieczenstwa","product_cat-kolowroty-o-pelnej-wysokosci","product_tag-bramka-obrotowa-dla-osob-niepelnosprawnych","product_tag-kolowrot-dla-osob-niepelnosprawnych","product_tag-kolowrotek-ada","product_tag-wylaczony-kolowrotek"],"_links":{"self":[{"href":"https:\/\/mairsturnstile.com\/pl\/wp-json\/wp\/v2\/product\/34623","targetHints":{"allow":["GET"]}}],"collection":[{"href":"https:\/\/mairsturnstile.com\/pl\/wp-json\/wp\/v2\/product"}],"about":[{"href":"https:\/\/mairsturnstile.com\/pl\/wp-json\/wp\/v2\/types\/product"}],"replies":[{"embeddable":true,"href":"https:\/\/mairsturnstile.com\/pl\/wp-json\/wp\/v2\/comments?post=34623"}],"version-history":[{"count":0,"href":"https:\/\/mairsturnstile.com\/pl\/wp-json\/wp\/v2\/product\/34623\/revisions"}],"wp:featuredmedia":[{"embeddable":true,"href":"https:\/\/mairsturnstile.com\/pl\/wp-json\/wp\/v2\/media\/56876"}],"wp:attachment":[{"href":"https:\/\/mairsturnstile.com\/pl\/wp-json\/wp\/v2\/media?parent=34623"}],"wp:term":[{"taxonomy":"product_cat","embeddable":true,"href":"https:\/\/mairsturnstile.com\/pl\/wp-json\/wp\/v2\/product_cat?post=34623"},{"taxonomy":"product_tag","embeddable":true,"href":"https:\/\/mairsturnstile.com\/pl\/wp-json\/wp\/v2\/product_tag?post=34623"}],"curies":[{"name":"wp","href":"https:\/\/api.w.org\/{rel}","templated":true}]}}