{"id":34627,"date":"2020-09-13T16:57:45","date_gmt":"2020-09-13T08:57:45","guid":{"rendered":"https:\/\/mairsturnstile.com\/product\/bramka-kolowrotowa-z-rozpoznawaniem-twarzy-mt365"},"modified":"2023-11-01T11:32:43","modified_gmt":"2023-11-01T03:32:43","slug":"kolowrot-brama-indonezja","status":"publish","type":"product","link":"https:\/\/mairsturnstile.com\/pl\/produkt\/kolowrot-brama-indonezja","title":{"rendered":"BRAMKA KO\u0141OWROTOWA Z ROZPOZNAWANIEM TWARZY MT365"},"content":{"rendered":"        <!-- 3D Model html -->\r\n        <div class=\"bp_grand wrapper_24274\">   \r\n        <div class=\"bp_model_parent\">\r\n            <model-viewer class=\"model\" id=\"bp_model_id_24274\" src=\"http:\/\/mairsturnstile.com\/wp-content\/uploads\/2023\/07\/MT365.glb\" alt=\"MT365\" camera-controls  loading=\"auto\" auto-rotate                        >\r\n            <\/model-viewer>\r\n        \r\n            <!-- Button -->\r\n            <svg id=\"openBtn\" width=\"30px\" height=\"30px\" viewBox=\"0 0 16 16\" xmlns=\"http:\/\/www.w3.org\/2000\/svg\" fill=\"#f2f2f2\" class=\"bi bi-arrows-fullscreen model-icon\">\r\n                <path fill-rule=\"evenodd\" d=\"M5.828 10.172a.5.5 0 0 0-.707 0l-4.096 4.096V11.5a.5.5 0 0 0-1 0v3.975a.5.5 0 0 0 .5.5H4.5a.5.5 0 0 0 0-1H1.732l4.096-4.096a.5.5 0 0 0 0-.707zm4.344 0a.5.5 0 0 1 .707 0l4.096 4.096V11.5a.5.5 0 1 1 1 0v3.975a.5.5 0 0 1-.5.5H11.5a.5.5 0 0 1 0-1h2.768l-4.096-4.096a.5.5 0 0 1 0-.707zm0-4.344a.5.5 0 0 0 .707 0l4.096-4.096V4.5a.5.5 0 1 0 1 0V.525a.5.5 0 0 0-.5-.5H11.5a.5.5 0 0 0 0 1h2.768l-4.096 4.096a.5.5 0 0 0 0 .707zm-4.344 0a.5.5 0 0 1-.707 0L1.025 1.732V4.5a.5.5 0 0 1-1 0V.525a.5.5 0 0 1 .5-.5H4.5a.5.5 0 0 1 0 1H1.732l4.096 4.096a.5.5 0 0 1 0 .707z\"\/>\r\n            <\/svg>\r\n        \r\n            <svg id=\"closeBtn\" class=\"model-icon\" width=\"34px\" height=\"34px\" viewBox=\"0 0 24 24\" xmlns=\"http:\/\/www.w3.org\/2000\/svg\">\r\n                <path fill=\"none\" stroke=\"#f2f2f2\" stroke-width=\"2\" d=\"M7,7 L17,17 M7,17 L17,7\"\/>\r\n            <\/svg>\r\n        \r\n        <\/div>\r\n        <\/div> \r\n\r\n        <!-- Model Viewer Style -->\r\n        <style>\r\n            \r\n            .wrapper_24274 .bp_model_parent, #bp_model_id_24274 {\r\n                width: 1150px;\r\n                max-width: 100%;\r\n                                            }\r\n            #bp_model_id_24274 {\r\n                height:700px;\r\n                background-color: #f2f2f2;\r\n            }\r\n            .fullscreen #bp_model_id_24274{\r\n            height: 100%;\r\n            width: 100%;\r\n            }\r\n            .wrapper_24274 .bp_model_parent{\r\n                justify-content: start            }\r\n            model-viewer.model {\r\n                --poster-color: transparent;\r\n            }\r\n        <\/style>\r\n        \r\n        \n<h4>BRAMKA KO\u0141OWROTNA INDONEZJA zapewnia 2-letni\u0105 gwarancj\u0119 oraz trwa\u0142e wsparcie w zakresie konserwacji i napraw.<\/h4>\n<p>Mo\u017cemy \u015bwiadczy\u0107 us\u0142ugi OEM i ODM. Mamy do\u015bwiadczonych projektant\u00f3w, kt\u00f3rzy s\u0105 w stanie dokona\u0107 g\u0142\u0119bokiej personalizacji wed\u0142ug Twoich potrzeb. W najszybszym mo\u017cliwym terminie udost\u0119pnimy szereg materia\u0142\u00f3w takich jak wizualizacje 3D, rysunki wymiarowe itp. Dostarczamy r\u00f3wnie\u017c urz\u0105dzenia biometryczne, takie jak czytniki kart IC\/ID, skanery linii papilarnych, skanery kod\u00f3w QR, <a href=\"https:\/\/mairsturnstile.com\/product\/face-recognition-camera\">kamery do rozpoznawania twarzy<\/a> itp.<\/p>\n<p>Brama obrotowa Indonezja to elegancka i elegancka brama. Kontroluje ludzi wchodz\u0105cych i wychodz\u0105cych z zastrze\u017conego obszaru.<\/p>\n<p>Obudowa wykonana jest z wysokiej jako\u015bci szczotkowanej stali nierdzewnej 304.<\/p>\n<p>Mechanizm wykorzystuje najnowocze\u015bniejsz\u0105 technologi\u0119, aby zminimalizowa\u0107 rozmiar, ale zapewnia wysok\u0105 wydajno\u015b\u0107. <a href=\"https:\/\/mairsturnstile.com\/\">Mairs<\/a> oferuje najlepsze bramki obrotowe w Indonezji.<\/p>\n<p>S\u0105 r\u00f3wnie\u017c wyposa\u017cone w bezszczotkowy silnik pr\u0105du sta\u0142ego znanej marki i wyrafinowany czujnik.<\/p>\n<p>Zale\u017cnie od preferencji lub potrzeb, szeroko\u015b\u0107 pasa mo\u017cna ustawi\u0107 na 600-900 mm. Standardowy dost\u0119p to 600 mm. Dost\u0119p dla os\u00f3b niepe\u0142nosprawnych to 900 mm.<\/p>\n<p>Bramka obrotowa Indonezja jest wyposa\u017cona w 6 par czujnik\u00f3w podczerwieni, kt\u00f3re zapewniaj\u0105 bezpiecze\u0144stwo przej\u015bcia z du\u017c\u0105 precyzj\u0105.<\/p>\n<p>Posiada standardowe wyj\u015bcie przeka\u017anikowe, kt\u00f3re mo\u017cna \u0142atwo zintegrowa\u0107 z wszelkiego rodzaju systemami kontroli dost\u0119pu innych firm (tj. RFID, <a href=\"https:\/\/en.wikipedia.org\/wiki\/Fingerprint\" target=\"_blank\" rel=\"noopener\">odcisk palca<\/a>, rozpoznawanie twarzy, kod kreskowy, termometr na podczerwie\u0144).<\/p>\n<p>Rozs\u0105dna konstrukcja i wysoka konfiguracja maj\u0105 zapewni\u0107 dok\u0142adne i ciche poruszanie si\u0119 bram.<\/p>\n<p>Jest to urz\u0105dzenie o niskim zu\u017cyciu energii, energooszcz\u0119dne i przyjazne dla \u015brodowiska. Mairsturnstile to profesjonalny producent bramek obrotowych.<\/p>\n<p>Mo\u017cemy r\u00f3wnie\u017c w ci\u0105gu kilku minut stworzy\u0107 dla Ciebie rendering na podstawie Twojego rzeczywistego scenariusza. Zapewniamy r\u00f3wnie\u017c szczeg\u00f3\u0142owy uk\u0142ad i rysunki, a tak\u017ce rysunki instalacyjne.<\/p>\n\n        \t\n\t<style type=\"text\/css\">\n\t\t.slider-info-24284.bafg-slider-info .bafg-slider-title {\n\t\t\t\t\t\tfont-size: 22px;\n\t\t\t\t\t\t\n\t\t\t\n\t\t\t\t\t}\n\n\t\t.slider-info-24284.bafg-slider-info .bafg-slider-description {\n\t\t\t\n\t\t\t\n\t\t\t\t\t}\n\n\t\t.slider-info-24284.bafg-slider-info .bafg_slider_readmore_button {\n\t\t\t\n\t\t\t\n\t\t\t\n\t\t\t\n\t\t\t\n\t\t\ttext-align: center;\n\n\t\t\t\n\t\t\t\n\t\t\t\n\t\t\t\n\t\t\t\n\t\t\t\n\t\t\t\t\t}\n\n\t\t.slider-info-24284.bafg-slider-info .bafg_slider_readmore_button:hover {\n\n\t\t\t\n\t\t\t\n\t\t\t\t\t}\n\n\t<\/style>\n\t\n        <div class=\"bafg-twentytwenty-container slider-24284 \" bafg-orientation=\"horizontal\" bafg-default-offset=\"0.5\" bafg-before-label=\"Before\" bafg-after-label=\"After\" bafg-overlay=\"yes\" bafg-move-slider-on-hover=\"yes\" bafg-click-to-move=\"no\">\n              \n            <img decoding=\"async\" class=\"skip-lazy\" src=\"http:\/\/mairsturnstile.com\/wp-content\/uploads\/2023\/06\/optical-turnstiles_4.jpg\" alt=\"optical turnstiles\" data-skip-lazy title=\"\">\n            <img decoding=\"async\" class=\"skip-lazy\" src=\"http:\/\/mairsturnstile.com\/wp-content\/uploads\/2023\/07\/turnstile-gate-indonesia_5.jpg\" alt=\"\" data-skip-lazy title=\"\">\n           \n        <\/div>\n\n        \t<div class=\"bafg-slider-info-wraper\">\n\t\t<div style=\"\" class=\"slider-info-24284 bafg-slider-info\">\n\t\t\t\t\t<\/div>\n\t<\/div>\n\t\n        <style type=\"text\/css\">\n            \n        <\/style>\n        \n<ul>\n<li>W sytuacji awaryjnej, prosz\u0119 odci\u0105\u0107 zasilanie, <strong>bramka obrotowa Indonesia<\/strong> otworzy si\u0119 automatycznie, aby umo\u017cliwi\u0107 swobodne przej\u015bcie, co jest zgodne z wymogami bezpiecze\u0144stwa przeciwpo\u017carowego. Ale musi by\u0107 z bateri\u0105. Je\u015bli chodzi o eksport, bateria jest wra\u017cliwa, mo\u017cemy wymieni\u0107 kondensator<\/li>\n<li>Ko\u0142owroty optyczne nadaj\u0105 si\u0119 do luksusowych i wysokiej klasy rozwi\u0105za\u0144 wej\u015bciowych.<\/li>\n<li>Ca\u0142y system dzia\u0142a p\u0142ynnie, przy niskim poziomie ha\u0142asu i du\u017cej pr\u0119dko\u015bci.<\/li>\n<li>Dioda LED na kredensie jest opcjonalna<\/li>\n<li>\u015arodowisko pracy: W pomieszczeniu<\/li>\n<li>Funkcja alarmu, w przypadku nielegalnego w\u0142amania lub w\u0142amania odwrotnego, brama uruchomi alarm i drzwi zostan\u0105 zablokowane.<\/li>\n<li>\u0141\u0105cznie jest 6 par czujnik\u00f3w podczerwieni. \u015arodkowy czujnik ma zapobiega\u0107 przytrza\u015bni\u0119ciu pieszych.<\/li>\n<li>Funkcja zapobiegania ogonowaniu, jedna osoba mo\u017ce przej\u015b\u0107 w tym samym czasie. Je\u015bli kto\u015b b\u0119dzie pod\u0105\u017ca\u0142 za lud\u017ami z przodu, brama uruchomi alarm<\/li>\n<li>Wska\u017anik ledowy. Czerwony krzy\u017c i zielona strza\u0142ka. Na przednim s\u0142upku znajduj\u0105 si\u0119 r\u00f3wnie\u017c kierunkowskazy LED. Do ramion mo\u017cna doda\u0107 o\u015bwietlenie LED.<\/li>\n<li>Dost\u0119p dwukierunkowy zmniejsza potrzeb\u0119 stosowania wi\u0119kszej liczby bramek. Jest przystosowany do w\u00f3zk\u00f3w inwalidzkich i w\u00f3zk\u00f3w sklepowych, co zwi\u0119ksza wydajno\u015b\u0107 przejazdu.<\/li>\n<li>Funkcja automatycznego resetowania. Je\u015bli w zadanym czasie (domy\u015blnie jest to 5 sekund) osoby przesz\u0142y, system anuluje uprawnienia u\u017cytkownika i zamknie si\u0119 automatycznie.<\/li>\n<li>Anti-uderzenie, Anti zacisk, Bramy s\u0105 wyposa\u017cone w silnik bezszczotkowy. Je\u017celi podczas pracy kto\u015b uderzy w rami\u0119, brama automatycznie si\u0119 zresetuje. Funkcja ta skutecznie zapobiega wpadaniu, przycinaniu, uderzaniu pieszych, zw\u0142aszcza dzieci.<\/li>\n<\/ul>\n<p>Mo\u017cemy zapewni\u0107 ca\u0142e rozwi\u0105zanie kontroli dost\u0119pu bezpiecze\u0144stwa. Je\u015bli posiadasz w\u0142asny system kontroli dost\u0119pu, mo\u017cesz bezpo\u015brednio skorzysta\u0107 z naszej bramki obrotowej. Je\u015bli go nie posiadasz, zapewniamy r\u00f3wnie\u017c kompletne rozwi\u0105zanie w zakresie kontroli dost\u0119pu. Aby uzyska\u0107 szczeg\u00f3\u0142owe informacje, zapoznaj si\u0119 z poni\u017cszym filmem.<\/p>\n<p><iframe title=\"Ko\u0142owr\u00f3t na lotnisku, bramka szybkiego ruchu na lotnisko, stacja metra - MairsTurnstile.com\" src=\"https:\/\/www.youtube.com\/embed\/rR_US2dIKU8\" width=\"1150\" height=\"650\" frameborder=\"0\" allowfullscreen=\"allowfullscreen\"><\/iframe><\/p>\n","protected":false},"excerpt":{"rendered":"<p>1. Rozmiar: 1400 * 120 * 980 mm (mo\u017cna dostosowa\u0107)<\/p>\n<p>2. Szeroko\u015b\u0107 pasa: 600 mm (standardowa) 900 mm (dla os\u00f3b niepe\u0142nosprawnych)<\/p>\n<p>3. Materia\u0142 ramienia: akryl<\/p>\n<p>4. Pr\u0119dko\u015b\u0107 przejazdu: 40 os.\/min<\/p>\n<p>5. Zasilanie: 110 V\/220 V 50\/60 Hz<\/p>\n<p>6. Silnik bezszczotkowy<\/p>\n<p>7. Mechanizm zapobiegaj\u0105cy trafieniu, automatycznie resetowany w przypadku uderzenia si\u0142\u0105<\/p>\n<p>8. Silnik nap\u0119dowy bramki obrotowej: 24 V<\/p>\n<p>9. Materia\u0142 obudowy: stal nierdzewna 304<\/p>\n<p><span style=\"color: #0000ff;\"><strong><a style=\"color: #0000ff;\" title=\"Bramka obrotowa z certyfikatem CE Mairs\" href=\"http:\/\/mairsturnstile.com\/wp-content\/uploads\/2022\/09\/Mairs-CE-Certificate-Speed-Gate-Turnstile.pdf\" target=\"_blank\" rel=\"noopener noreferrer\">Certyfikat CE,<\/a> <a style=\"color: #0000ff;\" title=\"Certyfikat Mairs ISO9001\" href=\"http:\/\/mairsturnstile.com\/wp-content\/uploads\/2022\/09\/Mairs-Registration-Certificate-ISO9001.pdf\" target=\"_blank\" rel=\"noopener noreferrer\">Certyfikat ISO9001.<\/a><\/strong><\/span><\/p>\n","protected":false},"featured_media":24946,"comment_status":"closed","ping_status":"closed","template":"","meta":{"neve_meta_sidebar":"","neve_meta_container":"","neve_meta_enable_content_width":"off","neve_meta_content_width":0,"neve_meta_title_alignment":"","neve_meta_author_avatar":"","neve_post_elements_order":"","neve_meta_disable_header":"","neve_meta_disable_footer":"","neve_meta_disable_title":"","_ti_tpc_template_sync":false,"_ti_tpc_template_id":""},"product_cat":[2036,2034],"product_tag":[2769,2054,2153,2079,2055,2754],"class_list":["post-34627","product","type-product","status-publish","has-post-thumbnail","hentry","product_cat-bramki-predkosci","product_cat-kolowroty-bezpieczenstwa","product_tag-brama-kolowrotu-w-indonezji","product_tag-bramka-obrotowa-pl","product_tag-bramka-zabezpieczajaca","product_tag-bramki-wejsciowe-kolowrotu","product_tag-bramki-zabezpieczajace","product_tag-kolowrotki-biblioteczne"],"_links":{"self":[{"href":"https:\/\/mairsturnstile.com\/pl\/wp-json\/wp\/v2\/product\/34627","targetHints":{"allow":["GET"]}}],"collection":[{"href":"https:\/\/mairsturnstile.com\/pl\/wp-json\/wp\/v2\/product"}],"about":[{"href":"https:\/\/mairsturnstile.com\/pl\/wp-json\/wp\/v2\/types\/product"}],"replies":[{"embeddable":true,"href":"https:\/\/mairsturnstile.com\/pl\/wp-json\/wp\/v2\/comments?post=34627"}],"version-history":[{"count":0,"href":"https:\/\/mairsturnstile.com\/pl\/wp-json\/wp\/v2\/product\/34627\/revisions"}],"wp:featuredmedia":[{"embeddable":true,"href":"https:\/\/mairsturnstile.com\/pl\/wp-json\/wp\/v2\/media\/24946"}],"wp:attachment":[{"href":"https:\/\/mairsturnstile.com\/pl\/wp-json\/wp\/v2\/media?parent=34627"}],"wp:term":[{"taxonomy":"product_cat","embeddable":true,"href":"https:\/\/mairsturnstile.com\/pl\/wp-json\/wp\/v2\/product_cat?post=34627"},{"taxonomy":"product_tag","embeddable":true,"href":"https:\/\/mairsturnstile.com\/pl\/wp-json\/wp\/v2\/product_tag?post=34627"}],"curies":[{"name":"wp","href":"https:\/\/api.w.org\/{rel}","templated":true}]}}