{"id":34628,"date":"2020-09-13T16:55:31","date_gmt":"2020-09-13T08:55:31","guid":{"rendered":"https:\/\/mairsturnstile.com\/product\/kolowrot-zewnetrzny-do-zewnatrz-i-wewnatrz-mt343"},"modified":"2024-11-01T16:04:34","modified_gmt":"2024-11-01T08:04:34","slug":"kolowrotek-zewnetrzny","status":"publish","type":"product","link":"https:\/\/mairsturnstile.com\/pl\/produkt\/kolowrotek-zewnetrzny","title":{"rendered":"BRAMKA ZEWN\u0118TRZNA DO ZEWN\u0118TRZNYCH MT343"},"content":{"rendered":"        <!-- 3D Model html -->\r\n        <div class=\"bp_grand wrapper_23474\">   \r\n        <div class=\"bp_model_parent\">\r\n            <model-viewer class=\"model\" id=\"bp_model_id_23474\" src=\"http:\/\/mairsturnstile.com\/wp-content\/uploads\/2025\/08\/MT343.glb\" alt=\"MT343\" camera-controls  loading=\"auto\" auto-rotate                        >\r\n            <\/model-viewer>\r\n        \r\n            <!-- Button -->\r\n            <svg id=\"openBtn\" width=\"30px\" height=\"30px\" viewBox=\"0 0 16 16\" xmlns=\"http:\/\/www.w3.org\/2000\/svg\" fill=\"#f2f2f2\" class=\"bi bi-arrows-fullscreen model-icon\">\r\n                <path fill-rule=\"evenodd\" d=\"M5.828 10.172a.5.5 0 0 0-.707 0l-4.096 4.096V11.5a.5.5 0 0 0-1 0v3.975a.5.5 0 0 0 .5.5H4.5a.5.5 0 0 0 0-1H1.732l4.096-4.096a.5.5 0 0 0 0-.707zm4.344 0a.5.5 0 0 1 .707 0l4.096 4.096V11.5a.5.5 0 1 1 1 0v3.975a.5.5 0 0 1-.5.5H11.5a.5.5 0 0 1 0-1h2.768l-4.096-4.096a.5.5 0 0 1 0-.707zm0-4.344a.5.5 0 0 0 .707 0l4.096-4.096V4.5a.5.5 0 1 0 1 0V.525a.5.5 0 0 0-.5-.5H11.5a.5.5 0 0 0 0 1h2.768l-4.096 4.096a.5.5 0 0 0 0 .707zm-4.344 0a.5.5 0 0 1-.707 0L1.025 1.732V4.5a.5.5 0 0 1-1 0V.525a.5.5 0 0 1 .5-.5H4.5a.5.5 0 0 1 0 1H1.732l4.096 4.096a.5.5 0 0 1 0 .707z\"\/>\r\n            <\/svg>\r\n        \r\n            <svg id=\"closeBtn\" class=\"model-icon\" width=\"34px\" height=\"34px\" viewBox=\"0 0 24 24\" xmlns=\"http:\/\/www.w3.org\/2000\/svg\">\r\n                <path fill=\"none\" stroke=\"#f2f2f2\" stroke-width=\"2\" d=\"M7,7 L17,17 M7,17 L17,7\"\/>\r\n            <\/svg>\r\n        \r\n        <\/div>\r\n        <\/div> \r\n\r\n        <!-- Model Viewer Style -->\r\n        <style>\r\n            \r\n            .wrapper_23474 .bp_model_parent, #bp_model_id_23474 {\r\n                width: 1150px;\r\n                max-width: 100%;\r\n                                            }\r\n            #bp_model_id_23474 {\r\n                height:700px;\r\n                background-color: #f2f2f2;\r\n            }\r\n            .fullscreen #bp_model_id_23474{\r\n            height: 100%;\r\n            width: 100%;\r\n            }\r\n            .wrapper_23474 .bp_model_parent{\r\n                justify-content: start            }\r\n            model-viewer.model {\r\n                --poster-color: transparent;\r\n            }\r\n        <\/style>\r\n        \r\n        \n<h4>Ten ko\u0142owrotek zewn\u0119trzny obj\u0119ty jest 2-letni\u0105 gwarancj\u0105 i trwa\u0142ym wsparciem w zakresie konserwacji i napraw.<\/h4>\n<p>Mo\u017cemy \u015bwiadczy\u0107 us\u0142ugi OEM i ODM. Mamy do\u015bwiadczonych projektant\u00f3w, kt\u00f3rzy s\u0105 w stanie dokona\u0107 g\u0142\u0119bokiej personalizacji wed\u0142ug Twoich potrzeb. W najszybszym mo\u017cliwym terminie udost\u0119pnimy szereg materia\u0142\u00f3w takich jak wizualizacje 3D, rysunki wymiarowe itp. Dostarczamy r\u00f3wnie\u017c urz\u0105dzenia biometryczne, takie jak czytniki kart IC\/ID, skanery linii papilarnych, skanery kod\u00f3w QR, kamery rozpoznaj\u0105ce twarz i tak dalej.<\/p>\n<p><strong>Zewn\u0119trzna bramka obrotowa to rodzaj bramki obrotowej do <a class=\"rank-math-link\" href=\"https:\/\/en.wikipedia.org\/wiki\/Access_control\" target=\"_blank\" rel=\"noopener noreferrer\">kontroli dost\u0119pu<\/a> dla pieszych, kt\u00f3ra mo\u017ce by\u0107 u\u017cywana na zewn\u0105trz, r\u00f3\u017cni si\u0119 od wewn\u0119trznej bramki obrotowej, ma wodoodporn\u0105 i szczeln\u0105 funkcj\u0119 i mo\u017ce by\u0107 u\u017cywana w r\u00f3\u017cnych trudnych warunkach zewn\u0119trznych. <\/strong>Odbija si\u0119 to g\u0142\u00f3wnie na py\u0142oszczelno\u015bci i wodoodporno\u015bci, wsp\u00f3\u0142dzieleniu przez ludzi i pojazdy, przeciwdzia\u0142aniu przemocy i zak\u0142\u00f3ceniom \u015bwiat\u0142a s\u0142onecznego. R\u00f3\u017cne rodzaje bramek obrotowych<a href=\"https:\/\/mairsturnstile.com\/tripod-turnstile.html\">(bramka obrotowa na tr\u00f3jnogu<\/a>, bramka <a class=\"rank-math-link\" href=\"https:\/\/mairsturnstile.com\/swing-turnstile-gate.html\">obrotowa wahad\u0142owa<\/a>, <a class=\"rank-math-link\" href=\"https:\/\/mairsturnstile.com\/what-is-flap-barrier.html\">bramka barierowa klapowa<\/a>, <a class=\"rank-math-link\" href=\"https:\/\/mairsturnstile.com\/product\/sliding-turnstile\">bramka obrotowa przesuwna<\/a>, <a href=\"https:\/\/mairsturnstile.com\/full-height-turnstiles.html\">bramki obrotowe o pe\u0142nej wysoko\u015bci<\/a> itp.<\/p>\n<p>Je\u015bli potrzebuj\u0105 Pa\u0144stwo jakiegokolwiek rodzaju ko\u0142owrotu zewn\u0119trznego lub nie wiedz\u0105 Pa\u0144stwo, kt\u00f3ry styl bramek obrotowych mo\u017cna przekszta\u0142ci\u0107 w ko\u0142owroty zewn\u0119trzne, prosimy klikn\u0105\u0107 przycisk czatu online w lewym dolnym rogu, aby porozmawia\u0107 z nami bezpo\u015brednio lub <a href=\"https:\/\/mairsturnstile.com\/contact\">zapyta\u0107 nas o<\/a> to<\/p>\n<p>Ko\u0142owroty zewn\u0119trzne Mairs s\u0105 zwykle wykonane ze stali nierdzewnej 304. Oczywi\u015bcie, je\u015bli masz wy\u017csze wymagania dotycz\u0105ce materia\u0142\u00f3w produktu, mo\u017cesz r\u00f3wnie\u017c poprosi\u0107 nas o dostosowanie specjalnych materia\u0142\u00f3w ze stali nierdzewnej 316. 304 i 316 s\u0105 klasyfikowane jako stal nierdzewna. W istocie nie ma r\u00f3\u017cnicy. S\u0105 ze stali nierdzewnej, ale istniej\u0105 r\u00f3\u017cnice w podziale.<\/p>\n<p>Jako\u015b\u0107 316 jest wy\u017csza ni\u017c 304. Do stali 316 dodaje si\u0119 pierwiastek Mo na bazie 304. Pierwiastek ten znacznie poprawia odporno\u015b\u0107 stali nierdzewnej na korozj\u0119 i zu\u017cycie. Oczywi\u015bcie stal nierdzewna 316 jest nieco dro\u017csza. Mamy klient\u00f3w w Dubaju w Zjednoczonych Emiratach Arabskich i Riyadzie w Arabii Saudyjskiej, kt\u00f3rzy specjalnie dostosowali ko\u0142owroty o pe\u0142nej wysoko\u015bci ze stali nierdzewnej 316, aby dostosowa\u0107 si\u0119 do bardziej ekstremalnych warunk\u00f3w pogodowych i \u015brodowisk.<\/p>\n<p>Ko\u0142owr\u00f3t zewn\u0119trzny jest najcz\u0119\u015bciej u\u017cywany przy bramie jednostek korporacyjnych, obszar\u00f3w zak\u0142ad\u00f3w przemys\u0142owych i wysokiej klasy obszar\u00f3w mieszkalnych. Jest p\u00f3\u0142otwarte powietrze i pe\u0142ne otwarte powietrze. Jak zapewni\u0107 normalne u\u017cytkowanie ko\u0142owrotu na zewn\u0105trz? Najwa\u017cniejsz\u0105 rzecz\u0105 jest, aby ko\u0142owrotek by\u0142 wodoodporny.<\/p>\n<p>Mo\u017cemy r\u00f3wnie\u017c w ci\u0105gu kilku minut stworzy\u0107 dla Ciebie rendering na podstawie Twojego rzeczywistego scenariusza. Zapewniamy r\u00f3wnie\u017c szczeg\u00f3\u0142owy uk\u0142ad i rysunki, a tak\u017ce rysunki instalacyjne.<\/p>\n\n        \t\n\t<style type=\"text\/css\">\n\t\t.slider-info-23485.bafg-slider-info .bafg-slider-title {\n\t\t\t\t\t\tfont-size: 22px;\n\t\t\t\t\t\t\n\t\t\t\n\t\t\t\t\t}\n\n\t\t.slider-info-23485.bafg-slider-info .bafg-slider-description {\n\t\t\t\n\t\t\t\n\t\t\t\t\t}\n\n\t\t.slider-info-23485.bafg-slider-info .bafg_slider_readmore_button {\n\t\t\t\n\t\t\t\n\t\t\t\n\t\t\t\n\t\t\t\n\t\t\ttext-align: center;\n\n\t\t\t\n\t\t\t\n\t\t\t\n\t\t\t\n\t\t\t\n\t\t\t\n\t\t\t\t\t}\n\n\t\t.slider-info-23485.bafg-slider-info .bafg_slider_readmore_button:hover {\n\n\t\t\t\n\t\t\t\n\t\t\t\t\t}\n\n\t<\/style>\n\t\n        <div class=\"bafg-twentytwenty-container slider-23485 \" bafg-orientation=\"horizontal\" bafg-default-offset=\"0.5\" bafg-before-label=\"Before\" bafg-after-label=\"After\" bafg-overlay=\"yes\" bafg-move-slider-on-hover=\"yes\" bafg-click-to-move=\"no\">\n              \n            <img decoding=\"async\" class=\"skip-lazy\" src=\"http:\/\/mairsturnstile.com\/wp-content\/uploads\/2020\/09\/outdoor-turnstile-8.jpg\" alt=\"outdoor turnstile\" data-skip-lazy title=\"\">\n            <img decoding=\"async\" class=\"skip-lazy\" src=\"http:\/\/mairsturnstile.com\/wp-content\/uploads\/2020\/09\/outdoor-turnstile-7.jpg\" alt=\"outdoor turnstile\" data-skip-lazy title=\"\">\n           \n        <\/div>\n\n        \t<div class=\"bafg-slider-info-wraper\">\n\t\t<div style=\"\" class=\"slider-info-23485 bafg-slider-info\">\n\t\t\t\t\t<\/div>\n\t<\/div>\n\t\n        <style type=\"text\/css\">\n            \n        <\/style>\n        \n<p>Ko\u0142owr\u00f3t zewn\u0119trzny cz\u0119sto spotyka si\u0119 z deszczem. Dlatego ko\u0142owroty zewn\u0119trzne musz\u0105 mie\u0107 dobr\u0105 wodoodporno\u015b\u0107. Pod innymi wzgl\u0119dami, zgodnie z wymogami \u015brodowiskowymi miejsca instalacji, ko\u0142owrotek zewn\u0119trzny musi mie\u0107 pewne w\u0142a\u015bciwo\u015bci w zakresie odporno\u015bci na wysok\u0105 temperatur\u0119, odporno\u015bci na zimno, odporno\u015bci na zak\u0142\u00f3cenia \u015bwiat\u0142a s\u0142onecznego, odporno\u015bci na kondensacj\u0119 itp.<\/p>\n<p><span style=\"font-weight: 400;\"><span style=\"font-style: inherit; font-weight: inherit;\">Nasza bramka obrotowa ze <a href=\"https:\/\/en.wikipedia.org\/wiki\/Stainless_steel\" target=\"_blank\" rel=\"noopener\">stali nierdzewnej<\/a> SUS 304 zapewnia szerokie na 1100 mm pasy ruchu dla rower\u00f3w, w\u00f3zk\u00f3w inwalidzkich, motocykli, w\u00f3zk\u00f3w, baga\u017cu itp. <\/span><\/span><span style=\"font-style: inherit; font-weight: inherit;\">Wodoodporny ko\u0142owr\u00f3t obrotowy ze stali nierdzewnej SUS 304 do wej\u015bcia do mieszkania. Stosowany jest najcz\u0119\u015bciej przy bramach jednostek przedsi\u0119biorstw, obszar\u00f3w zak\u0142ad\u00f3w przemys\u0142owych i wysokiej klasy obszar\u00f3w mieszkalnych.<\/span><\/p>\n<ul>\n<li>Zewn\u0119trzna bramka obrotowa obrotowa o du\u017cej pr\u0119dko\u015bci ruchu, stosowana zwykle w lokalizacjach o du\u017cym nat\u0119\u017ceniu ruchu w ruchu dwukierunkowym.<\/li>\n<li>Obudowa wykonana jest ze stali nierdzewnej 304 o fakturze w\u0142osa, kt\u00f3ra tworzy jednolity i elegancki punkt dost\u0119pu pasuj\u0105cy do wi\u0119kszo\u015bci \u015brodowisk wewn\u0119trznych.<\/li>\n<li>Ten zewn\u0119trzny ko\u0142owrotek jest wyposa\u017cony w mi\u0119dzynarodowy standard RS485 i przeka\u017aniki, co czyni go szeroko kompatybilnym ze wszystkimi istniej\u0105cymi w bran\u017cy oprogramowaniem i prawie wszystkimi systemami kontroli dost\u0119pu, takimi jak systemy RFID, systemy kod\u00f3w kreskowych, systemy rozpoznawania twarzy, systemy odcisk\u00f3w palc\u00f3w itp.<\/li>\n<li>W sytuacji awaryjnej nale\u017cy od\u0142\u0105czy\u0107 zasilanie, a bramka obrotowa Slim otworzy si\u0119 automatycznie, umo\u017cliwiaj\u0105c swobodne przej\u015bcie zgodne z wymogami bezpiecze\u0144stwa przeciwpo\u017carowego. Ale musi by\u0107 z bateri\u0105. Je\u015bli chodzi o eksport, bateria jest wra\u017cliwa, mo\u017cemy wymieni\u0107 kondensator<\/li>\n<li>Zewn\u0119trzny ko\u0142owrotek nadaje si\u0119 do luksusowych i wysokiej klasy rozwi\u0105za\u0144 wej\u015bciowych.<\/li>\n<li>Ca\u0142y system dzia\u0142a p\u0142ynnie, przy niskim poziomie ha\u0142asu i du\u017cej pr\u0119dko\u015bci.<\/li>\n<li>Grubo\u015b\u0107 ramienia wahad\u0142owego: 10 mm<\/li>\n<li>Funkcja alarmu, je\u015bli nast\u0105pi nielegalne lub odwrotne w\u0142amanie, brama uruchomi alarm i drzwi zostan\u0105 zablokowane.<\/li>\n<li>\u0141\u0105cznie jest 5 par czujnik\u00f3w podczerwieni. Czujniki \u015brodkowe maj\u0105 zapobiega\u0107 przytrza\u015bni\u0119ciu pieszych.<\/li>\n<li>Funkcja zapobiegania ogonowaniu, jedna osoba mo\u017ce przej\u015b\u0107 w tym samym czasie. Je\u015bli kto\u015b b\u0119dzie pod\u0105\u017ca\u0142 za lud\u017ami z przodu, brama uruchomi alarm<\/li>\n<li>Wska\u017anik ledowy. Czerwony krzy\u017c i zielona strza\u0142ka. Na przednim s\u0142upku znajduj\u0105 si\u0119 r\u00f3wnie\u017c kierunkowskazy LED. Do ramion mo\u017cna doda\u0107 o\u015bwietlenie LED.<\/li>\n<li>Dost\u0119p dwukierunkowy zmniejsza potrzeb\u0119 stosowania wi\u0119kszej liczby bramek. Jest przystosowany do w\u00f3zk\u00f3w inwalidzkich i w\u00f3zk\u00f3w sklepowych, co zwi\u0119ksza wydajno\u015b\u0107 przejazdu.<\/li>\n<li>Funkcja automatycznego resetowania. Je\u015bli w zadanym czasie (domy\u015blnie jest to 5 sekund) osoby przesz\u0142y, system anuluje uprawnienia u\u017cytkownika i zamknie si\u0119 automatycznie.<\/li>\n<li>Zabezpieczenie przed uderzeniami, zabezpieczenie przed zaciskiem, zewn\u0119trzna bramka obrotowa jest wyposa\u017cona w funkcj\u0119 bezszczotkow\u0105 podczas pracy, je\u015bli kto\u015b uderzy w rami\u0119, zewn\u0119trzna bramka obrotowa zostanie automatycznie zresetowana. Funkcja ta skutecznie zapobiega wpadaniu, przycinaniu, uderzaniu pieszych, zw\u0142aszcza dzieci.<\/li>\n<\/ul>\n<p>Mo\u017cemy zapewni\u0107 ca\u0142e rozwi\u0105zanie kontroli dost\u0119pu bezpiecze\u0144stwa. Je\u015bli posiadasz w\u0142asny system kontroli dost\u0119pu, mo\u017cesz bezpo\u015brednio skorzysta\u0107 z naszej bramki obrotowej. Je\u015bli go nie posiadasz, zapewniamy r\u00f3wnie\u017c kompletne rozwi\u0105zanie w zakresie kontroli dost\u0119pu. Aby uzyska\u0107 szczeg\u00f3\u0142owe informacje, zapoznaj si\u0119 z poni\u017cszym filmem.<\/p>\n<p><iframe title=\"Optyczny ko\u0142owrotek obrotowy, ko\u0142owrotek obrotowy, ko\u0142owr\u00f3t obrotowy - MairsTurnstile\" src=\"https:\/\/www.youtube.com\/embed\/hdoBSoM85u4\" width=\"1150\" height=\"650\" frameborder=\"0\" allowfullscreen=\"allowfullscreen\"><\/iframe><\/p>\n","protected":false},"excerpt":{"rendered":"<p>1. Rozmiar: 1400 * 180 * 1000 mm (mo\u017cna dostosowa\u0107)<\/p>\n<p>2. Szeroko\u015b\u0107 pasa: 600 mm (standardowa) 900 mm (dla os\u00f3b niepe\u0142nosprawnych)<\/p>\n<p>3. Materia\u0142 ramion: akryl<\/p>\n<p>4. Pr\u0119dko\u015b\u0107 przej\u015bcia: 40 os\u00f3b\/min<\/p>\n<p>5. Zasilanie: 110 V\/220 V 50\/60 Hz<\/p>\n<p>6. Silnik bezszczotkowy<\/p>\n<p>7. Sygna\u0142 otwarcia bramy: styk bezpr\u0105dowy\/przeka\u017anik<\/p>\n<p>8. Silnik nap\u0119dowy ko\u0142owrotu obrotowego: 24 V<\/p>\n<p>9. Dioda LED na kredensie jest opcjonalna<\/p>\n<p><strong><a title=\"Brama obrotowa obrotowa z certyfikatem CE Mairs\" href=\"http:\/\/mairsturnstile.com\/wp-content\/uploads\/2022\/09\/Mairs-CE-Certificate-Swing-Turnstile-Gate.pdf\" target=\"_blank\" rel=\"noopener noreferrer\">Certyfikat CE,<\/a> <a title=\"Certyfikat Mairs ISO9001\" href=\"http:\/\/mairsturnstile.com\/wp-content\/uploads\/2022\/09\/Mairs-Registration-Certificate-ISO9001.pdf\" target=\"_blank\" rel=\"noopener noreferrer\">Certyfikat ISO9001.<\/a><\/strong><\/p>\n<p><a title=\"Broszura dotycz\u0105ca ko\u0142owrotk\u00f3w zewn\u0119trznych\" href=\"http:\/\/mairsturnstile.com\/wp-content\/uploads\/2023\/12\/MT343-brochure.pdf\" target=\"_blank\" rel=\"noopener noreferrer\"><img decoding=\"async\" class=\"alignnone size-full wp-image-11034\" src=\"http:\/\/mairsturnstile.com\/wp-content\/uploads\/2022\/09\/pdf-MairsTurnstile.png\" alt=\"\" width=\"32\" height=\"32\"><span style=\"color: #0000ff;\"><strong>Broszura dotycz\u0105ca ko\u0142owrotu zewn\u0119trznego MT343<\/strong><\/span><\/a><\/p>\n","protected":false},"featured_media":65727,"comment_status":"closed","ping_status":"closed","template":"","meta":{"neve_meta_sidebar":"","neve_meta_container":"","neve_meta_enable_content_width":"off","neve_meta_content_width":0,"neve_meta_title_alignment":"","neve_meta_author_avatar":"","neve_post_elements_order":"","neve_meta_disable_header":"","neve_meta_disable_footer":"","neve_meta_disable_title":"","_ti_tpc_template_sync":false,"_ti_tpc_template_id":""},"product_cat":[2037,2034],"product_tag":[2054,2045,2772,2771,2751,2770],"class_list":["post-34628","product","type-product","status-publish","has-post-thumbnail","hentry","product_cat-brama-obrotowa-obrotowa","product_cat-kolowroty-bezpieczenstwa","product_tag-bramka-obrotowa-pl","product_tag-kolowrot-obrotowy","product_tag-kolowrot-zewnetrzny-pl","product_tag-kolowrot-zewnetrzny","product_tag-kolowroty-zewnetrzne","product_tag-zewnetrzne-bramki-zabezpieczajace"],"_links":{"self":[{"href":"https:\/\/mairsturnstile.com\/pl\/wp-json\/wp\/v2\/product\/34628","targetHints":{"allow":["GET"]}}],"collection":[{"href":"https:\/\/mairsturnstile.com\/pl\/wp-json\/wp\/v2\/product"}],"about":[{"href":"https:\/\/mairsturnstile.com\/pl\/wp-json\/wp\/v2\/types\/product"}],"replies":[{"embeddable":true,"href":"https:\/\/mairsturnstile.com\/pl\/wp-json\/wp\/v2\/comments?post=34628"}],"version-history":[{"count":0,"href":"https:\/\/mairsturnstile.com\/pl\/wp-json\/wp\/v2\/product\/34628\/revisions"}],"wp:featuredmedia":[{"embeddable":true,"href":"https:\/\/mairsturnstile.com\/pl\/wp-json\/wp\/v2\/media\/65727"}],"wp:attachment":[{"href":"https:\/\/mairsturnstile.com\/pl\/wp-json\/wp\/v2\/media?parent=34628"}],"wp:term":[{"taxonomy":"product_cat","embeddable":true,"href":"https:\/\/mairsturnstile.com\/pl\/wp-json\/wp\/v2\/product_cat?post=34628"},{"taxonomy":"product_tag","embeddable":true,"href":"https:\/\/mairsturnstile.com\/pl\/wp-json\/wp\/v2\/product_tag?post=34628"}],"curies":[{"name":"wp","href":"https:\/\/api.w.org\/{rel}","templated":true}]}}