{"id":34629,"date":"2020-09-13T16:01:00","date_gmt":"2020-09-13T08:01:00","guid":{"rendered":"https:\/\/mairsturnstile.com\/product\/kolowrotek-z-rozpoznawaniem-twarzy-kolowrotek-obrotowy-mt342"},"modified":"2024-11-01T16:03:24","modified_gmt":"2024-11-01T08:03:24","slug":"kolowrotek-z-funkcja-rozpoznawania-twarzy","status":"publish","type":"product","link":"https:\/\/mairsturnstile.com\/pl\/produkt\/kolowrotek-z-funkcja-rozpoznawania-twarzy","title":{"rendered":"KO\u0141OwrotEK Z ROZPOZNAWANIEM TWARZY KO\u0141OwrotEK OBR\u00d3TOWY MT342"},"content":{"rendered":"        <!-- 3D Model html -->\r\n        <div class=\"bp_grand wrapper_23473\">   \r\n        <div class=\"bp_model_parent\">\r\n            <model-viewer class=\"model\" id=\"bp_model_id_23473\" src=\"http:\/\/mairsturnstile.com\/wp-content\/uploads\/2024\/01\/MT342-1.glb\" alt=\"MT342-1\" camera-controls  loading=\"auto\" auto-rotate                        >\r\n            <\/model-viewer>\r\n        \r\n            <!-- Button -->\r\n            <svg id=\"openBtn\" width=\"30px\" height=\"30px\" viewBox=\"0 0 16 16\" xmlns=\"http:\/\/www.w3.org\/2000\/svg\" fill=\"#f2f2f2\" class=\"bi bi-arrows-fullscreen model-icon\">\r\n                <path fill-rule=\"evenodd\" d=\"M5.828 10.172a.5.5 0 0 0-.707 0l-4.096 4.096V11.5a.5.5 0 0 0-1 0v3.975a.5.5 0 0 0 .5.5H4.5a.5.5 0 0 0 0-1H1.732l4.096-4.096a.5.5 0 0 0 0-.707zm4.344 0a.5.5 0 0 1 .707 0l4.096 4.096V11.5a.5.5 0 1 1 1 0v3.975a.5.5 0 0 1-.5.5H11.5a.5.5 0 0 1 0-1h2.768l-4.096-4.096a.5.5 0 0 1 0-.707zm0-4.344a.5.5 0 0 0 .707 0l4.096-4.096V4.5a.5.5 0 1 0 1 0V.525a.5.5 0 0 0-.5-.5H11.5a.5.5 0 0 0 0 1h2.768l-4.096 4.096a.5.5 0 0 0 0 .707zm-4.344 0a.5.5 0 0 1-.707 0L1.025 1.732V4.5a.5.5 0 0 1-1 0V.525a.5.5 0 0 1 .5-.5H4.5a.5.5 0 0 1 0 1H1.732l4.096 4.096a.5.5 0 0 1 0 .707z\"\/>\r\n            <\/svg>\r\n        \r\n            <svg id=\"closeBtn\" class=\"model-icon\" width=\"34px\" height=\"34px\" viewBox=\"0 0 24 24\" xmlns=\"http:\/\/www.w3.org\/2000\/svg\">\r\n                <path fill=\"none\" stroke=\"#f2f2f2\" stroke-width=\"2\" d=\"M7,7 L17,17 M7,17 L17,7\"\/>\r\n            <\/svg>\r\n        \r\n        <\/div>\r\n        <\/div> \r\n\r\n        <!-- Model Viewer Style -->\r\n        <style>\r\n            \r\n            .wrapper_23473 .bp_model_parent, #bp_model_id_23473 {\r\n                width: 1150px;\r\n                max-width: 100%;\r\n                                            }\r\n            #bp_model_id_23473 {\r\n                height:700px;\r\n                background-color: #f2f2f2;\r\n            }\r\n            .fullscreen #bp_model_id_23473{\r\n            height: 100%;\r\n            width: 100%;\r\n            }\r\n            .wrapper_23473 .bp_model_parent{\r\n                justify-content: start            }\r\n            model-viewer.model {\r\n                --poster-color: transparent;\r\n            }\r\n        <\/style>\r\n        \r\n        \n<h4>BRAMKA KO\u0141OwrotU Z ROZPOZNAWANIEM TWARZY OBROTOWA BRAMKA OBR\u00d3TOWA obj\u0119ta jest 2-letni\u0105 gwarancj\u0105 oraz trwa\u0142ym wsparciem w zakresie konserwacji i napraw.<\/h4>\n<p>Mo\u017cemy \u015bwiadczy\u0107 us\u0142ugi OEM i ODM. Mairs oferuje na sprzeda\u017c najlepsze bramki obrotowe z <a href=\"https:\/\/en.wikipedia.org\/wiki\/Facial_recognition\" target=\"_blank\" rel=\"noopener\">funkcj\u0105 rozpoznawania twarzy<\/a>. Dostarczamy r\u00f3wnie\u017c urz\u0105dzenia biometryczne, takie jak czytniki kart IC\/ID, skanery linii papilarnych, skanery kod\u00f3w QR, kamery rozpoznaj\u0105ce twarz i tak dalej.<\/p>\n<p><strong>Bramka obrotowa z funkcj\u0105 rozpoznawania twarzy to rodzaj bramki obrotowej dla pieszych, kt\u00f3ra jest zintegrowana z kamer\u0105 do <a href=\"https:\/\/mairsturnstile.com\/product\/face-recognition-camera\">rozpoznawania twarzy<\/a>.<\/strong> <strong>Zazwyczaj wszystkie rodzaje bramek obrotowych mo\u017cna zintegrowa\u0107 z kamer\u0105 do rozpoznawania twarzy.<\/strong> Oczywi\u015bcie kamera do rozpoznawania twarzy mo\u017ce by\u0107 r\u00f3wnie\u017c zintegrowana z funkcj\u0105 pomiaru temperatury. Wraz z rozwojem spo\u0142ecze\u0144stwa oraz post\u0119pem nauki i technologii ko\u0142owroty do rozpoznawania twarzy b\u0119d\u0105 coraz szerzej stosowane. Je\u015bli potrzebujesz dowolnego rodzaju bramki obrotowej z kamer\u0105 rozpoznaj\u0105c\u0105 twarz, skontaktuj <a href=\"https:\/\/mairsturnstile.com\/contact\">si\u0119 z nami<\/a><\/p>\n<p>Ko\u0142owr\u00f3t do rozpoznawania twarzy sk\u0142ada si\u0119 z dw\u00f3ch cz\u0119\u015bci: terminala kamery do rozpoznawania twarzy i bramki obrotowej dla pieszych. R\u00f3\u017cnica mi\u0119dzy ko\u0142owrotem do rozpoznawania twarzy a u\u017cywan\u0105 samodzielnie bramk\u0105 ko\u0142owrotu polega na tym, \u017ce ko\u0142owrotek do rozpoznawania twarzy mo\u017ce nie tylko sterowa\u0107 bramk\u0105 ko\u0142owrotu poprzez przesuwanie karty i kod QR, ale tak\u017ce sterowa\u0107 otwieraniem bramki ko\u0142owrotu poprzez rozpoznawanie twarzy (szczotkowanie twarzy), co nie nie tylko poprawiaj\u0105 komfort pieszych wchodz\u0105cych i wychodz\u0105cych, ale tak\u017ce poprawiaj\u0105 bezpiecze\u0144stwo tego miejsca.<\/p>\n<p>Rozpoznawanie twarzy ma charakter wizualny i jest zgodny z nawykami my\u015blenia ludzi. Do pewnego stopnia jest to wygodniejsze, bezpieczniejsze i bardziej niezawodne ni\u017c has\u0142a i klucze. Dynamiczna bramka obrotowa do rozpoznawania twarzy integruje funkcje gromadzenia twarzy na miejscu, weryfikacji to\u017csamo\u015bci, wczesnego ostrzegania na czarnej li\u015bcie i tak dalej. Od odczytania informacji z dowodu osobistego po zebranie na miejscu zdj\u0119\u0107 twarzy oraz por\u00f3wnanie i uzyskanie wynik\u00f3w \u2013 ca\u0142y proces jest zautomatyzowany bez konieczno\u015bci dodawania konfiguracji sprz\u0119tu peryferyjnego. Proces obs\u0142ugi nie wymaga r\u0119cznej interwencji, a zebrane informacje i wyniki por\u00f3wna\u0144 mo\u017cna w czasie rzeczywistym przes\u0142a\u0107 na platform\u0119 akwizycji Big Data.<\/p>\n<p>W ostatnich latach zastosowanie ko\u0142owrot\u00f3w do rozpoznawania twarzy jest coraz szersze. W wielu biurowcach, stacjach kolejowych i innych zat\u0142oczonych miejscach stosuje si\u0119 bramki obrotowe rozpoznawaj\u0105ce twarz. Bramka z rozpoznawaniem twarzy mo\u017ce nie tylko szybko por\u00f3wnywa\u0107 osoby wchodz\u0105ce i wychodz\u0105ce, ale tak\u017ce skutecznie poprawia\u0107 bezpiecze\u0144stwo w miejscu i efektywno\u015b\u0107 ruchu.<\/p>\n<p>Oparty na sprz\u0119towej bramce obrotowej, ko\u0142owrotek do rozpoznawania twarzy dodaje modu\u0142 rozpoznawania twarzy. Po zebraniu informacji o twarzy odwiedzaj\u0105cego i ocenie w\u0142adz wizytuj\u0105cych za pomoc\u0105 okre\u015blonego algorytmu, cz\u0119sto stosuje si\u0119 je w miejscach publicznych w celu zast\u0105pienia r\u0119cznych audyt\u00f3w.<\/p>\n<p>Mo\u017cemy r\u00f3wnie\u017c w ci\u0105gu kilku minut stworzy\u0107 dla Ciebie rendering na podstawie Twojego rzeczywistego scenariusza. Dostarczamy r\u00f3wnie\u017c szczeg\u00f3\u0142owe plany i rysunki, a tak\u017ce rysunki instalacyjne.<\/p>\n\n        \t\n\t<style type=\"text\/css\">\n\t\t.slider-info-23490.bafg-slider-info .bafg-slider-title {\n\t\t\t\t\t\tfont-size: 22px;\n\t\t\t\t\t\t\n\t\t\t\n\t\t\t\t\t}\n\n\t\t.slider-info-23490.bafg-slider-info .bafg-slider-description {\n\t\t\t\n\t\t\t\n\t\t\t\t\t}\n\n\t\t.slider-info-23490.bafg-slider-info .bafg_slider_readmore_button {\n\t\t\t\n\t\t\t\n\t\t\t\n\t\t\t\n\t\t\t\n\t\t\ttext-align: center;\n\n\t\t\t\n\t\t\t\n\t\t\t\n\t\t\t\n\t\t\t\n\t\t\t\n\t\t\t\t\t}\n\n\t\t.slider-info-23490.bafg-slider-info .bafg_slider_readmore_button:hover {\n\n\t\t\t\n\t\t\t\n\t\t\t\t\t}\n\n\t<\/style>\n\t\n        <div class=\"bafg-twentytwenty-container slider-23490 \" bafg-orientation=\"horizontal\" bafg-default-offset=\"0.5\" bafg-before-label=\"Before\" bafg-after-label=\"After\" bafg-overlay=\"yes\" bafg-move-slider-on-hover=\"yes\" bafg-click-to-move=\"no\">\n              \n            <img decoding=\"async\" class=\"skip-lazy\" src=\"http:\/\/mairsturnstile.com\/wp-content\/uploads\/2023\/06\/turnstile-swing-gate_6.jpg\" alt=\"turnstile swing gate\" data-skip-lazy title=\"\">\n            <img decoding=\"async\" class=\"skip-lazy\" src=\"http:\/\/mairsturnstile.com\/wp-content\/uploads\/2020\/09\/face-recognition-turnstile-5.jpg\" alt=\"face recognition turnstile\" data-skip-lazy title=\"\">\n           \n        <\/div>\n\n        \t<div class=\"bafg-slider-info-wraper\">\n\t\t<div style=\"\" class=\"slider-info-23490 bafg-slider-info\">\n\t\t\t\t\t<\/div>\n\t<\/div>\n\t\n        <style type=\"text\/css\">\n            \n        <\/style>\n        \n<h3>Zasada ko\u0142owrotu rozpoznawania twarzy:<\/h3>\n<p>W pierwszej kolejno\u015bci nale\u017cy zebra\u0107 przez kamer\u0119 rozpoznawaj\u0105c\u0105 twarz informacje o twarzy osoby przechodz\u0105cej przez bramk\u0119 obrotow\u0105, a nast\u0119pnie por\u00f3wna\u0107 je z danymi osobowymi znajduj\u0105cymi si\u0119 w bazie danych systemu. Je\u015bli por\u00f3wnanie rozpoznawania twarzy przebiegnie pomy\u015blnie, wy\u015blij sygna\u0142 otwarcia bramy do bramki obrotowej, a pieszy b\u0119dzie m\u00f3g\u0142 przej\u015b\u0107 przez bramk\u0119. Je\u015bli w bazie danych nie ma informacji o twarzy osoby przechodz\u0105cej przez bramk\u0119, mo\u017ce ona przej\u015b\u0107 poprzez przesuni\u0119cie karty.<\/p>\n<p>W przypadku nielegalnego w\u0142amania tylna przegroda wykrywaj\u0105ca bramk\u0119 obrotow\u0105 automatycznie si\u0119 zablokuje i uruchomi alarm. W przypadku dalszych dzia\u0142a\u0144 bramka obrotowa zapali czerwone \u015bwiat\u0142o i uruchomi alarm. Przeciw retrogradacji. Je\u015bli po rozpoznaniu twarzy pracownik drugiej strony b\u0119dzie cofa\u0142 si\u0119, dr\u0105\u017cek hamulca bramki obrotowej zostanie automatycznie zamkni\u0119ty i zablokowany.<\/p>\n<p>Ko\u0142owrotek z funkcj\u0105 rozpoznawania twarzy jest elegancki i wydajny. Jest szeroko stosowany w lobby hotelowym, biurowcach, bankach i innych miejscach publicznych.<\/p>\n<p>Administrator mo\u017ce skutecznie kontrolowa\u0107 wej\u015bcia i wyj\u015bcia. Jest to du\u017ca pr\u0119dko\u015b\u0107 i mo\u017ce szybko reagowa\u0107 na sytuacje o du\u017cym nat\u0119\u017ceniu ruchu.<\/p>\n<p>Mo\u017cna \u0142atwo skonfigurowa\u0107 wielodost\u0119p w oparciu o szeroko\u015b\u0107 wpisu. Szeroko\u015b\u0107 pasa mo\u017ce wynosi\u0107 900 mm dla os\u00f3b niepe\u0142nosprawnych lub z baga\u017cem. Je\u015bli chc\u0105 Pa\u0144stwo kupi\u0107 bramk\u0119 obrotow\u0105, prosimy sprawdzi\u0107 nasz\u0105 <a href=\"https:\/\/mairsturnstile.com\/category\/security-turnstiles\">stron\u0119 z produktami<\/a>.<\/p>\n<ul>\n<li>Bramka obrotowa z rozpoznawaniem twarzy o du\u017cej pr\u0119dko\u015bci ruchu, kt\u00f3ra jest zwykle stosowana w lokalizacjach o du\u017cym nat\u0119\u017ceniu ruchu w ruchu dwukierunkowym.<\/li>\n<li>Obudowa wykonana jest ze stali nierdzewnej 304 o fakturze w\u0142osa, kt\u00f3ra tworzy jednolity i elegancki punkt dost\u0119pu pasuj\u0105cy do wi\u0119kszo\u015bci \u015brodowisk wewn\u0119trznych.<\/li>\n<li>Ten ko\u0142owrotek do rozpoznawania twarzy jest wyposa\u017cony w mi\u0119dzynarodowy standard RS485 i przeka\u017aniki, co czyni go szeroko kompatybilnym ze wszystkimi istniej\u0105cymi oprogramowaniemi w bran\u017cy i prawie wszystkimi systemami kontroli dost\u0119pu, takimi jak systemy RFID, systemy kod\u00f3w kreskowych, systemy rozpoznawania twarzy, systemy odcisk\u00f3w palc\u00f3w itp.<\/li>\n<li>W sytuacji awaryjnej nale\u017cy od\u0142\u0105czy\u0107 zasilanie, ko\u0142owrotek Slim swing otworzy si\u0119 automatycznie, umo\u017cliwiaj\u0105c swobodne przej\u015bcie spe\u0142niaj\u0105ce wymogi bezpiecze\u0144stwa przeciwpo\u017carowego. Ale musi by\u0107 z bateri\u0105. Je\u015bli chodzi o eksport, bateria jest wra\u017cliwa, mo\u017cemy wymieni\u0107 kondensator<\/li>\n<li>Bramka obrotowa z rozpoznawaniem twarzy nadaje si\u0119 do luksusowych i wysokiej klasy rozwi\u0105za\u0144 wej\u015bciowych.<\/li>\n<li>Ca\u0142y system dzia\u0142a p\u0142ynnie, przy niskim poziomie ha\u0142asu i du\u017cej pr\u0119dko\u015bci.<\/li>\n<li>Interfejs komunikacyjny: RS485<\/li>\n<li>Funkcja alarmu, w przypadku nielegalnego w\u0142amania i w\u0142amania odwrotnego, brama uruchomi alarm, a drzwi zostan\u0105 zablokowane.<\/li>\n<li>W sumie jest 5 par czujnik\u00f3w podczerwieni. \u015arodkowe czujniki maj\u0105 zapobiega\u0107 przytrza\u015bni\u0119ciu pieszych.<\/li>\n<li>Funkcja zapobiegania ogonowaniu, jedna osoba mo\u017ce przej\u015b\u0107 w tym samym czasie. Je\u015bli kto\u015b b\u0119dzie pod\u0105\u017ca\u0142 za lud\u017ami z przodu, brama uruchomi alarm.<\/li>\n<li>Wska\u017anik ledowy. Czerwony krzy\u017c i zielona strza\u0142ka. Na przednim s\u0142upku znajduj\u0105 si\u0119 r\u00f3wnie\u017c kierunkowskazy LED. Do ramion mo\u017cna doda\u0107 o\u015bwietlenie LED.<\/li>\n<li>Dost\u0119p dwukierunkowy zmniejsza potrzeb\u0119 stosowania wi\u0119kszej liczby bramek. Jest przystosowany do w\u00f3zk\u00f3w inwalidzkich, w\u00f3zek sklepowy zwi\u0119ksza efektywno\u015b\u0107 przejazdu.<\/li>\n<li>Funkcja automatycznego resetowania. Je\u015bli w zadanym czasie (domy\u015blnie jest to 5 sekund) osoby przesz\u0142y, system anuluje uprawnienia u\u017cytkownika i zamknie si\u0119 automatycznie.<\/li>\n<li>Zabezpieczenie przed uderzeniami, zabezpieczenie przed zaciskiem, Bramy s\u0105 wyposa\u017cone w nap\u0119d bezszczotkowy. Je\u015bli kto\u015b uderzy w rami\u0119, brama zostanie automatycznie zresetowana. Funkcja ta skutecznie zapobiega wpadaniu pieszych, zw\u0142aszcza dzieci, przycinaniu, uderzaniu itp.<\/li>\n<\/ul>\n<p>Mo\u017cemy zapewni\u0107 ca\u0142e rozwi\u0105zanie kontroli dost\u0119pu bezpiecze\u0144stwa. Je\u015bli posiadasz w\u0142asny system kontroli dost\u0119pu, mo\u017cesz bezpo\u015brednio skorzysta\u0107 z naszej bramki obrotowej. Je\u015bli go nie posiadasz, zapewniamy r\u00f3wnie\u017c kompletne rozwi\u0105zanie w zakresie kontroli dost\u0119pu. Aby uzyska\u0107 szczeg\u00f3\u0142owe informacje, zapoznaj si\u0119 z poni\u017cszym filmem.<\/p>\n<p><iframe title=\"Ko\u0142owr\u00f3t na lotnisku, bramka szybkiego ruchu na lotnisko, stacja metra - MairsTurnstile.com\" src=\"https:\/\/www.youtube.com\/embed\/rR_US2dIKU8\" width=\"1150\" height=\"650\" frameborder=\"0\" allowfullscreen=\"allowfullscreen\"><\/iframe><\/p>\n","protected":false},"excerpt":{"rendered":"<p>1. Rozmiar: 1400 * 180 * 1000 mm (mo\u017cna dostosowa\u0107)<\/p>\n<p>2. Szeroko\u015b\u0107 pasa: 600 mm (standard) 900 mm (dla os\u00f3b niepe\u0142nosprawnych)<\/p>\n<p>3. Materia\u0142 ramienia: akryl<\/p>\n<p>4. Pr\u0119dko\u015b\u0107 przejazdu: 40 os.\/min<\/p>\n<p>5. Zasilanie: 110 V\/220 V 50\/60 Hz<\/p>\n<p>6. Silnik bezszczotkowy<\/p>\n<p>7. Sygna\u0142 otwarcia bramy: styk bezpr\u0105dowy\/przeka\u017anik<\/p>\n<p>8. Brama obrotowa ko\u0142owrotu Silnik nap\u0119dowy: 24 V<\/p>\n<p>9. O\u015bwietlenie LED na ramionach jest opcjonalne<\/p>\n<p><strong><a title=\"Brama obrotowa obrotowa z certyfikatem CE Mairs\" href=\"http:\/\/mairsturnstile.com\/wp-content\/uploads\/2022\/09\/Mairs-CE-Certificate-Swing-Turnstile-Gate.pdf\" target=\"_blank\" rel=\"noopener noreferrer\">Certyfikat CE,<\/a> <a title=\"Certyfikat Mairs ISO9001\" href=\"http:\/\/mairsturnstile.com\/wp-content\/uploads\/2022\/09\/Mairs-Registration-Certificate-ISO9001.pdf\" target=\"_blank\" rel=\"noopener noreferrer\">Certyfikat ISO9001.<\/a><\/strong><\/p>\n<p><a title=\"Broszura dotycz\u0105ca ko\u0142owrotu rozpoznawania twarzy\" href=\"http:\/\/mairsturnstile.com\/wp-content\/uploads\/2023\/12\/MT342-brochure.pdf\" target=\"_blank\" rel=\"noopener noreferrer\"><img decoding=\"async\" class=\"alignnone size-full wp-image-11034\" src=\"http:\/\/mairsturnstile.com\/wp-content\/uploads\/2022\/09\/pdf-MairsTurnstile.png\" alt=\"\" width=\"32\" height=\"32\"><strong><span style=\"color: #0000ff;\">Broszura dotycz\u0105ca ko\u0142owrotu MT342 dotycz\u0105cego rozpoznawania twarzy<\/span><\/strong><\/a><\/p>\n","protected":false},"featured_media":44276,"comment_status":"closed","ping_status":"closed","template":"","meta":{"neve_meta_sidebar":"","neve_meta_container":"","neve_meta_enable_content_width":"off","neve_meta_content_width":0,"neve_meta_title_alignment":"","neve_meta_author_avatar":"","neve_post_elements_order":"","neve_meta_disable_header":"","neve_meta_disable_footer":"","neve_meta_disable_title":"","_ti_tpc_template_sync":false,"_ti_tpc_template_id":""},"product_cat":[2037,2034],"product_tag":[2745,2773,2774,2049],"class_list":["post-34629","product","type-product","status-publish","has-post-thumbnail","hentry","product_cat-brama-obrotowa-obrotowa","product_cat-kolowroty-bezpieczenstwa","product_tag-brama-obrotowa-kolowrotu","product_tag-bramka-obrotowa-z-rozpoznawaniem-twarzy","product_tag-kolowrot-do-rozpoznawania-twarzy","product_tag-kolowrotek-wyjsciowy"],"_links":{"self":[{"href":"https:\/\/mairsturnstile.com\/pl\/wp-json\/wp\/v2\/product\/34629","targetHints":{"allow":["GET"]}}],"collection":[{"href":"https:\/\/mairsturnstile.com\/pl\/wp-json\/wp\/v2\/product"}],"about":[{"href":"https:\/\/mairsturnstile.com\/pl\/wp-json\/wp\/v2\/types\/product"}],"replies":[{"embeddable":true,"href":"https:\/\/mairsturnstile.com\/pl\/wp-json\/wp\/v2\/comments?post=34629"}],"version-history":[{"count":0,"href":"https:\/\/mairsturnstile.com\/pl\/wp-json\/wp\/v2\/product\/34629\/revisions"}],"wp:featuredmedia":[{"embeddable":true,"href":"https:\/\/mairsturnstile.com\/pl\/wp-json\/wp\/v2\/media\/44276"}],"wp:attachment":[{"href":"https:\/\/mairsturnstile.com\/pl\/wp-json\/wp\/v2\/media?parent=34629"}],"wp:term":[{"taxonomy":"product_cat","embeddable":true,"href":"https:\/\/mairsturnstile.com\/pl\/wp-json\/wp\/v2\/product_cat?post=34629"},{"taxonomy":"product_tag","embeddable":true,"href":"https:\/\/mairsturnstile.com\/pl\/wp-json\/wp\/v2\/product_tag?post=34629"}],"curies":[{"name":"wp","href":"https:\/\/api.w.org\/{rel}","templated":true}]}}