{"id":34630,"date":"2020-09-13T00:48:49","date_gmt":"2020-09-12T16:48:49","guid":{"rendered":"https:\/\/mairsturnstile.com\/product\/super-wyciszony-kolejek-przesuwny-o-pelnej-wysokosci-mt247"},"modified":"2024-10-31T18:39:41","modified_gmt":"2024-10-31T10:39:41","slug":"kolowrotek-przesuwny","status":"publish","type":"product","link":"https:\/\/mairsturnstile.com\/pl\/produkt\/kolowrotek-przesuwny","title":{"rendered":"NOWA KONSTRUKCJA PRZESUWNEGO KO\u0141OwrotU O PE\u0141NEJ WYSOKO\u015aCI MT237-P"},"content":{"rendered":"        <!-- 3D Model html -->\r\n        <div class=\"bp_grand wrapper_37634\">   \r\n        <div class=\"bp_model_parent\">\r\n            <model-viewer class=\"model\" id=\"bp_model_id_37634\" src=\"http:\/\/mairsturnstile.com\/wp-content\/uploads\/2023\/11\/MT237-p.glb\" alt=\"MT237-p\" camera-controls  loading=\"auto\" auto-rotate                        >\r\n            <\/model-viewer>\r\n        \r\n            <!-- Button -->\r\n            <svg id=\"openBtn\" width=\"30px\" height=\"30px\" viewBox=\"0 0 16 16\" xmlns=\"http:\/\/www.w3.org\/2000\/svg\" fill=\"#f2f2f2\" class=\"bi bi-arrows-fullscreen model-icon\">\r\n                <path fill-rule=\"evenodd\" d=\"M5.828 10.172a.5.5 0 0 0-.707 0l-4.096 4.096V11.5a.5.5 0 0 0-1 0v3.975a.5.5 0 0 0 .5.5H4.5a.5.5 0 0 0 0-1H1.732l4.096-4.096a.5.5 0 0 0 0-.707zm4.344 0a.5.5 0 0 1 .707 0l4.096 4.096V11.5a.5.5 0 1 1 1 0v3.975a.5.5 0 0 1-.5.5H11.5a.5.5 0 0 1 0-1h2.768l-4.096-4.096a.5.5 0 0 1 0-.707zm0-4.344a.5.5 0 0 0 .707 0l4.096-4.096V4.5a.5.5 0 1 0 1 0V.525a.5.5 0 0 0-.5-.5H11.5a.5.5 0 0 0 0 1h2.768l-4.096 4.096a.5.5 0 0 0 0 .707zm-4.344 0a.5.5 0 0 1-.707 0L1.025 1.732V4.5a.5.5 0 0 1-1 0V.525a.5.5 0 0 1 .5-.5H4.5a.5.5 0 0 1 0 1H1.732l4.096 4.096a.5.5 0 0 1 0 .707z\"\/>\r\n            <\/svg>\r\n        \r\n            <svg id=\"closeBtn\" class=\"model-icon\" width=\"34px\" height=\"34px\" viewBox=\"0 0 24 24\" xmlns=\"http:\/\/www.w3.org\/2000\/svg\">\r\n                <path fill=\"none\" stroke=\"#f2f2f2\" stroke-width=\"2\" d=\"M7,7 L17,17 M7,17 L17,7\"\/>\r\n            <\/svg>\r\n        \r\n        <\/div>\r\n        <\/div> \r\n\r\n        <!-- Model Viewer Style -->\r\n        <style>\r\n            \r\n            .wrapper_37634 .bp_model_parent, #bp_model_id_37634 {\r\n                width: 1150px;\r\n                max-width: 100%;\r\n                                            }\r\n            #bp_model_id_37634 {\r\n                height:700px;\r\n                background-color: #f9f9f9;\r\n            }\r\n            .fullscreen #bp_model_id_37634{\r\n            height: 100%;\r\n            width: 100%;\r\n            }\r\n            .wrapper_37634 .bp_model_parent{\r\n                justify-content: start            }\r\n            model-viewer.model {\r\n                --poster-color: transparent;\r\n            }\r\n        <\/style>\r\n        \r\n        \n<h2>Super wyciszona przesuwna bramka obrotowa o pe\u0142nej wysoko\u015bci, przesuwna bramka obrotowa z barier\u0105, przesuwna bramka obrotowa na sprzeda\u017c.<\/h2>\n<h4>BRAMY PRZESUWNE O PE\u0141NEJ WYSOKO\u015aCI obj\u0119te s\u0105 2-letni\u0105 gwarancj\u0105 oraz trwa\u0142ym wsparciem w zakresie konserwacji i napraw.<\/h4>\n<p><strong>Bramka obrotowa przesuwna to rodzaj bramki obrotowej z kontrol\u0105 dost\u0119pu dla pieszych, kt\u00f3ra opiera si\u0119 na r\u00f3wnoleg\u0142ym ruchu liniowym dw\u00f3ch przegr\u00f3d w tym samym lub r\u00f3\u017cnych kierunkach w celu otwierania i zamykania drzwi. <\/strong>Przesuwna bramka obrotowa to<a href=\"https:\/\/mairsturnstile.com\/product\/automated-turnstiles\" target=\"_blank\" rel=\"noopener\"> zautomatyzowana bramka obrotowa<\/a> sterowana elektrycznie, kt\u00f3r\u0105 mo\u017cna otwiera\u0107 i zamyka\u0107 r\u0119cznie za pomoc\u0105 przycisk\u00f3w, przeci\u0105gania karty i zdalnego sterowania lub w pe\u0142ni automatycznie poprzez rozpoznawanie twarzy i indukcj\u0119 ludzkiego cia\u0142a. Obecnie jest powszechnie stosowany przy bramie wej\u015bciowej r\u00f3\u017cnych osiedli mieszkaniowych, przedsi\u0119biorstw, fabryk i innych miejsc, kt\u00f3re s\u0105 specjalnie wykorzystywane do kontroli dost\u0119pu dla pieszych.<\/p>\n<p>Przesuwny ko\u0142owr\u00f3t sk\u0142ada si\u0119 z podwozia i dw\u00f3ch ruchomych skrzyde\u0142 drzwi, kt\u00f3re mo\u017cna wysuwa\u0107 i chowa\u0107, aby odwie\u015b\u0107 lub zwolni\u0107. Ten nowy ko\u0142owrotek przesuwny o pe\u0142nej wysoko\u015bci MT237-P charakteryzuje si\u0119 najnowszym designem i pi\u0119knym kszta\u0142tem. Wyb\u00f3r zastosowania ko\u0142owrotu z bram\u0105 przesuwn\u0105 zale\u017cy od wielko\u015bci i powierzchni terenu. Jej skrzyd\u0142o drzwiowe jest wy\u017csze od obrotowej bramki obrotowej i barierki klapowej. Zwykle projektuje si\u0119 go na wysoko\u015b\u0107 1,6 m. Szeroko\u015b\u0107 kana\u0142u jest taka sama jak szeroko\u015b\u0107 kana\u0142u bramki obrotowej. Szeroko\u015b\u0107 0,55 M jest wystarczaj\u0105ca do osi\u0105gni\u0119cia celu przej\u015bcia jednej osoby.<\/p>\n<p>W przypadku niekt\u00f3rych agencji rz\u0105dowych i jednostek lub miejsc o wysokich wymaganiach dotycz\u0105cych poufno\u015bci i wysokiego bezpiecze\u0144stwa przesuwny ko\u0142owr\u00f3t mo\u017ce zosta\u0107 wybrany jako g\u0142\u00f3wny sprz\u0119t do zarz\u0105dzania kontrol\u0105 dost\u0119pu, kt\u00f3ry ma bardziej rygorystyczne zarz\u0105dzanie dost\u0119pem i silniejsze \u015brodki bezpiecze\u0144stwa. \u015arodki bezpiecze\u0144stwa znajduj\u0105 odzwierciedlenie g\u0142\u00f3wnie w jego konstrukcji. Rami\u0119 przesuwne jest stosunkowo wysokie, aby zapobiec wierceniu i wspinaniu si\u0119, a g\u0142\u00f3wnym materia\u0142em jest szk\u0142o akrylowe. Wizja tego kana\u0142u nie b\u0119dzie ograniczona. Umieszczona jest w holu biurowca, a ca\u0142o\u015b\u0107 pozostaje przejrzysta i jasna.<\/p>\n<p>Ko\u0142owr\u00f3t z barier\u0105 przesuwn\u0105 r\u00f3\u017cni si\u0119 od bramki obrotowej na statywie, bramy obrotowej i bramy z barier\u0105 klapow\u0105. Jest to rodzaj bramki obrotowej dla pieszych, kt\u00f3ra nie jest powszechnie u\u017cywana i nale\u017cy \u015bci\u015ble zapobiega\u0107 wchodzeniu i wychodzeniu. Poniewa\u017c bariera blokuj\u0105ca po obu stronach jest typu translacyjnego i przyjmuje automatyczn\u0105 kontrol\u0119, nie b\u0119dzie \u0142atwo przycina\u0107 ludzi. Konstrukcja bariery o wysokiej blokadzie zapobiega mo\u017cliwo\u015bci nieuprawnionego przechodzenia i wspinania si\u0119, dlatego wysokie bezpiecze\u0144stwo jest jej najwa\u017cniejszym znakiem. Bariera blokuj\u0105ca jest cienka i mo\u017cna j\u0105 wykona\u0107 w postaci dwojga drzwi, kt\u00f3re s\u0105 bardziej wzmocnione ze wzgl\u0119d\u00f3w bezpiecze\u0144stwa oraz bezpieczne i elastyczne.<\/p>\n<p>Stosowany jest g\u0142\u00f3wnie w scenach, w kt\u00f3rych nale\u017cy poprawi\u0107 skuteczno\u015b\u0107 bezpiecze\u0144stwa, takich jak wysokiej klasy budynki biurowe, przedsi\u0119biorstwa grupowe, hale lub windy w budynkach biznesowych, klatki schodowe itp.<\/p>\n<p>Mo\u017cemy r\u00f3wnie\u017c w ci\u0105gu kilku minut stworzy\u0107 dla Ciebie rendering na podstawie Twojego rzeczywistego scenariusza. Dostarczamy r\u00f3wnie\u017c szczeg\u00f3\u0142owe plany i rysunki, a tak\u017ce rysunki instalacyjne.<\/p>\n\n        \t\n\t<style type=\"text\/css\">\n\t\t.slider-info-37633.bafg-slider-info .bafg-slider-title {\n\t\t\t\t\t\tfont-size: 22px;\n\t\t\t\t\t\t\n\t\t\t\n\t\t\t\t\t}\n\n\t\t.slider-info-37633.bafg-slider-info .bafg-slider-description {\n\t\t\t\n\t\t\t\n\t\t\t\t\t}\n\n\t\t.slider-info-37633.bafg-slider-info .bafg_slider_readmore_button {\n\t\t\t\n\t\t\t\n\t\t\t\n\t\t\t\n\t\t\t\n\t\t\ttext-align: center;\n\n\t\t\t\n\t\t\t\n\t\t\t\n\t\t\t\n\t\t\t\n\t\t\t\n\t\t\t\t\t}\n\n\t\t.slider-info-37633.bafg-slider-info .bafg_slider_readmore_button:hover {\n\n\t\t\t\n\t\t\t\n\t\t\t\t\t}\n\n\t<\/style>\n\t\n        <div class=\"bafg-twentytwenty-container slider-37633 \" bafg-orientation=\"horizontal\" bafg-default-offset=\"0.5\" bafg-before-label=\"Before\" bafg-after-label=\"After\" bafg-overlay=\"yes\" bafg-move-slider-on-hover=\"yes\" bafg-click-to-move=\"no\">\n              \n            <img decoding=\"async\" class=\"skip-lazy\" src=\"http:\/\/mairsturnstile.com\/wp-content\/uploads\/2024\/10\/sliding-turnstile-7.jpg\" alt=\"sliding turnstile\" data-skip-lazy title=\"\">\n            <img decoding=\"async\" class=\"skip-lazy\" src=\"http:\/\/mairsturnstile.com\/wp-content\/uploads\/2020\/09\/sliding-turnstile-5-1.jpg\" alt=\"sliding turnstile\" data-skip-lazy title=\"\">\n           \n        <\/div>\n\n        \t<div class=\"bafg-slider-info-wraper\">\n\t\t<div style=\"\" class=\"slider-info-37633 bafg-slider-info\">\n\t\t\t\t\t<\/div>\n\t<\/div>\n\t\n        <style type=\"text\/css\">\n            \n        <\/style>\n        \n<p><strong>\u015arodki ostro\u017cno\u015bci dotycz\u0105ce stosowania :<\/strong><\/p>\n<p>W trakcie korzystania z bramki obrotowej z przesuwan\u0105 barier\u0105 przechodz\u0105cy personel powinien przestrzega\u0107 zasady mijania \u201eprzesuwania karty poza \u017c\u00f3\u0142t\u0105 lini\u0119 lub bezsensownej identyfikacji, zakazu mijania i mijania w odwrotnym kierunku\u201d.<\/p>\n<p>Uwaga: piesi przesuwaj\u0105 swoje karty poza \u017c\u00f3\u0142t\u0105 lini\u0119 na zewn\u0105trz przej\u015bcia. Tylko jedna osoba mo\u017ce jednocze\u015bnie korzysta\u0107 z wa\u017cnej karty. Zabrania si\u0119 pieszemu pod\u0105\u017caj\u0105cemu za nim i przechodzeniu w przeciwnym kierunku bez przesuwania kart. &#8222;.<\/p>\n<p>Podczas u\u017cytkowania bramki obrotowej z przesuwan\u0105 barier\u0105 nale\u017cy zwr\u00f3ci\u0107 uwag\u0119 na codzienne czyszczenie i konserwacj\u0119. Regularne przegl\u0105dy mog\u0105 skutecznie zapobiega\u0107 starzeniu si\u0119 sprz\u0119tu, a terminowa konserwacja mo\u017ce skutecznie przed\u0142u\u017cy\u0107 \u017cywotno\u015b\u0107 sprz\u0119tu. W praktycznym zastosowaniu ko\u0142owrotu z barier\u0105 przesuwn\u0105 wygl\u0105d i funkcj\u0119 mo\u017cna dostosowa\u0107 do potrzeb.<\/p>\n<p>Mo\u017cemy \u015bwiadczy\u0107 us\u0142ugi OEM i ODM. Dostarczamy r\u00f3wnie\u017c urz\u0105dzenia biometryczne, takie jak czytniki kart IC\/ID, skanery linii papilarnych, skanery kod\u00f3w QR, kamery rozpoznaj\u0105ce twarz i tak dalej. Je\u015bli potrzebuj\u0105 Pa\u0144stwo zintegrowa\u0107 te urz\u0105dzenia na bramce obrotowej lub maj\u0105 Pa\u0144stwo jakiekolwiek pytania, prosimy <a href=\"https:\/\/mairsturnstile.com\/contact\" target=\"_blank\" rel=\"noopener\">o kontakt z nami<\/a>.<\/p>\n<p>Pierwszy film to zwyk\u0142y przesuwny ko\u0142owr\u00f3t, kt\u00f3ry jest wyj\u0105tkowo cichy i wygl\u0105da pi\u0119knie. Poni\u017cszy film przedstawia dostosowany ko\u0142owrotek przesuwny. Bez wzgl\u0119du na rozmiar i wygl\u0105d przesuwnego ko\u0142owrotu, jest on dostosowywany do rzeczywistych potrzeb klient\u00f3w. Je\u015bli chcesz dostosowa\u0107 podobny przesuwny ko\u0142owr\u00f3t, mo\u017cesz r\u00f3wnie\u017c skontaktowa\u0107 si\u0119 z nami<\/p>\n<p><strong>Brama przesuwna <\/strong>charakteryzuje si\u0119 eleganckim wzornictwem, du\u017c\u0105 pr\u0119dko\u015bci\u0105, wysokim poziomem bezpiecze\u0144stwa, cich\u0105 prac\u0105, p\u0142ynnym dzia\u0142aniem i d\u0142ug\u0105 \u017cywotno\u015bci\u0105. Jest wysoce zintegrowany, aby by\u0107 kompatybilnym ze skanerami temperatury <a href=\"https:\/\/en.wikipedia.org\/wiki\/Facial_recognition\" target=\"_blank\" rel=\"noopener\">rozpoznawaj\u0105cymi twarz<\/a>, kontrol\u0105 dost\u0119pu odcisk\u00f3w palc\u00f3w, systemami QR, kontrol\u0105 dost\u0119pu ESD RFID itp. B\u0119d\u0105c <a href=\"https:\/\/mairsturnstile.com\/what-is-flap-barrier.html\" target=\"_blank\" rel=\"noopener\">barier\u0105 szyb<\/a>kobie\u017cn\u0105, przegroda wahad\u0142owa otwiera si\u0119 automatycznie po wy\u0142\u0105czeniu zasilania, umo\u017cliwiaj\u0105c swobodne przej\u015bcie w przypadku po\u017caru \/ wymaga\u0144 dotycz\u0105cych wyj\u015bcia awaryjnego.<\/p>\n<ul>\n<li><strong>OBROTNICA PRZESUWNA <\/strong>s\u0142u\u017cy do kontrolowania os\u00f3b wchodz\u0105cych lub wychodz\u0105cych z obszaru o ograniczonym dost\u0119pie. Stosowane jest zazwyczaj w miejscach o du\u017cym nat\u0119\u017ceniu ruchu pieszego w obu kierunkach.<\/li>\n<li>Obudowa bramki obrotowej z przesuwn\u0105 barier\u0105 wykonana jest ze szczotkowanej stali nierdzewnej 304, kt\u00f3ra tworzy jednolity i \u0142adny system wej\u015bciowy, kt\u00f3ry wtapia si\u0119 w wi\u0119kszo\u015b\u0107 \u015brodowisk wewn\u0119trznych.<\/li>\n<li>Mo\u017cna go zintegrowa\u0107 ze wszystkimi systemami kontroli dost\u0119pu innych firm (np.: systemem dost\u0119pu RFID, Push the Button, rozpoznawaniem linii papilarnych i twarzy ze sprawdzeniem temperatury).<\/li>\n<li>W sytuacji awaryjnej rami\u0119 przesuwnego ko\u0142owrotu otworzy si\u0119 automatycznie, \u0142\u0105cz\u0105c si\u0119 z akumulatorem lub kondensatorem, aby umo\u017cliwi\u0107 swobodny przep\u0142yw.<\/li>\n<li>Optyczny ko\u0142owrotek przesuwny nadaje si\u0119 do luksusowych i eleganckich rozwi\u0105za\u0144 wej\u015bciowych.<\/li>\n<li>Bramka przesuwna charakteryzuje si\u0119 du\u017c\u0105 szybko\u015bci\u0105, d\u0142ug\u0105 \u017cywotno\u015bci\u0105, wysok\u0105 wydajno\u015bci\u0105 i wysok\u0105 niezawodno\u015bci\u0105 dzia\u0142ania.<\/li>\n<li> Funkcja alarmu w przypadku nielegalnego w\u0142amania i w\u0142amania odwrotnego.<\/li>\n<li>Czujnik podczerwieni uruchomi alarm, a dioda LED zacznie miga\u0107, aby zapobiec uszczypni\u0119ciu pieszych.<\/li>\n<li>Funkcja automatycznego resetowania: ramiona przesuwne zamkn\u0105 si\u0119 automatycznie w ci\u0105gu 5 sekund (domy\u015blnie mo\u017cna ustawi\u0107), je\u015bli pasa\u017cer si\u0119 sp\u00f3\u017ani<\/li>\n<li>Bramka przesuwna pozostanie w zamku, je\u015bli kto\u015b b\u0119dzie chcia\u0142 si\u0119 w\u0142ama\u0107 bez przesuwania karty RFID.<\/li>\n<li>Kierunkowskaz LED na g\u00f3rnym i przednim s\u0142upku<\/li>\n<li>Materia\u0142 obudowy: stal nierdzewna 304<\/li>\n<li>Funkcja zapobiegaj\u0105ca cofaniu, ko\u0142owrotek alarmuje, je\u015bli kto\u015b chce wej\u015b\u0107 w odwrotnym kierunku.<\/li>\n<li>Do wyboru jest bieg dwukierunkowy lub jednokierunkowy<\/li>\n<\/ul>\n<p>Mo\u017cemy zapewni\u0107 ca\u0142e rozwi\u0105zanie kontroli dost\u0119pu bezpiecze\u0144stwa. Je\u015bli posiadasz w\u0142asny system kontroli dost\u0119pu, mo\u017cesz bezpo\u015brednio skorzysta\u0107 z naszej bramki obrotowej. Je\u015bli go nie posiadasz, zapewniamy r\u00f3wnie\u017c kompletne rozwi\u0105zanie w zakresie kontroli dost\u0119pu. Aby uzyska\u0107 szczeg\u00f3\u0142owe informacje, zapoznaj si\u0119 z poni\u017cszym filmem.<\/p>\n<p><iframe title=\"Bramka przesuwna, bramka przesuwna, bramka przesuwna Super musi pe\u0142nej wysoko\u015bci - MairsTurnstile\" src=\"https:\/\/www.youtube.com\/embed\/NWiaz1Su7BI\" width=\"1150\" height=\"650\" frameborder=\"0\" allowfullscreen=\"allowfullscreen\"><\/iframe><\/p>\n","protected":false},"excerpt":{"rendered":"<p>1. Rozmiar: 1420 * 340 * 1000 mm (mo\u017cna dostosowa\u0107)<\/p>\n<p>2. Szeroko\u015b\u0107 pasa: 600 mm (standard) 900 mm (dla os\u00f3b niepe\u0142nosprawnych)<\/p>\n<p>3. Pr\u0119dko\u015b\u0107 przejazdu: 40 os.\/min<\/p>\n<p>4. Zasilanie: 110 V\/220 V 50\/60 Hz<\/p>\n<p>5. Silnik nap\u0119dowy: 90 W<\/p>\n<p>6. Wej\u015bcie: styk bezpotencja\u0142owy<\/p>\n<p>7. Silnik nap\u0119dowy: DC24V<\/p>\n<p>8. Brama barierowa ko\u0142owrotu Waga: 70 kg\/szt<\/p>\n<p>9. Wysoko\u015b\u0107 ramienia 1800 mm (mo\u017cna dostosowa\u0107)<\/p>\n<p><span style=\"color: #0000ff;\"><strong><a style=\"color: #0000ff;\" title=\"Ko\u0142owr\u00f3t z barier\u0105 klapow\u0105 Mairs z certyfikatem CE\" href=\"http:\/\/mairsturnstile.com\/wp-content\/uploads\/2022\/09\/Mairs-CE-Certificate-Flap-Barrier-Turnstile.pdf\" target=\"_blank\" rel=\"noopener noreferrer\">Certyfikat CE,<\/a> <a style=\"color: #0000ff;\" title=\"Certyfikat Mairs ISO9001\" href=\"http:\/\/mairsturnstile.com\/wp-content\/uploads\/2022\/09\/Mairs-Registration-Certificate-ISO9001.pdf\" target=\"_blank\" rel=\"noopener noreferrer\">Certyfikat ISO9001.<\/a><\/strong><\/span><\/p>\n<p><a title=\"Broszura dotycz\u0105ca przesuwnych bramek obrotowych\" href=\"http:\/\/mairsturnstile.com\/wp-content\/uploads\/2024\/03\/Sliding-turnstile-MT237-P-brochure.pdf\" target=\"  rel=\" rel=\"noopener\"><img decoding=\"async\" class=\"alignnone size-full wp-image-11034\" src=\"http:\/\/mairsturnstile.com\/wp-content\/uploads\/2022\/09\/pdf-MairsTurnstile.png\" alt=\"\" width=\"32\" height=\"32\"><span style=\"color: #0000ff;\"><strong>Bramka obrotowa przesuwna MT237-P Broszura<\/strong><\/span><\/a><\/p>\n","protected":false},"featured_media":37565,"comment_status":"closed","ping_status":"closed","template":"","meta":{"neve_meta_sidebar":"","neve_meta_container":"","neve_meta_enable_content_width":"off","neve_meta_content_width":0,"neve_meta_title_alignment":"","neve_meta_author_avatar":"","neve_post_elements_order":"","neve_meta_disable_header":"","neve_meta_disable_footer":"","neve_meta_disable_title":"","_ti_tpc_template_sync":false,"_ti_tpc_template_id":""},"product_cat":[2034,2035],"product_tag":[2073,2049,2777,2056,2776,2775,2170,2759],"class_list":["post-34630","product","type-product","status-publish","has-post-thumbnail","hentry","product_cat-kolowroty-bezpieczenstwa","product_cat-przesuwny-kolowrotek","product_tag-full-height-sliding-turnstile-pl","product_tag-kolowrotek-wyjsciowy","product_tag-kolowrotek-z-brama-przesuwna","product_tag-kolowrotki-gimnastyczne","product_tag-przesuwna-bramka-z-barierka-obrotowa","product_tag-przesuwny-kolowrot","product_tag-szklane-kolowroty","product_tag-szklany-kolowrotek"],"_links":{"self":[{"href":"https:\/\/mairsturnstile.com\/pl\/wp-json\/wp\/v2\/product\/34630","targetHints":{"allow":["GET"]}}],"collection":[{"href":"https:\/\/mairsturnstile.com\/pl\/wp-json\/wp\/v2\/product"}],"about":[{"href":"https:\/\/mairsturnstile.com\/pl\/wp-json\/wp\/v2\/types\/product"}],"replies":[{"embeddable":true,"href":"https:\/\/mairsturnstile.com\/pl\/wp-json\/wp\/v2\/comments?post=34630"}],"version-history":[{"count":0,"href":"https:\/\/mairsturnstile.com\/pl\/wp-json\/wp\/v2\/product\/34630\/revisions"}],"wp:featuredmedia":[{"embeddable":true,"href":"https:\/\/mairsturnstile.com\/pl\/wp-json\/wp\/v2\/media\/37565"}],"wp:attachment":[{"href":"https:\/\/mairsturnstile.com\/pl\/wp-json\/wp\/v2\/media?parent=34630"}],"wp:term":[{"taxonomy":"product_cat","embeddable":true,"href":"https:\/\/mairsturnstile.com\/pl\/wp-json\/wp\/v2\/product_cat?post=34630"},{"taxonomy":"product_tag","embeddable":true,"href":"https:\/\/mairsturnstile.com\/pl\/wp-json\/wp\/v2\/product_tag?post=34630"}],"curies":[{"name":"wp","href":"https:\/\/api.w.org\/{rel}","templated":true}]}}