{"id":34631,"date":"2020-09-13T00:43:09","date_gmt":"2020-09-12T16:43:09","guid":{"rendered":"https:\/\/mairsturnstile.com\/product\/bramka-klapowa-cena-bramka-klapowa-mt245"},"modified":"2024-10-31T18:46:01","modified_gmt":"2024-10-31T10:46:01","slug":"przystepna-cena-bariery-klapowej","status":"publish","type":"product","link":"https:\/\/mairsturnstile.com\/pl\/produkt\/przystepna-cena-bariery-klapowej","title":{"rendered":"BARIERA KLAPOWA PRZESUWNA BRAMKA OBROTOWA MT227"},"content":{"rendered":"        <!-- 3D Model html -->\r\n        <div class=\"bp_grand wrapper_37928\">   \r\n        <div class=\"bp_model_parent\">\r\n            <model-viewer class=\"model\" id=\"bp_model_id_37928\" src=\"http:\/\/mairsturnstile.com\/wp-content\/uploads\/2023\/11\/MT227.glb\" alt=\"MT227\" camera-controls  loading=\"auto\" auto-rotate                        >\r\n            <\/model-viewer>\r\n        \r\n            <!-- Button -->\r\n            <svg id=\"openBtn\" width=\"30px\" height=\"30px\" viewBox=\"0 0 16 16\" xmlns=\"http:\/\/www.w3.org\/2000\/svg\" fill=\"#f2f2f2\" class=\"bi bi-arrows-fullscreen model-icon\">\r\n                <path fill-rule=\"evenodd\" d=\"M5.828 10.172a.5.5 0 0 0-.707 0l-4.096 4.096V11.5a.5.5 0 0 0-1 0v3.975a.5.5 0 0 0 .5.5H4.5a.5.5 0 0 0 0-1H1.732l4.096-4.096a.5.5 0 0 0 0-.707zm4.344 0a.5.5 0 0 1 .707 0l4.096 4.096V11.5a.5.5 0 1 1 1 0v3.975a.5.5 0 0 1-.5.5H11.5a.5.5 0 0 1 0-1h2.768l-4.096-4.096a.5.5 0 0 1 0-.707zm0-4.344a.5.5 0 0 0 .707 0l4.096-4.096V4.5a.5.5 0 1 0 1 0V.525a.5.5 0 0 0-.5-.5H11.5a.5.5 0 0 0 0 1h2.768l-4.096 4.096a.5.5 0 0 0 0 .707zm-4.344 0a.5.5 0 0 1-.707 0L1.025 1.732V4.5a.5.5 0 0 1-1 0V.525a.5.5 0 0 1 .5-.5H4.5a.5.5 0 0 1 0 1H1.732l4.096 4.096a.5.5 0 0 1 0 .707z\"\/>\r\n            <\/svg>\r\n        \r\n            <svg id=\"closeBtn\" class=\"model-icon\" width=\"34px\" height=\"34px\" viewBox=\"0 0 24 24\" xmlns=\"http:\/\/www.w3.org\/2000\/svg\">\r\n                <path fill=\"none\" stroke=\"#f2f2f2\" stroke-width=\"2\" d=\"M7,7 L17,17 M7,17 L17,7\"\/>\r\n            <\/svg>\r\n        \r\n        <\/div>\r\n        <\/div> \r\n\r\n        <!-- Model Viewer Style -->\r\n        <style>\r\n            \r\n            .wrapper_37928 .bp_model_parent, #bp_model_id_37928 {\r\n                width: 1150px;\r\n                max-width: 100%;\r\n                                            }\r\n            #bp_model_id_37928 {\r\n                height:700px;\r\n                background-color: #f9f9f9;\r\n            }\r\n            .fullscreen #bp_model_id_37928{\r\n            height: 100%;\r\n            width: 100%;\r\n            }\r\n            .wrapper_37928 .bp_model_parent{\r\n                justify-content: start            }\r\n            model-viewer.model {\r\n                --poster-color: transparent;\r\n            }\r\n        <\/style>\r\n        \r\n        \n<h4>KLAPKA PRZESUWNA TURNSTILE obj\u0119ta jest dwuletni\u0105 gwarancj\u0105 oraz trwa\u0142ym wsparciem w zakresie konserwacji i napraw.<\/h4>\n<p>Mo\u017cemy \u015bwiadczy\u0107 us\u0142ugi OEM i ODM. Wed\u0142ug r\u00f3\u017cnych projekt\u00f3w zewn\u0119trznych i schemat\u00f3w konfiguracji, standardowa cena bariery klapowej wynosi od 600 do 800 dolar\u00f3w.<\/p>\n<p>Przesuwna bramka obrotowa to wysokiej klasy bramka obrotowa z kontrol\u0105 dost\u0119pu o wyj\u0105tkowym wygl\u0105dzie zewn\u0119trznym i najlepszym efekcie wyciszenia. Ta przesuwna bramka obrotowa jest szeroko stosowana w miejscach o du\u017cej wysoko\u015bci, takich jak si\u0142ownie, budynki biurowe, lobby hotelowe itp. Ta przesuwna bramka obrotowa z serii Meteor jest bardzo poszukiwana przez klient\u00f3w, a jej stylowa i teksturowana konstrukcja zewn\u0119trzna zawiera elementy Meteor, dzi\u0119ki czemu ca\u0142a przesuwna bramka obrotowa wygl\u0105da idealnie zintegrowana z otoczeniem. Przesuwna bramka obrotowa jest przyst\u0119pna cenowo, a bramka z barier\u0105 klapow\u0105 ma najbardziej p\u0142ynn\u0105 pr\u0119dko\u015b\u0107 przejazdu. Przesuwna bramka obrotowa zosta\u0142a zaprojektowana specjalnie z my\u015bl\u0105 o <a href=\"https:\/\/en.wikipedia.org\/wiki\/Access_control\" target=\"_blank\" rel=\"noopener\">kontroli dost\u0119pu<\/a> dla pieszych i \u015brednim poziomie bezpiecze\u0144stwa w r\u00f3\u017cnych lokalizacjach.  <\/p>\n<p>  Zapewnia lepsze bezpiecze\u0144stwo dost\u0119pu dzi\u0119ki czujnikom, <a href=\"https:\/\/mairsturnstile.com\/what-is-flap-barrier.html\" target=\"_blank\" rel=\"noopener\">bramka barierowa klapy<\/a> ma \u015bwietne cechy, takie jak wy\u017csze bezpiecze\u0144stwo, elegancki wygl\u0105d i cicha praca, stabilna i p\u0142ynna praca, d\u0142uga \u017cywotno\u015b\u0107 itp.<\/p>\n<p>Mo\u017cemy r\u00f3wnie\u017c w ci\u0105gu kilku minut stworzy\u0107 dla Ciebie rendering na podstawie Twojego rzeczywistego scenariusza. Dostarczamy r\u00f3wnie\u017c szczeg\u00f3\u0142owe plany i rysunki, a tak\u017ce rysunki instalacyjne.<\/p>\n\n        \t\n\t<style type=\"text\/css\">\n\t\t.slider-info-37926.bafg-slider-info .bafg-slider-title {\n\t\t\t\t\t\tfont-size: 22px;\n\t\t\t\t\t\t\n\t\t\t\n\t\t\t\t\t}\n\n\t\t.slider-info-37926.bafg-slider-info .bafg-slider-description {\n\t\t\t\n\t\t\t\n\t\t\t\t\t}\n\n\t\t.slider-info-37926.bafg-slider-info .bafg_slider_readmore_button {\n\t\t\t\n\t\t\t\n\t\t\t\n\t\t\t\n\t\t\t\n\t\t\ttext-align: center;\n\n\t\t\t\n\t\t\t\n\t\t\t\n\t\t\t\n\t\t\t\n\t\t\t\n\t\t\t\t\t}\n\n\t\t.slider-info-37926.bafg-slider-info .bafg_slider_readmore_button:hover {\n\n\t\t\t\n\t\t\t\n\t\t\t\t\t}\n\n\t<\/style>\n\t\n        <div class=\"bafg-twentytwenty-container slider-37926 \" bafg-orientation=\"horizontal\" bafg-default-offset=\"0.5\" bafg-before-label=\"Before\" bafg-after-label=\"After\" bafg-overlay=\"yes\" bafg-move-slider-on-hover=\"yes\" bafg-click-to-move=\"no\">\n              \n            <img decoding=\"async\" class=\"skip-lazy\" src=\"http:\/\/mairsturnstile.com\/wp-content\/uploads\/2024\/07\/new-sliding-turnstile_1.jpg\" alt=\"\" data-skip-lazy title=\"\">\n            <img decoding=\"async\" class=\"skip-lazy\" src=\"http:\/\/mairsturnstile.com\/wp-content\/uploads\/2024\/07\/new-sliding-turnstile.jpg\" alt=\"\" data-skip-lazy title=\"\">\n           \n        <\/div>\n\n        \t<div class=\"bafg-slider-info-wraper\">\n\t\t<div style=\"\" class=\"slider-info-37926 bafg-slider-info\">\n\t\t\t\t\t<\/div>\n\t<\/div>\n\t\n        <style type=\"text\/css\">\n            \n        <\/style>\n        \n<ul>\n<li>Przesuwna bramka obrotowa s\u0142u\u017cy do kontrolowania os\u00f3b wchodz\u0105cych lub wychodz\u0105cych z obszaru o ograniczonym dost\u0119pie. Stosowane jest zazwyczaj w miejscach o du\u017cym nat\u0119\u017ceniu ruchu pieszego w obu kierunkach.<\/li>\n<li>Obudowa bariery przesuwnej wykonana jest ze szczotkowanej stali nierdzewnej 304, kt\u00f3ra tworzy jednolity i \u0142adny system wej\u015bciowy, kt\u00f3ry wtapia si\u0119 w wi\u0119kszo\u015b\u0107 wn\u0119trz.<\/li>\n<li>Mo\u017cna go zintegrowa\u0107 ze wszystkimi systemami kontroli dost\u0119pu innych firm (np.: systemem dost\u0119pu RFID, Push the Button, rozpoznawaniem linii papilarnych i twarzy ze sprawdzeniem temperatury).<\/li>\n<li>W sytuacji awaryjnej przesuwne rami\u0119 bramki obrotowej otworzy si\u0119 automatycznie, \u0142\u0105cz\u0105c si\u0119 z bateri\u0105 lub kondensatorem, aby umo\u017cliwi\u0107 swobodne przej\u015bcie.<\/li>\n<li>Optyczne ko\u0142owroty przesuwne nadaj\u0105 si\u0119 do luksusowych i eleganckich rozwi\u0105za\u0144 wej\u015bciowych.<\/li>\n<li>Bramka przesuwna charakteryzuje si\u0119 du\u017c\u0105 pr\u0119dko\u015bci\u0105, d\u0142ug\u0105 \u017cywotno\u015bci\u0105, wysok\u0105 wydajno\u015bci\u0105 i niezawodno\u015bci\u0105 dzia\u0142ania<\/li>\n<li>Funkcja alarmu w przypadku nielegalnego w\u0142amania i w\u0142amania odwrotnego.<\/li>\n<li>Czujnik podczerwieni uruchomi alarm, a dioda LED zacznie miga\u0107, aby zapobiec uszczypni\u0119ciu pieszych.<\/li>\n<li>Funkcja automatycznego resetowania: ramiona przesuwne zamkn\u0105 si\u0119 automatycznie w ci\u0105gu 5 sekund (domy\u015blnie mo\u017cna ustawi\u0107), je\u015bli pasa\u017cer si\u0119 sp\u00f3\u017ani<\/li>\n<li>Przesuwany ko\u0142owrotek pozostanie w zamku, je\u015bli kto\u015b b\u0119dzie chcia\u0142 si\u0119 w\u0142ama\u0107 bez przesuwania karty RFID.<\/li>\n<li>Kierunkowskaz LED na g\u00f3rnym i przednim s\u0142upku.<\/li>\n<li>Przyst\u0119pna cena bariery klapowej.<\/li>\n<li>Materia\u0142 obudowy: stal nierdzewna 304<\/li>\n<li>Funkcja zapobiegaj\u0105ca cofaniu, ko\u0142owrotek alarmuje, je\u015bli kto\u015b chce wej\u015b\u0107 w odwrotnym kierunku.<\/li>\n<li>Do wyboru jest bieg dwukierunkowy lub jednokierunkowy<\/li>\n<\/ul>\n<p>Mo\u017cemy zapewni\u0107 ca\u0142e rozwi\u0105zanie kontroli dost\u0119pu bezpiecze\u0144stwa. Je\u015bli posiadasz w\u0142asny system kontroli dost\u0119pu, mo\u017cesz bezpo\u015brednio skorzysta\u0107 z naszej bramki obrotowej. Je\u015bli go nie posiadasz, zapewniamy r\u00f3wnie\u017c kompletne rozwi\u0105zanie w zakresie kontroli dost\u0119pu. Aby uzyska\u0107 szczeg\u00f3\u0142owe informacje, zapoznaj si\u0119 z poni\u017cszym filmem.<\/p>\n<p><iframe title=\"Bramka przesuwna, bramka przesuwna, bramka przesuwna Super musi pe\u0142nej wysoko\u015bci - MairsTurnstile\" src=\"https:\/\/www.youtube.com\/embed\/NWiaz1Su7BI\" width=\"1150\" height=\"650\" frameborder=\"0\" allowfullscreen=\"allowfullscreen\"><\/iframe><\/p>\n","protected":false},"excerpt":{"rendered":"<p>1. Rozmiar: 1400 * 350 * 1000 mm (mo\u017cna dostosowa\u0107)<\/p>\n<p>2. Szeroko\u015b\u0107 pasa: 600 mm (mo\u017cna dostosowa\u0107)<\/p>\n<p>3. Pr\u0119dko\u015b\u0107 przejazdu: 40 os.\/min<\/p>\n<p>4. Zasilanie: 110 V\/220 V 50\/60 Hz<\/p>\n<p>5. Silnik nap\u0119dowy: 30 W\/40 W<\/p>\n<p>6. Sygna\u0142 otwarcia bramy: styk bezpr\u0105dowy\/przeka\u017anik<\/p>\n<p>7. Silnik nap\u0119dowy: DC24V<\/p>\n<p>8. Ko\u0142owr\u00f3t cenowy z barierk\u0105 klapow\u0105 Waga: 70 kg\/szt<\/p>\n<p>9. Wysoko\u015b\u0107 ramienia: 1200 mm<\/p>\n<p><span style=\"color: #0000ff;\"><strong><a style=\"color: #0000ff;\" title=\"Ko\u0142owr\u00f3t z barier\u0105 klapow\u0105 Mairs z certyfikatem CE\" href=\"http:\/\/mairsturnstile.com\/wp-content\/uploads\/2022\/09\/Mairs-CE-Certificate-Flap-Barrier-Turnstile.pdf\" target=\"_blank\" rel=\"noopener noreferrer\">Certyfikat CE,<\/a> <a style=\"color: #0000ff;\" title=\"Certyfikat Mairs ISO9001\" href=\"http:\/\/mairsturnstile.com\/wp-content\/uploads\/2022\/09\/Mairs-Registration-Certificate-ISO9001.pdf\" target=\"_blank\" rel=\"noopener noreferrer\">Certyfikat ISO9001.<\/a><\/strong><\/span><\/p>\n<p><a title=\"Broszura dotycz\u0105ca przesuwnych bramek obrotowych\" href=\"http:\/\/mairsturnstile.com\/wp-content\/uploads\/2024\/03\/Sliding-turnstile-MT227-brochure.pdf\" target=\"  rel=\" rel=\"noopener\"><img decoding=\"async\" class=\"alignnone size-full wp-image-11034\" src=\"http:\/\/mairsturnstile.com\/wp-content\/uploads\/2022\/09\/pdf-MairsTurnstile.png\" alt=\"\" width=\"32\" height=\"32\"><span style=\"color: #0000ff;\"><strong>Bramka obrotowa przesuwna MT227 Broszura<\/strong><\/span><\/a><\/p>\n","protected":false},"featured_media":58850,"comment_status":"closed","ping_status":"closed","template":"","meta":{"neve_meta_sidebar":"","neve_meta_container":"","neve_meta_enable_content_width":"off","neve_meta_content_width":0,"neve_meta_title_alignment":"","neve_meta_author_avatar":"","neve_post_elements_order":"","neve_meta_disable_header":"","neve_meta_disable_footer":"","neve_meta_disable_title":"","_ti_tpc_template_sync":false,"_ti_tpc_template_id":""},"product_cat":[2034,2035],"product_tag":[3276,2073,2060,2777,2056,2062,3275,2775],"class_list":["post-34631","product","type-product","status-publish","has-post-thumbnail","hentry","product_cat-kolowroty-bezpieczenstwa","product_cat-przesuwny-kolowrotek","product_tag-bariera-klapowa-przesuwny-kolowrot","product_tag-full-height-sliding-turnstile-pl","product_tag-ile-kosztuje-kolowrotek","product_tag-kolowrotek-z-brama-przesuwna","product_tag-kolowrotki-gimnastyczne","product_tag-koszt-kolowrotu","product_tag-przesuwna-bramka-obrotowa","product_tag-przesuwny-kolowrot"],"_links":{"self":[{"href":"https:\/\/mairsturnstile.com\/pl\/wp-json\/wp\/v2\/product\/34631","targetHints":{"allow":["GET"]}}],"collection":[{"href":"https:\/\/mairsturnstile.com\/pl\/wp-json\/wp\/v2\/product"}],"about":[{"href":"https:\/\/mairsturnstile.com\/pl\/wp-json\/wp\/v2\/types\/product"}],"replies":[{"embeddable":true,"href":"https:\/\/mairsturnstile.com\/pl\/wp-json\/wp\/v2\/comments?post=34631"}],"version-history":[{"count":0,"href":"https:\/\/mairsturnstile.com\/pl\/wp-json\/wp\/v2\/product\/34631\/revisions"}],"wp:featuredmedia":[{"embeddable":true,"href":"https:\/\/mairsturnstile.com\/pl\/wp-json\/wp\/v2\/media\/58850"}],"wp:attachment":[{"href":"https:\/\/mairsturnstile.com\/pl\/wp-json\/wp\/v2\/media?parent=34631"}],"wp:term":[{"taxonomy":"product_cat","embeddable":true,"href":"https:\/\/mairsturnstile.com\/pl\/wp-json\/wp\/v2\/product_cat?post=34631"},{"taxonomy":"product_tag","embeddable":true,"href":"https:\/\/mairsturnstile.com\/pl\/wp-json\/wp\/v2\/product_tag?post=34631"}],"curies":[{"name":"wp","href":"https:\/\/api.w.org\/{rel}","templated":true}]}}