{"id":34632,"date":"2020-09-13T00:31:47","date_gmt":"2020-09-12T16:31:47","guid":{"rendered":"https:\/\/mairsturnstile.com\/product\/automatyczne-bariery-klapowe-mt246"},"modified":"2026-05-10T11:25:13","modified_gmt":"2026-05-10T03:25:13","slug":"automatyczne-kolowroty","status":"publish","type":"product","link":"https:\/\/mairsturnstile.com\/pl\/produkt\/automatyczne-kolowroty","title":{"rendered":"AUTOMATYCZNE BARIERY KLAPOWE MT246"},"content":{"rendered":"        <!-- 3D Model html -->\r\n        <div class=\"bp_grand wrapper_27681\">   \r\n        <div class=\"bp_model_parent\">\r\n            <model-viewer class=\"model\" id=\"bp_model_id_27681\" src=\"http:\/\/mairsturnstile.com\/wp-content\/uploads\/2023\/08\/MT246.glb\" alt=\"MT246\" camera-controls  loading=\"auto\" auto-rotate                        >\r\n            <\/model-viewer>\r\n        \r\n            <!-- Button -->\r\n            <svg id=\"openBtn\" width=\"30px\" height=\"30px\" viewBox=\"0 0 16 16\" xmlns=\"http:\/\/www.w3.org\/2000\/svg\" fill=\"#f2f2f2\" class=\"bi bi-arrows-fullscreen model-icon\">\r\n                <path fill-rule=\"evenodd\" d=\"M5.828 10.172a.5.5 0 0 0-.707 0l-4.096 4.096V11.5a.5.5 0 0 0-1 0v3.975a.5.5 0 0 0 .5.5H4.5a.5.5 0 0 0 0-1H1.732l4.096-4.096a.5.5 0 0 0 0-.707zm4.344 0a.5.5 0 0 1 .707 0l4.096 4.096V11.5a.5.5 0 1 1 1 0v3.975a.5.5 0 0 1-.5.5H11.5a.5.5 0 0 1 0-1h2.768l-4.096-4.096a.5.5 0 0 1 0-.707zm0-4.344a.5.5 0 0 0 .707 0l4.096-4.096V4.5a.5.5 0 1 0 1 0V.525a.5.5 0 0 0-.5-.5H11.5a.5.5 0 0 0 0 1h2.768l-4.096 4.096a.5.5 0 0 0 0 .707zm-4.344 0a.5.5 0 0 1-.707 0L1.025 1.732V4.5a.5.5 0 0 1-1 0V.525a.5.5 0 0 1 .5-.5H4.5a.5.5 0 0 1 0 1H1.732l4.096 4.096a.5.5 0 0 1 0 .707z\"\/>\r\n            <\/svg>\r\n        \r\n            <svg id=\"closeBtn\" class=\"model-icon\" width=\"34px\" height=\"34px\" viewBox=\"0 0 24 24\" xmlns=\"http:\/\/www.w3.org\/2000\/svg\">\r\n                <path fill=\"none\" stroke=\"#f2f2f2\" stroke-width=\"2\" d=\"M7,7 L17,17 M7,17 L17,7\"\/>\r\n            <\/svg>\r\n        \r\n        <\/div>\r\n        <\/div> \r\n\r\n        <!-- Model Viewer Style -->\r\n        <style>\r\n            \r\n            .wrapper_27681 .bp_model_parent, #bp_model_id_27681 {\r\n                width: 1150px;\r\n                max-width: 100%;\r\n                                            }\r\n            #bp_model_id_27681 {\r\n                height:700px;\r\n                background-color: #f9f9f9;\r\n            }\r\n            .fullscreen #bp_model_id_27681{\r\n            height: 100%;\r\n            width: 100%;\r\n            }\r\n            .wrapper_27681 .bp_model_parent{\r\n                justify-content: start            }\r\n            model-viewer.model {\r\n                --poster-color: transparent;\r\n            }\r\n        <\/style>\r\n        \r\n        \n<p>Zautomatyzowane obrotnice FLAP BARRIER s\u0105 obj\u0119te 2-letni\u0105 gwarancj\u0105 oraz trwa\u0142ym wsparciem w zakresie konserwacji i napraw. Zaprojektowane z my\u015bl\u0105 o architekturze, automatyczne bramki obrotowe dla \u015brodowisk korporacyjnych \u2013 automatyka, na kt\u00f3rej mo\u017cesz polega\u0107. Bramki z nap\u0119dem serwo, otwieraj\u0105ce si\u0119 po uwierzytelnieniu; mo\u017cliwo\u015b\u0107 personalizacji wyko\u0144czenia, integracja z systemami RFID i biometrycznymi, sygnalizacja \u015bwietlna LED. Nowoczesne \u015brodowiska korporacyjne wymagaj\u0105 rozwi\u0105za\u0144 kontroli dost\u0119pu, kt\u00f3re s\u0105 r\u00f3wnie wyrafinowane, co przestrzenie, kt\u00f3rych strzeg\u0105. Nasze automatyczne bramki obrotowe \u0142\u0105cz\u0105 architektoniczn\u0105 elegancj\u0119 z inteligentn\u0105 automatyk\u0105 opart\u0105 na nap\u0119dach serwo. Po przedstawieniu wa\u017cnego po\u015bwiadczenia \u2013 karty RFID, skanu twarzy, kodu QR lub identyfikatora mobilnego \u2013 bramki otwieraj\u0105 si\u0119 bezg\u0142o\u015bnie, udzielaj\u0105c dost\u0119pu w czasie kr\u00f3tszym ni\u017c jedna sekunda. Dzi\u0119ki przepustowo\u015bci wynosz\u0105cej 30\u201345 os\u00f3b na minut\u0119 oraz mo\u017cliwo\u015bci dwukierunkowego zarz\u0105dzania ruchem, eliminuj\u0105 one zatory, zachowuj\u0105c jednocze\u015bnie najwy\u017csz\u0105 estetyk\u0119. Idealne rozwi\u0105zanie dla siedzib g\u0142\u00f3wnych firm, luksusowych hoteli oraz wie\u017cowc\u00f3w biurowych o du\u017cym nat\u0119\u017ceniu ruchu w ca\u0142ych Stanach Zjednoczonych.    <\/p>\n<p>Mo\u017cemy \u015bwiadczy\u0107 us\u0142ugi OEM i ODM. Producent przesuwnych bramek obrotowych (OEM\/ODM) \u2014 automatyczne bramki na zam\u00f3wienie, wykonane zgodnie z Pa\u0144stwa specyfikacj\u0105: niestandardowa szeroko\u015b\u0107 przej\u015bcia (do 1200 mm \/ zgodno\u015b\u0107 z normami ADA), wyko\u0144czenia w palecie RAL oraz branding. Niskie minimalne zam\u00f3wienie (MOQ), eksport globalny. Automatyczne bramki na zam\u00f3wienie \u2014 dostosowane szeroko\u015bci, wyko\u0144czenia i integracja z systemami kontroli dost\u0119pu; szerokie przej\u015bcia (do 1200 mm) zgodne z normami ADA; malowanie proszkowe w palecie RAL i branding; globalna produkcja OEM\/ODM z niskim MOQ; testy fabryczne oraz logistyka eksportowa dostosowana do rynku ameryka\u0144skiego.   Dostarczamy r\u00f3wnie\u017c urz\u0105dzenia biometryczne, takie jak czytniki kart IC\/ID, skanery linii papilarnych, skanery kod\u00f3w QR, kamery rozpoznaj\u0105ce twarz i tak dalej. Architektoniczne, automatyczne bramki obrotowe, wykonane z eleganckiej stali nierdzewnej i szk\u0142a hartowanego. Wielokrotnie nagradzane wzornictwo, cichy nap\u0119d serwo, czujniki zapobiegaj\u0105ce nieuprawnionemu przej\u015bciu (anti-tailgating). Bezp\u0142atna konsultacja projektowa bezpo\u015brednio od producenta. Wysoce bezpieczna, automatyczna bramka obrotowa z opatentowanym systemem detekcji nieuprawnionych przej\u015b\u0107 (ponad 12 czujnik\u00f3w IR). Przepustowo\u015b\u0107 30\u201360 os\u00f3b na minut\u0119, nap\u0119d serwomotorowy, certyfikaty UL\/CE.    <\/p>\n<p>Automatyczne bramki obrotowe, kt\u00f3re podnosz\u0105 estetyk\u0119 budynk\u00f3w \u2014 bramki z wyko\u0144czeniem Red Dot Level, Harmonizacja bezpiecze\u0144stwa z architektur\u0105 \u2014 szk\u0142o gi\u0119te, stal nierdzewna szczotkowana i wyko\u0144czenia RAL, Dlaczego architekci i projektanci wn\u0119trz wybieraj\u0105 nasze automatyczne bramki obrotowe, Pierwsze wra\u017cenie definiuje mark\u0119. Nasze automatyczne bramki obrotowe zosta\u0142y zaprojektowane tak, aby pasowa\u0142y do \u200b\u200bnajbardziej wymagaj\u0105cych \u015brodowisk architektonicznych. Wyposa\u017cone w obudowy ze stali nierdzewnej SUS304 z wyko\u0144czeniem szczotkowanym, zakrzywione panele ze szk\u0142a hartowanego i opcjonaln\u0105 pow\u0142ok\u0119 proszkow\u0105 RAL, te designerskie bramki obrotowe zapewniaj\u0105 bezpiecze\u0144stwo od pod\u0142ogi do sufitu bez ograniczania widoczno\u015bci.  <\/p>\n<h3>Czym s\u0105 automatyczne ko\u0142owroty?<\/h3>\n<p><strong>Zautomatyzowane ko\u0142owroty (automatyczne ko\u0142owroty) to rodzaj wyposa\u017cenia bramki obrotowej dla pieszych, nap\u0119dzanej silnikiem. Nazywa si\u0119 je r\u00f3wnie\u017c bramkami elektrycznymi. W por\u00f3wnaniu z r\u0119czn\u0105 bramk\u0105 obrotow\u0105, wszystkie operacje automatycznej bramki obrotowej s\u0105 nap\u0119dzane przez silnik, a automatyczna bramka obrotowa ma wy\u017cszy wsp\u00f3\u0142czynnik bezpiecze\u0144stwa i wiarygodno\u015b\u0107.<\/strong> Zautomatyzowane ko\u0142owroty maj\u0105 zalety profesjonalnego i dobrze wygl\u0105daj\u0105cego wygl\u0105du, szybkiego przej\u015bcia, nielegalnych alarm\u00f3w u\u017cytkownika i tak dalej. Wi\u0119kszo\u015b\u0107 naszych bramek obrotowych to w pe\u0142ni automatyczne bramki obrotowe. Je\u015bli potrzebuj\u0105 Pa\u0144stwo innych modeli automatycznych bramek obrotowych, prosimy <a href=\"https:\/\/mairsturnstile.com\/contact\">o kontakt<\/a>.<\/p>\n<h3>Automatyczne ko\u0142owroty Zasada:<\/h3>\n<p>Oczywi\u015bcie automatyczne ko\u0142owroty b\u0119d\u0105 wyposa\u017cone w silnik. Po uzyskaniu przez u\u017cytkownika pozwolenia na dost\u0119p silnik obraca dr\u0105\u017cek hamulca o oko\u0142o 15\u00b0 w celu odblokowania, zach\u0119caj\u0105c przechodnia do przej\u015bcia. Kiedy przechodzie\u0144 dotknie dr\u0105\u017cka hamulca, ko\u0142owrotek wyczuje, \u017ce przechodzie\u0144 chce przej\u015b\u0107, wi\u0119c g\u0142\u00f3wny sterownik steruje silnikiem, aby ponownie wprawi\u0107 dr\u0105\u017cek hamulca w obr\u00f3t, dzi\u0119ki czemu spacerowicze p\u0142ynnie przechodz\u0105 wzd\u0142u\u017c kierunku przej\u015bcia.<\/p>\n<p>Gdy dr\u0105\u017cek bramy obr\u00f3ci si\u0119 o 120\u00b0, uk\u0142ad nap\u0119dowy bramki obrotowej zostanie automatycznie zablokowany, a licznik w kierunku przej\u015bcia automatycznie zwi\u0119kszy si\u0119 o 1. Jednocze\u015bnie mo\u017ce realizowa\u0107 automatyczny spadek pr\u0119ta po awarii zasilania, a moc silnika powoduje obr\u00f3t pr\u0119ta bramy, aby zrealizowa\u0107 automatyczne \u0142adowanie pr\u0119ta po w\u0142\u0105czeniu zasilania, co jest bardzo wygodne w u\u017cyciu. Kompaktowy, automatyczny ko\u0142owr\u00f3t z w\u0105sk\u0105 obudow\u0105 o szeroko\u015bci 280 mm (o 45% w\u0119\u017csz\u0105). Wyposa\u017cony w serwomotor, system zapobiegaj\u0105cy nieuprawnionemu przej\u015bciu (anti-tailgating) oraz pe\u0142n\u0105 integracj\u0119 z systemami kontroli dost\u0119pu. Idealny do sklep\u00f3w detalicznych i bocznych wej\u015b\u0107 do budynk\u00f3w. Przeno\u015bny ko\u0142owr\u00f3t automatyczny, osadzony na podstawie przystosowanej do transportu w\u00f3zkiem wid\u0142owym. Gotowy do u\u017cycia w 30 minut \u2013 nie wymaga wykonywania wykop\u00f3w. Zasilany akumulatorowo lub energi\u0105 s\u0142oneczn\u0105. Doskona\u0142y do \u200b\u200bzabezpieczania plac\u00f3w budowy oraz stref obwodowych podczas wydarze\u0144.      <\/p>\n<p>Mo\u017cemy r\u00f3wnie\u017c w ci\u0105gu kilku minut stworzy\u0107 dla Ciebie rendering na podstawie Twojego rzeczywistego scenariusza. Dostarczamy r\u00f3wnie\u017c szczeg\u00f3\u0142owe plany i rysunki, a tak\u017ce rysunki instalacyjne.<\/p>\n\n        \t\n\t<style type=\"text\/css\">\n\t\t.slider-info-27682.bafg-slider-info .bafg-slider-title {\n\t\t\t\t\t\tfont-size: 22px;\n\t\t\t\t\t\t\n\t\t\t\n\t\t\t\t\t}\n\n\t\t.slider-info-27682.bafg-slider-info .bafg-slider-description {\n\t\t\t\n\t\t\t\n\t\t\t\t\t}\n\n\t\t.slider-info-27682.bafg-slider-info .bafg_slider_readmore_button {\n\t\t\t\n\t\t\t\n\t\t\t\n\t\t\t\n\t\t\t\n\t\t\ttext-align: center;\n\n\t\t\t\n\t\t\t\n\t\t\t\n\t\t\t\n\t\t\t\n\t\t\t\n\t\t\t\t\t}\n\n\t\t.slider-info-27682.bafg-slider-info .bafg_slider_readmore_button:hover {\n\n\t\t\t\n\t\t\t\n\t\t\t\t\t}\n\n\t<\/style>\n\t\n        <div class=\"bafg-twentytwenty-container slider-27682 \" bafg-orientation=\"horizontal\" bafg-default-offset=\"0.5\" bafg-before-label=\"Before\" bafg-after-label=\"After\" bafg-overlay=\"yes\" bafg-move-slider-on-hover=\"yes\" bafg-click-to-move=\"no\">\n              \n            <img decoding=\"async\" class=\"skip-lazy\" src=\"http:\/\/mairsturnstile.com\/wp-content\/uploads\/2023\/08\/automated-turnstiles_4.jpg\" alt=\"\" data-skip-lazy title=\"\">\n            <img decoding=\"async\" class=\"skip-lazy\" src=\"http:\/\/mairsturnstile.com\/wp-content\/uploads\/2023\/08\/automated-turnstiles_5.jpg\" alt=\"\" data-skip-lazy title=\"\">\n           \n        <\/div>\n\n        \t<div class=\"bafg-slider-info-wraper\">\n\t\t<div style=\"\" class=\"slider-info-27682 bafg-slider-info\">\n\t\t\t\t\t<\/div>\n\t<\/div>\n\t\n        <style type=\"text\/css\">\n            \n        <\/style>\n        \n<p>Automatyczne bramki obrotowe z klapk\u0105 s\u0105 idealnym rozwi\u0105zaniem dla stacji metra, stadion\u00f3w, fabryk lub budynk\u00f3w komercyjnych. <a href=\"https:\/\/mairsturnstile.com\/what-is-flap-barrier.html\">Bariera klapowa<\/a> jest dobrze przystosowana do wej\u015b\u0107 i wyj\u015b\u0107 z budynk\u00f3w lub plac\u00f3w budowy, aby pom\u00f3c w \u015bledzeniu pracownik\u00f3w i odwiedzaj\u0105cych. Tylko autoryzowani u\u017cytkownicy s\u0105 w stanie uzyska\u0107 dost\u0119p do okre\u015blonych obszar\u00f3w przez<strong> automatyczn\u0105 bramk\u0119 obrotow\u0105 z barier\u0105 klapow\u0105<\/strong>. Aby zapewni\u0107 elastyczno\u015b\u0107, dost\u0119pne s\u0105 technologie <a href=\"https:\/\/en.wikipedia.org\/wiki\/Radio-frequency_identification\" target=\"_blank\" rel=\"noopener\">RFID<\/a>, weryfikacji odcisk\u00f3w palc\u00f3w, rozpoznawania twarzy z kontrol\u0105 temperatury i weryfikacji \u017cy\u0142.<\/p>\n<ul>\n<li>Automatyczne ko\u0142owroty z barier\u0105 klapow\u0105 s\u0105 skonstruowane w celu kontrolowania os\u00f3b wchodz\u0105cych i wychodz\u0105cych z obszaru o ograniczonym dost\u0119pie. Stosowane jest zazwyczaj w miejscach o du\u017cym nat\u0119\u017ceniu ruchu pieszego w obu kierunkach.<\/li>\n<li>Obudowa automatycznych ko\u0142owrot\u00f3w z barier\u0105 klapow\u0105 wykonana jest ze szczotkowanej stali nierdzewnej 304, kt\u00f3ra tworzy jednolity i \u0142adny system wej\u015bciowy, kt\u00f3ry wtapia si\u0119 w wi\u0119kszo\u015b\u0107 \u015brodowisk wewn\u0119trznych.<\/li>\n<li>Mo\u017cna go zintegrowa\u0107 ze wszystkimi systemami kontroli dost\u0119pu innych firm (np.: systemem dost\u0119pu RFID, Push the Button, rozpoznawaniem linii papilarnych i twarzy ze sprawdzeniem temperatury).<\/li>\n<li>W sytuacji awaryjnej rami\u0119 przesuwnego ko\u0142owrotu otworzy si\u0119 automatycznie, \u0142\u0105cz\u0105c si\u0119 z akumulatorem lub kondensatorem, aby umo\u017cliwi\u0107 swobodny przep\u0142yw.<\/li>\n<li>Automatyczne ko\u0142owroty z barier\u0105 optyczn\u0105 nadaj\u0105 si\u0119 do luksusowych i eleganckich rozwi\u0105za\u0144 wej\u015bciowych.<\/li>\n<li>Przesuwany ko\u0142owrotek charakteryzuje si\u0119 du\u017c\u0105 szybko\u015bci\u0105, d\u0142ug\u0105 \u017cywotno\u015bci\u0105, wysok\u0105 wydajno\u015bci\u0105 i wysok\u0105 niezawodno\u015bci\u0105 dzia\u0142ania<\/li>\n<li> Funkcja alarmu w przypadku nielegalnego w\u0142amania i w\u0142amania odwrotnego.<\/li>\n<li>Czujnik podczerwieni uruchomi alarm, a dioda LED zacznie miga\u0107, aby zapobiec uszczypni\u0119ciu pieszych.<\/li>\n<li>Funkcja automatycznego resetowania: ramiona przesuwne zamkn\u0105 si\u0119 automatycznie w ci\u0105gu 5 sekund (domy\u015blnie mo\u017cna ustawi\u0107), je\u015bli pasa\u017cer si\u0119 sp\u00f3\u017ani<\/li>\n<li>Ko\u0142owroty z barier\u0105 klapow\u0105 pozostan\u0105 w zamku, je\u015bli kto\u015b b\u0119dzie chcia\u0142 si\u0119 w\u0142ama\u0107 bez przesuwania karty RFID.<\/li>\n<li>Kierunkowskaz LED na g\u00f3rnym i przednim s\u0142upku<\/li>\n<li>Funkcja zapobiegaj\u0105ca cofaniu, ko\u0142owrotek alarmuje, je\u015bli kto\u015b chce wej\u015b\u0107 w odwrotnym kierunku.<\/li>\n<li>Do wyboru jest bieg dwukierunkowy lub jednokierunkowy<\/li>\n<\/ul>\n<p>Mo\u017cemy zapewni\u0107 ca\u0142e rozwi\u0105zanie kontroli dost\u0119pu bezpiecze\u0144stwa. Je\u015bli posiadasz w\u0142asny system kontroli dost\u0119pu, mo\u017cesz bezpo\u015brednio skorzysta\u0107 z naszej bramki obrotowej. Je\u015bli go nie posiadasz, zapewniamy r\u00f3wnie\u017c kompletne rozwi\u0105zanie w zakresie kontroli dost\u0119pu. Aby uzyska\u0107 szczeg\u00f3\u0142owe informacje, zapoznaj si\u0119 z poni\u017cszym filmem.<\/p>\n<p><iframe title=\"Bramka przesuwna, bramka przesuwna, bramka przesuwna Super musi pe\u0142nej wysoko\u015bci - MairsTurnstile\" src=\"https:\/\/www.youtube.com\/embed\/NWiaz1Su7BI\" width=\"1150\" height=\"650\" frameborder=\"0\" allowfullscreen=\"allowfullscreen\"><\/iframe><\/p>\n","protected":false},"excerpt":{"rendered":"<p>1. Rozmiar: 1400 * 350 * 1000 mm (mo\u017cna dostosowa\u0107)<\/p>\n<p>2. Szeroko\u015b\u0107 pasa: 600 mm (mo\u017cna dostosowa\u0107)<\/p>\n<p>3. Pr\u0119dko\u015b\u0107 przejazdu: 40 os.\/min<\/p>\n<p>4. Zasilanie: 110 V\/220 V 50\/60 Hz<\/p>\n<p>5. Silnik nap\u0119dowy: 30 W\/40 W<\/p>\n<p>6. Sygna\u0142 otwarcia bramy: styk bezpr\u0105dowy\/przeka\u017anik<\/p>\n<p>7. Silnik nap\u0119dowy: DC24V<\/p>\n<p>8. Ko\u0142owroty z barierk\u0105 klapow\u0105 Waga: 70 kg\/szt<\/p>\n<p>9. Wysoko\u015b\u0107 ramienia: 1200 mm (mo\u017cna dostosowa\u0107)<\/p>\n<p><span style=\"color: #fcaf3b;\"><strong><a style=\"color: #fcaf3b;\" title=\"Ko\u0142owr\u00f3t z barier\u0105 klapow\u0105 Mairs z certyfikatem CE\" href=\"http:\/\/mairsturnstile.com\/wp-content\/uploads\/2022\/09\/Mairs-CE-Certificate-Flap-Barrier-Turnstile.pdf\" target=\"_blank\" rel=\"noopener noreferrer\">Certyfikat CE,<\/a> <a style=\"color: #fcaf3b;\" title=\"Certyfikat Mairs ISO9001\" href=\"http:\/\/mairsturnstile.com\/wp-content\/uploads\/2022\/09\/Mairs-Registration-Certificate-ISO9001.pdf\" target=\"_blank\" rel=\"noopener noreferrer\">Certyfikat ISO9001.<\/a><\/strong><\/span><\/p>\n<p><a title=\"Broszura dotycz\u0105ca przesuwnych bramek obrotowych\" href=\"https:\/\/mairsturnstile-online.com\/flipbook\/mt245-sliding-turnstile-brochure\" target=\"  rel=\" rel=\"noopener\"><span style=\"color: #fcaf3b;\"><strong>Download Sliding Turnstile Gate MT245 Brochure<\/strong><\/span><\/a><\/p>\n","protected":false},"featured_media":27630,"comment_status":"closed","ping_status":"closed","template":"","meta":{"neve_meta_sidebar":"","neve_meta_container":"","neve_meta_enable_content_width":"off","neve_meta_content_width":0,"neve_meta_title_alignment":"","neve_meta_author_avatar":"","neve_post_elements_order":"","neve_meta_disable_header":"","neve_meta_disable_footer":"","neve_meta_disable_title":"","_ti_tpc_template_sync":false,"_ti_tpc_template_id":""},"product_cat":[2034,2035],"product_tag":[2781,2088,2180,2183,2075,2079,2056],"class_list":["post-34632","product","type-product","status-publish","has-post-thumbnail","hentry","product_cat-kolowroty-bezpieczenstwa","product_cat-przesuwny-kolowrotek","product_tag-automatyczne-kolowroty","product_tag-automatyczny-kolowrotek","product_tag-bramka-barierowa-klapowa","product_tag-bramka-obrotowa-z-bariera-klapowa","product_tag-bramka-obrotowa-z-klapa","product_tag-bramki-wejsciowe-kolowrotu","product_tag-kolowrotki-gimnastyczne"],"_links":{"self":[{"href":"https:\/\/mairsturnstile.com\/pl\/wp-json\/wp\/v2\/product\/34632","targetHints":{"allow":["GET"]}}],"collection":[{"href":"https:\/\/mairsturnstile.com\/pl\/wp-json\/wp\/v2\/product"}],"about":[{"href":"https:\/\/mairsturnstile.com\/pl\/wp-json\/wp\/v2\/types\/product"}],"replies":[{"embeddable":true,"href":"https:\/\/mairsturnstile.com\/pl\/wp-json\/wp\/v2\/comments?post=34632"}],"version-history":[{"count":1,"href":"https:\/\/mairsturnstile.com\/pl\/wp-json\/wp\/v2\/product\/34632\/revisions"}],"predecessor-version":[{"id":73034,"href":"https:\/\/mairsturnstile.com\/pl\/wp-json\/wp\/v2\/product\/34632\/revisions\/73034"}],"wp:featuredmedia":[{"embeddable":true,"href":"https:\/\/mairsturnstile.com\/pl\/wp-json\/wp\/v2\/media\/27630"}],"wp:attachment":[{"href":"https:\/\/mairsturnstile.com\/pl\/wp-json\/wp\/v2\/media?parent=34632"}],"wp:term":[{"taxonomy":"product_cat","embeddable":true,"href":"https:\/\/mairsturnstile.com\/pl\/wp-json\/wp\/v2\/product_cat?post=34632"},{"taxonomy":"product_tag","embeddable":true,"href":"https:\/\/mairsturnstile.com\/pl\/wp-json\/wp\/v2\/product_tag?post=34632"}],"curies":[{"name":"wp","href":"https:\/\/api.w.org\/{rel}","templated":true}]}}