{"id":34723,"date":"2021-04-27T18:38:38","date_gmt":"2021-04-27T10:38:38","guid":{"rendered":"https:\/\/mairsturnstile.com\/product\/sprzedam-mechanizm-bariery-klapowej-mt250"},"modified":"2023-11-14T09:03:38","modified_gmt":"2023-11-14T01:03:38","slug":"mechanizm-bariery-klapowej","status":"publish","type":"product","link":"https:\/\/mairsturnstile.com\/pl\/produkt\/mechanizm-bariery-klapowej","title":{"rendered":"SPRZEDAM MECHANIZM BARIERY KLAPOWEJ MT250"},"content":{"rendered":"<h2>Mechanizm bariery klapowej, automatyczny mechanizm bariery klapowej na sprzeda\u017c.<\/h2>\n<h3>Mairs oferuje najwy\u017cszej jako\u015bci mechanizm do ko\u0142owrot\u00f3w z barier\u0105 klapow\u0105. Najlepszy mechanizm bariery klapowej.<\/h3>\n<p>Specjalna konstrukcja mechanizmu bariery klapowej oraz kompaktowa konstrukcja elektryczna i mechaniczna z unikalnym nap\u0119dem zapewniaj\u0105 trwa\u0142o\u015b\u0107 i cich\u0105 prac\u0119 produktu, a jego mechanizm samoblokuj\u0105cy mo\u017ce r\u00f3wnie\u017c chroni\u0107 bezpiecze\u0144stwo kontroli dost\u0119pu. Mechanizm bariery klapowej Mairs ma automatyczne wykrywanie, automatyczne wykrywanie usterek, jest wygodny w konserwacji i obs\u0142udze przez u\u017cytkownika. Ten <a href=\"https:\/\/mairsturnstile.com\/turnstile-mechanism.html\" target=\"_blank\" rel=\"noopener\">mechanizm ko\u0142owrotu<\/a> z barier\u0105 klapow\u0105 mo\u017cna zastosowa\u0107 we wszystkich systemach <a href=\"https:\/\/en.wikipedia.org\/wiki\/Access_control\" target=\"_blank\" rel=\"noopener\">kontroli dost\u0119pu<\/a>, interfejsie wej\u015bciowym dla styku bezpr\u0105dowego i z\u0142\u0105czu sygna\u0142u prze\u0142\u0105czaj\u0105cego. Dlatego klienci mog\u0105 integrowa\u0107 r\u00f3\u017cne systemy, takie jak czytniki kart, systemy biletowe, systemy token\u00f3w i tak dalej. Oczywi\u015bcie z funkcjami awaryjnymi, mo\u017cna go zintegrowa\u0107 z urz\u0105dzeniami przeciwpo\u017carowymi w celu bezpiecznego zwolnienia w sytuacji awaryjnej.<\/p>\n<h4>Mechanizm bariery klapowej jest jednym z podstawowych element\u00f3w bramki obrotowej z barier\u0105 klapow\u0105, a mechanizm bariery klapowej steruje bramk\u0105 obrotow\u0105 poprzez kontrolowanie ruchu ramienia skrzyd\u0142owego.<\/h4>\n<p>Mechanizm bariery klapowej bramki obrotowej klapy jest rdzeniem ca\u0142ej bramki obrotowej. Jako\u015b\u0107 dzia\u0142ania mechanizmu bariery klapowej okre\u015bla jako\u015b\u0107 bramki obrotowej z barier\u0105 klapow\u0105, ale awaria bramki obrotowej z barier\u0105 klapow\u0105 jest r\u00f3wnie\u017c powi\u0105zana z mechanizmem. Tylko prawid\u0142owa metoda u\u017cytkowania i w\u0142a\u015bciwa konserwacja s\u0105 kluczem do zapewnienia \u017cywotno\u015bci bramki obrotowej z barier\u0105 klapow\u0105. Jest to r\u00f3wnie\u017c metoda poprawy og\u00f3lnej \u017cywotno\u015bci <a href=\"https:\/\/mairsturnstile.com\/what-is-flap-barrier.html\">bariery klapowej<\/a>.<\/p>\n<p><strong>Cechy:<\/strong><\/p>\n<ol>\n<li>Kompaktowa konstrukcja CNC z unikalnym nap\u0119dem i mechanizmem samoblokuj\u0105cym.<\/li>\n<li>Automatyczne wykrywanie usterek.<\/li>\n<li>Interfejs wej\u015bciowy mo\u017ce by\u0107 u\u017cywany do pod\u0142\u0105czenia sygna\u0142u bezpr\u0105dowego i sygna\u0142u prze\u0142\u0105czaj\u0105cego.<\/li>\n<li>Regulowane automatyczne otwieranie i zamykanie.<\/li>\n<li>Fotokom\u00f3rka na podczerwie\u0144 zapewniaj\u0105ca bezpieczne przej\u015bcie.<\/li>\n<li>Alarm w przypadku nieuprawnionego i zabronionego przep\u0142ywu pasa\u017cer\u00f3w.<\/li>\n<li>Zamiast tego podaj pi\u0142k\u0119.<\/li>\n<li>W\u0142\u0105czaj i wy\u0142\u0105czaj automatycznie.<\/li>\n<li>Automatyczne otwieranie i swobodny dost\u0119p po wy\u0142\u0105czeniu.<\/li>\n<li>Regulowany kierunek wej\u015bcia.<\/li>\n<li>Zapewnij interfejs awaryjny.<\/li>\n<li>Sygnalizacja \u015bwietlna umo\u017cliwiaj\u0105ca pasa\u017cerom wej\u015bcie.<\/li>\n<li>Z\u0142\u0105cze wej\u015bciowe: Sygna\u0142 poziomu +12 V lub szeroki impuls&gt;100ms Sygna\u0142 impulsowy, pr\u0105d&gt;100ms<\/li>\n<\/ol>\n","protected":false},"excerpt":{"rendered":"<p>1. Moc: AC220V \u00b1 10 V, 50\/60 Hz;<\/p>\n<p>2. Temperatura pracy: -45 \u2103 -60 \u2103<\/p>\n<p>3. Wilgotno\u015b\u0107 wzgl\u0119dna: \u226495%, bez kondensacji<\/p>\n<p>4. Szeroko\u015b\u0107 przej\u015bcia: 550 mm (dostosowana)<\/p>\n<p>5. Silnik: bezszczotkowy silnik pr\u0105du sta\u0142ego, 140 W\/24 V<\/p>\n<p>6. Czas otwierania i zamykania bramy: \u2264 0,4 s<\/p>\n<p>7. Czujniki podczerwieni: 9 lub 10 par<\/p>\n<p>8. Pr\u0119dko\u015b\u0107 pracy silnika: 1600R\/Min<\/p>\n<p>9. Po\u0142\u0105czenie komunikacyjne: komunikacja RS485<\/p>\n<p>10. Poziom ochrony: IP54<\/p>\n","protected":false},"featured_media":35563,"comment_status":"closed","ping_status":"closed","template":"","meta":{"neve_meta_sidebar":"","neve_meta_container":"","neve_meta_enable_content_width":"off","neve_meta_content_width":0,"neve_meta_title_alignment":"","neve_meta_author_avatar":"","neve_post_elements_order":"","neve_meta_disable_header":"","neve_meta_disable_footer":"","neve_meta_disable_title":"","_ti_tpc_template_sync":false,"_ti_tpc_template_id":""},"product_cat":[2030,2034],"product_tag":[2909,2908,2907,2906],"class_list":["post-34723","product","type-product","status-publish","has-post-thumbnail","hentry","product_cat-bariera-klapowa","product_cat-kolowroty-bezpieczenstwa","product_tag-elementy-kolowrotu","product_tag-mechanizm-bariery-klapowej","product_tag-mechanizm-bramki-obrotowej","product_tag-mechanizm-obrotowy"],"_links":{"self":[{"href":"https:\/\/mairsturnstile.com\/pl\/wp-json\/wp\/v2\/product\/34723","targetHints":{"allow":["GET"]}}],"collection":[{"href":"https:\/\/mairsturnstile.com\/pl\/wp-json\/wp\/v2\/product"}],"about":[{"href":"https:\/\/mairsturnstile.com\/pl\/wp-json\/wp\/v2\/types\/product"}],"replies":[{"embeddable":true,"href":"https:\/\/mairsturnstile.com\/pl\/wp-json\/wp\/v2\/comments?post=34723"}],"version-history":[{"count":0,"href":"https:\/\/mairsturnstile.com\/pl\/wp-json\/wp\/v2\/product\/34723\/revisions"}],"wp:featuredmedia":[{"embeddable":true,"href":"https:\/\/mairsturnstile.com\/pl\/wp-json\/wp\/v2\/media\/35563"}],"wp:attachment":[{"href":"https:\/\/mairsturnstile.com\/pl\/wp-json\/wp\/v2\/media?parent=34723"}],"wp:term":[{"taxonomy":"product_cat","embeddable":true,"href":"https:\/\/mairsturnstile.com\/pl\/wp-json\/wp\/v2\/product_cat?post=34723"},{"taxonomy":"product_tag","embeddable":true,"href":"https:\/\/mairsturnstile.com\/pl\/wp-json\/wp\/v2\/product_tag?post=34723"}],"curies":[{"name":"wp","href":"https:\/\/api.w.org\/{rel}","templated":true}]}}