{"id":34724,"date":"2021-04-27T16:38:55","date_gmt":"2021-04-27T08:38:55","guid":{"rendered":"https:\/\/mairsturnstile.com\/product\/sprzedam-mechanizm-kolowrotu-o-pelnej-wysokosci-mt601"},"modified":"2024-10-30T19:08:01","modified_gmt":"2024-10-30T11:08:01","slug":"mechanizm-kolowrotu-o-pelnej-wysokosci","status":"publish","type":"product","link":"https:\/\/mairsturnstile.com\/pl\/produkt\/mechanizm-kolowrotu-o-pelnej-wysokosci","title":{"rendered":"MECHANIZM KO\u0141OwrotU O PE\u0141NEJ WYSOKO\u015aCI MT601"},"content":{"rendered":"<p><iframe title=\"Odtwarzacz wideo YouTube\" src=\"https:\/\/www.youtube.com\/embed\/Su17joHCYgU\" width=\"560\" height=\"315\" frameborder=\"0\" allowfullscreen=\"allowfullscreen\"><\/iframe><\/p>\n<h2>Mechanizm ko\u0142owrotu o pe\u0142nej wysoko\u015bci, <strong><b>P\u00f3\u0142automatyczny mechanizm ko\u0142owrotu o pe\u0142nej wysoko\u015bci <\/b><\/strong> <\/h2>\n<p><a href=\"https:\/\/mairsturnstile.com\/turnstile-mechanism.html\" target=\"_blank\" rel=\"noopener\">Mechanizm ko\u0142owrotu<\/a> o pe\u0142nej wysoko\u015bci jest jednym z podstawowych element\u00f3w bramki obrotowej, a mechanizm ko\u0142owrotu o pe\u0142nej wysoko\u015bci steruje bramk\u0105 ko\u0142owrotu, kontroluj\u0105c ruch ramienia skrzyd\u0142owego. Ten mechanizm ko\u0142owrotu o pe\u0142nej wysoko\u015bci przeznaczony jest do obracania ko\u0142owrot\u00f3w o 120 stopni lub 90 stopni o pe\u0142nej wysoko\u015bci.<\/p>\n<p><a href=\"https:\/\/en.wikipedia.org\/wiki\/Mechanism\" target=\"_blank\" rel=\"noopener\">Mechanizm<\/a> bramki obrotowej o pe\u0142nej wysoko\u015bci jest rdzeniem ca\u0142ej bramki obrotowej o pe\u0142nej wysoko\u015bci.<\/p>\n<p>Jako\u015b\u0107 dzia\u0142ania mechanizmu determinuje jako\u015b\u0107 <a href=\"https:\/\/mairsturnstile.com\/product\/full-height-turnstile-gate-mt402-2-b\">bramki obrotowej o pe\u0142nej wysoko\u015bci<\/a>, ale awaria bramki obrotowej o pe\u0142nej wysoko\u015bci jest r\u00f3wnie\u017c zwi\u0105zana z mechanizmem. Tylko w\u0142a\u015bciwa metoda u\u017cytkowania i w\u0142a\u015bciwa konserwacja s\u0105 kluczem do zapewnienia \u017cywotno\u015bci bramki ko\u0142owrotu. Jest to r\u00f3wnie\u017c metoda poprawy og\u00f3lnej \u017cywotno\u015bci bramki obrotowej. Mairs oferuje mechanizm najlepszej jako\u015bci dla bramki obrotowej o pe\u0142nej wysoko\u015bci.<\/p>\n<p><strong>Cechy:<\/strong><\/p>\n<ol>\n<li>Stabilna praca, brak ha\u0142asu i uderze\u0144 mechanicznych<\/li>\n<li>Mo\u017cna ustawi\u0107 liczb\u0119 pasa\u017cer\u00f3w<\/li>\n<li>Do wyboru kilka metod przetwarzania form<\/li>\n<li>Dwukierunkowy w jednym kierunku dozwolony, w drugim zabroniony lub w jednym kierunku \u0142adowanie, w jednym kierunku swobodny. Wszystkie formy robocze ustawiane s\u0105 za pomoc\u0105 przycisk\u00f3w na p\u0142ycie g\u0142\u00f3wnej<\/li>\n<li>Belk\u0119 opadaj\u0105c\u0105 i belk\u0119 wisz\u0105c\u0105 mo\u017cna kontrolowa\u0107 na du\u017c\u0105 odleg\u0142o\u015b\u0107, aby spe\u0142ni\u0107 specjalne wymagania u\u017cytkownik\u00f3w i wymagania ochrony przeciwpo\u017carowej.<\/li>\n<li>Lampka kierunkowskazu wskazuje kierunek, w kt\u00f3rym nale\u017cy jecha\u0107 na ko\u0142owrotku<\/li>\n<li>Standardowy interfejs elektryczny, interfejs komunikacyjny RS485, interfejs przeka\u017anika i interfejs poziomu po\u0142\u0105czone z r\u00f3\u017cnymi urz\u0105dzeniami do odczytu i zapisu<\/li>\n<li>Wszystkie funkcje realizowane s\u0105 na jednym komputerze typu \u201ewszystko w jednym\u201d, kt\u00f3ry jest zdalnie sterowany i zarz\u0105dzany przez komputer<\/li>\n<li>Mo\u017ce automatycznie zlicza\u0107 liczb\u0119 przechodni\u00f3w, wy\u015bwietlacz LED<\/li>\n<li>Od\u0142\u0105cz zasilanie, aby podnie\u015b\u0107 belk\u0119. Gdy zasilanie jest w\u0142\u0105czone, rami\u0119 podniesie si\u0119 automatycznie i zatrzyma si\u0119 w przypadku napotkania przeszk\u00f3d<\/li>\n<li>Funkcj\u0119 z pami\u0119ci\u0105 czytnika kart lub bez mo\u017cna ustawi\u0107 w zale\u017cno\u015bci od potrzeb.<\/li>\n<li>Obs\u0142uga samodzielnego sprawdzenia alarmu<\/li>\n<\/ol>\n","protected":false},"excerpt":{"rendered":"<p>1. Moc: AC220C \u00b1 10 V, 50\/60 Hz;<\/p>\n<p>2. Rdze\u0144 maszyny: p\u00f3\u0142automatyczny<\/p>\n<p>3. Temperatura pracy: -45 \u2103 -60 \u2103<\/p>\n<p>4. Pr\u0119dko\u015b\u0107 przej\u015bcia: 30 os\u00f3b\/min (karta IC)<\/p>\n<p>5. Wilgotno\u015b\u0107 wzgl\u0119dna: \u226495%, bez kondensacji<\/p>\n<p>6. Szeroko\u015b\u0107 przej\u015bcia: \u2264600 mm<\/p>\n<p>7. Po\u0142\u0105czenie komunikacyjne: komunikacja RS485<\/p>\n<p>8. Materia\u0142: stal nierdzewna 304, grubo\u015b\u0107 nie mniejsza ni\u017c 1,3 mm<\/p>\n<p>9. Odleg\u0142o\u015b\u0107 komunikacji: 1200 M<\/p>\n<p>10. \u017bywotno\u015b\u0107: 3 miliony (ci\u0105g\u0142e otwieranie i zamykanie)<\/p>\n<p>11. Stopie\u0144 ochrony: IP54<\/p>\n","protected":false},"featured_media":35788,"comment_status":"closed","ping_status":"closed","template":"","meta":{"neve_meta_sidebar":"","neve_meta_container":"","neve_meta_enable_content_width":"off","neve_meta_content_width":0,"neve_meta_title_alignment":"","neve_meta_author_avatar":"","neve_post_elements_order":"","neve_meta_disable_header":"","neve_meta_disable_footer":"","neve_meta_disable_title":"","_ti_tpc_template_sync":false,"_ti_tpc_template_id":""},"product_cat":[2034,2031],"product_tag":[2909,2907,2911,2910,2906],"class_list":["post-34724","product","type-product","status-publish","has-post-thumbnail","hentry","product_cat-kolowroty-bezpieczenstwa","product_cat-kolowroty-o-pelnej-wysokosci","product_tag-elementy-kolowrotu","product_tag-mechanizm-bramki-obrotowej","product_tag-mechanizm-bramki-obrotowej-o-pelnej-wysokosci","product_tag-mechanizm-kolowrotu-o-pelnej-wysokosci","product_tag-mechanizm-obrotowy"],"_links":{"self":[{"href":"https:\/\/mairsturnstile.com\/pl\/wp-json\/wp\/v2\/product\/34724","targetHints":{"allow":["GET"]}}],"collection":[{"href":"https:\/\/mairsturnstile.com\/pl\/wp-json\/wp\/v2\/product"}],"about":[{"href":"https:\/\/mairsturnstile.com\/pl\/wp-json\/wp\/v2\/types\/product"}],"replies":[{"embeddable":true,"href":"https:\/\/mairsturnstile.com\/pl\/wp-json\/wp\/v2\/comments?post=34724"}],"version-history":[{"count":0,"href":"https:\/\/mairsturnstile.com\/pl\/wp-json\/wp\/v2\/product\/34724\/revisions"}],"wp:featuredmedia":[{"embeddable":true,"href":"https:\/\/mairsturnstile.com\/pl\/wp-json\/wp\/v2\/media\/35788"}],"wp:attachment":[{"href":"https:\/\/mairsturnstile.com\/pl\/wp-json\/wp\/v2\/media?parent=34724"}],"wp:term":[{"taxonomy":"product_cat","embeddable":true,"href":"https:\/\/mairsturnstile.com\/pl\/wp-json\/wp\/v2\/product_cat?post=34724"},{"taxonomy":"product_tag","embeddable":true,"href":"https:\/\/mairsturnstile.com\/pl\/wp-json\/wp\/v2\/product_tag?post=34724"}],"curies":[{"name":"wp","href":"https:\/\/api.w.org\/{rel}","templated":true}]}}