{"id":34725,"date":"2021-04-27T15:44:16","date_gmt":"2021-04-27T07:44:16","guid":{"rendered":"https:\/\/mairsturnstile.com\/product\/sprzedam-mechanizm-kolowrotu-statywnego-mt146"},"modified":"2023-11-14T09:15:04","modified_gmt":"2023-11-14T01:15:04","slug":"mechanizm-kolowrotu-statywu","status":"publish","type":"product","link":"https:\/\/mairsturnstile.com\/pl\/produkt\/mechanizm-kolowrotu-statywu","title":{"rendered":"SPRZEDAM MECHANIZM KO\u0141OwrotU STATYWNEGO MT146"},"content":{"rendered":"<h2><strong>Mechanizm ko\u0142owrotu na statywie, Automatyczny mechanizm ko\u0142owrotu na statywie<\/strong><\/h2>\n<h3>Trwa\u0142y, dostosowany do indywidualnych potrzeb automatyczny <strong>mechanizm bramki obrotowej na statywie<\/strong><\/h3>\n<p>Na linii monta\u017cowej syntazy poliketydowej wyznaczono mechanizm bramki obrotowej do jednoczesnego przetwarzania p\u00f3\u0142produkt\u00f3w. Wyd\u0142u\u017cenie \u0142a\u0144cucha powoduje zamkni\u0119cie modu\u0142u i przesuni\u0119cie \u0142a\u0144cucha do nast\u0119pnego modu\u0142u w celu ponownego otwarcia ko\u0142owrotu.<\/p>\n<p><strong><a href=\"https:\/\/mairsturnstile.com\/turnstile-mechanism.html\" target=\"_blank\" rel=\"noopener\">Mechanizm ko\u0142owrotu<\/a> statywu<\/strong> jest jednym z podstawowych element\u00f3w bramki <a href=\"https:\/\/mairsturnstile.com\/product\/tripod-security-gate\">ko\u0142owrotu statywu<\/a>, a mechanizm ko\u0142owrotu steruje bram\u0105 ko\u0142owrotu statywu poprzez kontrolowanie ruchu ramienia skrzyd\u0142owego. Jako\u015b\u0107 dzia\u0142ania mechanizmu ko\u0142owrotu statywu okre\u015bla jako\u015b\u0107 bramki ko\u0142owrotu statywu, ale awaria bramki ko\u0142owrotu statywu jest r\u00f3wnie\u017c powi\u0105zana z mechanizmem ko\u0142owrotu statywu.<\/p>\n<p><strong>Cechy:<\/strong><\/p>\n<ol>\n<li>Obudowa wykonana jest ze <a href=\"https:\/\/en.wikipedia.org\/wiki\/Stainless_steel\" target=\"_blank\" rel=\"noopener\">stali nierdzewnej<\/a> 304 o grubo\u015bci 1,5 mm;<\/li>\n<li>Konstrukcja konstrukcji mechatronicznej, specjalny st\u00f3\u0142 obrotowy, stabilny i niezawodny mechaniczny mechanizm samoblokuj\u0105cy<\/li>\n<li>Dost\u0119p dwukierunkowy (rami\u0119 dwukierunkowe)<\/li>\n<li>Je\u017celi po wys\u0142aniu sygna\u0142u otwarcia drzwi nie zostan\u0105 one przes\u0142ane w ci\u0105gu 5 sekund, drzwi zostan\u0105 ponownie zablokowane<\/li>\n<li>Gdy zasilanie zostanie automatycznie odci\u0119te, rami\u0119 opadnie (z funkcj\u0105 opuszczania ramienia). Po w\u0142\u0105czeniu zasilania konieczne jest r\u0119czne zwolnienie d\u017awigni i zresetowanie wahacza (opcjonalnie)<\/li>\n<li>Mo\u017cna pod\u0142\u0105czy\u0107 do zewn\u0119trznego dwukierunkowego licznika przep\u0142ywu, aby wy\u015bwietla\u0107 liczb\u0119 os\u00f3b przechodz\u0105cych w tym kierunku. Kiedy ludzie przechodz\u0105, odpowiedni port zliczaj\u0105cy wysy\u0142a sygna\u0142 o szeroko\u015bci impulsu o szeroko\u015bci oko\u0142o 200. Je\u015bli personel nie przejdzie przez bramk\u0119, odpowiedni port zliczaj\u0105cy nie b\u0119dzie wysy\u0142a\u0142 sygna\u0142u w ci\u0105gu 200 ms.<\/li>\n<li>Personel zapobiegaj\u0105cy cofaniu (uniemo\u017cliwiaj\u0105cy pod\u0105\u017canie innym)<\/li>\n<li>Silnik elektromechaniczny DC12V, jednorazowa operacja blokowania przez jedn\u0105 osob\u0119; Zapobiegaj odwr\u00f3ceniu.<\/li>\n<li>Czas awaryjny i czas awarii zasilania: rami\u0119 automatycznie opu\u015bci si\u0119, aby droga ewakuacyjna by\u0142a odblokowana.<\/li>\n<li>Mo\u017cna go wykorzysta\u0107 jako interfejs system\u00f3w kontroli dost\u0119pu, takich jak czytniki kart biometrycznych, czytniki kart RFID, czytniki kart skanuj\u0105cych, przyciski itp.<\/li>\n<li>Dost\u0119pny jest wska\u017anik \u015bwietlny stanu.<\/li>\n<li>Jest licznik pasa\u017cer\u00f3w.<\/li>\n<\/ol>\n<p>&nbsp;<\/p>\n","protected":false},"excerpt":{"rendered":"<p>1. Moc: AC220C \u00b1 10 V, 50 Hz<\/p>\n<p>2. Dzia\u0142anie: temperatura -15 \u2103 -60 \u2103<\/p>\n<p>3. Wilgotno\u015b\u0107 wzgl\u0119dna: \u226495%, brak wra\u017ce\u0144<\/p>\n<p>4. Szeroko\u015b\u0107 dost\u0119pu: \u2264600 mm<\/p>\n<p>5. Pr\u0119dko\u015b\u0107 przej\u015bcia: 30 os\u00f3b\/min (karta IC)<\/p>\n<p>6. Po\u0142\u0105czenie wej\u015bciowe: Poziom sygna\u0142u +12V lub szeroki impuls&gt;100ms DC12V<\/p>\n<p>7. Po\u0142\u0105czenie komunikacyjne: Standardowy modu\u0142 komunikacyjny RS485.<\/p>\n<p>8. Materia\u0142: SUS304, grubo\u015b\u0107 nie mniejsza ni\u017c 1,5 mm<\/p>\n<p>9. Stopie\u0144 ochrony: IP54<\/p>\n","protected":false},"featured_media":35643,"comment_status":"closed","ping_status":"closed","template":"","meta":{"neve_meta_sidebar":"","neve_meta_container":"","neve_meta_enable_content_width":"on","neve_meta_content_width":100,"neve_meta_title_alignment":"","neve_meta_author_avatar":"","neve_post_elements_order":"","neve_meta_disable_header":"","neve_meta_disable_footer":"","neve_meta_disable_title":"","_ti_tpc_template_sync":false,"_ti_tpc_template_id":""},"product_cat":[2038,2034],"product_tag":[2914,2909,2913,2906,2912],"class_list":["post-34725","product","type-product","status-publish","has-post-thumbnail","hentry","product_cat-kolowrotek-na-statywie","product_cat-kolowroty-bezpieczenstwa","product_tag-do-sprzedania-mechanizm-obrotowy-statywu","product_tag-elementy-kolowrotu","product_tag-mechanizm-bramki-obrotowej-na-statywie","product_tag-mechanizm-obrotowy","product_tag-mechanizm-obrotowy-statywu"],"_links":{"self":[{"href":"https:\/\/mairsturnstile.com\/pl\/wp-json\/wp\/v2\/product\/34725","targetHints":{"allow":["GET"]}}],"collection":[{"href":"https:\/\/mairsturnstile.com\/pl\/wp-json\/wp\/v2\/product"}],"about":[{"href":"https:\/\/mairsturnstile.com\/pl\/wp-json\/wp\/v2\/types\/product"}],"replies":[{"embeddable":true,"href":"https:\/\/mairsturnstile.com\/pl\/wp-json\/wp\/v2\/comments?post=34725"}],"version-history":[{"count":0,"href":"https:\/\/mairsturnstile.com\/pl\/wp-json\/wp\/v2\/product\/34725\/revisions"}],"wp:featuredmedia":[{"embeddable":true,"href":"https:\/\/mairsturnstile.com\/pl\/wp-json\/wp\/v2\/media\/35643"}],"wp:attachment":[{"href":"https:\/\/mairsturnstile.com\/pl\/wp-json\/wp\/v2\/media?parent=34725"}],"wp:term":[{"taxonomy":"product_cat","embeddable":true,"href":"https:\/\/mairsturnstile.com\/pl\/wp-json\/wp\/v2\/product_cat?post=34725"},{"taxonomy":"product_tag","embeddable":true,"href":"https:\/\/mairsturnstile.com\/pl\/wp-json\/wp\/v2\/product_tag?post=34725"}],"curies":[{"name":"wp","href":"https:\/\/api.w.org\/{rel}","templated":true}]}}