{"id":33000,"date":"2022-10-14T16:12:09","date_gmt":"2022-10-14T08:12:09","guid":{"rendered":"https:\/\/mairsturnstile.com\/product\/portao-pedonal-de-balanco-manual-m3"},"modified":"2025-04-08T15:11:47","modified_gmt":"2025-04-08T07:11:47","slug":"catraca-pedestre-de-balanco-manual","status":"publish","type":"product","link":"https:\/\/mairsturnstile.com\/pt\/product\/catraca-pedestre-de-balanco-manual","title":{"rendered":"Torniquete manual girat\u00f3rio bidirecional para pe\u00f5es"},"content":{"rendered":"        <!-- 3D Model html -->\r\n        <div class=\"bp_grand wrapper_25054\">   \r\n        <div class=\"bp_model_parent\">\r\n            <model-viewer class=\"model\" id=\"bp_model_id_25054\" src=\"http:\/\/mairsturnstile.com\/wp-content\/uploads\/2024\/11\/m6.glb\" alt=\"m6\" camera-controls  loading=\"auto\" auto-rotate                        >\r\n            <\/model-viewer>\r\n        \r\n            <!-- Button -->\r\n            <svg id=\"openBtn\" width=\"30px\" height=\"30px\" viewBox=\"0 0 16 16\" xmlns=\"http:\/\/www.w3.org\/2000\/svg\" fill=\"#f2f2f2\" class=\"bi bi-arrows-fullscreen model-icon\">\r\n                <path fill-rule=\"evenodd\" d=\"M5.828 10.172a.5.5 0 0 0-.707 0l-4.096 4.096V11.5a.5.5 0 0 0-1 0v3.975a.5.5 0 0 0 .5.5H4.5a.5.5 0 0 0 0-1H1.732l4.096-4.096a.5.5 0 0 0 0-.707zm4.344 0a.5.5 0 0 1 .707 0l4.096 4.096V11.5a.5.5 0 1 1 1 0v3.975a.5.5 0 0 1-.5.5H11.5a.5.5 0 0 1 0-1h2.768l-4.096-4.096a.5.5 0 0 1 0-.707zm0-4.344a.5.5 0 0 0 .707 0l4.096-4.096V4.5a.5.5 0 1 0 1 0V.525a.5.5 0 0 0-.5-.5H11.5a.5.5 0 0 0 0 1h2.768l-4.096 4.096a.5.5 0 0 0 0 .707zm-4.344 0a.5.5 0 0 1-.707 0L1.025 1.732V4.5a.5.5 0 0 1-1 0V.525a.5.5 0 0 1 .5-.5H4.5a.5.5 0 0 1 0 1H1.732l4.096 4.096a.5.5 0 0 1 0 .707z\"\/>\r\n            <\/svg>\r\n        \r\n            <svg id=\"closeBtn\" class=\"model-icon\" width=\"34px\" height=\"34px\" viewBox=\"0 0 24 24\" xmlns=\"http:\/\/www.w3.org\/2000\/svg\">\r\n                <path fill=\"none\" stroke=\"#f2f2f2\" stroke-width=\"2\" d=\"M7,7 L17,17 M7,17 L17,7\"\/>\r\n            <\/svg>\r\n        \r\n        <\/div>\r\n        <\/div> \r\n\r\n        <!-- Model Viewer Style -->\r\n        <style>\r\n            \r\n            .wrapper_25054 .bp_model_parent, #bp_model_id_25054 {\r\n                width: 1150px;\r\n                max-width: 100%;\r\n                                            }\r\n            #bp_model_id_25054 {\r\n                height:700px;\r\n                background-color: #f9f9f9;\r\n            }\r\n            .fullscreen #bp_model_id_25054{\r\n            height: 100%;\r\n            width: 100%;\r\n            }\r\n            .wrapper_25054 .bp_model_parent{\r\n                justify-content: start            }\r\n            model-viewer.model {\r\n                --poster-color: transparent;\r\n            }\r\n        <\/style>\r\n        \r\n        \n<h4>A porta pedonal girat\u00f3ria manual bidirecional M6 tem uma garantia de 2 anos e um suporte duradouro de manuten\u00e7\u00e3o e repara\u00e7\u00e3o.<\/h4>\n<p>We can provide OEM and ODM services. Tamb\u00e9m fornecemos dispositivos biom\u00e9tricos, como leitores de cart\u00f5es IC\/ID, leitores de impress\u00e3o digital, leitores de c\u00f3digo QR, c\u00e2meras de reconhecimento facial e assim por diante.<\/p>\n<p>Um torniquete manual para pe\u00f5es \u00e9 um <a href=\"https:\/\/mairsturnstile.com\/swing-turnstile-gate.html\" target=\"_blank\" rel=\"noopener\">torniquete simples<\/a>, de baixo custo, que pode ser controlado manualmente e utilizado para controlar o tr\u00e1fego num sentido ou em dois sentidos. Tem uma mola integrada de alto desempenho para controlar o sentido de funcionamento. Empurrando manualmente o bra\u00e7o, a porta \u00e9 f\u00e1cil de abrir e a mola fecha automaticamente a porta.  <strong><br \/>\n<\/strong><\/p>\n<p>O torniquete manual de pedestres pode ser configurado para tr\u00e1fego unidirecional ou bidirecional e pode funcionar sem liga\u00e7\u00e3o a uma fonte de energia. O bra\u00e7o oscilante de 900 mm \u00e9 adequado para qualquer pessoa com defici\u00eancia, para quem transporta bagagem grande ou cargas maiores. O p\u00eandulo tamb\u00e9m pode formar um canal ultra largo de 1800 mm. Adequado para entradas interiores e exteriores em supermercados, armaz\u00e9ns, etc.   <\/p>\n<p>A catraca girat\u00f3ria manual para pedestres \u00e9 feita de chapa de a\u00e7o inoxid\u00e1vel, que \u00e9 \u00e0 prova de ferrugem e dur\u00e1vel. O equipamento \u00e9 simples de usar e n\u00e3o necessita de muita manuten\u00e7\u00e3o. Pode ser usado em ambientes de trabalho externos ou internos. \u00c9 aplic\u00e1vel aos canais de entrada e sa\u00edda que controlam o fluxo de pessoas em uma ou duas dire\u00e7\u00f5es.<\/p>\n<p>A catraca girat\u00f3ria manual para pedestres \u00e9 usada principalmente em supermercados, lojas de departamentos, aeroportos, esta\u00e7\u00f5es, docas, f\u00e1bricas, empresas e institui\u00e7\u00f5es e outros locais comerciais com controle de tr\u00e1fego unidirecional, principalmente para desvio. Devido ao grande fluxo de pessoas em locais comerciais e de pessoal n\u00e3o fixo, \u00e9 imposs\u00edvel utilizar a passagem de cart\u00e3o, reconhecimento facial, etc. para passar, o que n\u00e3o s\u00f3 reduz a efici\u00eancia do tr\u00e1fego, mas tamb\u00e9m n\u00e3o consegue desviar o tr\u00e1fego. O principal objetivo da instala\u00e7\u00e3o de uma catraca girat\u00f3ria manual para pedestres \u00e9 limitar a passagem de pessoas na entrada e sa\u00edda principal, desviar os sentidos de entrada e sa\u00edda e tamb\u00e9m permitir a sa\u00edda livre em situa\u00e7\u00f5es de emerg\u00eancia.<\/p>\n<p>Considerando as situa\u00e7\u00f5es pontuais em que a entrada e a sa\u00edda s\u00e3o proibidas, constru\u00edmos uma fechadura de parafuso. Quando for necess\u00e1rio restringir a entrada e sa\u00edda de pessoal, aperte o parafuso, a mola ser\u00e1 freada e a entrada e sa\u00edda ser\u00e3o bloqueadas. A instala\u00e7\u00e3o pode se ajustar facilmente de acordo com a situa\u00e7\u00e3o.<\/p>\n<p>Tamb\u00e9m podemos criar uma renderiza\u00e7\u00e3o para voc\u00ea em poucos minutos com base no seu cen\u00e1rio real. Tamb\u00e9m fornecemos layouts e desenhos detalhados, bem como desenhos de instala\u00e7\u00e3o.<\/p>\n\n        \t\n\t<style type=\"text\/css\">\n\t\t.slider-info-46017.bafg-slider-info .bafg-slider-title {\n\t\t\t\t\t\tfont-size: 22px;\n\t\t\t\t\t\t\n\t\t\t\n\t\t\t\t\t}\n\n\t\t.slider-info-46017.bafg-slider-info .bafg-slider-description {\n\t\t\t\n\t\t\t\n\t\t\t\t\t}\n\n\t\t.slider-info-46017.bafg-slider-info .bafg_slider_readmore_button {\n\t\t\t\n\t\t\t\n\t\t\t\n\t\t\t\n\t\t\t\n\t\t\ttext-align: center;\n\n\t\t\t\n\t\t\t\n\t\t\t\n\t\t\t\n\t\t\t\n\t\t\t\n\t\t\t\t\t}\n\n\t\t.slider-info-46017.bafg-slider-info .bafg_slider_readmore_button:hover {\n\n\t\t\t\n\t\t\t\n\t\t\t\t\t}\n\n\t<\/style>\n\t\n        <div class=\"bafg-twentytwenty-container slider-46017 \" bafg-orientation=\"horizontal\" bafg-default-offset=\"0.5\" bafg-before-label=\"Before\" bafg-after-label=\"After\" bafg-overlay=\"yes\" bafg-move-slider-on-hover=\"yes\" bafg-click-to-move=\"no\">\n              \n            <img decoding=\"async\" class=\"skip-lazy\" src=\"http:\/\/mairsturnstile.com\/wp-content\/uploads\/2022\/10\/manual-swing-pedestrian-turnstile-gate-9.jpg\" alt=\"manual swing pedestrian turnstile gate\" data-skip-lazy title=\"\">\n            <img decoding=\"async\" class=\"skip-lazy\" src=\"http:\/\/mairsturnstile.com\/wp-content\/uploads\/2022\/10\/manual-swing-pedestrian-turnstile-gate-10.jpg\" alt=\"manual swing pedestrian turnstile gate\" data-skip-lazy title=\"\">\n           \n        <\/div>\n\n        \t<div class=\"bafg-slider-info-wraper\">\n\t\t<div style=\"\" class=\"slider-info-46017 bafg-slider-info\">\n\t\t\t\t\t<\/div>\n\t<\/div>\n\t\n        <style type=\"text\/css\">\n            \n        <\/style>\n        \n<p>O torniquete manual de balan\u00e7o para pe\u00f5es \u00e9 amplamente utilizado para o <a href=\"https:\/\/en.wikipedia.org\/wiki\/Access_control\" target=\"_blank\" rel=\"noopener\">controlo de acesso<\/a> de pe\u00f5es a armaz\u00e9ns de supermercados. A cerca pode ser adicionada em ambos os lados para permitir acesso livre. \u00c9 tamanho m\u00ednimo, o que pode economizar espa\u00e7o. Tamb\u00e9m pode ser usada como sa\u00edda de emerg\u00eancia. Mairsturnstile oferece port\u00e3o girat\u00f3rio girat\u00f3rio da melhor qualidade pelo pre\u00e7o mais barato online. O fabricante profissional de catracas Mairs oferece o port\u00e3o de barreira de torniquete girat\u00f3rio de supermercado mais barato.<\/p>\n<p>Este port\u00e3o girat\u00f3rio manual para pedestres oferece uma solu\u00e7\u00e3o de seguran\u00e7a de acesso extremamente eficaz e econ\u00f4mica. T\u00e3o fi\u00e1vel como pr\u00e1tico, o port\u00e3o girat\u00f3rio pedonal manual foi concebido para ser utilizado em \u00e1reas que indicam positivamente o fluxo de entrada\/sa\u00edda e \u00e9 particularmente adequado onde n\u00e3o \u00e9 necess\u00e1ria a seguran\u00e7a m\u00e1xima. O port\u00e3o manual foi projetado para ser aberto 90 graus e retornar \u00e0 posi\u00e7\u00e3o fechada sob tens\u00e3o de mola.<\/p>\n<p>Uma caracter\u00edstica padr\u00e3o desses port\u00f5es manuais \u00e9 a capacidade de serem abertos na dire\u00e7\u00e3o reversa por meio de press\u00e3o corporal firme para fornecer uma sa\u00edda de emerg\u00eancia. A simple adjustment negates this facility when used as an exit. Podem ser utilizados para fazer entradas e sa\u00eddas e passagens de pedestres, podem dividir e bloquear salas, direcionar educadamente os clientes da entrada ao caixa e fornecer um meio de orienta\u00e7\u00e3o em meio \u00e0 ampla gama de produtos que voc\u00ea armazena.<\/p>\n<p>Size: 89*89*1050mm(can be customized)<br \/>\nPower Supply: no need;<br \/>\nOperating Temperature: -40\u2103-70\u2103<br \/>\nRelative Humidity: \u226495%, No Condensation<br \/>\nPassage Width: standard 600mm max 900mm<br \/>\nPassage direction: Single directional<br \/>\nPass rate: 25-30 persons\/minute<br \/>\nOperating control: High-tension spring<br \/>\nPower input: None<br \/>\nManufacturing Technique: CNC laser cutting<br \/>\nWorking environment: indoor and outdoor(added the rain shed )<br \/>\nMaterial: SUS 304 Stainless steel(thickness is no less than 1.3mm)<br \/>\nColour: SSB(US32D)-Stainless Steel Brushed \/ Powder Coating(Optional), or other Colour you like<br \/>\nOperation Site: Subway Station, Hoverport, Tourism Sports, Exhibition, Swimming Hall, Residence Area, Enterprise\u2019s Entrance and Exit Attendance, Gateway Guard, Charge Management, Special Access Control<\/p>\n<p>Podemos fornecer toda a solu\u00e7\u00e3o de controle de acesso de seguran\u00e7a. Se voc\u00ea possui seu pr\u00f3prio sistema de controle de acesso, pode utilizar diretamente nossa catraca. Se voc\u00ea n\u00e3o tiver um, tamb\u00e9m fornecemos uma solu\u00e7\u00e3o completa de controle de acesso de seguran\u00e7a. Consulte o v\u00eddeo abaixo para obter detalhes.<\/p>\n","protected":false},"excerpt":{"rendered":"<p>1. Tamanho: 89*89*980 mm (pode ser personalizado)<\/p>\n<p>2. Material: SUS 304 stainless steel<\/p>\n<p>3. Largura de passagem: padr\u00e3o 600 mm m\u00e1ximo 900 mm<\/p>\n<p>4. Dire\u00e7\u00e3o de passagem: Direcional \u00fanico<\/p>\n<p>5. Pass rate: 25-30 persons\/minute<\/p>\n<p>6. Controle operacional: Mola de alta tens\u00e3o<\/p>\n<p>7. Entrada de energia: Nenhuma<\/p>\n<p>8. Ambiente de trabalho: interno e externo<\/p>\n<p>9. Temperatura de funcionamento: <em>-40\u00b0C~+70\u00b0C<\/em><\/p>\n<p><span style=\"color: #0000ff;\"><strong><a style=\"color: #0000ff;\" title=\"Port\u00e3o de torniquete girat\u00f3rio com certifica\u00e7\u00e3o CE Mairs\" href=\"http:\/\/mairsturnstile.com\/wp-content\/uploads\/2022\/09\/Mairs-CE-Certificate-Swing-Turnstile-Gate.pdf\" target=\"_blank\" rel=\"noopener noreferrer\">Certificado CE,<\/a> <a style=\"color: #0000ff;\" title=\"Certificado Mairs ISO9001\" href=\"http:\/\/mairsturnstile.com\/wp-content\/uploads\/2022\/09\/Mairs-Registration-Certificate-ISO9001.pdf\" target=\"_blank\" rel=\"noopener noreferrer\">Certificado ISO9001.<\/a><\/strong><\/span><\/p>\n","protected":false},"featured_media":59928,"comment_status":"closed","ping_status":"closed","template":"","meta":{"neve_meta_sidebar":"","neve_meta_container":"","neve_meta_enable_content_width":"off","neve_meta_content_width":0,"neve_meta_title_alignment":"","neve_meta_author_avatar":"","neve_post_elements_order":"","neve_meta_disable_header":"","neve_meta_disable_footer":"","neve_meta_disable_title":"","_ti_tpc_template_sync":false,"_ti_tpc_template_id":""},"product_cat":[2020,2017],"product_tag":[2104,2107,2108,2105,2100,2106],"class_list":["post-33000","product","type-product","status-publish","has-post-thumbnail","hentry","product_cat-portao-giratorio-giratorio","product_cat-torniquetes-de-seguranca","product_tag-catraca-de-saida","product_tag-manual-turnstile-pt","product_tag-portao-de-catraca-manual","product_tag-portao-giratorio-de-supermercado","product_tag-torniquete-giratorio-pt","product_tag-torniquete-manual-para-peoes"],"_links":{"self":[{"href":"https:\/\/mairsturnstile.com\/pt\/wp-json\/wp\/v2\/product\/33000","targetHints":{"allow":["GET"]}}],"collection":[{"href":"https:\/\/mairsturnstile.com\/pt\/wp-json\/wp\/v2\/product"}],"about":[{"href":"https:\/\/mairsturnstile.com\/pt\/wp-json\/wp\/v2\/types\/product"}],"replies":[{"embeddable":true,"href":"https:\/\/mairsturnstile.com\/pt\/wp-json\/wp\/v2\/comments?post=33000"}],"version-history":[{"count":0,"href":"https:\/\/mairsturnstile.com\/pt\/wp-json\/wp\/v2\/product\/33000\/revisions"}],"wp:featuredmedia":[{"embeddable":true,"href":"https:\/\/mairsturnstile.com\/pt\/wp-json\/wp\/v2\/media\/59928"}],"wp:attachment":[{"href":"https:\/\/mairsturnstile.com\/pt\/wp-json\/wp\/v2\/media?parent=33000"}],"wp:term":[{"taxonomy":"product_cat","embeddable":true,"href":"https:\/\/mairsturnstile.com\/pt\/wp-json\/wp\/v2\/product_cat?post=33000"},{"taxonomy":"product_tag","embeddable":true,"href":"https:\/\/mairsturnstile.com\/pt\/wp-json\/wp\/v2\/product_tag?post=33000"}],"curies":[{"name":"wp","href":"https:\/\/api.w.org\/{rel}","templated":true}]}}