{"id":33006,"date":"2022-09-07T11:46:49","date_gmt":"2022-09-07T03:46:49","guid":{"rendered":"https:\/\/mairsturnstile.com\/product\/portoes-de-rapidez-de-catraca-de-controle-de-acesso-mt-s306"},"modified":"2024-05-27T20:14:03","modified_gmt":"2024-05-27T12:14:03","slug":"catraca-de-controle-de-acesso","status":"publish","type":"product","link":"https:\/\/mairsturnstile.com\/pt\/product\/catraca-de-controle-de-acesso","title":{"rendered":"PORT\u00d5ES DE RAPIDEZ DE CATRACA DE CONTROLE DE ACESSO MT-S306"},"content":{"rendered":"        <!-- 3D Model html -->\r\n        <div class=\"bp_grand wrapper_26320\">   \r\n        <div class=\"bp_model_parent\">\r\n            <model-viewer class=\"model\" id=\"bp_model_id_26320\" src=\"http:\/\/mairsturnstile.com\/wp-content\/uploads\/2023\/07\/MT-S306.glb\" alt=\"MT-S306\" camera-controls  loading=\"auto\" auto-rotate                        >\r\n            <\/model-viewer>\r\n        \r\n            <!-- Button -->\r\n            <svg id=\"openBtn\" width=\"30px\" height=\"30px\" viewBox=\"0 0 16 16\" xmlns=\"http:\/\/www.w3.org\/2000\/svg\" fill=\"#f2f2f2\" class=\"bi bi-arrows-fullscreen model-icon\">\r\n                <path fill-rule=\"evenodd\" d=\"M5.828 10.172a.5.5 0 0 0-.707 0l-4.096 4.096V11.5a.5.5 0 0 0-1 0v3.975a.5.5 0 0 0 .5.5H4.5a.5.5 0 0 0 0-1H1.732l4.096-4.096a.5.5 0 0 0 0-.707zm4.344 0a.5.5 0 0 1 .707 0l4.096 4.096V11.5a.5.5 0 1 1 1 0v3.975a.5.5 0 0 1-.5.5H11.5a.5.5 0 0 1 0-1h2.768l-4.096-4.096a.5.5 0 0 1 0-.707zm0-4.344a.5.5 0 0 0 .707 0l4.096-4.096V4.5a.5.5 0 1 0 1 0V.525a.5.5 0 0 0-.5-.5H11.5a.5.5 0 0 0 0 1h2.768l-4.096 4.096a.5.5 0 0 0 0 .707zm-4.344 0a.5.5 0 0 1-.707 0L1.025 1.732V4.5a.5.5 0 0 1-1 0V.525a.5.5 0 0 1 .5-.5H4.5a.5.5 0 0 1 0 1H1.732l4.096 4.096a.5.5 0 0 1 0 .707z\"\/>\r\n            <\/svg>\r\n        \r\n            <svg id=\"closeBtn\" class=\"model-icon\" width=\"34px\" height=\"34px\" viewBox=\"0 0 24 24\" xmlns=\"http:\/\/www.w3.org\/2000\/svg\">\r\n                <path fill=\"none\" stroke=\"#f2f2f2\" stroke-width=\"2\" d=\"M7,7 L17,17 M7,17 L17,7\"\/>\r\n            <\/svg>\r\n        \r\n        <\/div>\r\n        <\/div> \r\n\r\n        <!-- Model Viewer Style -->\r\n        <style>\r\n            \r\n            .wrapper_26320 .bp_model_parent, #bp_model_id_26320 {\r\n                width: 1150px;\r\n                max-width: 100%;\r\n                                            }\r\n            #bp_model_id_26320 {\r\n                height:700px;\r\n                background-color: #f9f9f9;\r\n            }\r\n            .fullscreen #bp_model_id_26320{\r\n            height: 100%;\r\n            width: 100%;\r\n            }\r\n            .wrapper_26320 .bp_model_parent{\r\n                justify-content: start            }\r\n            model-viewer.model {\r\n                --poster-color: transparent;\r\n            }\r\n        <\/style>\r\n        \r\n        \n<h2>Os port\u00f5es r\u00e1pidos de design compacto da catraca de controle de acesso MT-S306 t\u00eam 2 anos de garantia e suporte dur\u00e1vel de manuten\u00e7\u00e3o e reparo.<\/h2>\n<p>We can provide OEM and ODM services. Tamb\u00e9m fornecemos dispositivos biom\u00e9tricos, como leitores de cart\u00f5es IC\/ID, leitores de impress\u00e3o digital, leitores de c\u00f3digo QR, c\u00e2meras de reconhecimento facial e assim por diante.<\/p>\n<p><strong>A catraca de controle de acesso \u00e9 uma esp\u00e9cie de catraca para pedestres usada para controlar e gerenciar o acesso. A catraca do port\u00e3o de velocidade da catraca de controle de acesso controla as pessoas para entrar ou sair da \u00e1rea restrita.<\/strong> A altura do bra\u00e7o \u00e9 de 980 mm, o que pode impedir que as pessoas subam pelo port\u00e3o. O <a href=\"https:\/\/mairsturnstile.com\/swing-turnstile-gate.html\">torniquete de barreira girat\u00f3ria<\/a> \u00e9 um port\u00e3o de alta seguran\u00e7a e velocidade r\u00e1pida que \u00e9 amplamente utilizado em edif\u00edcios de escrit\u00f3rios, lobbies de bancos, etc.<\/p>\n<p>A catraca de controle de acesso \u00e9 usada principalmente para controlar e gerenciar canais de pedestres. Quando combinado com outros sistemas de gerenciamento de controle de acesso, ele pode controlar e gerenciar com efic\u00e1cia v\u00e1rios canais e reduzir a press\u00e3o e o custo do gerenciamento de canais de propriedades empresariais. Por poder resolver com efic\u00e1cia diversos problemas de gerenciamento de controle de acesso, \u00e9 preferido pelos clientes e pelo mercado de seguran\u00e7a.<\/p>\n<p>Tamb\u00e9m podemos criar uma renderiza\u00e7\u00e3o para voc\u00ea em poucos minutos com base no seu cen\u00e1rio real. Tamb\u00e9m fornecemos layout e desenhos detalhados, bem como desenhos de instala\u00e7\u00e3o.<\/p>\n\n        \t\n\t<style type=\"text\/css\">\n\t\t.slider-info-26321.bafg-slider-info .bafg-slider-title {\n\t\t\t\t\t\tfont-size: 22px;\n\t\t\t\t\t\t\n\t\t\t\n\t\t\t\t\t}\n\n\t\t.slider-info-26321.bafg-slider-info .bafg-slider-description {\n\t\t\t\n\t\t\t\n\t\t\t\t\t}\n\n\t\t.slider-info-26321.bafg-slider-info .bafg_slider_readmore_button {\n\t\t\t\n\t\t\t\n\t\t\t\n\t\t\t\n\t\t\t\n\t\t\ttext-align: center;\n\n\t\t\t\n\t\t\t\n\t\t\t\n\t\t\t\n\t\t\t\n\t\t\t\n\t\t\t\t\t}\n\n\t\t.slider-info-26321.bafg-slider-info .bafg_slider_readmore_button:hover {\n\n\t\t\t\n\t\t\t\n\t\t\t\t\t}\n\n\t<\/style>\n\t\n        <div class=\"bafg-twentytwenty-container slider-26321 \" bafg-orientation=\"horizontal\" bafg-default-offset=\"0.5\" bafg-before-label=\"Before\" bafg-after-label=\"After\" bafg-overlay=\"yes\" bafg-move-slider-on-hover=\"yes\" bafg-click-to-move=\"no\">\n              \n            <img decoding=\"async\" class=\"skip-lazy\" src=\"http:\/\/mairsturnstile.com\/wp-content\/uploads\/2023\/07\/access-control-turnstile_4.jpg\" alt=\"\" data-skip-lazy title=\"\">\n            <img decoding=\"async\" class=\"skip-lazy\" src=\"http:\/\/mairsturnstile.com\/wp-content\/uploads\/2023\/07\/access-control-turnstile_5.jpg\" alt=\"\" data-skip-lazy title=\"\">\n           \n        <\/div>\n\n        \t<div class=\"bafg-slider-info-wraper\">\n\t\t<div style=\"\" class=\"slider-info-26321 bafg-slider-info\">\n\t\t\t\t\t<\/div>\n\t<\/div>\n\t\n        <style type=\"text\/css\">\n            \n        <\/style>\n        \n<ul>\n<li>A catraca de controle de acesso \u00e9 uma esp\u00e9cie de catraca de port\u00e3o r\u00e1pido para pedestres de design compacto, um port\u00e3o de alta velocidade, que geralmente \u00e9 aplicado em um local com alto fluxo de tr\u00e1fego em opera\u00e7\u00e3o bidirecional. A catraca digital tamb\u00e9m \u00e9 chamada de catracas eletr\u00f4nicas ou catracas eletr\u00f4nicas.<\/li>\n<li>O chassis do torniquete de controlo de acesso \u00e9 fabricado em <a href=\"https:\/\/en.wikipedia.org\/wiki\/Stainless_steel\" target=\"_blank\" rel=\"noopener\">a\u00e7o inoxid\u00e1vel<\/a> 304 com uma textura fina, o que cria um ponto de acesso elegante e sem falhas que se adequa \u00e0 maioria dos ambientes interiores.<\/li>\n<li>Esta catraca girat\u00f3ria de controle de acesso vem com padr\u00e3o internacional RS485 e rel\u00e9s, o que o torna amplamente compat\u00edvel com todos os softwares existentes na ind\u00fastria e quase todo o controle de acesso, como sistemas RFID, sistemas de c\u00f3digos de barras, sistemas de reconhecimento facial e sistemas de impress\u00e3o digital, etc.<\/li>\n<li>Em caso de emerg\u00eancia, corte a energia e a catraca girat\u00f3ria Slim abrir\u00e1 automaticamente para permitir a passagem livre, atendendo aos requisitos de seguran\u00e7a contra inc\u00eandio. Mas tem que vir com bateria. As for export, the battery is sensitive, we can use the capacitor to replace<\/li>\n<li>A catraca \u00f3ptica de controle de acesso \u00e9 adequada para solu\u00e7\u00f5es de entrada luxuosas e sofisticadas.<\/li>\n<li>Todo o sistema funciona sem problemas, com baixo ru\u00eddo e alta velocidade.<\/li>\n<li>Alarm function, if there is an illegal intrusion and reverse intrusion, the gate will alarm and the door will lock.<\/li>\n<li>H\u00e1 um total de 5 pares de sensores infravermelhos. Os sensores intermedi\u00e1rios servem para evitar belisc\u00f5es de pedestres.<\/li>\n<li>Fun\u00e7\u00e3o anti-cauda, uma pessoa pode passar de cada vez. Se algu\u00e9m seguir as pessoas da frente, a catraca digital soar\u00e1 o alarme.<\/li>\n<li>Indicador LED. Cruz Vermelha e Arqueiro Verde. Existem tamb\u00e9m indicadores LED no poste frontal. The LED light can be added to the arms.<\/li>\n<li>O acesso bidirecional reduz a necessidade de mais port\u00f5es. \u00c9 acomodado para cadeira de rodas, carrinho de compras aumenta a efici\u00eancia de passagem.<\/li>\n<li>Fun\u00e7\u00e3o de reinicializa\u00e7\u00e3o autom\u00e1tica. Se as pessoas passaram dentro do tempo predefinido (o tempo padr\u00e3o \u00e9 5 segundos), o sistema cancelar\u00e1 a autoridade do usu\u00e1rio e fechar\u00e1 automaticamente<\/li>\n<li>Anti-colis\u00e3o, Anti bra\u00e7adeira, Os port\u00f5es v\u00eam sem escova. Durante a opera\u00e7\u00e3o, se algu\u00e9m bater no bra\u00e7o, o port\u00e3o ser\u00e1 reiniciado automaticamente. Esta fun\u00e7\u00e3o evita eficazmente que os pe\u00f5es, especialmente as crian\u00e7as, colidam, cortem, batam, etc.<\/li>\n<li>Umidade de trabalho: 30% ~ 95%<\/li>\n<li>Temperatura de trabalho: -40\u2103~+70\u2103<\/li>\n<li>Interface de entrada: RS485, contato seco, rel\u00e9<\/li>\n<li>Mecanismo com embreagem para anti-hit e reset autom\u00e1tico<\/li>\n<li>Sensor infravermelho: 4 pares<\/li>\n<li>MCBF: 5.000.000 ciclos<\/li>\n<li>Caracter\u00edstica: com interface de alarme de inc\u00eandio, desbloqueie quando desligar<\/li>\n<li>Aplica\u00e7\u00e3o: Edif\u00edcio de escrit\u00f3rios, hot\u00e9is, sal\u00f5es governamentais, etc.<\/li>\n<\/ul>\n<p>Podemos fornecer toda a solu\u00e7\u00e3o de controle de acesso de seguran\u00e7a. Se voc\u00ea possui seu pr\u00f3prio sistema de controle de acesso, pode utilizar diretamente nossa catraca. Se voc\u00ea n\u00e3o tiver um, tamb\u00e9m fornecemos uma solu\u00e7\u00e3o completa de controle de acesso de seguran\u00e7a. Consulte o v\u00eddeo abaixo para obter detalhes.<\/p>\n<p><iframe title=\"Reprodutor de v\u00eddeo do YouTube\" src=\"https:\/\/www.youtube.com\/embed\/YGzRnFxTroc?si=vzmVKnbhkfuUUg1n\" width=\"1150\" height=\"650\" frameborder=\"0\" allowfullscreen=\"allowfullscreen\"><span data-mce-type=\"bookmark\" style=\"display: inline-block; width: 0px; overflow: hidden; line-height: 0;\" class=\"mce_SELRES_start\"><\/span><\/iframe><\/p>\n","protected":false},"excerpt":{"rendered":"<p>1. Tamanho: 600*130*980 mm (pode ser personalizado)<\/p>\n<p>2. Material: a\u00e7o laminado a frio de 1,5 mm com revestimento em p\u00f3<\/p>\n<p>3. Material dos bra\u00e7os: Acr\u00edlico de 10 mm (op\u00e7\u00e3o de vidro temperado)<\/p>\n<p>4. Largura de passagem: Padr\u00e3o 600 mm<\/p>\n<p>5. Mecanismo: mecanismo anti-hit e anti-belisc\u00e3o<\/p>\n<p>6. Motor sem escova 40W<\/p>\n<p>7. Dire\u00e7\u00e3o de passagem: Bidirecional<\/p>\n<p>8. Taxa de aprova\u00e7\u00e3o: 30-35 pessoas\/minuto<\/p>\n<p>9. Tempo de opera\u00e7\u00e3o: 0,2 segundos<\/p>\n<p>10. Entrada de energia: AC100-240V,50\/60HZ<\/p>\n<p><span style=\"color: #0000ff;\"><strong><a style=\"color: #0000ff;\" title=\"Torniquete de porta r\u00e1pida com certifica\u00e7\u00e3o CE Mairs\" href=\"http:\/\/mairsturnstile.com\/wp-content\/uploads\/2022\/09\/Mairs-CE-Certificate-Speed-Gate-Turnstile.pdf\" target=\"_blank\" rel=\"noopener noreferrer\">Certificado CE,<\/a> <a style=\"color: #0000ff;\" title=\"Certificado Mairs ISO9001\" href=\"http:\/\/mairsturnstile.com\/wp-content\/uploads\/2022\/09\/Mairs-Registration-Certificate-ISO9001.pdf\" target=\"_blank\" rel=\"noopener noreferrer\">Certificado ISO9001.<\/a><\/strong><\/span><\/p>\n<p><a title=\"Folheto do torniquete Slim Speed Gate\" href=\"http:\/\/mairsturnstile.com\/wp-content\/uploads\/2023\/12\/MT-S306-brochure.pdf\" target=\"_blank\" rel=\"noopener noreferrer\"><img decoding=\"async\" class=\"alignnone size-full wp-image-11034\" src=\"http:\/\/mairsturnstile.com\/wp-content\/uploads\/2022\/09\/pdf-MairsTurnstile.png\" alt=\"\" width=\"32\" height=\"32\"><strong><span style=\"color: #0000ff;\">Folheto do torniquete MT-S306 Slim Speed Gate<\/span><\/strong><\/a><\/p>\n","protected":false},"featured_media":33007,"comment_status":"closed","ping_status":"closed","template":"","meta":{"neve_meta_sidebar":"","neve_meta_container":"","neve_meta_enable_content_width":"off","neve_meta_content_width":0,"neve_meta_title_alignment":"","neve_meta_author_avatar":"","neve_post_elements_order":"","neve_meta_disable_header":"","neve_meta_disable_footer":"","neve_meta_disable_title":"","_ti_tpc_template_sync":false,"_ti_tpc_template_id":""},"product_cat":[2019,2017],"product_tag":[2113,2111,2110,2112,2109],"class_list":["post-33006","product","type-product","status-publish","has-post-thumbnail","hentry","product_cat-portoes-rapidos-pt","product_cat-torniquetes-de-seguranca","product_tag-catraca-de-controle-de-acesso","product_tag-catracas-de-ginastica","product_tag-catracas-de-seguranca","product_tag-portao-catraca-com-leitor-de-codigo-de-barras","product_tag-portao-de-catraca"],"_links":{"self":[{"href":"https:\/\/mairsturnstile.com\/pt\/wp-json\/wp\/v2\/product\/33006","targetHints":{"allow":["GET"]}}],"collection":[{"href":"https:\/\/mairsturnstile.com\/pt\/wp-json\/wp\/v2\/product"}],"about":[{"href":"https:\/\/mairsturnstile.com\/pt\/wp-json\/wp\/v2\/types\/product"}],"replies":[{"embeddable":true,"href":"https:\/\/mairsturnstile.com\/pt\/wp-json\/wp\/v2\/comments?post=33006"}],"version-history":[{"count":0,"href":"https:\/\/mairsturnstile.com\/pt\/wp-json\/wp\/v2\/product\/33006\/revisions"}],"wp:featuredmedia":[{"embeddable":true,"href":"https:\/\/mairsturnstile.com\/pt\/wp-json\/wp\/v2\/media\/33007"}],"wp:attachment":[{"href":"https:\/\/mairsturnstile.com\/pt\/wp-json\/wp\/v2\/media?parent=33006"}],"wp:term":[{"taxonomy":"product_cat","embeddable":true,"href":"https:\/\/mairsturnstile.com\/pt\/wp-json\/wp\/v2\/product_cat?post=33006"},{"taxonomy":"product_tag","embeddable":true,"href":"https:\/\/mairsturnstile.com\/pt\/wp-json\/wp\/v2\/product_tag?post=33006"}],"curies":[{"name":"wp","href":"https:\/\/api.w.org\/{rel}","templated":true}]}}