{"id":33072,"date":"2022-06-19T23:32:14","date_gmt":"2022-06-19T15:32:14","guid":{"rendered":"https:\/\/mairsturnstile.com\/product\/portao-de-catraca-deslizante-de-altura-total-mt224-p"},"modified":"2024-10-31T19:01:39","modified_gmt":"2024-10-31T11:01:39","slug":"fornecedor-de-portao-de-catraca-nos-emirados-arabes-unidos","status":"publish","type":"product","link":"https:\/\/mairsturnstile.com\/pt\/product\/fornecedor-de-portao-de-catraca-nos-emirados-arabes-unidos","title":{"rendered":"PORT\u00c3O DE CATRACA DESLIZANTE DE ALTURA TOTAL MT224-P"},"content":{"rendered":"        <!-- 3D Model html -->\r\n        <div class=\"bp_grand wrapper_58588\">   \r\n        <div class=\"bp_model_parent\">\r\n            <model-viewer class=\"model\" id=\"bp_model_id_58588\" src=\"http:\/\/mairsturnstile.com\/wp-content\/uploads\/2024\/10\/MT224p.glb\" alt=\"MT224p\" camera-controls  loading=\"auto\" auto-rotate                        >\r\n            <\/model-viewer>\r\n        \r\n            <!-- Button -->\r\n            <svg id=\"openBtn\" width=\"30px\" height=\"30px\" viewBox=\"0 0 16 16\" xmlns=\"http:\/\/www.w3.org\/2000\/svg\" fill=\"#f2f2f2\" class=\"bi bi-arrows-fullscreen model-icon\">\r\n                <path fill-rule=\"evenodd\" d=\"M5.828 10.172a.5.5 0 0 0-.707 0l-4.096 4.096V11.5a.5.5 0 0 0-1 0v3.975a.5.5 0 0 0 .5.5H4.5a.5.5 0 0 0 0-1H1.732l4.096-4.096a.5.5 0 0 0 0-.707zm4.344 0a.5.5 0 0 1 .707 0l4.096 4.096V11.5a.5.5 0 1 1 1 0v3.975a.5.5 0 0 1-.5.5H11.5a.5.5 0 0 1 0-1h2.768l-4.096-4.096a.5.5 0 0 1 0-.707zm0-4.344a.5.5 0 0 0 .707 0l4.096-4.096V4.5a.5.5 0 1 0 1 0V.525a.5.5 0 0 0-.5-.5H11.5a.5.5 0 0 0 0 1h2.768l-4.096 4.096a.5.5 0 0 0 0 .707zm-4.344 0a.5.5 0 0 1-.707 0L1.025 1.732V4.5a.5.5 0 0 1-1 0V.525a.5.5 0 0 1 .5-.5H4.5a.5.5 0 0 1 0 1H1.732l4.096 4.096a.5.5 0 0 1 0 .707z\"\/>\r\n            <\/svg>\r\n        \r\n            <svg id=\"closeBtn\" class=\"model-icon\" width=\"34px\" height=\"34px\" viewBox=\"0 0 24 24\" xmlns=\"http:\/\/www.w3.org\/2000\/svg\">\r\n                <path fill=\"none\" stroke=\"#f2f2f2\" stroke-width=\"2\" d=\"M7,7 L17,17 M7,17 L17,7\"\/>\r\n            <\/svg>\r\n        \r\n        <\/div>\r\n        <\/div> \r\n\r\n        <!-- Model Viewer Style -->\r\n        <style>\r\n            \r\n            .wrapper_58588 .bp_model_parent, #bp_model_id_58588 {\r\n                width: 1150px;\r\n                max-width: 100%;\r\n                                            }\r\n            #bp_model_id_58588 {\r\n                height:700px;\r\n                background-color: #f9f9f9;\r\n            }\r\n            .fullscreen #bp_model_id_58588{\r\n            height: 100%;\r\n            width: 100%;\r\n            }\r\n            .wrapper_58588 .bp_model_parent{\r\n                justify-content: start            }\r\n            model-viewer.model {\r\n                --poster-color: transparent;\r\n            }\r\n        <\/style>\r\n        \r\n        \n<h4>A CATRACA DE PORT\u00c3O DESLIZANTE DE ALTURA COMPLETA MT224-P tem 2 anos de garantia e suporte dur\u00e1vel de manuten\u00e7\u00e3o e reparo.<\/h4>\n<p>Fornecedor profissional de port\u00e3o de catraca no fabricante de port\u00e3o de catraca dos Emirados \u00c1rabes Unidos &#8211; MairsTurnstile exporta o port\u00e3o de catraca de seguran\u00e7a da melhor qualidade para Dubai, Emirados \u00c1rabes Unidos. Se voc\u00ea est\u00e1 procurando uma catraca de seguran\u00e7a para o seu projeto, se voc\u00ea est\u00e1 procurando um fornecedor profissional e confi\u00e1vel de catraca nos Emirados \u00c1rabes Unidos, entre em contato com MairsTurnstile. Assumiremos total responsabilidade pelas catracas de seguran\u00e7a que voc\u00ea precisa de nossa f\u00e1brica em Dubai, Emirados \u00c1rabes Unidos, ao mesmo tempo, oferecemos pre\u00e7os competitivos e os melhores servi\u00e7os.<\/p>\n<p>We can provide OEM and ODM services. Tamb\u00e9m fornecemos dispositivos biom\u00e9tricos, como leitores de cart\u00f5es IC\/ID, leitores de impress\u00e3o digital, leitores de c\u00f3digo QR, c\u00e2meras de reconhecimento facial e assim por diante.<\/p>\n<p>Tamb\u00e9m fornecemos outros tipos de catracas. Por exemplo, temos <a href=\"https:\/\/mairsturnstile.com\/product\/outdoor-turnstile\">torniquetes exteriores<\/a> e <a href=\"https:\/\/mairsturnstile.com\/category\/full-height-turnstiles\">torniquetes de altura total<\/a> especialmente concebidos para ambientes exteriores adversos. Os materiais dessas catracas tamb\u00e9m podem ser customizados de acordo com sua necessidade. Tivemos clientes fabricando especialmente port\u00f5es de catraca de altura total em material 316 para se adaptarem a ambientes especiais. Como fornecedor profissional de catracas nos Emirados \u00c1rabes Unidos, somos respons\u00e1veis por fornecer catracas e servi\u00e7os de alta qualidade para satisfazer nossos clientes.<\/p>\n<h4>Torniquete de port\u00e3o deslizante de altura total com sistema de controle de <span style=\"font-style: inherit; font-weight: inherit;\">acesso RFID para parque de divers\u00f5es.<\/span><\/h4>\n<p>A CATRACA DE PORT\u00c3O DESLIZANTE DE ALTURA TOTAL MT224-P oferece um m\u00e9todo confi\u00e1vel e eficiente para garantir que apenas usu\u00e1rios autorizados tenham acesso a cada \u00e1rea de um edif\u00edcio. Um indicador de dire\u00e7\u00e3o mostrou que o acesso de pedestres ao status atual e orienta os pedestres atrav\u00e9s da passagem correta e suave. A <a href=\"https:\/\/mairsturnstile.com\/what-is-flap-barrier.html\">barreira bas<\/a> culante de um fornecedor de torniquetes nos Emirados \u00c1rabes Unidos est\u00e1 altamente integrada em todos os sistemas de controlo de acesso, como o reconhecimento facial com dispositivos de controlo de temperatura, impress\u00f5es digitais, leitores <a href=\"https:\/\/en.wikipedia.org\/wiki\/QR_code\" target=\"_blank\" rel=\"noopener\">de c\u00f3digo QR<\/a>, sistemas RFID, etc.<\/p>\n<p>Tamb\u00e9m podemos criar uma renderiza\u00e7\u00e3o para voc\u00ea em poucos minutos com base no seu cen\u00e1rio real. Tamb\u00e9m fornecemos layouts e desenhos detalhados, bem como desenhos de instala\u00e7\u00e3o.<\/p>\n\n        \t\n\t<style type=\"text\/css\">\n\t\t.slider-info-58587.bafg-slider-info .bafg-slider-title {\n\t\t\t\t\t\tfont-size: 22px;\n\t\t\t\t\t\t\n\t\t\t\n\t\t\t\t\t}\n\n\t\t.slider-info-58587.bafg-slider-info .bafg-slider-description {\n\t\t\t\n\t\t\t\n\t\t\t\t\t}\n\n\t\t.slider-info-58587.bafg-slider-info .bafg_slider_readmore_button {\n\t\t\t\n\t\t\t\n\t\t\t\n\t\t\t\n\t\t\t\n\t\t\ttext-align: center;\n\n\t\t\t\n\t\t\t\n\t\t\t\n\t\t\t\n\t\t\t\n\t\t\t\n\t\t\t\t\t}\n\n\t\t.slider-info-58587.bafg-slider-info .bafg_slider_readmore_button:hover {\n\n\t\t\t\n\t\t\t\n\t\t\t\t\t}\n\n\t<\/style>\n\t\n        <div class=\"bafg-twentytwenty-container slider-58587 \" bafg-orientation=\"horizontal\" bafg-default-offset=\"0.5\" bafg-before-label=\"Before\" bafg-after-label=\"After\" bafg-overlay=\"yes\" bafg-move-slider-on-hover=\"yes\" bafg-click-to-move=\"no\">\n              \n            <img decoding=\"async\" class=\"skip-lazy\" src=\"http:\/\/mairsturnstile.com\/wp-content\/uploads\/2024\/10\/sliding-turnstile-7.jpg\" alt=\"sliding turnstile\" data-skip-lazy title=\"\">\n            <img decoding=\"async\" class=\"skip-lazy\" src=\"http:\/\/mairsturnstile.com\/wp-content\/uploads\/2022\/06\/turnstile-gate-supplier-in-uae-5.jpg\" alt=\"turnstile gate supplier in uae\" data-skip-lazy title=\"\">\n           \n        <\/div>\n\n        \t<div class=\"bafg-slider-info-wraper\">\n\t\t<div style=\"\" class=\"slider-info-58587 bafg-slider-info\">\n\t\t\t\t\t<\/div>\n\t<\/div>\n\t\n        <style type=\"text\/css\">\n            \n        <\/style>\n        \n<ul>\n<li>A catraca deslizante com barreira de aba \u00e9 constru\u00edda para controlar as pessoas que entram ou saem da \u00e1rea restrita. Geralmente \u00e9 usado em locais de alto fluxo de pedestres em ambas as dire\u00e7\u00f5es.<\/li>\n<li>Casing Material: 304 stainless steel and black acrylic<\/li>\n<li>Reliability of the mechanism: 3 million-5 million, no-fault<\/li>\n<li>Largura da pista: 900 mm pode ser personalizado<\/li>\n<li>Peso: 70 kg\/p\u00e7s<\/li>\n<li>Dire\u00e7\u00e3o de trabalho: bidirecional\/\u00fanico direcional<\/li>\n<li>Fornecedor profissional de port\u00f5es de catraca nos Emirados \u00c1rabes Unidos<\/li>\n<li>Emerg\u00eancia: abrem automaticamente quando a eletricidade \u00e9 cortada com um condensador<\/li>\n<li>Fornecedor de port\u00f5es de torniquete nos Emirados \u00c1rabes Unidos Humidade: \u226490\uff05<\/li>\n<li>Material dos bra\u00e7os: acr\u00edlico 10mm (op\u00e7\u00e3o vidro temperado)<\/li>\n<li>Com 6 pares de sensores<\/li>\n<li>Temperatura de trabalho: -20\u00b0C~60\u00b0C<\/li>\n<li>Communication distance: \u22641200 m<\/li>\n<li>Communication interface: RS485<\/li>\n<li>Feature: IC\/ID reader, Barcode Reader, Face recognition, Fingerprint, other access control equipment, UPS, etc<\/li>\n<li>O tempo necess\u00e1rio para abertura: 0,2 s<\/li>\n<li>Ambiente de trabalho: Dentro de casa<\/li>\n<li>Faixa de aplica\u00e7\u00e3o: Comunidade, pr\u00e9dio de escrit\u00f3rios, escola, local do resort, instala\u00e7\u00e3o governamental, etc.<\/li>\n<li>Reliable Turnstile Gate Supplier in UAE<\/li>\n<li>Este inv\u00f3lucro da catraca para port\u00e3o deslizante com barreira de aba \u00e9 feito de a\u00e7o inoxid\u00e1vel 304 escovado, o que cria um sistema de entrada perfeito e agrad\u00e1vel para se misturar \u00e0 maioria dos ambientes internos.<\/li>\n<li>Pode ser integrado com todos os sistemas de controle de acesso de terceiros (ex.: sistema de acesso RFID, Push the button, impress\u00e3o digital e reconhecimento facial com verifica\u00e7\u00e3o de temperatura).<\/li>\n<li>Em caso de emerg\u00eancia, o bra\u00e7o FlapTurnstile abrir\u00e1 automaticamente conectando-se \u00e0 bateria ou capacitor para permitir a passagem livre.<\/li>\n<li>As catracas \u00f3pticas de barreira com aba s\u00e3o adequadas para solu\u00e7\u00f5es de entrada luxuosas e elegantes.<\/li>\n<li>A catraca flap apresenta velocidade r\u00e1pida, longa vida \u00fatil, alto desempenho e alta confiabilidade de opera\u00e7\u00e3o<\/li>\n<li>Fun\u00e7\u00e3o de alarme, em caso de intrus\u00e3o ilegal e intrus\u00e3o reversa.<\/li>\n<li>O sensor infravermelho ir\u00e1 soar um alarme e a luz LED piscar\u00e1 para evitar beliscar os pedestres.<\/li>\n<li>Fun\u00e7\u00e3o de reinicializa\u00e7\u00e3o autom\u00e1tica: os bra\u00e7os da aba fechar\u00e3o automaticamente dentro de 5s por padr\u00e3o (pode ser definido) se um passageiro atrasar para<\/li>\n<li>A catraca da aba permanecer\u00e1 na fechadura se algu\u00e9m quiser entrar sem passar o cart\u00e3o RFID.<\/li>\n<li>O indicador direcional LED na coluna superior e frontal.<\/li>\n<li>Melhor fornecedor de catraca nos Emirados \u00c1rabes Unidos<\/li>\n<li>Fun\u00e7\u00e3o anti-reversa, a catraca avisa caso algu\u00e9m queira entrar no sentido inverso.<\/li>\n<li>A corrida bidirecional ou unidirecional s\u00e3o op\u00e7\u00f5es<\/li>\n<\/ul>\n<p>Podemos fornecer toda a solu\u00e7\u00e3o de controle de acesso de seguran\u00e7a. Se voc\u00ea possui seu pr\u00f3prio sistema de controle de acesso, pode utilizar diretamente nossa catraca. Se voc\u00ea n\u00e3o tiver um, tamb\u00e9m fornecemos uma solu\u00e7\u00e3o completa de controle de acesso de seguran\u00e7a. Consulte o v\u00eddeo abaixo para obter detalhes.<\/p>\n<p><iframe title=\"Torniquete deslizante, Torniquete para port\u00e3o deslizante, Torniquete deslizante super deve de altura total - MairsTurnstile\" src=\"https:\/\/www.youtube.com\/embed\/NWiaz1Su7BI\" width=\"1150\" height=\"650\" frameborder=\"0\" allowfullscreen=\"allowfullscreen\"><\/iframe><\/p>\n","protected":false},"excerpt":{"rendered":"<p>1. Tamanho: 1000*300*1000 mm (pode ser personalizado)<\/p>\n<p>2. Largura da pista: 550 mm (padr\u00e3o) Personalizado 900 mm (deficientes)<\/p>\n<p>3. Velocidade de passagem: 35 pessoas\/min<\/p>\n<p>4. Fonte de alimenta\u00e7\u00e3o: 110V\/220V 50\/60Hz<\/p>\n<p>5. Motor de condu\u00e7\u00e3o: 90W<\/p>\n<p>6. Entrada: rel\u00e9 de contato seco de 12V<\/p>\n<p>7. Motor de condu\u00e7\u00e3o: DC24V<\/p>\n<p>8. Mecanismo: mecanismo de motor escovado DC<\/p>\n<p>9. Altura do bra\u00e7o em rela\u00e7\u00e3o ao solo: padr\u00e3o 1500 mm (m\u00e1ximo de 1800 mm)<\/p>\n<p><span style=\"color: #0000ff;\"><strong><a style=\"color: #0000ff;\" title=\"Torniquete de barreira de aba com certifica\u00e7\u00e3o CE Mairs\" href=\"http:\/\/mairsturnstile.com\/wp-content\/uploads\/2022\/09\/Mairs-CE-Certificate-Flap-Barrier-Turnstile.pdf\" target=\"_blank\" rel=\"noopener noreferrer\">Certificado CE,<\/a> <a style=\"color: #0000ff;\" title=\"Certificado Mairs ISO9001\" href=\"http:\/\/mairsturnstile.com\/wp-content\/uploads\/2022\/09\/Mairs-Registration-Certificate-ISO9001.pdf\" target=\"_blank\" rel=\"noopener noreferrer\">Certificado ISO9001.<\/a><\/strong><\/span><\/p>\n","protected":false},"featured_media":58510,"comment_status":"closed","ping_status":"closed","template":"","meta":{"neve_meta_sidebar":"","neve_meta_container":"","neve_meta_enable_content_width":"off","neve_meta_content_width":0,"neve_meta_title_alignment":"","neve_meta_author_avatar":"","neve_post_elements_order":"","neve_meta_disable_header":"","neve_meta_disable_footer":"","neve_meta_disable_title":"","_ti_tpc_template_sync":false,"_ti_tpc_template_id":""},"product_cat":[2018,2017],"product_tag":[2111,2126,2125,2124,2129,2127,2128],"class_list":["post-33072","product","type-product","status-publish","has-post-thumbnail","hentry","product_cat-torniquete-deslizante-pt","product_cat-torniquetes-de-seguranca","product_tag-catracas-de-ginastica","product_tag-fornecedor-de-catraca-nos-emirados-arabes-unidos","product_tag-fornecedor-de-portao-de-catraca-nos-emirados-arabes-unidos","product_tag-portao-de-barreira-de-catraca","product_tag-portao-de-catraca-emirados-arabes-unidos","product_tag-portoes-de-catraca-dubai","product_tag-torniquete-deslizante-de-altura-total"],"_links":{"self":[{"href":"https:\/\/mairsturnstile.com\/pt\/wp-json\/wp\/v2\/product\/33072","targetHints":{"allow":["GET"]}}],"collection":[{"href":"https:\/\/mairsturnstile.com\/pt\/wp-json\/wp\/v2\/product"}],"about":[{"href":"https:\/\/mairsturnstile.com\/pt\/wp-json\/wp\/v2\/types\/product"}],"replies":[{"embeddable":true,"href":"https:\/\/mairsturnstile.com\/pt\/wp-json\/wp\/v2\/comments?post=33072"}],"version-history":[{"count":0,"href":"https:\/\/mairsturnstile.com\/pt\/wp-json\/wp\/v2\/product\/33072\/revisions"}],"wp:featuredmedia":[{"embeddable":true,"href":"https:\/\/mairsturnstile.com\/pt\/wp-json\/wp\/v2\/media\/58510"}],"wp:attachment":[{"href":"https:\/\/mairsturnstile.com\/pt\/wp-json\/wp\/v2\/media?parent=33072"}],"wp:term":[{"taxonomy":"product_cat","embeddable":true,"href":"https:\/\/mairsturnstile.com\/pt\/wp-json\/wp\/v2\/product_cat?post=33072"},{"taxonomy":"product_tag","embeddable":true,"href":"https:\/\/mairsturnstile.com\/pt\/wp-json\/wp\/v2\/product_tag?post=33072"}],"curies":[{"name":"wp","href":"https:\/\/api.w.org\/{rel}","templated":true}]}}