{"id":33092,"date":"2022-05-13T17:25:20","date_gmt":"2022-05-13T09:25:20","guid":{"rendered":"https:\/\/mairsturnstile.com\/product\/tornatilas-de-portao-de-rapidez-lobby-mt381"},"modified":"2023-10-30T11:56:09","modified_gmt":"2023-10-30T03:56:09","slug":"catracas-do-lobby","status":"publish","type":"product","link":"https:\/\/mairsturnstile.com\/pt\/product\/catracas-do-lobby","title":{"rendered":"TORNATILAS DE PORT\u00c3O DE RAPIDEZ LOBBY MT381"},"content":{"rendered":"        <!-- 3D Model html -->\r\n        <div class=\"bp_grand wrapper_25606\">   \r\n        <div class=\"bp_model_parent\">\r\n            <model-viewer class=\"model\" id=\"bp_model_id_25606\" src=\"http:\/\/mairsturnstile.com\/wp-content\/uploads\/2024\/11\/MT382.glb\" alt=\"MT382\" camera-controls  loading=\"auto\" auto-rotate                        >\r\n            <\/model-viewer>\r\n        \r\n            <!-- Button -->\r\n            <svg id=\"openBtn\" width=\"30px\" height=\"30px\" viewBox=\"0 0 16 16\" xmlns=\"http:\/\/www.w3.org\/2000\/svg\" fill=\"#f2f2f2\" class=\"bi bi-arrows-fullscreen model-icon\">\r\n                <path fill-rule=\"evenodd\" d=\"M5.828 10.172a.5.5 0 0 0-.707 0l-4.096 4.096V11.5a.5.5 0 0 0-1 0v3.975a.5.5 0 0 0 .5.5H4.5a.5.5 0 0 0 0-1H1.732l4.096-4.096a.5.5 0 0 0 0-.707zm4.344 0a.5.5 0 0 1 .707 0l4.096 4.096V11.5a.5.5 0 1 1 1 0v3.975a.5.5 0 0 1-.5.5H11.5a.5.5 0 0 1 0-1h2.768l-4.096-4.096a.5.5 0 0 1 0-.707zm0-4.344a.5.5 0 0 0 .707 0l4.096-4.096V4.5a.5.5 0 1 0 1 0V.525a.5.5 0 0 0-.5-.5H11.5a.5.5 0 0 0 0 1h2.768l-4.096 4.096a.5.5 0 0 0 0 .707zm-4.344 0a.5.5 0 0 1-.707 0L1.025 1.732V4.5a.5.5 0 0 1-1 0V.525a.5.5 0 0 1 .5-.5H4.5a.5.5 0 0 1 0 1H1.732l4.096 4.096a.5.5 0 0 1 0 .707z\"\/>\r\n            <\/svg>\r\n        \r\n            <svg id=\"closeBtn\" class=\"model-icon\" width=\"34px\" height=\"34px\" viewBox=\"0 0 24 24\" xmlns=\"http:\/\/www.w3.org\/2000\/svg\">\r\n                <path fill=\"none\" stroke=\"#f2f2f2\" stroke-width=\"2\" d=\"M7,7 L17,17 M7,17 L17,7\"\/>\r\n            <\/svg>\r\n        \r\n        <\/div>\r\n        <\/div> \r\n\r\n        <!-- Model Viewer Style -->\r\n        <style>\r\n            \r\n            .wrapper_25606 .bp_model_parent, #bp_model_id_25606 {\r\n                width: 1150px;\r\n                max-width: 100%;\r\n                                            }\r\n            #bp_model_id_25606 {\r\n                height:700px;\r\n                background-color: #f9f9f9;\r\n            }\r\n            .fullscreen #bp_model_id_25606{\r\n            height: 100%;\r\n            width: 100%;\r\n            }\r\n            .wrapper_25606 .bp_model_parent{\r\n                justify-content: start            }\r\n            model-viewer.model {\r\n                --poster-color: transparent;\r\n            }\r\n        <\/style>\r\n        \r\n        \n<h4>CATRACA DE PORT\u00c3O DE RAPIDEZ DE PORT\u00c3O DE \u00c1GUA MT353 tem garantia de 2 anos e suporte dur\u00e1vel de manuten\u00e7\u00e3o e reparo.<\/h4>\n<p>Podemos fornecer servi\u00e7os OEM e ODM. Temos designers experientes que podem realizar uma personaliza\u00e7\u00e3o profunda de acordo com qualquer uma de suas necessidades. Forneceremos uma s\u00e9rie de materiais, como renderiza\u00e7\u00f5es 3D, desenhos dimensionais, etc. Tamb\u00e9m fornecemos dispositivos biom\u00e9tricos, como leitores de cart\u00f5es IC\/ID, leitores de impress\u00e3o digital, leitores de c\u00f3digo QR, c\u00e2meras de reconhecimento facial e assim por diante. Se precisar de integrar estes dispositivos no torniquete de seguran\u00e7a do \u00e1trio ou se tiver alguma d\u00favida, <a href=\"https:\/\/mairsturnstile.com\/contact\">contacte-nos<\/a><\/p>\n<p><strong>As catracas de lobby s\u00e3o uma esp\u00e9cie de catraca para pedestres usada em sagu\u00f5es de v\u00e1rios edif\u00edcios para controlar e gerenciar o acesso de pessoal.<\/strong> O uso da catraca do sagu\u00e3o melhorou muito a efici\u00eancia da verifica\u00e7\u00e3o e do tr\u00e1fego do pr\u00e9dio. Geralmente, os torniquetes de velocidade e os torniquetes girat\u00f3rios s\u00e3o os torniquetes de \u00e1trio mais comuns, e alguns clientes escolhem o <a href=\"https:\/\/mairsturnstile.com\/what-is-flap-barrier.html\">torniquete de barreira basculante<\/a> de acordo com as suas necessidades reais como torniquetes de \u00e1trio.<\/p>\n<p>\u00c9 claro que, para al\u00e9m do <a href=\"https:\/\/mairsturnstile.com\/swing-turnstile-gate.html\">torniquete de balan\u00e7o<\/a> e do <a href=\"https:\/\/mairsturnstile.com\/speed-gates.html\">torniquete de velocidade<\/a>, para os edif\u00edcios de escrit\u00f3rios com muitos empregados e muitas entradas e sa\u00eddas, \u00e9 tamb\u00e9m uma boa escolha instalar um torniquete de barreira basculante inteligente no \u00e1trio ou no escrit\u00f3rio.<\/p>\n<p>Para alguns \u00f3rg\u00e3os e unidades governamentais ou locais com fortes requisitos de confidencialidade e alta seguran\u00e7a, a catraca deslizante pode ser selecionada como o principal equipamento de gerenciamento de controle de acesso, que possui gerenciamento de acesso mais rigoroso e medidas de seguran\u00e7a mais r\u00edgidas. As medidas de seguran\u00e7a refletem-se principalmente no seu design. O bra\u00e7o deslizante \u00e9 relativamente alto para evitar perfura\u00e7\u00e3o e escalada, e o material principal \u00e9 o vidro acr\u00edlico. A vis\u00e3o deste canal n\u00e3o ser\u00e1 limitada. Est\u00e1 colocado no hall do pr\u00e9dio de escrit\u00f3rios, e o todo ainda \u00e9 transparente e claro.<\/p>\n<p>As catracas do lobby podem n\u00e3o apenas realizar efetivamente o gerenciamento de pessoal do acesso ao edif\u00edcio e reduzir o custo de gerenciamento de pessoal da propriedade ou edif\u00edcio, mas tamb\u00e9m aumentar a beleza do lobby do edif\u00edcio e fazer com que todo o lobby pare\u00e7a mais sofisticado.<\/p>\n<p>Tamb\u00e9m podemos criar uma renderiza\u00e7\u00e3o para voc\u00ea em poucos minutos com base no seu cen\u00e1rio real. Tamb\u00e9m fornecemos layout e desenhos detalhados, bem como desenhos de instala\u00e7\u00e3o.<\/p>\n\n        \t\n\t<style type=\"text\/css\">\n\t\t.slider-info-25641.bafg-slider-info .bafg-slider-title {\n\t\t\t\t\t\tfont-size: 22px;\n\t\t\t\t\t\t\n\t\t\t\n\t\t\t\t\t}\n\n\t\t.slider-info-25641.bafg-slider-info .bafg-slider-description {\n\t\t\t\n\t\t\t\n\t\t\t\t\t}\n\n\t\t.slider-info-25641.bafg-slider-info .bafg_slider_readmore_button {\n\t\t\t\n\t\t\t\n\t\t\t\n\t\t\t\n\t\t\t\n\t\t\ttext-align: center;\n\n\t\t\t\n\t\t\t\n\t\t\t\n\t\t\t\n\t\t\t\n\t\t\t\n\t\t\t\t\t}\n\n\t\t.slider-info-25641.bafg-slider-info .bafg_slider_readmore_button:hover {\n\n\t\t\t\n\t\t\t\n\t\t\t\t\t}\n\n\t<\/style>\n\t\n        <div class=\"bafg-twentytwenty-container slider-25641 \" bafg-orientation=\"horizontal\" bafg-default-offset=\"0.5\" bafg-before-label=\"Before\" bafg-after-label=\"After\" bafg-overlay=\"yes\" bafg-move-slider-on-hover=\"yes\" bafg-click-to-move=\"no\">\n              \n            <img decoding=\"async\" class=\"skip-lazy\" src=\"http:\/\/mairsturnstile.com\/wp-content\/uploads\/2020\/09\/turnstile-gates-egypt-6.jpg\" alt=\"turnstile gates egypt\" data-skip-lazy title=\"\">\n            <img decoding=\"async\" class=\"skip-lazy\" src=\"http:\/\/mairsturnstile.com\/wp-content\/uploads\/2024\/11\/lobby-turnstiles.jpg\" alt=\"lobby turnstiles\" data-skip-lazy title=\"\">\n           \n        <\/div>\n\n        \t<div class=\"bafg-slider-info-wraper\">\n\t\t<div style=\"\" class=\"slider-info-25641 bafg-slider-info\">\n\t\t\t\t\t<\/div>\n\t<\/div>\n\t\n        <style type=\"text\/css\">\n            \n        <\/style>\n        \n<p>O port\u00e3o de catracas do lobby Fastlane \u00e9 um sistema inteligente de seguran\u00e7a de controle de acesso. Pode integrar-se em qualquer tipo de sistema de controlo de acesso, como o reconhecimento facial de impress\u00f5es digitais, sistemas RFID, impress\u00f5es digitais, <a href=\"https:\/\/en.wikipedia.org\/wiki\/QR_code\" target=\"_blank\" rel=\"noopener\">c\u00f3digo QR<\/a>, etc.<\/p>\n<p>O mecanismo de alta velocidade e o design de apar\u00eancia elegante fazem dele a escolha ideal para um pr\u00e9dio de escrit\u00f3rios, universidade, parque de divers\u00f5es, etc. Uma catraca girat\u00f3ria \u00e9 uma catraca de alta efici\u00eancia que \u00e9 facilmente capaz de lidar com grandes volumes e condi\u00e7\u00f5es abusivas.<\/p>\n<ul>\n<li>Em caso de emerg\u00eancia, corte a energia, as catracas do lobby Fastlane abrir\u00e3o automaticamente para permitir a passagem livre, atendendo aos requisitos de seguran\u00e7a contra inc\u00eandio. Mas tem que vir com bateria. As for export, the battery is sensitive, we can use the capacitor to replace<\/li>\n<li>As catracas do lobby s\u00e3o adequadas para solu\u00e7\u00f5es de entrada luxuosas e sofisticadas.<\/li>\n<li>Todo o sistema funciona sem problemas, com baixo ru\u00eddo e alta velocidade.<\/li>\n<li>Fun\u00e7\u00e3o de alarme, se houver uma intrus\u00e3o ilegal ou reversa, o port\u00e3o ir\u00e1 soar um alarme e a porta ser\u00e1 travada.<\/li>\n<li>H\u00e1 um total de 6 pares de sensores infravermelhos. O sensor do meio serve para evitar beliscar pedestres.<\/li>\n<li>Fun\u00e7\u00e3o anti-cauda, uma pessoa pode passar de cada vez. Se algu\u00e9m seguir as pessoas da frente, o port\u00e3o ir\u00e1 alarmar<\/li>\n<li>Indicador LED. Cruz Vermelha e Arqueiro Verde. Existem tamb\u00e9m indicadores LED no poste frontal. The LED light can be added to the arms.<\/li>\n<li>O acesso bidirecional reduz a necessidade de mais port\u00f5es. \u00c9 acomodado para cadeira de rodas, carrinho de compras aumenta a efici\u00eancia de passagem.<\/li>\n<li>Fun\u00e7\u00e3o de reinicializa\u00e7\u00e3o autom\u00e1tica. Caso as pessoas n\u00e3o passem dentro do tempo predefinido (o tempo padr\u00e3o \u00e9 5 segundos), o sistema cancelar\u00e1 a autoridade do usu\u00e1rio e fechar\u00e1 automaticamente<\/li>\n<li>Anti-colis\u00e3o, Anti bra\u00e7adeira, Os port\u00f5es v\u00eam com motor sem escova. Durante a opera\u00e7\u00e3o, se algu\u00e9m bater no bra\u00e7o, o port\u00e3o ser\u00e1 reiniciado automaticamente. Esta fun\u00e7\u00e3o evita eficazmente que os pe\u00f5es, especialmente as crian\u00e7as, colidam, cortem, batam, etc.<\/li>\n<li>O mecanismo anti-hit, reinicia automaticamente ao encontrar impacto de for\u00e7a<\/li>\n<li>Material do inv\u00f3lucro das catracas do lobby: a\u00e7o inoxid\u00e1vel 304 e revestido a p\u00f3<\/li>\n<li>Confiabilidade do mecanismo: 5 milh\u00f5es, sem culpa<\/li>\n<li>Bra\u00e7o de localiza\u00e7\u00e3o do interruptor Hall, mais preciso<\/li>\n<li>Dire\u00e7\u00e3o de trabalho: bidirecional\/\u00fanico direcional<\/li>\n<li>Situa\u00e7\u00e3o de emerg\u00eancia: abra automaticamente quando a eletricidade for cortada com um capacitor<\/li>\n<li>Umidade: \u226490%<\/li>\n<li>Luzes LED nos bra\u00e7os est\u00e3o dispon\u00edveis<\/li>\n<li>Espessura do bra\u00e7o acr\u00edlico: 10 mm<\/li>\n<li>Temperatura de trabalho: -20\u00b0C~60\u00b0C<\/li>\n<li>Communication distance: \u22641200 m<\/li>\n<li>Communication interface: RS485<\/li>\n<li>Feature: IC\/ID reader, Barcode Reader, Face recognition, Fingerprint, other access control equipment, UPS, etc<\/li>\n<li>O tempo necess\u00e1rio para abertura: 0,2 s<\/li>\n<li>Ambiente de trabalho: Dentro de casa<\/li>\n<li>Faixa de aplica\u00e7\u00e3o: Comunidade, F\u00e1brica, Canteiro de Obras, Escola, Local do resort, etc.<\/li>\n<\/ul>\n<p>Podemos fornecer toda a solu\u00e7\u00e3o de controle de acesso de seguran\u00e7a. Se voc\u00ea possui seu pr\u00f3prio sistema de controle de acesso, pode utilizar diretamente nossa catraca. Se voc\u00ea n\u00e3o tiver um, tamb\u00e9m fornecemos uma solu\u00e7\u00e3o completa de controle de acesso de seguran\u00e7a. Consulte o v\u00eddeo abaixo para obter detalhes.<\/p>\n<p><iframe title=\"Novo design de catraca de port\u00e3o r\u00e1pido, catracas de lobby, catraca de escrit\u00f3rio - MairsTurnstile.com\" src=\"https:\/\/www.youtube.com\/embed\/izk8WuYn4no\" width=\"1150\" height=\"650\" frameborder=\"0\" allowfullscreen=\"allowfullscreen\"><\/iframe><\/p>\n","protected":false},"excerpt":{"rendered":"<p>1. Tamanho: 1400*150*1000 mm (pode ser personalizado)<\/p>\n<p>2. Largura da pista: 600 mm (padr\u00e3o) 900 mm (para deficientes)<\/p>\n<p>3. Material do bra\u00e7o: Acr\u00edlico<\/p>\n<p>4. Velocidade de passagem: 40 pessoas\/min<\/p>\n<p>5. Fonte de alimenta\u00e7\u00e3o: 110 V\/220 V 50\/60 Hz<\/p>\n<p>6. Motor sem escova: 40W<\/p>\n<p>7. Sinal de port\u00e3o aberto: contato seco\/rel\u00e9<\/p>\n<p>8. Motor de acionamento: 24 V<\/p>\n<p>9. Peso: 70 kg\/p\u00e7s<\/p>\n<p><span style=\"color: #0000ff;\"><strong><a style=\"color: #0000ff;\" title=\"Torniquete de porta r\u00e1pida com certifica\u00e7\u00e3o CE Mairs\" href=\"http:\/\/mairsturnstile.com\/wp-content\/uploads\/2022\/09\/Mairs-CE-Certificate-Speed-Gate-Turnstile.pdf\" target=\"_blank\" rel=\"noopener noreferrer\">Certificado CE,<\/a> <a style=\"color: #0000ff;\" title=\"Certificado Mairs ISO9001\" href=\"http:\/\/mairsturnstile.com\/wp-content\/uploads\/2022\/09\/Mairs-Registration-Certificate-ISO9001.pdf\" target=\"_blank\" rel=\"noopener noreferrer\">Certificado ISO9001.<\/a><\/strong><\/span><\/p>\n","protected":false},"featured_media":33102,"comment_status":"closed","ping_status":"closed","template":"","meta":{"neve_meta_sidebar":"","neve_meta_container":"","neve_meta_enable_content_width":"off","neve_meta_content_width":0,"neve_meta_title_alignment":"","neve_meta_author_avatar":"","neve_post_elements_order":"","neve_meta_disable_header":"","neve_meta_disable_footer":"","neve_meta_disable_title":"","_ti_tpc_template_sync":false,"_ti_tpc_template_id":""},"product_cat":[2019,2017],"product_tag":[2137,2136,2135,2134],"class_list":["post-33092","product","type-product","status-publish","has-post-thumbnail","hentry","product_cat-portoes-rapidos-pt","product_cat-torniquetes-de-seguranca","product_tag-catracas-de-seguranca-do-lobby","product_tag-catracas-do-saguao","product_tag-construcao-de-catracas","product_tag-portoes-de-entrada-catraca"],"_links":{"self":[{"href":"https:\/\/mairsturnstile.com\/pt\/wp-json\/wp\/v2\/product\/33092","targetHints":{"allow":["GET"]}}],"collection":[{"href":"https:\/\/mairsturnstile.com\/pt\/wp-json\/wp\/v2\/product"}],"about":[{"href":"https:\/\/mairsturnstile.com\/pt\/wp-json\/wp\/v2\/types\/product"}],"replies":[{"embeddable":true,"href":"https:\/\/mairsturnstile.com\/pt\/wp-json\/wp\/v2\/comments?post=33092"}],"version-history":[{"count":0,"href":"https:\/\/mairsturnstile.com\/pt\/wp-json\/wp\/v2\/product\/33092\/revisions"}],"wp:featuredmedia":[{"embeddable":true,"href":"https:\/\/mairsturnstile.com\/pt\/wp-json\/wp\/v2\/media\/33102"}],"wp:attachment":[{"href":"https:\/\/mairsturnstile.com\/pt\/wp-json\/wp\/v2\/media?parent=33092"}],"wp:term":[{"taxonomy":"product_cat","embeddable":true,"href":"https:\/\/mairsturnstile.com\/pt\/wp-json\/wp\/v2\/product_cat?post=33092"},{"taxonomy":"product_tag","embeddable":true,"href":"https:\/\/mairsturnstile.com\/pt\/wp-json\/wp\/v2\/product_tag?post=33092"}],"curies":[{"name":"wp","href":"https:\/\/api.w.org\/{rel}","templated":true}]}}