{"id":33116,"date":"2022-05-12T18:22:10","date_gmt":"2022-05-12T10:22:10","guid":{"rendered":"https:\/\/mairsturnstile.com\/product\/torniquete-automatico-led-torniquete-automatico-de-tripe-mt124"},"modified":"2023-10-30T11:56:52","modified_gmt":"2023-10-30T03:56:52","slug":"catraca-automatica","status":"publish","type":"product","link":"https:\/\/mairsturnstile.com\/pt\/product\/catraca-automatica","title":{"rendered":"Torniquete autom\u00e1tico LED Torniquete autom\u00e1tico de trip\u00e9 MT124"},"content":{"rendered":"        <!-- 3D Model html -->\r\n        <div class=\"bp_grand wrapper_20727\">   \r\n        <div class=\"bp_model_parent\">\r\n            <model-viewer class=\"model\" id=\"bp_model_id_20727\" src=\"http:\/\/mairsturnstile.com\/wp-content\/uploads\/2023\/06\/MT124.glb\" alt=\"MT124\" camera-controls  loading=\"auto\" auto-rotate                        >\r\n            <\/model-viewer>\r\n        \r\n            <!-- Button -->\r\n            <svg id=\"openBtn\" width=\"30px\" height=\"30px\" viewBox=\"0 0 16 16\" xmlns=\"http:\/\/www.w3.org\/2000\/svg\" fill=\"#f2f2f2\" class=\"bi bi-arrows-fullscreen model-icon\">\r\n                <path fill-rule=\"evenodd\" d=\"M5.828 10.172a.5.5 0 0 0-.707 0l-4.096 4.096V11.5a.5.5 0 0 0-1 0v3.975a.5.5 0 0 0 .5.5H4.5a.5.5 0 0 0 0-1H1.732l4.096-4.096a.5.5 0 0 0 0-.707zm4.344 0a.5.5 0 0 1 .707 0l4.096 4.096V11.5a.5.5 0 1 1 1 0v3.975a.5.5 0 0 1-.5.5H11.5a.5.5 0 0 1 0-1h2.768l-4.096-4.096a.5.5 0 0 1 0-.707zm0-4.344a.5.5 0 0 0 .707 0l4.096-4.096V4.5a.5.5 0 1 0 1 0V.525a.5.5 0 0 0-.5-.5H11.5a.5.5 0 0 0 0 1h2.768l-4.096 4.096a.5.5 0 0 0 0 .707zm-4.344 0a.5.5 0 0 1-.707 0L1.025 1.732V4.5a.5.5 0 0 1-1 0V.525a.5.5 0 0 1 .5-.5H4.5a.5.5 0 0 1 0 1H1.732l4.096 4.096a.5.5 0 0 1 0 .707z\"\/>\r\n            <\/svg>\r\n        \r\n            <svg id=\"closeBtn\" class=\"model-icon\" width=\"34px\" height=\"34px\" viewBox=\"0 0 24 24\" xmlns=\"http:\/\/www.w3.org\/2000\/svg\">\r\n                <path fill=\"none\" stroke=\"#f2f2f2\" stroke-width=\"2\" d=\"M7,7 L17,17 M7,17 L17,7\"\/>\r\n            <\/svg>\r\n        \r\n        <\/div>\r\n        <\/div> \r\n\r\n        <!-- Model Viewer Style -->\r\n        <style>\r\n            \r\n            .wrapper_20727 .bp_model_parent, #bp_model_id_20727 {\r\n                width: 1150px;\r\n                max-width: 100%;\r\n                                            }\r\n            #bp_model_id_20727 {\r\n                height:700px;\r\n                background-color: #f2f2f2;\r\n            }\r\n            .fullscreen #bp_model_id_20727{\r\n            height: 100%;\r\n            width: 100%;\r\n            }\r\n            .wrapper_20727 .bp_model_parent{\r\n                justify-content: start            }\r\n            model-viewer.model {\r\n                --poster-color: transparent;\r\n            }\r\n        <\/style>\r\n        \r\n        \n<h4>Torniquete Autom\u00e1tico LED Torniquete Autom\u00e1tico de Trip\u00e9 MT124 tem 2 anos de garantia e suporte dur\u00e1vel de manuten\u00e7\u00e3o e reparo.<\/h4>\n<p>Podemos fornecer servi\u00e7os OEM e ODM. Temos designers experientes que podem realizar uma personaliza\u00e7\u00e3o profunda de acordo com qualquer uma de suas necessidades. Forneceremos uma s\u00e9rie de materiais, como renderiza\u00e7\u00f5es 3D, desenhos dimensionais, etc. Tamb\u00e9m fornecemos dispositivos biom\u00e9tricos, como leitores de cart\u00f5es IC\/ID, leitores de impress\u00e3o digital, leitores de c\u00f3digo QR, c\u00e2meras de reconhecimento facial e assim por diante. Se precisar de integrar estes dispositivos no torniquete de altura total ou se tiver alguma d\u00favida, <a href=\"https:\/\/mairsturnstile.com\/contact\">contacte-nos<\/a><\/p>\n<p><strong><b>Autom\u00e1tica<\/b><\/strong><strong><b> <\/b><\/strong><strong><b>O torniquete \u00e9 um tipo de <\/b><\/strong><strong><b>pedonal <\/b><\/strong><strong><b>pedonal equipado com um mecanismo de torniquete totalmente autom\u00e1tico <\/b><\/strong><a href=\"https:\/\/mairsturnstile.com\/turnstile-mechanism.html\"><u>mecanismo de torniquete totalmente autom\u00e1tico<\/u><\/a><strong><b>, em que todas as opera\u00e7\u00f5es da m\u00e1quina de catraca s\u00e3o completadas pelo motor brushless. O autom\u00e1tico<\/b><\/strong><strong><b> <\/b><\/strong><strong><b>o port\u00e3o da catraca pode ser autoverificado automaticamente quando ligado. No modo de teste de envelhecimento, ele tamb\u00e9m abrir\u00e1 e fechar\u00e1 automaticamente. No modo cart\u00e3o, assim que houver sinal de abertura, ele abrir\u00e1 15 graus e empurrar\u00e1 levemente o bra\u00e7o, e os port\u00f5es abrir\u00e3o totalmente automaticamente.<\/b><\/strong><\/p>\n<p>Este \u00e9 um torniquete autom\u00e1tico de trip\u00e9, se quiser saber mais pormenores sobre o torniquete autom\u00e1tico de trip\u00e9, consulte o nosso artigo: <a href=\"https:\/\/mairsturnstile.com\/tripod-turnstile.html\">o que \u00e9 o torniquete de trip\u00e9?<\/a> Atualmente, a maioria das catracas de trip\u00e9 no mercado s\u00e3o catracas de trip\u00e9 semiautom\u00e1ticas. Se voc\u00ea precisar de port\u00f5es de catraca de trip\u00e9 totalmente autom\u00e1ticos, entre em contato conosco. Tamb\u00e9m podemos personalizar a catraca de trip\u00e9 totalmente autom\u00e1tica de acordo com suas necessidades reais. A seguir est\u00e1 um v\u00eddeo de nossa catraca de trip\u00e9 totalmente autom\u00e1tica feita sob medida. Por favor verifique isto.<\/p>\n<p>Tamb\u00e9m conhecida como catraca trip\u00e9 el\u00e9trica, \u00e9 equipada com motor. Todo o funcionamento da catraca autom\u00e1tica \u00e9 acionado pelo motor. Ao mesmo tempo, o motor aciona a haste de bloqueio para girar durante a liga\u00e7\u00e3o, de modo a realizar a liga\u00e7\u00e3o autom\u00e1tica, o que \u00e9 muito conveniente de usar.<\/p>\n<p>Automatic Turnstile Tripod turnstile offers a reliable and efficient method to ensure only authorized users are allowed access to each area of a building. Esta <strong>catraca de trip\u00e9<\/strong> autom\u00e1tica \u00e9 altamente eficiente e f\u00e1cil de lidar com tr\u00e1fego de alto volume e condi\u00e7\u00f5es terr\u00edveis. catraca para port\u00f5es de seguran\u00e7a com trip\u00e9 com a melhor qualidade a um pre\u00e7o barato.<\/p>\n<p>Tamb\u00e9m podemos criar uma renderiza\u00e7\u00e3o para voc\u00ea em poucos minutos com base no seu cen\u00e1rio real. Tamb\u00e9m fornecemos layout e desenhos detalhados, bem como desenhos de instala\u00e7\u00e3o.<\/p>\n\n        \t\n\t<style type=\"text\/css\">\n\t\t.slider-info-20752.bafg-slider-info .bafg-slider-title {\n\t\t\t\t\t\tfont-size: 22px;\n\t\t\t\t\t\t\n\t\t\t\n\t\t\t\t\t}\n\n\t\t.slider-info-20752.bafg-slider-info .bafg-slider-description {\n\t\t\t\n\t\t\t\n\t\t\t\t\t}\n\n\t\t.slider-info-20752.bafg-slider-info .bafg_slider_readmore_button {\n\t\t\t\n\t\t\t\n\t\t\t\n\t\t\t\n\t\t\t\n\t\t\ttext-align: center;\n\n\t\t\t\n\t\t\t\n\t\t\t\n\t\t\t\n\t\t\t\n\t\t\t\n\t\t\t\t\t}\n\n\t\t.slider-info-20752.bafg-slider-info .bafg_slider_readmore_button:hover {\n\n\t\t\t\n\t\t\t\n\t\t\t\t\t}\n\n\t<\/style>\n\t\n        <div class=\"bafg-twentytwenty-container slider-20752 \" bafg-orientation=\"horizontal\" bafg-default-offset=\"0.5\" bafg-before-label=\"Before\" bafg-after-label=\"After\" bafg-overlay=\"yes\" bafg-move-slider-on-hover=\"yes\" bafg-click-to-move=\"no\">\n              \n            <img decoding=\"async\" class=\"skip-lazy\" src=\"http:\/\/mairsturnstile.com\/wp-content\/uploads\/2023\/06\/automatic-turnstile_4.jpg\" alt=\"\" data-skip-lazy title=\"\">\n            <img decoding=\"async\" class=\"skip-lazy\" src=\"http:\/\/mairsturnstile.com\/wp-content\/uploads\/2023\/06\/automatic-turnstile_5.jpg\" alt=\"\" data-skip-lazy title=\"\">\n           \n        <\/div>\n\n        \t<div class=\"bafg-slider-info-wraper\">\n\t\t<div style=\"\" class=\"slider-info-20752 bafg-slider-info\">\n\t\t\t\t\t<\/div>\n\t<\/div>\n\t\n        <style type=\"text\/css\">\n            \n        <\/style>\n        \n<ul>\n<li>Uma catraca autom\u00e1tica \u00e9 uma solu\u00e7\u00e3o de entrada compacta e econ\u00f4mica.<\/li>\n<li>O torniquete de seguran\u00e7a de trip\u00e9 tem uma caixa <a href=\"https:\/\/en.wikipedia.org\/wiki\/Stainless_steel\" target=\"_blank\" rel=\"noopener\">de a\u00e7o inoxid\u00e1vel<\/a> 304 totalmente imperme\u00e1vel, que \u00e9 resistente \u00e0 ferrugem, s\u00f3lida e dur\u00e1vel.<\/li>\n<li>Torniquetes autom\u00e1ticos podem ser montados em locais internos e externos. A taxa de IP \u00e9 54<\/li>\n<li>Possui uma sa\u00edda de rel\u00e9 de padr\u00e3o internacional, que pode ser facilmente integrada com todos os tipos de sistemas de controle de acesso de terceiros (ou seja, RFID, impress\u00e3o digital, reconhecimento facial, c\u00f3digo de barras, term\u00f4metro infravermelho).<\/li>\n<li>Os port\u00f5es de seguran\u00e7a trip\u00e9 s\u00e3o semiautom\u00e1ticos. Voc\u00ea precisar\u00e1 empurrar levemente o bra\u00e7o para abrir o port\u00e3o quando o acesso for concedido.<\/li>\n<li>O design razo\u00e1vel e o alto desempenho garantem que os port\u00f5es possam se mover com rapidez e precis\u00e3o, de forma est\u00e1vel e silenciosa; com baixo consumo de energia, conserva\u00e7\u00e3o de energia e prote\u00e7\u00e3o ambiental.<\/li>\n<li>Mecanismo de molde dur\u00e1vel, resistente \u00e0 corros\u00e3o e resistente para maior vida \u00fatil<\/li>\n<li>O mecanismo \u00e9 concebido por molde. Todos os componentes s\u00e3o precisos. Faz com que o sistema de port\u00e3o funcione suavemente e com baixo ru\u00eddo. Um amortecedor hidr\u00e1ulico pode ser adicionado.<\/li>\n<li>O design da catraca trip\u00e9 faz com que apenas uma pessoa passe por vez.<\/li>\n<li>Unidirecional ou bidirecional \u00e9 uma op\u00e7\u00e3o.<\/li>\n<li>Luz indicadora direcional LED na parte superior<\/li>\n<li>Fun\u00e7\u00e3o de rel\u00f3gio autom\u00e1tico: caso seja recebido sinal de abertura, mas o visitante n\u00e3o passe pelo port\u00e3o em um hor\u00e1rio espec\u00edfico (padr\u00e3o 5s), o bra\u00e7o da catraca travar\u00e1 automaticamente.<\/li>\n<li>Comprimento do bra\u00e7o: 510 mm<\/li>\n<li>O sentido de rota\u00e7\u00e3o: bidirecional\/\u00fanico direcional<\/li>\n<li>Emerg\u00eancia: O bra\u00e7o cai automaticamente quando a eletricidade \u00e9 cortada.<\/li>\n<li>Tens\u00e3o operacional: CC 24V \u00b15%<\/li>\n<li>A tens\u00e3o da luz indicadora: DC12V \u00b1 5% (padr\u00e3o)<\/li>\n<li>Temperatura de trabalho: -30\u00b0C~60\u00b0C<\/li>\n<li>Umidade: 5%~90%<\/li>\n<li>\u00c0 prova d&#8217;\u00e1gua: IP43<\/li>\n<li>Confiabilidade do mecanismo: 3 milh\u00f5es, sem culpa<\/li>\n<li>V\u00e1lvula solen\u00f3ide: DC24V \u00b1 5%<\/li>\n<li>Autoverifica\u00e7\u00e3o autom\u00e1tica uma vez ligado<\/li>\n<li>Feature: IC\/ID reader, Barcode Reader, Face recognition, Fingerprint, other access control equipment, UPS, etc<\/li>\n<li>O tempo necess\u00e1rio para abertura: 0,2 s<\/li>\n<li>Ambiente de trabalho: Interior<\/li>\n<li>Faixa de aplica\u00e7\u00e3o: Comunidade, F\u00e1brica, Canteiro de Obras, Escola, Local do resort, etc.<\/li>\n<li>Quando a energia estiver desligada, os bra\u00e7os da catraca do trip\u00e9 cair\u00e3o automaticamente para permitir a passagem livre, o que est\u00e1 em conformidade com os requisitos de seguran\u00e7a contra inc\u00eandio.<\/li>\n<\/ul>\n<p><iframe title=\"Reprodutor de v\u00eddeo do YouTube\" src=\"https:\/\/www.youtube.com\/embed\/6LIOkb5RGwk?si=A29DplOGOCAz5ovp\" width=\"1150\" height=\"650\" frameborder=\"0\" allowfullscreen=\"allowfullscreen\"><\/iframe><\/p>\n","protected":false},"excerpt":{"rendered":"<p>1. Tamanho: 1400*270*980 mm (pode ser personalizado)<\/p>\n<p>2. Largura da pista: 550 mm<\/p>\n<p>3. Velocidade de passagem: 35 pessoas\/min<\/p>\n<p>4. Fonte de alimenta\u00e7\u00e3o: 110V\/220V 50\/60Hz<\/p>\n<p>5. Peso: 35kg<\/p>\n<p>6. Entrada: Contato Seco\/Rel\u00e9<\/p>\n<p>7. Mecanismo de motor sem escova<\/p>\n<p>8. Material da caixa: a\u00e7o inoxid\u00e1vel 304<\/p>\n<p>9. Modo de opera\u00e7\u00e3o: autom\u00e1tico<\/p>\n<p><strong><a title=\"Torniquete de trip\u00e9 com certifica\u00e7\u00e3o CE da Mairs\" href=\"http:\/\/mairsturnstile.com\/wp-content\/uploads\/2022\/09\/Mairs-CE-Certificate-Tripod-Turnstile.pdf\" target=\"_blank\" rel=\"noopener noreferrer\">Certificado CE,<\/a> <a title=\"Certificado Mairs ISO9001\" href=\"http:\/\/mairsturnstile.com\/wp-content\/uploads\/2022\/09\/Mairs-Registration-Certificate-ISO9001.pdf\" target=\"_blank\" rel=\"noopener noreferrer\">Certificado ISO9001.<\/a><\/strong><\/p>\n","protected":false},"featured_media":33117,"comment_status":"closed","ping_status":"closed","template":"","meta":{"neve_meta_sidebar":"","neve_meta_container":"","neve_meta_enable_content_width":"off","neve_meta_content_width":0,"neve_meta_title_alignment":"","neve_meta_author_avatar":"","neve_post_elements_order":"","neve_meta_disable_header":"","neve_meta_disable_footer":"","neve_meta_disable_title":"","_ti_tpc_template_sync":false,"_ti_tpc_template_id":""},"product_cat":[2021,2017],"product_tag":[2139,2140,2141,2138],"class_list":["post-33116","product","type-product","status-publish","has-post-thumbnail","hentry","product_cat-torniquete-de-tripe","product_cat-torniquetes-de-seguranca","product_tag-catraca-automatica","product_tag-portao-automatico-do-torniquete","product_tag-torniquete-automatico-do-tripe","product_tag-torniquete-de-tripe"],"_links":{"self":[{"href":"https:\/\/mairsturnstile.com\/pt\/wp-json\/wp\/v2\/product\/33116","targetHints":{"allow":["GET"]}}],"collection":[{"href":"https:\/\/mairsturnstile.com\/pt\/wp-json\/wp\/v2\/product"}],"about":[{"href":"https:\/\/mairsturnstile.com\/pt\/wp-json\/wp\/v2\/types\/product"}],"replies":[{"embeddable":true,"href":"https:\/\/mairsturnstile.com\/pt\/wp-json\/wp\/v2\/comments?post=33116"}],"version-history":[{"count":0,"href":"https:\/\/mairsturnstile.com\/pt\/wp-json\/wp\/v2\/product\/33116\/revisions"}],"wp:featuredmedia":[{"embeddable":true,"href":"https:\/\/mairsturnstile.com\/pt\/wp-json\/wp\/v2\/media\/33117"}],"wp:attachment":[{"href":"https:\/\/mairsturnstile.com\/pt\/wp-json\/wp\/v2\/media?parent=33116"}],"wp:term":[{"taxonomy":"product_cat","embeddable":true,"href":"https:\/\/mairsturnstile.com\/pt\/wp-json\/wp\/v2\/product_cat?post=33116"},{"taxonomy":"product_tag","embeddable":true,"href":"https:\/\/mairsturnstile.com\/pt\/wp-json\/wp\/v2\/product_tag?post=33116"}],"curies":[{"name":"wp","href":"https:\/\/api.w.org\/{rel}","templated":true}]}}