{"id":33118,"date":"2022-05-02T11:50:56","date_gmt":"2022-05-02T03:50:56","guid":{"rendered":"https:\/\/mairsturnstile.com\/product\/torniquete-completo-da-altura-do-torniquete-da-bicicleta-com-porta-mt451-z-da-bicicleta"},"modified":"2024-10-31T11:55:26","modified_gmt":"2024-10-31T03:55:26","slug":"catraca-de-bicicleta","status":"publish","type":"product","link":"https:\/\/mairsturnstile.com\/pt\/product\/catraca-de-bicicleta","title":{"rendered":"Torniquete para bicicletas Torniquete para bicicletas de altura total com port\u00e3o para bicicletas"},"content":{"rendered":"        <!-- 3D Model html -->\r\n        <div class=\"bp_grand wrapper_51813\">   \r\n        <div class=\"bp_model_parent\">\r\n            <model-viewer class=\"model\" id=\"bp_model_id_51813\" src=\"http:\/\/mairsturnstile.com\/wp-content\/uploads\/2024\/09\/MT-LX402-Z.glb\" alt=\"MT-LX402-Z\" camera-controls  loading=\"auto\" auto-rotate                        >\r\n            <\/model-viewer>\r\n        \r\n            <!-- Button -->\r\n            <svg id=\"openBtn\" width=\"30px\" height=\"30px\" viewBox=\"0 0 16 16\" xmlns=\"http:\/\/www.w3.org\/2000\/svg\" fill=\"#f2f2f2\" class=\"bi bi-arrows-fullscreen model-icon\">\r\n                <path fill-rule=\"evenodd\" d=\"M5.828 10.172a.5.5 0 0 0-.707 0l-4.096 4.096V11.5a.5.5 0 0 0-1 0v3.975a.5.5 0 0 0 .5.5H4.5a.5.5 0 0 0 0-1H1.732l4.096-4.096a.5.5 0 0 0 0-.707zm4.344 0a.5.5 0 0 1 .707 0l4.096 4.096V11.5a.5.5 0 1 1 1 0v3.975a.5.5 0 0 1-.5.5H11.5a.5.5 0 0 1 0-1h2.768l-4.096-4.096a.5.5 0 0 1 0-.707zm0-4.344a.5.5 0 0 0 .707 0l4.096-4.096V4.5a.5.5 0 1 0 1 0V.525a.5.5 0 0 0-.5-.5H11.5a.5.5 0 0 0 0 1h2.768l-4.096 4.096a.5.5 0 0 0 0 .707zm-4.344 0a.5.5 0 0 1-.707 0L1.025 1.732V4.5a.5.5 0 0 1-1 0V.525a.5.5 0 0 1 .5-.5H4.5a.5.5 0 0 1 0 1H1.732l4.096 4.096a.5.5 0 0 1 0 .707z\"\/>\r\n            <\/svg>\r\n        \r\n            <svg id=\"closeBtn\" class=\"model-icon\" width=\"34px\" height=\"34px\" viewBox=\"0 0 24 24\" xmlns=\"http:\/\/www.w3.org\/2000\/svg\">\r\n                <path fill=\"none\" stroke=\"#f2f2f2\" stroke-width=\"2\" d=\"M7,7 L17,17 M7,17 L17,7\"\/>\r\n            <\/svg>\r\n        \r\n        <\/div>\r\n        <\/div> \r\n\r\n        <!-- Model Viewer Style -->\r\n        <style>\r\n            \r\n            .wrapper_51813 .bp_model_parent, #bp_model_id_51813 {\r\n                width: 1150px;\r\n                max-width: 100%;\r\n                                            }\r\n            #bp_model_id_51813 {\r\n                height:700px;\r\n                background-color: #f9f9f9;\r\n            }\r\n            .fullscreen #bp_model_id_51813{\r\n            height: 100%;\r\n            width: 100%;\r\n            }\r\n            .wrapper_51813 .bp_model_parent{\r\n                justify-content: start            }\r\n            model-viewer.model {\r\n                --poster-color: transparent;\r\n            }\r\n        <\/style>\r\n        \r\n        \n<h3>O torniquete para bicicletas de altura total com port\u00e3o para bicicletas tem uma garantia de 2 anos e um suporte duradouro de manuten\u00e7\u00e3o e repara\u00e7\u00e3o.<\/h3>\n<p>We can provide OEM and ODM services. Tamb\u00e9m fornecemos dispositivos biom\u00e9tricos, como leitores de cart\u00f5es IC\/ID, leitores de impress\u00e3o digital, leitores de <a href=\"https:\/\/en.wikipedia.org\/wiki\/QR_code\" target=\"_blank\" rel=\"noopener\">c\u00f3digo QR<\/a>, c\u00e2meras de reconhecimento facial e assim por diante. Lan\u00e7\u00e1mos tamb\u00e9m uma nova s\u00e9rie de torniquetes de altura total com um aspeto elegante e uma estrutura robusta. Verificar:<span style=\"color: #0000ff;\"> <a style=\"color: #0000ff;\" href=\"https:\/\/mairsturnstile.com\/full-height-series-turnstile\" target=\"_blank\" rel=\"noopener\">s\u00e9rie de torniquetes de altura total<\/a><\/span> <\/p>\n<p><strong>O torniquete para bicicletas \u00e9 um tipo de equipamento <a href=\"https:\/\/mairsturnstile.com\/full-height-turnstiles.html\" target=\"_blank\" rel=\"noopener\">de torniquete de altura total<\/a> especialmente concebido para pe\u00f5es e bicicletas. Os pedestres podem passar com seguran\u00e7a com bicicletas. Os pedestres tamb\u00e9m podem passar sozinhos. Integra a passagem de pedestres e a passagem de bicicletas.<\/strong> Depois que o pedestre fornece o sinal legal de abertura da porta, a haste de bloqueio da catraca de pedestres gira um determinado \u00e2ngulo na dire\u00e7\u00e3o de abertura da porta para solicitar a passagem do pedestre. A haste de bloqueio da passagem da bicicleta gira 120 graus para ser aberta. Depois que o pedestre empurra suavemente a haste de bloqueio da passagem de pedestres, a haste de bloqueio da passagem de pedestres gira automaticamente na dire\u00e7\u00e3o de abertura da porta. O chassi e a haste de bloqueio rotativa adotam uma estrutura remov\u00edvel, que \u00e9 conveniente para instala\u00e7\u00e3o e transporte.<\/p>\n<p>A catraca da bicicleta tem forte capacidade \u00e0 prova d&#8217;\u00e1gua e \u00e0 prova de poeira, uma grande \u00e1rea de bloqueio e n\u00e3o pode cruzar ou subir. \u00c9 adequado para locais internos e externos com requisitos de alta seguran\u00e7a, como bases militares, unidades secretas de estado, pris\u00f5es, f\u00e1bricas, comunidades residenciais, etc.<\/p>\n<p>A catraca da bicicleta adota um design mec\u00e2nico anti-cauda para controlar efetivamente apenas uma pessoa por vez.<\/p>\n<p>Quando um sinal legal de abertura de porta \u00e9 recebido em uma dire\u00e7\u00e3o, dentro do tempo de passagem permitido, os pedestres que entram na passagem pela dire\u00e7\u00e3o oposta e empurram a haste da catraca ser\u00e3o considerados como passagem reversa, e a haste da catraca nesta dire\u00e7\u00e3o ser\u00e1 travada para evitar pedestres da passagem reversa.<\/p>\n<p>O sistema de controle de feedback de circuito fechado \u00e9 usado para monitorar o estado de movimento da haste do freio, que pode detectar com sensibilidade os comportamentos que amea\u00e7am a seguran\u00e7a do canal, como colis\u00e3o ilegal da haste e passagem reversa, e ent\u00e3o enviar avisos na forma de som e luz, podendo tamb\u00e9m ser interligados com outros sistemas de seguran\u00e7a.<\/p>\n<p>A catraca de bicicleta adota uma estrutura de mecanismo de catraca avan\u00e7ada e \u00e9 equipada com um motor DC sem escova importado de alta qualidade (n\u00facleo de movimento), de modo que a vida \u00fatil da catraca de altura total \u00e9 super longa e o desempenho \u00e9 est\u00e1vel e livre de manuten\u00e7\u00e3o .<\/p>\n<p>Tecnologia avan\u00e7ada de controle de motor: o sistema de controle servo avan\u00e7ado e a tecnologia de controle de motor de bra\u00e7o DSP + s\u00e3o adotados, e o algoritmo de controle do motor \u00e9 combinado para realizar o controle e posicionamento precisos da barreira.<\/p>\n<p>Tamb\u00e9m podemos criar uma renderiza\u00e7\u00e3o para voc\u00ea em poucos minutos com base no seu cen\u00e1rio real. Tamb\u00e9m fornecemos layout e desenhos detalhados, bem como desenhos de instala\u00e7\u00e3o.<\/p>\n\n        \t\n\t<style type=\"text\/css\">\n\t\t.slider-info-52231.bafg-slider-info .bafg-slider-title {\n\t\t\t\t\t\tfont-size: 22px;\n\t\t\t\t\t\t\n\t\t\t\n\t\t\t\t\t}\n\n\t\t.slider-info-52231.bafg-slider-info .bafg-slider-description {\n\t\t\t\n\t\t\t\n\t\t\t\t\t}\n\n\t\t.slider-info-52231.bafg-slider-info .bafg_slider_readmore_button {\n\t\t\t\n\t\t\t\n\t\t\t\n\t\t\t\n\t\t\t\n\t\t\ttext-align: center;\n\n\t\t\t\n\t\t\t\n\t\t\t\n\t\t\t\n\t\t\t\n\t\t\t\n\t\t\t\t\t}\n\n\t\t.slider-info-52231.bafg-slider-info .bafg_slider_readmore_button:hover {\n\n\t\t\t\n\t\t\t\n\t\t\t\t\t}\n\n\t<\/style>\n\t\n        <div class=\"bafg-twentytwenty-container slider-52231 \" bafg-orientation=\"horizontal\" bafg-default-offset=\"0.5\" bafg-before-label=\"Before\" bafg-after-label=\"After\" bafg-overlay=\"yes\" bafg-move-slider-on-hover=\"yes\" bafg-click-to-move=\"no\">\n              \n            <img decoding=\"async\" class=\"skip-lazy\" src=\"http:\/\/mairsturnstile.com\/wp-content\/uploads\/2024\/10\/full-height-bicycle-turnstile-1.jpg\" alt=\"full height bicycle turnstile\" data-skip-lazy title=\"\">\n            <img decoding=\"async\" class=\"skip-lazy\" src=\"http:\/\/mairsturnstile.com\/wp-content\/uploads\/2024\/10\/full-height-bicycle-turnstile.jpg\" alt=\"full height bicycle turnstile\" data-skip-lazy title=\"\">\n           \n        <\/div>\n\n        \t<div class=\"bafg-slider-info-wraper\">\n\t\t<div style=\"\" class=\"slider-info-52231 bafg-slider-info\">\n\t\t\t\t\t<\/div>\n\t<\/div>\n\t\n        <style type=\"text\/css\">\n            \n        <\/style>\n        \n<p>Desligamento e abertura da porta: a catraca da bicicleta adota uma estrutura mec\u00e2nica avan\u00e7ada. Quando a energia estiver desligada, a haste de bloqueio ser\u00e1 destravada automaticamente e poder\u00e1 ser empurrada livremente, o que \u00e9 conveniente para evacuar pessoas. Ou seja, desligue e abra a porta para fornecer prote\u00e7\u00e3o de seguran\u00e7a pessoal completa para o pessoal que passa<\/p>\n<p>Abertura de porta de emerg\u00eancia: equipada com dispositivo de controle de fuga de emerg\u00eancia para destravar automaticamente a haste da catraca e empurr\u00e1-la livremente, de forma a facilitar a evacua\u00e7\u00e3o de pessoas.<\/p>\n<p>Preven\u00e7\u00e3o de choque el\u00e9trico: todos os m\u00f3dulos el\u00e9tricos adotam tens\u00e3o de seguran\u00e7a inferior a 24V e s\u00e3o equipados com protetor de corrente residual para evitar que pedestres sejam feridos por choque el\u00e9trico.<\/p>\n<p>Mecanismo: o port\u00e3o da catraca da bicicleta \u00e9 autom\u00e1tico com motor sem escova<\/p>\n<p>Semi-automatic full height for people access(automatic optional)<\/p>\n<p>Confiabilidade do mecanismo: 5 milh\u00f5es, sem culpa<\/p>\n<p>Mecanismo com amortecedor hidr\u00e1ulico para absor\u00e7\u00e3o de choque<\/p>\n<p>O sentido de rota\u00e7\u00e3o: bidirecional\/\u00fanico direcional<\/p>\n<p>Situa\u00e7\u00e3o de emerg\u00eancia: Em caso de emerg\u00eancia ou isolamento da fonte de alimenta\u00e7\u00e3o, a porta girat\u00f3ria pode ser configurada para Fail-Safe, ou seja, gira livremente ou Fail-Lock<\/p>\n<p>Umidade da catraca de bicicleta: \u226495%<\/p>\n<p>Working temperature:-25\u2103\uff5e60\u2103<\/p>\n<p>Recursos opcionais: leitor IC\/ID, leitor de c\u00f3digo de barras, reconhecimento facial, impress\u00e3o digital, outros equipamentos de controle de acesso, UPS, etc.<\/p>\n<p>Communication distance: \u22641200 m<\/p>\n<p>Communication interface: RS485<\/p>\n<p>O tamanho pode ser personalizado<\/p>\n<p>O tempo necess\u00e1rio para abertura: 0,2 s<\/p>\n<p>Ambiente de trabalho: Interior ou exterior<\/p>\n<p>Faixa de aplica\u00e7\u00e3o: Comunidade, F\u00e1brica, Canteiro de Obras, Escola, Local do resort, Instala\u00e7\u00e3o governamental, etc.<\/p>\n<p>Podemos fornecer toda a solu\u00e7\u00e3o de controle de acesso de seguran\u00e7a. Se voc\u00ea possui seu pr\u00f3prio sistema de controle de acesso, pode utilizar diretamente nossa catraca. Se voc\u00ea n\u00e3o tiver um, tamb\u00e9m fornecemos uma solu\u00e7\u00e3o completa de controle de acesso de seguran\u00e7a. Consulte o v\u00eddeo abaixo para obter detalhes.<\/p>\n<p><iframe title=\"Reprodutor de v\u00eddeo do YouTube\" src=\"https:\/\/www.youtube.com\/embed\/XyxFKnS3Br0\" width=\"1150\" height=\"650\" frameborder=\"0\" allowfullscreen=\"allowfullscreen\"><span data-mce-type=\"bookmark\" style=\"display: inline-block; width: 0px; overflow: hidden; line-height: 0;\" class=\"mce_SELRES_start\"><\/span><\/iframe><\/p>\n","protected":false},"excerpt":{"rendered":"<p>1. Tamanho: 2630*1500*2350 mm (pode ser personalizado)<\/p>\n<p>2. Largura da pista para: 650 mm (rotor) 900 mm (bicicleta)<\/p>\n<p>3. Material: a\u00e7o inoxid\u00e1vel 304 ou a\u00e7o inoxid\u00e1vel 316<\/p>\n<p>4. Passing speed: 25 person\/min<\/p>\n<p>5. Fonte de alimenta\u00e7\u00e3o: 110V\/220V 50\/60hz<\/p>\n<p>6. Acionamento: Operado semiautom\u00e1tico<\/p>\n<p>7. Solenoid valve: DC24V<\/p>\n<p>8. Sinal de port\u00e3o aberto: contato seco\/rel\u00e9<\/p>\n<p>9. Acionamento: Funcionamento semi-autom\u00e1tico<\/p>\n<p><strong><a title=\"Torniquete de altura total com certifica\u00e7\u00e3o CE Mairs\" href=\"http:\/\/mairsturnstile.com\/wp-content\/uploads\/2022\/09\/Mairs-CE-Certificate-Full-Height-Turnstile.pdf\" target=\"_blank\" rel=\"noopener noreferrer\">Certificado CE,<\/a> <a title=\"Certificado Mairs ISO9001\" href=\"http:\/\/mairsturnstile.com\/wp-content\/uploads\/2022\/09\/Mairs-Registration-Certificate-ISO9001.pdf\" target=\"_blank\" rel=\"noopener noreferrer\">Certificado ISO9001.<\/a><\/strong><\/p>\n<p><a title=\"Manual de instala\u00e7\u00e3o da catraca de altura total\" href=\"http:\/\/mairsturnstile.com\/wp-content\/uploads\/2023\/09\/Full-height-turnstile-installation-manual.pdf\" target=\"_blank\" rel=\"noopener noreferrer\"><img decoding=\"async\" class=\"alignnone size-full wp-image-11034\" src=\"http:\/\/mairsturnstile.com\/wp-content\/uploads\/2022\/09\/pdf-MairsTurnstile.png\" alt=\"\" width=\"32\" height=\"32\"><strong><span style=\"color: #0000ff;\"> Manual de instala\u00e7\u00e3o e usu\u00e1rio da catraca de altura total<\/span><\/strong><\/a><\/p>\n","protected":false},"featured_media":56987,"comment_status":"closed","ping_status":"closed","template":"","meta":{"neve_meta_sidebar":"","neve_meta_container":"","neve_meta_enable_content_width":"off","neve_meta_content_width":0,"neve_meta_title_alignment":"","neve_meta_author_avatar":"","neve_post_elements_order":"","neve_meta_disable_header":"","neve_meta_disable_footer":"","neve_meta_disable_title":"","_ti_tpc_template_sync":false,"_ti_tpc_template_id":""},"product_cat":[2014,2017],"product_tag":[2145,2143,2142,2144],"class_list":["post-33118","product","type-product","status-publish","has-post-thumbnail","hentry","product_cat-torniquetes-de-altura-total","product_cat-torniquetes-de-seguranca","product_tag-catraca-de-bicicleta","product_tag-catracas-de-altura-total","product_tag-portao-de-torniquete-de-altura-total","product_tag-turn-style-gate-pt"],"_links":{"self":[{"href":"https:\/\/mairsturnstile.com\/pt\/wp-json\/wp\/v2\/product\/33118","targetHints":{"allow":["GET"]}}],"collection":[{"href":"https:\/\/mairsturnstile.com\/pt\/wp-json\/wp\/v2\/product"}],"about":[{"href":"https:\/\/mairsturnstile.com\/pt\/wp-json\/wp\/v2\/types\/product"}],"replies":[{"embeddable":true,"href":"https:\/\/mairsturnstile.com\/pt\/wp-json\/wp\/v2\/comments?post=33118"}],"version-history":[{"count":0,"href":"https:\/\/mairsturnstile.com\/pt\/wp-json\/wp\/v2\/product\/33118\/revisions"}],"wp:featuredmedia":[{"embeddable":true,"href":"https:\/\/mairsturnstile.com\/pt\/wp-json\/wp\/v2\/media\/56987"}],"wp:attachment":[{"href":"https:\/\/mairsturnstile.com\/pt\/wp-json\/wp\/v2\/media?parent=33118"}],"wp:term":[{"taxonomy":"product_cat","embeddable":true,"href":"https:\/\/mairsturnstile.com\/pt\/wp-json\/wp\/v2\/product_cat?post=33118"},{"taxonomy":"product_tag","embeddable":true,"href":"https:\/\/mairsturnstile.com\/pt\/wp-json\/wp\/v2\/product_tag?post=33118"}],"curies":[{"name":"wp","href":"https:\/\/api.w.org\/{rel}","templated":true}]}}