{"id":33147,"date":"2022-02-19T22:23:17","date_gmt":"2022-02-19T14:23:17","guid":{"rendered":"https:\/\/mairsturnstile.com\/product\/catraca-tripe-para-venda-mt141"},"modified":"2023-10-30T11:59:14","modified_gmt":"2023-10-30T03:59:14","slug":"preco-da-catraca-no-quenia","status":"publish","type":"product","link":"https:\/\/mairsturnstile.com\/pt\/product\/preco-da-catraca-no-quenia","title":{"rendered":"CATRACA TRIP\u00c9 PARA VENDA MT141"},"content":{"rendered":"        <!-- 3D Model html -->\r\n        <div class=\"bp_grand wrapper_20766\">   \r\n        <div class=\"bp_model_parent\">\r\n            <model-viewer class=\"model\" id=\"bp_model_id_20766\" src=\"http:\/\/mairsturnstile.com\/wp-content\/uploads\/2023\/06\/MT141.glb\" alt=\"MT141\" camera-controls  loading=\"auto\" auto-rotate                        >\r\n            <\/model-viewer>\r\n        \r\n            <!-- Button -->\r\n            <svg id=\"openBtn\" width=\"30px\" height=\"30px\" viewBox=\"0 0 16 16\" xmlns=\"http:\/\/www.w3.org\/2000\/svg\" fill=\"#f2f2f2\" class=\"bi bi-arrows-fullscreen model-icon\">\r\n                <path fill-rule=\"evenodd\" d=\"M5.828 10.172a.5.5 0 0 0-.707 0l-4.096 4.096V11.5a.5.5 0 0 0-1 0v3.975a.5.5 0 0 0 .5.5H4.5a.5.5 0 0 0 0-1H1.732l4.096-4.096a.5.5 0 0 0 0-.707zm4.344 0a.5.5 0 0 1 .707 0l4.096 4.096V11.5a.5.5 0 1 1 1 0v3.975a.5.5 0 0 1-.5.5H11.5a.5.5 0 0 1 0-1h2.768l-4.096-4.096a.5.5 0 0 1 0-.707zm0-4.344a.5.5 0 0 0 .707 0l4.096-4.096V4.5a.5.5 0 1 0 1 0V.525a.5.5 0 0 0-.5-.5H11.5a.5.5 0 0 0 0 1h2.768l-4.096 4.096a.5.5 0 0 0 0 .707zm-4.344 0a.5.5 0 0 1-.707 0L1.025 1.732V4.5a.5.5 0 0 1-1 0V.525a.5.5 0 0 1 .5-.5H4.5a.5.5 0 0 1 0 1H1.732l4.096 4.096a.5.5 0 0 1 0 .707z\"\/>\r\n            <\/svg>\r\n        \r\n            <svg id=\"closeBtn\" class=\"model-icon\" width=\"34px\" height=\"34px\" viewBox=\"0 0 24 24\" xmlns=\"http:\/\/www.w3.org\/2000\/svg\">\r\n                <path fill=\"none\" stroke=\"#f2f2f2\" stroke-width=\"2\" d=\"M7,7 L17,17 M7,17 L17,7\"\/>\r\n            <\/svg>\r\n        \r\n        <\/div>\r\n        <\/div> \r\n\r\n        <!-- Model Viewer Style -->\r\n        <style>\r\n            \r\n            .wrapper_20766 .bp_model_parent, #bp_model_id_20766 {\r\n                width: 1150px;\r\n                max-width: 100%;\r\n                                            }\r\n            #bp_model_id_20766 {\r\n                height:700px;\r\n                background-color: #f2f2f2;\r\n            }\r\n            .fullscreen #bp_model_id_20766{\r\n            height: 100%;\r\n            width: 100%;\r\n            }\r\n            .wrapper_20766 .bp_model_parent{\r\n                justify-content: start            }\r\n            model-viewer.model {\r\n                --poster-color: transparent;\r\n            }\r\n        <\/style>\r\n        \r\n        \n<h4>PRE\u00c7O DA TURNSTILE AS TURNSTILES DE TRIP\u00c9 QU\u00caNIA t\u00eam 2 anos de garantia e manuten\u00e7\u00e3o dur\u00e1vel e suporte de reparo.<\/h4>\n<p>Se voc\u00ea quiser verificar o pre\u00e7o da catraca no Qu\u00eania, entre em contato conosco, Mairs exportando todos os tipos de catracas para pedestres para o Qu\u00eania, e oferecemos o melhor pre\u00e7o da catraca no Qu\u00eania.<\/p>\n<p>Podemos fornecer servi\u00e7os OEM e ODM. Temos designers experientes que podem realizar uma personaliza\u00e7\u00e3o profunda de acordo com qualquer uma de suas necessidades. Forneceremos uma s\u00e9rie de materiais, como renderiza\u00e7\u00f5es 3D, desenhos dimensionais, etc. Tamb\u00e9m fornecemos dispositivos biom\u00e9tricos, como leitores de cart\u00f5es IC\/ID, leitores de impress\u00e3o digital, leitores de c\u00f3digo QR, c\u00e2meras de reconhecimento facial e assim por diante. Se precisar de integrar estes dispositivos no torniquete de altura total ou se tiver alguma d\u00favida, <a href=\"https:\/\/mairsturnstile.com\/contact\">contacte-nos<\/a><\/p>\n<p><strong>A catraca do trip\u00e9 \u00e9<\/strong><strong> o tipo mais b\u00e1sico de catraca para pedestres, composto por chassi, mecanismo e tr\u00eas hastes de bloqueio que param ou liberam girando 120\u00b0 a cada vez.<\/strong> Seus componentes incluem chassi, mecanismo, placa de controle do inversor, motor, limite, placa indicadora de dire\u00e7\u00e3o, pe\u00e7a de controle de acesso, contador opcional, etc. A haste de metal (comprimento da haste padr\u00e3o 50cm) forma um tri\u00e2ngulo espacial como corpo de bloqueio (haste do freio). \u00c9 feito de a\u00e7o inoxid\u00e1vel 304 ou 316, que \u00e9 dur\u00e1vel e n\u00e3o \u00e9 f\u00e1cil de deformar. O bloqueio e a libera\u00e7\u00e3o s\u00e3o conseguidos por rota\u00e7\u00e3o.<\/p>\n<p>Geralmente, a forma do torniquete de trip\u00e9 \u00e9 feita de uma placa <a class=\"rank-math-link\" href=\"https:\/\/en.wikipedia.org\/wiki\/Stainless_steel\" target=\"_blank\" rel=\"noopener noreferrer\">de a\u00e7o inoxid\u00e1vel<\/a> 304, que \u00e9 bonita e generosa, \u00e0 prova de ferrugem e dur\u00e1vel, e pode resistir a danos causados por for\u00e7as externas.<\/p>\n<p>A catraca de trip\u00e9 \u00e9 dividida em tipo mec\u00e2nico, tipo semiautom\u00e1tico e tipo totalmente autom\u00e1tico no modo de controle do mecanismo. Pela forma, ele \u00e9 dividido em uma catraca de trip\u00e9 vertical e uma catraca de trip\u00e9 de ponte. A catraca de trip\u00e9 do Qu\u00eania tem um volume pequeno e \u00e9 relativamente f\u00e1cil de instalar; A catraca trip\u00e9 da ponte possui canal mais longo e maior seguran\u00e7a.<\/p>\n<p>A catraca de trip\u00e9 pode ser combinada com cart\u00f5es inteligentes, impress\u00f5es digitais, c\u00f3digos de barras e outros equipamentos de sistema de identifica\u00e7\u00e3o para formar um sistema inteligente de controle de acesso; \u00c9 combinado com um computador, controle de acesso, atendimento, gerenciamento de cobran\u00e7a, sistema de ingressos e outros softwares para formar um sistema inteligente de gerenciamento de controle de acesso, que pode realizar as fun\u00e7\u00f5es de controle de acesso, atendimento, consumo, venda de ingressos, restri\u00e7\u00e3o de corrente e assim sobre.<\/p>\n<p>Tamb\u00e9m podemos criar uma renderiza\u00e7\u00e3o para voc\u00ea em poucos minutos com base no seu cen\u00e1rio real. Tamb\u00e9m fornecemos layout e desenhos detalhados, bem como desenhos de instala\u00e7\u00e3o.<\/p>\n\n        \t\n\t<style type=\"text\/css\">\n\t\t.slider-info-20749.bafg-slider-info .bafg-slider-title {\n\t\t\t\t\t\tfont-size: 22px;\n\t\t\t\t\t\t\n\t\t\t\n\t\t\t\t\t}\n\n\t\t.slider-info-20749.bafg-slider-info .bafg-slider-description {\n\t\t\t\n\t\t\t\n\t\t\t\t\t}\n\n\t\t.slider-info-20749.bafg-slider-info .bafg_slider_readmore_button {\n\t\t\t\n\t\t\t\n\t\t\t\n\t\t\t\n\t\t\t\n\t\t\ttext-align: center;\n\n\t\t\t\n\t\t\t\n\t\t\t\n\t\t\t\n\t\t\t\n\t\t\t\n\t\t\t\t\t}\n\n\t\t.slider-info-20749.bafg-slider-info .bafg_slider_readmore_button:hover {\n\n\t\t\t\n\t\t\t\n\t\t\t\t\t}\n\n\t<\/style>\n\t\n        <div class=\"bafg-twentytwenty-container slider-20749 \" bafg-orientation=\"horizontal\" bafg-default-offset=\"0.5\" bafg-before-label=\"Before\" bafg-after-label=\"After\" bafg-overlay=\"yes\" bafg-move-slider-on-hover=\"yes\" bafg-click-to-move=\"no\">\n              \n            <img decoding=\"async\" class=\"skip-lazy\" src=\"http:\/\/mairsturnstile.com\/wp-content\/uploads\/2023\/06\/turnstile-price-kenya_5.jpg\" alt=\"\" data-skip-lazy title=\"\">\n            <img decoding=\"async\" class=\"skip-lazy\" src=\"http:\/\/mairsturnstile.com\/wp-content\/uploads\/2023\/06\/turnstile-price-kenya_6.jpg\" alt=\"\" data-skip-lazy title=\"\">\n           \n        <\/div>\n\n        \t<div class=\"bafg-slider-info-wraper\">\n\t\t<div style=\"\" class=\"slider-info-20749 bafg-slider-info\">\n\t\t\t\t\t<\/div>\n\t<\/div>\n\t\n        <style type=\"text\/css\">\n            \n        <\/style>\n        \n<ul>\n<li>A catraca trip\u00e9 \u00e9 uma solu\u00e7\u00e3o de entrada compacta e econ\u00f4mica.<\/li>\n<li>A catraca do trip\u00e9 possui caixa de a\u00e7o inoxid\u00e1vel 304 totalmente \u00e0 prova de chuva, que \u00e9 resistente \u00e0 ferrugem, s\u00f3lida e dur\u00e1vel.<\/li>\n<li>A catraca de trip\u00e9 Qu\u00eania com pre\u00e7o de catraca pode ser montada em locais internos e externos. A taxa de IP \u00e9 54<\/li>\n<li>Tem uma sa\u00edda de rel\u00e9 de padr\u00e3o internacional, que pode ser facilmente integrada com todos os tipos de sistemas de controlo de acesso de terceiros (ou seja, RFID, impress\u00e3o digital, rosto, c\u00f3digo de barras, term\u00f3metro IR).<\/li>\n<li>O pre\u00e7o da catraca Kenya Tripod \u00e9 semiautom\u00e1tico. Voc\u00ea precisar\u00e1 empurrar levemente o bra\u00e7o para abrir o port\u00e3o quando o acesso for concedido.<\/li>\n<li>O design razo\u00e1vel e o alto desempenho garantem que os port\u00f5es possam se mover com rapidez e precis\u00e3o, de forma est\u00e1vel e silenciosa; com baixo consumo de energia, conserva\u00e7\u00e3o de energia e prote\u00e7\u00e3o ambiental.<\/li>\n<li>Mecanismo de molde dur\u00e1vel, resistente \u00e0 corros\u00e3o e resistente para maior vida \u00fatil<\/li>\n<li>O mecanismo \u00e9 concebido por molde. Todos os componentes s\u00e3o precisos. Faz com que o sistema de port\u00e3o funcione suavemente e com baixo ru\u00eddo. Um amortecedor hidr\u00e1ulico pode ser adicionado.<\/li>\n<li>O design da catraca de seguran\u00e7a com trip\u00e9 faz com que apenas uma pessoa passe por vez.<\/li>\n<li>Mairs oferece o melhor pre\u00e7o de catraca no Qu\u00eania.<\/li>\n<li>Unidirecional ou bidirecional \u00e9 uma op\u00e7\u00e3o.<\/li>\n<li>Luz indicadora direcional LED na parte superior<\/li>\n<li>Fun\u00e7\u00e3o de rel\u00f3gio autom\u00e1tico: caso seja recebido sinal de abertura, mas o visitante n\u00e3o passe pelo port\u00e3o em um hor\u00e1rio espec\u00edfico (padr\u00e3o 5s), o bra\u00e7o da catraca travar\u00e1 automaticamente.<\/li>\n<li>Quando a energia estiver desligada, os bra\u00e7os da catraca do trip\u00e9 cair\u00e3o automaticamente para permitir a passagem livre, o que est\u00e1 em conformidade com os requisitos de seguran\u00e7a contra inc\u00eandio.<\/li>\n<\/ul>\n<p>Podemos fornecer toda a solu\u00e7\u00e3o de controle de acesso de seguran\u00e7a. Se voc\u00ea possui seu pr\u00f3prio sistema de controle de acesso, pode utilizar diretamente nossa catraca. Se voc\u00ea n\u00e3o tiver um, tamb\u00e9m fornecemos uma solu\u00e7\u00e3o completa de controle de acesso de seguran\u00e7a. Consulte o v\u00eddeo abaixo para obter detalhes.<\/p>\n<p><iframe title=\"Torniquete de trip\u00e9 autom\u00e1tico, port\u00e3o de catraca de trip\u00e9, solu\u00e7\u00e3o de catraca de trip\u00e9 - MairsTurnstile\" src=\"https:\/\/www.youtube.com\/embed\/6LIOkb5RGwk\" width=\"1150\" height=\"650\" frameborder=\"0\" allowfullscreen=\"allowfullscreen\"><\/iframe><\/p>\n","protected":false},"excerpt":{"rendered":"<p>1. Tamanho: 1400*280*980 mm (pode ser personalizado)<\/p>\n<p>2. Largura da pista: 550 mm (pode ser personalizado)<\/p>\n<p>3. Velocidade de passagem: 35 pessoas\/min<\/p>\n<p>4. Fonte de alimenta\u00e7\u00e3o: 110V\/220V 50\/60Hz<\/p>\n<p>5. Peso: 40kg<\/p>\n<p>6. Sinal de port\u00e3o aberto: contato seco\/rel\u00e9<\/p>\n<p>7. Material da caixa: a\u00e7o inoxid\u00e1vel 304<\/p>\n<p>8. Confiabilidade do mecanismo: 3 milh\u00f5es, sem culpa<\/p>\n<p>9. Material do bra\u00e7o: a\u00e7o inoxid\u00e1vel 304<\/p>\n<p><strong><a title=\"Torniquete de trip\u00e9 com certifica\u00e7\u00e3o CE da Mairs\" href=\"http:\/\/mairsturnstile.com\/wp-content\/uploads\/2022\/09\/Mairs-CE-Certificate-Tripod-Turnstile.pdf\" target=\"_blank\" rel=\"noopener noreferrer\">Certificado CE,<\/a> <a title=\"Certificado Mairs ISO9001\" href=\"http:\/\/mairsturnstile.com\/wp-content\/uploads\/2022\/09\/Mairs-Registration-Certificate-ISO9001.pdf\" target=\"_blank\" rel=\"noopener noreferrer\">Certificado ISO9001.<\/a><\/strong><\/p>\n","protected":false},"featured_media":33148,"comment_status":"closed","ping_status":"closed","template":"","meta":{"neve_meta_sidebar":"","neve_meta_container":"","neve_meta_enable_content_width":"off","neve_meta_content_width":0,"neve_meta_title_alignment":"","neve_meta_author_avatar":"","neve_post_elements_order":"","neve_meta_disable_header":"","neve_meta_disable_footer":"","neve_meta_disable_title":"","_ti_tpc_template_sync":false,"_ti_tpc_template_id":""},"product_cat":[2021,2017],"product_tag":[2110,2148,2115,2138],"class_list":["post-33147","product","type-product","status-publish","has-post-thumbnail","hentry","product_cat-torniquete-de-tripe","product_cat-torniquetes-de-seguranca","product_tag-catracas-de-seguranca","product_tag-preco-da-catraca-no-quenia","product_tag-quanto-custa-uma-catraca","product_tag-torniquete-de-tripe"],"_links":{"self":[{"href":"https:\/\/mairsturnstile.com\/pt\/wp-json\/wp\/v2\/product\/33147","targetHints":{"allow":["GET"]}}],"collection":[{"href":"https:\/\/mairsturnstile.com\/pt\/wp-json\/wp\/v2\/product"}],"about":[{"href":"https:\/\/mairsturnstile.com\/pt\/wp-json\/wp\/v2\/types\/product"}],"replies":[{"embeddable":true,"href":"https:\/\/mairsturnstile.com\/pt\/wp-json\/wp\/v2\/comments?post=33147"}],"version-history":[{"count":0,"href":"https:\/\/mairsturnstile.com\/pt\/wp-json\/wp\/v2\/product\/33147\/revisions"}],"wp:featuredmedia":[{"embeddable":true,"href":"https:\/\/mairsturnstile.com\/pt\/wp-json\/wp\/v2\/media\/33148"}],"wp:attachment":[{"href":"https:\/\/mairsturnstile.com\/pt\/wp-json\/wp\/v2\/media?parent=33147"}],"wp:term":[{"taxonomy":"product_cat","embeddable":true,"href":"https:\/\/mairsturnstile.com\/pt\/wp-json\/wp\/v2\/product_cat?post=33147"},{"taxonomy":"product_tag","embeddable":true,"href":"https:\/\/mairsturnstile.com\/pt\/wp-json\/wp\/v2\/product_tag?post=33147"}],"curies":[{"name":"wp","href":"https:\/\/api.w.org\/{rel}","templated":true}]}}