{"id":33162,"date":"2022-02-17T19:22:11","date_gmt":"2022-02-17T11:22:11","guid":{"rendered":"https:\/\/mairsturnstile.com\/product\/torniquete-personalizado-mt371l-do-aeroporto-do-torniquete-do-balanco"},"modified":"2024-11-01T16:18:25","modified_gmt":"2024-11-01T08:18:25","slug":"catraca-de-aeroporto","status":"publish","type":"product","link":"https:\/\/mairsturnstile.com\/pt\/product\/catraca-de-aeroporto","title":{"rendered":"Torniquete personalizado MT371L do aeroporto do torniquete do balan\u00e7o"},"content":{"rendered":"<h4>Esta catraca de aeroporto tem 2 anos de garantia e suporte dur\u00e1vel de manuten\u00e7\u00e3o e reparo.<\/h4>\n<p>We can provide OEM and ODM services. Temos designers experientes que podem realizar uma personaliza\u00e7\u00e3o profunda de acordo com qualquer uma de suas necessidades. Forneceremos uma s\u00e9rie de materiais, como renderiza\u00e7\u00f5es 3D, desenhos dimensionais, etc. Tamb\u00e9m fornecemos dispositivos biom\u00e9tricos, como leitores de cart\u00f5es IC\/ID, leitores de impress\u00e3o digital, leitores de c\u00f3digo QR, c\u00e2meras de reconhecimento facial e assim por diante.<\/p>\n<p><strong>A catraca do aeroporto \u00e9 uma esp\u00e9cie de catraca de gerenciamento de controle de acesso de pedestres, que \u00e9 usada na entrada e sa\u00edda do aeroporto para controlar a entrada e sa\u00edda de passageiros em combina\u00e7\u00e3o com um sistema de verifica\u00e7\u00e3o de passagens aeroportu\u00e1rias.<\/strong><\/p>\n<p>Sele\u00e7\u00e3o de torniquetes de aeroporto: <a href=\"https:\/\/mairsturnstile.com\/category\/swing-turnstile-gate\">torniquete de balan\u00e7o<\/a>, <a href=\"https:\/\/mairsturnstile.com\/what-is-flap-barrier.html\">torniquete de barreira bas<\/a>culante, <a href=\"https:\/\/mairsturnstile.com\/speed-gates.html\">torniquetes de velocidade<\/a>, <a href=\"https:\/\/mairsturnstile.com\/product\/face-recognition-turnstile\">torniquete de reconhecimento facial<\/a>.<\/p>\n<p>Por que usar a catraca do aeroporto? O fluxo aeroportu\u00e1rio \u00e9 muito grande, depende apenas de gest\u00e3o manual, muito dif\u00edcil, principalmente a gest\u00e3o de entradas e sa\u00eddas. Se a catraca inteligente com c\u00f3digo QR e a catraca de reconhecimento facial forem instaladas no aeroporto, isso poder\u00e1 n\u00e3o apenas simplificar o gerenciamento de entrada e sa\u00edda, mas tamb\u00e9m melhorar o n\u00edvel de gerenciamento.<\/p>\n<p><span style=\"font-weight: 400;\"><span style=\"font-style: inherit; font-weight: inherit;\">O nosso torniquete de seguran\u00e7a de <a href=\"https:\/\/en.wikipedia.org\/wiki\/Stainless_steel\" target=\"_blank\" rel=\"noopener\">a\u00e7o inoxid\u00e1vel<\/a> SUS 304 com barreira girat\u00f3ria para aeroporto oferece uma faixa de 1100 mm de largura para acomodar bicicletas, cadeiras de rodas, motas, carrinhos, bagagem, etc. <\/span><\/span><span style=\"font-style: inherit; font-weight: inherit;\">Torniquete de a\u00e7o inoxid\u00e1vel SUS 304 \u00e0 prova d&#8217;\u00e1gua para entrada de apartamento. \u00c9 usado principalmente na porta de unidades empresariais, \u00e1reas de plantas industriais e \u00e1reas residenciais de alto padr\u00e3o.<\/span><\/p>\n<p>Tamb\u00e9m podemos criar uma renderiza\u00e7\u00e3o para voc\u00ea em poucos minutos com base no seu cen\u00e1rio real. Tamb\u00e9m fornecemos layout e desenhos detalhados, bem como desenhos de instala\u00e7\u00e3o.<\/p>\n<ul>\n<li>Torniquete de aeroporto com alta velocidade de tr\u00e1fego, normalmente aplicado em locais de alto fluxo de tr\u00e1fego em funcionamento bidirecional.<\/li>\n<li>O chassi \u00e9 feito de a\u00e7o inoxid\u00e1vel 304 com textura fina, o que cria um ponto de acesso elegante e perfeito para combinar com a maioria dos ambientes internos.<\/li>\n<li>Esta catraca de aeroporto vem com padr\u00e3o internacional RS485 e rel\u00e9s, o que a torna amplamente compat\u00edvel com todos os softwares existentes na ind\u00fastria e quase todos os controles de acesso, como sistemas RFID, sistemas de c\u00f3digos de barras, sistemas de reconhecimento facial, sistemas de impress\u00e3o digital, etc.<\/li>\n<li>Em caso de emerg\u00eancia, corte a energia, a catraca girat\u00f3ria Slim abrir\u00e1 automaticamente para permitir a passagem livre, atendendo aos requisitos de seguran\u00e7a contra inc\u00eandio. Mas tem que vir com bateria. As for export, the battery is sensitive, we can use the capacitor to replace<\/li>\n<li>A catraca do aeroporto \u00e9 adequada para solu\u00e7\u00f5es de entrada luxuosas e sofisticadas.<\/li>\n<li>Todo o sistema funciona sem problemas, com baixo ru\u00eddo e alta velocidade.<\/li>\n<li>Fun\u00e7\u00e3o de alarme, se for uma intrus\u00e3o ilegal ou reversa, o port\u00e3o ir\u00e1 alarmar e a porta ser\u00e1 travada.<\/li>\n<li>H\u00e1 um total de 5 pares de sensores infravermelhos. Os sensores intermedi\u00e1rios servem para evitar beliscar pedestres.<\/li>\n<li>Fun\u00e7\u00e3o anti-cauda, uma pessoa pode passar de cada vez. Se algu\u00e9m seguir as pessoas da frente, o port\u00e3o ir\u00e1 alarmar<\/li>\n<li>Indicador LED. Cruz Vermelha e Arqueiro Verde. Existem tamb\u00e9m indicadores LED no poste frontal. The LED light can be added to the arms.<\/li>\n<li>O acesso bidirecional reduz a necessidade de mais port\u00f5es. \u00c9 acomodado para cadeira de rodas e carrinho de compras aumentando a efici\u00eancia de passagem.<\/li>\n<li>Fun\u00e7\u00e3o de reinicializa\u00e7\u00e3o autom\u00e1tica. Se as pessoas passaram dentro do tempo predefinido (o tempo padr\u00e3o \u00e9 5 segundos), o sistema cancelar\u00e1 a autoridade do usu\u00e1rio e fechar\u00e1 automaticamente.<\/li>\n<li>Anti-colis\u00e3o, Anti-fixa\u00e7\u00e3o, a porta da catraca externa vem sem escova durante a opera\u00e7\u00e3o se algu\u00e9m bater no bra\u00e7o, a porta da catraca externa ser\u00e1 reiniciada automaticamente. Esta fun\u00e7\u00e3o evita eficazmente que os pe\u00f5es, especialmente as crian\u00e7as, colidam, cortem, batam, etc.<\/li>\n<li>Tamanho e espessura do material podem ser personalizados<\/li>\n<li>Material da embalagem: a\u00e7o inoxid\u00e1vel 304<\/li>\n<li> Confiabilidade do mecanismo: 3 milh\u00f5es a 5 milh\u00f5es, sem culpa<\/li>\n<li>Luzes LED nos bra\u00e7os s\u00e3o opcionais<\/li>\n<li>LED no aparador \u00e9 opcional<\/li>\n<li>Espessura do bra\u00e7o oscilante: 10 mm<\/li>\n<li>Dire\u00e7\u00e3o de trabalho: bidirecional\/\u00fanico direcional<\/li>\n<li>Situa\u00e7\u00e3o de emerg\u00eancia: abra automaticamente quando a eletricidade for cortada com um capacitor<\/li>\n<li>Umidade: \u226490%<\/li>\n<li>Temperatura de trabalho: -20\u00b0C~60\u00b0C<\/li>\n<li>Communication distance: \u22641200 m<\/li>\n<li>Communication interface: RS485<\/li>\n<li>Feature: IC\/ID reader, Barcode Reader, Face recognition, Fingerprint, other access control equipment, UPS, etc<\/li>\n<li>O tempo necess\u00e1rio para abertura: 0,2 s<\/li>\n<li>Ambiente de trabalho: Dentro de casa<\/li>\n<li>Faixa de aplica\u00e7\u00e3o: Comunidade, F\u00e1brica, Canteiro de Obras, Escola, Local do resort, etc.<\/li>\n<\/ul>\n<p>Podemos fornecer toda a solu\u00e7\u00e3o de controle de acesso de seguran\u00e7a. Se voc\u00ea possui seu pr\u00f3prio sistema de controle de acesso, pode utilizar diretamente nossa catraca. Se voc\u00ea n\u00e3o tiver um, tamb\u00e9m fornecemos uma solu\u00e7\u00e3o completa de controle de acesso de seguran\u00e7a. Consulte o v\u00eddeo abaixo para obter detalhes.<\/p>\n<p><iframe title=\"Reprodutor de v\u00eddeo do YouTube\" src=\"https:\/\/www.youtube.com\/embed\/rR_US2dIKU8?si=E0N9uSYd9J7L-F0r\" width=\"1150\" height=\"650\" frameborder=\"0\" allowfullscreen=\"allowfullscreen\"><span data-mce-type=\"bookmark\" style=\"display: inline-block; width: 0px; overflow: hidden; line-height: 0;\" class=\"mce_SELRES_start\"><\/span><\/iframe><\/p>\n","protected":false},"excerpt":{"rendered":"<p>1. Size:2200*200*1440 mm (can be customized)<\/p>\n<p>2. Largura da pista: 600 mm (padr\u00e3o)<\/p>\n<p>3. Material dos bra\u00e7os: Acr\u00edlico<\/p>\n<p>4. Velocidade de passagem: 40 pessoas\/min<\/p>\n<p>5. Fonte de alimenta\u00e7\u00e3o: 110V\/220V 50\/60hz<\/p>\n<p>6. Motor sem escova<\/p>\n<p>7. Sinal de port\u00e3o aberto: contato seco\/rel\u00e9<\/p>\n<p>8. Motor de condu\u00e7\u00e3o: 24V<\/p>\n<p>9. Peso: 90 kg\/p\u00e7s<\/p>\n<p><strong><a title=\"Port\u00e3o de torniquete girat\u00f3rio com certifica\u00e7\u00e3o CE Mairs\" href=\"http:\/\/mairsturnstile.com\/wp-content\/uploads\/2022\/09\/Mairs-CE-Certificate-Swing-Turnstile-Gate.pdf\" target=\"_blank\" rel=\"noopener noreferrer\">Certificado CE,<\/a> <a title=\"Certificado Mairs ISO9001\" href=\"http:\/\/mairsturnstile.com\/wp-content\/uploads\/2022\/09\/Mairs-Registration-Certificate-ISO9001.pdf\" target=\"_blank\" rel=\"noopener noreferrer\">Certificado ISO9001.<\/a><\/strong><\/p>\n","protected":false},"featured_media":65821,"comment_status":"closed","ping_status":"closed","template":"","meta":{"neve_meta_sidebar":"","neve_meta_container":"","neve_meta_enable_content_width":"off","neve_meta_content_width":0,"neve_meta_title_alignment":"","neve_meta_author_avatar":"","neve_post_elements_order":"","neve_meta_disable_header":"","neve_meta_disable_footer":"","neve_meta_disable_title":"","_ti_tpc_template_sync":false,"_ti_tpc_template_id":""},"product_cat":[2020,2017],"product_tag":[2151,2100],"class_list":["post-33162","product","type-product","status-publish","has-post-thumbnail","hentry","product_cat-portao-giratorio-giratorio","product_cat-torniquetes-de-seguranca","product_tag-catraca-do-aeroporto","product_tag-torniquete-giratorio-pt"],"_links":{"self":[{"href":"https:\/\/mairsturnstile.com\/pt\/wp-json\/wp\/v2\/product\/33162","targetHints":{"allow":["GET"]}}],"collection":[{"href":"https:\/\/mairsturnstile.com\/pt\/wp-json\/wp\/v2\/product"}],"about":[{"href":"https:\/\/mairsturnstile.com\/pt\/wp-json\/wp\/v2\/types\/product"}],"replies":[{"embeddable":true,"href":"https:\/\/mairsturnstile.com\/pt\/wp-json\/wp\/v2\/comments?post=33162"}],"version-history":[{"count":0,"href":"https:\/\/mairsturnstile.com\/pt\/wp-json\/wp\/v2\/product\/33162\/revisions"}],"wp:featuredmedia":[{"embeddable":true,"href":"https:\/\/mairsturnstile.com\/pt\/wp-json\/wp\/v2\/media\/65821"}],"wp:attachment":[{"href":"https:\/\/mairsturnstile.com\/pt\/wp-json\/wp\/v2\/media?parent=33162"}],"wp:term":[{"taxonomy":"product_cat","embeddable":true,"href":"https:\/\/mairsturnstile.com\/pt\/wp-json\/wp\/v2\/product_cat?post=33162"},{"taxonomy":"product_tag","embeddable":true,"href":"https:\/\/mairsturnstile.com\/pt\/wp-json\/wp\/v2\/product_tag?post=33162"}],"curies":[{"name":"wp","href":"https:\/\/api.w.org\/{rel}","templated":true}]}}