{"id":33181,"date":"2022-02-17T18:25:21","date_gmt":"2022-02-17T10:25:21","guid":{"rendered":"https:\/\/mairsturnstile.com\/product\/torniquetes-de-seguranca-portas-de-velocidade-em-liga-de-aluminio-mt-l363"},"modified":"2022-02-17T18:25:21","modified_gmt":"2022-02-17T10:25:21","slug":"catracas-de-seguranca","status":"publish","type":"product","link":"https:\/\/mairsturnstile.com\/pt\/product\/catracas-de-seguranca","title":{"rendered":"Torniquetes de seguran\u00e7a portas de velocidade em liga de alum\u00ednio MT-L363"},"content":{"rendered":"<p><iframe title=\"Reprodutor de v\u00eddeo do YouTube\" src=\"https:\/\/www.youtube.com\/embed\/9pBxTPosnpw\" width=\"920\" height=\"517\" frameborder=\"0\" allowfullscreen=\"allowfullscreen\"><span data-mce-type=\"bookmark\" style=\"display: inline-block; width: 0px; overflow: hidden; line-height: 0;\" class=\"mce_SELRES_start\"><\/span><\/iframe><\/p>\n<h4><strong>Torniquetes de seguran\u00e7a Os port\u00f5es r\u00e1pidos em liga de alum\u00ednio t\u00eam 2 anos de garantia e suporte dur\u00e1vel para manuten\u00e7\u00e3o e reparo. <\/strong><\/h4>\n<p>Podemos fornecer servi\u00e7os OEM e ODM. Tamb\u00e9m fornecemos dispositivos biom\u00e9tricos, como leitores de cart\u00f5es IC\/ID, leitores de impress\u00e3o digital, leitores de c\u00f3digo QR, c\u00e2meras de reconhecimento facial e assim por diante. Se precisar de integrar estes dispositivos no torniquete de seguran\u00e7a do \u00e1trio ou se tiver alguma d\u00favida, <a href=\"https:\/\/mairsturnstile.com\/contact\">contacte-nos<\/a><\/p>\n<p><strong>Os torniquetes de seguran\u00e7a s\u00e3o um tipo de equipamento de <a href=\"https:\/\/en.wikipedia.org\/wiki\/Access_control\" target=\"_blank\" rel=\"noopener\">controlo de acesso<\/a> de seguran\u00e7a para pe\u00f5es, que \u00e9 amplamente utilizado em locais onde \u00e9 necess\u00e1rio controlar a entrada e sa\u00edda de pessoal. Security turnstiles equipment greatly improves the safety performance of pedestrian passage and the environment and increases the sense of safety of pedestrians.<\/strong><\/p>\n<p>A principal fun\u00e7\u00e3o das catracas de seguran\u00e7a \u00e9 fazer com que o fluxo de pedestres passe de forma ordenada, de forma a garantir a seguran\u00e7a dos pedestres e do meio ambiente.<\/p>\n<p>Os torniquetes de seguran\u00e7a dividem-se normalmente em <a href=\"https:\/\/mairsturnstile.com\/category\/tripod-turnstile\">torniquete de trip\u00e9<\/a>, <a href=\"https:\/\/mairsturnstile.com\/swing-turnstile-gate.html\">torniquete de baloi\u00e7o<\/a>, <a href=\"https:\/\/mairsturnstile.com\/what-is-flap-barrier.html\">torniquete de barreira<\/a> basculante, <a href=\"https:\/\/mairsturnstile.com\/full-height-turnstiles.html\">torniquete de altura total<\/a>, <a href=\"https:\/\/mairsturnstile.com\/product\/sliding-turnstile\">torniquete deslizante<\/a>, <a href=\"https:\/\/mairsturnstile.com\/speed-gates.html\">port\u00f5es r\u00e1pidos<\/a>. Se quiser saber mais pormenores, consulte o nosso artigo: <a href=\"https:\/\/mairsturnstile.com\/types-of-turnstiles.html\">tipos de torniquetes<\/a>.<\/p>\n<p>Torniquetes de seguran\u00e7a Speed Gates MT-L363 tamb\u00e9m \u00e9 uma esp\u00e9cie de Speed Gate. As cancelas r\u00e1pidas s\u00e3o um tipo de catraca de controle de acesso de pedestres, que tem velocidade de tr\u00e1fego mais r\u00e1pida, velocidade de opera\u00e7\u00e3o, fun\u00e7\u00e3o de posicionamento mais precisa e opera\u00e7\u00e3o mais est\u00e1vel do que a catraca girat\u00f3ria. Pode ser considerado um produto atualizado da catraca girat\u00f3ria. Os port\u00f5es r\u00e1pidos adotam um melhor mecanismo integrado de CC ou servomotor sem escova, \u00e9 um equipamento de gerenciamento de controle de acesso de pedestres altamente inteligente, que pode detectar totalmente a passagem do corpo humano, por isso \u00e9 seguro, confi\u00e1vel, r\u00e1pido e eficiente.<\/p>\n<p>A catraca de seguran\u00e7a para port\u00e3o r\u00e1pido tem desempenho de alto custo. Amplamente utilizado em ocasi\u00f5es comerciais de alto padr\u00e3o, sagu\u00f5es de edif\u00edcios, esta\u00e7\u00f5es ferrovi\u00e1rias, esta\u00e7\u00f5es de metr\u00f4, pontos tur\u00edsticos, etc.<\/p>\n<p>A catraca de seguran\u00e7a do port\u00e3o r\u00e1pido tem velocidade de resposta r\u00e1pida, super mudo, apar\u00eancia moderna, anticolis\u00e3o, reinicializa\u00e7\u00e3o autom\u00e1tica, fun\u00e7\u00e3o de mem\u00f3ria, controle remoto, fun\u00e7\u00e3o de prompt de voz, etc.<\/p>\n<p>Esta catraca para port\u00f5es r\u00e1pidos pode ser compat\u00edvel com cart\u00f5es IC, cart\u00f5es de identifica\u00e7\u00e3o, cart\u00f5es de c\u00f3digo de barras, leitores de cart\u00e3o de impress\u00e3o digital, c\u00e2meras de reconhecimento facial e outros dispositivos biom\u00e9tricos, proporcionando acesso civilizado e ordenado para o pessoal; Gerenciar eficazmente os direitos de acesso dos funcion\u00e1rios. Pode ser amplamente utilizado em lobbies de edif\u00edcios, esta\u00e7\u00f5es, cais, metr\u00f4s, f\u00e1bricas, edif\u00edcios de escrit\u00f3rios, hot\u00e9is, clubes, comunidades inteligentes, empresas e outros locais que necessitam de gerenciamento inteligente de controle de acesso.<\/p>\n<h4><strong>Par\u00e2metro t\u00e9cnico:<\/strong><\/h4>\n<p>Tamanho e espessura do material podem ser personalizados<\/p>\n<p>Material da embalagem: Chapa laminada a frio e liga de alum\u00ednio;<\/p>\n<p>A liga de alum\u00ednio pode ser oxidada em v\u00e1rias cores<\/p>\n<p>Reliability of the mechanism: 3 million-5 million, no-fault<\/p>\n<p>Dire\u00e7\u00e3o de trabalho: bidirecional\/\u00fanico direcional<\/p>\n<p>Situa\u00e7\u00e3o de emerg\u00eancia: abra automaticamente quando a eletricidade for cortada com um capacitor<\/p>\n<p>Umidade: \u226490% Sem condensa\u00e7\u00e3o<\/p>\n<p>Temperatura de trabalho: -25\u00b0C~70\u00b0C<\/p>\n<p>Communication distance: \u22641200 m<\/p>\n<p>Communication interface: RS485<\/p>\n<p>Feature: IC\/ID reader, Barcode Reader, Face recognition, Fingerprint, other access control equipment, UPS, etc<\/p>\n<p>O tempo necess\u00e1rio para abertura: 0,2 s<\/p>\n<p>Ambiente de trabalho: Dentro de casa<\/p>\n<p>Faixa de aplica\u00e7\u00e3o: Comunidade, Pr\u00e9dio de Escrit\u00f3rios, Escola, Local do resort, etc.<\/p>\n<p><img fetchpriority=\"high\" decoding=\"async\" class=\"alignnone size-full wp-image-5655\" src=\"http:\/\/mairsturnstile.com\/wp-content\/uploads\/2022\/05\/speed-gates-turnstile-dimension-L363.jpg\" alt=\"\" width=\"1024\" height=\"913\" title=\"\"><img decoding=\"async\" class=\"alignnone size-full wp-image-5716\" src=\"http:\/\/mairsturnstile.com\/wp-content\/uploads\/2022\/05\/speed-gates-cases.jpg\" alt=\"\" width=\"1024\" height=\"1100\" title=\"\"><img decoding=\"async\" class=\"alignnone size-full wp-image-5625\" src=\"http:\/\/mairsturnstile.com\/wp-content\/uploads\/2022\/05\/turnstile-gate-access-control-system.png\" alt=\"sistema de controle de acesso para port\u00e3o de catraca\" width=\"1024\" height=\"900\" title=\"\"><img loading=\"lazy\" decoding=\"async\" class=\"alignnone size-full wp-image-5617\" src=\"http:\/\/mairsturnstile.com\/wp-content\/uploads\/2022\/05\/packing-of-turnstile-gate.jpg\" alt=\"pacote de port\u00e3o catraca\" width=\"1024\" height=\"900\" title=\"\"><\/p>\n","protected":false},"excerpt":{"rendered":"<p>1. Tamanho: 1500*120*1000 mm (pode ser personalizado)<\/p>\n<p>2. Largura da pista: 600 mm (padr\u00e3o) 1000 mm (m\u00e1x.)<\/p>\n<p>3. Material do bra\u00e7o: Acr\u00edlico de 10 mm<\/p>\n<p>4. Velocidade de passagem: 40 pessoas\/min<\/p>\n<p>5. Fonte de alimenta\u00e7\u00e3o: 110V\/220V 50\/60hz<\/p>\n<p>6. Mecanismo: Motor sem escova<\/p>\n<p>7. Sinal de port\u00e3o aberto: contato seco de 12V<\/p>\n<p>8. Motor de condu\u00e7\u00e3o: 24V<\/p>\n<p>9. Peso: 90 kg\/p\u00e7s<\/p>\n<p><span style=\"color: #0000ff;\"><strong><a style=\"color: #0000ff;\" title=\"Torniquete de porta r\u00e1pida com certifica\u00e7\u00e3o CE Mairs\" href=\"http:\/\/mairsturnstile.com\/wp-content\/uploads\/2022\/09\/Mairs-CE-Certificate-Speed-Gate-Turnstile.pdf\" target=\"_blank\" rel=\"noopener noreferrer\">Certificado CE,<\/a> <a style=\"color: #0000ff;\" title=\"Certificado Mairs ISO9001\" href=\"http:\/\/mairsturnstile.com\/wp-content\/uploads\/2022\/09\/Mairs-Registration-Certificate-ISO9001.pdf\" target=\"_blank\" rel=\"noopener noreferrer\">Certificado ISO9001.<\/a><\/strong><\/span><\/p>\n","protected":false},"featured_media":59465,"comment_status":"closed","ping_status":"closed","template":"","meta":{"neve_meta_sidebar":"","neve_meta_container":"","neve_meta_enable_content_width":"off","neve_meta_content_width":0,"neve_meta_title_alignment":"","neve_meta_author_avatar":"","neve_post_elements_order":"","neve_meta_disable_header":"","neve_meta_disable_footer":"","neve_meta_disable_title":"","_ti_tpc_template_sync":false,"_ti_tpc_template_id":""},"product_cat":[2019,2017],"product_tag":[2096,2110,2186,2134,2097],"class_list":["post-33181","product","type-product","status-publish","has-post-thumbnail","hentry","product_cat-portoes-rapidos-pt","product_cat-torniquetes-de-seguranca","product_tag-catraca-de-portao-rapido","product_tag-catracas-de-seguranca","product_tag-portao-de-catraca-de-seguranca","product_tag-portoes-de-entrada-catraca","product_tag-portoes-rapidos"],"_links":{"self":[{"href":"https:\/\/mairsturnstile.com\/pt\/wp-json\/wp\/v2\/product\/33181","targetHints":{"allow":["GET"]}}],"collection":[{"href":"https:\/\/mairsturnstile.com\/pt\/wp-json\/wp\/v2\/product"}],"about":[{"href":"https:\/\/mairsturnstile.com\/pt\/wp-json\/wp\/v2\/types\/product"}],"replies":[{"embeddable":true,"href":"https:\/\/mairsturnstile.com\/pt\/wp-json\/wp\/v2\/comments?post=33181"}],"version-history":[{"count":0,"href":"https:\/\/mairsturnstile.com\/pt\/wp-json\/wp\/v2\/product\/33181\/revisions"}],"wp:featuredmedia":[{"embeddable":true,"href":"https:\/\/mairsturnstile.com\/pt\/wp-json\/wp\/v2\/media\/59465"}],"wp:attachment":[{"href":"https:\/\/mairsturnstile.com\/pt\/wp-json\/wp\/v2\/media?parent=33181"}],"wp:term":[{"taxonomy":"product_cat","embeddable":true,"href":"https:\/\/mairsturnstile.com\/pt\/wp-json\/wp\/v2\/product_cat?post=33181"},{"taxonomy":"product_tag","embeddable":true,"href":"https:\/\/mairsturnstile.com\/pt\/wp-json\/wp\/v2\/product_tag?post=33181"}],"curies":[{"name":"wp","href":"https:\/\/api.w.org\/{rel}","templated":true}]}}