{"id":33198,"date":"2021-11-25T18:23:24","date_gmt":"2021-11-25T10:23:24","guid":{"rendered":"https:\/\/mairsturnstile.com\/product\/torniquetes-de-cintura-alta-torniquetes-de-tripe-mt125"},"modified":"2023-10-31T16:47:20","modified_gmt":"2023-10-31T08:47:20","slug":"catracas-na-altura-da-cintura","status":"publish","type":"product","link":"https:\/\/mairsturnstile.com\/pt\/product\/catracas-na-altura-da-cintura","title":{"rendered":"Torniquetes de cintura alta Torniquetes de trip\u00e9 MT125"},"content":{"rendered":"        <!-- 3D Model html -->\r\n        <div class=\"bp_grand wrapper_20728\">   \r\n        <div class=\"bp_model_parent\">\r\n            <model-viewer class=\"model\" id=\"bp_model_id_20728\" src=\"http:\/\/mairsturnstile.com\/wp-content\/uploads\/2023\/06\/MT125.glb\" alt=\"MT125\" camera-controls  loading=\"auto\" auto-rotate                        >\r\n            <\/model-viewer>\r\n        \r\n            <!-- Button -->\r\n            <svg id=\"openBtn\" width=\"30px\" height=\"30px\" viewBox=\"0 0 16 16\" xmlns=\"http:\/\/www.w3.org\/2000\/svg\" fill=\"#f2f2f2\" class=\"bi bi-arrows-fullscreen model-icon\">\r\n                <path fill-rule=\"evenodd\" d=\"M5.828 10.172a.5.5 0 0 0-.707 0l-4.096 4.096V11.5a.5.5 0 0 0-1 0v3.975a.5.5 0 0 0 .5.5H4.5a.5.5 0 0 0 0-1H1.732l4.096-4.096a.5.5 0 0 0 0-.707zm4.344 0a.5.5 0 0 1 .707 0l4.096 4.096V11.5a.5.5 0 1 1 1 0v3.975a.5.5 0 0 1-.5.5H11.5a.5.5 0 0 1 0-1h2.768l-4.096-4.096a.5.5 0 0 1 0-.707zm0-4.344a.5.5 0 0 0 .707 0l4.096-4.096V4.5a.5.5 0 1 0 1 0V.525a.5.5 0 0 0-.5-.5H11.5a.5.5 0 0 0 0 1h2.768l-4.096 4.096a.5.5 0 0 0 0 .707zm-4.344 0a.5.5 0 0 1-.707 0L1.025 1.732V4.5a.5.5 0 0 1-1 0V.525a.5.5 0 0 1 .5-.5H4.5a.5.5 0 0 1 0 1H1.732l4.096 4.096a.5.5 0 0 1 0 .707z\"\/>\r\n            <\/svg>\r\n        \r\n            <svg id=\"closeBtn\" class=\"model-icon\" width=\"34px\" height=\"34px\" viewBox=\"0 0 24 24\" xmlns=\"http:\/\/www.w3.org\/2000\/svg\">\r\n                <path fill=\"none\" stroke=\"#f2f2f2\" stroke-width=\"2\" d=\"M7,7 L17,17 M7,17 L17,7\"\/>\r\n            <\/svg>\r\n        \r\n        <\/div>\r\n        <\/div> \r\n\r\n        <!-- Model Viewer Style -->\r\n        <style>\r\n            \r\n            .wrapper_20728 .bp_model_parent, #bp_model_id_20728 {\r\n                width: 1150px;\r\n                max-width: 100%;\r\n                                            }\r\n            #bp_model_id_20728 {\r\n                height:700px;\r\n                background-color: #f2f2f2;\r\n            }\r\n            .fullscreen #bp_model_id_20728{\r\n            height: 100%;\r\n            width: 100%;\r\n            }\r\n            .wrapper_20728 .bp_model_parent{\r\n                justify-content: start            }\r\n            model-viewer.model {\r\n                --poster-color: transparent;\r\n            }\r\n        <\/style>\r\n        \r\n        \n<h3>Waist high turnstiles MT125 carry a 2 years warranty and durable maintenance and repair support.<\/h3>\n<p>Podemos fornecer servi\u00e7os OEM e ODM. Temos designers experientes que podem realizar uma personaliza\u00e7\u00e3o profunda de acordo com qualquer uma de suas necessidades. Forneceremos uma s\u00e9rie de materiais, como renderiza\u00e7\u00f5es 3D, desenhos dimensionais, etc. Tamb\u00e9m fornecemos dispositivos biom\u00e9tricos, como leitores de cart\u00f5es IC\/ID, leitores de impress\u00e3o digital, leitores de c\u00f3digo QR, c\u00e2meras de reconhecimento facial e assim por diante. Se precisar de integrar estes dispositivos no torniquete de altura total ou se tiver alguma d\u00favida, <a href=\"https:\/\/mairsturnstile.com\/contact\">contacte-nos<\/a><\/p>\n<p><strong>Os torniquetes de cintura alta s\u00e3o um tipo de <a href=\"https:\/\/mairsturnstile.com\/product\/tripod-security-gate\">torniquete de trip\u00e9<\/a> para pe\u00f5es, cuja altura atinge a altura da cintura das pessoas normais. Pode tamb\u00e9m compreender que \u00e9 equivalente ao torniquete do trip\u00e9. Possui v\u00e1rias caracter\u00edsticas de uma catraca trip\u00e9. As catracas na altura da cintura s\u00e3o feitas de a\u00e7o inoxid\u00e1vel 304 ou 316, que \u00e9 dur\u00e1vel e n\u00e3o \u00e9 f\u00e1cil de deformar. O bloqueio e a libera\u00e7\u00e3o s\u00e3o conseguidos por rota\u00e7\u00e3o.<\/strong><\/p>\n<p>Se esta catraca na altura da cintura n\u00e3o for o que voc\u00ea precisa, voc\u00ea pode clicar em nossa p\u00e1gina de catracas de trip\u00e9 para selecionar mais estilos de catraca na altura da cintura. Claro, temos mais catracas de cintura alta e mais bonitas, que certamente podem atender \u00e0s suas necessidades. Tamb\u00e9m podemos personalizar produtos com tamanhos e apar\u00eancias especiais de acordo com suas reais necessidades.<\/p>\n<p>As catracas na altura da cintura tamb\u00e9m podem ser personalizadas de acordo com a situa\u00e7\u00e3o real e a largura do canal do seu site. If your site channel needs such a special customized waist-high turnstile, or you don&#8217;t know how to choose a waist-high turnstile, please don&#8217;t hesitate to contact us, and we will provide you with the high-quality waist-high turnstile and the most suitable security turnstile solution to save your costs.<\/p>\n<p>Catracas na altura da cintura podem ser combinadas com cart\u00f5es inteligentes, impress\u00f5es digitais, c\u00f3digos de barras e outros equipamentos de sistema de identifica\u00e7\u00e3o para formar um sistema de controle de acesso inteligente; \u00c9 combinado com um computador, controle de acesso, atendimento, gerenciamento de cobran\u00e7a, sistema de ingressos e outros softwares para formar um sistema inteligente de gerenciamento de controle de acesso, que pode realizar as fun\u00e7\u00f5es de controle de acesso, atendimento, consumo, venda de ingressos, restri\u00e7\u00e3o de corrente e assim sobre.<\/p>\n<p>Naturalmente, os torniquetes \u00e0 altura da cintura correspondem ao <a href=\"https:\/\/mairsturnstile.com\/full-height-turnstiles.html\">torniquete de altura total<\/a>, que se refere principalmente \u00e0 altura do port\u00e3o do torniquete para pe\u00f5es. Geralmente, uma catraca na altura da cintura \u00e9 frequentemente usada para gerenciamento de propriedades comunit\u00e1rias, e uma catraca de altura total \u00e9 frequentemente usada para canteiros de obras, pris\u00f5es, empresas, institui\u00e7\u00f5es, esta\u00e7\u00f5es ferrovi\u00e1rias, rodovi\u00e1rias, aeroportos e outros locais com alta seguran\u00e7a requisitos ocasi\u00f5es.<\/p>\n<p>A forma dos torniquetes de cintura alta \u00e9 feita de uma placa <a class=\"rank-math-link\" href=\"https:\/\/en.wikipedia.org\/wiki\/Stainless_steel\" target=\"_blank\" rel=\"noopener noreferrer\">de a\u00e7o inoxid\u00e1vel<\/a> 304, que \u00e9 bonita e generosa, \u00e0 prova de ferrugem e dur\u00e1vel, e pode resistir a danos causados por for\u00e7as externas.<\/p>\n<p>Tamb\u00e9m podemos criar uma renderiza\u00e7\u00e3o para voc\u00ea em poucos minutos com base no seu cen\u00e1rio real. Tamb\u00e9m fornecemos layout e desenhos detalhados, bem como desenhos de instala\u00e7\u00e3o.<\/p>\n\n        \t\n\t<style type=\"text\/css\">\n\t\t.slider-info-20741.bafg-slider-info .bafg-slider-title {\n\t\t\t\t\t\tfont-size: 22px;\n\t\t\t\t\t\t\n\t\t\t\n\t\t\t\t\t}\n\n\t\t.slider-info-20741.bafg-slider-info .bafg-slider-description {\n\t\t\t\n\t\t\t\n\t\t\t\t\t}\n\n\t\t.slider-info-20741.bafg-slider-info .bafg_slider_readmore_button {\n\t\t\t\n\t\t\t\n\t\t\t\n\t\t\t\n\t\t\t\n\t\t\ttext-align: center;\n\n\t\t\t\n\t\t\t\n\t\t\t\n\t\t\t\n\t\t\t\n\t\t\t\n\t\t\t\t\t}\n\n\t\t.slider-info-20741.bafg-slider-info .bafg_slider_readmore_button:hover {\n\n\t\t\t\n\t\t\t\n\t\t\t\t\t}\n\n\t<\/style>\n\t\n        <div class=\"bafg-twentytwenty-container slider-20741 \" bafg-orientation=\"horizontal\" bafg-default-offset=\"0.5\" bafg-before-label=\"Before\" bafg-after-label=\"After\" bafg-overlay=\"yes\" bafg-move-slider-on-hover=\"yes\" bafg-click-to-move=\"no\">\n              \n            <img decoding=\"async\" class=\"skip-lazy\" src=\"http:\/\/mairsturnstile.com\/wp-content\/uploads\/2023\/06\/waist-high-turnstiles_4.jpg\" alt=\"\" data-skip-lazy title=\"\">\n            <img decoding=\"async\" class=\"skip-lazy\" src=\"http:\/\/mairsturnstile.com\/wp-content\/uploads\/2023\/06\/waist-high-turnstiles_5.jpg\" alt=\"\" data-skip-lazy title=\"\">\n           \n        <\/div>\n\n        \t<div class=\"bafg-slider-info-wraper\">\n\t\t<div style=\"\" class=\"slider-info-20741 bafg-slider-info\">\n\t\t\t\t\t<\/div>\n\t<\/div>\n\t\n        <style type=\"text\/css\">\n            \n        <\/style>\n        \n<p>V\u00e1lvula solen\u00f3ide: DC24V \u00b1 5%<br \/>\nComprimento do bra\u00e7o: 510 mm<br \/>\nO sentido de rota\u00e7\u00e3o: bidirecional\/\u00fanico direcional<br \/>\nEmerg\u00eancia: O bra\u00e7o cai automaticamente quando a eletricidade \u00e9 cortada.<br \/>\nTens\u00e3o operacional: CC 24V \u00b15%<br \/>\nA tens\u00e3o da luz indicadora: DC12V \u00b1 5% (padr\u00e3o)<br \/>\nConfiabilidade do mecanismo: 3 milh\u00f5es, sem culpa<br \/>\nTemperatura de trabalho: -30\u00b0C~60\u00b0C<br \/>\nUmidade: 5%~90%<br \/>\n\u00c0 prova d&#8217;\u00e1gua: IP56<br \/>\nFeature: IC\/ID reader, Barcode Reader, Face recognition, Fingerprint, other access control equipment, UPS, etc<br \/>\nO tempo necess\u00e1rio para abertura: 0,2 s<br \/>\nWorking environment: Indoor or outdoor<br \/>\nFaixa de aplica\u00e7\u00e3o: Comunidade, F\u00e1brica, Canteiro de Obras, Escola, Local do resort, etc.<\/p>\n<p><iframe title=\"Torniquete de trip\u00e9 autom\u00e1tico, port\u00e3o de catraca de trip\u00e9, solu\u00e7\u00e3o de catraca de trip\u00e9 - MairsTurnstile\" src=\"https:\/\/www.youtube.com\/embed\/6LIOkb5RGwk\" width=\"1150\" height=\"650\" frameborder=\"0\" allowfullscreen=\"allowfullscreen\"><\/iframe><\/p>\n","protected":false},"excerpt":{"rendered":"<p>1. Tamanho: 1400*280*980 mm (pode ser personalizado)<\/p>\n<p>2. Largura da pista: 550 mm (pode ser personalizado)<\/p>\n<p>3. Velocidade de passagem: 35 pessoas\/min<\/p>\n<p>4. Fonte de alimenta\u00e7\u00e3o: 110V\/220V 50\/60Hz<\/p>\n<p>5. Peso: 45kg<\/p>\n<p>6. Entrada: Rel\u00e9 de contato seco<\/p>\n<p>7. Solen\u00f3ide de 24 V<\/p>\n<p>8. Material da caixa: a\u00e7o inoxid\u00e1vel 304 e tampa superior de acr\u00edlico<\/p>\n<p>9. Modo de opera\u00e7\u00e3o: semiautom\u00e1tico<\/p>\n<p><strong><a title=\"Torniquete de trip\u00e9 com certifica\u00e7\u00e3o CE da Mairs\" href=\"http:\/\/mairsturnstile.com\/wp-content\/uploads\/2022\/09\/Mairs-CE-Certificate-Tripod-Turnstile.pdf\" target=\"_blank\" rel=\"noopener noreferrer\">Certificado CE,<\/a> <a title=\"Certificado Mairs ISO9001\" href=\"http:\/\/mairsturnstile.com\/wp-content\/uploads\/2022\/09\/Mairs-Registration-Certificate-ISO9001.pdf\" target=\"_blank\" rel=\"noopener noreferrer\">Certificado ISO9001.<\/a><\/strong><\/p>\n","protected":false},"featured_media":33199,"comment_status":"closed","ping_status":"closed","template":"","meta":{"neve_meta_sidebar":"","neve_meta_container":"","neve_meta_enable_content_width":"off","neve_meta_content_width":0,"neve_meta_title_alignment":"","neve_meta_author_avatar":"","neve_post_elements_order":"","neve_meta_disable_header":"","neve_meta_disable_footer":"","neve_meta_disable_title":"","_ti_tpc_template_sync":false,"_ti_tpc_template_id":""},"product_cat":[2021,2017],"product_tag":[2193,2118,2192,2115,2138,2117,2191],"class_list":["post-33198","product","type-product","status-publish","has-post-thumbnail","hentry","product_cat-torniquete-de-tripe","product_cat-torniquetes-de-seguranca","product_tag-catracas-na-altura-da-cintura","product_tag-portao-de-catraca-tripe","product_tag-preco-da-catraca-na-cintura","product_tag-quanto-custa-uma-catraca","product_tag-torniquete-de-tripe","product_tag-turnstile-cost-pt","product_tag-waist-high-turnstile-pt"],"_links":{"self":[{"href":"https:\/\/mairsturnstile.com\/pt\/wp-json\/wp\/v2\/product\/33198","targetHints":{"allow":["GET"]}}],"collection":[{"href":"https:\/\/mairsturnstile.com\/pt\/wp-json\/wp\/v2\/product"}],"about":[{"href":"https:\/\/mairsturnstile.com\/pt\/wp-json\/wp\/v2\/types\/product"}],"replies":[{"embeddable":true,"href":"https:\/\/mairsturnstile.com\/pt\/wp-json\/wp\/v2\/comments?post=33198"}],"version-history":[{"count":0,"href":"https:\/\/mairsturnstile.com\/pt\/wp-json\/wp\/v2\/product\/33198\/revisions"}],"wp:featuredmedia":[{"embeddable":true,"href":"https:\/\/mairsturnstile.com\/pt\/wp-json\/wp\/v2\/media\/33199"}],"wp:attachment":[{"href":"https:\/\/mairsturnstile.com\/pt\/wp-json\/wp\/v2\/media?parent=33198"}],"wp:term":[{"taxonomy":"product_cat","embeddable":true,"href":"https:\/\/mairsturnstile.com\/pt\/wp-json\/wp\/v2\/product_cat?post=33198"},{"taxonomy":"product_tag","embeddable":true,"href":"https:\/\/mairsturnstile.com\/pt\/wp-json\/wp\/v2\/product_tag?post=33198"}],"curies":[{"name":"wp","href":"https:\/\/api.w.org\/{rel}","templated":true}]}}