{"id":33226,"date":"2021-11-24T02:36:46","date_gmt":"2021-11-23T18:36:46","guid":{"rendered":"https:\/\/mairsturnstile.com\/product\/torniquete-em-tandem-de-altura-total-mt402-2-x"},"modified":"2024-10-31T12:05:34","modified_gmt":"2024-10-31T04:05:34","slug":"catraca-tandem","status":"publish","type":"product","link":"https:\/\/mairsturnstile.com\/pt\/product\/catraca-tandem","title":{"rendered":"Torniquete em tandem de altura total MT402-2-X"},"content":{"rendered":"        <!-- 3D Model html -->\r\n        <div class=\"bp_grand wrapper_19980\">   \r\n        <div class=\"bp_model_parent\">\r\n            <model-viewer class=\"model\" id=\"bp_model_id_19980\" src=\"http:\/\/mairsturnstile.com\/wp-content\/uploads\/2023\/06\/MT402-2-B.glb\" alt=\"MT402-2-B\" camera-controls  loading=\"auto\" auto-rotate                        >\r\n            <\/model-viewer>\r\n        \r\n            <!-- Button -->\r\n            <svg id=\"openBtn\" width=\"30px\" height=\"30px\" viewBox=\"0 0 16 16\" xmlns=\"http:\/\/www.w3.org\/2000\/svg\" fill=\"#f2f2f2\" class=\"bi bi-arrows-fullscreen model-icon\">\r\n                <path fill-rule=\"evenodd\" d=\"M5.828 10.172a.5.5 0 0 0-.707 0l-4.096 4.096V11.5a.5.5 0 0 0-1 0v3.975a.5.5 0 0 0 .5.5H4.5a.5.5 0 0 0 0-1H1.732l4.096-4.096a.5.5 0 0 0 0-.707zm4.344 0a.5.5 0 0 1 .707 0l4.096 4.096V11.5a.5.5 0 1 1 1 0v3.975a.5.5 0 0 1-.5.5H11.5a.5.5 0 0 1 0-1h2.768l-4.096-4.096a.5.5 0 0 1 0-.707zm0-4.344a.5.5 0 0 0 .707 0l4.096-4.096V4.5a.5.5 0 1 0 1 0V.525a.5.5 0 0 0-.5-.5H11.5a.5.5 0 0 0 0 1h2.768l-4.096 4.096a.5.5 0 0 0 0 .707zm-4.344 0a.5.5 0 0 1-.707 0L1.025 1.732V4.5a.5.5 0 0 1-1 0V.525a.5.5 0 0 1 .5-.5H4.5a.5.5 0 0 1 0 1H1.732l4.096 4.096a.5.5 0 0 1 0 .707z\"\/>\r\n            <\/svg>\r\n        \r\n            <svg id=\"closeBtn\" class=\"model-icon\" width=\"34px\" height=\"34px\" viewBox=\"0 0 24 24\" xmlns=\"http:\/\/www.w3.org\/2000\/svg\">\r\n                <path fill=\"none\" stroke=\"#f2f2f2\" stroke-width=\"2\" d=\"M7,7 L17,17 M7,17 L17,7\"\/>\r\n            <\/svg>\r\n        \r\n        <\/div>\r\n        <\/div> \r\n\r\n        <!-- Model Viewer Style -->\r\n        <style>\r\n            \r\n            .wrapper_19980 .bp_model_parent, #bp_model_id_19980 {\r\n                width: 1150px;\r\n                max-width: 100%;\r\n                                            }\r\n            #bp_model_id_19980 {\r\n                height:700px;\r\n                background-color: #f2f2f2;\r\n            }\r\n            .fullscreen #bp_model_id_19980{\r\n            height: 100%;\r\n            width: 100%;\r\n            }\r\n            .wrapper_19980 .bp_model_parent{\r\n                justify-content: start            }\r\n            model-viewer.model {\r\n                --poster-color: transparent;\r\n            }\r\n        <\/style>\r\n        \r\n        \n<h2>A catraca tandem de altura total tem 2 anos de garantia e suporte dur\u00e1vel de manuten\u00e7\u00e3o e reparo.<\/h2>\n<p>We can provide OEM and ODM services. Temos designers experientes que podem realizar uma personaliza\u00e7\u00e3o profunda de acordo com qualquer uma de suas necessidades. Forneceremos uma s\u00e9rie de materiais, como renderiza\u00e7\u00f5es 3D, desenhos dimensionais, etc. Lan\u00e7\u00e1mos tamb\u00e9m uma nova s\u00e9rie de torniquetes de altura total com um aspeto elegante e uma estrutura robusta. Verificar:<span style=\"\"> <a style=\"\" href=\"\" target=\"\" rel=\"noopener\">s\u00e9rie de torniquetes de altura total<\/a><\/span> <\/p>\n<p>A catraca tandem \u00e9 uma catraca de faixa dupla de altura total composta por dois canais lado a lado ou m\u00faltiplos canais. As catracas de altura total s\u00e3o compostas por m\u00faltiplas m\u00e1quinas de catraca lado a lado. Torniquete tandem com o melhor desempenho de seguran\u00e7a, que \u00e9 muito mais alto e mais largo do que uma catraca comum e tem vantagens de seguran\u00e7a \u00f3bvias.<\/p>\n<p>Podemos fornecer servi\u00e7os OEM e ODM, incluindo personaliza\u00e7\u00e3o de cor, estilo, material, tamanho, etc. por exemplo, para uma cor especial, o cliente s\u00f3 precisa nos fornecer um n\u00famero Pantone, e ajustaremos a cor de acordo com o Pantone n\u00famero e pulverize o p\u00f3 na mesma cor. Caso o cliente tenha necessidades de ODM, tamb\u00e9m podemos projetar um estilo para este cliente de acordo com a apar\u00eancia e prefer\u00eancias de tamanho do cliente, sem vendas externas. Este ser\u00e1 o \u00fanico estilo \u00fanico da sua empresa no mercado.<\/p>\n<p>Tamb\u00e9m fornecemos dispositivos biom\u00e9tricos, como leitores de cart\u00f5es IC\/ID, leitores de impress\u00e3o digital, leitores de c\u00f3digo QR, c\u00e2meras de reconhecimento facial e assim por diante. Se precisar de integrar estes dispositivos no torniquete de altura total ou se tiver alguma d\u00favida, <a href=\"https:\/\/mairsturnstile.com\/contact\" target=\"_blank\" rel=\"noopener\">contacte-nos<\/a><\/p>\n<p>Full-height tandem turnstile can form a closed passage space, and personnel passes orderly by swiping cards and other methods. Full-height tandem turnstile can be unattended and has high application value in some places with strict security measures. A catraca Tandem \u00e9 composta por chassi e 3 ou 4 fileiras de hastes girat\u00f3rias. \u00c9 desenvolvido com base em uma catraca trip\u00e9.<\/p>\n<p>Esta \u00e9 uma catraca tandem customizada de altura total com tratamento especial. The basic material is a 304 stainless steel iron plate. A superf\u00edcie \u00e9 tratada com tinta para cozimento em temperatura ultra-alta. A tinta n\u00e3o cair\u00e1 ap\u00f3s uso prolongado. Pode ser usado ao ar livre e a cor pode ser personalizada livremente. Assim como a customiza\u00e7\u00e3o deste produto, podemos customizar todos os demais produtos de acordo com sua necessidade, inclusive tamanho.<\/p>\n<p><strong>Material da catraca de altura total:<\/strong><\/p>\n<p>A catraca tandem de altura total \u00e9 feita de a\u00e7o inoxid\u00e1vel SUS304. Adopta a mais avan\u00e7ada tecnologia de controlo de acionamento, que pode alterar o design numa vasta gama para satisfazer os v\u00e1rios requisitos de diferentes estilos de edif\u00edcios modernos para sistemas inteligentes <a href=\"https:\/\/en.wikipedia.org\/wiki\/Access_control\" target=\"_blank\" rel=\"noopener\">de controlo de acesso<\/a> pedonal.<\/p>\n<p><strong><b>Caracter\u00edsticas de desempenho:<\/b><\/strong><\/p>\n<ol>\n<li>Full height turnstile mechanism adopts a unique mechanical structure, with a reasonable and reliable design, low noise, stable operation, and long service life.<\/li>\n<li>Pode efetivamente prevenir rejeitos e melhorar a velocidade do tr\u00e1fego de pessoas.<\/li>\n<li>Ap\u00f3s uma falha de energia, a porta ser\u00e1 desbloqueada automaticamente para formar um modo mec\u00e2nico, e o pessoal poder\u00e1 entrar e sair sozinho, atendendo aos requisitos de prote\u00e7\u00e3o contra inc\u00eandio.<\/li>\n<li>Luz de alerta LED indicando se a passagem do cart\u00e3o \u00e9 eficaz.<\/li>\n<li>It has an automatic reset function. Se o pessoal n\u00e3o passar pelo port\u00e3o dentro do tempo definido ap\u00f3s obter a autoridade de libera\u00e7\u00e3o do port\u00e3o, a porta de altura total cancelar\u00e1 automaticamente a autoridade e retornar\u00e1 ao estado inicial.<\/li>\n<li>Waterproof, sunscreen, cold and high temperature resistant.<\/li>\n<li>Possui uma interface de instala\u00e7\u00e3o personalizada e \u00e9 compat\u00edvel com IC, cart\u00f5es de identifica\u00e7\u00e3o e outros cart\u00f5es inteligentes.<\/li>\n<li>Pode ser estendido a um sistema de identifica\u00e7\u00e3o autom\u00e1tica para realizar controle de acesso, atendimento, cobran\u00e7a e outras fun\u00e7\u00f5es.<\/li>\n<li>O controle e o gerenciamento remotos podem ser realizados diretamente atrav\u00e9s do computador de gerenciamento<\/li>\n<li>Confiabilidade do mecanismo: 5 milh\u00f5es, sem culpa<\/li>\n<li>Mecanismo com amortecedor hidr\u00e1ulico para absor\u00e7\u00e3o de choque<\/li>\n<\/ol>\n<p>Podemos fornecer toda a solu\u00e7\u00e3o de controle de acesso de seguran\u00e7a. Se voc\u00ea possui seu pr\u00f3prio sistema de controle de acesso, pode utilizar diretamente nossa catraca. Se voc\u00ea n\u00e3o tiver um, tamb\u00e9m fornecemos uma solu\u00e7\u00e3o completa de controle de acesso de seguran\u00e7a. Consulte o v\u00eddeo abaixo para obter detalhes.<\/p>\n<p><iframe title=\"Reprodutor de v\u00eddeo do YouTube\" src=\"https:\/\/www.youtube.com\/embed\/XyxFKnS3Br0\" width=\"1150\" height=\"650\" frameborder=\"0\" allowfullscreen=\"allowfullscreen\"><span data-mce-type=\"bookmark\" style=\"display: inline-block; width: 0px; overflow: hidden; line-height: 0;\" class=\"mce_SELRES_start\"><\/span><\/iframe><\/p>\n","protected":false},"excerpt":{"rendered":"<p>1.Tamanho:2400*1500*2310 mm (pode ser personalizado)<\/p>\n<p>2. Lane Width: 650 mm (can be customized)<\/p>\n<p>3. Material: a\u00e7o inoxid\u00e1vel 304 ou a\u00e7o inoxid\u00e1vel 316<\/p>\n<p>4. Passing speed: 30 person\/min<\/p>\n<p>5. Power supply: 110V\/220V 50\/60Hz<\/p>\n<p>6. Solenoid: DC24V<\/p>\n<p>7. Sinal de port\u00e3o aberto: contato seco\/rel\u00e9<\/p>\n<p>8. Logic Voltage: DC24V<\/p>\n<p>9. Acionamento: Funcionamento semi-autom\u00e1tico<\/p>\n<p><strong><a title=\"Torniquete de altura total com certifica\u00e7\u00e3o CE Mairs\" href=\"http:\/\/mairsturnstile.com\/wp-content\/uploads\/2022\/09\/Mairs-CE-Certificate-Full-Height-Turnstile.pdf\" target=\"_blank\" rel=\"noopener noreferrer\">Certificado CE,<\/a> <a title=\"Certificado Mairs ISO9001\" href=\"http:\/\/mairsturnstile.com\/wp-content\/uploads\/2022\/09\/Mairs-Registration-Certificate-ISO9001.pdf\" target=\"_blank\" rel=\"noopener noreferrer\">Certificado ISO9001.<\/a><\/strong><\/p>\n<p><a title=\"Manual de instala\u00e7\u00e3o da catraca de altura total\" href=\"http:\/\/mairsturnstile.com\/wp-content\/uploads\/2023\/09\/Full-height-turnstile-installation-manual.pdf\" target=\"_blank\" rel=\"noopener noreferrer\"><img decoding=\"async\" class=\"alignnone size-full wp-image-11034\" src=\"http:\/\/mairsturnstile.com\/wp-content\/uploads\/2022\/09\/pdf-MairsTurnstile.png\" alt=\"\" width=\"32\" height=\"32\"><strong><span style=\"color: #0000ff;\"> Manual de instala\u00e7\u00e3o e usu\u00e1rio da catraca de altura total<\/span><\/strong><\/a><\/p>\n","protected":false},"featured_media":59614,"comment_status":"closed","ping_status":"closed","template":"","meta":{"neve_meta_sidebar":"","neve_meta_container":"","neve_meta_enable_content_width":"off","neve_meta_content_width":0,"neve_meta_title_alignment":"","neve_meta_author_avatar":"","neve_post_elements_order":"","neve_meta_disable_header":"","neve_meta_disable_footer":"","neve_meta_disable_title":"","_ti_tpc_template_sync":false,"_ti_tpc_template_id":""},"product_cat":[2014,2017],"product_tag":[2196,2188,2197,2198,2199],"class_list":["post-33226","product","type-product","status-publish","has-post-thumbnail","hentry","product_cat-torniquetes-de-altura-total","product_cat-torniquetes-de-seguranca","product_tag-catraca-de-altura-total","product_tag-catraca-de-altura-total-com-leitor-de-cartao","product_tag-catraca-tandem","product_tag-full-height-tandem-turnstile-pt","product_tag-tandem-turnstile-gate-pt"],"_links":{"self":[{"href":"https:\/\/mairsturnstile.com\/pt\/wp-json\/wp\/v2\/product\/33226","targetHints":{"allow":["GET"]}}],"collection":[{"href":"https:\/\/mairsturnstile.com\/pt\/wp-json\/wp\/v2\/product"}],"about":[{"href":"https:\/\/mairsturnstile.com\/pt\/wp-json\/wp\/v2\/types\/product"}],"replies":[{"embeddable":true,"href":"https:\/\/mairsturnstile.com\/pt\/wp-json\/wp\/v2\/comments?post=33226"}],"version-history":[{"count":0,"href":"https:\/\/mairsturnstile.com\/pt\/wp-json\/wp\/v2\/product\/33226\/revisions"}],"wp:featuredmedia":[{"embeddable":true,"href":"https:\/\/mairsturnstile.com\/pt\/wp-json\/wp\/v2\/media\/59614"}],"wp:attachment":[{"href":"https:\/\/mairsturnstile.com\/pt\/wp-json\/wp\/v2\/media?parent=33226"}],"wp:term":[{"taxonomy":"product_cat","embeddable":true,"href":"https:\/\/mairsturnstile.com\/pt\/wp-json\/wp\/v2\/product_cat?post=33226"},{"taxonomy":"product_tag","embeddable":true,"href":"https:\/\/mairsturnstile.com\/pt\/wp-json\/wp\/v2\/product_tag?post=33226"}],"curies":[{"name":"wp","href":"https:\/\/api.w.org\/{rel}","templated":true}]}}