{"id":33232,"date":"2021-11-24T02:16:16","date_gmt":"2021-11-23T18:16:16","guid":{"rendered":"https:\/\/mairsturnstile.com\/product\/vire-o-torniquete-giratorio-mt406-da-altura-total-da-porta-do-estilo"},"modified":"2026-05-06T23:30:36","modified_gmt":"2026-05-06T15:30:36","slug":"porta-giratoria","status":"publish","type":"product","link":"https:\/\/mairsturnstile.com\/pt\/product\/porta-giratoria","title":{"rendered":"Roquete girat\u00f3rio de altura total para porta tipo torniquete"},"content":{"rendered":"        <!-- 3D Model html -->\r\n        <div class=\"bp_grand wrapper_21818\">   \r\n        <div class=\"bp_model_parent\">\r\n            <model-viewer class=\"model\" id=\"bp_model_id_21818\" src=\"http:\/\/mairsturnstile.com\/wp-content\/uploads\/2024\/10\/turnstyle-door.glb\" alt=\"turnstyle door\" camera-controls  loading=\"auto\" auto-rotate                        >\r\n            <\/model-viewer>\r\n        \r\n            <!-- Button -->\r\n            <svg id=\"openBtn\" width=\"30px\" height=\"30px\" viewBox=\"0 0 16 16\" xmlns=\"http:\/\/www.w3.org\/2000\/svg\" fill=\"#f2f2f2\" class=\"bi bi-arrows-fullscreen model-icon\">\r\n                <path fill-rule=\"evenodd\" d=\"M5.828 10.172a.5.5 0 0 0-.707 0l-4.096 4.096V11.5a.5.5 0 0 0-1 0v3.975a.5.5 0 0 0 .5.5H4.5a.5.5 0 0 0 0-1H1.732l4.096-4.096a.5.5 0 0 0 0-.707zm4.344 0a.5.5 0 0 1 .707 0l4.096 4.096V11.5a.5.5 0 1 1 1 0v3.975a.5.5 0 0 1-.5.5H11.5a.5.5 0 0 1 0-1h2.768l-4.096-4.096a.5.5 0 0 1 0-.707zm0-4.344a.5.5 0 0 0 .707 0l4.096-4.096V4.5a.5.5 0 1 0 1 0V.525a.5.5 0 0 0-.5-.5H11.5a.5.5 0 0 0 0 1h2.768l-4.096 4.096a.5.5 0 0 0 0 .707zm-4.344 0a.5.5 0 0 1-.707 0L1.025 1.732V4.5a.5.5 0 0 1-1 0V.525a.5.5 0 0 1 .5-.5H4.5a.5.5 0 0 1 0 1H1.732l4.096 4.096a.5.5 0 0 1 0 .707z\"\/>\r\n            <\/svg>\r\n        \r\n            <svg id=\"closeBtn\" class=\"model-icon\" width=\"34px\" height=\"34px\" viewBox=\"0 0 24 24\" xmlns=\"http:\/\/www.w3.org\/2000\/svg\">\r\n                <path fill=\"none\" stroke=\"#f2f2f2\" stroke-width=\"2\" d=\"M7,7 L17,17 M7,17 L17,7\"\/>\r\n            <\/svg>\r\n        \r\n        <\/div>\r\n        <\/div> \r\n\r\n        <!-- Model Viewer Style -->\r\n        <style>\r\n            \r\n            .wrapper_21818 .bp_model_parent, #bp_model_id_21818 {\r\n                width: 1150px;\r\n                max-width: 100%;\r\n                                            }\r\n            #bp_model_id_21818 {\r\n                height:700px;\r\n                background-color: #f2f2f2;\r\n            }\r\n            .fullscreen #bp_model_id_21818{\r\n            height: 100%;\r\n            width: 100%;\r\n            }\r\n            .wrapper_21818 .bp_model_parent{\r\n                justify-content: start            }\r\n            model-viewer.model {\r\n                --poster-color: transparent;\r\n            }\r\n        <\/style>\r\n        \r\n        \n<p>A catraca girat\u00f3ria de altura total da porta estilo girat\u00f3rio tem 2 anos de garantia e manuten\u00e7\u00e3o dur\u00e1vel e suporte de reparo. Discover our high-end architecturally designed turn style door. Custom full height glass turnstile with premium brushed stainless steel finish, any RAL powder coating, and polycarbonate panels. Enhances lobby security while elevating modern design. Heavy duty outdoor turn style door built for all-weather resilience. IP56 rated, 304\/316 stainless steel construction resists UV, salt spray &#038; extreme humidity. Designed for waterfront facilities &#038; coastal perimeters. Made to last beyond 10 years.      <\/p>\n<p>Roquete de Seguran\u00e7a com Design Exclusivo e Altura Total. A nossa catraca possui um corpo curvo patenteado e uma grelha anti-escalada. Seguran\u00e7a a toda a altura com a\u00e7o inoxid\u00e1vel 304 premium \u2013 elegante e robusta. Torniquete com Sistema Anti-Invas\u00e3o, Barreira F\u00edsica 100% para Instala\u00e7\u00f5es Seguras, Impede a Entrada de Pessoas N\u00e3o Autorizadas. A nossa roquete possui uma grelha exclusiva em formato de onda, fechaduras inviol\u00e1veis \u200b\u200be design preparado para biometria. Certifica\u00e7\u00e3o CE. Torniquete refor\u00e7ado para f\u00e1bricas, armaz\u00e9ns e unidades de produ\u00e7\u00e3o. Estrutura robusta em a\u00e7o inoxid\u00e1vel 304\/316, acionamento por motor, capacidade de passagem superior a 30 pessoas por minuto, sensores anti-invas\u00e3o. Concebida para uso industrial cont\u00ednuo 24 horas por dia, 7 dias por semana.       <\/p>\n<p>Podemos fornecer servi\u00e7os OEM e ODM. Porta girat\u00f3ria OEM totalmente personaliz\u00e1vel, incluindo a\u00e7o carbono eletrogalvanizado ou a\u00e7o inoxid\u00e1vel 304\/316, qualquer cor RAL de pintura eletrost\u00e1tica a p\u00f3, log\u00f3tipo e marca, rotores e acabamentos. Transformamos o seu projeto exclusivo de seguran\u00e7a de entrada em produ\u00e7\u00e3o. <\/p>\n<p>Temos designers experientes que podem realizar uma personaliza\u00e7\u00e3o profunda de acordo com qualquer uma de suas necessidades. Forneceremos uma s\u00e9rie de materiais, como renderiza\u00e7\u00f5es 3D, desenhos dimensionais, etc. Tamb\u00e9m fornecemos dispositivos biom\u00e9tricos, como leitores de cart\u00f5es IC\/ID, leitores de impress\u00e3o digital, leitores de c\u00f3digo QR, c\u00e2meras de reconhecimento facial e assim por diante. Lan\u00e7\u00e1mos tamb\u00e9m uma nova s\u00e9rie de torniquetes de altura total com um aspeto elegante e uma estrutura robusta. Verificar:<span style=\"color: #0000ff;\"> <a style=\"color: #0000ff;\" href=\"https:\/\/mairsturnstile.com\/full-height-series-turnstile\" target=\"_blank\" rel=\"noopener\">s\u00e9rie de torniquetes de altura total<\/a><\/span> <\/p>\n<p><strong>A porta girat\u00f3ria \u00e9 um tipo de catraca girat\u00f3ria \u00fanica de altura total com um grande formato de porta girat\u00f3ria \/ girat\u00f3ria circular. Em compara\u00e7\u00e3o com catracas comuns de altura total, a maior diferen\u00e7a \u00e9 a apar\u00eancia.<\/strong> Porta girat\u00f3ria arquitet\u00f3nica, port\u00e3o moderno e elegante de altura total para lobbies corporativos. Destaque-se com a nossa porta girat\u00f3ria \u2013 n\u00e3o apenas uma barreira, mas uma afirma\u00e7\u00e3o de design. Cantos arredondados patenteados e revestimento anti-impress\u00e3o digital. Porta girat\u00f3ria que poupa espa\u00e7o, design modular compacto de altura total. Ao contr\u00e1rio das unidades tradicionais volumosas, a nossa porta girat\u00f3ria oferece um corpo \u00fanico e simplificado com uma \u00e1rea de ocupa\u00e7\u00e3o m\u00ednima. Avalia\u00e7\u00e3o do local gratuita.   <\/p>\n<p>Porta girat\u00f3ria concebida para est\u00e1dios, arenas e locais de eventos. Suporta 30 a 35 pessoas por minuto por faixa, controlo de fluxo bidirecional, integra\u00e7\u00e3o com sistemas biom\u00e9tricos e bilhetes QR Code, indicadores LED de estado do passageiro. Impede aglomera\u00e7\u00f5es em locais com muito p\u00fablico. Porta girat\u00f3ria em conformidade com a ADA (Lei de Acessibilidade para Americanos com Defici\u00eancia), com uma passagem de 91 a 122 cm de largura para cadeiras de rodas, bicicletas, equipamentos e carrinhos. Estrutura robusta em a\u00e7o inoxid\u00e1vel 304 com fecho hidr\u00e1ulico e dobradi\u00e7as resistentes a adultera\u00e7\u00f5es. Ideal para hospitais, universidades, est\u00e1dios e terminais de transportes.     <\/p>\n<p>A roquete girat\u00f3ria foi desenvolvida a partir da roquete trip\u00e9 e incorpora caracter\u00edsticas da porta rotativa. Pode ser dividida em roquete girat\u00f3rio de altura total e roquete girat\u00f3rio de meia altura, de acordo com a altura. Esta catraca girat\u00f3ria pertence \u00e0 catraca girat\u00f3ria de altura total. Elegante porta girat\u00f3ria em vidro com pain\u00e9is de barreira em vidro temperado transparente ou policarbonato, movimento motorizado ultrassilencioso, apar\u00eancia minimalista e sofisticada com faixas indicadoras LED integradas. Perfeita para sedes corporativas modernas, lobbies de hot\u00e9is de luxo, museus de arte e centros de inova\u00e7\u00e3o. <\/p>\n<p>A caixa de grande volume est\u00e1 equipada com um modo de identifica\u00e7\u00e3o flex\u00edvel, o que a torna pouco volumosa de usar, mas possui o melhor desempenho de seguran\u00e7a. As suas duas laterais j\u00e1 n\u00e3o s\u00e3o feitas de <a href=\"https:\/\/en.wikipedia.org\/wiki\/Stainless_steel\" target=\"_blank\" rel=\"noopener\">a\u00e7o inoxid\u00e1vel<\/a> 304, mas sim de placa de PC (folha de policarbonato), um material especial que apresenta vantagens como resist\u00eancia ao calor, resist\u00eancia ao frio, retardamento de chamas, resist\u00eancia ao fogo, resist\u00eancia a impactos, excelente transmiss\u00e3o de luz e m\u00faltiplas op\u00e7\u00f5es de cores. Esta composi\u00e7\u00e3o torna toda a porta girat\u00f3ria bonita e dur\u00e1vel, f\u00e1cil de desmontar e conveniente para transporte e instala\u00e7\u00e3o.<\/p>\n<p>A porta girat\u00f3ria pode ser aplicada a todos os ambientes do edif\u00edcio e pode resolver todos os problemas de controle de entradas e sa\u00eddas de pedestres. Ele pode controlar se a porta girat\u00f3ria est\u00e1 aberta ou fechada a qualquer momento. O produto tamb\u00e9m possui v\u00e1rios tipos diferentes de interfaces de sinal. Os clientes podem integrar diferentes softwares ou equipamentos biom\u00e9tricos de terceiros para expandir as fun\u00e7\u00f5es especiais necess\u00e1rias. Porta girat\u00f3ria biom\u00e9trica com integra\u00e7\u00e3o perfeita de autentica\u00e7\u00e3o multifatorial (reconhecimento facial, impress\u00e3o digital, veias da palma da m\u00e3o, RFID, c\u00f3digo QR). Gerida por software de controlo de acessos centralizado e audit\u00e1vel para implementa\u00e7\u00f5es em larga escala. <\/p>\n<p>Tamb\u00e9m podemos criar uma renderiza\u00e7\u00e3o para voc\u00ea em poucos minutos com base no seu cen\u00e1rio real. Tamb\u00e9m fornecemos layout e desenhos detalhados, bem como desenhos de instala\u00e7\u00e3o.<\/p>\n\n        \t\n\t<style type=\"text\/css\">\n\t\t.slider-info-21840.bafg-slider-info .bafg-slider-title {\n\t\t\t\t\t\tfont-size: 22px;\n\t\t\t\t\t\t\n\t\t\t\n\t\t\t\t\t}\n\n\t\t.slider-info-21840.bafg-slider-info .bafg-slider-description {\n\t\t\t\n\t\t\t\n\t\t\t\t\t}\n\n\t\t.slider-info-21840.bafg-slider-info .bafg_slider_readmore_button {\n\t\t\t\n\t\t\t\n\t\t\t\n\t\t\t\n\t\t\t\n\t\t\ttext-align: center;\n\n\t\t\t\n\t\t\t\n\t\t\t\n\t\t\t\n\t\t\t\n\t\t\t\n\t\t\t\t\t}\n\n\t\t.slider-info-21840.bafg-slider-info .bafg_slider_readmore_button:hover {\n\n\t\t\t\n\t\t\t\n\t\t\t\t\t}\n\n\t<\/style>\n\t\n        <div class=\"bafg-twentytwenty-container slider-21840 \" bafg-orientation=\"horizontal\" bafg-default-offset=\"0.5\" bafg-before-label=\"Before\" bafg-after-label=\"After\" bafg-overlay=\"yes\" bafg-move-slider-on-hover=\"yes\" bafg-click-to-move=\"no\">\n              \n            <img decoding=\"async\" class=\"skip-lazy\" src=\"http:\/\/mairsturnstile.com\/wp-content\/uploads\/2021\/11\/turn-style-door-3-1.jpg\" alt=\"turn style door\" data-skip-lazy title=\"\">\n            <img decoding=\"async\" class=\"skip-lazy\" src=\"http:\/\/mairsturnstile.com\/wp-content\/uploads\/2021\/11\/turn-style-door-4.jpg\" alt=\"turn style door\" data-skip-lazy title=\"\">\n           \n        <\/div>\n\n        \t<div class=\"bafg-slider-info-wraper\">\n\t\t<div style=\"\" class=\"slider-info-21840 bafg-slider-info\">\n\t\t\t\t\t<\/div>\n\t<\/div>\n\t\n        <style type=\"text\/css\">\n            \n        <\/style>\n        \n<p>Acionamento: Semiautom\u00e1tico<br \/>\nComprimento do bra\u00e7o operado: 600 mm<br \/>\nSentido de rota\u00e7\u00e3o: Bidirecional<br \/>\nFiabilidade do motor: 5 milh\u00f5es de ciclos, sem falhas<br \/>\nEmerg\u00eancia: Em caso de emerg\u00eancia ou interrup\u00e7\u00e3o do fornecimento de energia, a porta girat\u00f3ria pode ser configurada para o modo de seguran\u00e7a (giro livre) ou de bloqueio (bloqueio em caso de falha)<br \/>\nHumidade da porta girat\u00f3ria: \u226495%<br \/>\nTemperatura de funcionamento: -25\u2103 a 60\u2103<br \/>\nCaracter\u00edsticas opcionais: Leitor de IC\/ID, leitor de c\u00f3digo de barras, reconhecimento facial, leitor biom\u00e9trico, outros equipamentos de controlo de acessos, UPS, etc.<br \/>\nDist\u00e2ncia de comunica\u00e7\u00e3o: \u22641200 m<br \/>\nInterface de comunica\u00e7\u00e3o: RS485<br \/>\nO tamanho da porta girat\u00f3ria pode ser personalizado. Tempo necess\u00e1rio para a abertura: 0,2 s<br \/>\nAmbiente de trabalho: Interno ou externo<\/p>\n<p>Anti tailgating: the turnstile will stay in the lock when open around 60degree(3arms) or 45degree(4 arms) so the gate cannot run in the reverse direction to preventative-gating<br \/>\nApplication range: Community, Factory, Construction site, School, Place of the resort, etc<\/p>\n<p>Podemos fornecer toda a solu\u00e7\u00e3o de controle de acesso de seguran\u00e7a. Se voc\u00ea possui seu pr\u00f3prio sistema de controle de acesso, pode utilizar diretamente nossa catraca. Se voc\u00ea n\u00e3o tiver um, tamb\u00e9m fornecemos uma solu\u00e7\u00e3o completa de controle de acesso de seguran\u00e7a. Consulte o v\u00eddeo abaixo para obter detalhes.<\/p>\n<p><iframe title=\"Reprodutor de v\u00eddeo do YouTube\" src=\"https:\/\/www.youtube.com\/embed\/VFdSWlNwQa0?si=Ff3szSM8o4ydcaAX\" width=\"1150\" height=\"650\" frameborder=\"0\" allowfullscreen=\"allowfullscreen\"><span data-mce-type=\"bookmark\" style=\"display: inline-block; width: 0px; overflow: hidden; line-height: 0;\" class=\"mce_SELRES_start\"><\/span><\/iframe><\/p>\n","protected":false},"excerpt":{"rendered":"<p>1. Size:1520*1520*2300 mm (can be customized)<\/p>\n<p>2. Lane Width: About 650mm (can be customized)<\/p>\n<p>3. Velocidade de passagem: 30 pessoas\/min<\/p>\n<p>4. Fonte de alimenta\u00e7\u00e3o: 110V\/220V 50\/60Hz<\/p>\n<p>5. Solenoid: DC24V<\/p>\n<p>6. Sinal de port\u00e3o aberto: contato seco\/rel\u00e9<\/p>\n<p>7. Tens\u00e3o L\u00f3gica: DC24V<\/p>\n<p>8. Material da caixa: a\u00e7o inoxid\u00e1vel 304 ou a\u00e7o inoxid\u00e1vel 316 e placa de PC<\/p>\n<p>9. Mecanismo com amortecedor hidr\u00e1ulico para absor\u00e7\u00e3o de choque<\/p>\n<p><span style=\"color: #000000;\"><strong><a style=\"color: #000000;\" title=\"Torniquete de altura total com certifica\u00e7\u00e3o CE Mairs\" href=\"http:\/\/mairsturnstile.com\/wp-content\/uploads\/2022\/09\/Mairs-CE-Certificate-Full-Height-Turnstile.pdf\" target=\"_blank\" rel=\"noopener noreferrer\">Certificado CE,<\/a> <a style=\"color: #000000;\" title=\"Certificado Mairs ISO9001\" href=\"http:\/\/mairsturnstile.com\/wp-content\/uploads\/2022\/09\/Mairs-Registration-Certificate-ISO9001.pdf\" target=\"_blank\" rel=\"noopener noreferrer\">Certificado ISO9001.<\/a><\/strong><\/span><\/p>\n<p><a title=\"Folheto da catraca de corpo inteiro\" href=\"https:\/\/mairsturnstile-online.com\/flipbook\/mt406-full-height-turnstile-brochure\" target=\"_blank\" rel=\"noopener noreferrer\"><span style=\"color: #fcaf3b;\"><strong>Download MT406 Full Body Turnstile Brochure<\/strong><\/span><\/a><\/p>\n<p><a title=\"Manual de instala\u00e7\u00e3o da catraca de altura total\" href=\"http:\/\/mairsturnstile.com\/wp-content\/uploads\/2023\/09\/Full-height-turnstile-installation-manual.pdf\" target=\"_blank\" rel=\"noopener noreferrer\"><strong><span style=\"color: #fcaf3b;\">Download Full Height Turnstile User &#038; Installation Manual<\/span><\/strong><\/a><\/p>\n","protected":false},"featured_media":58367,"comment_status":"closed","ping_status":"closed","template":"","meta":{"neve_meta_sidebar":"","neve_meta_container":"","neve_meta_enable_content_width":"off","neve_meta_content_width":0,"neve_meta_title_alignment":"","neve_meta_author_avatar":"","neve_post_elements_order":"","neve_meta_disable_header":"","neve_meta_disable_footer":"","neve_meta_disable_title":"","_ti_tpc_template_sync":false,"_ti_tpc_template_id":""},"product_cat":[2014,2017],"product_tag":[2203,2200,2202,2119,2144,2201],"class_list":["post-33232","product","type-product","status-publish","has-post-thumbnail","hentry","product_cat-torniquetes-de-altura-total","product_cat-torniquetes-de-seguranca","product_tag-catracas-de-vidro","product_tag-portas-de-catraca-de-vidro","product_tag-revolving-turnstile-pt","product_tag-torniquete-ou-catraca","product_tag-turn-style-gate-pt","product_tag-virar-porta-estilo"],"_links":{"self":[{"href":"https:\/\/mairsturnstile.com\/pt\/wp-json\/wp\/v2\/product\/33232","targetHints":{"allow":["GET"]}}],"collection":[{"href":"https:\/\/mairsturnstile.com\/pt\/wp-json\/wp\/v2\/product"}],"about":[{"href":"https:\/\/mairsturnstile.com\/pt\/wp-json\/wp\/v2\/types\/product"}],"replies":[{"embeddable":true,"href":"https:\/\/mairsturnstile.com\/pt\/wp-json\/wp\/v2\/comments?post=33232"}],"version-history":[{"count":1,"href":"https:\/\/mairsturnstile.com\/pt\/wp-json\/wp\/v2\/product\/33232\/revisions"}],"predecessor-version":[{"id":72677,"href":"https:\/\/mairsturnstile.com\/pt\/wp-json\/wp\/v2\/product\/33232\/revisions\/72677"}],"wp:featuredmedia":[{"embeddable":true,"href":"https:\/\/mairsturnstile.com\/pt\/wp-json\/wp\/v2\/media\/58367"}],"wp:attachment":[{"href":"https:\/\/mairsturnstile.com\/pt\/wp-json\/wp\/v2\/media?parent=33232"}],"wp:term":[{"taxonomy":"product_cat","embeddable":true,"href":"https:\/\/mairsturnstile.com\/pt\/wp-json\/wp\/v2\/product_cat?post=33232"},{"taxonomy":"product_tag","embeddable":true,"href":"https:\/\/mairsturnstile.com\/pt\/wp-json\/wp\/v2\/product_tag?post=33232"}],"curies":[{"name":"wp","href":"https:\/\/api.w.org\/{rel}","templated":true}]}}