{"id":33248,"date":"2021-07-12T00:20:07","date_gmt":"2021-07-11T16:20:07","guid":{"rendered":"https:\/\/mairsturnstile.com\/product\/torniquetes-de-atacado-e-varejo-torniquete-de-porta-rapida-mt325"},"modified":"2024-11-01T16:19:30","modified_gmt":"2024-11-01T08:19:30","slug":"catracas-de-varejo","status":"publish","type":"product","link":"https:\/\/mairsturnstile.com\/pt\/product\/catracas-de-varejo","title":{"rendered":"Torniquetes de atacado e varejo Torniquete de porta r\u00e1pida MT325"},"content":{"rendered":"        <!-- 3D Model html -->\r\n        <div class=\"bp_grand wrapper_23470\">   \r\n        <div class=\"bp_model_parent\">\r\n            <model-viewer class=\"model\" id=\"bp_model_id_23470\" src=\"http:\/\/mairsturnstile.com\/wp-content\/uploads\/2023\/07\/MT325.glb\" alt=\"MT325\" camera-controls  loading=\"auto\" auto-rotate                        >\r\n            <\/model-viewer>\r\n        \r\n            <!-- Button -->\r\n            <svg id=\"openBtn\" width=\"30px\" height=\"30px\" viewBox=\"0 0 16 16\" xmlns=\"http:\/\/www.w3.org\/2000\/svg\" fill=\"#f2f2f2\" class=\"bi bi-arrows-fullscreen model-icon\">\r\n                <path fill-rule=\"evenodd\" d=\"M5.828 10.172a.5.5 0 0 0-.707 0l-4.096 4.096V11.5a.5.5 0 0 0-1 0v3.975a.5.5 0 0 0 .5.5H4.5a.5.5 0 0 0 0-1H1.732l4.096-4.096a.5.5 0 0 0 0-.707zm4.344 0a.5.5 0 0 1 .707 0l4.096 4.096V11.5a.5.5 0 1 1 1 0v3.975a.5.5 0 0 1-.5.5H11.5a.5.5 0 0 1 0-1h2.768l-4.096-4.096a.5.5 0 0 1 0-.707zm0-4.344a.5.5 0 0 0 .707 0l4.096-4.096V4.5a.5.5 0 1 0 1 0V.525a.5.5 0 0 0-.5-.5H11.5a.5.5 0 0 0 0 1h2.768l-4.096 4.096a.5.5 0 0 0 0 .707zm-4.344 0a.5.5 0 0 1-.707 0L1.025 1.732V4.5a.5.5 0 0 1-1 0V.525a.5.5 0 0 1 .5-.5H4.5a.5.5 0 0 1 0 1H1.732l4.096 4.096a.5.5 0 0 1 0 .707z\"\/>\r\n            <\/svg>\r\n        \r\n            <svg id=\"closeBtn\" class=\"model-icon\" width=\"34px\" height=\"34px\" viewBox=\"0 0 24 24\" xmlns=\"http:\/\/www.w3.org\/2000\/svg\">\r\n                <path fill=\"none\" stroke=\"#f2f2f2\" stroke-width=\"2\" d=\"M7,7 L17,17 M7,17 L17,7\"\/>\r\n            <\/svg>\r\n        \r\n        <\/div>\r\n        <\/div> \r\n\r\n        <!-- Model Viewer Style -->\r\n        <style>\r\n            \r\n            .wrapper_23470 .bp_model_parent, #bp_model_id_23470 {\r\n                width: 1150px;\r\n                max-width: 100%;\r\n                                            }\r\n            #bp_model_id_23470 {\r\n                height:700px;\r\n                background-color: #f2f2f2;\r\n            }\r\n            .fullscreen #bp_model_id_23470{\r\n            height: 100%;\r\n            width: 100%;\r\n            }\r\n            .wrapper_23470 .bp_model_parent{\r\n                justify-content: start            }\r\n            model-viewer.model {\r\n                --poster-color: transparent;\r\n            }\r\n        <\/style>\r\n        \r\n        \n<h4><strong><b>Este torniquete para grossistas e retalhistas MT328 <\/b><\/strong><strong><b>tem <\/b><\/strong><strong><b>uma garantia de 2 anos e um suporte duradouro de manuten\u00e7\u00e3o e repara\u00e7\u00e3o.<\/b><\/strong><strong><b> <\/b><\/strong><\/h4>\n<p>Mairs pode personalizar port\u00f5es r\u00e1pidos de catracas \u00f3pticas Fastlane de acordo com suas necessidades. We can provide OEM and ODM services. Tamb\u00e9m fornecemos dispositivos biom\u00e9tricos, como leitores de cart\u00f5es IC\/ID, leitores de impress\u00e3o digital, leitores de c\u00f3digo QR, c\u00e2meras de reconhecimento facial e assim por diante. Se precisar de integrar estes dispositivos no torniquete de altura total ou se tiver alguma d\u00favida, <a href=\"https:\/\/mairsturnstile.com\/contact\">contacte-nos<\/a><\/p>\n<p><strong>Retalhistas Torniquetes Porta de velocidade MT328<\/strong> <strong><b>Torniquetes autom\u00e1ticos Slim Fast <a href=\"https:\/\/mairsturnstile.com\/speed-gates.html\">Speed<\/a> Gates<\/b><\/strong><strong><b>torniquetes de seguran\u00e7a para \u00e1trios.<\/b><\/strong><\/p>\n<p><strong><b>O Torniquete de Port\u00e3o de Velocidade de Torniquetes de Varejo MT328 \u00e9 um produto de torniquete de barreira girat\u00f3ria de port\u00e3o de alta velocidade inteligente de alta qualidade da Mairs, que pode detectar totalmente a situa\u00e7\u00e3o de passagem do corpo humano.<\/b><\/strong><\/p>\n<p>O material do corpo dos port\u00f5es de velocidade das catracas \u00f3pticas de varejo Fastlane \u00e9 de a\u00e7o inoxid\u00e1vel 304, que \u00e9 antiferrugem, dur\u00e1vel e tem alta resist\u00eancia.<\/p>\n<p>Somos vendas diretas da f\u00e1brica. tamb\u00e9m estamos comprometidos em economizar custos para nossos clientes. garantimos oferecer o melhor pre\u00e7o de catraca online, otimizado para um custo baixo. Portanto, n\u00f3s n\u00e3o apenas fornecemos os melhores pre\u00e7os de catracas no atacado, mas tamb\u00e9m oferecemos pre\u00e7os competitivos de catracas no varejo. Ao mesmo tempo, todas as nossas portas de catraca oferecem 2 anos de servi\u00e7o de garantia. Fornecer equipamentos de catraca de controle de acesso de seguran\u00e7a de alta qualidade e econ\u00f4micos para tornar nosso mundo um lugar melhor.<\/p>\n<p>Quer seja uma empresa ou um particular, quer pretenda mais do que uma catraca ou apenas uma, iremos prestar-lhe o melhor servi\u00e7o e o melhor pre\u00e7o de catraca no retalho.<\/p>\n<p>Tamb\u00e9m podemos criar uma renderiza\u00e7\u00e3o para voc\u00ea em poucos minutos com base no seu cen\u00e1rio real. Tamb\u00e9m fornecemos layouts e desenhos detalhados, bem como desenhos de instala\u00e7\u00e3o.<\/p>\n\n        \t\n\t<style type=\"text\/css\">\n\t\t.slider-info-23484.bafg-slider-info .bafg-slider-title {\n\t\t\t\t\t\tfont-size: 22px;\n\t\t\t\t\t\t\n\t\t\t\n\t\t\t\t\t}\n\n\t\t.slider-info-23484.bafg-slider-info .bafg-slider-description {\n\t\t\t\n\t\t\t\n\t\t\t\t\t}\n\n\t\t.slider-info-23484.bafg-slider-info .bafg_slider_readmore_button {\n\t\t\t\n\t\t\t\n\t\t\t\n\t\t\t\n\t\t\t\n\t\t\ttext-align: center;\n\n\t\t\t\n\t\t\t\n\t\t\t\n\t\t\t\n\t\t\t\n\t\t\t\n\t\t\t\t\t}\n\n\t\t.slider-info-23484.bafg-slider-info .bafg_slider_readmore_button:hover {\n\n\t\t\t\n\t\t\t\n\t\t\t\t\t}\n\n\t<\/style>\n\t\n        <div class=\"bafg-twentytwenty-container slider-23484 \" bafg-orientation=\"horizontal\" bafg-default-offset=\"0.5\" bafg-before-label=\"Before\" bafg-after-label=\"After\" bafg-overlay=\"yes\" bafg-move-slider-on-hover=\"yes\" bafg-click-to-move=\"no\">\n              \n            <img decoding=\"async\" class=\"skip-lazy\" src=\"http:\/\/mairsturnstile.com\/wp-content\/uploads\/2023\/07\/retail-turnstiles_6.jpg\" alt=\"\" data-skip-lazy title=\"\">\n            <img decoding=\"async\" class=\"skip-lazy\" src=\"http:\/\/mairsturnstile.com\/wp-content\/uploads\/2023\/07\/retail-turnstiles_7.jpg\" alt=\"\" data-skip-lazy title=\"\">\n           \n        <\/div>\n\n        \t<div class=\"bafg-slider-info-wraper\">\n\t\t<div style=\"\" class=\"slider-info-23484 bafg-slider-info\">\n\t\t\t\t\t<\/div>\n\t<\/div>\n\t\n        <style type=\"text\/css\">\n            \n        <\/style>\n        \n<p><strong><b>Anti-tag after, anti-hit against, comunica\u00e7\u00e3o RS485, motor DC Brushless, <\/b><\/strong>Este torniquete de port\u00f5es de velocidade <strong><b>Compat\u00edvel com todos os tipos de sistemas <a href=\"https:\/\/en.wikipedia.org\/wiki\/Access_control\" target=\"_blank\" rel=\"noopener noreferrer\">de controlo de acesso<\/a><\/b><\/strong><strong><b>.<\/b><\/strong><\/p>\n<p>Essas catracas de seguran\u00e7a para port\u00f5es de velocidade de varejo s\u00e3o amplamente utilizadas em rodovi\u00e1rias, portos, metr\u00f4s, f\u00e1bricas, mans\u00f5es, \u00e1reas residenciais, hot\u00e9is, empresas e assim por diante em qualquer local que exija um controle de fluxo inteligente.<\/p>\n<p>Ele tem a fun\u00e7\u00e3o de autoverifica\u00e7\u00e3o de falhas e prompt de alarme, o que \u00e9 conveniente para os usu\u00e1rios manterem e usarem.<\/p>\n<p>Ele pode ser conectado a qualquer sinal ou bot\u00e3o de controle e pode ser emitido por qualquer dispositivo de controle para realizar controle unidirecional e bidirecional.<\/p>\n<p>A passagem livre unidirecional e bidirecional pode ser definida arbitrariamente.<\/p>\n<p>Quando o equipamento \u00e9 ligado ou reiniciado, ele tem a fun\u00e7\u00e3o de autoverifica\u00e7\u00e3o de falhas, o que \u00e9 conveniente para a manuten\u00e7\u00e3o e uso dos usu\u00e1rios.<\/p>\n<p>Indica\u00e7\u00e3o de status de sem\u00e1foro de alta intensidade. Se algu\u00e9m estiver seguindo, o port\u00e3o iniciar\u00e1 automaticamente o travamento reverso e emitir\u00e1 um alarme. Conecte o sinal de alarme de inc\u00eandio.<\/p>\n<p><strong>Par\u00e2metro t\u00e9cnico:<\/strong><\/p>\n<p>1. Tamanho: 1200*185*980mm<br \/>\n2. Material: 1.0mm SUS 304 Hairline 400#+Top Cover 1.5mm SUS304<br \/>\n3. Material do bra\u00e7o: Painel acr\u00edlico<br \/>\n4. Largura da passagem: Standard600mm para deficientes f\u00edsicos 900mm<br \/>\n5. Dire\u00e7\u00e3o de passagem Direcional \u00fanico\/bidirecional<br \/>\n6. Pass rate: 30-35 persons\/minute<br \/>\n7. Operating time: 0.2 seconds<br \/>\n8. Power input: AC100-240V,50\/60HZ<br \/>\n9. Working voltage 24V<br \/>\n10. Umidade de trabalho: 30%~95%<br \/>\n11. Temperatura de trabalho: -10\u2103~+70\u2103<br \/>\n12. Ambiente de trabalho: Interior e exterior<br \/>\n13. Input interface: RS485, dry contact relay<br \/>\n14. Mecanismo: mecanismo anti-impacto do motor DC Brushless<br \/>\n15. Sensor infravermelho: 4 pares<br \/>\n16. MCBF: 3.000.000 de ciclos<br \/>\n17. Aplica\u00e7\u00e3o: Esta\u00e7\u00f5es de \u00f4nibus, bibliotecas, sal\u00f5es governamentais, f\u00e1bricas, escolas, etc.<\/p>\n<p>Podemos fornecer toda a solu\u00e7\u00e3o de controle de acesso de seguran\u00e7a. Se voc\u00ea possui seu pr\u00f3prio sistema de controle de acesso, pode utilizar diretamente nossa catraca. Se voc\u00ea n\u00e3o tiver um, tamb\u00e9m fornecemos uma solu\u00e7\u00e3o completa de controle de acesso de seguran\u00e7a. Consulte o v\u00eddeo abaixo para obter detalhes.<\/p>\n<p><iframe title=\"Venda catracas de vidro, catracas de vidro temperado, catraca girat\u00f3ria de vidro - MairsTurnstile\" src=\"https:\/\/www.youtube.com\/embed\/n6MbKy14gAk\" width=\"1150\" height=\"650\" frameborder=\"0\" allowfullscreen=\"allowfullscreen\"><\/iframe><\/p>\n","protected":false},"excerpt":{"rendered":"<p>1. Size: 1200*185*980mm (can be customized)<\/p>\n<p>2. Material: 1.0mm SUS 304 Hairline 400#+Top Cover 1.5mm SUS304<\/p>\n<p>3. Material do bra\u00e7o: Painel acr\u00edlico<\/p>\n<p>4. Largura da passagem: Padr\u00e3o 600 mm para deficientes f\u00edsicos 900 mm<\/p>\n<p>5. Dire\u00e7\u00e3o de passagem Direcional \u00fanico\/bidirecional<\/p>\n<p>6. Pass rate: 30-35 persons\/minute<\/p>\n<p>7. Operating time: 0.2 seconds<\/p>\n<p>8. Power input: AC100-240V,50\/60HZ<\/p>\n<p>9. Interface de entrada: RS485, rel\u00e9 de contato seco<\/p>\n<p><strong><a title=\"Port\u00e3o de torniquete girat\u00f3rio com certifica\u00e7\u00e3o CE Mairs\" href=\"http:\/\/mairsturnstile.com\/wp-content\/uploads\/2022\/09\/Mairs-CE-Certificate-Swing-Turnstile-Gate.pdf\" target=\"_blank\" rel=\"noopener noreferrer\">Certificado CE,<\/a> <a title=\"Certificado Mairs ISO9001\" href=\"http:\/\/mairsturnstile.com\/wp-content\/uploads\/2022\/09\/Mairs-Registration-Certificate-ISO9001.pdf\" target=\"_blank\" rel=\"noopener noreferrer\">Certificado ISO9001.<\/a><\/strong><\/p>\n<p><a title=\"Brochura de torniquetes girat\u00f3rios\" href=\"http:\/\/mairsturnstile.com\/wp-content\/uploads\/2023\/12\/MT325-brochure.pdf\" target=\"_blank\" rel=\"noopener noreferrer\" data-wp-editing=\"1\"><img decoding=\"async\" class=\"alignnone size-full wp-image-11034\" src=\"http:\/\/mairsturnstile.com\/wp-content\/uploads\/2022\/09\/pdf-MairsTurnstile.png\" alt=\"\" width=\"32\" height=\"32\"><strong><span style=\"color: #0000ff;\">Folheto do torniquete girat\u00f3rio MT325<\/span><\/strong><\/a><\/p>\n","protected":false},"featured_media":33249,"comment_status":"closed","ping_status":"closed","template":"","meta":{"neve_meta_sidebar":"","neve_meta_container":"","neve_meta_enable_content_width":"off","neve_meta_content_width":0,"neve_meta_title_alignment":"","neve_meta_author_avatar":"","neve_post_elements_order":"","neve_meta_disable_header":"","neve_meta_disable_footer":"","neve_meta_disable_title":"","_ti_tpc_template_sync":false,"_ti_tpc_template_id":""},"product_cat":[2020,2017],"product_tag":[2206,2205,2204,2115,2117],"class_list":["post-33248","product","type-product","status-publish","has-post-thumbnail","hentry","product_cat-portao-giratorio-giratorio","product_cat-torniquetes-de-seguranca","product_tag-catraca-por-atacado","product_tag-catracas-de-varejo","product_tag-preco-do-portao-da-catraca","product_tag-quanto-custa-uma-catraca","product_tag-turnstile-cost-pt"],"_links":{"self":[{"href":"https:\/\/mairsturnstile.com\/pt\/wp-json\/wp\/v2\/product\/33248","targetHints":{"allow":["GET"]}}],"collection":[{"href":"https:\/\/mairsturnstile.com\/pt\/wp-json\/wp\/v2\/product"}],"about":[{"href":"https:\/\/mairsturnstile.com\/pt\/wp-json\/wp\/v2\/types\/product"}],"replies":[{"embeddable":true,"href":"https:\/\/mairsturnstile.com\/pt\/wp-json\/wp\/v2\/comments?post=33248"}],"version-history":[{"count":0,"href":"https:\/\/mairsturnstile.com\/pt\/wp-json\/wp\/v2\/product\/33248\/revisions"}],"wp:featuredmedia":[{"embeddable":true,"href":"https:\/\/mairsturnstile.com\/pt\/wp-json\/wp\/v2\/media\/33249"}],"wp:attachment":[{"href":"https:\/\/mairsturnstile.com\/pt\/wp-json\/wp\/v2\/media?parent=33248"}],"wp:term":[{"taxonomy":"product_cat","embeddable":true,"href":"https:\/\/mairsturnstile.com\/pt\/wp-json\/wp\/v2\/product_cat?post=33248"},{"taxonomy":"product_tag","embeddable":true,"href":"https:\/\/mairsturnstile.com\/pt\/wp-json\/wp\/v2\/product_tag?post=33248"}],"curies":[{"name":"wp","href":"https:\/\/api.w.org\/{rel}","templated":true}]}}