{"id":33267,"date":"2021-07-12T00:18:10","date_gmt":"2021-07-11T16:18:10","guid":{"rendered":"https:\/\/mairsturnstile.com\/product\/torniquete-de-porta-rapida-de-impressao-digital-mt-e316"},"modified":"2023-11-01T11:05:36","modified_gmt":"2023-11-01T03:05:36","slug":"fingerprint-turnstile","status":"publish","type":"product","link":"https:\/\/mairsturnstile.com\/pt\/product\/fingerprint-turnstile","title":{"rendered":"Torniquete de porta r\u00e1pida de impress\u00e3o digital MT-E316"},"content":{"rendered":"        <!-- 3D Model html -->\r\n        <div class=\"bp_grand wrapper_26319\">   \r\n        <div class=\"bp_model_parent\">\r\n            <model-viewer class=\"model\" id=\"bp_model_id_26319\" src=\"http:\/\/mairsturnstile.com\/wp-content\/uploads\/2024\/01\/MT-EE316.glb\" alt=\"MT-EE316\" camera-controls  loading=\"auto\" auto-rotate                        >\r\n            <\/model-viewer>\r\n        \r\n            <!-- Button -->\r\n            <svg id=\"openBtn\" width=\"30px\" height=\"30px\" viewBox=\"0 0 16 16\" xmlns=\"http:\/\/www.w3.org\/2000\/svg\" fill=\"#f2f2f2\" class=\"bi bi-arrows-fullscreen model-icon\">\r\n                <path fill-rule=\"evenodd\" d=\"M5.828 10.172a.5.5 0 0 0-.707 0l-4.096 4.096V11.5a.5.5 0 0 0-1 0v3.975a.5.5 0 0 0 .5.5H4.5a.5.5 0 0 0 0-1H1.732l4.096-4.096a.5.5 0 0 0 0-.707zm4.344 0a.5.5 0 0 1 .707 0l4.096 4.096V11.5a.5.5 0 1 1 1 0v3.975a.5.5 0 0 1-.5.5H11.5a.5.5 0 0 1 0-1h2.768l-4.096-4.096a.5.5 0 0 1 0-.707zm0-4.344a.5.5 0 0 0 .707 0l4.096-4.096V4.5a.5.5 0 1 0 1 0V.525a.5.5 0 0 0-.5-.5H11.5a.5.5 0 0 0 0 1h2.768l-4.096 4.096a.5.5 0 0 0 0 .707zm-4.344 0a.5.5 0 0 1-.707 0L1.025 1.732V4.5a.5.5 0 0 1-1 0V.525a.5.5 0 0 1 .5-.5H4.5a.5.5 0 0 1 0 1H1.732l4.096 4.096a.5.5 0 0 1 0 .707z\"\/>\r\n            <\/svg>\r\n        \r\n            <svg id=\"closeBtn\" class=\"model-icon\" width=\"34px\" height=\"34px\" viewBox=\"0 0 24 24\" xmlns=\"http:\/\/www.w3.org\/2000\/svg\">\r\n                <path fill=\"none\" stroke=\"#f2f2f2\" stroke-width=\"2\" d=\"M7,7 L17,17 M7,17 L17,7\"\/>\r\n            <\/svg>\r\n        \r\n        <\/div>\r\n        <\/div> \r\n\r\n        <!-- Model Viewer Style -->\r\n        <style>\r\n            \r\n            .wrapper_26319 .bp_model_parent, #bp_model_id_26319 {\r\n                width: 1150px;\r\n                max-width: 100%;\r\n                                            }\r\n            #bp_model_id_26319 {\r\n                height:700px;\r\n                background-color: #f9f9f9;\r\n            }\r\n            .fullscreen #bp_model_id_26319{\r\n            height: 100%;\r\n            width: 100%;\r\n            }\r\n            .wrapper_26319 .bp_model_parent{\r\n                justify-content: start            }\r\n            model-viewer.model {\r\n                --poster-color: transparent;\r\n            }\r\n        <\/style>\r\n        \r\n        \n<h2>Esta porta de velocidade servo motor de torniquete de impress\u00e3o digital MT-E316 tem 2 anos de garantia e suporte dur\u00e1vel de manuten\u00e7\u00e3o e reparo.<\/h2>\n<p>Podemos fornecer servi\u00e7os OEM e ODM. Temos designers experientes que podem realizar uma personaliza\u00e7\u00e3o profunda de acordo com qualquer uma de suas necessidades. Forneceremos uma s\u00e9rie de materiais, como renderiza\u00e7\u00f5es 3D, desenhos dimensionais, etc.<\/p>\n<p><strong>O torniquete de impress\u00e3o digital \u00e9 um tipo de torniquete inteligente para pe\u00f5es que se integra com um scanner biom\u00e9trico de impress\u00f5es digitais ou um leitor de impress\u00f5es digitais para realizar a gest\u00e3o de seguran\u00e7a do controlo de acesso de pe\u00f5es atrav\u00e9s da verifica\u00e7\u00e3o de <a class=\"rank-math-link\" href=\"https:\/\/en.wikipedia.org\/wiki\/Fingerprint\" target=\"_blank\" rel=\"noopener noreferrer\">impress\u00f5es digitais<\/a>. <\/strong>Claro, podemos integrar facilmente esses scanners biom\u00e9tricos de impress\u00e3o digital ou leitores de impress\u00e3o digital em nossa catraca. Tamb\u00e9m fornecemos dispositivos biom\u00e9tricos, tais como leitores de cart\u00f5es IC\/ID, scanners de impress\u00f5es digitais, scanners de c\u00f3digo QR, c\u00e2maras de reconhecimento facial, etc. <strong>A Mairs pode personalizar o torniquete de impress\u00e3o digital Speed Gate de acordo com as suas necessidades<\/strong>. Se precisar de integrar estes dispositivos no port\u00e3o do torniquete ou se tiver alguma d\u00favida, se precisar destes torniquetes de impress\u00e3o digital, <a href=\"https:\/\/mairsturnstile.com\/contact\">contacte-nos<\/a><\/p>\n<p>A m\u00e1quina de reconhecimento de impress\u00e3o digital tamb\u00e9m \u00e9 um m\u00e9todo de reconhecimento. Assim como o leitor de cart\u00e3o na imagem do produto, uma catraca de impress\u00e3o digital pode ser formada adicionando uma m\u00e1quina de reconhecimento de impress\u00e3o digital de terceiros ou substituindo o leitor de cart\u00e3o por uma m\u00e1quina de impress\u00e3o digital.<\/p>\n<p>O m\u00e9todo biom\u00e9trico de impress\u00e3o digital visa identificar a biometria das pessoas que passam e sua confiabilidade \u00e9 relativamente alta. Comparado com a identifica\u00e7\u00e3o do cart\u00e3o RFID\/c\u00f3digo QR, ele evita o trabalho de transportar essas m\u00eddias externas. Mas as impress\u00f5es digitais s\u00e3o f\u00e1ceis de coletar e t\u00eam maior probabilidade de serem camufladas, portanto, existem certas vulnerabilidades. Al\u00e9m disso, a passagem necessita da coopera\u00e7\u00e3o ativa dos pedestres para ser verificada.<\/p>\n<h3>Por que usar catraca de impress\u00e3o digital?<\/h3>\n<p>A identifica\u00e7\u00e3o por impress\u00e3o digital \u00e9 um tipo de tecnologia biom\u00e9trica desenvolvida e aplicada anteriormente. Sendo a tecnologia biom\u00e9trica com o mais longo hist\u00f3rico de pesquisa e desenvolvimento, apresenta as seguintes vantagens:<\/p>\n<p>1. A impress\u00e3o digital \u00e9 uma caracter\u00edstica \u00fanica do corpo humano e a sua complexidade \u00e9 suficiente para fornecer caracter\u00edsticas suficientes para a identifica\u00e7\u00e3o;<br \/>\n2. As impress\u00f5es digitais de todos s\u00e3o bastante fixas e dif\u00edceis de alterar;<br \/>\n3. F\u00e1cil obten\u00e7\u00e3o de amostras de impress\u00f5es digitais, sistema de identifica\u00e7\u00e3o f\u00e1cil de desenvolver e forte praticidade;<br \/>\n4. As impress\u00f5es digitais de dez dedos de uma pessoa s\u00e3o diferentes, o que pode melhorar a seguran\u00e7a do sistema;<br \/>\n5. O armazenamento de modelos de impress\u00f5es digitais \u00e9 muito menor do que o de imagens de impress\u00f5es digitais;<br \/>\n6. A cabe\u00e7a de aquisi\u00e7\u00e3o de impress\u00f5es digitais pode ser mais miniaturizada e mais barata.<\/p>\n<p>Tamb\u00e9m podemos criar uma renderiza\u00e7\u00e3o para voc\u00ea em poucos minutos com base no seu cen\u00e1rio real. Tamb\u00e9m fornecemos layout e desenhos detalhados, bem como desenhos de instala\u00e7\u00e3o.<\/p>\n\n        \t\n\t<style type=\"text\/css\">\n\t\t.slider-info-26322.bafg-slider-info .bafg-slider-title {\n\t\t\t\t\t\tfont-size: 22px;\n\t\t\t\t\t\t\n\t\t\t\n\t\t\t\t\t}\n\n\t\t.slider-info-26322.bafg-slider-info .bafg-slider-description {\n\t\t\t\n\t\t\t\n\t\t\t\t\t}\n\n\t\t.slider-info-26322.bafg-slider-info .bafg_slider_readmore_button {\n\t\t\t\n\t\t\t\n\t\t\t\n\t\t\t\n\t\t\t\n\t\t\ttext-align: center;\n\n\t\t\t\n\t\t\t\n\t\t\t\n\t\t\t\n\t\t\t\n\t\t\t\n\t\t\t\t\t}\n\n\t\t.slider-info-26322.bafg-slider-info .bafg_slider_readmore_button:hover {\n\n\t\t\t\n\t\t\t\n\t\t\t\t\t}\n\n\t<\/style>\n\t\n        <div class=\"bafg-twentytwenty-container slider-26322 \" bafg-orientation=\"horizontal\" bafg-default-offset=\"0.5\" bafg-before-label=\"Before\" bafg-after-label=\"After\" bafg-overlay=\"yes\" bafg-move-slider-on-hover=\"yes\" bafg-click-to-move=\"no\">\n              \n            <img decoding=\"async\" class=\"skip-lazy\" src=\"http:\/\/mairsturnstile.com\/wp-content\/uploads\/2021\/07\/fingerprint-turnstile-5.jpg\" alt=\"fingerprint turnstile\" data-skip-lazy title=\"\">\n            <img decoding=\"async\" class=\"skip-lazy\" src=\"http:\/\/mairsturnstile.com\/wp-content\/uploads\/2021\/07\/fingerprint-turnstile-6.jpg\" alt=\"fingerprint turnstile\" data-skip-lazy title=\"\">\n           \n        <\/div>\n\n        \t<div class=\"bafg-slider-info-wraper\">\n\t\t<div style=\"\" class=\"slider-info-26322 bafg-slider-info\">\n\t\t\t\t\t<\/div>\n\t<\/div>\n\t\n        <style type=\"text\/css\">\n            \n        <\/style>\n        \n<p>Ao ler impress\u00f5es digitais, os usu\u00e1rios devem contatar os dedos com o cabe\u00e7ote de aquisi\u00e7\u00e3o de impress\u00f5es digitais. O contato direto com o cabe\u00e7ote de aquisi\u00e7\u00e3o de impress\u00f5es digitais \u00e9 o m\u00e9todo mais confi\u00e1vel para ler a biometria humana. Esta \u00e9 tamb\u00e9m uma das principais raz\u00f5es pelas quais a tecnologia de identifica\u00e7\u00e3o de impress\u00f5es digitais pode ocupar a maior parte do mercado; Pode-se observar que a tecnologia de identifica\u00e7\u00e3o de impress\u00e3o digital \u00e9 a solu\u00e7\u00e3o tecnol\u00f3gica biom\u00e9trica mais conveniente, confi\u00e1vel, n\u00e3o invasiva e barata atualmente, e tem grande potencial em aplica\u00e7\u00f5es de grande escala.<\/p>\n<p>Torniquete de impress\u00e3o digital Servo Motor Speed Gate Automatic Slim Fast <a href=\"https:\/\/mairsturnstile.com\/speed-gates.html\">Speed Gates<\/a> torniquetes de seguran\u00e7a Para lobbies.<\/p>\n<p>A porta de velocidade do servo motor da catraca de impress\u00e3o digital MT-E316 \u00e9 um produto de catraca de barreira girat\u00f3ria inteligente de alta qualidade da Mairs, que pode detectar totalmente a situa\u00e7\u00e3o de passagem do corpo humano.<\/p>\n<p>O material do corpo dos port\u00f5es de velocidade da catraca de impress\u00e3o digital \u00e9 de a\u00e7o inoxid\u00e1vel 304, que \u00e9 antiferrugem, dur\u00e1vel e de alta resist\u00eancia.<\/p>\n<p>Anti-tag after, anti-hit against, Comunica\u00e7\u00e3o RS485, Motor DC Brushless, Este torniquete de impress\u00e3o digital \u00e9 compat\u00edvel com todos os tipos de sistemas <a href=\"https:\/\/en.wikipedia.org\/wiki\/Access_control\" target=\"_blank\" rel=\"noopener noreferrer\">de controlo de acesso<\/a>.<\/p>\n<p>Essas portas r\u00e1pidas de catraca com impress\u00e3o digital s\u00e3o amplamente utilizadas em esta\u00e7\u00f5es de \u00f4nibus, portos, metr\u00f4s, f\u00e1bricas, mans\u00f5es, \u00e1reas residenciais, hot\u00e9is, empresas e assim por diante, em qualquer lugar que exija um controle de fluxo inteligente.<\/p>\n<p>Ele tem a fun\u00e7\u00e3o de autoverifica\u00e7\u00e3o de falhas e prompt de alarme, o que \u00e9 conveniente para os usu\u00e1rios manterem e usarem.<\/p>\n<p>Ele pode ser conectado a qualquer sinal ou bot\u00e3o de controle e pode ser emitido por qualquer dispositivo de controle para realizar controle unidirecional e bidirecional.<\/p>\n<p>A passagem livre unidirecional e bidirecional pode ser definida arbitrariamente.<\/p>\n<p>Quando o equipamento \u00e9 ligado ou reiniciado, ele tem a fun\u00e7\u00e3o de autoverifica\u00e7\u00e3o de falhas, o que \u00e9 conveniente para a manuten\u00e7\u00e3o e uso dos usu\u00e1rios.<\/p>\n<p>Indica\u00e7\u00e3o de status de sem\u00e1foro de alta intensidade. Se algu\u00e9m estiver seguindo, o port\u00e3o iniciar\u00e1 automaticamente o travamento reverso e emitir\u00e1 um alarme. Conecte o sinal de alarme de inc\u00eandio.<\/p>\n<p><strong>Par\u00e2metro t\u00e9cnico:<\/strong><\/p>\n<p>Largura de passagem: Padr\u00e3o 600 mm m\u00e1ximo 1200 mm (bra\u00e7o escavado mais de 900 mm)<br \/>\nUmidade de trabalho: 30% ~ 95%<br \/>\nTemperatura de trabalho: -40\u2103~+70\u2103<br \/>\nAmbiente de trabalho: Interior<br \/>\nInterface de entrada: RS485, contato seco<br \/>\nMecanismo: Motor Servo Brushless 120W<br \/>\nInfrared sensor: 6 pairs<br \/>\nMCBF: 5.000.000 ciclos<br \/>\nAplica\u00e7\u00e3o: Edif\u00edcio de escrit\u00f3rios, hot\u00e9is, sal\u00f5es governamentais, etc.<\/p>\n<p>Podemos fornecer toda a solu\u00e7\u00e3o de controle de acesso de seguran\u00e7a. Se voc\u00ea possui seu pr\u00f3prio sistema de controle de acesso, pode utilizar diretamente nossa catraca. Se voc\u00ea n\u00e3o tiver um, tamb\u00e9m fornecemos uma solu\u00e7\u00e3o completa de controle de acesso de seguran\u00e7a. Consulte o v\u00eddeo abaixo para obter detalhes.<\/p>\n<p><iframe title=\"Torniquete de aeroporto, catraca de port\u00e3o r\u00e1pido para aeroporto, esta\u00e7\u00e3o de metr\u00f4 - MairsTurnstile.com\" src=\"https:\/\/www.youtube.com\/embed\/rR_US2dIKU8\" width=\"1150\" height=\"650\" frameborder=\"0\" allowfullscreen=\"allowfullscreen\"><\/iframe><\/p>\n","protected":false},"excerpt":{"rendered":"<p>1. Tamanho: 1500*150*980mm (pode ser personalizado)<\/p>\n<p>2. Material: 1.2mm Brushed SUS 304<\/p>\n<p>3. Material dos bra\u00e7os: Acr\u00edlico de 10 mm (op\u00e7\u00e3o de vidro temperado)<\/p>\n<p>4. Altura do bra\u00e7o: 1300 mm m\u00e1x. (com 600 mm de largura)<\/p>\n<p>5. Dire\u00e7\u00e3o de passagem Direcional \u00fanico\/bidirecional<\/p>\n<p>6. Pass rate: 30-35 persons\/minute<\/p>\n<p>7. Operating time: 0.2 seconds<\/p>\n<p>8. Power input: AC100-240V,50\/60HZ<\/p>\n<p>9. Tens\u00e3o de trabalho: 24V<\/p>\n<p><span style=\"color: #0000ff;\"><strong><a style=\"color: #0000ff;\" title=\"Torniquete de porta r\u00e1pida com certifica\u00e7\u00e3o CE Mairs\" href=\"http:\/\/mairsturnstile.com\/wp-content\/uploads\/2022\/09\/Mairs-CE-Certificate-Speed-Gate-Turnstile.pdf\" target=\"_blank\" rel=\"noopener noreferrer\">Certificado CE,<\/a> <a style=\"color: #0000ff;\" title=\"Certificado Mairs ISO9001\" href=\"http:\/\/mairsturnstile.com\/wp-content\/uploads\/2022\/09\/Mairs-Registration-Certificate-ISO9001.pdf\" target=\"_blank\" rel=\"noopener noreferrer\">Certificado ISO9001.<\/a><\/strong><\/span><\/p>\n","protected":false},"featured_media":44341,"comment_status":"closed","ping_status":"closed","template":"","meta":{"neve_meta_sidebar":"","neve_meta_container":"","neve_meta_enable_content_width":"off","neve_meta_content_width":0,"neve_meta_title_alignment":"","neve_meta_author_avatar":"","neve_post_elements_order":"","neve_meta_disable_header":"","neve_meta_disable_footer":"","neve_meta_disable_title":"","_ti_tpc_template_sync":false,"_ti_tpc_template_id":""},"product_cat":[2019,2017],"product_tag":[2207,2096,2186,2208],"class_list":["post-33267","product","type-product","status-publish","has-post-thumbnail","hentry","product_cat-portoes-rapidos-pt","product_cat-torniquetes-de-seguranca","product_tag-catraca-de-impressao-digital","product_tag-catraca-de-portao-rapido","product_tag-portao-de-catraca-de-seguranca","product_tag-portoes-rapidos-a-venda"],"_links":{"self":[{"href":"https:\/\/mairsturnstile.com\/pt\/wp-json\/wp\/v2\/product\/33267","targetHints":{"allow":["GET"]}}],"collection":[{"href":"https:\/\/mairsturnstile.com\/pt\/wp-json\/wp\/v2\/product"}],"about":[{"href":"https:\/\/mairsturnstile.com\/pt\/wp-json\/wp\/v2\/types\/product"}],"replies":[{"embeddable":true,"href":"https:\/\/mairsturnstile.com\/pt\/wp-json\/wp\/v2\/comments?post=33267"}],"version-history":[{"count":0,"href":"https:\/\/mairsturnstile.com\/pt\/wp-json\/wp\/v2\/product\/33267\/revisions"}],"wp:featuredmedia":[{"embeddable":true,"href":"https:\/\/mairsturnstile.com\/pt\/wp-json\/wp\/v2\/media\/44341"}],"wp:attachment":[{"href":"https:\/\/mairsturnstile.com\/pt\/wp-json\/wp\/v2\/media?parent=33267"}],"wp:term":[{"taxonomy":"product_cat","embeddable":true,"href":"https:\/\/mairsturnstile.com\/pt\/wp-json\/wp\/v2\/product_cat?post=33267"},{"taxonomy":"product_tag","embeddable":true,"href":"https:\/\/mairsturnstile.com\/pt\/wp-json\/wp\/v2\/product_tag?post=33267"}],"curies":[{"name":"wp","href":"https:\/\/api.w.org\/{rel}","templated":true}]}}