{"id":33280,"date":"2021-07-12T00:15:01","date_gmt":"2021-07-11T16:15:01","guid":{"rendered":"https:\/\/mairsturnstile.com\/product\/torniquete-mt-a304-das-portas-de-velocidade-da-seguranca-do-servo-motor"},"modified":"2023-11-01T11:05:38","modified_gmt":"2023-11-01T03:05:38","slug":"portoes-de-seguranca","status":"publish","type":"product","link":"https:\/\/mairsturnstile.com\/pt\/product\/portoes-de-seguranca","title":{"rendered":"Torniquete MT-A304 das portas de velocidade da seguran\u00e7a do servo motor"},"content":{"rendered":"<h2><strong>Esta catraca MT-A304 para port\u00f5es de velocidade de seguran\u00e7a com servo motor de alta qualidade tem 2 anos de garantia e suporte dur\u00e1vel para manuten\u00e7\u00e3o e reparo. <\/strong><\/h2>\n<h4><strong><b>Mairs pode personalizar catracas de port\u00e3o r\u00e1pido e catracas de seguran\u00e7a de acordo com suas necessidades.<\/b><\/strong><\/h4>\n<p>Podemos fornecer servi\u00e7os OEM e ODM. Temos designers experientes que podem realizar uma personaliza\u00e7\u00e3o profunda de acordo com qualquer uma de suas necessidades. Forneceremos uma s\u00e9rie de materiais, como renderiza\u00e7\u00f5es 3D, desenhos dimensionais, etc. Tamb\u00e9m fornecemos dispositivos biom\u00e9tricos, como leitores de cart\u00f5es IC\/ID, leitores de impress\u00e3o digital, leitores de c\u00f3digo QR, c\u00e2meras de reconhecimento facial e assim por diante.<\/p>\n<h4><strong><b>Servo Motor Port\u00f5es de seguran\u00e7a de velocidade Torniquete Autom\u00e1tico de barreira girat\u00f3ria fina<\/b><\/strong><strong><b>, <\/b><\/strong><strong><b>Torniquete para port\u00f5es de seguran\u00e7a com servo-motor para lobbies.<\/b><\/strong><\/h4>\n<p><strong><b>Security Speed Gates Turnstile \u00e9 um produto de port\u00f5es de seguran\u00e7a de catraca girat\u00f3ria inteligente de alta qualidade da Mairs, que pode detectar totalmente a situa\u00e7\u00e3o de passagem do corpo humano.<\/b><\/strong><strong><b> <\/b><\/strong>O material do corpo deste port\u00e3o r\u00e1pido \u00e9 de a\u00e7o inoxid\u00e1vel 304, que \u00e9 antiferrugem, dur\u00e1vel e altamente resistente.<\/p>\n<p>Tamb\u00e9m podemos criar uma renderiza\u00e7\u00e3o para voc\u00ea em poucos minutos com base no seu cen\u00e1rio real. Tamb\u00e9m fornecemos layouts e desenhos detalhados, bem como desenhos de instala\u00e7\u00e3o.<\/p>\n<p>Estas portas r\u00e1pidas de seguran\u00e7a com servomotor podem ser compat\u00edveis com cart\u00f5es IC, cart\u00f5es de identifica\u00e7\u00e3o, cart\u00f5es de c\u00f3digo de barras, leitores de cart\u00f5es de impress\u00f5es digitais, c\u00e2maras de reconhecimento facial e outros dispositivos biom\u00e9tricos, proporcionando um acesso civilizado e ordenado ao pessoal; fa\u00e7a uma gest\u00e3o eficaz dos direitos de acesso dos funcion\u00e1rios. Pode ser amplamente utilizado em lobbies de edif\u00edcios, esta\u00e7\u00f5es, cais, metr\u00f4s, f\u00e1bricas, edif\u00edcios de escrit\u00f3rios, hot\u00e9is, clubes, comunidades inteligentes, empresas e outros locais que necessitam de gerenciamento inteligente de <a href=\"https:\/\/en.wikipedia.org\/wiki\/Access_control\" target=\"_blank\" rel=\"noopener\">controle de acesso<\/a>.<\/p>\n<p><strong>Par\u00e2metro t\u00e9cnico:<\/strong><\/p>\n<p>1. Tamanho: 1500*120*980mm<br \/>\n2. Material: Cap1,5 mm+corpo 1,2 mm SUS 304 escovado<br \/>\n3. Material do bra\u00e7o: Acr\u00edlico de 10 mm (op\u00e7\u00e3o de vidro temperado)<br \/>\n4. Largura de passagem: Padr\u00e3o 600 mm m\u00e1ximo 1200 mm \uff08bra\u00e7o escavado mais de 900 mm)<br \/>\n5. Altura do bra\u00e7o: m\u00e1ximo de 1500 mm (dentro de 900 mm de largura)<br \/>\n6. Dire\u00e7\u00e3o de passagem Direcional \u00fanico\/bidirecional<br \/>\n7. Taxa de aprova\u00e7\u00e3o: 30-35 pessoas\/minuto<br \/>\n8. Tempo de opera\u00e7\u00e3o: 0,2 segundos<br \/>\n9. Entrada de energia: AC100-240V,50\/60HZ<br \/>\n10. Tens\u00e3o de trabalho: 24V<br \/>\n11. Umidade de trabalho: 30%~95%<br \/>\n12. Temperatura de trabalho: -40\u00b0C~+70\u00b0C<br \/>\n13. Working environment: Indoor<br \/>\n14. Interface de entrada: RS485, contato seco<br \/>\n15. Mecanismo: Motor Servo Brushless 120W<br \/>\n16. Sensor infravermelho: 6 pares<br \/>\n17. MCBF: 5.000.000 de ciclos<br \/>\n18. Aplica\u00e7\u00e3o: Pr\u00e9dio de escrit\u00f3rios, hot\u00e9is, sal\u00f5es governamentais, etc.<\/p>\n<p>Podemos fornecer toda a solu\u00e7\u00e3o de controle de acesso de seguran\u00e7a. Se voc\u00ea possui seu pr\u00f3prio sistema de controle de acesso, pode utilizar diretamente nossa catraca. Se voc\u00ea n\u00e3o tiver um, tamb\u00e9m fornecemos uma solu\u00e7\u00e3o completa de controle de acesso de seguran\u00e7a. Consulte o v\u00eddeo abaixo para obter detalhes.<\/p>\n<p><iframe title=\"Torniquete de aeroporto, catraca de port\u00e3o r\u00e1pido para aeroporto, esta\u00e7\u00e3o de metr\u00f4 - MairsTurnstile.com\" src=\"https:\/\/www.youtube.com\/embed\/rR_US2dIKU8\" width=\"1150\" height=\"650\" frameborder=\"0\" allowfullscreen=\"allowfullscreen\"><\/iframe><\/p>\n","protected":false},"excerpt":{"rendered":"<p>1. Tamanho: 1500*150*980mm<\/p>\n<p>2. Material: Cap1,5 mm+corpo 1,2 mm SUS 304 escovado<\/p>\n<p>3. Material do bra\u00e7o: Acr\u00edlico de 10 mm (op\u00e7\u00e3o de vidro temperado)<\/p>\n<p>4. Largura de passagem: Padr\u00e3o 600 mm m\u00e1ximo 1200 mm \uff08bra\u00e7o escavado mais de 900 mm)<\/p>\n<p>5. Altura do bra\u00e7o: m\u00e1ximo de 1500 mm (dentro de 900 mm de largura)<\/p>\n<p>6. Dire\u00e7\u00e3o de passagem Direcional \u00fanico\/bidirecional<\/p>\n<p>7. Taxa de aprova\u00e7\u00e3o: 30-35 pessoas\/minuto<\/p>\n<p>8. Tempo de opera\u00e7\u00e3o: 0,2 segundos<\/p>\n<p>9. Entrada de energia: AC100-240V,50\/60HZ<\/p>\n<p><span style=\"color: #0000ff;\"><strong><a style=\"color: #0000ff;\" title=\"Torniquete de porta r\u00e1pida com certifica\u00e7\u00e3o CE Mairs\" href=\"http:\/\/mairsturnstile.com\/wp-content\/uploads\/2022\/09\/Mairs-CE-Certificate-Speed-Gate-Turnstile.pdf\" target=\"_blank\" rel=\"noopener noreferrer\">Certificado CE,<\/a> <a style=\"color: #0000ff;\" title=\"Certificado Mairs ISO9001\" href=\"http:\/\/mairsturnstile.com\/wp-content\/uploads\/2022\/09\/Mairs-Registration-Certificate-ISO9001.pdf\" target=\"_blank\" rel=\"noopener noreferrer\">Certificado ISO9001.<\/a><\/strong><\/span><\/p>\n","protected":false},"featured_media":62390,"comment_status":"closed","ping_status":"closed","template":"","meta":{"neve_meta_sidebar":"","neve_meta_container":"","neve_meta_enable_content_width":"off","neve_meta_content_width":0,"neve_meta_title_alignment":"","neve_meta_author_avatar":"","neve_post_elements_order":"","neve_meta_disable_header":"","neve_meta_disable_footer":"","neve_meta_disable_title":"","_ti_tpc_template_sync":false,"_ti_tpc_template_id":""},"product_cat":[2019,2017],"product_tag":[2099,2210,2097,2209],"class_list":["post-33280","product","type-product","status-publish","has-post-thumbnail","hentry","product_cat-portoes-rapidos-pt","product_cat-torniquetes-de-seguranca","product_tag-o-que-sao-portoes-rapidos","product_tag-portas-rapidas-de-seguranca","product_tag-portoes-rapidos","product_tag-sistema-de-controle-de-acesso-de-catraca"],"_links":{"self":[{"href":"https:\/\/mairsturnstile.com\/pt\/wp-json\/wp\/v2\/product\/33280","targetHints":{"allow":["GET"]}}],"collection":[{"href":"https:\/\/mairsturnstile.com\/pt\/wp-json\/wp\/v2\/product"}],"about":[{"href":"https:\/\/mairsturnstile.com\/pt\/wp-json\/wp\/v2\/types\/product"}],"replies":[{"embeddable":true,"href":"https:\/\/mairsturnstile.com\/pt\/wp-json\/wp\/v2\/comments?post=33280"}],"version-history":[{"count":0,"href":"https:\/\/mairsturnstile.com\/pt\/wp-json\/wp\/v2\/product\/33280\/revisions"}],"wp:featuredmedia":[{"embeddable":true,"href":"https:\/\/mairsturnstile.com\/pt\/wp-json\/wp\/v2\/media\/62390"}],"wp:attachment":[{"href":"https:\/\/mairsturnstile.com\/pt\/wp-json\/wp\/v2\/media?parent=33280"}],"wp:term":[{"taxonomy":"product_cat","embeddable":true,"href":"https:\/\/mairsturnstile.com\/pt\/wp-json\/wp\/v2\/product_cat?post=33280"},{"taxonomy":"product_tag","embeddable":true,"href":"https:\/\/mairsturnstile.com\/pt\/wp-json\/wp\/v2\/product_tag?post=33280"}],"curies":[{"name":"wp","href":"https:\/\/api.w.org\/{rel}","templated":true}]}}