{"id":33288,"date":"2021-07-12T00:09:36","date_gmt":"2021-07-11T16:09:36","guid":{"rendered":"https:\/\/mairsturnstile.com\/product\/torniquete-de-barreira-de-aba-de-catraca-de-metro-mt225"},"modified":"2023-11-01T21:33:15","modified_gmt":"2023-11-01T13:33:15","slug":"catraca-do-metro","status":"publish","type":"product","link":"https:\/\/mairsturnstile.com\/pt\/product\/catraca-do-metro","title":{"rendered":"Torniquete de barreira de aba de catraca de metr\u00f4 MT225"},"content":{"rendered":"<p><iframe title=\"Torniquete de barreira de aba, Port\u00e3o de barreira de aba, Torniquete de aba \u00f3ptica - MairsTurnstile\" src=\"https:\/\/www.youtube.com\/embed\/nK1a72Ax-jQ\" width=\"560\" height=\"315\" frameborder=\"0\" allowfullscreen=\"allowfullscreen\"><span data-mce-type=\"bookmark\" style=\"display: inline-block; width: 0px; overflow: hidden; line-height: 0;\" class=\"mce_SELRES_start\"><\/span><\/iframe><\/p>\n<h4>A catraca de barreira de aba da catraca de metr\u00f4 MT225 tem dois anos de garantia e manuten\u00e7\u00e3o dur\u00e1vel e suporte de reparo.<\/h4>\n<p>Podemos fornecer servi\u00e7os OEM e ODM. Temos designers experientes que podem realizar uma personaliza\u00e7\u00e3o profunda de acordo com qualquer uma de suas necessidades. Forneceremos uma s\u00e9rie de materiais, como renderiza\u00e7\u00f5es 3D, desenhos dimensionais, etc. Tamb\u00e9m fornecemos dispositivos biom\u00e9tricos, como leitores de cart\u00f5es IC\/ID, leitores de impress\u00e3o digital, leitores de c\u00f3digo QR, c\u00e2meras de reconhecimento facial e assim por diante. Se precisar de integrar estes dispositivos no torniquete de altura total ou se tiver alguma d\u00favida, <a href=\"https:\/\/mairsturnstile.com\/contact\">contacte-nos<\/a><\/p>\n<p><strong>Subway turnstile is a kind of pedestrian access control management turnstile gate, which is used at the entrance and exit of subway station to control passengers in and out in combination with subway ticket checking system.<\/strong> Geralmente, a catraca com barreira de aba \u00e9 selecionada para a catraca do metr\u00f4, porque a esta\u00e7\u00e3o de metr\u00f4 \u00e9 um local com pessoal pr\u00f3ximo, o fluxo de passageiros \u00e9 relativamente grande e a velocidade de tr\u00e1fego da catraca com barreira de aba tamb\u00e9m \u00e9 relativamente r\u00e1pida.<\/p>\n<p>Por que a catraca do metr\u00f4 passa mais r\u00e1pido, porque o sensor normalmente usado pela catraca do metr\u00f4 \u00e9 um sensor fotoel\u00e9trico oposto, que pode detectar o corpo humano com mais precis\u00e3o. Uma catraca de metr\u00f4 \u00e9 equipada com v\u00e1rios grupos de sensores de radia\u00e7\u00e3o para realizar a detec\u00e7\u00e3o de entrada e sa\u00edda de pessoas. \u00c9 principalmente na entrada do port\u00e3o, no meio do port\u00e3o e na sa\u00edda do port\u00e3o. Para uma detec\u00e7\u00e3o precisa, algumas catracas de metr\u00f4 instalam sensores em diferentes alturas de cada parte.<\/p>\n<p>Tamb\u00e9m podemos criar uma renderiza\u00e7\u00e3o para voc\u00ea em poucos minutos com base no seu cen\u00e1rio real. Tamb\u00e9m fornecemos layouts e desenhos detalhados, bem como desenhos de instala\u00e7\u00e3o.<\/p>\n<h4>Princ\u00edpio da catraca do Metro:<\/h4>\n<p>The sensor installed at the gate entrance is used to sense whether people invade the gate. Passe o cart\u00e3o fora da linha amarela, n\u00e3o h\u00e1 nenhum objeto na entrada do port\u00e3o, o sinal do sensor est\u00e1 normal e a porta da catraca abrir\u00e1; Se a pessoa passar pela linha amarela, o sinal do sensor na entrada do port\u00e3o muda e, mesmo que voc\u00ea passe o cart\u00e3o, a porta da catraca n\u00e3o abre. O objetivo deste projeto \u00e9 evitar que a abertura e o fechamento da catraca ao passar o cart\u00e3o a uma curta dist\u00e2ncia causem riscos potenciais \u00e0 seguran\u00e7a e evitar a evas\u00e3o de bilhetes.<\/p>\n<p>Ap\u00f3s a abertura da porta da catraca, o corpo humano passar\u00e1 pelo sensor na segunda parte da porta. Quando uma pessoa est\u00e1 na porta, o sensor detecta a pessoa e a porta estar\u00e1 sempre aberta para evitar ferimentos.<\/p>\n<p>Ap\u00f3s a pessoa passar pela porta, v\u00e1 at\u00e9 o sensor de sa\u00edda do port\u00e3o na terceira parte. At this time, the sensor senses the person through the reflected signal, and the signal will be fed back to the door, and the door will be closed. Se duas pessoas cruzarem o port\u00e3o \u00e0 for\u00e7a e a primeira sair primeiro, isso causar\u00e1 ferimentos por pin\u00e7amento.<\/p>\n<p>A tecnologia do sensor de catraca do metr\u00f4, em conjunto com o sistema de contagem, pode ser utilizada para a estat\u00edstica do n\u00famero de pessoas que passam pela entrada do metr\u00f4. This application is a very important technological breakthrough. Portanto, a catraca do metr\u00f4 tem requisitos muito elevados para a estabilidade e confiabilidade do sensor.<\/p>\n<p>A catraca de metr\u00f4 Flap Barrier Gate MT225 oferece um m\u00e9todo confi\u00e1vel e eficiente para garantir que apenas usu\u00e1rios autorizados tenham acesso a cada \u00e1rea de um edif\u00edcio. Um indicador de dire\u00e7\u00e3o mostrou que os pedestres tiveram acesso ao status atual e orientaram os pedestres na passagem correta e tranquila. Estes <a href=\"https:\/\/mairsturnstile.com\/category\/security-turnstiles\/\">torniquetes de seguran\u00e7a<\/a> s\u00e3o altamente integrados em todos os sistemas de controlo de acesso, tais como dispositivos de reconhecimento facial, impress\u00f5es digitais, leitores QR, sistemas RFID, etc.<\/p>\n<ul>\n<li style=\"list-style-type: none;\">\n<ul>\n<li>The flap barrier subway turnstile is constructed to control people entering or exiting the restricted area. Geralmente \u00e9 usado em locais de alto fluxo de pedestres em ambas as dire\u00e7\u00f5es.<\/li>\n<li>O inv\u00f3lucro da barreira da aba \u00e9 feito de <a href=\"https:\/\/en.wikipedia.org\/wiki\/Stainless_steel\" target=\"_blank\" rel=\"noopener\">a\u00e7o inoxid\u00e1vel<\/a> 304 escovado, o que cria um sistema de entrada perfeito e agrad\u00e1vel para se misturar \u00e0 maioria dos ambientes internos.<\/li>\n<li>Pode ser integrado com todos os sistemas de controle de acesso de terceiros (ex.: sistema de acesso RFID, Push the button, impress\u00e3o digital e reconhecimento facial com verifica\u00e7\u00e3o de temperatura).<\/li>\n<li>Em caso de emerg\u00eancia, o bra\u00e7o FlapTurnstile abrir\u00e1 automaticamente conectando-se \u00e0 bateria ou capacitor para permitir a passagem livre.<\/li>\n<li>As catracas de aba \u00f3ptica s\u00e3o adequadas para solu\u00e7\u00f5es de entrada luxuosas e elegantes.<\/li>\n<li>A catraca flap apresenta velocidade r\u00e1pida, longa vida \u00fatil, alto desempenho e alta confiabilidade de opera\u00e7\u00e3o.<\/li>\n<li> Fun\u00e7\u00e3o de alarme, em caso de intrus\u00e3o ilegal e intrus\u00e3o reversa.<\/li>\n<li>O sensor infravermelho ir\u00e1 soar um alarme e a luz LED piscar\u00e1 para evitar beliscar os pedestres.<\/li>\n<li>Fun\u00e7\u00e3o de reinicializa\u00e7\u00e3o autom\u00e1tica: os bra\u00e7os da aba fechar\u00e3o automaticamente dentro de 5s por padr\u00e3o (pode ser definido) se um passageiro atrasar para<\/li>\n<li>A catraca da aba permanecer\u00e1 na fechadura se algu\u00e9m quiser entrar sem passar o cart\u00e3o RFID.<\/li>\n<li>O indicador direcional LED na coluna superior e frontal<\/li>\n<li>Fun\u00e7\u00e3o anti-reversa, a catraca avisa caso algu\u00e9m queira entrar no sentido inverso.<\/li>\n<li>A corrida bidirecional ou unidirecional s\u00e3o op\u00e7\u00f5es<\/li>\n<li>Temperatura de trabalho: -40\u2103~+70\u2103<\/li>\n<li>Umidade de trabalho: 30% ~ 95%<\/li>\n<li>Ambiente de trabalho: Interior<\/li>\n<li>Interface de entrada: RS485, rel\u00e9 de contato seco<\/li>\n<li>Mechanism: Brushed motor 35W<\/li>\n<li>Sensor infravermelho: 4 pares<\/li>\n<li>MCBF: 5.000.000 ciclos<\/li>\n<li>Aplica\u00e7\u00e3o: Esta\u00e7\u00f5es de \u00f4nibus, hot\u00e9is, sal\u00f5es governamentais, escolas, etc.<\/li>\n<\/ul>\n<\/li>\n<\/ul>\n<p>Podemos fornecer toda a solu\u00e7\u00e3o de controle de acesso de seguran\u00e7a. Se voc\u00ea possui seu pr\u00f3prio sistema de controle de acesso, pode utilizar diretamente nossa catraca. Se voc\u00ea n\u00e3o tiver um, tamb\u00e9m fornecemos uma solu\u00e7\u00e3o completa de controle de acesso de seguran\u00e7a. Consulte o v\u00eddeo abaixo para obter detalhes.<\/p>\n","protected":false},"excerpt":{"rendered":"<p>1. Tamanho: 1200*300*980mm (pode ser personalizado)<\/p>\n<p>2. material: 1.0mm sus 304 linha fina 400 # + tampa superior 1.2mm sus304<\/p>\n<p>3. Material do bra\u00e7o: placa de PC<\/p>\n<p>4. Largura da passagem: Padr\u00e3o 550 mm (pode ser personalizado)<\/p>\n<p>5. Dire\u00e7\u00e3o de passagem Direcional \u00fanico\/bidirecional<\/p>\n<p>6. Pass rate: 30-35 persons\/minute<\/p>\n<p>7. Operating time: 0.2 seconds<\/p>\n<p>8. Power input: AC100-240V,50\/60HZ<\/p>\n<p>9. Tens\u00e3o de trabalho: 24V<\/p>\n<p><span style=\"color: #0000ff;\"><strong><a style=\"color: #0000ff;\" title=\"Torniquete de barreira de aba com certifica\u00e7\u00e3o CE Mairs\" href=\"http:\/\/mairsturnstile.com\/wp-content\/uploads\/2022\/09\/Mairs-CE-Certificate-Flap-Barrier-Turnstile.pdf\" target=\"_blank\" rel=\"noopener noreferrer\">Certificado CE,<\/a> <a style=\"color: #0000ff;\" title=\"Certificado Mairs ISO9001\" href=\"http:\/\/mairsturnstile.com\/wp-content\/uploads\/2022\/09\/Mairs-Registration-Certificate-ISO9001.pdf\" target=\"_blank\" rel=\"noopener noreferrer\">Certificado ISO9001.<\/a><\/strong><\/span><\/p>\n","protected":false},"featured_media":62494,"comment_status":"closed","ping_status":"closed","template":"","meta":{"neve_meta_sidebar":"","neve_meta_container":"","neve_meta_enable_content_width":"off","neve_meta_content_width":0,"neve_meta_title_alignment":"","neve_meta_author_avatar":"","neve_post_elements_order":"","neve_meta_disable_header":"","neve_meta_disable_footer":"","neve_meta_disable_title":"","_ti_tpc_template_sync":false,"_ti_tpc_template_id":""},"product_cat":[2013,2017],"product_tag":[2211,2218,2217,2213,2130,2216,2214],"class_list":["post-33288","product","type-product","status-publish","has-post-thumbnail","hentry","product_cat-barreira-de-flap","product_cat-torniquetes-de-seguranca","product_tag-barreira-de-aba","product_tag-catraca-de-metro-a-venda","product_tag-catraca-do-metro","product_tag-flap-barrier-gate-pt","product_tag-flap-barrier-turnstile-pt","product_tag-portao-de-catraca-com-barreira-de-aba","product_tag-sistema-de-barreira-de-aba"],"_links":{"self":[{"href":"https:\/\/mairsturnstile.com\/pt\/wp-json\/wp\/v2\/product\/33288","targetHints":{"allow":["GET"]}}],"collection":[{"href":"https:\/\/mairsturnstile.com\/pt\/wp-json\/wp\/v2\/product"}],"about":[{"href":"https:\/\/mairsturnstile.com\/pt\/wp-json\/wp\/v2\/types\/product"}],"replies":[{"embeddable":true,"href":"https:\/\/mairsturnstile.com\/pt\/wp-json\/wp\/v2\/comments?post=33288"}],"version-history":[{"count":0,"href":"https:\/\/mairsturnstile.com\/pt\/wp-json\/wp\/v2\/product\/33288\/revisions"}],"wp:featuredmedia":[{"embeddable":true,"href":"https:\/\/mairsturnstile.com\/pt\/wp-json\/wp\/v2\/media\/62494"}],"wp:attachment":[{"href":"https:\/\/mairsturnstile.com\/pt\/wp-json\/wp\/v2\/media?parent=33288"}],"wp:term":[{"taxonomy":"product_cat","embeddable":true,"href":"https:\/\/mairsturnstile.com\/pt\/wp-json\/wp\/v2\/product_cat?post=33288"},{"taxonomy":"product_tag","embeddable":true,"href":"https:\/\/mairsturnstile.com\/pt\/wp-json\/wp\/v2\/product_tag?post=33288"}],"curies":[{"name":"wp","href":"https:\/\/api.w.org\/{rel}","templated":true}]}}