{"id":33879,"date":"2021-05-12T18:25:53","date_gmt":"2021-05-12T10:25:53","guid":{"rendered":"https:\/\/mairsturnstile.com\/product\/portoes-de-velocidade-de-catracas-de-seguranca-externa-para-venda-mt-359w"},"modified":"2023-11-01T11:06:54","modified_gmt":"2023-11-01T03:06:54","slug":"preco-dos-portoes-rapidos","status":"publish","type":"product","link":"https:\/\/mairsturnstile.com\/pt\/product\/preco-dos-portoes-rapidos","title":{"rendered":"Port\u00f5es de velocidade de catracas de seguran\u00e7a externa para venda MT-359W"},"content":{"rendered":"        <!-- 3D Model html -->\r\n        <div class=\"bp_grand wrapper_26318\">   \r\n        <div class=\"bp_model_parent\">\r\n            <model-viewer class=\"model\" id=\"bp_model_id_26318\" src=\"http:\/\/mairsturnstile.com\/wp-content\/uploads\/2021\/05\/MT-359W.glb\" alt=\"MT-359W\" camera-controls  loading=\"auto\" auto-rotate                        >\r\n            <\/model-viewer>\r\n        \r\n            <!-- Button -->\r\n            <svg id=\"openBtn\" width=\"30px\" height=\"30px\" viewBox=\"0 0 16 16\" xmlns=\"http:\/\/www.w3.org\/2000\/svg\" fill=\"#f2f2f2\" class=\"bi bi-arrows-fullscreen model-icon\">\r\n                <path fill-rule=\"evenodd\" d=\"M5.828 10.172a.5.5 0 0 0-.707 0l-4.096 4.096V11.5a.5.5 0 0 0-1 0v3.975a.5.5 0 0 0 .5.5H4.5a.5.5 0 0 0 0-1H1.732l4.096-4.096a.5.5 0 0 0 0-.707zm4.344 0a.5.5 0 0 1 .707 0l4.096 4.096V11.5a.5.5 0 1 1 1 0v3.975a.5.5 0 0 1-.5.5H11.5a.5.5 0 0 1 0-1h2.768l-4.096-4.096a.5.5 0 0 1 0-.707zm0-4.344a.5.5 0 0 0 .707 0l4.096-4.096V4.5a.5.5 0 1 0 1 0V.525a.5.5 0 0 0-.5-.5H11.5a.5.5 0 0 0 0 1h2.768l-4.096 4.096a.5.5 0 0 0 0 .707zm-4.344 0a.5.5 0 0 1-.707 0L1.025 1.732V4.5a.5.5 0 0 1-1 0V.525a.5.5 0 0 1 .5-.5H4.5a.5.5 0 0 1 0 1H1.732l4.096 4.096a.5.5 0 0 1 0 .707z\"\/>\r\n            <\/svg>\r\n        \r\n            <svg id=\"closeBtn\" class=\"model-icon\" width=\"34px\" height=\"34px\" viewBox=\"0 0 24 24\" xmlns=\"http:\/\/www.w3.org\/2000\/svg\">\r\n                <path fill=\"none\" stroke=\"#f2f2f2\" stroke-width=\"2\" d=\"M7,7 L17,17 M7,17 L17,7\"\/>\r\n            <\/svg>\r\n        \r\n        <\/div>\r\n        <\/div> \r\n\r\n        <!-- Model Viewer Style -->\r\n        <style>\r\n            \r\n            .wrapper_26318 .bp_model_parent, #bp_model_id_26318 {\r\n                width: 1150px;\r\n                max-width: 100%;\r\n                                            }\r\n            #bp_model_id_26318 {\r\n                height:700px;\r\n                background-color: #f9f9f9;\r\n            }\r\n            .fullscreen #bp_model_id_26318{\r\n            height: 100%;\r\n            width: 100%;\r\n            }\r\n            .wrapper_26318 .bp_model_parent{\r\n                justify-content: start            }\r\n            model-viewer.model {\r\n                --poster-color: transparent;\r\n            }\r\n        <\/style>\r\n        \r\n        \n<h4><strong><b>O MELHOR PRE\u00c7O DE PORT\u00d5ES DE VELOCIDADE de Mairs, This Fastlane <\/b><\/strong><strong><b>Port\u00f5es de velocidade<\/b><\/strong><strong><b> Pistas de velocidade <\/b><\/strong><strong><b>tem <\/b><\/strong><strong><b>uma garantia de 2 anos e um suporte duradouro de manuten\u00e7\u00e3o e repara\u00e7\u00e3o.<\/b><\/strong><\/h4>\n<p>Mairs pode personalizar port\u00f5es r\u00e1pidos de acordo com suas necessidades. Temos designers experientes que podem realizar uma personaliza\u00e7\u00e3o profunda de acordo com qualquer uma de suas necessidades. Forneceremos uma s\u00e9rie de materiais, como renderiza\u00e7\u00f5es 3D, desenhos dimensionais, etc. Tamb\u00e9m fornecemos dispositivos biom\u00e9tricos, como leitores de cart\u00f5es IC\/ID, leitores de impress\u00e3o digital, leitores de c\u00f3digo QR, c\u00e2meras de reconhecimento facial e assim por diante.<\/p>\n<p>Port\u00f5es de velocidade Fastlane pre\u00e7o torniquetes de seguran\u00e7a para exterior <strong><b>Port\u00f5es autom\u00e1ticos de velocidade r\u00e1pida e fina <\/b><\/strong><strong><b>Torniquetes de seguran\u00e7a.<\/b><\/strong><\/p>\n<h4><strong><b> Ambiente de trabalho: Interior e exterior.<\/b><\/strong><\/h4>\n<p><strong><b>OS PORT\u00d5ES DE VELOCIDADE PRE\u00c7O DAS FAIXAS SPPED <\/b><\/strong><strong><b>\u00e9 <\/b><\/strong><strong><b>um produto de topo de gama da Mairs para port\u00f5es de torniquete de balan\u00e7o inteligente, que pode detetar totalmente a situa\u00e7\u00e3o de passagem do corpo humano. <\/b><\/strong> <\/p>\n<p>O material do corpo do port\u00e3o r\u00e1pido \u00e9 de a\u00e7o inoxid\u00e1vel 304, que \u00e9 antiferrugem, dur\u00e1vel e de alta resist\u00eancia.<\/p>\n<p><strong><b>Anti-tag after, anti-hit against, comunica\u00e7\u00e3o RS485, motor DC Brushless, <\/b><\/strong>Este torniquete de <a href=\"https:\/\/mairsturnstile.com\/product\/security-speed-gates\">seguran\u00e7a para port\u00f5es r\u00e1pidos<\/a> \u00e9 <strong><b>Compat\u00edvel com todos os tipos de sistemas de controlo de acesso<\/b><\/strong><strong><b>.<\/b><\/strong><\/p>\n<p>esta pista de port\u00e3o de velocidade de pre\u00e7o de port\u00f5es de velocidade \u00e9 um dos novos produtos de alta qualidade \u00e0 venda da MairsTurnstile.<\/p>\n<p>Tamb\u00e9m podemos criar uma renderiza\u00e7\u00e3o para voc\u00ea em poucos minutos com base no seu cen\u00e1rio real. Tamb\u00e9m fornecemos layout e desenhos detalhados, bem como desenhos de instala\u00e7\u00e3o.<\/p>\n\n        \t\n\t<style type=\"text\/css\">\n\t\t.slider-info-24285.bafg-slider-info .bafg-slider-title {\n\t\t\t\t\t\tfont-size: 22px;\n\t\t\t\t\t\t\n\t\t\t\n\t\t\t\t\t}\n\n\t\t.slider-info-24285.bafg-slider-info .bafg-slider-description {\n\t\t\t\n\t\t\t\n\t\t\t\t\t}\n\n\t\t.slider-info-24285.bafg-slider-info .bafg_slider_readmore_button {\n\t\t\t\n\t\t\t\n\t\t\t\n\t\t\t\n\t\t\t\n\t\t\ttext-align: center;\n\n\t\t\t\n\t\t\t\n\t\t\t\n\t\t\t\n\t\t\t\n\t\t\t\n\t\t\t\t\t}\n\n\t\t.slider-info-24285.bafg-slider-info .bafg_slider_readmore_button:hover {\n\n\t\t\t\n\t\t\t\n\t\t\t\t\t}\n\n\t<\/style>\n\t\n        <div class=\"bafg-twentytwenty-container slider-24285 \" bafg-orientation=\"horizontal\" bafg-default-offset=\"0.5\" bafg-before-label=\"Before\" bafg-after-label=\"After\" bafg-overlay=\"yes\" bafg-move-slider-on-hover=\"yes\" bafg-click-to-move=\"no\">\n              \n            <img decoding=\"async\" class=\"skip-lazy\" src=\"http:\/\/mairsturnstile.com\/wp-content\/uploads\/2021\/05\/speed-gate-price-7.jpg\" alt=\"speed gate price\" data-skip-lazy title=\"\">\n            <img decoding=\"async\" class=\"skip-lazy\" src=\"http:\/\/mairsturnstile.com\/wp-content\/uploads\/2021\/05\/speed-gate-price-8.jpg\" alt=\"speed gate price\" data-skip-lazy title=\"\">\n           \n        <\/div>\n\n        \t<div class=\"bafg-slider-info-wraper\">\n\t\t<div style=\"\" class=\"slider-info-24285 bafg-slider-info\">\n\t\t\t\t\t<\/div>\n\t<\/div>\n\t\n        <style type=\"text\/css\">\n            \n        <\/style>\n        \n<p>Com tecnologia de ponta, fun\u00e7\u00f5es abrangentes e alta confiabilidade, pode ser aplicado em locais de alto n\u00edvel, como comunidades sofisticadas, edif\u00edcios inteligentes, hot\u00e9is, esta\u00e7\u00f5es de metr\u00f4 e academias.<\/p>\n<p>A nossa balaustrada pode ser integrada com um sistema de gest\u00e3o inteligente moderno para realizar uma gest\u00e3o inteligente do <a href=\"https:\/\/en.wikipedia.org\/wiki\/Access_control\" target=\"_blank\" rel=\"noopener\">controlo de acesso<\/a>.<\/p>\n<p>Os guarda-corpos girat\u00f3rios podem ser divididos em guarda-corpos oscilantes cil\u00edndricos e guarda-corpos girat\u00f3rios de ponte.<\/p>\n<p>Design mec\u00e2nico e el\u00e9trico compacto, acionamento exclusivo e mecanismo de travamento autom\u00e1tico<\/p>\n<p>Detec\u00e7\u00e3o autom\u00e1tica de falhas. Pre\u00e7o acess\u00edvel de port\u00f5es r\u00e1pidos online.<\/p>\n<p>A interface de entrada pode ser usada para contato seco e conex\u00e3o de sinal de comuta\u00e7\u00e3o<\/p>\n<p>Fechamento com atraso autom\u00e1tico ajust\u00e1vel<\/p>\n<p>Fotoc\u00e9lula infravermelha para passagem segura<\/p>\n<p>Entrada n\u00e3o autorizada e alarmes de entrada proibida<\/p>\n<p>Ligue e desligue automaticamente<\/p>\n<p>Acesso gratuito quando desligado<\/p>\n<p>Dire\u00e7\u00e3o de entrada ajust\u00e1vel<\/p>\n<p>Fornece interface de emerg\u00eancia<\/p>\n<p>Sem\u00e1foros para entrada de passageiros<\/p>\n<p>Temperatura de trabalho: -25\u00b0C ~ 70\u00b0C<\/p>\n<p>Taxa de aprova\u00e7\u00e3o: 35p\/min<\/p>\n<p>Consumo m\u00e1ximo de energia: 120W<\/p>\n<p>Altura do bra\u00e7o: Do solo 1300 mm personalizado<\/p>\n<p>Interface de comunica\u00e7\u00e3o: sinal RS485\/rel\u00e9<\/p>\n<p>MCBF: 5.000.000 ciclos<\/p>\n<p>Application: Airports, Hotels, Government Halls, etc<\/p>\n<p>Podemos fornecer toda a solu\u00e7\u00e3o de controle de acesso de seguran\u00e7a. Se voc\u00ea possui seu pr\u00f3prio sistema de controle de acesso, pode utilizar diretamente nossa catraca. Se voc\u00ea n\u00e3o tiver um, tamb\u00e9m fornecemos uma solu\u00e7\u00e3o completa de controle de acesso de seguran\u00e7a. Consulte o v\u00eddeo abaixo para obter detalhes.<\/p>\n<p><iframe title=\"Novo design de catraca de port\u00e3o r\u00e1pido, catracas de lobby, catraca de escrit\u00f3rio - MairsTurnstile.com\" src=\"https:\/\/www.youtube.com\/embed\/izk8WuYn4no\" width=\"1150\" height=\"650\" frameborder=\"0\" allowfullscreen=\"allowfullscreen\"><\/iframe><\/p>\n","protected":false},"excerpt":{"rendered":"<p>1. Tamanho: 1500x150x980mm (pode ser personalizado)<\/p>\n<p>2. Tens\u00e3o de alimenta\u00e7\u00e3o: 110V-240V, 50Hz\/60Hz<\/p>\n<p>3. Tens\u00e3o de trabalho: DC24V<\/p>\n<p>4. Umidade relativa: \u226495%, sem condensa\u00e7\u00e3o<\/p>\n<p>5. Tempo de desbloqueio: 0,2s<\/p>\n<p>6. Material: a\u00e7o inoxid\u00e1vel 304<\/p>\n<p>7. Material dos bra\u00e7os: acr\u00edlico de 10 mm<\/p>\n<p>8. Motor: Servo motor sem escova<\/p>\n<p>9. Largura de passagem: 600 mm padr\u00e3o 900 mm para deficientes<\/p>\n<p><span style=\"color: #0000ff;\"><strong><a style=\"color: #0000ff;\" title=\"Torniquete de porta r\u00e1pida com certifica\u00e7\u00e3o CE Mairs\" href=\"http:\/\/mairsturnstile.com\/wp-content\/uploads\/2022\/09\/Mairs-CE-Certificate-Speed-Gate-Turnstile.pdf\" target=\"_blank\" rel=\"noopener noreferrer\">Certificado CE,<\/a> <a style=\"color: #0000ff;\" title=\"Certificado Mairs ISO9001\" href=\"http:\/\/mairsturnstile.com\/wp-content\/uploads\/2022\/09\/Mairs-Registration-Certificate-ISO9001.pdf\" target=\"_blank\" rel=\"noopener noreferrer\">Certificado ISO9001.<\/a><\/strong><\/span><\/p>\n","protected":false},"featured_media":65889,"comment_status":"closed","ping_status":"closed","template":"","meta":{"neve_meta_sidebar":"","neve_meta_container":"","neve_meta_enable_content_width":"off","neve_meta_content_width":0,"neve_meta_title_alignment":"","neve_meta_author_avatar":"","neve_post_elements_order":"","neve_meta_disable_header":"","neve_meta_disable_footer":"","neve_meta_disable_title":"","_ti_tpc_template_sync":false,"_ti_tpc_template_id":""},"product_cat":[2019,2017],"product_tag":[2419,2421,2097,2208,2420,2422,2115,2117],"class_list":["post-33879","product","type-product","status-publish","has-post-thumbnail","hentry","product_cat-portoes-rapidos-pt","product_cat-torniquetes-de-seguranca","product_tag-faixas-de-velocidade","product_tag-portao-rapido-a-venda","product_tag-portoes-rapidos","product_tag-portoes-rapidos-a-venda","product_tag-preco-de-portoes-rapidos","product_tag-preco-do-portao-rapido","product_tag-quanto-custa-uma-catraca","product_tag-turnstile-cost-pt"],"_links":{"self":[{"href":"https:\/\/mairsturnstile.com\/pt\/wp-json\/wp\/v2\/product\/33879","targetHints":{"allow":["GET"]}}],"collection":[{"href":"https:\/\/mairsturnstile.com\/pt\/wp-json\/wp\/v2\/product"}],"about":[{"href":"https:\/\/mairsturnstile.com\/pt\/wp-json\/wp\/v2\/types\/product"}],"replies":[{"embeddable":true,"href":"https:\/\/mairsturnstile.com\/pt\/wp-json\/wp\/v2\/comments?post=33879"}],"version-history":[{"count":0,"href":"https:\/\/mairsturnstile.com\/pt\/wp-json\/wp\/v2\/product\/33879\/revisions"}],"wp:featuredmedia":[{"embeddable":true,"href":"https:\/\/mairsturnstile.com\/pt\/wp-json\/wp\/v2\/media\/65889"}],"wp:attachment":[{"href":"https:\/\/mairsturnstile.com\/pt\/wp-json\/wp\/v2\/media?parent=33879"}],"wp:term":[{"taxonomy":"product_cat","embeddable":true,"href":"https:\/\/mairsturnstile.com\/pt\/wp-json\/wp\/v2\/product_cat?post=33879"},{"taxonomy":"product_tag","embeddable":true,"href":"https:\/\/mairsturnstile.com\/pt\/wp-json\/wp\/v2\/product_tag?post=33879"}],"curies":[{"name":"wp","href":"https:\/\/api.w.org\/{rel}","templated":true}]}}