{"id":33897,"date":"2021-05-12T17:48:31","date_gmt":"2021-05-12T09:48:31","guid":{"rendered":"https:\/\/mairsturnstile.com\/product\/portoes-rapidos-com-motor-sem-escova-para-lobby-mt382"},"modified":"2023-11-01T11:07:38","modified_gmt":"2023-11-01T03:07:38","slug":"portoes-rapidos-australia","status":"publish","type":"product","link":"https:\/\/mairsturnstile.com\/pt\/product\/portoes-rapidos-australia","title":{"rendered":"Port\u00f5es r\u00e1pidos com motor sem escova para lobby MT382"},"content":{"rendered":"        <!-- 3D Model html -->\r\n        <div class=\"bp_grand wrapper_25607\">   \r\n        <div class=\"bp_model_parent\">\r\n            <model-viewer class=\"model\" id=\"bp_model_id_25607\" src=\"http:\/\/mairsturnstile.com\/wp-content\/uploads\/2024\/11\/MT381.glb\" alt=\"MT381\" camera-controls  loading=\"auto\" auto-rotate                        >\r\n            <\/model-viewer>\r\n        \r\n            <!-- Button -->\r\n            <svg id=\"openBtn\" width=\"30px\" height=\"30px\" viewBox=\"0 0 16 16\" xmlns=\"http:\/\/www.w3.org\/2000\/svg\" fill=\"#f2f2f2\" class=\"bi bi-arrows-fullscreen model-icon\">\r\n                <path fill-rule=\"evenodd\" d=\"M5.828 10.172a.5.5 0 0 0-.707 0l-4.096 4.096V11.5a.5.5 0 0 0-1 0v3.975a.5.5 0 0 0 .5.5H4.5a.5.5 0 0 0 0-1H1.732l4.096-4.096a.5.5 0 0 0 0-.707zm4.344 0a.5.5 0 0 1 .707 0l4.096 4.096V11.5a.5.5 0 1 1 1 0v3.975a.5.5 0 0 1-.5.5H11.5a.5.5 0 0 1 0-1h2.768l-4.096-4.096a.5.5 0 0 1 0-.707zm0-4.344a.5.5 0 0 0 .707 0l4.096-4.096V4.5a.5.5 0 1 0 1 0V.525a.5.5 0 0 0-.5-.5H11.5a.5.5 0 0 0 0 1h2.768l-4.096 4.096a.5.5 0 0 0 0 .707zm-4.344 0a.5.5 0 0 1-.707 0L1.025 1.732V4.5a.5.5 0 0 1-1 0V.525a.5.5 0 0 1 .5-.5H4.5a.5.5 0 0 1 0 1H1.732l4.096 4.096a.5.5 0 0 1 0 .707z\"\/>\r\n            <\/svg>\r\n        \r\n            <svg id=\"closeBtn\" class=\"model-icon\" width=\"34px\" height=\"34px\" viewBox=\"0 0 24 24\" xmlns=\"http:\/\/www.w3.org\/2000\/svg\">\r\n                <path fill=\"none\" stroke=\"#f2f2f2\" stroke-width=\"2\" d=\"M7,7 L17,17 M7,17 L17,7\"\/>\r\n            <\/svg>\r\n        \r\n        <\/div>\r\n        <\/div> \r\n\r\n        <!-- Model Viewer Style -->\r\n        <style>\r\n            \r\n            .wrapper_25607 .bp_model_parent, #bp_model_id_25607 {\r\n                width: 1150px;\r\n                max-width: 100%;\r\n                                            }\r\n            #bp_model_id_25607 {\r\n                height:700px;\r\n                background-color: #f9f9f9;\r\n            }\r\n            .fullscreen #bp_model_id_25607{\r\n            height: 100%;\r\n            width: 100%;\r\n            }\r\n            .wrapper_25607 .bp_model_parent{\r\n                justify-content: start            }\r\n            model-viewer.model {\r\n                --poster-color: transparent;\r\n            }\r\n        <\/style>\r\n        \r\n        \n<h4><strong><b>ESTE SPEED GATES AUSTRALIA <\/b><\/strong><strong><b>tem <\/b><\/strong><strong><b>uma garantia de 2 anos e um suporte duradouro de manuten\u00e7\u00e3o e repara\u00e7\u00e3o.<\/b><\/strong><strong><b> <\/b><\/strong><\/h4>\n<h4><strong><b>Mairs pode personalizar port\u00f5es r\u00e1pidos na Austr\u00e1lia de acordo com suas necessidades. Tamb\u00e9m fornecemos dispositivos biom\u00e9tricos, como leitores de cart\u00f5es IC\/ID, leitores de impress\u00e3o digital, leitores de c\u00f3digo QR, c\u00e2meras de reconhecimento facial e assim por diante.<\/b><\/strong><\/h4>\n<p>PORT\u00d5ES DE VELOCIDADE NA AUSTR\u00c1LIA <strong><b><a href=\"https:\/\/mairsturnstile.com\/speed-gates.html\">Port\u00f5es <\/a> autom\u00e1ticos de velocidade r\u00e1pida e fina<\/b><\/strong><strong><b>torniquetes de seguran\u00e7a, exportamos para a Austr\u00e1lia port\u00f5es r\u00e1pidos para lobbies.<\/b><\/strong><\/p>\n<p><strong><b>o speed gates australia \u00e9 um produto de catraca com barreira girat\u00f3ria inteligente de \u00faltima gera\u00e7\u00e3o da Mairs, que pode detectar totalmente a situa\u00e7\u00e3o de passagem do corpo humano. <\/b><\/strong><\/p>\n<p>O material do corpo deste port\u00e3o r\u00e1pido da Austr\u00e1lia \u00e9 de a\u00e7o inoxid\u00e1vel 304, que \u00e9 antiferrugem, dur\u00e1vel e de alta resist\u00eancia.<\/p>\n<p><strong><b>Anti-tag after, anti-hit against, comunica\u00e7\u00e3o RS485, motor DC Brushless, <\/b><\/strong>Este torniquete de port\u00f5es r\u00e1pidos \u00e9 <strong><b>Compat\u00edvel com todos os tipos de sistemas <a href=\"https:\/\/en.wikipedia.org\/wiki\/Access_control\" target=\"_blank\" rel=\"noopener\">de controlo de acesso<\/a><\/b><\/strong><strong><b>.<\/b><\/strong><\/p>\n<p>Essas catracas de seguran\u00e7a para port\u00f5es r\u00e1pidos s\u00e3o amplamente utilizadas em rodovi\u00e1rias, portos, metr\u00f4s, f\u00e1bricas, mans\u00f5es, \u00e1reas residenciais, hot\u00e9is, empresas e assim por diante, em qualquer local que exija controle de fluxo inteligente.<\/p>\n<p>Tamb\u00e9m podemos criar uma renderiza\u00e7\u00e3o para voc\u00ea em poucos minutos com base no seu cen\u00e1rio real. Tamb\u00e9m fornecemos layouts e desenhos detalhados, bem como desenhos de instala\u00e7\u00e3o.<\/p>\n\n        \t\n\t<style type=\"text\/css\">\n\t\t.slider-info-25628.bafg-slider-info .bafg-slider-title {\n\t\t\t\t\t\tfont-size: 22px;\n\t\t\t\t\t\t\n\t\t\t\n\t\t\t\t\t}\n\n\t\t.slider-info-25628.bafg-slider-info .bafg-slider-description {\n\t\t\t\n\t\t\t\n\t\t\t\t\t}\n\n\t\t.slider-info-25628.bafg-slider-info .bafg_slider_readmore_button {\n\t\t\t\n\t\t\t\n\t\t\t\n\t\t\t\n\t\t\t\n\t\t\ttext-align: center;\n\n\t\t\t\n\t\t\t\n\t\t\t\n\t\t\t\n\t\t\t\n\t\t\t\n\t\t\t\t\t}\n\n\t\t.slider-info-25628.bafg-slider-info .bafg_slider_readmore_button:hover {\n\n\t\t\t\n\t\t\t\n\t\t\t\t\t}\n\n\t<\/style>\n\t\n        <div class=\"bafg-twentytwenty-container slider-25628 \" bafg-orientation=\"horizontal\" bafg-default-offset=\"0.5\" bafg-before-label=\"Before\" bafg-after-label=\"After\" bafg-overlay=\"yes\" bafg-move-slider-on-hover=\"yes\" bafg-click-to-move=\"no\">\n              \n            <img decoding=\"async\" class=\"skip-lazy\" src=\"http:\/\/mairsturnstile.com\/wp-content\/uploads\/2023\/07\/speed-gates-australia_4.jpg\" alt=\"\" data-skip-lazy title=\"\">\n            <img decoding=\"async\" class=\"skip-lazy\" src=\"http:\/\/mairsturnstile.com\/wp-content\/uploads\/2021\/05\/turnstile-gate-australia-6.jpg\" alt=\"turnstile gate australia\" data-skip-lazy title=\"\">\n           \n        <\/div>\n\n        \t<div class=\"bafg-slider-info-wraper\">\n\t\t<div style=\"\" class=\"slider-info-25628 bafg-slider-info\">\n\t\t\t\t\t<\/div>\n\t<\/div>\n\t\n        <style type=\"text\/css\">\n            \n        <\/style>\n        \n<p>Ele tem a fun\u00e7\u00e3o de autoverifica\u00e7\u00e3o de falhas e prompt de alarme, o que \u00e9 conveniente para os usu\u00e1rios manterem e usarem.<\/p>\n<p>Ele pode ser conectado a qualquer sinal ou bot\u00e3o de controle e pode ser emitido por qualquer dispositivo de controle para realizar controle unidirecional e bidirecional.<\/p>\n<p>A passagem livre unidirecional e bidirecional pode ser definida arbitrariamente.<\/p>\n<p>Quando o equipamento \u00e9 ligado ou reiniciado, ele tem a fun\u00e7\u00e3o de autoverifica\u00e7\u00e3o de falhas, o que \u00e9 conveniente para a manuten\u00e7\u00e3o e uso dos usu\u00e1rios.<\/p>\n<p>Indica\u00e7\u00e3o de status de sem\u00e1foro de alta intensidade. Se algu\u00e9m estiver seguindo, o port\u00e3o iniciar\u00e1 automaticamente o travamento reverso e emitir\u00e1 um alarme. Conecte o sinal de alarme de inc\u00eandio.<\/p>\n<h4><strong>Par\u00e2metro t\u00e9cnico:<\/strong><\/h4>\n<ol>\n<li>Tamanho: 1500*<em>160*<\/em>1000mm<\/li>\n<li>Entrada de energia: AC100-240V,50\/60HZ<\/li>\n<li>Material: 1,2 mm SUS 304 com linha fina 400 #<\/li>\n<li>Material dos bra\u00e7os: Acr\u00edlico 10mm<\/li>\n<li>Largura de passagem: 600 mm-1100 mm<\/li>\n<li>Dire\u00e7\u00e3o de passagem: Unidirecional\/Bidirecional<\/li>\n<li>Taxa de aprova\u00e7\u00e3o: 35-40 pessoas\/minuto<\/li>\n<li>Tempo de opera\u00e7\u00e3o: 0,2 segundos<\/li>\n<li>Tens\u00e3o de trabalho: 24V<\/li>\n<li>Umidade de trabalho: 30% ~ 95%<\/li>\n<li>Temperatura de trabalho: -40\u2103~+70\u2103<\/li>\n<li>Ambiente de trabalho: Interior<\/li>\n<li>Interface de entrada: contato seco RS485<\/li>\n<li>Mecanismo: motor sem escova DC<\/li>\n<li>Infrared sensor: 6 pairs<\/li>\n<li>MCBF: 5.000.000 ciclos<\/li>\n<li>Application: Airports, Hotels, Government Halls, etc<\/li>\n<\/ol>\n<p>Podemos fornecer toda a solu\u00e7\u00e3o de controle de acesso de seguran\u00e7a. Se voc\u00ea possui seu pr\u00f3prio sistema de controle de acesso, pode utilizar diretamente nossa catraca. Se voc\u00ea n\u00e3o tiver um, tamb\u00e9m fornecemos uma solu\u00e7\u00e3o completa de controle de acesso de seguran\u00e7a. Consulte o v\u00eddeo abaixo para obter detalhes.<\/p>\n<p><iframe title=\"Torniquete de aeroporto, catraca de port\u00e3o r\u00e1pido para aeroporto, esta\u00e7\u00e3o de metr\u00f4 - MairsTurnstile.com\" src=\"https:\/\/www.youtube.com\/embed\/rR_US2dIKU8\" width=\"1150\" height=\"650\" frameborder=\"0\" allowfullscreen=\"allowfullscreen\"><\/iframe><\/p>\n","protected":false},"excerpt":{"rendered":"<p>1. Tamanho: 1500*120*980mm (pode ser personalizado)<\/p>\n<p>2. Entrada de energia: AC100-240V,50\/60HZ<\/p>\n<p>3. Material: 1,2 mm SUS 304 com linha fina 400#<\/p>\n<p>4. Material do bra\u00e7o: acr\u00edlico de 10 mm<\/p>\n<p>5. Largura da passagem: 600 mm-1100 mm (pode ser personalizado)<\/p>\n<p>6. Dire\u00e7\u00e3o de passagem: Direcional \u00fanico\/bidirecional<\/p>\n<p>7. Taxa de aprova\u00e7\u00e3o: 35-40 pessoas\/minuto<\/p>\n<p>8. Tempo de opera\u00e7\u00e3o: 0,2 segundos<\/p>\n<p>9. Working environment: Indoor<\/p>\n<p><span style=\"color: #0000ff;\"><strong><a style=\"color: #0000ff;\" title=\"Torniquete de porta r\u00e1pida com certifica\u00e7\u00e3o CE Mairs\" href=\"http:\/\/mairsturnstile.com\/wp-content\/uploads\/2022\/09\/Mairs-CE-Certificate-Speed-Gate-Turnstile.pdf\" target=\"_blank\" rel=\"noopener noreferrer\">Certificado CE,<\/a> <a style=\"color: #0000ff;\" title=\"Certificado Mairs ISO9001\" href=\"http:\/\/mairsturnstile.com\/wp-content\/uploads\/2022\/09\/Mairs-Registration-Certificate-ISO9001.pdf\" target=\"_blank\" rel=\"noopener noreferrer\">Certificado ISO9001.<\/a><\/strong><\/span><\/p>\n","protected":false},"featured_media":59476,"comment_status":"closed","ping_status":"closed","template":"","meta":{"neve_meta_sidebar":"","neve_meta_container":"","neve_meta_enable_content_width":"off","neve_meta_content_width":0,"neve_meta_title_alignment":"","neve_meta_author_avatar":"","neve_post_elements_order":"","neve_meta_disable_header":"","neve_meta_disable_footer":"","neve_meta_disable_title":"","_ti_tpc_template_sync":false,"_ti_tpc_template_id":""},"product_cat":[2019,2017],"product_tag":[2096,2099,2097,2098],"class_list":["post-33897","product","type-product","status-publish","has-post-thumbnail","hentry","product_cat-portoes-rapidos-pt","product_cat-torniquetes-de-seguranca","product_tag-catraca-de-portao-rapido","product_tag-o-que-sao-portoes-rapidos","product_tag-portoes-rapidos","product_tag-portoes-rapidos-australia"],"_links":{"self":[{"href":"https:\/\/mairsturnstile.com\/pt\/wp-json\/wp\/v2\/product\/33897","targetHints":{"allow":["GET"]}}],"collection":[{"href":"https:\/\/mairsturnstile.com\/pt\/wp-json\/wp\/v2\/product"}],"about":[{"href":"https:\/\/mairsturnstile.com\/pt\/wp-json\/wp\/v2\/types\/product"}],"replies":[{"embeddable":true,"href":"https:\/\/mairsturnstile.com\/pt\/wp-json\/wp\/v2\/comments?post=33897"}],"version-history":[{"count":0,"href":"https:\/\/mairsturnstile.com\/pt\/wp-json\/wp\/v2\/product\/33897\/revisions"}],"wp:featuredmedia":[{"embeddable":true,"href":"https:\/\/mairsturnstile.com\/pt\/wp-json\/wp\/v2\/media\/59476"}],"wp:attachment":[{"href":"https:\/\/mairsturnstile.com\/pt\/wp-json\/wp\/v2\/media?parent=33897"}],"wp:term":[{"taxonomy":"product_cat","embeddable":true,"href":"https:\/\/mairsturnstile.com\/pt\/wp-json\/wp\/v2\/product_cat?post=33897"},{"taxonomy":"product_tag","embeddable":true,"href":"https:\/\/mairsturnstile.com\/pt\/wp-json\/wp\/v2\/product_tag?post=33897"}],"curies":[{"name":"wp","href":"https:\/\/api.w.org\/{rel}","templated":true}]}}