{"id":33911,"date":"2021-05-12T16:34:32","date_gmt":"2021-05-12T08:34:32","guid":{"rendered":"https:\/\/mairsturnstile.com\/product\/portoes-de-velocidade-da-catraca-da-porta-de-velocidade-para-venda-mt-a308"},"modified":"2023-11-01T11:09:09","modified_gmt":"2023-11-01T03:09:09","slug":"portoes-rapidos-irlanda","status":"publish","type":"product","link":"https:\/\/mairsturnstile.com\/pt\/product\/portoes-rapidos-irlanda","title":{"rendered":"Port\u00f5es de velocidade da catraca da porta de velocidade para venda MT-A308"},"content":{"rendered":"        <!-- 3D Model html -->\r\n        <div class=\"bp_grand wrapper_24282\">   \r\n        <div class=\"bp_model_parent\">\r\n            <model-viewer class=\"model\" id=\"bp_model_id_24282\" src=\"http:\/\/mairsturnstile.com\/wp-content\/uploads\/2023\/06\/MT-A308.glb\" alt=\"MT-A308\" camera-controls  loading=\"auto\" auto-rotate                        >\r\n            <\/model-viewer>\r\n        \r\n            <!-- Button -->\r\n            <svg id=\"openBtn\" width=\"30px\" height=\"30px\" viewBox=\"0 0 16 16\" xmlns=\"http:\/\/www.w3.org\/2000\/svg\" fill=\"#f2f2f2\" class=\"bi bi-arrows-fullscreen model-icon\">\r\n                <path fill-rule=\"evenodd\" d=\"M5.828 10.172a.5.5 0 0 0-.707 0l-4.096 4.096V11.5a.5.5 0 0 0-1 0v3.975a.5.5 0 0 0 .5.5H4.5a.5.5 0 0 0 0-1H1.732l4.096-4.096a.5.5 0 0 0 0-.707zm4.344 0a.5.5 0 0 1 .707 0l4.096 4.096V11.5a.5.5 0 1 1 1 0v3.975a.5.5 0 0 1-.5.5H11.5a.5.5 0 0 1 0-1h2.768l-4.096-4.096a.5.5 0 0 1 0-.707zm0-4.344a.5.5 0 0 0 .707 0l4.096-4.096V4.5a.5.5 0 1 0 1 0V.525a.5.5 0 0 0-.5-.5H11.5a.5.5 0 0 0 0 1h2.768l-4.096 4.096a.5.5 0 0 0 0 .707zm-4.344 0a.5.5 0 0 1-.707 0L1.025 1.732V4.5a.5.5 0 0 1-1 0V.525a.5.5 0 0 1 .5-.5H4.5a.5.5 0 0 1 0 1H1.732l4.096 4.096a.5.5 0 0 1 0 .707z\"\/>\r\n            <\/svg>\r\n        \r\n            <svg id=\"closeBtn\" class=\"model-icon\" width=\"34px\" height=\"34px\" viewBox=\"0 0 24 24\" xmlns=\"http:\/\/www.w3.org\/2000\/svg\">\r\n                <path fill=\"none\" stroke=\"#f2f2f2\" stroke-width=\"2\" d=\"M7,7 L17,17 M7,17 L17,7\"\/>\r\n            <\/svg>\r\n        \r\n        <\/div>\r\n        <\/div> \r\n\r\n        <!-- Model Viewer Style -->\r\n        <style>\r\n            \r\n            .wrapper_24282 .bp_model_parent, #bp_model_id_24282 {\r\n                width: 1150px;\r\n                max-width: 100%;\r\n                                            }\r\n            #bp_model_id_24282 {\r\n                height:700px;\r\n                background-color: #f2f2f2;\r\n            }\r\n            .fullscreen #bp_model_id_24282{\r\n            height: 100%;\r\n            width: 100%;\r\n            }\r\n            .wrapper_24282 .bp_model_parent{\r\n                justify-content: start            }\r\n            model-viewer.model {\r\n                --poster-color: transparent;\r\n            }\r\n        <\/style>\r\n        \r\n        \n<h4><strong><b>Este torniquete de alta velocidade para lobbies na Irlanda <\/b><\/strong><strong><b>tem<\/b><\/strong><strong><b> uma garantia de 2 anos e um suporte duradouro de manuten\u00e7\u00e3o e repara\u00e7\u00e3o.<\/b><\/strong><strong><b> <\/b><\/strong><\/h4>\n<p>Podemos fornecer servi\u00e7os OEM e ODM. Temos designers experientes que podem realizar uma personaliza\u00e7\u00e3o profunda de acordo com qualquer uma de suas necessidades. Forneceremos uma s\u00e9rie de materiais, como renderiza\u00e7\u00f5es 3D, desenhos dimensionais, etc. Tamb\u00e9m fornecemos dispositivos biom\u00e9tricos, como leitores de cart\u00f5es IC\/ID, leitores de impress\u00e3o digital, leitores de c\u00f3digo QR, c\u00e2meras de reconhecimento facial e assim por diante.<\/p>\n<h4><strong><b>Mairs pode personalizar Speed Gates Ireland de acordo com suas necessidades. Tamb\u00e9m fornecemos dispositivos biom\u00e9tricos, como leitores de cart\u00f5es IC\/ID, leitores de impress\u00e3o digital, leitores de c\u00f3digo QR, c\u00e2meras de reconhecimento facial e assim por diante. <a href=\"https:\/\/mairsturnstile.com\/speed-gate-turnstile.html\">Torniquete de port\u00e3o r\u00e1pido <\/a><\/b><\/strong><strong>fabricantes &#8211; Mairs oferece port\u00f5es r\u00e1pidos da melhor qualidade, catraca girat\u00f3ria da Irlanda a um pre\u00e7o acess\u00edvel.<\/strong><\/h4>\n<p>Este Speed Gates Ireland usa um painel de leitor modular com resposta oportuna ao mercado, com velocidade de abertura mais r\u00e1pida do servo motor e 10 pares de sensores infravermelhos s\u00e3o usados para detec\u00e7\u00e3o mais forte da porta traseira.<\/p>\n<p>O material do inv\u00f3lucro \u00e9 a\u00e7o inoxid\u00e1vel SUS304, tem uma maior durabilidade e um ciclo de vida mais longo do produto, \u00e9 f\u00e1cil de mudar e \u00e9 f\u00e1cil de instalar &#8211; RFID, <a href=\"https:\/\/en.wikipedia.org\/wiki\/Fingerprint\" target=\"_blank\" rel=\"noopener\">impress\u00e3o digital<\/a>, rosto, etc.<\/p>\n<p>Possui controle de opera\u00e7\u00e3o bidirecional, indicador de canal LED bidirecional, f\u00e1cil instala\u00e7\u00e3o e manuten\u00e7\u00e3o, diversos pain\u00e9is opcionais e modo de emerg\u00eancia que permite acesso gratuito em caso de falha de energia ou emerg\u00eancia.<\/p>\n<p>Adequado para sagu\u00f5es de edif\u00edcios comerciais, metr\u00f4s, aeroportos, alf\u00e2ndegas, salas de exposi\u00e7\u00e3o, pr\u00e9dios governamentais, institui\u00e7\u00f5es financeiras, clubes e outras aplica\u00e7\u00f5es internas de alta qualidade.<\/p>\n<p>Tamb\u00e9m podemos criar uma renderiza\u00e7\u00e3o para voc\u00ea em poucos minutos com base no seu cen\u00e1rio real. Tamb\u00e9m fornecemos layout e desenhos detalhados, bem como desenhos de instala\u00e7\u00e3o.<\/p>\n\n        \t\n\t<style type=\"text\/css\">\n\t\t.slider-info-24286.bafg-slider-info .bafg-slider-title {\n\t\t\t\t\t\tfont-size: 22px;\n\t\t\t\t\t\t\n\t\t\t\n\t\t\t\t\t}\n\n\t\t.slider-info-24286.bafg-slider-info .bafg-slider-description {\n\t\t\t\n\t\t\t\n\t\t\t\t\t}\n\n\t\t.slider-info-24286.bafg-slider-info .bafg_slider_readmore_button {\n\t\t\t\n\t\t\t\n\t\t\t\n\t\t\t\n\t\t\t\n\t\t\ttext-align: center;\n\n\t\t\t\n\t\t\t\n\t\t\t\n\t\t\t\n\t\t\t\n\t\t\t\n\t\t\t\t\t}\n\n\t\t.slider-info-24286.bafg-slider-info .bafg_slider_readmore_button:hover {\n\n\t\t\t\n\t\t\t\n\t\t\t\t\t}\n\n\t<\/style>\n\t\n        <div class=\"bafg-twentytwenty-container slider-24286 \" bafg-orientation=\"horizontal\" bafg-default-offset=\"0.5\" bafg-before-label=\"Before\" bafg-after-label=\"After\" bafg-overlay=\"yes\" bafg-move-slider-on-hover=\"yes\" bafg-click-to-move=\"no\">\n              \n            <img decoding=\"async\" class=\"skip-lazy\" src=\"http:\/\/mairsturnstile.com\/wp-content\/uploads\/2023\/06\/speed-gates-ireland_9.jpg\" alt=\"\" data-skip-lazy title=\"\">\n            <img decoding=\"async\" class=\"skip-lazy\" src=\"http:\/\/mairsturnstile.com\/wp-content\/uploads\/2023\/06\/speed-gates-ireland_10.jpg\" alt=\"\" data-skip-lazy title=\"\">\n           \n        <\/div>\n\n        \t<div class=\"bafg-slider-info-wraper\">\n\t\t<div style=\"\" class=\"slider-info-24286 bafg-slider-info\">\n\t\t\t\t\t<\/div>\n\t<\/div>\n\t\n        <style type=\"text\/css\">\n            \n        <\/style>\n        \n<p>port\u00f5es r\u00e1pidos Irlanda Tens\u00e3o de funcionamento: 24V<\/p>\n<p>Umidade de trabalho: 30% ~ 95%<\/p>\n<p>Temperatura de trabalho: -40\u2103~+70\u2103<\/p>\n<p>Interface de entrada: RS485, contato seco<\/p>\n<p>Mecanismo: motor servo sem escova<\/p>\n<p>Infrared sensor: 6 pairs<\/p>\n<p>MCBF: 5.000.000 ciclos<\/p>\n<p>Caracter\u00edstica: A altura do bra\u00e7o pode ser personalizada<\/p>\n<p>Application: Airports, Hotels, Government Halls, etc<\/p>\n<p>Podemos fornecer toda a solu\u00e7\u00e3o de controle de acesso de seguran\u00e7a. Se voc\u00ea possui seu pr\u00f3prio sistema de controle de acesso, pode utilizar diretamente nossa catraca. Se voc\u00ea n\u00e3o tiver um, tamb\u00e9m fornecemos uma solu\u00e7\u00e3o completa de controle de acesso de seguran\u00e7a. Consulte o v\u00eddeo abaixo para obter detalhes.<\/p>\n<p><iframe title=\"Novo design de catraca de port\u00e3o r\u00e1pido, catracas de lobby, catraca de escrit\u00f3rio - MairsTurnstile.com\" src=\"https:\/\/www.youtube.com\/embed\/izk8WuYn4no\" width=\"1150\" height=\"650\" frameborder=\"0\" allowfullscreen=\"allowfullscreen\"><\/iframe><\/p>\n","protected":false},"excerpt":{"rendered":"<p>1. Tamanho: 1500*120*980 mm (pode ser personalizado)<\/p>\n<p>2. Material: linha de neve importada SUS Polish 400 # de 2,0 mm e tampa superior de m\u00e1rmore<\/p>\n<p>3. Material do bra\u00e7o: acr\u00edlico de 10 mm<\/p>\n<p>4. Largura da passagem: 600-900 mm<\/p>\n<p>5. Dire\u00e7\u00e3o de passagem: Direcional \u00fanico\/bidirecional<\/p>\n<p>6. Pass rate: 30-35 persons\/minute<\/p>\n<p>7. Operating time: 0.2 seconds<\/p>\n<p>8. Power input: AC100-240V,50\/60HZ<\/p>\n<p>9. Working environment: Indoor<\/p>\n<p><span style=\"color: #0000ff;\"><strong><a style=\"color: #0000ff;\" title=\"Torniquete de porta r\u00e1pida com certifica\u00e7\u00e3o CE Mairs\" href=\"http:\/\/mairsturnstile.com\/wp-content\/uploads\/2022\/09\/Mairs-CE-Certificate-Speed-Gate-Turnstile.pdf\" target=\"_blank\" rel=\"noopener noreferrer\">Certificado CE,<\/a> <a style=\"color: #0000ff;\" title=\"Certificado Mairs ISO9001\" href=\"http:\/\/mairsturnstile.com\/wp-content\/uploads\/2022\/09\/Mairs-Registration-Certificate-ISO9001.pdf\" target=\"_blank\" rel=\"noopener noreferrer\">Certificado ISO9001.<\/a><\/strong><\/span><\/p>\n","protected":false},"featured_media":33912,"comment_status":"closed","ping_status":"closed","template":"","meta":{"neve_meta_sidebar":"","neve_meta_container":"","neve_meta_enable_content_width":"off","neve_meta_content_width":0,"neve_meta_title_alignment":"","neve_meta_author_avatar":"","neve_post_elements_order":"","neve_meta_disable_header":"","neve_meta_disable_footer":"","neve_meta_disable_title":"","_ti_tpc_template_sync":false,"_ti_tpc_template_id":""},"product_cat":[2019,2017],"product_tag":[2424,2134,2097,2208,2425],"class_list":["post-33911","product","type-product","status-publish","has-post-thumbnail","hentry","product_cat-portoes-rapidos-pt","product_cat-torniquetes-de-seguranca","product_tag-catraca-de-escritorio","product_tag-portoes-de-entrada-catraca","product_tag-portoes-rapidos","product_tag-portoes-rapidos-a-venda","product_tag-portoes-rapidos-irlanda"],"_links":{"self":[{"href":"https:\/\/mairsturnstile.com\/pt\/wp-json\/wp\/v2\/product\/33911","targetHints":{"allow":["GET"]}}],"collection":[{"href":"https:\/\/mairsturnstile.com\/pt\/wp-json\/wp\/v2\/product"}],"about":[{"href":"https:\/\/mairsturnstile.com\/pt\/wp-json\/wp\/v2\/types\/product"}],"replies":[{"embeddable":true,"href":"https:\/\/mairsturnstile.com\/pt\/wp-json\/wp\/v2\/comments?post=33911"}],"version-history":[{"count":0,"href":"https:\/\/mairsturnstile.com\/pt\/wp-json\/wp\/v2\/product\/33911\/revisions"}],"wp:featuredmedia":[{"embeddable":true,"href":"https:\/\/mairsturnstile.com\/pt\/wp-json\/wp\/v2\/media\/33912"}],"wp:attachment":[{"href":"https:\/\/mairsturnstile.com\/pt\/wp-json\/wp\/v2\/media?parent=33911"}],"wp:term":[{"taxonomy":"product_cat","embeddable":true,"href":"https:\/\/mairsturnstile.com\/pt\/wp-json\/wp\/v2\/product_cat?post=33911"},{"taxonomy":"product_tag","embeddable":true,"href":"https:\/\/mairsturnstile.com\/pt\/wp-json\/wp\/v2\/product_tag?post=33911"}],"curies":[{"name":"wp","href":"https:\/\/api.w.org\/{rel}","templated":true}]}}