{"id":33929,"date":"2021-05-12T15:34:29","date_gmt":"2021-05-12T07:34:29","guid":{"rendered":"https:\/\/mairsturnstile.com\/product\/torniquetes-dos-portoes-de-velocidade-da-seguranca-para-a-entrada-mt-a305"},"modified":"2023-11-01T11:09:44","modified_gmt":"2023-11-01T03:09:44","slug":"portoes-rapidos-nz","status":"publish","type":"product","link":"https:\/\/mairsturnstile.com\/pt\/product\/portoes-rapidos-nz","title":{"rendered":"Torniquetes dos port\u00f5es de velocidade da seguran\u00e7a para a entrada MT-A305"},"content":{"rendered":"        <!-- 3D Model html -->\r\n        <div class=\"bp_grand wrapper_24281\">   \r\n        <div class=\"bp_model_parent\">\r\n            <model-viewer class=\"model\" id=\"bp_model_id_24281\" src=\"http:\/\/mairsturnstile.com\/wp-content\/uploads\/2023\/06\/MT-A305.glb\" alt=\"MT-A305\" camera-controls  loading=\"auto\" auto-rotate                        >\r\n            <\/model-viewer>\r\n        \r\n            <!-- Button -->\r\n            <svg id=\"openBtn\" width=\"30px\" height=\"30px\" viewBox=\"0 0 16 16\" xmlns=\"http:\/\/www.w3.org\/2000\/svg\" fill=\"#f2f2f2\" class=\"bi bi-arrows-fullscreen model-icon\">\r\n                <path fill-rule=\"evenodd\" d=\"M5.828 10.172a.5.5 0 0 0-.707 0l-4.096 4.096V11.5a.5.5 0 0 0-1 0v3.975a.5.5 0 0 0 .5.5H4.5a.5.5 0 0 0 0-1H1.732l4.096-4.096a.5.5 0 0 0 0-.707zm4.344 0a.5.5 0 0 1 .707 0l4.096 4.096V11.5a.5.5 0 1 1 1 0v3.975a.5.5 0 0 1-.5.5H11.5a.5.5 0 0 1 0-1h2.768l-4.096-4.096a.5.5 0 0 1 0-.707zm0-4.344a.5.5 0 0 0 .707 0l4.096-4.096V4.5a.5.5 0 1 0 1 0V.525a.5.5 0 0 0-.5-.5H11.5a.5.5 0 0 0 0 1h2.768l-4.096 4.096a.5.5 0 0 0 0 .707zm-4.344 0a.5.5 0 0 1-.707 0L1.025 1.732V4.5a.5.5 0 0 1-1 0V.525a.5.5 0 0 1 .5-.5H4.5a.5.5 0 0 1 0 1H1.732l4.096 4.096a.5.5 0 0 1 0 .707z\"\/>\r\n            <\/svg>\r\n        \r\n            <svg id=\"closeBtn\" class=\"model-icon\" width=\"34px\" height=\"34px\" viewBox=\"0 0 24 24\" xmlns=\"http:\/\/www.w3.org\/2000\/svg\">\r\n                <path fill=\"none\" stroke=\"#f2f2f2\" stroke-width=\"2\" d=\"M7,7 L17,17 M7,17 L17,7\"\/>\r\n            <\/svg>\r\n        \r\n        <\/div>\r\n        <\/div> \r\n\r\n        <!-- Model Viewer Style -->\r\n        <style>\r\n            \r\n            .wrapper_24281 .bp_model_parent, #bp_model_id_24281 {\r\n                width: 1150px;\r\n                max-width: 100%;\r\n                                            }\r\n            #bp_model_id_24281 {\r\n                height:700px;\r\n                background-color: #f2f2f2;\r\n            }\r\n            .fullscreen #bp_model_id_24281{\r\n            height: 100%;\r\n            width: 100%;\r\n            }\r\n            .wrapper_24281 .bp_model_parent{\r\n                justify-content: start            }\r\n            model-viewer.model {\r\n                --poster-color: transparent;\r\n            }\r\n        <\/style>\r\n        \r\n        \n<h4><strong>ESTE PORT\u00d5ES DE VELOCIDADE DE ALTA QUALIDADE NZ PARA LOBBY tem garantia de 2 anos e suporte dur\u00e1vel de manuten\u00e7\u00e3o e reparo. <\/strong><\/h4>\n<p>Podemos fornecer servi\u00e7os OEM e ODM. Temos designers experientes que podem realizar uma personaliza\u00e7\u00e3o profunda de acordo com qualquer uma de suas necessidades. Forneceremos uma s\u00e9rie de materiais, como renderiza\u00e7\u00f5es 3D, desenhos dimensionais, etc. Tamb\u00e9m fornecemos dispositivos biom\u00e9tricos, como leitores de cart\u00f5es IC\/ID, leitores de impress\u00e3o digital, leitores de c\u00f3digo QR, c\u00e2meras de reconhecimento facial e assim por diante.<\/p>\n<h4><strong><b>A Mairs pode personalizar os torniquetes de vias <a href=\"https:\/\/mairsturnstile.com\/speed-gates.html\">r\u00e1pidas<\/a> de acordo com as suas necessidades. Tamb\u00e9m fornecemos dispositivos biom\u00e9tricos, como leitores de cart\u00f5es IC\/ID, leitores de impress\u00e3o digital, leitores de c\u00f3digo QR, c\u00e2meras de reconhecimento facial e assim por diante.<\/b><\/strong><\/h4>\n<h4><strong><b>PORT\u00d5ES DE VELOCIDADE NZ <\/b><\/strong><strong><b>Port\u00f5es autom\u00e1ticos Slim Fast Speed Port\u00e3o de barreira girat\u00f3ria<\/b><\/strong><strong><b>exportamos<\/b><\/strong><strong><b>exportamos para a Nova Zel\u00e2ndia torniquetes de seguran\u00e7a para lobbies.<\/b><\/strong><\/h4>\n<h4><strong><b>PORT\u00d5ES DE VELOCIDADE NZ MT-A305 \u00e9 um produto de catraca girat\u00f3ria inteligente de \u00faltima gera\u00e7\u00e3o da Mairs, que pode detectar totalmente a situa\u00e7\u00e3o de passagem do corpo humano.<\/b><\/strong><strong><b> <\/b><\/strong><\/h4>\n<p>Tamb\u00e9m podemos criar uma renderiza\u00e7\u00e3o para voc\u00ea em poucos minutos com base no seu cen\u00e1rio real. Tamb\u00e9m fornecemos layouts e desenhos detalhados, bem como desenhos de instala\u00e7\u00e3o.<\/p>\n\n        \t\n\t<style type=\"text\/css\">\n\t\t.slider-info-24287.bafg-slider-info .bafg-slider-title {\n\t\t\t\t\t\tfont-size: 22px;\n\t\t\t\t\t\t\n\t\t\t\n\t\t\t\t\t}\n\n\t\t.slider-info-24287.bafg-slider-info .bafg-slider-description {\n\t\t\t\n\t\t\t\n\t\t\t\t\t}\n\n\t\t.slider-info-24287.bafg-slider-info .bafg_slider_readmore_button {\n\t\t\t\n\t\t\t\n\t\t\t\n\t\t\t\n\t\t\t\n\t\t\ttext-align: center;\n\n\t\t\t\n\t\t\t\n\t\t\t\n\t\t\t\n\t\t\t\n\t\t\t\n\t\t\t\t\t}\n\n\t\t.slider-info-24287.bafg-slider-info .bafg_slider_readmore_button:hover {\n\n\t\t\t\n\t\t\t\n\t\t\t\t\t}\n\n\t<\/style>\n\t\n        <div class=\"bafg-twentytwenty-container slider-24287 \" bafg-orientation=\"horizontal\" bafg-default-offset=\"0.5\" bafg-before-label=\"Before\" bafg-after-label=\"After\" bafg-overlay=\"yes\" bafg-move-slider-on-hover=\"yes\" bafg-click-to-move=\"no\">\n              \n            <img decoding=\"async\" class=\"skip-lazy\" src=\"http:\/\/mairsturnstile.com\/wp-content\/uploads\/2023\/06\/lobby-turnstiles_4.jpg\" alt=\"\" data-skip-lazy title=\"\">\n            <img decoding=\"async\" class=\"skip-lazy\" src=\"http:\/\/mairsturnstile.com\/wp-content\/uploads\/2023\/06\/speed-gates-nz_7.jpg\" alt=\"speed gates nz\" data-skip-lazy title=\"\">\n           \n        <\/div>\n\n        \t<div class=\"bafg-slider-info-wraper\">\n\t\t<div style=\"\" class=\"slider-info-24287 bafg-slider-info\">\n\t\t\t\t\t<\/div>\n\t<\/div>\n\t\n        <style type=\"text\/css\">\n            \n        <\/style>\n        \n<p>O material do corpo deste port\u00e3o r\u00e1pido \u00e9 de a\u00e7o inoxid\u00e1vel 304, que \u00e9 antiferrugem, dur\u00e1vel e de alta resist\u00eancia.<\/p>\n<p>Este <a href=\"https:\/\/en.wikipedia.org\/wiki\/Turnstile\" target=\"_blank\" rel=\"noopener\">torniquete<\/a> r\u00e1pido da NZ pode ser compat\u00edvel com cart\u00f5es IC, cart\u00f5es de identifica\u00e7\u00e3o, cart\u00f5es de c\u00f3digo de barras e leitores de cart\u00f5es de impress\u00f5es digitais, c\u00e2maras de reconhecimento facial e outros dispositivos biom\u00e9tricos, proporcionando um acesso civilizado e ordenado ao pessoal; fa\u00e7a uma gest\u00e3o eficaz dos direitos de acesso dos funcion\u00e1rios. Pode ser amplamente utilizado em lobbies de edif\u00edcios, esta\u00e7\u00f5es, cais, metr\u00f4s, f\u00e1bricas, edif\u00edcios de escrit\u00f3rios, hot\u00e9is, clubes, comunidades inteligentes, empresas e outros locais que necessitam de gerenciamento inteligente de controle de acesso.<\/p>\n<h4><strong>Par\u00e2metro t\u00e9cnico:<\/strong><\/h4>\n<ol>\n<li>Tamanho: 1500x120x980mm (pode ser personalizado)<\/li>\n<li>Material: 1,2 mm SUS 304 linha fina 400 # + tampa superior 12 mm acr\u00edlico preto<\/li>\n<li>Material dos bra\u00e7os: Acr\u00edlico 10mm<\/li>\n<li>Largura de passagem: padr\u00e3o 600 mm m\u00e1ximo 1300 mm (bra\u00e7o oco)<\/li>\n<li>Dire\u00e7\u00e3o de passagem: Unidirecional\/Bidirecional<\/li>\n<li>Taxa de aprova\u00e7\u00e3o: 30-35 pessoas\/minuto<\/li>\n<li>Tempo de opera\u00e7\u00e3o: 0,2 segundos<\/li>\n<li>Entrada de energia: AC100-240V,50\/60HZ<\/li>\n<li>Tens\u00e3o de trabalho: 24V<\/li>\n<li>Umidade de trabalho: 30% ~ 95%<\/li>\n<li>Temperatura de trabalho: -40\u2103~+70\u2103<\/li>\n<li>Ambiente de trabalho: Interior<\/li>\n<li>Interface de entrada: RS485, contato seco<\/li>\n<li>Mecanismo: motor servo sem escova<\/li>\n<li>Sensor infravermelho de port\u00f5es de velocidade nz: 6 pares<\/li>\n<li>MCBF: 5.000.000 ciclos<\/li>\n<li>Caracter\u00edstica: A altura do bra\u00e7o pode ser personalizada<\/li>\n<li>Aplica\u00e7\u00e3o: Edif\u00edcio de escrit\u00f3rios, hot\u00e9is, sal\u00f5es governamentais, etc.<\/li>\n<\/ol>\n<p>Podemos fornecer toda a solu\u00e7\u00e3o de controle de acesso de seguran\u00e7a. Se voc\u00ea possui seu pr\u00f3prio sistema de controle de acesso, pode utilizar diretamente nossa catraca. Se voc\u00ea n\u00e3o tiver um, tamb\u00e9m fornecemos uma solu\u00e7\u00e3o completa de controle de acesso de seguran\u00e7a. Consulte o v\u00eddeo abaixo para obter detalhes.<\/p>\n<p><iframe title=\"Reprodutor de v\u00eddeo do YouTube\" src=\"https:\/\/www.youtube.com\/embed\/YtM3u6fUNIM?si=Gv-uz-Qa9vqlsN5P\" width=\"1150\" height=\"650\" frameborder=\"0\" allowfullscreen=\"allowfullscreen\"><span data-mce-type=\"bookmark\" style=\"display: inline-block; width: 0px; overflow: hidden; line-height: 0;\" class=\"mce_SELRES_start\"><\/span><\/iframe><\/p>\n","protected":false},"excerpt":{"rendered":"<p>1. Tamanho: 1500*120*980 mm (pode ser personalizado)<\/p>\n<p>2. material: 1.2mm sus 304 linha fina 400 # + tampa superior 12mm acr\u00edlico preto<\/p>\n<p>3. Material dos bra\u00e7os: acr\u00edlico de 10 mm<\/p>\n<p>4. Largura da passagem: padr\u00e3o 600 mm m\u00e1ximo 1300 mm (bra\u00e7o oco)<\/p>\n<p>5. Dire\u00e7\u00e3o de passagem: Direcional \u00fanico\/bidirecional<\/p>\n<p>6. Pass rate: 30-35 persons\/minute<\/p>\n<p>7. Operating time: 0.2 seconds<\/p>\n<p>8. Power input: AC100-240V,50\/60HZ<\/p>\n<p>9. Interface de entrada: RS485, contato seco<\/p>\n<p><span style=\"color: #0000ff;\"><strong><a style=\"color: #0000ff;\" title=\"Torniquete de porta r\u00e1pida com certifica\u00e7\u00e3o CE Mairs\" href=\"http:\/\/mairsturnstile.com\/wp-content\/uploads\/2022\/09\/Mairs-CE-Certificate-Speed-Gate-Turnstile.pdf\" target=\"_blank\" rel=\"noopener noreferrer\">Certificado CE,<\/a> <a style=\"color: #0000ff;\" title=\"Certificado Mairs ISO9001\" href=\"http:\/\/mairsturnstile.com\/wp-content\/uploads\/2022\/09\/Mairs-Registration-Certificate-ISO9001.pdf\" target=\"_blank\" rel=\"noopener noreferrer\">Certificado ISO9001.<\/a><\/strong><\/span><\/p>\n","protected":false},"featured_media":33930,"comment_status":"closed","ping_status":"closed","template":"","meta":{"neve_meta_sidebar":"","neve_meta_container":"","neve_meta_enable_content_width":"off","neve_meta_content_width":0,"neve_meta_title_alignment":"","neve_meta_author_avatar":"","neve_post_elements_order":"","neve_meta_disable_header":"","neve_meta_disable_footer":"","neve_meta_disable_title":"","_ti_tpc_template_sync":false,"_ti_tpc_template_id":""},"product_cat":[2019,2017],"product_tag":[2111,2110,2419,2097,2208,2426,2117],"class_list":["post-33929","product","type-product","status-publish","has-post-thumbnail","hentry","product_cat-portoes-rapidos-pt","product_cat-torniquetes-de-seguranca","product_tag-catracas-de-ginastica","product_tag-catracas-de-seguranca","product_tag-faixas-de-velocidade","product_tag-portoes-rapidos","product_tag-portoes-rapidos-a-venda","product_tag-portoes-rapidos-nova-zelandia","product_tag-turnstile-cost-pt"],"_links":{"self":[{"href":"https:\/\/mairsturnstile.com\/pt\/wp-json\/wp\/v2\/product\/33929","targetHints":{"allow":["GET"]}}],"collection":[{"href":"https:\/\/mairsturnstile.com\/pt\/wp-json\/wp\/v2\/product"}],"about":[{"href":"https:\/\/mairsturnstile.com\/pt\/wp-json\/wp\/v2\/types\/product"}],"replies":[{"embeddable":true,"href":"https:\/\/mairsturnstile.com\/pt\/wp-json\/wp\/v2\/comments?post=33929"}],"version-history":[{"count":0,"href":"https:\/\/mairsturnstile.com\/pt\/wp-json\/wp\/v2\/product\/33929\/revisions"}],"wp:featuredmedia":[{"embeddable":true,"href":"https:\/\/mairsturnstile.com\/pt\/wp-json\/wp\/v2\/media\/33930"}],"wp:attachment":[{"href":"https:\/\/mairsturnstile.com\/pt\/wp-json\/wp\/v2\/media?parent=33929"}],"wp:term":[{"taxonomy":"product_cat","embeddable":true,"href":"https:\/\/mairsturnstile.com\/pt\/wp-json\/wp\/v2\/product_cat?post=33929"},{"taxonomy":"product_tag","embeddable":true,"href":"https:\/\/mairsturnstile.com\/pt\/wp-json\/wp\/v2\/product_tag?post=33929"}],"curies":[{"name":"wp","href":"https:\/\/api.w.org\/{rel}","templated":true}]}}