{"id":33948,"date":"2021-04-27T18:38:38","date_gmt":"2021-04-27T10:38:38","guid":{"rendered":"https:\/\/mairsturnstile.com\/product\/mecanismo-de-barreira-flap-para-venda-mt250"},"modified":"2023-11-14T09:02:59","modified_gmt":"2023-11-14T01:02:59","slug":"mecanismo-de-barreira-de-aba","status":"publish","type":"product","link":"https:\/\/mairsturnstile.com\/pt\/product\/mecanismo-de-barreira-de-aba","title":{"rendered":"MECANISMO DE BARREIRA FLAP PARA VENDA MT250"},"content":{"rendered":"<h2>Mecanismo de barreira de aba, mecanismo autom\u00e1tico de barreira de aba para venda.<\/h2>\n<h3>A Mairs oferece o mecanismo da melhor qualidade para catracas com barreira de aba. Mecanismo de barreira de aba de melhor design.<\/h3>\n<p>Mecanismo de barreira de aba de design especial e design el\u00e9trico e mec\u00e2nico compacto com acionamento exclusivo, garantem a durabilidade e opera\u00e7\u00e3o silenciosa do produto, seu mecanismo de travamento autom\u00e1tico tamb\u00e9m pode proteger a seguran\u00e7a do controle de acesso. O mecanismo de barreira de aba Mairs possui detec\u00e7\u00e3o autom\u00e1tica, detec\u00e7\u00e3o autom\u00e1tica de falhas, conveniente para manuten\u00e7\u00e3o e opera\u00e7\u00e3o do usu\u00e1rio. Este <a href=\"https:\/\/mairsturnstile.com\/turnstile-mechanism.html\" target=\"_blank\" rel=\"noopener\">mecanismo de catraca<\/a> com barreira de aba pode ser aplicado a todos os sistemas de <a href=\"https:\/\/en.wikipedia.org\/wiki\/Access_control\" target=\"_blank\" rel=\"noopener\">controle de acesso<\/a>, interface de entrada para contato seco e conex\u00e3o de sinal de comuta\u00e7\u00e3o. Portanto, os clientes podem integrar diferentes sistemas, como leitores de cart\u00f5es, sistemas de tickets, sistemas de tokens e assim por diante. Claro, com fun\u00e7\u00f5es de emerg\u00eancia, pode ser integrado a dispositivos de prote\u00e7\u00e3o contra inc\u00eandio para libera\u00e7\u00e3o segura em caso de emerg\u00eancia.<\/p>\n<h4>O mecanismo de barreira de aba \u00e9 um dos componentes principais da catraca de barreira de aba, e o mecanismo de barreira de aba controla a catraca controlando o balan\u00e7o do bra\u00e7o asa.<\/h4>\n<p>O mecanismo de barreira de aba da catraca de aba \u00e9 o n\u00facleo de toda a catraca. A qualidade de opera\u00e7\u00e3o do mecanismo de barreira de aba determina a qualidade da catraca de barreira de aba, mas a falha da catraca de barreira de aba tamb\u00e9m est\u00e1 relacionada ao mecanismo. Somente o m\u00e9todo de uso correto e a manuten\u00e7\u00e3o adequada s\u00e3o as chaves para garantir a vida \u00fatil da catraca com barreira de aba. \u00c9 tamb\u00e9m um m\u00e9todo para melhorar a vida \u00fatil global da <a href=\"https:\/\/mairsturnstile.com\/what-is-flap-barrier.html\">barreira basculante<\/a>.<\/p>\n<p><strong>Caracter\u00edsticos:<\/strong><\/p>\n<ol>\n<li>Um design CNC compacto com um acionamento exclusivo e mecanismo de travamento autom\u00e1tico.<\/li>\n<li>Detec\u00e7\u00e3o autom\u00e1tica de falhas.<\/li>\n<li>A interface de entrada pode ser usada para contato seco e conex\u00e3o de sinal de comuta\u00e7\u00e3o.<\/li>\n<li>Abertura e fechamento autom\u00e1ticos ajust\u00e1veis.<\/li>\n<li>Fotoc\u00e9lula infravermelha para passagem segura.<\/li>\n<li>Alarme para fluxo de passageiros n\u00e3o autorizado e proibido.<\/li>\n<li>Em vez disso, passe a bola.<\/li>\n<li>Ligue e desligue automaticamente.<\/li>\n<li>Abra automaticamente e libere acesso quando desligado.<\/li>\n<li>Dire\u00e7\u00e3o de entrada ajust\u00e1vel.<\/li>\n<li>Fornece uma interface de emerg\u00eancia.<\/li>\n<li>Sem\u00e1foros para entrada de passageiros.<\/li>\n<li>Liga\u00e7\u00e3o de entrada: Sinal de n\u00edvel de +12V ou sinal de impulso largo&gt;Sinal de impulso de 100ms, corrente&gt;100ms<\/li>\n<\/ol>\n","protected":false},"excerpt":{"rendered":"<p>1. Pot\u00eancia: AC220V\u00b110V,50\/60HZ;<\/p>\n<p>2. Temperatura operacional: -45\u00b0C-60\u00b0C<\/p>\n<p>3. Umidade relativa: \u226495%, sem condensa\u00e7\u00e3o<\/p>\n<p>4. Largura da passagem: 550 mm (personalizado)<\/p>\n<p>5. Motor: Motor DC sem escova, 140W\/24V<\/p>\n<p>6. Tempo de abertura e fechamento do port\u00e3o: \u2264 0,4S<\/p>\n<p>7. Sensores infravermelhos: 9 ou 10 pares<\/p>\n<p>8. Velocidade de opera\u00e7\u00e3o do motor: 1600R\/min<\/p>\n<p>9. Conex\u00e3o de comunica\u00e7\u00e3o: Comunica\u00e7\u00e3o RS485<\/p>\n<p>10. N\u00edvel de prote\u00e7\u00e3o: IP54<\/p>\n","protected":false},"featured_media":35564,"comment_status":"closed","ping_status":"closed","template":"","meta":{"neve_meta_sidebar":"","neve_meta_container":"","neve_meta_enable_content_width":"off","neve_meta_content_width":0,"neve_meta_title_alignment":"","neve_meta_author_avatar":"","neve_post_elements_order":"","neve_meta_disable_header":"","neve_meta_disable_footer":"","neve_meta_disable_title":"","_ti_tpc_template_sync":false,"_ti_tpc_template_id":""},"product_cat":[2013,2017],"product_tag":[2430,2429,2427,2428],"class_list":["post-33948","product","type-product","status-publish","has-post-thumbnail","hentry","product_cat-barreira-de-flap","product_cat-torniquetes-de-seguranca","product_tag-componentes-da-catraca","product_tag-mecanismo-de-barreira-de-aba","product_tag-mecanismo-de-catraca","product_tag-mecanismo-de-portao-catraca"],"_links":{"self":[{"href":"https:\/\/mairsturnstile.com\/pt\/wp-json\/wp\/v2\/product\/33948","targetHints":{"allow":["GET"]}}],"collection":[{"href":"https:\/\/mairsturnstile.com\/pt\/wp-json\/wp\/v2\/product"}],"about":[{"href":"https:\/\/mairsturnstile.com\/pt\/wp-json\/wp\/v2\/types\/product"}],"replies":[{"embeddable":true,"href":"https:\/\/mairsturnstile.com\/pt\/wp-json\/wp\/v2\/comments?post=33948"}],"version-history":[{"count":0,"href":"https:\/\/mairsturnstile.com\/pt\/wp-json\/wp\/v2\/product\/33948\/revisions"}],"wp:featuredmedia":[{"embeddable":true,"href":"https:\/\/mairsturnstile.com\/pt\/wp-json\/wp\/v2\/media\/35564"}],"wp:attachment":[{"href":"https:\/\/mairsturnstile.com\/pt\/wp-json\/wp\/v2\/media?parent=33948"}],"wp:term":[{"taxonomy":"product_cat","embeddable":true,"href":"https:\/\/mairsturnstile.com\/pt\/wp-json\/wp\/v2\/product_cat?post=33948"},{"taxonomy":"product_tag","embeddable":true,"href":"https:\/\/mairsturnstile.com\/pt\/wp-json\/wp\/v2\/product_tag?post=33948"}],"curies":[{"name":"wp","href":"https:\/\/api.w.org\/{rel}","templated":true}]}}