{"id":33953,"date":"2021-04-27T16:38:55","date_gmt":"2021-04-27T08:38:55","guid":{"rendered":"https:\/\/mairsturnstile.com\/product\/mecanismo-de-catraca-de-altura-completa-para-venda-mt601"},"modified":"2024-10-31T12:06:16","modified_gmt":"2024-10-31T04:06:16","slug":"mecanismo-de-catraca-de-altura-total","status":"publish","type":"product","link":"https:\/\/mairsturnstile.com\/pt\/product\/mecanismo-de-catraca-de-altura-total","title":{"rendered":"MECANISMO DE CATRACA DE ALTURA TOTAL MT601"},"content":{"rendered":"<p><iframe title=\"Reprodutor de v\u00eddeo do YouTube\" src=\"https:\/\/www.youtube.com\/embed\/Su17joHCYgU\" width=\"560\" height=\"315\" frameborder=\"0\" allowfullscreen=\"allowfullscreen\"><\/iframe><\/p>\n<h2>Mecanismo de torniquete de altura total, <strong><b>Mecanismo semi-autom\u00e1tico de torniquete de altura total <\/b><\/strong> <\/h2>\n<p>O <a href=\"https:\/\/mairsturnstile.com\/turnstile-mechanism.html\" target=\"_blank\" rel=\"noopener\">mecanismo de catraca<\/a> de altura total \u00e9 um dos componentes principais da porta da catraca, e o mecanismo da catraca de altura total controla a porta da catraca controlando o balan\u00e7o do bra\u00e7o asa. Este mecanismo de catraca de altura total \u00e9 para catracas girat\u00f3rias de altura total de 120 ou 90 graus.<\/p>\n<p>O <a href=\"https:\/\/en.wikipedia.org\/wiki\/Mechanism\" target=\"_blank\" rel=\"noopener\">mecanismo<\/a> do torniquete de altura total \u00e9 o n\u00facleo de todo o torniquete de altura total.<\/p>\n<p>A qualidade de funcionamento do mecanismo determina a qualidade do <a href=\"https:\/\/mairsturnstile.com\/product\/full-height-turnstile-gate-mt402-2-b\">torniquete de altura total<\/a>, mas a falha do torniquete de altura total tamb\u00e9m est\u00e1 relacionada com o mecanismo. Somente o m\u00e9todo de uso correto e a manuten\u00e7\u00e3o adequada s\u00e3o as chaves para garantir a vida \u00fatil da catraca. \u00c9 tamb\u00e9m um m\u00e9todo para melhorar a vida \u00fatil geral da catraca. Mairs oferece o mecanismo da melhor qualidade para uma catraca de altura total.<\/p>\n<p><strong>Caracter\u00edsticos:<\/strong><\/p>\n<ol>\n<li>Opera\u00e7\u00e3o est\u00e1vel, sem ru\u00eddo e impacto mec\u00e2nico<\/li>\n<li>O n\u00famero de passageiros pode ser definido<\/li>\n<li>V\u00e1rios m\u00e9todos de processamento de moldes para voc\u00ea escolher<\/li>\n<li>Bidirecional, uma dire\u00e7\u00e3o permitida, uma proibida, ou uma dire\u00e7\u00e3o cobrando, uma livre. Todos os moldes de trabalho s\u00e3o configurados por bot\u00f5es na placa de controle principal<\/li>\n<li>A viga descendente e a viga suspensa podem ser controladas a longa dist\u00e2ncia para atender aos requisitos especiais dos usu\u00e1rios e aos requisitos de prote\u00e7\u00e3o contra inc\u00eandio.<\/li>\n<li>A luz indicadora de dire\u00e7\u00e3o informa a dire\u00e7\u00e3o a seguir na catraca<\/li>\n<li>Interface el\u00e9trica padr\u00e3o, interface de comunica\u00e7\u00e3o RS485, interface de rel\u00e9 e interface de n\u00edvel conectada a v\u00e1rios dispositivos de leitura e grava\u00e7\u00e3o<\/li>\n<li>Todas as fun\u00e7\u00f5es s\u00e3o realizadas em um computador multifuncional, que \u00e9 controlado e gerenciado remotamente por um computador<\/li>\n<li>Ele pode contar automaticamente o n\u00famero de transeuntes, display LED<\/li>\n<li>Corte a fonte de alimenta\u00e7\u00e3o para levantar a viga. Quando a energia est\u00e1 ligada, o bra\u00e7o subir\u00e1 automaticamente e parar\u00e1 ao encontrar obst\u00e1culos<\/li>\n<li>A fun\u00e7\u00e3o com ou sem mem\u00f3ria do leitor de cart\u00e3o pode ser configurada de acordo com sua necessidade.<\/li>\n<li>Opera\u00e7\u00e3o de autoverifica\u00e7\u00e3o do alarme<\/li>\n<\/ol>\n","protected":false},"excerpt":{"rendered":"<p>1. Pot\u00eancia: AC220C\u00b110V,50\/60HZ;<\/p>\n<p>2. Machine core: Semiautomatic<\/p>\n<p>3. Temperatura operacional: -45\u00b0C-60\u00b0C<\/p>\n<p>4. Velocidade de passagem: 30 pessoas\/min (cart\u00e3o IC)<\/p>\n<p>5. Umidade relativa: \u226495%, sem condensa\u00e7\u00e3o<\/p>\n<p>6. Largura da passagem: \u2264600mm<\/p>\n<p>7. Conex\u00e3o de comunica\u00e7\u00e3o: Comunica\u00e7\u00e3o RS485<\/p>\n<p>8. Material: a\u00e7o inoxid\u00e1vel 304, espessura n\u00e3o inferior a 1,3 mm<\/p>\n<p>9. Dist\u00e2ncia de comunica\u00e7\u00e3o: 1200M<\/p>\n<p>10. Vida \u00fatil: 3 milh\u00f5es (opera\u00e7\u00e3o cont\u00ednua de abertura e fechamento)<\/p>\n<p>11. N\u00edvel de prote\u00e7\u00e3o: IP54<\/p>\n","protected":false},"featured_media":35789,"comment_status":"closed","ping_status":"closed","template":"","meta":{"neve_meta_sidebar":"","neve_meta_container":"","neve_meta_enable_content_width":"off","neve_meta_content_width":0,"neve_meta_title_alignment":"","neve_meta_author_avatar":"","neve_post_elements_order":"","neve_meta_disable_header":"","neve_meta_disable_footer":"","neve_meta_disable_title":"","_ti_tpc_template_sync":false,"_ti_tpc_template_id":""},"product_cat":[2014,2017],"product_tag":[2430,2427,2431,2428,2432],"class_list":["post-33953","product","type-product","status-publish","has-post-thumbnail","hentry","product_cat-torniquetes-de-altura-total","product_cat-torniquetes-de-seguranca","product_tag-componentes-da-catraca","product_tag-mecanismo-de-catraca","product_tag-mecanismo-de-catraca-de-altura-total","product_tag-mecanismo-de-portao-catraca","product_tag-mecanismo-de-portao-de-catraca-de-altura-total"],"_links":{"self":[{"href":"https:\/\/mairsturnstile.com\/pt\/wp-json\/wp\/v2\/product\/33953","targetHints":{"allow":["GET"]}}],"collection":[{"href":"https:\/\/mairsturnstile.com\/pt\/wp-json\/wp\/v2\/product"}],"about":[{"href":"https:\/\/mairsturnstile.com\/pt\/wp-json\/wp\/v2\/types\/product"}],"replies":[{"embeddable":true,"href":"https:\/\/mairsturnstile.com\/pt\/wp-json\/wp\/v2\/comments?post=33953"}],"version-history":[{"count":0,"href":"https:\/\/mairsturnstile.com\/pt\/wp-json\/wp\/v2\/product\/33953\/revisions"}],"wp:featuredmedia":[{"embeddable":true,"href":"https:\/\/mairsturnstile.com\/pt\/wp-json\/wp\/v2\/media\/35789"}],"wp:attachment":[{"href":"https:\/\/mairsturnstile.com\/pt\/wp-json\/wp\/v2\/media?parent=33953"}],"wp:term":[{"taxonomy":"product_cat","embeddable":true,"href":"https:\/\/mairsturnstile.com\/pt\/wp-json\/wp\/v2\/product_cat?post=33953"},{"taxonomy":"product_tag","embeddable":true,"href":"https:\/\/mairsturnstile.com\/pt\/wp-json\/wp\/v2\/product_tag?post=33953"}],"curies":[{"name":"wp","href":"https:\/\/api.w.org\/{rel}","templated":true}]}}