{"id":33963,"date":"2021-04-27T15:44:16","date_gmt":"2021-04-27T07:44:16","guid":{"rendered":"https:\/\/mairsturnstile.com\/product\/mecanismo-de-catraca-tripe-para-venda-mt146"},"modified":"2023-11-14T09:14:20","modified_gmt":"2023-11-14T01:14:20","slug":"mecanismo-tripe-catraca","status":"publish","type":"product","link":"https:\/\/mairsturnstile.com\/pt\/product\/mecanismo-tripe-catraca","title":{"rendered":"MECANISMO DE CATRACA TRIP\u00c9 PARA VENDA MT146"},"content":{"rendered":"<h2><strong>Mecanismo de catraca de trip\u00e9, Mecanismo de catraca de trip\u00e9 autom\u00e1tico<\/strong><\/h2>\n<h3>Mecanismo de port\u00e3o de catraca de <strong>trip\u00e9 autom\u00e1tico personalizado e dur\u00e1vel<\/strong><\/h3>\n<p>Na linha de montagem da policet\u00eddeo sintase, foi determinado um mecanismo de catraca para o processamento simult\u00e2neo de intermedi\u00e1rios. O alongamento da corrente faz com que o m\u00f3dulo feche e a corrente se desloque para o pr\u00f3ximo m\u00f3dulo para reabrir a catraca.<\/p>\n<p>O <strong><a href=\"https:\/\/mairsturnstile.com\/turnstile-mechanism.html\" target=\"_blank\" rel=\"noopener\">mecanismo da catraca<\/a> do trip\u00e9<\/strong> \u00e9 um dos componentes principais da porta da <a href=\"https:\/\/mairsturnstile.com\/product\/tripod-security-gate\">catraca do trip\u00e9<\/a>, e o mecanismo da catraca controla a porta da catraca do trip\u00e9 controlando o balan\u00e7o do bra\u00e7o da asa. A qualidade de opera\u00e7\u00e3o do mecanismo da catraca do trip\u00e9 determina a qualidade da porta da catraca do trip\u00e9, mas a falha da porta da catraca do trip\u00e9 tamb\u00e9m est\u00e1 relacionada ao mecanismo da catraca do trip\u00e9.<\/p>\n<p><strong>Caracter\u00edsticos:<\/strong><\/p>\n<ol>\n<li>O inv\u00f3lucro \u00e9 feito de <a href=\"https:\/\/en.wikipedia.org\/wiki\/Stainless_steel\" target=\"_blank\" rel=\"noopener\">a\u00e7o inoxid\u00e1vel<\/a> 304 com uma espessura de 1,5 mm;<\/li>\n<li>Projeto de estrutura mecatr\u00f4nica, plataforma girat\u00f3ria de processo especial, mecanismo de travamento autom\u00e1tico mec\u00e2nico est\u00e1vel e confi\u00e1vel<\/li>\n<li>Acesso bidirecional (bra\u00e7o bidirecional)<\/li>\n<li>Ap\u00f3s enviar o sinal de abertura da porta, se ela n\u00e3o passar em 5 segundos, ela ser\u00e1 travada novamente<\/li>\n<li>Quando a energia \u00e9 desligada automaticamente, o bra\u00e7o cair\u00e1 (com fun\u00e7\u00e3o de queda do bra\u00e7o). Ao ligar, \u00e9 necess\u00e1rio liberar manualmente a alavanca e reiniciar o bra\u00e7o oscilante (opcional)<\/li>\n<li>Pode ser conectado ao contador de fluxo bidirecional externo para exibir o n\u00famero de pessoas que passam nesta dire\u00e7\u00e3o. Quando as pessoas passam, a porta de contagem correspondente emite um sinal de largura de pulso de cerca de 200 larguras. Se o pessoal n\u00e3o conseguir passar pelo port\u00e3o, a porta de contagem correspondente n\u00e3o produzir\u00e1 sa\u00edda dentro de 200 ms.<\/li>\n<li>Pessoal anti-revers\u00e3o (impedir que outros o sigam)<\/li>\n<li>Motor eletromec\u00e2nico DC12V, opera\u00e7\u00e3o de travamento positivo de uma pessoa por vez; Evite a revers\u00e3o.<\/li>\n<li>Tempo de emerg\u00eancia e tempo de falha de energia: o bra\u00e7o descer\u00e1 automaticamente para manter a passagem de evacua\u00e7\u00e3o desbloqueada.<\/li>\n<li>Pode ser usado para interface de sistemas de controle de acesso, como leitores de cart\u00f5es biom\u00e9tricos, leitores de cart\u00f5es RFID, leitores de cart\u00f5es digitalizados, bot\u00f5es, etc.<\/li>\n<li>O indicador luminoso de status est\u00e1 dispon\u00edvel.<\/li>\n<li>H\u00e1 um balc\u00e3o de passageiros.<\/li>\n<\/ol>\n<p>&nbsp;<\/p>\n","protected":false},"excerpt":{"rendered":"<p>1. Pot\u00eancia: AC220C\u00b110V,50HZ<\/p>\n<p>2. Opera\u00e7\u00e3o: Temperatura -15\u2103-60\u2103<\/p>\n<p>3. Umidade relativa: \u226495%, sem sensa\u00e7\u00e3o<\/p>\n<p>4. Largura de acesso: \u2264600mm<\/p>\n<p>5. Velocidade de passagem: 30 pessoas\/minuto (cart\u00e3o IC)<\/p>\n<p>6. Liga\u00e7\u00e3o de entrada: Sinal de n\u00edvel de +12V ou pulso largo&gt;100ms DC12V<\/p>\n<p>7. Conex\u00e3o de comunica\u00e7\u00e3o: Padr\u00e3o do m\u00f3dulo de comunica\u00e7\u00e3o RS485.<\/p>\n<p>8. Material: SUS304, espessura n\u00e3o inferior a 1,5 mm<\/p>\n<p>9. Grau de prote\u00e7\u00e3o: IP54<\/p>\n","protected":false},"featured_media":35644,"comment_status":"closed","ping_status":"closed","template":"","meta":{"neve_meta_sidebar":"","neve_meta_container":"","neve_meta_enable_content_width":"on","neve_meta_content_width":100,"neve_meta_title_alignment":"","neve_meta_author_avatar":"","neve_post_elements_order":"","neve_meta_disable_header":"","neve_meta_disable_footer":"","neve_meta_disable_title":"","_ti_tpc_template_sync":false,"_ti_tpc_template_id":""},"product_cat":[2021,2017],"product_tag":[2430,2427,2433,2435,2434],"class_list":["post-33963","product","type-product","status-publish","has-post-thumbnail","hentry","product_cat-torniquete-de-tripe","product_cat-torniquetes-de-seguranca","product_tag-componentes-da-catraca","product_tag-mecanismo-de-catraca","product_tag-mecanismo-de-catraca-de-tripe","product_tag-mecanismo-de-catraca-tripe-para-venda","product_tag-mecanismo-de-portao-de-catraca-de-tripe"],"_links":{"self":[{"href":"https:\/\/mairsturnstile.com\/pt\/wp-json\/wp\/v2\/product\/33963","targetHints":{"allow":["GET"]}}],"collection":[{"href":"https:\/\/mairsturnstile.com\/pt\/wp-json\/wp\/v2\/product"}],"about":[{"href":"https:\/\/mairsturnstile.com\/pt\/wp-json\/wp\/v2\/types\/product"}],"replies":[{"embeddable":true,"href":"https:\/\/mairsturnstile.com\/pt\/wp-json\/wp\/v2\/comments?post=33963"}],"version-history":[{"count":0,"href":"https:\/\/mairsturnstile.com\/pt\/wp-json\/wp\/v2\/product\/33963\/revisions"}],"wp:featuredmedia":[{"embeddable":true,"href":"https:\/\/mairsturnstile.com\/pt\/wp-json\/wp\/v2\/media\/35644"}],"wp:attachment":[{"href":"https:\/\/mairsturnstile.com\/pt\/wp-json\/wp\/v2\/media?parent=33963"}],"wp:term":[{"taxonomy":"product_cat","embeddable":true,"href":"https:\/\/mairsturnstile.com\/pt\/wp-json\/wp\/v2\/product_cat?post=33963"},{"taxonomy":"product_tag","embeddable":true,"href":"https:\/\/mairsturnstile.com\/pt\/wp-json\/wp\/v2\/product_tag?post=33963"}],"curies":[{"name":"wp","href":"https:\/\/api.w.org\/{rel}","templated":true}]}}