{"id":33972,"date":"2021-03-08T18:33:54","date_gmt":"2021-03-08T10:33:54","guid":{"rendered":"https:\/\/mairsturnstile.com\/product\/torniquete-de-altura-total-para-venda-mt401"},"modified":"2024-10-31T12:07:24","modified_gmt":"2024-10-31T04:07:24","slug":"preco-de-catraca-de-altura-total-no-paquistao","status":"publish","type":"product","link":"https:\/\/mairsturnstile.com\/pt\/product\/preco-de-catraca-de-altura-total-no-paquistao","title":{"rendered":"TORNIQUETE DE ALTURA TOTAL PARA VENDA"},"content":{"rendered":"        <!-- 3D Model html -->\r\n        <div class=\"bp_grand wrapper_21823\">   \r\n        <div class=\"bp_model_parent\">\r\n            <model-viewer class=\"model\" id=\"bp_model_id_21823\" src=\"http:\/\/mairsturnstile.com\/wp-content\/uploads\/2023\/07\/MT401.glb\" alt=\"MT401\" camera-controls  loading=\"auto\" auto-rotate                        >\r\n            <\/model-viewer>\r\n        \r\n            <!-- Button -->\r\n            <svg id=\"openBtn\" width=\"30px\" height=\"30px\" viewBox=\"0 0 16 16\" xmlns=\"http:\/\/www.w3.org\/2000\/svg\" fill=\"#f2f2f2\" class=\"bi bi-arrows-fullscreen model-icon\">\r\n                <path fill-rule=\"evenodd\" d=\"M5.828 10.172a.5.5 0 0 0-.707 0l-4.096 4.096V11.5a.5.5 0 0 0-1 0v3.975a.5.5 0 0 0 .5.5H4.5a.5.5 0 0 0 0-1H1.732l4.096-4.096a.5.5 0 0 0 0-.707zm4.344 0a.5.5 0 0 1 .707 0l4.096 4.096V11.5a.5.5 0 1 1 1 0v3.975a.5.5 0 0 1-.5.5H11.5a.5.5 0 0 1 0-1h2.768l-4.096-4.096a.5.5 0 0 1 0-.707zm0-4.344a.5.5 0 0 0 .707 0l4.096-4.096V4.5a.5.5 0 1 0 1 0V.525a.5.5 0 0 0-.5-.5H11.5a.5.5 0 0 0 0 1h2.768l-4.096 4.096a.5.5 0 0 0 0 .707zm-4.344 0a.5.5 0 0 1-.707 0L1.025 1.732V4.5a.5.5 0 0 1-1 0V.525a.5.5 0 0 1 .5-.5H4.5a.5.5 0 0 1 0 1H1.732l4.096 4.096a.5.5 0 0 1 0 .707z\"\/>\r\n            <\/svg>\r\n        \r\n            <svg id=\"closeBtn\" class=\"model-icon\" width=\"34px\" height=\"34px\" viewBox=\"0 0 24 24\" xmlns=\"http:\/\/www.w3.org\/2000\/svg\">\r\n                <path fill=\"none\" stroke=\"#f2f2f2\" stroke-width=\"2\" d=\"M7,7 L17,17 M7,17 L17,7\"\/>\r\n            <\/svg>\r\n        \r\n        <\/div>\r\n        <\/div> \r\n\r\n        <!-- Model Viewer Style -->\r\n        <style>\r\n            \r\n            .wrapper_21823 .bp_model_parent, #bp_model_id_21823 {\r\n                width: 1150px;\r\n                max-width: 100%;\r\n                                            }\r\n            #bp_model_id_21823 {\r\n                height:700px;\r\n                background-color: #f2f2f2;\r\n            }\r\n            .fullscreen #bp_model_id_21823{\r\n            height: 100%;\r\n            width: 100%;\r\n            }\r\n            .wrapper_21823 .bp_model_parent{\r\n                justify-content: start            }\r\n            model-viewer.model {\r\n                --poster-color: transparent;\r\n            }\r\n        <\/style>\r\n        \r\n        \n<h2>Pre\u00e7o da catraca de altura total no Paquist\u00e3o, este modelo tem 2 anos de garantia e manuten\u00e7\u00e3o dur\u00e1vel e suporte de reparo.<\/h2>\n<p>We can provide OEM and ODM services. Tamb\u00e9m fornecemos dispositivos biom\u00e9tricos, como leitores de cart\u00f5es IC\/ID, leitores de impress\u00e3o digital, leitores de c\u00f3digo QR, c\u00e2meras de reconhecimento facial e assim por diante. Lan\u00e7\u00e1mos tamb\u00e9m uma nova s\u00e9rie de torniquetes de altura total com um aspeto elegante e uma estrutura robusta. Verificar:<span style=\"\"> <a style=\"\" href=\"\" target=\"\" rel=\"noopener\">s\u00e9rie de torniquetes de altura total<\/a><\/span> <\/p>\n<p><strong>Este torniquete de altura total <\/strong>foi concebido para controlar a entrada e sa\u00edda de pe\u00f5es, sendo adequado para utiliza\u00e7\u00e3o em interiores e exteriores.<\/p>\n<p>O port\u00e3o torniquete de altura total pode ser usado em ambientes internos e externos. Com o melhor pre\u00e7o de catraca de altura total no Paquist\u00e3o.<\/p>\n<p>Esta catraca de altura total para o Paquist\u00e3o a um pre\u00e7o acess\u00edvel \u00e9 amplamente utilizada em esta\u00e7\u00f5es de trem, bibliotecas escolares, instala\u00e7\u00f5es governamentais, parques de divers\u00f5es, pris\u00f5es, est\u00e1dios de futebol, apartamentos, museus e f\u00e1bricas, etc.<\/p>\n<p>Utilizando a interface el\u00e9ctrica padr\u00e3o, compat\u00edvel com cart\u00e3o ID\/IC, impress\u00e3o digital, reconhecimento facial, um detetor de infravermelhos, controlador de temperatura,<a href=\"https:\/\/en.wikipedia.org\/wiki\/QR_code\" target=\"_blank\" rel=\"noopener\">c\u00f3digo de barras\/QR<\/a>, aplica\u00e7\u00e3o telef\u00f3nica, sistema ESD, sistema de visitantes, etc. Fabricantes de <a href=\"https:\/\/mairsturnstile.com\/full-height-turnstiles.html\" target=\"_blank\" rel=\"noopener\">torniquete de altura total<\/a> &#8211; Mairsturnstile oferece o pre\u00e7o mais barato de torniquete de altura total no Paquist\u00e3o.<\/p>\n<p>A catraca de altura total \u00e9 integrada a um mecanismo, el\u00e9trico e microcontrolador, e v\u00e1rios tipos de tecnologias de identifica\u00e7\u00e3o, compat\u00edveis com IC, ID, c\u00f3digo de barras, leitor de impress\u00e3o digital e assim por diante para fornecer controle e gerenciamento inteligentes para controle de fluxo.<\/p>\n<p>Tamb\u00e9m podemos criar uma renderiza\u00e7\u00e3o para voc\u00ea em poucos minutos com base no seu cen\u00e1rio real. Tamb\u00e9m fornecemos layout e desenhos detalhados, bem como desenhos de instala\u00e7\u00e3o.<\/p>\n\n        \t\n\t<style type=\"text\/css\">\n\t\t.slider-info-21841.bafg-slider-info .bafg-slider-title {\n\t\t\t\t\t\tfont-size: 22px;\n\t\t\t\t\t\t\n\t\t\t\n\t\t\t\t\t}\n\n\t\t.slider-info-21841.bafg-slider-info .bafg-slider-description {\n\t\t\t\n\t\t\t\n\t\t\t\t\t}\n\n\t\t.slider-info-21841.bafg-slider-info .bafg_slider_readmore_button {\n\t\t\t\n\t\t\t\n\t\t\t\n\t\t\t\n\t\t\t\n\t\t\ttext-align: center;\n\n\t\t\t\n\t\t\t\n\t\t\t\n\t\t\t\n\t\t\t\n\t\t\t\n\t\t\t\t\t}\n\n\t\t.slider-info-21841.bafg-slider-info .bafg_slider_readmore_button:hover {\n\n\t\t\t\n\t\t\t\n\t\t\t\t\t}\n\n\t<\/style>\n\t\n        <div class=\"bafg-twentytwenty-container slider-21841 \" bafg-orientation=\"horizontal\" bafg-default-offset=\"0.5\" bafg-before-label=\"Before\" bafg-after-label=\"After\" bafg-overlay=\"yes\" bafg-move-slider-on-hover=\"yes\" bafg-click-to-move=\"no\">\n              \n            <img decoding=\"async\" class=\"skip-lazy\" src=\"http:\/\/mairsturnstile.com\/wp-content\/uploads\/2023\/07\/full-height-turnstile-price-in-pakistan_4.jpg\" alt=\"\" data-skip-lazy title=\"\">\n            <img decoding=\"async\" class=\"skip-lazy\" src=\"http:\/\/mairsturnstile.com\/wp-content\/uploads\/2023\/07\/full-height-turnstile-price-in-pakistan_5.jpg\" alt=\"\" data-skip-lazy title=\"\">\n           \n        <\/div>\n\n        \t<div class=\"bafg-slider-info-wraper\">\n\t\t<div style=\"\" class=\"slider-info-21841 bafg-slider-info\">\n\t\t\t\t\t<\/div>\n\t<\/div>\n\t\n        <style type=\"text\/css\">\n            \n        <\/style>\n        \n<ul>\n<li>A catraca de altura total \u00e9 frequentemente usada para solu\u00e7\u00f5es de controle de acesso de alta seguran\u00e7a.<\/li>\n<li>As portas da catraca s\u00e3o feitas de a\u00e7o inoxid\u00e1vel 304, que \u00e9 antiferrugem, robusto e r\u00edgido.<\/li>\n<li>O pre\u00e7o da catraca de altura total no Paquist\u00e3o \u00e9 ideal para ambientes internos e externos.<\/li>\n<li>Pode ser integrado com qualquer tipo de sistema controlador de acesso (ex.: dispositivo RFID, impress\u00e3o digital e dispositivo biom\u00e9trico).<\/li>\n<li data-spm-anchor-id=\"a2700.details.pronpeci14.i0.58226f8fLZmm5D\">A porta da catraca abrir\u00e1 automaticamente quando a energia estiver desligada. \u00c9 muito seguro, para atender aos requisitos de passagem de controle de inc\u00eandio.<\/li>\n<li>pre\u00e7o do torniquete de altura total no Paquist\u00e3o com a fun\u00e7\u00e3o anti-revers\u00e3o, p\u00e1ra a dire\u00e7\u00e3o invertida.<\/li>\n<li>O mecanismo est\u00e1 equipado com um dispositivo amortecedor hidr\u00e1ulico regulado automaticamente. Nenhum ru\u00eddo e impacto durante a execu\u00e7\u00e3o.<\/li>\n<li>Fun\u00e7\u00e3o de auto-restaura\u00e7\u00e3o, quando a energia estiver ligada, o sistema ser\u00e1 reiniciado automaticamente.<\/li>\n<li>O dispositivo de suporte duplo mant\u00e9m o port\u00e3o em equil\u00edbrio quando h\u00e1 uma for\u00e7a externa.<\/li>\n<li>Unidirecional ou bidirecional \u00e9 opcional.<\/li>\n<li>Confiabilidade do mecanismo: 5 milh\u00f5es, sem culpa<\/li>\n<li>Com luz indicadora LED.<\/li>\n<li>Pre\u00e7o acess\u00edvel de catraca de altura total no Paquist\u00e3o.<\/li>\n<li>Pode ser personalizado para atender \u00e0s diferentes necessidades de diferentes locais.<\/li>\n<li>O pequeno teclado incorporado na placa de controlo, com dispositivos program\u00e1veis para gerir o estado de funcionamento.<\/li>\n<\/ul>\n<p>Podemos fornecer toda a solu\u00e7\u00e3o de controle de acesso de seguran\u00e7a. Se voc\u00ea possui seu pr\u00f3prio sistema de controle de acesso, pode utilizar diretamente nossa catraca. Se voc\u00ea n\u00e3o tiver um, tamb\u00e9m fornecemos uma solu\u00e7\u00e3o completa de controle de acesso de seguran\u00e7a. Consulte o v\u00eddeo abaixo para obter detalhes.<br \/>\n<iframe title=\"Torniquete biom\u00e9trico de altura total, Torniquete de altura total com reconhecimento facial - MairsTurnstile\" src=\"https:\/\/www.youtube.com\/embed\/cy4ZzmrIfx0\" width=\"1150\" height=\"650\" frameborder=\"0\" allowfullscreen=\"allowfullscreen\"><span data-mce-type=\"bookmark\" style=\"display: inline-block; width: 0px; overflow: hidden; line-height: 0;\" class=\"mce_SELRES_start\"><\/span><\/iframe><\/p>\n","protected":false},"excerpt":{"rendered":"<p>1. Tamanho: 1400*1200*2230mm (pode ser personalizado)<\/p>\n<p>2. Largura da pista: 650 mm (pode ser personalizado)<\/p>\n<p>3. Velocidade de passagem: 30 pessoas\/min<\/p>\n<p>4. Fonte de alimenta\u00e7\u00e3o: 110V\/220V 50\/60Hz<\/p>\n<p>5. Solenoid: DC24V<\/p>\n<p>6. Entrada de port\u00e3o aberto: contato seco\/rel\u00e9<\/p>\n<p>7. Tens\u00e3o L\u00f3gica: DC24V<\/p>\n<p>8. Material da caixa: a\u00e7o inoxid\u00e1vel 304 ou a\u00e7o inoxid\u00e1vel 316<\/p>\n<p>9. O mecanismo vem com amortecedor hidr\u00e1ulico para absor\u00e7\u00e3o de choque<\/p>\n<p><strong><a title=\"Torniquete de altura total com certifica\u00e7\u00e3o CE Mairs\" href=\"http:\/\/mairsturnstile.com\/wp-content\/uploads\/2022\/09\/Mairs-CE-Certificate-Full-Height-Turnstile.pdf\" target=\"_blank\" rel=\"noopener noreferrer\">Certificado CE,<\/a> <a title=\"Certificado Mairs ISO9001\" href=\"http:\/\/mairsturnstile.com\/wp-content\/uploads\/2022\/09\/Mairs-Registration-Certificate-ISO9001.pdf\" target=\"_blank\" rel=\"noopener noreferrer\">Certificado ISO9001.<\/a><\/strong><\/p>\n<p><a title=\"Folheto de catraca de altura total\" href=\"http:\/\/mairsturnstile.com\/wp-content\/uploads\/2023\/12\/MT401-brochure.pdf\" target=\"_blank\" rel=\"noopener noreferrer\"><strong><img decoding=\"async\" class=\"alignnone size-full wp-image-11034\" src=\"http:\/\/mairsturnstile.com\/wp-content\/uploads\/2022\/09\/pdf-MairsTurnstile.png\" alt=\"\" width=\"32\" height=\"32\"><span style=\"color: #0000ff;\">Folheto do torniquete de altura total MT401<\/span><\/strong><\/a><\/p>\n<p><a title=\"Manual de instala\u00e7\u00e3o da catraca de altura total\" href=\"http:\/\/mairsturnstile.com\/wp-content\/uploads\/2023\/09\/Full-height-turnstile-installation-manual.pdf\" target=\"_blank\" rel=\"noopener noreferrer\"><img decoding=\"async\" class=\"alignnone size-full wp-image-11034\" src=\"http:\/\/mairsturnstile.com\/wp-content\/uploads\/2022\/09\/pdf-MairsTurnstile.png\" alt=\"\" width=\"32\" height=\"32\"><strong><span style=\"color: #0000ff;\"> Manual de instala\u00e7\u00e3o e usu\u00e1rio da catraca de altura total<\/span><\/strong><\/a><\/p>\n","protected":false},"featured_media":33973,"comment_status":"closed","ping_status":"closed","template":"","meta":{"neve_meta_sidebar":"","neve_meta_container":"","neve_meta_enable_content_width":"off","neve_meta_content_width":0,"neve_meta_title_alignment":"","neve_meta_author_avatar":"","neve_post_elements_order":"","neve_meta_disable_header":"","neve_meta_disable_footer":"","neve_meta_disable_title":"","_ti_tpc_template_sync":false,"_ti_tpc_template_id":""},"product_cat":[2014,2017],"product_tag":[2438,2439,2143,2437,2436],"class_list":["post-33972","product","type-product","status-publish","has-post-thumbnail","hentry","product_cat-torniquetes-de-altura-total","product_cat-torniquetes-de-seguranca","product_tag-catraca-portao-paquistao","product_tag-catraca-unica-de-altura-total","product_tag-catracas-de-altura-total","product_tag-preco-de-catraca-de-altura-total-no-paquistao","product_tag-torniquete-de-codigo-qr-pt"],"_links":{"self":[{"href":"https:\/\/mairsturnstile.com\/pt\/wp-json\/wp\/v2\/product\/33972","targetHints":{"allow":["GET"]}}],"collection":[{"href":"https:\/\/mairsturnstile.com\/pt\/wp-json\/wp\/v2\/product"}],"about":[{"href":"https:\/\/mairsturnstile.com\/pt\/wp-json\/wp\/v2\/types\/product"}],"replies":[{"embeddable":true,"href":"https:\/\/mairsturnstile.com\/pt\/wp-json\/wp\/v2\/comments?post=33972"}],"version-history":[{"count":0,"href":"https:\/\/mairsturnstile.com\/pt\/wp-json\/wp\/v2\/product\/33972\/revisions"}],"wp:featuredmedia":[{"embeddable":true,"href":"https:\/\/mairsturnstile.com\/pt\/wp-json\/wp\/v2\/media\/33973"}],"wp:attachment":[{"href":"https:\/\/mairsturnstile.com\/pt\/wp-json\/wp\/v2\/media?parent=33972"}],"wp:term":[{"taxonomy":"product_cat","embeddable":true,"href":"https:\/\/mairsturnstile.com\/pt\/wp-json\/wp\/v2\/product_cat?post=33972"},{"taxonomy":"product_tag","embeddable":true,"href":"https:\/\/mairsturnstile.com\/pt\/wp-json\/wp\/v2\/product_tag?post=33972"}],"curies":[{"name":"wp","href":"https:\/\/api.w.org\/{rel}","templated":true}]}}