{"id":34007,"date":"2020-09-13T17:57:27","date_gmt":"2020-09-13T09:57:27","guid":{"rendered":"https:\/\/mairsturnstile.com\/product\/catraca-tripe-com-sistema-de-contagem-de-pessoas-mt112"},"modified":"2020-09-13T17:57:27","modified_gmt":"2020-09-13T09:57:27","slug":"sistema-de-contagem-de-catracas","status":"publish","type":"product","link":"https:\/\/mairsturnstile.com\/pt\/product\/sistema-de-contagem-de-catracas","title":{"rendered":"CATRACA TRIP\u00c9 COM SISTEMA DE CONTAGEM DE PESSOAS MT112"},"content":{"rendered":"<p><iframe title=\"Sistema de contagem de catracas, contador de catracas, contador de catracas para venda - MairsTurnstile.com\" src=\"https:\/\/www.youtube.com\/embed\/gn75kppFoZs\" width=\"920\" height=\"517\" frameborder=\"0\" allowfullscreen=\"allowfullscreen\"><\/iframe><\/p>\n<h4>SISTEMA DE CONTAGEM DE CATRACA tem 2 anos de garantia e suporte dur\u00e1vel de manuten\u00e7\u00e3o e reparo.<\/h4>\n<p>Podemos fornecer servi\u00e7os OEM e ODM. Tamb\u00e9m fornecemos dispositivos biom\u00e9tricos, como leitores de cart\u00f5es IC\/ID, leitores de impress\u00e3o digital, leitores de c\u00f3digo QR, c\u00e2meras de reconhecimento facial e assim por diante.<\/p>\n<p><strong><b>o que \u00e9 o sistema de contagem de catracas?<\/b><\/strong><\/p>\n<p><strong><b>T<\/b><\/strong><strong><b>torniquete<\/b><\/strong><strong><b>\u00e9 uma parte do <a href=\"https:\/\/mairsturnstile.com\/turnstile-access-control-system.html\">sistema de controlo de acesso<\/a> por torniquete formado por<\/b><\/strong><strong><b>adicionando <\/b><\/strong><strong><b>a<\/b><\/strong><strong><b> <\/b><\/strong><strong><b>m\u00f3dulo de contagem <\/b><\/strong><strong><b>no torniquete para pe\u00f5es<\/b><\/strong><strong><b> port\u00e3o<\/b><\/strong><strong><b>, <\/b><\/strong><strong><b>que \u00e9 utilizado principalmente para contar o n\u00famero de pessoas que passam.<\/b><\/strong> Naturalmente, o sistema de contagem do torniquete inclui tamb\u00e9m um m\u00f3dulo de dete\u00e7\u00e3o de pe\u00f5es e um m\u00f3dulo de indica\u00e7\u00e3o LED. O m\u00f3dulo de contagem, m\u00f3dulo de detec\u00e7\u00e3o de pedestres e m\u00f3dulo de indica\u00e7\u00e3o de LED est\u00e3o embutidos na catraca, os resultados da contagem podem ser exibidos atrav\u00e9s da tela de LED, que tamb\u00e9m pode ser integrada na catraca. Atrav\u00e9s do m\u00f3dulo de contagem, o sistema de contagem da catraca pode zerar a contagem e definir o limite superior da contagem.<\/p>\n<p>A fun\u00e7\u00e3o de contagem da catraca pode ser realizada combinando a porta da catraca com o m\u00f3dulo de contagem. Os resultados da contagem podem ser exibidos diretamente na tela. Naturalmente, esta tela tamb\u00e9m pode ser integrada na catraca de pedestres. Nosso port\u00e3o de catraca pode facilmente realizar a fun\u00e7\u00e3o de contagem de pessoas. Tamb\u00e9m podemos personalizar port\u00f5es de catraca especiais com fun\u00e7\u00f5es de contagem de pessoas de acordo com suas necessidades reais.<\/p>\n<p>Sistema de contagem de catracas, que serve principalmente para registrar a quantidade de pessoas que passam, pois esta fun\u00e7\u00e3o \u00e9 exigida por muitos clientes, sendo tamb\u00e9m uma das fun\u00e7\u00f5es b\u00e1sicas da catraca.<\/p>\n<p>Todas as placas principais do port\u00e3o da catraca s\u00e3o fornecidas com uma fun\u00e7\u00e3o de contagem. Cada vez que receberem os sinais de abertura e fechamento, eles registrar\u00e3o o n\u00famero de vezes. No entanto, esta contagem s\u00f3 pode registrar o n\u00famero de port\u00f5es abertos e fechados, e n\u00e3o o n\u00famero de passes.<\/p>\n<p>Qual \u00e9 o princ\u00edpio do sistema de contagem de catracas?<\/p>\n<p>Princ\u00edpio do sistema de contagem de catracas. A maioria das placas principais de catracas possuem interfaces de contador. A catraca possui m\u00f3dulo de contagem embutido e m\u00f3dulo de detec\u00e7\u00e3o de pedestres para receber o sinal de abertura do port\u00e3o, atrav\u00e9s do m\u00f3dulo de detec\u00e7\u00e3o de pedestres (geralmente l\u00f3gica infravermelha), caso seja detectado que o pedestre passou, o resultado da contagem pode ser exibido atrav\u00e9s do Tela LED. Somente a detec\u00e7\u00e3o eficaz pode ser usada como o n\u00famero de passageiros, que \u00e9 preciso e eficaz.<\/p>\n<p>Como requisito funcional mais b\u00e1sico da catraca, muitos clientes procuram este sistema de contagem de catracas. Se precisar de comprar um torniquete com fun\u00e7\u00e3o de contagem de pessoas, por favor <a href=\"https:\/\/mairsturnstile.com\/contact\"><u>contacte-nos<\/u><\/a>clique no chat online no canto inferior esquerdo, ou adicione o c\u00f3digo QR \u00e0 direita para adicionar a minha aplica\u00e7\u00e3o.<\/p>\n<p>Basicamente, todos os nossos <a href=\"https:\/\/mairsturnstile.com\/types-of-turnstiles.html\"><u>tipos de torniquetes<\/u><\/a> podem realizar a fun\u00e7\u00e3o de contagem de pessoas. \u00c9 claro que tamb\u00e9m podemos personalizar o port\u00e3o do torniquete para atender a outros requisitos funcionais de acordo com as suas necessidades reais. Voc\u00ea s\u00f3 precisa fornecer informa\u00e7\u00f5es simples, como quais fun\u00e7\u00f5es voc\u00ea precisa implementar, quantos canais voc\u00ea precisa, contagem unidirecional ou bidirecional, etc. Nossa equipe de vendas profissional fornecer\u00e1 solu\u00e7\u00f5es adequadas de seguran\u00e7a de catraca.<\/p>\n<p>Gest\u00e3o eletr\u00f3nica do acesso \u00e0 entrada torniquete de trip\u00e9 de <a href=\"https:\/\/en.wikipedia.org\/wiki\/Stainless_steel\" target=\"_blank\" rel=\"noopener\">a\u00e7o inoxid\u00e1vel<\/a> pre\u00e7o port\u00e3o com a\u00e7o inoxid\u00e1vel de alta qualidade e tratamento de superf\u00edcie 400, este <a href=\"https:\/\/mairsturnstile.com\/category\/tripod-turnstile\">torniquete de trip\u00e9<\/a> est\u00e1 equipado com uma fechadura solenoide e o nosso pr\u00f3prio mecanismo concebido para proporcionar uma gest\u00e3o suave e autorizada do tr\u00e1fego pedestre.<\/p>\n<ul>\n<li>As catracas de trip\u00e9 biom\u00e9tricas s\u00e3o solu\u00e7\u00f5es de entrada compactas e econ\u00f4micas.<\/li>\n<li>A catraca de trip\u00e9 biom\u00e9trico possui caixa de a\u00e7o inoxid\u00e1vel 304 totalmente \u00e0 prova de chuva, que \u00e9 resistente \u00e0 ferrugem, s\u00f3lida e dur\u00e1vel.<\/li>\n<li>As catracas de trip\u00e9 podem ser montadas em locais internos e externos. A taxa de IP \u00e9 54<\/li>\n<li>Possui uma sa\u00edda de rel\u00e9 de padr\u00e3o internacional, que pode ser facilmente integrada com todos os tipos de sistemas de controle de acesso de terceiros (ou seja, RFID, impress\u00e3o digital, reconhecimento facial, c\u00f3digo de barras, term\u00f4metro infravermelho).<\/li>\n<li>A catraca trip\u00e9 \u00e9 semiautom\u00e1tica. Voc\u00ea precisar\u00e1 empurrar levemente o bra\u00e7o para abrir o port\u00e3o quando o acesso for concedido.<\/li>\n<li>O design razo\u00e1vel e o alto desempenho garantem que os port\u00f5es possam se mover com rapidez e precis\u00e3o, de forma est\u00e1vel e silenciosa; com baixo consumo de energia, conserva\u00e7\u00e3o de energia e prote\u00e7\u00e3o ambiental.<\/li>\n<li>Mecanismo de molde dur\u00e1vel, resistente \u00e0 corros\u00e3o e resistente para maior vida \u00fatil.<\/li>\n<li>O mecanismo \u00e9 concebido por molde. Todos os componentes s\u00e3o precisos. Faz com que o sistema de port\u00e3o funcione suavemente e com baixo ru\u00eddo. Um amortecedor hidr\u00e1ulico pode ser adicionado.<\/li>\n<li>O design do sistema de contagem de catraca trip\u00e9 faz com que apenas uma pessoa passe por vez.<\/li>\n<li>Unidirecional ou bidirecional \u00e9 uma op\u00e7\u00e3o.<\/li>\n<li>Luz indicadora direcional LED na parte superior.<\/li>\n<li>Melhor pre\u00e7o de catraca de trip\u00e9 nas Filipinas.<\/li>\n<li>Fun\u00e7\u00e3o de rel\u00f3gio autom\u00e1tico: caso seja recebido sinal de abertura, mas o visitante n\u00e3o passe pelo port\u00e3o em um hor\u00e1rio espec\u00edfico (padr\u00e3o 5s), o bra\u00e7o da catraca travar\u00e1 automaticamente.<\/li>\n<li>Quando a energia estiver desligada, os bra\u00e7os da catraca do trip\u00e9 cair\u00e3o automaticamente para permitir a passagem livre, o que est\u00e1 em conformidade com os requisitos de seguran\u00e7a contra inc\u00eandio.<\/li>\n<\/ul>\n<p>&nbsp;<\/p>\n","protected":false},"excerpt":{"rendered":"<p>1. Tamanho: 480*280*980 mm (pode ser personalizado)<\/p>\n<p>2. Largura da pista: 550 mm (pode ser personalizado)<\/p>\n<p>3. Velocidade de passagem: 35 pessoas\/min<\/p>\n<p>4. Fonte de alimenta\u00e7\u00e3o: 110V\/220V<\/p>\n<p>5. Peso: 60kg<\/p>\n<p>6. Entrada: Contato Seco<\/p>\n<p>7. Manga protetora de bra\u00e7o pode ser adicionada<\/p>\n<p>8. Mecanismo com amortecedor hidr\u00e1ulico para absor\u00e7\u00e3o de choque<\/p>\n<p>9. Material da caixa: a\u00e7o inoxid\u00e1vel 304<\/p>\n<p><strong><a title=\"Torniquete de trip\u00e9 com certifica\u00e7\u00e3o CE da Mairs\" href=\"http:\/\/mairsturnstile.com\/wp-content\/uploads\/2022\/09\/Mairs-CE-Certificate-Tripod-Turnstile.pdf\" target=\"_blank\" rel=\"noopener noreferrer\">Certificado CE,<\/a> <a title=\"Certificado Mairs ISO9001\" href=\"http:\/\/mairsturnstile.com\/wp-content\/uploads\/2022\/09\/Mairs-Registration-Certificate-ISO9001.pdf\" target=\"_blank\" rel=\"noopener noreferrer\">Certificado ISO9001.<\/a><\/strong><\/p>\n","protected":false},"featured_media":62313,"comment_status":"closed","ping_status":"closed","template":"","meta":{"neve_meta_sidebar":"","neve_meta_container":"","neve_meta_enable_content_width":"off","neve_meta_content_width":0,"neve_meta_title_alignment":"","neve_meta_author_avatar":"","neve_post_elements_order":"","neve_meta_disable_header":"","neve_meta_disable_footer":"","neve_meta_disable_title":"","_ti_tpc_template_sync":false,"_ti_tpc_template_id":""},"product_cat":[2021,2017],"product_tag":[2110,2446,2118,2447,2138],"class_list":["post-34007","product","type-product","status-publish","has-post-thumbnail","hentry","product_cat-torniquete-de-tripe","product_cat-torniquetes-de-seguranca","product_tag-catracas-de-seguranca","product_tag-controle-de-acesso-de-catraca","product_tag-portao-de-catraca-tripe","product_tag-sistema-de-contagem-de-catracas","product_tag-torniquete-de-tripe"],"_links":{"self":[{"href":"https:\/\/mairsturnstile.com\/pt\/wp-json\/wp\/v2\/product\/34007","targetHints":{"allow":["GET"]}}],"collection":[{"href":"https:\/\/mairsturnstile.com\/pt\/wp-json\/wp\/v2\/product"}],"about":[{"href":"https:\/\/mairsturnstile.com\/pt\/wp-json\/wp\/v2\/types\/product"}],"replies":[{"embeddable":true,"href":"https:\/\/mairsturnstile.com\/pt\/wp-json\/wp\/v2\/comments?post=34007"}],"version-history":[{"count":0,"href":"https:\/\/mairsturnstile.com\/pt\/wp-json\/wp\/v2\/product\/34007\/revisions"}],"wp:featuredmedia":[{"embeddable":true,"href":"https:\/\/mairsturnstile.com\/pt\/wp-json\/wp\/v2\/media\/62313"}],"wp:attachment":[{"href":"https:\/\/mairsturnstile.com\/pt\/wp-json\/wp\/v2\/media?parent=34007"}],"wp:term":[{"taxonomy":"product_cat","embeddable":true,"href":"https:\/\/mairsturnstile.com\/pt\/wp-json\/wp\/v2\/product_cat?post=34007"},{"taxonomy":"product_tag","embeddable":true,"href":"https:\/\/mairsturnstile.com\/pt\/wp-json\/wp\/v2\/product_tag?post=34007"}],"curies":[{"name":"wp","href":"https:\/\/api.w.org\/{rel}","templated":true}]}}