{"id":34009,"date":"2020-09-13T17:53:39","date_gmt":"2020-09-13T09:53:39","guid":{"rendered":"https:\/\/mairsturnstile.com\/product\/esd-torniquete-tripe-torniquete-de-controle-de-acesso-mt121-s"},"modified":"2023-10-31T17:43:29","modified_gmt":"2023-10-31T09:43:29","slug":"catraca-esd","status":"publish","type":"product","link":"https:\/\/mairsturnstile.com\/pt\/product\/catraca-esd","title":{"rendered":"Torniquete de controle de acesso de trip\u00e9 ESD Torniquete MT156-ESD"},"content":{"rendered":"        <!-- 3D Model html -->\r\n        <div class=\"bp_grand wrapper_36237\">   \r\n        <div class=\"bp_model_parent\">\r\n            <model-viewer class=\"model\" id=\"bp_model_id_36237\" src=\"http:\/\/mairsturnstile.com\/wp-content\/uploads\/2023\/10\/esd-turnstile.glb\" alt=\"esd turnstile\" camera-controls  loading=\"auto\" auto-rotate                        >\r\n            <\/model-viewer>\r\n        \r\n            <!-- Button -->\r\n            <svg id=\"openBtn\" width=\"30px\" height=\"30px\" viewBox=\"0 0 16 16\" xmlns=\"http:\/\/www.w3.org\/2000\/svg\" fill=\"#f2f2f2\" class=\"bi bi-arrows-fullscreen model-icon\">\r\n                <path fill-rule=\"evenodd\" d=\"M5.828 10.172a.5.5 0 0 0-.707 0l-4.096 4.096V11.5a.5.5 0 0 0-1 0v3.975a.5.5 0 0 0 .5.5H4.5a.5.5 0 0 0 0-1H1.732l4.096-4.096a.5.5 0 0 0 0-.707zm4.344 0a.5.5 0 0 1 .707 0l4.096 4.096V11.5a.5.5 0 1 1 1 0v3.975a.5.5 0 0 1-.5.5H11.5a.5.5 0 0 1 0-1h2.768l-4.096-4.096a.5.5 0 0 1 0-.707zm0-4.344a.5.5 0 0 0 .707 0l4.096-4.096V4.5a.5.5 0 1 0 1 0V.525a.5.5 0 0 0-.5-.5H11.5a.5.5 0 0 0 0 1h2.768l-4.096 4.096a.5.5 0 0 0 0 .707zm-4.344 0a.5.5 0 0 1-.707 0L1.025 1.732V4.5a.5.5 0 0 1-1 0V.525a.5.5 0 0 1 .5-.5H4.5a.5.5 0 0 1 0 1H1.732l4.096 4.096a.5.5 0 0 1 0 .707z\"\/>\r\n            <\/svg>\r\n        \r\n            <svg id=\"closeBtn\" class=\"model-icon\" width=\"34px\" height=\"34px\" viewBox=\"0 0 24 24\" xmlns=\"http:\/\/www.w3.org\/2000\/svg\">\r\n                <path fill=\"none\" stroke=\"#f2f2f2\" stroke-width=\"2\" d=\"M7,7 L17,17 M7,17 L17,7\"\/>\r\n            <\/svg>\r\n        \r\n        <\/div>\r\n        <\/div> \r\n\r\n        <!-- Model Viewer Style -->\r\n        <style>\r\n            \r\n            .wrapper_36237 .bp_model_parent, #bp_model_id_36237 {\r\n                width: 1150px;\r\n                max-width: 100%;\r\n                                            }\r\n            #bp_model_id_36237 {\r\n                height:700px;\r\n                background-color: #f9f9f9;\r\n            }\r\n            .fullscreen #bp_model_id_36237{\r\n            height: 100%;\r\n            width: 100%;\r\n            }\r\n            .wrapper_36237 .bp_model_parent{\r\n                justify-content: start            }\r\n            model-viewer.model {\r\n                --poster-color: transparent;\r\n            }\r\n        <\/style>\r\n        \r\n        \n<h2>ESD TURNSTILE TRIP\u00c9 CONTROLE DE ACESSO TURNSTILE tem 2 anos de garantia e suporte dur\u00e1vel de manuten\u00e7\u00e3o e reparo.<\/h2>\n<p><strong>Torniquete ESD \u00e9 um tipo de port\u00e3o de catraca que se integra a dispositivos de teste eletrost\u00e1tico humano (testador ESD, pulseira ESD, pulseira ESD, sapatos ESD) para realizar o gerenciamento de seguran\u00e7a do controle de acesso especial de pedestres.<\/strong> Claro, podemos integrar esses dispositivos de teste eletrost\u00e1tico humano em nossa catraca. Se precisar destes torniquetes ESD, <a href=\"https:\/\/mairsturnstile.com\/contact\" target=\"_blank\" rel=\"noopener\">contacte-nos<\/a><\/p>\n<p>Podemos fornecer servi\u00e7os OEM e ODM. Se quiser saber mais sobre as especifica\u00e7\u00f5es do torniquete ESD, consulte o nosso artigo <a href=\"https:\/\/mairsturnstile.com\/esd-turnstile-gate-system.html\" target=\"_blank\" rel=\"noopener\">Sistema de torniquete ESD<\/a>.<\/p>\n<p><strong>Todos os estilos de torniquetes <a href=\"https:\/\/mairsturnstile.com\/product\/tripod-security-gate\" target=\"_blank\" rel=\"noopener\">de trip\u00e9 e torniquetes<\/a> de <a href=\"https:\/\/mairsturnstile.com\/category\/flap-barrier-turnstile\" target=\"_blank\" rel=\"noopener\">barreira de aba podem<\/a> ser transformados em torniquetes ESD.<\/strong> Normalmente, a maioria dos clientes escolhe os torniquetes de trip\u00e9 e os torniquetes de barreira com pala. Naturalmente, alguns modelos de <a href=\"https:\/\/mairsturnstile.com\/category\/swing-turnstile-gate\" target=\"_blank\" rel=\"noopener\">torniquete de balan\u00e7o<\/a> e <a href=\"https:\/\/mairsturnstile.com\/category\/speed-gates\" target=\"_blank\" rel=\"noopener\">port\u00f5es de velocidade<\/a> tamb\u00e9m podem ser transformados em torniquete ESD. Se precisar de personalizar um torniquete com barreira basculante ESD, consulte a nossa <a href=\"https:\/\/mairsturnstile.com\/category\/flap-barrier-turnstile\" target=\"_blank\" rel=\"noopener\">p\u00e1gina de produtos com barreira bas<\/a>culante. Para os casos de projeto reais da catraca de barreira de aba ESD e da catraca de trip\u00e9 ESD, voc\u00ea pode ver as seguintes imagens de caso.<\/p>\n<p>Como fabricante profissional de port\u00f5es de catraca para controle de acesso de pedestres. Mairs oferece a melhor catraca de trip\u00e9 ESD a um pre\u00e7o acess\u00edvel.<br \/>\nTamb\u00e9m podemos criar uma renderiza\u00e7\u00e3o para voc\u00ea em poucos minutos com base no seu cen\u00e1rio real. Tamb\u00e9m fornecemos layouts e desenhos detalhados, bem como desenhos de instala\u00e7\u00e3o.<\/p>\n\n        \t\n\t<style type=\"text\/css\">\n\t\t.slider-info-36238.bafg-slider-info .bafg-slider-title {\n\t\t\t\t\t\tfont-size: 22px;\n\t\t\t\t\t\t\n\t\t\t\n\t\t\t\t\t}\n\n\t\t.slider-info-36238.bafg-slider-info .bafg-slider-description {\n\t\t\t\n\t\t\t\n\t\t\t\t\t}\n\n\t\t.slider-info-36238.bafg-slider-info .bafg_slider_readmore_button {\n\t\t\t\n\t\t\t\n\t\t\t\n\t\t\t\n\t\t\t\n\t\t\ttext-align: center;\n\n\t\t\t\n\t\t\t\n\t\t\t\n\t\t\t\n\t\t\t\n\t\t\t\n\t\t\t\t\t}\n\n\t\t.slider-info-36238.bafg-slider-info .bafg_slider_readmore_button:hover {\n\n\t\t\t\n\t\t\t\n\t\t\t\t\t}\n\n\t<\/style>\n\t\n        <div class=\"bafg-twentytwenty-container slider-36238 \" bafg-orientation=\"horizontal\" bafg-default-offset=\"0.5\" bafg-before-label=\"Before\" bafg-after-label=\"After\" bafg-overlay=\"yes\" bafg-move-slider-on-hover=\"yes\" bafg-click-to-move=\"no\">\n              \n            <img decoding=\"async\" class=\"skip-lazy\" src=\"http:\/\/mairsturnstile.com\/wp-content\/uploads\/2023\/10\/esd-turnstile-4.jpg\" alt=\"\" data-skip-lazy title=\"\">\n            <img decoding=\"async\" class=\"skip-lazy\" src=\"http:\/\/mairsturnstile.com\/wp-content\/uploads\/2023\/10\/esd-turnstile-5.jpg\" alt=\"\" data-skip-lazy title=\"\">\n           \n        <\/div>\n\n        \t<div class=\"bafg-slider-info-wraper\">\n\t\t<div style=\"\" class=\"slider-info-36238 bafg-slider-info\">\n\t\t\t\t\t<\/div>\n\t<\/div>\n\t\n        <style type=\"text\/css\">\n            \n        <\/style>\n        \n<p>A catraca trip\u00e9 oferece controle de acesso automatizado dissuasivo para locais com requisitos de uso intenso. Bem constru\u00eddo para maior durabilidade, ele controla com efici\u00eancia o alto rendimento. Uma vez que pode ser instalado dentro ou fora dos edif\u00edcios, permite o controle de abusos ocasionais do usu\u00e1rio. Este \u00e9 um equipamento simples, dur\u00e1vel e econ\u00f4mico.<\/p>\n<ul>\n<li>O torniquete ESD com torniquete de trip\u00e9 \u00e9 uma solu\u00e7\u00e3o de entrada compacta e econ\u00f3mica.<\/li>\n<li>O torniquete de trip\u00e9 ESD tem uma caixa <a href=\"https:\/\/en.wikipedia.org\/wiki\/Stainless_steel\" target=\"_blank\" rel=\"noopener\">de a\u00e7o inoxid\u00e1vel<\/a> 304 totalmente impermeabilizada, que \u00e9 resistente \u00e0 ferrugem, s\u00f3lida e dur\u00e1vel.<\/li>\n<li>As catracas de trip\u00e9 podem ser montadas em locais internos e externos. A taxa de IP \u00e9 54<\/li>\n<li>Possui uma sa\u00edda de rel\u00e9 de padr\u00e3o internacional, que pode ser facilmente integrada com todos os tipos de sistemas de controle de acesso de terceiros (ou seja, RFID, impress\u00e3o digital, reconhecimento facial, c\u00f3digo de barras, term\u00f4metro infravermelho).<\/li>\n<li>O port\u00e3o \u00e9 semiautom\u00e1tico. Voc\u00ea precisar\u00e1 empurrar levemente o bra\u00e7o para abrir o port\u00e3o quando o acesso for concedido.<\/li>\n<li>O design razo\u00e1vel e o alto desempenho garantem que os port\u00f5es possam se mover com rapidez e precis\u00e3o, de forma est\u00e1vel e silenciosa; com baixo consumo de energia, conserva\u00e7\u00e3o de energia e prote\u00e7\u00e3o ambiental.<\/li>\n<li>Mecanismo de molde dur\u00e1vel, resistente \u00e0 corros\u00e3o e resistente para maior vida \u00fatil<\/li>\n<li>O mecanismo \u00e9 concebido por molde. Todos os componentes s\u00e3o precisos. Faz com que o sistema de port\u00e3o funcione suavemente e com baixo ru\u00eddo. Um amortecedor hidr\u00e1ulico pode ser adicionado.<\/li>\n<li>O design da catraca trip\u00e9 faz com que apenas uma pessoa passe por vez.<\/li>\n<li>Unidirecional ou bidirecional \u00e9 uma op\u00e7\u00e3o.<\/li>\n<li>Luz indicadora direcional LED na parte superior.<\/li>\n<li>Fun\u00e7\u00e3o de rel\u00f3gio autom\u00e1tico: caso seja recebido sinal de abertura, mas o visitante n\u00e3o passe pelo port\u00e3o em um hor\u00e1rio espec\u00edfico (padr\u00e3o 5s), o bra\u00e7o da catraca travar\u00e1 automaticamente.<\/li>\n<li>Quando desligado, os bra\u00e7os da catraca do trip\u00e9 cair\u00e3o automaticamente para permitir a passagem livre, o que est\u00e1 em conformidade com os requisitos de seguran\u00e7a contra inc\u00eandio.<\/li>\n<\/ul>\n<p>Podemos fornecer toda a solu\u00e7\u00e3o de controle de acesso de seguran\u00e7a. Se voc\u00ea possui seu pr\u00f3prio sistema de controle de acesso, pode utilizar diretamente nossa catraca. Se voc\u00ea n\u00e3o tiver um, tamb\u00e9m fornecemos uma solu\u00e7\u00e3o completa de controle de acesso de seguran\u00e7a. Consulte o v\u00eddeo abaixo para obter detalhes.<\/p>\n","protected":false},"excerpt":{"rendered":"<p>1. Tamanho: 1400*280*980 mm (pode ser personalizado)<\/p>\n<p>2. Largura da pista: 550 mm (pode ser personalizado)<\/p>\n<p>3. Velocidade de passagem: 35 pessoas\/min<\/p>\n<p>4. Fonte de alimenta\u00e7\u00e3o: 110V\/220V 50\/60Hz<\/p>\n<p>5. Peso: 50kg<\/p>\n<p>6. Sinal de port\u00e3o aberto: contato seco\/rel\u00e9<\/p>\n<p>7. Placa de veda\u00e7\u00e3o lateral e placa inferior podem ser adicionadas<\/p>\n<p>8. Confiabilidade do mecanismo: 3 milh\u00f5es, sem culpa<\/p>\n<p>9. Modo de opera\u00e7\u00e3o: semiautom\u00e1tico<\/p>\n<p><strong><a title=\"Torniquete de trip\u00e9 com certifica\u00e7\u00e3o CE da Mairs\" href=\"http:\/\/mairsturnstile.com\/wp-content\/uploads\/2022\/09\/Mairs-CE-Certificate-Tripod-Turnstile.pdf\" target=\"_blank\" rel=\"noopener noreferrer\">Certificado CE,<\/a> <a title=\"Certificado Mairs ISO9001\" href=\"http:\/\/mairsturnstile.com\/wp-content\/uploads\/2022\/09\/Mairs-Registration-Certificate-ISO9001.pdf\" target=\"_blank\" rel=\"noopener noreferrer\">Certificado ISO9001.<\/a><\/strong><\/p>\n","protected":false},"featured_media":36233,"comment_status":"closed","ping_status":"closed","template":"","meta":{"neve_meta_sidebar":"","neve_meta_container":"","neve_meta_enable_content_width":"off","neve_meta_content_width":0,"neve_meta_title_alignment":"","neve_meta_author_avatar":"","neve_post_elements_order":"","neve_meta_disable_header":"","neve_meta_disable_footer":"","neve_meta_disable_title":"","_ti_tpc_template_sync":false,"_ti_tpc_template_id":""},"product_cat":[2021,2017],"product_tag":[2448,2453,2452,2449,2455,2454,2451,2450],"class_list":["post-34009","product","type-product","status-publish","has-post-thumbnail","hentry","product_cat-torniquete-de-tripe","product_cat-torniquetes-de-seguranca","product_tag-catraca-esd","product_tag-catracas-esd","product_tag-especificacoes-do-torniquete-do-esd","product_tag-portao-de-catraca-esd","product_tag-sistema-de-controle-de-acesso-de-catraca-esd","product_tag-sistema-de-controle-de-acesso-esd","product_tag-sistema-de-portao-de-catraca-esd","product_tag-torniquete-do-verificador-do-esd"],"_links":{"self":[{"href":"https:\/\/mairsturnstile.com\/pt\/wp-json\/wp\/v2\/product\/34009","targetHints":{"allow":["GET"]}}],"collection":[{"href":"https:\/\/mairsturnstile.com\/pt\/wp-json\/wp\/v2\/product"}],"about":[{"href":"https:\/\/mairsturnstile.com\/pt\/wp-json\/wp\/v2\/types\/product"}],"replies":[{"embeddable":true,"href":"https:\/\/mairsturnstile.com\/pt\/wp-json\/wp\/v2\/comments?post=34009"}],"version-history":[{"count":0,"href":"https:\/\/mairsturnstile.com\/pt\/wp-json\/wp\/v2\/product\/34009\/revisions"}],"wp:featuredmedia":[{"embeddable":true,"href":"https:\/\/mairsturnstile.com\/pt\/wp-json\/wp\/v2\/media\/36233"}],"wp:attachment":[{"href":"https:\/\/mairsturnstile.com\/pt\/wp-json\/wp\/v2\/media?parent=34009"}],"wp:term":[{"taxonomy":"product_cat","embeddable":true,"href":"https:\/\/mairsturnstile.com\/pt\/wp-json\/wp\/v2\/product_cat?post=34009"},{"taxonomy":"product_tag","embeddable":true,"href":"https:\/\/mairsturnstile.com\/pt\/wp-json\/wp\/v2\/product_tag?post=34009"}],"curies":[{"name":"wp","href":"https:\/\/api.w.org\/{rel}","templated":true}]}}