{"id":34025,"date":"2020-09-13T17:52:29","date_gmt":"2020-09-13T09:52:29","guid":{"rendered":"https:\/\/mairsturnstile.com\/product\/melhor-portao-de-catraca-de-tripe-rfid-mt115"},"modified":"2023-10-31T16:52:29","modified_gmt":"2023-10-31T08:52:29","slug":"catraca-rfid","status":"publish","type":"product","link":"https:\/\/mairsturnstile.com\/pt\/product\/catraca-rfid","title":{"rendered":"MELHOR PORT\u00c3O DE CATRACA DE TRIP\u00c9 RFID MT115"},"content":{"rendered":"        <!-- 3D Model html -->\r\n        <div class=\"bp_grand wrapper_20740\">   \r\n        <div class=\"bp_model_parent\">\r\n            <model-viewer class=\"model\" id=\"bp_model_id_20740\" src=\"http:\/\/mairsturnstile.com\/wp-content\/uploads\/2023\/07\/MT155.glb\" alt=\"MT155\" camera-controls  loading=\"auto\" auto-rotate                        >\r\n            <\/model-viewer>\r\n        \r\n            <!-- Button -->\r\n            <svg id=\"openBtn\" width=\"30px\" height=\"30px\" viewBox=\"0 0 16 16\" xmlns=\"http:\/\/www.w3.org\/2000\/svg\" fill=\"#f2f2f2\" class=\"bi bi-arrows-fullscreen model-icon\">\r\n                <path fill-rule=\"evenodd\" d=\"M5.828 10.172a.5.5 0 0 0-.707 0l-4.096 4.096V11.5a.5.5 0 0 0-1 0v3.975a.5.5 0 0 0 .5.5H4.5a.5.5 0 0 0 0-1H1.732l4.096-4.096a.5.5 0 0 0 0-.707zm4.344 0a.5.5 0 0 1 .707 0l4.096 4.096V11.5a.5.5 0 1 1 1 0v3.975a.5.5 0 0 1-.5.5H11.5a.5.5 0 0 1 0-1h2.768l-4.096-4.096a.5.5 0 0 1 0-.707zm0-4.344a.5.5 0 0 0 .707 0l4.096-4.096V4.5a.5.5 0 1 0 1 0V.525a.5.5 0 0 0-.5-.5H11.5a.5.5 0 0 0 0 1h2.768l-4.096 4.096a.5.5 0 0 0 0 .707zm-4.344 0a.5.5 0 0 1-.707 0L1.025 1.732V4.5a.5.5 0 0 1-1 0V.525a.5.5 0 0 1 .5-.5H4.5a.5.5 0 0 1 0 1H1.732l4.096 4.096a.5.5 0 0 1 0 .707z\"\/>\r\n            <\/svg>\r\n        \r\n            <svg id=\"closeBtn\" class=\"model-icon\" width=\"34px\" height=\"34px\" viewBox=\"0 0 24 24\" xmlns=\"http:\/\/www.w3.org\/2000\/svg\">\r\n                <path fill=\"none\" stroke=\"#f2f2f2\" stroke-width=\"2\" d=\"M7,7 L17,17 M7,17 L17,7\"\/>\r\n            <\/svg>\r\n        \r\n        <\/div>\r\n        <\/div> \r\n\r\n        <!-- Model Viewer Style -->\r\n        <style>\r\n            \r\n            .wrapper_20740 .bp_model_parent, #bp_model_id_20740 {\r\n                width: 1150px;\r\n                max-width: 100%;\r\n                                            }\r\n            #bp_model_id_20740 {\r\n                height:700px;\r\n                background-color: #f2f2f2;\r\n            }\r\n            .fullscreen #bp_model_id_20740{\r\n            height: 100%;\r\n            width: 100%;\r\n            }\r\n            .wrapper_20740 .bp_model_parent{\r\n                justify-content: start            }\r\n            model-viewer.model {\r\n                --poster-color: transparent;\r\n            }\r\n        <\/style>\r\n        \r\n        \n<h2>Torniquete RFID Trip\u00e9 Torniquete tem 2 anos de garantia e suporte dur\u00e1vel de manuten\u00e7\u00e3o e reparo.<\/h2>\n<p><strong>A catraca RFID \u00e9 uma esp\u00e9cie de catraca que se integra a um leitor de cart\u00e3o RFID para atender aos requisitos de gerenciamento de controle de acesso de pedestres.<\/strong> Claro, podemos integrar esses leitores de cart\u00e3o RFID em nossa catraca com uma interface de comunica\u00e7\u00e3o TCP\/IP. Tamb\u00e9m fornecemos dispositivos biom\u00e9tricos, como leitores de cart\u00f5es IC\/ID, leitores de impress\u00e3o digital, leitores de c\u00f3digo QR, c\u00e2meras de reconhecimento facial e assim por diante. Se precisar de integrar estes dispositivos no port\u00e3o do torniquete ou se tiver alguma d\u00favida, se precisar destes torniquetes RFID, <a href=\"https:\/\/mairsturnstile.com\/contact\">contacte-nos<\/a><\/p>\n<p>Podemos fornecer servi\u00e7os OEM e ODM. Temos designers experientes que podem realizar uma personaliza\u00e7\u00e3o profunda de acordo com qualquer uma de suas necessidades. Forneceremos uma s\u00e9rie de materiais, como renderiza\u00e7\u00f5es 3D, desenhos dimensionais, etc. Basicamente, todos os nossos produtos de catraca podem ser integrados com leitores de cart\u00e3o RFID, e tamb\u00e9m podemos personalizar a catraca RFID de acordo com suas necessidades. Turnstile gate product integrated with an RFID card reader is the most common and widely used technology.<\/p>\n<p>Se voc\u00ea precisar comprar esse produto RFID, entre em contato conosco ou clique diretamente no bot\u00e3o de bate-papo online no canto inferior esquerdo para falar diretamente conosco. Nosso atendimento ao cliente geralmente \u00e9 online. Caso contr\u00e1rio, responderemos \u00e0 sua mensagem o mais breve poss\u00edvel.<\/p>\n<p>Basta nos informar quais s\u00e3o as suas necessidades, como onde utilizar a catraca, qual a largura da passagem, quais fun\u00e7\u00f5es implementar e se existem outras necessidades especiais, esses requisitos b\u00e1sicos precisam ser comunicados claramente antes da compra. Nossos especialistas em vendas apresentar\u00e3o uma solu\u00e7\u00e3o satisfat\u00f3ria de acordo com sua necessidade. \u00c9 nossa responsabilidade e motiva\u00e7\u00e3o deix\u00e1-lo satisfeito.<\/p>\n<p>Nossas catracas para pedestres tamb\u00e9m s\u00e3o muito populares nas Filipinas. V\u00e1rios de nossos clientes nas Filipinas personalizaram esta catraca. Se voc\u00ea deseja comprar esta catraca RFID Filipinas, n\u00e3o hesite em nos contatar.<\/p>\n<p><a href=\"https:\/\/mairsturnstile.com\/category\/tripod-turnstile\">O torniquete de trip\u00e9<\/a> oferece um m\u00e9todo fi\u00e1vel e eficiente para garantir que apenas os utilizadores autorizados t\u00eam acesso a cada \u00e1rea de um edif\u00edcio. Estes port\u00f5es de seguran\u00e7a com torniquete de trip\u00e9 <a href=\"https:\/\/en.wikipedia.org\/wiki\/Access_control\" target=\"_blank\" rel=\"noopener\">de controlo de acesso<\/a> s\u00e3o de elevada efici\u00eancia e f\u00e1ceis de manusear em tr\u00e1fego intenso e condi\u00e7\u00f5es terr\u00edveis. Mairs oferece a melhor catraca com trip\u00e9 RFID para venda a um pre\u00e7o acess\u00edvel.<\/p>\n<p>Tamb\u00e9m podemos criar uma renderiza\u00e7\u00e3o para voc\u00ea em poucos minutos com base no seu cen\u00e1rio real. Tamb\u00e9m fornecemos layout e desenhos detalhados, bem como desenhos de instala\u00e7\u00e3o.<\/p>\n\n        \t\n\t<style type=\"text\/css\">\n\t\t.slider-info-20743.bafg-slider-info .bafg-slider-title {\n\t\t\t\t\t\tfont-size: 22px;\n\t\t\t\t\t\t\n\t\t\t\n\t\t\t\t\t}\n\n\t\t.slider-info-20743.bafg-slider-info .bafg-slider-description {\n\t\t\t\n\t\t\t\n\t\t\t\t\t}\n\n\t\t.slider-info-20743.bafg-slider-info .bafg_slider_readmore_button {\n\t\t\t\n\t\t\t\n\t\t\t\n\t\t\t\n\t\t\t\n\t\t\ttext-align: center;\n\n\t\t\t\n\t\t\t\n\t\t\t\n\t\t\t\n\t\t\t\n\t\t\t\n\t\t\t\t\t}\n\n\t\t.slider-info-20743.bafg-slider-info .bafg_slider_readmore_button:hover {\n\n\t\t\t\n\t\t\t\n\t\t\t\t\t}\n\n\t<\/style>\n\t\n        <div class=\"bafg-twentytwenty-container slider-20743 \" bafg-orientation=\"horizontal\" bafg-default-offset=\"0.5\" bafg-before-label=\"Before\" bafg-after-label=\"After\" bafg-overlay=\"yes\" bafg-move-slider-on-hover=\"yes\" bafg-click-to-move=\"no\">\n              \n            <img decoding=\"async\" class=\"skip-lazy\" src=\"http:\/\/mairsturnstile.com\/wp-content\/uploads\/2023\/06\/rfid-turnstile_4.jpg\" alt=\"\" data-skip-lazy title=\"\">\n            <img decoding=\"async\" class=\"skip-lazy\" src=\"http:\/\/mairsturnstile.com\/wp-content\/uploads\/2023\/06\/rfid-turnstile_5.jpg\" alt=\"\" data-skip-lazy title=\"\">\n           \n        <\/div>\n\n        \t<div class=\"bafg-slider-info-wraper\">\n\t\t<div style=\"\" class=\"slider-info-20743 bafg-slider-info\">\n\t\t\t\t\t<\/div>\n\t<\/div>\n\t\n        <style type=\"text\/css\">\n            \n        <\/style>\n        \n<ul>\n<li>A porta catraca com trip\u00e9 RFID \u00e9 uma solu\u00e7\u00e3o de entrada compacta e econ\u00f4mica.<\/li>\n<li>A porta da catraca com trip\u00e9 RFID para controle de acesso possui uma caixa de a\u00e7o inoxid\u00e1vel 304 totalmente \u00e0 prova de chuva, que \u00e9 resistente \u00e0 ferrugem, s\u00f3lida e dur\u00e1vel.<\/li>\n<li>As catracas de trip\u00e9 RFID podem ser montadas em locais internos e externos. A taxa de IP \u00e9 54.<\/li>\n<li>Possui uma sa\u00edda de rel\u00e9 de padr\u00e3o internacional, que pode ser facilmente integrada com todos os tipos de sistemas de controle de acesso de terceiros (ou seja, RFID, impress\u00e3o digital, reconhecimento facial, c\u00f3digo de barras, term\u00f4metro infravermelho).<\/li>\n<li>A catraca RFID \u00e9 semiautom\u00e1tica. Voc\u00ea precisar\u00e1 empurrar levemente o bra\u00e7o para abrir o port\u00e3o quando o acesso for concedido.<\/li>\n<li>O design razo\u00e1vel e o alto desempenho garantem que os port\u00f5es possam se mover com rapidez e precis\u00e3o, de forma est\u00e1vel e silenciosa; com baixo consumo de energia, conserva\u00e7\u00e3o de energia e prote\u00e7\u00e3o ambiental.<\/li>\n<li>Mecanismo de molde dur\u00e1vel, resistente \u00e0 corros\u00e3o e resistente para maior vida \u00fatil<\/li>\n<li>O mecanismo \u00e9 concebido por molde. Todos os componentes s\u00e3o precisos. Faz com que o sistema de port\u00e3o funcione suavemente e com baixo ru\u00eddo. Um amortecedor hidr\u00e1ulico pode ser adicionado.<\/li>\n<li>O design da catraca trip\u00e9 faz com que apenas uma pessoa passe por vez.<\/li>\n<li>Unidirecional ou bidirecional \u00e9 uma op\u00e7\u00e3o.<\/li>\n<li>Pre\u00e7o da catraca do trip\u00e9 na \u00cdndia.<\/li>\n<li>Luz indicadora direcional LED na parte superior.<\/li>\n<li>Fun\u00e7\u00e3o de rel\u00f3gio autom\u00e1tico: caso seja recebido sinal de abertura, mas o visitante n\u00e3o passe pelo port\u00e3o em um hor\u00e1rio espec\u00edfico (padr\u00e3o 5s), o bra\u00e7o da catraca travar\u00e1 automaticamente.<\/li>\n<li>Quando a energia estiver desligada, os bra\u00e7os da catraca do trip\u00e9 cair\u00e3o automaticamente para permitir a passagem livre, o que est\u00e1 em conformidade com os requisitos de seguran\u00e7a contra inc\u00eandio<\/li>\n<\/ul>\n<p>Podemos fornecer toda a solu\u00e7\u00e3o de controle de acesso de seguran\u00e7a. Se voc\u00ea possui seu pr\u00f3prio sistema de controle de acesso, pode utilizar diretamente nossa catraca. Se voc\u00ea n\u00e3o tiver um, tamb\u00e9m fornecemos uma solu\u00e7\u00e3o completa de controle de acesso de seguran\u00e7a. Consulte o v\u00eddeo abaixo para obter detalhes.<\/p>\n<p><iframe title=\"Port\u00f5es de seguran\u00e7a de trip\u00e9, Port\u00e3o de catraca de trip\u00e9, Torniquetes de trip\u00e9 - MairsTurnstile\" src=\"https:\/\/www.youtube.com\/embed\/XZxBoOfEqvE\" width=\"1150\" height=\"650\" frameborder=\"0\" allowfullscreen=\"allowfullscreen\"><\/iframe><\/p>\n","protected":false},"excerpt":{"rendered":"<p>1. Tamanho: 480*280*980 mm (pode ser personalizado)<\/p>\n<p>2. Largura da pista: 550 mm (pode ser personalizado)<\/p>\n<p>3. Velocidade de passagem: 35 pessoas\/min<\/p>\n<p>4. Fonte de alimenta\u00e7\u00e3o: 110V\/220V 50\/60Hz<\/p>\n<p>5. Peso: 45kg<\/p>\n<p>6. Entrada: Contato Seco<\/p>\n<p>7. Solen\u00f3ide de 24 V<\/p>\n<p>8. Material da caixa: a\u00e7o inoxid\u00e1vel 304<\/p>\n<p>10. Modo de opera\u00e7\u00e3o: semiautom\u00e1tico<\/p>\n<p><strong><a title=\"Torniquete de trip\u00e9 com certifica\u00e7\u00e3o CE da Mairs\" href=\"http:\/\/mairsturnstile.com\/wp-content\/uploads\/2022\/09\/Mairs-CE-Certificate-Tripod-Turnstile.pdf\" target=\"_blank\" rel=\"noopener noreferrer\">Certificado CE,<\/a> <a title=\"Certificado Mairs ISO9001\" href=\"http:\/\/mairsturnstile.com\/wp-content\/uploads\/2022\/09\/Mairs-Registration-Certificate-ISO9001.pdf\" target=\"_blank\" rel=\"noopener noreferrer\">Certificado ISO9001.<\/a><\/strong><\/p>\n","protected":false},"featured_media":59315,"comment_status":"closed","ping_status":"closed","template":"","meta":{"neve_meta_sidebar":"","neve_meta_container":"","neve_meta_enable_content_width":"off","neve_meta_content_width":0,"neve_meta_title_alignment":"","neve_meta_author_avatar":"","neve_post_elements_order":"","neve_meta_disable_header":"","neve_meta_disable_footer":"","neve_meta_disable_title":"","_ti_tpc_template_sync":false,"_ti_tpc_template_id":""},"product_cat":[2021,2017],"product_tag":[2456,2446,2457,2118,2138],"class_list":["post-34025","product","type-product","status-publish","has-post-thumbnail","hentry","product_cat-torniquete-de-tripe","product_cat-torniquetes-de-seguranca","product_tag-catraca-rfid","product_tag-controle-de-acesso-de-catraca","product_tag-portao-de-catraca-rfid","product_tag-portao-de-catraca-tripe","product_tag-torniquete-de-tripe"],"_links":{"self":[{"href":"https:\/\/mairsturnstile.com\/pt\/wp-json\/wp\/v2\/product\/34025","targetHints":{"allow":["GET"]}}],"collection":[{"href":"https:\/\/mairsturnstile.com\/pt\/wp-json\/wp\/v2\/product"}],"about":[{"href":"https:\/\/mairsturnstile.com\/pt\/wp-json\/wp\/v2\/types\/product"}],"replies":[{"embeddable":true,"href":"https:\/\/mairsturnstile.com\/pt\/wp-json\/wp\/v2\/comments?post=34025"}],"version-history":[{"count":0,"href":"https:\/\/mairsturnstile.com\/pt\/wp-json\/wp\/v2\/product\/34025\/revisions"}],"wp:featuredmedia":[{"embeddable":true,"href":"https:\/\/mairsturnstile.com\/pt\/wp-json\/wp\/v2\/media\/59315"}],"wp:attachment":[{"href":"https:\/\/mairsturnstile.com\/pt\/wp-json\/wp\/v2\/media?parent=34025"}],"wp:term":[{"taxonomy":"product_cat","embeddable":true,"href":"https:\/\/mairsturnstile.com\/pt\/wp-json\/wp\/v2\/product_cat?post=34025"},{"taxonomy":"product_tag","embeddable":true,"href":"https:\/\/mairsturnstile.com\/pt\/wp-json\/wp\/v2\/product_tag?post=34025"}],"curies":[{"name":"wp","href":"https:\/\/api.w.org\/{rel}","templated":true}]}}